{"id":1225,"date":"2025-02-20T11:28:16","date_gmt":"2025-02-20T10:28:16","guid":{"rendered":"https:\/\/www.szexshopbelvaros.com\/?page_id=1225"},"modified":"2025-09-05T17:59:12","modified_gmt":"2025-09-05T15:59:12","slug":"impresszum","status":"publish","type":"page","link":"https:\/\/www.szexshopbelvaros.com\/en\/impresszum\/","title":{"rendered":"Imprint"},"content":{"rendered":"<section class=\"section\" id=\"section_299548919\">\n\t\t<div class=\"section-bg fill\" >\n\t\t\t\t\t\t\t\t\t\n\t\t\t\n\n\t\t<\/div>\n\n\t\t\n\n\t\t<div class=\"section-content relative\">\n\t\t\t\n<div class=\"row\"  id=\"row-1652203839\">\n\n\t<div id=\"col-522232949\" class=\"col small-12 large-12\"  >\n\t\t\t\t<div class=\"col-inner\"  >\n\t\t\t\n\t\t\t\n<h1 style=\"text-align: center;\">IMPRINT<\/h1>\n\t\t<\/div>\n\t\t\t\t\t<\/div>\n\n\t\n<\/div>\n<div class=\"row row-full-width align-equal\"  id=\"row-1940068606\">\n\n\t<div id=\"col-1766439833\" class=\"col medium-6 small-12 large-6\"  >\n\t\t\t\t<div class=\"col-inner box-shadow-3 box-shadow-5-hover\"  >\n\t\t\t\n\t\t\t\n<div class=\"flex_column av-yiqjvs-17b0333e8f5792abb82e34e60b1db0f3 av_one_half avia-builder-el-4 el_before_av_one_half avia-builder-el-first first flex_column_div av-zero-column-padding\">\n<section class=\"av_textblock_section\">\n<div class=\"avia_textblock\">\n<table dir=\"ltr\" border=\"1\" cellspacing=\"0\" cellpadding=\"0\">\n<colgroup>\n<col width=\"155\" \/>\n<col width=\"318\" \/><\/colgroup>\n<tbody>\n<tr>\n<td data-sheets-value=\"{\">COMPANY NAME<\/td>\n<td data-sheets-value=\"{\">Szex shop Belvaros \u2014 Operated by Valerius Melinda Emese<\/td>\n<\/tr>\n<tr>\n<td data-sheets-value=\"{\">SEAT<\/td>\n<td data-sheets-value=\"{\">Hungary, 7985 Kisdobsza, Hunyadi Street 15.<\/td>\n<\/tr>\n<tr>\n<td data-sheets-value=\"{\">PHONE<\/td>\n<td data-sheets-value=\"{\">+36 20 958 7870<\/td>\n<\/tr>\n<tr>\n<td data-sheets-value=\"{\">E-MAIL<\/td>\n<td data-sheets-value=\"{\">info@szexshopbelvaros.com<\/td>\n<\/tr>\n<tr>\n<td data-sheets-value=\"{\">COMPANY REGISTRATION NUMBER<\/td>\n<td data-sheets-value=\"{\">59936369<\/td>\n<\/tr>\n<tr>\n<td data-sheets-value=\"{\">TAX NUMBER<\/td>\n<td data-sheets-value=\"{\">90640753-1-22<\/td>\n<\/tr>\n<tr>\n<td data-sheets-value=\"{\">WEBSITE<\/td>\n<td data-sheets-value=\"{\" data-sheets-hyperlink=\"https:\/\/gaborwebstudio.hu\/\">szexshopbelvaros.com.<\/td>\n<\/tr>\n<\/tbody>\n<\/table>\n<\/div>\n<\/section>\n<\/div>\n\t\t<\/div>\n\t\t\t\t\n<style>\n#col-1766439833 > .col-inner {\n  padding: 10px 10px 10px 10px;\n  border-radius: 10px;\n}\n<\/style>\n\t<\/div>\n\n\t\n\n\t<div id=\"col-1472163140\" class=\"col medium-6 small-12 large-6\"  >\n\t\t\t\t<div class=\"col-inner text-left box-shadow-3 box-shadow-5-hover\"  >\n\t\t\t\n\t\t\t\n<h2>Hosting provider<\/h2>\n<p><strong>Websupport Ltd.<\/strong><\/p>\n<p>Name \/ company name: Websupport Hungary Ltd.<br \/>\nHeadquarters: 1119 Budapest, Feh\u00e9rv\u00e1ri Street 97-99.<br \/>\nPhone: +36 22 78 76 74<br \/>\nEmail: support@websupport.hu<\/p>\n\t\t<\/div>\n\t\t\t\t\n<style>\n#col-1472163140 > .col-inner {\n  padding: 10px 10px 10px 10px;\n  border-radius: 10px;\n}\n<\/style>\n\t<\/div>\n\n\t\n<\/div>\n\t\t<\/div>\n\n\t\t\n<style>\n#section_299548919 {\n  padding-top: 30px;\n  padding-bottom: 30px;\n}\n<\/style>\n\t<\/section>","protected":false},"excerpt":{"rendered":"","protected":false},"author":3,"featured_media":0,"parent":0,"menu_order":0,"comment_status":"closed","ping_status":"closed","template":"","meta":{"footnotes":""},"class_list":["post-1225","page","type-page","status-publish","hentry"],"yoast_head":"<!-- This site is optimized with the Yoast SEO plugin v27.4 - https:\/\/yoast.com\/product\/yoast-seo-wordpress\/ -->\n<title>Impresszum - Szexshop Belvaros<\/title>\n<meta name=\"robots\" content=\"index, follow, max-snippet:-1, max-image-preview:large, max-video-preview:-1\" \/>\n<link rel=\"canonical\" href=\"https:\/\/www.szexshopbelvaros.com\/en\/impresszum\/\" \/>\n<meta property=\"og:locale\" content=\"en_US\" \/>\n<meta property=\"og:type\" content=\"article\" \/>\n<meta property=\"og:title\" content=\"Impresszum - Szexshop Belvaros\" \/>\n<meta property=\"og:url\" content=\"https:\/\/www.szexshopbelvaros.com\/en\/impresszum\/\" \/>\n<meta property=\"og:site_name\" content=\"Szexshop Belvaros\" \/>\n<meta property=\"article:publisher\" content=\"https:\/\/www.facebook.com\/belvarossecrets\/\" \/>\n<meta property=\"article:modified_time\" content=\"2025-09-05T15:59:12+00:00\" \/>\n<meta name=\"twitter:card\" content=\"summary_large_image\" \/>\n<meta name=\"twitter:site\" content=\"@belvarossecrets\" \/>\n<meta name=\"twitter:label1\" content=\"Est. reading time\" \/>\n\t<meta name=\"twitter:data1\" content=\"1 minute\" \/>\n<script type=\"application\/ld+json\" class=\"yoast-schema-graph\">{\"@context\":\"https:\\\/\\\/schema.org\",\"@graph\":[{\"@type\":\"WebPage\",\"@id\":\"https:\\\/\\\/www.szexshopbelvaros.com\\\/impresszum\\\/\",\"url\":\"https:\\\/\\\/www.szexshopbelvaros.com\\\/impresszum\\\/\",\"name\":\"Impresszum - Szexshop Belvaros\",\"isPartOf\":{\"@id\":\"https:\\\/\\\/www.szexshopbelvaros.com\\\/#website\"},\"datePublished\":\"2025-02-20T10:28:16+00:00\",\"dateModified\":\"2025-09-05T15:59:12+00:00\",\"breadcrumb\":{\"@id\":\"https:\\\/\\\/www.szexshopbelvaros.com\\\/impresszum\\\/#breadcrumb\"},\"inLanguage\":\"en-US\",\"potentialAction\":[{\"@type\":\"ReadAction\",\"target\":[\"https:\\\/\\\/www.szexshopbelvaros.com\\\/impresszum\\\/\"]}]},{\"@type\":\"BreadcrumbList\",\"@id\":\"https:\\\/\\\/www.szexshopbelvaros.com\\\/impresszum\\\/#breadcrumb\",\"itemListElement\":[{\"@type\":\"ListItem\",\"position\":1,\"name\":\"Home\",\"item\":\"https:\\\/\\\/www.szexshopbelvaros.com\\\/\"},{\"@type\":\"ListItem\",\"position\":2,\"name\":\"Impresszum\"}]},{\"@type\":\"WebSite\",\"@id\":\"https:\\\/\\\/www.szexshopbelvaros.com\\\/#website\",\"url\":\"https:\\\/\\\/www.szexshopbelvaros.com\\\/\",\"name\":\"Szexshop Belv\u00e1ros\",\"description\":\"\ud83d\udd25 A szex olyan, mint a p\u00e9nz; csak a t\u00fal sok el\u00e9g!\u2122 Titkok a belv\u00e1rosb\u00f3l \ud83d\udc8b | Secrets from Budapest \ud83d\udc8e Feln\u0151tt j\u00e1t\u00e9kok \u2022 Erotika \u2022 Szexshop Belvaros\",\"publisher\":{\"@id\":\"https:\\\/\\\/www.szexshopbelvaros.com\\\/#organization\"},\"potentialAction\":[{\"@type\":\"SearchAction\",\"target\":{\"@type\":\"EntryPoint\",\"urlTemplate\":\"https:\\\/\\\/www.szexshopbelvaros.com\\\/?s={search_term_string}\"},\"query-input\":{\"@type\":\"PropertyValueSpecification\",\"valueRequired\":true,\"valueName\":\"search_term_string\"}}],\"inLanguage\":\"en-US\"},{\"@type\":\"Organization\",\"@id\":\"https:\\\/\\\/www.szexshopbelvaros.com\\\/#organization\",\"name\":\"Szexshop Belv\u00e1ros\",\"alternateName\":\"szexshopbelvaros.com\",\"url\":\"https:\\\/\\\/www.szexshopbelvaros.com\\\/\",\"logo\":{\"@type\":\"ImageObject\",\"inLanguage\":\"en-US\",\"@id\":\"https:\\\/\\\/www.szexshopbelvaros.com\\\/#\\\/schema\\\/logo\\\/image\\\/\",\"url\":\"https:\\\/\\\/www.szexshopbelvaros.com\\\/wp-content\\\/uploads\\\/2025\\\/09\\\/1Szexshopbelvaroslogo_blurred_stronger.jpg\",\"contentUrl\":\"https:\\\/\\\/www.szexshopbelvaros.com\\\/wp-content\\\/uploads\\\/2025\\\/09\\\/1Szexshopbelvaroslogo_blurred_stronger.jpg\",\"width\":1024,\"height\":1024,\"caption\":\"Szexshop Belv\u00e1ros\"},\"image\":{\"@id\":\"https:\\\/\\\/www.szexshopbelvaros.com\\\/#\\\/schema\\\/logo\\\/image\\\/\"},\"sameAs\":[\"https:\\\/\\\/www.facebook.com\\\/belvarossecrets\\\/\",\"https:\\\/\\\/x.com\\\/belvarossecrets\",\"https:\\\/\\\/www.instagram.com\\\/belvarossecrets\\\/\",\"https:\\\/\\\/www.tiktok.com\\\/@belvarossecrets\"]}]}<\/script>\n<!-- \/ Yoast SEO plugin. -->","yoast_head_json":{"title":"Imprint - Sex shop Belvaros","robots":{"index":"index","follow":"follow","max-snippet":"max-snippet:-1","max-image-preview":"max-image-preview:large","max-video-preview":"max-video-preview:-1"},"canonical":"https:\/\/www.szexshopbelvaros.com\/en\/impresszum\/","og_locale":"en_US","og_type":"article","og_title":"Impresszum - Szexshop Belvaros","og_url":"https:\/\/www.szexshopbelvaros.com\/en\/impresszum\/","og_site_name":"Szexshop Belvaros","article_publisher":"https:\/\/www.facebook.com\/belvarossecrets\/","article_modified_time":"2025-09-05T15:59:12+00:00","twitter_card":"summary_large_image","twitter_site":"@belvarossecrets","twitter_misc":{"Est. reading time":"1 minute"},"schema":{"@context":"https:\/\/schema.org","@graph":[{"@type":"WebPage","@id":"https:\/\/www.szexshopbelvaros.com\/impresszum\/","url":"https:\/\/www.szexshopbelvaros.com\/impresszum\/","name":"Imprint - Sex shop Belvaros","isPartOf":{"@id":"https:\/\/www.szexshopbelvaros.com\/#website"},"datePublished":"2025-02-20T10:28:16+00:00","dateModified":"2025-09-05T15:59:12+00:00","breadcrumb":{"@id":"https:\/\/www.szexshopbelvaros.com\/impresszum\/#breadcrumb"},"inLanguage":"en-US","potentialAction":[{"@type":"ReadAction","target":["https:\/\/www.szexshopbelvaros.com\/impresszum\/"]}]},{"@type":"BreadcrumbList","@id":"https:\/\/www.szexshopbelvaros.com\/impresszum\/#breadcrumb","itemListElement":[{"@type":"ListItem","position":1,"name":"Home","item":"https:\/\/www.szexshopbelvaros.com\/"},{"@type":"ListItem","position":2,"name":"Impresszum"}]},{"@type":"WebSite","@id":"https:\/\/www.szexshopbelvaros.com\/#website","url":"https:\/\/www.szexshopbelvaros.com\/","name":"at our Szexshop Belv\u00e1ros","description":"\ud83d\udd25 Sex is like money; only too much is enough!\u2122 Secrets from the city center \ud83d\udc8b | Secrets from Budapest \ud83d\udc8e Adult games \u2022 Erotica \u2022 Sex shop Belvaros","publisher":{"@id":"https:\/\/www.szexshopbelvaros.com\/#organization"},"potentialAction":[{"@type":"SearchAction","target":{"@type":"EntryPoint","urlTemplate":"https:\/\/www.szexshopbelvaros.com\/?s={search_term_string}"},"query-input":{"@type":"PropertyValueSpecification","valueRequired":true,"valueName":"search_term_string"}}],"inLanguage":"en-US"},{"@type":"Organization","@id":"https:\/\/www.szexshopbelvaros.com\/#organization","name":"at our Szexshop Belv\u00e1ros","alternateName":"szexshopbelvaros.com","url":"https:\/\/www.szexshopbelvaros.com\/","logo":{"@type":"ImageObject","inLanguage":"en-US","@id":"https:\/\/www.szexshopbelvaros.com\/#\/schema\/logo\/image\/","url":"https:\/\/www.szexshopbelvaros.com\/wp-content\/uploads\/2025\/09\/1Szexshopbelvaroslogo_blurred_stronger.jpg","contentUrl":"https:\/\/www.szexshopbelvaros.com\/wp-content\/uploads\/2025\/09\/1Szexshopbelvaroslogo_blurred_stronger.jpg","width":1024,"height":1024,"caption":"Szexshop Belv\u00e1ros"},"image":{"@id":"https:\/\/www.szexshopbelvaros.com\/#\/schema\/logo\/image\/"},"sameAs":["https:\/\/www.facebook.com\/belvarossecrets\/","https:\/\/x.com\/belvarossecrets","https:\/\/www.instagram.com\/belvarossecrets\/","https:\/\/www.tiktok.com\/@belvarossecrets"]}]}},"_links":{"self":[{"href":"https:\/\/www.szexshopbelvaros.com\/en\/wp-json\/wp\/v2\/pages\/1225","targetHints":{"allow":["GET"]}}],"collection":[{"href":"https:\/\/www.szexshopbelvaros.com\/en\/wp-json\/wp\/v2\/pages"}],"about":[{"href":"https:\/\/www.szexshopbelvaros.com\/en\/wp-json\/wp\/v2\/types\/page"}],"author":[{"embeddable":true,"href":"https:\/\/www.szexshopbelvaros.com\/en\/wp-json\/wp\/v2\/users\/3"}],"replies":[{"embeddable":true,"href":"https:\/\/www.szexshopbelvaros.com\/en\/wp-json\/wp\/v2\/comments?post=1225"}],"version-history":[{"count":20,"href":"https:\/\/www.szexshopbelvaros.com\/en\/wp-json\/wp\/v2\/pages\/1225\/revisions"}],"predecessor-version":[{"id":1953,"href":"https:\/\/www.szexshopbelvaros.com\/en\/wp-json\/wp\/v2\/pages\/1225\/revisions\/1953"}],"wp:attachment":[{"href":"https:\/\/www.szexshopbelvaros.com\/en\/wp-json\/wp\/v2\/media?parent=1225"}],"curies":[{"name":"wp","href":"https:\/\/api.w.org\/{rel}","templated":true}]}}