{"id":102,"date":"2025-01-31T14:34:18","date_gmt":"2025-01-31T13:34:18","guid":{"rendered":"https:\/\/www.szexshopbelvaros.com\/termek\/mini-massage-candle-30ml-1oz-romance-strawberry-spark-w\/"},"modified":"2026-02-16T16:14:27","modified_gmt":"2026-02-16T15:14:27","slug":"mini-massage-candle-30ml-1oz-romance-strawberry-spark-w","status":"publish","type":"product","link":"https:\/\/www.szexshopbelvaros.com\/en\/product\/mini-massage-candle-30ml-1oz-romance-strawberry-spark-w\/","title":{"rendered":"Mini Massage Candle 30ml\/1oz Romance\/Strawberry Spark.W."},"content":{"rendered":"<p>A massage and scented candle in one, made from 100% natural oils and turns into hand-warm oil upon touch.<br \/>\nThe soy-based candle does not contain paraffin, does not leave stains, and is safe.<br \/>\nThe product also contains coconut and almond oil.<br \/>\nBurns for up to 40 hours.<br \/>\nIt smells like strawberries.<\/p>\n<p>&nbsp;<\/p>","protected":false},"excerpt":{"rendered":"<p>Massage and scented candle in one, made from 100% natural oils and turns into hand-warm oil upon touch. The soy-based candle does not contain paraffin, does not leave stains, and is safe. The product also contains coconut and almond oil. Burns for up to 40 hours. Strawberry scent. &nbsp;<\/p>","protected":false},"featured_media":103,"comment_status":"closed","ping_status":"closed","template":"","meta":[],"product_brand":[60],"product_cat":[156,61],"product_tag":[2052,782,2053,1528,2050,2047,2051,452,2056,794,2054,2049,2055,1201,220,2048,799,1529],"class_list":{"0":"post-102","1":"product","2":"type-product","3":"status-publish","4":"has-post-thumbnail","6":"product_brand-shunga","7":"product_cat-drogeria-wellness","8":"product_cat-masszazs-eszkozok","9":"product_tag-adult-care","10":"product_tag-body-massage","11":"product_tag-couples-wellness","12":"product_tag-drogeria","13":"product_tag-felnotteknek","14":"product_tag-intim-termek","15":"product_tag-intimate-products","16":"product_tag-massage-candle","17":"product_tag-massage-tool","18":"product_tag-masszazs-eszkoz","19":"product_tag-masszazs-gyertya","20":"product_tag-paros-egeszseg","21":"product_tag-relax-masszazs","22":"product_tag-sexual-wellness","23":"product_tag-szexshop-belvaros","24":"product_tag-szexualis-egeszseg","25":"product_tag-testmasszazs","26":"product_tag-wellness","28":"first","29":"instock","30":"taxable","31":"shipping-taxable","32":"purchasable","33":"product-type-simple"},"yoast_head":"<!-- This site is optimized with the Yoast SEO plugin v27.4 - https:\/\/yoast.com\/product\/yoast-seo-wordpress\/ -->\n<title>Mini Massage Candle 30ml\/1oz Romance\/Strawberry Spark.W. - Szexshop Belvaros<\/title>\n<meta name=\"robots\" content=\"index, follow, max-snippet:-1, max-image-preview:large, max-video-preview:-1\" \/>\n<link rel=\"canonical\" href=\"https:\/\/www.szexshopbelvaros.com\/en\/product\/mini-massage-candle-30ml-1oz-romance-strawberry-spark-w\/\" \/>\n<meta property=\"og:locale\" content=\"en_US\" \/>\n<meta property=\"og:type\" content=\"article\" \/>\n<meta property=\"og:title\" content=\"Mini Massage Candle 30ml\/1oz Romance\/Strawberry Spark.W. - Szexshop Belvaros\" \/>\n<meta property=\"og:description\" content=\"Massz\u00e1zs \u00e9s illatos\u00edt\u00f3 gyertya egyben, amely 100% term\u00e9szetes olajokb\u00f3l k\u00e9sz\u00fclt \u00e9s k\u00e9zmeleg olajj\u00e1 v\u00e1lik \u00e9rint\u00e9s hat\u00e1s\u00e1ra. A sz\u00f3jabab alap\u00fa gyertya nem tartalmaz paraffint, nem hagy foltot, biztons\u00e1gos. A term\u00e9k k\u00f3kusz \u00e9s mandula olajat is tartalmaz. Ak\u00e1r 40 \u00f3r\u00e1n \u00e1t \u00e9g. Eper illat\u00fa. &nbsp;\" \/>\n<meta property=\"og:url\" content=\"https:\/\/www.szexshopbelvaros.com\/en\/product\/mini-massage-candle-30ml-1oz-romance-strawberry-spark-w\/\" \/>\n<meta property=\"og:site_name\" content=\"Szexshop Belvaros\" \/>\n<meta property=\"article:publisher\" content=\"https:\/\/www.facebook.com\/belvarossecrets\/\" \/>\n<meta property=\"article:modified_time\" content=\"2026-02-16T15:14:27+00:00\" \/>\n<meta property=\"og:image\" content=\"https:\/\/www.szexshopbelvaros.com\/wp-content\/uploads\/2025\/01\/b0132ef0-9323-11ec-8554-96c480e6dc92_shunga0121.jpeg\" \/>\n\t<meta property=\"og:image:width\" content=\"1000\" \/>\n\t<meta property=\"og:image:height\" content=\"562\" \/>\n\t<meta property=\"og:image:type\" content=\"image\/jpeg\" \/>\n<meta name=\"twitter:card\" content=\"summary_large_image\" \/>\n<meta name=\"twitter:site\" content=\"@belvarossecrets\" \/>\n<script type=\"application\/ld+json\" class=\"yoast-schema-graph\">{\"@context\":\"https:\\\/\\\/schema.org\",\"@graph\":[{\"@type\":\"WebPage\",\"@id\":\"https:\\\/\\\/www.szexshopbelvaros.com\\\/termek\\\/mini-massage-candle-30ml-1oz-romance-strawberry-spark-w\\\/\",\"url\":\"https:\\\/\\\/www.szexshopbelvaros.com\\\/termek\\\/mini-massage-candle-30ml-1oz-romance-strawberry-spark-w\\\/\",\"name\":\"Mini Massage Candle 30ml\\\/1oz Romance\\\/Strawberry Spark.W. - Szexshop Belvaros\",\"isPartOf\":{\"@id\":\"https:\\\/\\\/www.szexshopbelvaros.com\\\/#website\"},\"primaryImageOfPage\":{\"@id\":\"https:\\\/\\\/www.szexshopbelvaros.com\\\/termek\\\/mini-massage-candle-30ml-1oz-romance-strawberry-spark-w\\\/#primaryimage\"},\"image\":{\"@id\":\"https:\\\/\\\/www.szexshopbelvaros.com\\\/termek\\\/mini-massage-candle-30ml-1oz-romance-strawberry-spark-w\\\/#primaryimage\"},\"thumbnailUrl\":\"https:\\\/\\\/www.szexshopbelvaros.com\\\/wp-content\\\/uploads\\\/2025\\\/01\\\/b0132ef0-9323-11ec-8554-96c480e6dc92_shunga0121.jpeg\",\"datePublished\":\"2025-01-31T13:34:18+00:00\",\"dateModified\":\"2026-02-16T15:14:27+00:00\",\"breadcrumb\":{\"@id\":\"https:\\\/\\\/www.szexshopbelvaros.com\\\/termek\\\/mini-massage-candle-30ml-1oz-romance-strawberry-spark-w\\\/#breadcrumb\"},\"inLanguage\":\"en-US\",\"potentialAction\":[{\"@type\":\"ReadAction\",\"target\":[\"https:\\\/\\\/www.szexshopbelvaros.com\\\/termek\\\/mini-massage-candle-30ml-1oz-romance-strawberry-spark-w\\\/\"]}]},{\"@type\":\"ImageObject\",\"inLanguage\":\"en-US\",\"@id\":\"https:\\\/\\\/www.szexshopbelvaros.com\\\/termek\\\/mini-massage-candle-30ml-1oz-romance-strawberry-spark-w\\\/#primaryimage\",\"url\":\"https:\\\/\\\/www.szexshopbelvaros.com\\\/wp-content\\\/uploads\\\/2025\\\/01\\\/b0132ef0-9323-11ec-8554-96c480e6dc92_shunga0121.jpeg\",\"contentUrl\":\"https:\\\/\\\/www.szexshopbelvaros.com\\\/wp-content\\\/uploads\\\/2025\\\/01\\\/b0132ef0-9323-11ec-8554-96c480e6dc92_shunga0121.jpeg\",\"width\":1000,\"height\":562},{\"@type\":\"BreadcrumbList\",\"@id\":\"https:\\\/\\\/www.szexshopbelvaros.com\\\/termek\\\/mini-massage-candle-30ml-1oz-romance-strawberry-spark-w\\\/#breadcrumb\",\"itemListElement\":[{\"@type\":\"ListItem\",\"position\":1,\"name\":\"Home\",\"item\":\"https:\\\/\\\/www.szexshopbelvaros.com\\\/\"},{\"@type\":\"ListItem\",\"position\":2,\"name\":\"\u00c1ruh\u00e1z\",\"item\":\"https:\\\/\\\/www.szexshopbelvaros.com\\\/uzlet\\\/\"},{\"@type\":\"ListItem\",\"position\":3,\"name\":\"Mini Massage Candle 30ml\\\/1oz Romance\\\/Strawberry Spark.W.\"}]},{\"@type\":\"WebSite\",\"@id\":\"https:\\\/\\\/www.szexshopbelvaros.com\\\/#website\",\"url\":\"https:\\\/\\\/www.szexshopbelvaros.com\\\/\",\"name\":\"Szexshop Belv\u00e1ros\",\"description\":\"\ud83d\udd25 A szex olyan, mint a p\u00e9nz; csak a t\u00fal sok el\u00e9g!\u2122 Titkok a belv\u00e1rosb\u00f3l \ud83d\udc8b | Secrets from Budapest \ud83d\udc8e Feln\u0151tt j\u00e1t\u00e9kok \u2022 Erotika \u2022 Szexshop Belvaros\",\"publisher\":{\"@id\":\"https:\\\/\\\/www.szexshopbelvaros.com\\\/#organization\"},\"potentialAction\":[{\"@type\":\"SearchAction\",\"target\":{\"@type\":\"EntryPoint\",\"urlTemplate\":\"https:\\\/\\\/www.szexshopbelvaros.com\\\/?s={search_term_string}\"},\"query-input\":{\"@type\":\"PropertyValueSpecification\",\"valueRequired\":true,\"valueName\":\"search_term_string\"}}],\"inLanguage\":\"en-US\"},{\"@type\":\"Organization\",\"@id\":\"https:\\\/\\\/www.szexshopbelvaros.com\\\/#organization\",\"name\":\"Szexshop Belv\u00e1ros\",\"alternateName\":\"szexshopbelvaros.com\",\"url\":\"https:\\\/\\\/www.szexshopbelvaros.com\\\/\",\"logo\":{\"@type\":\"ImageObject\",\"inLanguage\":\"en-US\",\"@id\":\"https:\\\/\\\/www.szexshopbelvaros.com\\\/#\\\/schema\\\/logo\\\/image\\\/\",\"url\":\"https:\\\/\\\/www.szexshopbelvaros.com\\\/wp-content\\\/uploads\\\/2025\\\/09\\\/1Szexshopbelvaroslogo_blurred_stronger.jpg\",\"contentUrl\":\"https:\\\/\\\/www.szexshopbelvaros.com\\\/wp-content\\\/uploads\\\/2025\\\/09\\\/1Szexshopbelvaroslogo_blurred_stronger.jpg\",\"width\":1024,\"height\":1024,\"caption\":\"Szexshop Belv\u00e1ros\"},\"image\":{\"@id\":\"https:\\\/\\\/www.szexshopbelvaros.com\\\/#\\\/schema\\\/logo\\\/image\\\/\"},\"sameAs\":[\"https:\\\/\\\/www.facebook.com\\\/belvarossecrets\\\/\",\"https:\\\/\\\/x.com\\\/belvarossecrets\",\"https:\\\/\\\/www.instagram.com\\\/belvarossecrets\\\/\",\"https:\\\/\\\/www.tiktok.com\\\/@belvarossecrets\"]}]}<\/script>\n<!-- \/ Yoast SEO plugin. -->","yoast_head_json":{"title":"Mini Massage Candle 30ml\/1oz Romance\/Strawberry Spark.W. - Sexshop Belvaros","robots":{"index":"index","follow":"follow","max-snippet":"max-snippet:-1","max-image-preview":"max-image-preview:large","max-video-preview":"max-video-preview:-1"},"canonical":"https:\/\/www.szexshopbelvaros.com\/en\/product\/mini-massage-candle-30ml-1oz-romance-strawberry-spark-w\/","og_locale":"en_US","og_type":"article","og_title":"Mini Massage Candle 30ml\/1oz Romance\/Strawberry Spark.W. - Szexshop Belvaros","og_description":"Massz\u00e1zs \u00e9s illatos\u00edt\u00f3 gyertya egyben, amely 100% term\u00e9szetes olajokb\u00f3l k\u00e9sz\u00fclt \u00e9s k\u00e9zmeleg olajj\u00e1 v\u00e1lik \u00e9rint\u00e9s hat\u00e1s\u00e1ra. A sz\u00f3jabab alap\u00fa gyertya nem tartalmaz paraffint, nem hagy foltot, biztons\u00e1gos. A term\u00e9k k\u00f3kusz \u00e9s mandula olajat is tartalmaz. Ak\u00e1r 40 \u00f3r\u00e1n \u00e1t \u00e9g. Eper illat\u00fa. &nbsp;","og_url":"https:\/\/www.szexshopbelvaros.com\/en\/product\/mini-massage-candle-30ml-1oz-romance-strawberry-spark-w\/","og_site_name":"Szexshop Belvaros","article_publisher":"https:\/\/www.facebook.com\/belvarossecrets\/","article_modified_time":"2026-02-16T15:14:27+00:00","og_image":[{"width":1000,"height":562,"url":"https:\/\/www.szexshopbelvaros.com\/wp-content\/uploads\/2025\/01\/b0132ef0-9323-11ec-8554-96c480e6dc92_shunga0121.jpeg","type":"image\/jpeg"}],"twitter_card":"summary_large_image","twitter_site":"@belvarossecrets","schema":{"@context":"https:\/\/schema.org","@graph":[{"@type":"WebPage","@id":"https:\/\/www.szexshopbelvaros.com\/termek\/mini-massage-candle-30ml-1oz-romance-strawberry-spark-w\/","url":"https:\/\/www.szexshopbelvaros.com\/termek\/mini-massage-candle-30ml-1oz-romance-strawberry-spark-w\/","name":"Mini Massage Candle 30ml\/1oz Romance\/Strawberry Spark.W. - Sexshop Belvaros","isPartOf":{"@id":"https:\/\/www.szexshopbelvaros.com\/#website"},"primaryImageOfPage":{"@id":"https:\/\/www.szexshopbelvaros.com\/termek\/mini-massage-candle-30ml-1oz-romance-strawberry-spark-w\/#primaryimage"},"image":{"@id":"https:\/\/www.szexshopbelvaros.com\/termek\/mini-massage-candle-30ml-1oz-romance-strawberry-spark-w\/#primaryimage"},"thumbnailUrl":"https:\/\/www.szexshopbelvaros.com\/wp-content\/uploads\/2025\/01\/b0132ef0-9323-11ec-8554-96c480e6dc92_shunga0121.jpeg","datePublished":"2025-01-31T13:34:18+00:00","dateModified":"2026-02-16T15:14:27+00:00","breadcrumb":{"@id":"https:\/\/www.szexshopbelvaros.com\/termek\/mini-massage-candle-30ml-1oz-romance-strawberry-spark-w\/#breadcrumb"},"inLanguage":"en-US","potentialAction":[{"@type":"ReadAction","target":["https:\/\/www.szexshopbelvaros.com\/termek\/mini-massage-candle-30ml-1oz-romance-strawberry-spark-w\/"]}]},{"@type":"ImageObject","inLanguage":"en-US","@id":"https:\/\/www.szexshopbelvaros.com\/termek\/mini-massage-candle-30ml-1oz-romance-strawberry-spark-w\/#primaryimage","url":"https:\/\/www.szexshopbelvaros.com\/wp-content\/uploads\/2025\/01\/b0132ef0-9323-11ec-8554-96c480e6dc92_shunga0121.jpeg","contentUrl":"https:\/\/www.szexshopbelvaros.com\/wp-content\/uploads\/2025\/01\/b0132ef0-9323-11ec-8554-96c480e6dc92_shunga0121.jpeg","width":1000,"height":562},{"@type":"BreadcrumbList","@id":"https:\/\/www.szexshopbelvaros.com\/termek\/mini-massage-candle-30ml-1oz-romance-strawberry-spark-w\/#breadcrumb","itemListElement":[{"@type":"ListItem","position":1,"name":"Home","item":"https:\/\/www.szexshopbelvaros.com\/"},{"@type":"ListItem","position":2,"name":"\u00c1ruh\u00e1z","item":"https:\/\/www.szexshopbelvaros.com\/uzlet\/"},{"@type":"ListItem","position":3,"name":"Mini Massage Candle 30ml\/1oz Romance\/Strawberry Spark.W."}]},{"@type":"WebSite","@id":"https:\/\/www.szexshopbelvaros.com\/#website","url":"https:\/\/www.szexshopbelvaros.com\/","name":"at our Szexshop Belv\u00e1ros","description":"\ud83d\udd25 Sex is like money; only too much is enough!\u2122 Secrets from the city center \ud83d\udc8b | Secrets from Budapest \ud83d\udc8e Adult games \u2022 Erotica \u2022 Sex shop Belvaros","publisher":{"@id":"https:\/\/www.szexshopbelvaros.com\/#organization"},"potentialAction":[{"@type":"SearchAction","target":{"@type":"EntryPoint","urlTemplate":"https:\/\/www.szexshopbelvaros.com\/?s={search_term_string}"},"query-input":{"@type":"PropertyValueSpecification","valueRequired":true,"valueName":"search_term_string"}}],"inLanguage":"en-US"},{"@type":"Organization","@id":"https:\/\/www.szexshopbelvaros.com\/#organization","name":"at our Szexshop Belv\u00e1ros","alternateName":"szexshopbelvaros.com","url":"https:\/\/www.szexshopbelvaros.com\/","logo":{"@type":"ImageObject","inLanguage":"en-US","@id":"https:\/\/www.szexshopbelvaros.com\/#\/schema\/logo\/image\/","url":"https:\/\/www.szexshopbelvaros.com\/wp-content\/uploads\/2025\/09\/1Szexshopbelvaroslogo_blurred_stronger.jpg","contentUrl":"https:\/\/www.szexshopbelvaros.com\/wp-content\/uploads\/2025\/09\/1Szexshopbelvaroslogo_blurred_stronger.jpg","width":1024,"height":1024,"caption":"Szexshop Belv\u00e1ros"},"image":{"@id":"https:\/\/www.szexshopbelvaros.com\/#\/schema\/logo\/image\/"},"sameAs":["https:\/\/www.facebook.com\/belvarossecrets\/","https:\/\/x.com\/belvarossecrets","https:\/\/www.instagram.com\/belvarossecrets\/","https:\/\/www.tiktok.com\/@belvarossecrets"]}]}},"_links":{"self":[{"href":"https:\/\/www.szexshopbelvaros.com\/en\/wp-json\/wp\/v2\/product\/102","targetHints":{"allow":["GET"]}}],"collection":[{"href":"https:\/\/www.szexshopbelvaros.com\/en\/wp-json\/wp\/v2\/product"}],"about":[{"href":"https:\/\/www.szexshopbelvaros.com\/en\/wp-json\/wp\/v2\/types\/product"}],"replies":[{"embeddable":true,"href":"https:\/\/www.szexshopbelvaros.com\/en\/wp-json\/wp\/v2\/comments?post=102"}],"wp:featuredmedia":[{"embeddable":true,"href":"https:\/\/www.szexshopbelvaros.com\/en\/wp-json\/wp\/v2\/media\/103"}],"wp:attachment":[{"href":"https:\/\/www.szexshopbelvaros.com\/en\/wp-json\/wp\/v2\/media?parent=102"}],"wp:term":[{"taxonomy":"product_brand","embeddable":true,"href":"https:\/\/www.szexshopbelvaros.com\/en\/wp-json\/wp\/v2\/product_brand?post=102"},{"taxonomy":"product_cat","embeddable":true,"href":"https:\/\/www.szexshopbelvaros.com\/en\/wp-json\/wp\/v2\/product_cat?post=102"},{"taxonomy":"product_tag","embeddable":true,"href":"https:\/\/www.szexshopbelvaros.com\/en\/wp-json\/wp\/v2\/product_tag?post=102"}],"curies":[{"name":"wp","href":"https:\/\/api.w.org\/{rel}","templated":true}]}}