{"id":1028,"date":"2025-01-31T14:51:43","date_gmt":"2025-01-31T13:51:43","guid":{"rendered":"https:\/\/www.szexshopbelvaros.com\/termek\/fem-analdugo-lilla-szives-kovel-s-butt-plug-with-purple-heart-stone-s\/"},"modified":"2026-04-10T15:46:32","modified_gmt":"2026-04-10T13:46:32","slug":"fem-analdugo-lilla-szives-kovel-s-butt-plug-with-purple-heart-stone-s","status":"publish","type":"product","link":"https:\/\/www.szexshopbelvaros.com\/en\/product\/fem-analdugo-lilla-szives-kovel-s-butt-plug-with-purple-heart-stone-s\/","title":{"rendered":"Heart-Struck - The anal plug that will steal your heart from the very beginning"},"content":{"rendered":"<p data-start=\"581\" data-end=\"687\">Love at first\u2026fuck? \u2764\ufe0f<\/p>\n<p data-start=\"689\" data-end=\"1045\">This size S metal butt plug not only pampers your butt, but also the eyes of the onlookers: with the red, heart-shaped stone, the view from behind is guaranteed to steal the show.<br data-start=\"844\" data-end=\"847\" \/>With a diameter of 2.8 cm and a length of 7 cm, it is an ideal anal dilator for those who are just getting acquainted with the world of shiny sex toys, but want to start in style. A unisex pleasure, for both women and men.<\/p>\n<p data-start=\"1047\" data-end=\"1193\">Its silvery, cool-to-the-touch metal body is waterproof, so you can even date in the shower\u2026 just remember to say no to the sauna at the wellness hotel. \ud83d\ude08<\/p>\n<p>&nbsp;<\/p>","protected":false},"excerpt":{"rendered":"<p>Szerelem els\u0151\u2026 bedug\u00e1sra? \u2764\ufe0f Ez az S m\u00e9ret\u0171, f\u00e9m fen\u00e9kdug\u00f3 nemcsak a popsidat k\u00e9nyezteti, de a n\u00e9z\u0151k szem\u00e9t is: a piros, sz\u00edv alak\u00fa k\u0151vel a h\u00e1ts\u00f3 l\u00e1tv\u00e1ny garant\u00e1ltan elrabolja a show-t.2,8 cm \u00e1tm\u00e9r\u0151vel \u00e9s 7 cm hosszal ide\u00e1lis an\u00e1l t\u00e1g\u00edt\u00f3 azoknak, akik most ismerkednek a csillog\u00f3 szexj\u00e1t\u00e9kok vil\u00e1g\u00e1val, de st\u00edlusosan akarj\u00e1k kezdeni. Uniszex \u00e9lvezet, n\u0151knek [&#8230;]\n","protected":false},"featured_media":2247,"comment_status":"closed","ping_status":"closed","template":"","meta":[],"product_brand":[],"product_cat":[135,86],"product_tag":[684,418,676,694,1392,1393,424,1882,1799,1794,1793,1796,1381,1797,1318,1798,2399,1801,698,695,1904,1795,1800,1792],"class_list":{"0":"post-1028","1":"product","2":"type-product","3":"status-publish","4":"has-post-thumbnail","6":"product_cat-anal","7":"product_cat-analdugok-prosztata-masszirozok","8":"product_tag-anal-dugo","9":"product_tag-anal-jatek","10":"product_tag-anal-play","11":"product_tag-anal-plug","12":"product_tag-anal-stimulacio","13":"product_tag-anal-stimulation","14":"product_tag-anal-toy","15":"product_tag-beginner-anal-plug","16":"product_tag-decorative-anal-plug","17":"product_tag-diszes-anal-dugo","18":"product_tag-ekszeres-anal-dugo","19":"product_tag-fem-anal-jatek","20":"product_tag-hatso-jatek","21":"product_tag-heart-butt-plug","22":"product_tag-intimate-toy","23":"product_tag-jeweled-butt-plug","24":"product_tag-kezdoknek-anal-dugo","25":"product_tag-metal-anal-toy","26":"product_tag-p-spot-toy","27":"product_tag-prostate-massager","28":"product_tag-prosztata-masszirozo","29":"product_tag-rozsdamentes-acel-anal-dugo","30":"product_tag-stainless-steel-butt-plug","31":"product_tag-szives-anal-dugo","33":"first","34":"instock","35":"taxable","36":"shipping-taxable","37":"purchasable","38":"product-type-simple"},"yoast_head":"<!-- This site is optimized with the Yoast SEO plugin v27.4 - https:\/\/yoast.com\/product\/yoast-seo-wordpress\/ -->\n<title>Sz\u00edvenTraf\u00e1lt -Az an\u00e1ldug\u00f3, ami els\u0151re belopja mag\u00e1t a h\u00e1ts\u00f3 sz\u00edvedbe - Szexshop Belvaros<\/title>\n<meta name=\"robots\" content=\"index, follow, max-snippet:-1, max-image-preview:large, max-video-preview:-1\" \/>\n<link rel=\"canonical\" href=\"https:\/\/www.szexshopbelvaros.com\/en\/product\/fem-analdugo-lilla-szives-kovel-s-butt-plug-with-purple-heart-stone-s\/\" \/>\n<meta property=\"og:locale\" content=\"en_US\" \/>\n<meta property=\"og:type\" content=\"article\" \/>\n<meta property=\"og:title\" content=\"Sz\u00edvenTraf\u00e1lt -Az an\u00e1ldug\u00f3, ami els\u0151re belopja mag\u00e1t a h\u00e1ts\u00f3 sz\u00edvedbe - Szexshop Belvaros\" \/>\n<meta property=\"og:description\" content=\"Szerelem els\u0151\u2026 bedug\u00e1sra? \u2764\ufe0f Ez az S m\u00e9ret\u0171, f\u00e9m fen\u00e9kdug\u00f3 nemcsak a popsidat k\u00e9nyezteti, de a n\u00e9z\u0151k szem\u00e9t is: a piros, sz\u00edv alak\u00fa k\u0151vel a h\u00e1ts\u00f3 l\u00e1tv\u00e1ny garant\u00e1ltan elrabolja a show-t.2,8 cm \u00e1tm\u00e9r\u0151vel \u00e9s 7 cm hosszal ide\u00e1lis an\u00e1l t\u00e1g\u00edt\u00f3 azoknak, akik most ismerkednek a csillog\u00f3 szexj\u00e1t\u00e9kok vil\u00e1g\u00e1val, de st\u00edlusosan akarj\u00e1k kezdeni. Uniszex \u00e9lvezet, n\u0151knek [...]\" \/>\n<meta property=\"og:url\" content=\"https:\/\/www.szexshopbelvaros.com\/en\/product\/fem-analdugo-lilla-szives-kovel-s-butt-plug-with-purple-heart-stone-s\/\" \/>\n<meta property=\"og:site_name\" content=\"Szexshop Belvaros\" \/>\n<meta property=\"article:publisher\" content=\"https:\/\/www.facebook.com\/belvarossecrets\/\" \/>\n<meta property=\"article:modified_time\" content=\"2026-04-10T13:46:32+00:00\" \/>\n<meta property=\"og:image\" content=\"https:\/\/www.szexshopbelvaros.com\/wp-content\/uploads\/2025\/01\/69579a5f0bcc3793edd2d2ee-scaled.png\" \/>\n\t<meta property=\"og:image:width\" content=\"1440\" \/>\n\t<meta property=\"og:image:height\" content=\"2560\" \/>\n\t<meta property=\"og:image:type\" content=\"image\/png\" \/>\n<meta name=\"twitter:card\" content=\"summary_large_image\" \/>\n<meta name=\"twitter:site\" content=\"@belvarossecrets\" \/>\n<meta name=\"twitter:label1\" content=\"Est. reading time\" \/>\n\t<meta name=\"twitter:data1\" content=\"1 minute\" \/>\n<script type=\"application\/ld+json\" class=\"yoast-schema-graph\">{\"@context\":\"https:\\\/\\\/schema.org\",\"@graph\":[{\"@type\":\"WebPage\",\"@id\":\"https:\\\/\\\/www.szexshopbelvaros.com\\\/termek\\\/fem-analdugo-lilla-szives-kovel-s-butt-plug-with-purple-heart-stone-s\\\/\",\"url\":\"https:\\\/\\\/www.szexshopbelvaros.com\\\/termek\\\/fem-analdugo-lilla-szives-kovel-s-butt-plug-with-purple-heart-stone-s\\\/\",\"name\":\"Sz\u00edvenTraf\u00e1lt -Az an\u00e1ldug\u00f3, ami els\u0151re belopja mag\u00e1t a h\u00e1ts\u00f3 sz\u00edvedbe - Szexshop Belvaros\",\"isPartOf\":{\"@id\":\"https:\\\/\\\/www.szexshopbelvaros.com\\\/#website\"},\"primaryImageOfPage\":{\"@id\":\"https:\\\/\\\/www.szexshopbelvaros.com\\\/termek\\\/fem-analdugo-lilla-szives-kovel-s-butt-plug-with-purple-heart-stone-s\\\/#primaryimage\"},\"image\":{\"@id\":\"https:\\\/\\\/www.szexshopbelvaros.com\\\/termek\\\/fem-analdugo-lilla-szives-kovel-s-butt-plug-with-purple-heart-stone-s\\\/#primaryimage\"},\"thumbnailUrl\":\"https:\\\/\\\/www.szexshopbelvaros.com\\\/wp-content\\\/uploads\\\/2025\\\/01\\\/69579a5f0bcc3793edd2d2ee-scaled.png\",\"datePublished\":\"2025-01-31T13:51:43+00:00\",\"dateModified\":\"2026-04-10T13:46:32+00:00\",\"breadcrumb\":{\"@id\":\"https:\\\/\\\/www.szexshopbelvaros.com\\\/termek\\\/fem-analdugo-lilla-szives-kovel-s-butt-plug-with-purple-heart-stone-s\\\/#breadcrumb\"},\"inLanguage\":\"en-US\",\"potentialAction\":[{\"@type\":\"ReadAction\",\"target\":[\"https:\\\/\\\/www.szexshopbelvaros.com\\\/termek\\\/fem-analdugo-lilla-szives-kovel-s-butt-plug-with-purple-heart-stone-s\\\/\"]}]},{\"@type\":\"ImageObject\",\"inLanguage\":\"en-US\",\"@id\":\"https:\\\/\\\/www.szexshopbelvaros.com\\\/termek\\\/fem-analdugo-lilla-szives-kovel-s-butt-plug-with-purple-heart-stone-s\\\/#primaryimage\",\"url\":\"https:\\\/\\\/www.szexshopbelvaros.com\\\/wp-content\\\/uploads\\\/2025\\\/01\\\/69579a5f0bcc3793edd2d2ee-scaled.png\",\"contentUrl\":\"https:\\\/\\\/www.szexshopbelvaros.com\\\/wp-content\\\/uploads\\\/2025\\\/01\\\/69579a5f0bcc3793edd2d2ee-scaled.png\",\"width\":1440,\"height\":2560},{\"@type\":\"BreadcrumbList\",\"@id\":\"https:\\\/\\\/www.szexshopbelvaros.com\\\/termek\\\/fem-analdugo-lilla-szives-kovel-s-butt-plug-with-purple-heart-stone-s\\\/#breadcrumb\",\"itemListElement\":[{\"@type\":\"ListItem\",\"position\":1,\"name\":\"Home\",\"item\":\"https:\\\/\\\/www.szexshopbelvaros.com\\\/\"},{\"@type\":\"ListItem\",\"position\":2,\"name\":\"\u00c1ruh\u00e1z\",\"item\":\"https:\\\/\\\/www.szexshopbelvaros.com\\\/uzlet\\\/\"},{\"@type\":\"ListItem\",\"position\":3,\"name\":\"Sz\u00edvenTraf\u00e1lt -Az an\u00e1ldug\u00f3, ami els\u0151re belopja mag\u00e1t a h\u00e1ts\u00f3 sz\u00edvedbe\"}]},{\"@type\":\"WebSite\",\"@id\":\"https:\\\/\\\/www.szexshopbelvaros.com\\\/#website\",\"url\":\"https:\\\/\\\/www.szexshopbelvaros.com\\\/\",\"name\":\"Szexshop Belv\u00e1ros\",\"description\":\"\ud83d\udd25 A szex olyan, mint a p\u00e9nz; csak a t\u00fal sok el\u00e9g!\u2122 Titkok a belv\u00e1rosb\u00f3l \ud83d\udc8b | Secrets from Budapest \ud83d\udc8e Feln\u0151tt j\u00e1t\u00e9kok \u2022 Erotika \u2022 Szexshop Belvaros\",\"publisher\":{\"@id\":\"https:\\\/\\\/www.szexshopbelvaros.com\\\/#organization\"},\"potentialAction\":[{\"@type\":\"SearchAction\",\"target\":{\"@type\":\"EntryPoint\",\"urlTemplate\":\"https:\\\/\\\/www.szexshopbelvaros.com\\\/?s={search_term_string}\"},\"query-input\":{\"@type\":\"PropertyValueSpecification\",\"valueRequired\":true,\"valueName\":\"search_term_string\"}}],\"inLanguage\":\"en-US\"},{\"@type\":\"Organization\",\"@id\":\"https:\\\/\\\/www.szexshopbelvaros.com\\\/#organization\",\"name\":\"Szexshop Belv\u00e1ros\",\"alternateName\":\"szexshopbelvaros.com\",\"url\":\"https:\\\/\\\/www.szexshopbelvaros.com\\\/\",\"logo\":{\"@type\":\"ImageObject\",\"inLanguage\":\"en-US\",\"@id\":\"https:\\\/\\\/www.szexshopbelvaros.com\\\/#\\\/schema\\\/logo\\\/image\\\/\",\"url\":\"https:\\\/\\\/www.szexshopbelvaros.com\\\/wp-content\\\/uploads\\\/2025\\\/09\\\/1Szexshopbelvaroslogo_blurred_stronger.jpg\",\"contentUrl\":\"https:\\\/\\\/www.szexshopbelvaros.com\\\/wp-content\\\/uploads\\\/2025\\\/09\\\/1Szexshopbelvaroslogo_blurred_stronger.jpg\",\"width\":1024,\"height\":1024,\"caption\":\"Szexshop Belv\u00e1ros\"},\"image\":{\"@id\":\"https:\\\/\\\/www.szexshopbelvaros.com\\\/#\\\/schema\\\/logo\\\/image\\\/\"},\"sameAs\":[\"https:\\\/\\\/www.facebook.com\\\/belvarossecrets\\\/\",\"https:\\\/\\\/x.com\\\/belvarossecrets\",\"https:\\\/\\\/www.instagram.com\\\/belvarossecrets\\\/\",\"https:\\\/\\\/www.tiktok.com\\\/@belvarossecrets\"]}]}<\/script>\n<!-- \/ Yoast SEO plugin. -->","yoast_head_json":{"title":"Heart-Struck - The anal plug that will steal itself into your backside at first sight - Szexshop Belvaros","robots":{"index":"index","follow":"follow","max-snippet":"max-snippet:-1","max-image-preview":"max-image-preview:large","max-video-preview":"max-video-preview:-1"},"canonical":"https:\/\/www.szexshopbelvaros.com\/en\/product\/fem-analdugo-lilla-szives-kovel-s-butt-plug-with-purple-heart-stone-s\/","og_locale":"en_US","og_type":"article","og_title":"Sz\u00edvenTraf\u00e1lt -Az an\u00e1ldug\u00f3, ami els\u0151re belopja mag\u00e1t a h\u00e1ts\u00f3 sz\u00edvedbe - Szexshop Belvaros","og_description":"Szerelem els\u0151\u2026 bedug\u00e1sra? \u2764\ufe0f Ez az S m\u00e9ret\u0171, f\u00e9m fen\u00e9kdug\u00f3 nemcsak a popsidat k\u00e9nyezteti, de a n\u00e9z\u0151k szem\u00e9t is: a piros, sz\u00edv alak\u00fa k\u0151vel a h\u00e1ts\u00f3 l\u00e1tv\u00e1ny garant\u00e1ltan elrabolja a show-t.2,8 cm \u00e1tm\u00e9r\u0151vel \u00e9s 7 cm hosszal ide\u00e1lis an\u00e1l t\u00e1g\u00edt\u00f3 azoknak, akik most ismerkednek a csillog\u00f3 szexj\u00e1t\u00e9kok vil\u00e1g\u00e1val, de st\u00edlusosan akarj\u00e1k kezdeni. Uniszex \u00e9lvezet, n\u0151knek [...]","og_url":"https:\/\/www.szexshopbelvaros.com\/en\/product\/fem-analdugo-lilla-szives-kovel-s-butt-plug-with-purple-heart-stone-s\/","og_site_name":"Szexshop Belvaros","article_publisher":"https:\/\/www.facebook.com\/belvarossecrets\/","article_modified_time":"2026-04-10T13:46:32+00:00","og_image":[{"width":1440,"height":2560,"url":"https:\/\/www.szexshopbelvaros.com\/wp-content\/uploads\/2025\/01\/69579a5f0bcc3793edd2d2ee-scaled.png","type":"image\/png"}],"twitter_card":"summary_large_image","twitter_site":"@belvarossecrets","twitter_misc":{"Est. reading time":"1 minute"},"schema":{"@context":"https:\/\/schema.org","@graph":[{"@type":"WebPage","@id":"https:\/\/www.szexshopbelvaros.com\/termek\/fem-analdugo-lilla-szives-kovel-s-butt-plug-with-purple-heart-stone-s\/","url":"https:\/\/www.szexshopbelvaros.com\/termek\/fem-analdugo-lilla-szives-kovel-s-butt-plug-with-purple-heart-stone-s\/","name":"Heart-Struck - The anal plug that will steal itself into your backside at first sight - Szexshop Belvaros","isPartOf":{"@id":"https:\/\/www.szexshopbelvaros.com\/#website"},"primaryImageOfPage":{"@id":"https:\/\/www.szexshopbelvaros.com\/termek\/fem-analdugo-lilla-szives-kovel-s-butt-plug-with-purple-heart-stone-s\/#primaryimage"},"image":{"@id":"https:\/\/www.szexshopbelvaros.com\/termek\/fem-analdugo-lilla-szives-kovel-s-butt-plug-with-purple-heart-stone-s\/#primaryimage"},"thumbnailUrl":"https:\/\/www.szexshopbelvaros.com\/wp-content\/uploads\/2025\/01\/69579a5f0bcc3793edd2d2ee-scaled.png","datePublished":"2025-01-31T13:51:43+00:00","dateModified":"2026-04-10T13:46:32+00:00","breadcrumb":{"@id":"https:\/\/www.szexshopbelvaros.com\/termek\/fem-analdugo-lilla-szives-kovel-s-butt-plug-with-purple-heart-stone-s\/#breadcrumb"},"inLanguage":"en-US","potentialAction":[{"@type":"ReadAction","target":["https:\/\/www.szexshopbelvaros.com\/termek\/fem-analdugo-lilla-szives-kovel-s-butt-plug-with-purple-heart-stone-s\/"]}]},{"@type":"ImageObject","inLanguage":"en-US","@id":"https:\/\/www.szexshopbelvaros.com\/termek\/fem-analdugo-lilla-szives-kovel-s-butt-plug-with-purple-heart-stone-s\/#primaryimage","url":"https:\/\/www.szexshopbelvaros.com\/wp-content\/uploads\/2025\/01\/69579a5f0bcc3793edd2d2ee-scaled.png","contentUrl":"https:\/\/www.szexshopbelvaros.com\/wp-content\/uploads\/2025\/01\/69579a5f0bcc3793edd2d2ee-scaled.png","width":1440,"height":2560},{"@type":"BreadcrumbList","@id":"https:\/\/www.szexshopbelvaros.com\/termek\/fem-analdugo-lilla-szives-kovel-s-butt-plug-with-purple-heart-stone-s\/#breadcrumb","itemListElement":[{"@type":"ListItem","position":1,"name":"Home","item":"https:\/\/www.szexshopbelvaros.com\/"},{"@type":"ListItem","position":2,"name":"\u00c1ruh\u00e1z","item":"https:\/\/www.szexshopbelvaros.com\/uzlet\/"},{"@type":"ListItem","position":3,"name":"Sz\u00edvenTraf\u00e1lt -Az an\u00e1ldug\u00f3, ami els\u0151re belopja mag\u00e1t a h\u00e1ts\u00f3 sz\u00edvedbe"}]},{"@type":"WebSite","@id":"https:\/\/www.szexshopbelvaros.com\/#website","url":"https:\/\/www.szexshopbelvaros.com\/","name":"at our Szexshop Belv\u00e1ros","description":"\ud83d\udd25 Sex is like money; only too much is enough!\u2122 Secrets from the city center \ud83d\udc8b | Secrets from Budapest \ud83d\udc8e Adult games \u2022 Erotica \u2022 Sex shop Belvaros","publisher":{"@id":"https:\/\/www.szexshopbelvaros.com\/#organization"},"potentialAction":[{"@type":"SearchAction","target":{"@type":"EntryPoint","urlTemplate":"https:\/\/www.szexshopbelvaros.com\/?s={search_term_string}"},"query-input":{"@type":"PropertyValueSpecification","valueRequired":true,"valueName":"search_term_string"}}],"inLanguage":"en-US"},{"@type":"Organization","@id":"https:\/\/www.szexshopbelvaros.com\/#organization","name":"at our Szexshop Belv\u00e1ros","alternateName":"szexshopbelvaros.com","url":"https:\/\/www.szexshopbelvaros.com\/","logo":{"@type":"ImageObject","inLanguage":"en-US","@id":"https:\/\/www.szexshopbelvaros.com\/#\/schema\/logo\/image\/","url":"https:\/\/www.szexshopbelvaros.com\/wp-content\/uploads\/2025\/09\/1Szexshopbelvaroslogo_blurred_stronger.jpg","contentUrl":"https:\/\/www.szexshopbelvaros.com\/wp-content\/uploads\/2025\/09\/1Szexshopbelvaroslogo_blurred_stronger.jpg","width":1024,"height":1024,"caption":"Szexshop Belv\u00e1ros"},"image":{"@id":"https:\/\/www.szexshopbelvaros.com\/#\/schema\/logo\/image\/"},"sameAs":["https:\/\/www.facebook.com\/belvarossecrets\/","https:\/\/x.com\/belvarossecrets","https:\/\/www.instagram.com\/belvarossecrets\/","https:\/\/www.tiktok.com\/@belvarossecrets"]}]}},"_links":{"self":[{"href":"https:\/\/www.szexshopbelvaros.com\/en\/wp-json\/wp\/v2\/product\/1028","targetHints":{"allow":["GET"]}}],"collection":[{"href":"https:\/\/www.szexshopbelvaros.com\/en\/wp-json\/wp\/v2\/product"}],"about":[{"href":"https:\/\/www.szexshopbelvaros.com\/en\/wp-json\/wp\/v2\/types\/product"}],"replies":[{"embeddable":true,"href":"https:\/\/www.szexshopbelvaros.com\/en\/wp-json\/wp\/v2\/comments?post=1028"}],"wp:featuredmedia":[{"embeddable":true,"href":"https:\/\/www.szexshopbelvaros.com\/en\/wp-json\/wp\/v2\/media\/2247"}],"wp:attachment":[{"href":"https:\/\/www.szexshopbelvaros.com\/en\/wp-json\/wp\/v2\/media?parent=1028"}],"wp:term":[{"taxonomy":"product_brand","embeddable":true,"href":"https:\/\/www.szexshopbelvaros.com\/en\/wp-json\/wp\/v2\/product_brand?post=1028"},{"taxonomy":"product_cat","embeddable":true,"href":"https:\/\/www.szexshopbelvaros.com\/en\/wp-json\/wp\/v2\/product_cat?post=1028"},{"taxonomy":"product_tag","embeddable":true,"href":"https:\/\/www.szexshopbelvaros.com\/en\/wp-json\/wp\/v2\/product_tag?post=1028"}],"curies":[{"name":"wp","href":"https:\/\/api.w.org\/{rel}","templated":true}]}}