{"id":104,"date":"2025-01-31T14:34:18","date_gmt":"2025-01-31T13:34:18","guid":{"rendered":"https:\/\/www.szexshopbelvaros.com\/termek\/mini-emma-plum-red\/"},"modified":"2026-04-30T18:26:31","modified_gmt":"2026-04-30T16:26:31","slug":"mini-emma-plum-red","status":"publish","type":"product","link":"https:\/\/www.szexshopbelvaros.com\/en\/product\/mini-emma-plum-red\/","title":{"rendered":"Mini Emma Plum Red"},"content":{"rendered":"<p>Made of high-quality, environmentally friendly materials, with a velvety surface, 5 vibration functions, easy to use, vibrating massager. Recommended for beginners. Its special feature is the Svakom intelligent function, in which the device works only when touched, and pampers you in a rhythm corresponding to it.<\/p>\n<p>Diameter (cm) 3.5<br \/>\nBattery Rechargeable<br \/>\nLength (cm) 16.5<br \/>\nColor Plum Red<br \/>\nMaterial Silicone<br \/>\nSpecial feature waterproof<\/p>\n<p>&nbsp;<\/p>","protected":false},"excerpt":{"rendered":"<p>Made of high-quality, environmentally friendly materials, with a velvety surface, 5 vibration functions, easy to use, vibrator massager. Recommended for beginners. Its special feature is the Svakom intelligent function, in which case the device works only when touched and pampers you in a rhythm corresponding to it. Diameter (cm) 3.5 Battery Rechargeable Length (cm) 16.5 Color Plum Red Material Silicone Special feature waterproof &nbsp;<\/p>","protected":false},"featured_media":105,"comment_status":"closed","ping_status":"closed","template":"","meta":[],"product_brand":[63],"product_cat":[171,99,136],"product_tag":[398,2184,1315,2103,2100,2113,389,2182,2112,1192,1318,2185,2111,2180,2179,2181,2178,2102,2114,2101,322,220,1316,2115,384,2183],"class_list":{"0":"post-104","1":"product","2":"type-product","3":"status-publish","4":"has-post-thumbnail","6":"product_brand-svakom","7":"product_cat-klasszikus-vibratorok","8":"product_cat-noknek","9":"product_cat-vibratorok","10":"product_tag-adult-toy","11":"product_tag-adult-toy-for-women","12":"product_tag-classic-vibrator","13":"product_tag-electric-stimulator","14":"product_tag-elektromos-jatek","15":"product_tag-erotikus-vibrator","16":"product_tag-felnott-jatek","17":"product_tag-female-sex-toy","18":"product_tag-hagyomanyos-vibrator","19":"product_tag-intim-jatek","20":"product_tag-intimate-toy","21":"product_tag-intimate-toy-for-women","22":"product_tag-klasszikus-vibrator","23":"product_tag-noi-elvezet","24":"product_tag-noi-intim-jatek","25":"product_tag-noi-kiegeszito","26":"product_tag-noi-szexjatek","27":"product_tag-pleasure-device","28":"product_tag-rezgo-jatek","29":"product_tag-stimulacio","30":"product_tag-szexjatek","31":"product_tag-szexshop-belvaros","32":"product_tag-traditional-vibrator","33":"product_tag-vibrating-toy","34":"product_tag-vibrator","35":"product_tag-womens-pleasure","37":"first","38":"outofstock","39":"taxable","40":"shipping-taxable","41":"purchasable","42":"product-type-simple"},"yoast_head":"<!-- This site is optimized with the Yoast SEO plugin v27.4 - https:\/\/yoast.com\/product\/yoast-seo-wordpress\/ -->\n<title>Mini Emma Plum Red - Szexshop Belvaros<\/title>\n<meta name=\"robots\" content=\"index, follow, max-snippet:-1, max-image-preview:large, max-video-preview:-1\" \/>\n<link rel=\"canonical\" href=\"https:\/\/www.szexshopbelvaros.com\/en\/product\/mini-emma-plum-red\/\" \/>\n<meta property=\"og:locale\" content=\"en_US\" \/>\n<meta property=\"og:type\" content=\"article\" \/>\n<meta property=\"og:title\" content=\"Mini Emma Plum Red - Szexshop Belvaros\" \/>\n<meta property=\"og:description\" content=\"Kiv\u00e1l\u00f3 min\u0151s\u00e9g\u0171, k\u00f6rnyezetbar\u00e1t anyagokb\u00f3l k\u00e9sz\u00edtett, b\u00e1rsonyos fel\u00fclet\u0171, 5 rezg\u00e9si funkci\u00f3val rendelkez\u0151, k\u00f6nnyen kezelhet\u0151, vibr\u00e1toros massz\u00edroz\u00f3. Kezd\u0151knek is aj\u00e1nlott. K\u00fcl\u00f6nlegess\u00e9ge az a Svakom intelligens funkci\u00f3, ilyenkor a k\u00e9sz\u00fcl\u00e9k kiz\u00e1r\u00f3lag \u00e9rint\u00e9s hat\u00e1s\u00e1ra m\u0171k\u00f6dik, \u00e9s ennek megfelel\u0151 ritmusban k\u00e9nyeztet. \u00c1tm\u00e9r\u0151 (cm) 3,5 Elem \u00dajrat\u00f6lthet\u0151 Hossz (cm) 16,5 Sz\u00edn Szilva Piros Anyag Szilikon Speci\u00e1lis jellemz\u0151 v\u00edz\u00e1ll\u00f3 &nbsp;\" \/>\n<meta property=\"og:url\" content=\"https:\/\/www.szexshopbelvaros.com\/en\/product\/mini-emma-plum-red\/\" \/>\n<meta property=\"og:site_name\" content=\"Szexshop Belvaros\" \/>\n<meta property=\"article:publisher\" content=\"https:\/\/www.facebook.com\/belvarossecrets\/\" \/>\n<meta property=\"article:modified_time\" content=\"2026-04-30T16:26:31+00:00\" \/>\n<meta property=\"og:image\" content=\"https:\/\/www.szexshopbelvaros.com\/wp-content\/uploads\/2025\/01\/2e9b42b4-40e1-11ee-a7ed-de6405037594_emma_mini_plum_red__3_.jpg\" \/>\n\t<meta property=\"og:image:width\" content=\"1000\" \/>\n\t<meta property=\"og:image:height\" content=\"563\" \/>\n\t<meta property=\"og:image:type\" content=\"image\/jpeg\" \/>\n<meta name=\"twitter:card\" content=\"summary_large_image\" \/>\n<meta name=\"twitter:site\" content=\"@belvarossecrets\" \/>\n<script type=\"application\/ld+json\" class=\"yoast-schema-graph\">{\"@context\":\"https:\\\/\\\/schema.org\",\"@graph\":[{\"@type\":\"WebPage\",\"@id\":\"https:\\\/\\\/www.szexshopbelvaros.com\\\/termek\\\/mini-emma-plum-red\\\/\",\"url\":\"https:\\\/\\\/www.szexshopbelvaros.com\\\/termek\\\/mini-emma-plum-red\\\/\",\"name\":\"Mini Emma Plum Red - Szexshop Belvaros\",\"isPartOf\":{\"@id\":\"https:\\\/\\\/www.szexshopbelvaros.com\\\/#website\"},\"primaryImageOfPage\":{\"@id\":\"https:\\\/\\\/www.szexshopbelvaros.com\\\/termek\\\/mini-emma-plum-red\\\/#primaryimage\"},\"image\":{\"@id\":\"https:\\\/\\\/www.szexshopbelvaros.com\\\/termek\\\/mini-emma-plum-red\\\/#primaryimage\"},\"thumbnailUrl\":\"https:\\\/\\\/www.szexshopbelvaros.com\\\/wp-content\\\/uploads\\\/2025\\\/01\\\/2e9b42b4-40e1-11ee-a7ed-de6405037594_emma_mini_plum_red__3_.jpg\",\"datePublished\":\"2025-01-31T13:34:18+00:00\",\"dateModified\":\"2026-04-30T16:26:31+00:00\",\"breadcrumb\":{\"@id\":\"https:\\\/\\\/www.szexshopbelvaros.com\\\/termek\\\/mini-emma-plum-red\\\/#breadcrumb\"},\"inLanguage\":\"en-US\",\"potentialAction\":[{\"@type\":\"ReadAction\",\"target\":[\"https:\\\/\\\/www.szexshopbelvaros.com\\\/termek\\\/mini-emma-plum-red\\\/\"]}]},{\"@type\":\"ImageObject\",\"inLanguage\":\"en-US\",\"@id\":\"https:\\\/\\\/www.szexshopbelvaros.com\\\/termek\\\/mini-emma-plum-red\\\/#primaryimage\",\"url\":\"https:\\\/\\\/www.szexshopbelvaros.com\\\/wp-content\\\/uploads\\\/2025\\\/01\\\/2e9b42b4-40e1-11ee-a7ed-de6405037594_emma_mini_plum_red__3_.jpg\",\"contentUrl\":\"https:\\\/\\\/www.szexshopbelvaros.com\\\/wp-content\\\/uploads\\\/2025\\\/01\\\/2e9b42b4-40e1-11ee-a7ed-de6405037594_emma_mini_plum_red__3_.jpg\",\"width\":1000,\"height\":563},{\"@type\":\"BreadcrumbList\",\"@id\":\"https:\\\/\\\/www.szexshopbelvaros.com\\\/termek\\\/mini-emma-plum-red\\\/#breadcrumb\",\"itemListElement\":[{\"@type\":\"ListItem\",\"position\":1,\"name\":\"Home\",\"item\":\"https:\\\/\\\/www.szexshopbelvaros.com\\\/\"},{\"@type\":\"ListItem\",\"position\":2,\"name\":\"\u00c1ruh\u00e1z\",\"item\":\"https:\\\/\\\/www.szexshopbelvaros.com\\\/uzlet\\\/\"},{\"@type\":\"ListItem\",\"position\":3,\"name\":\"Mini Emma Plum Red\"}]},{\"@type\":\"WebSite\",\"@id\":\"https:\\\/\\\/www.szexshopbelvaros.com\\\/#website\",\"url\":\"https:\\\/\\\/www.szexshopbelvaros.com\\\/\",\"name\":\"Szexshop Belv\u00e1ros\",\"description\":\"\ud83d\udd25 A szex olyan, mint a p\u00e9nz; csak a t\u00fal sok el\u00e9g!\u2122 Titkok a belv\u00e1rosb\u00f3l \ud83d\udc8b | Secrets from Budapest \ud83d\udc8e Feln\u0151tt j\u00e1t\u00e9kok \u2022 Erotika \u2022 Szexshop Belvaros\",\"publisher\":{\"@id\":\"https:\\\/\\\/www.szexshopbelvaros.com\\\/#organization\"},\"potentialAction\":[{\"@type\":\"SearchAction\",\"target\":{\"@type\":\"EntryPoint\",\"urlTemplate\":\"https:\\\/\\\/www.szexshopbelvaros.com\\\/?s={search_term_string}\"},\"query-input\":{\"@type\":\"PropertyValueSpecification\",\"valueRequired\":true,\"valueName\":\"search_term_string\"}}],\"inLanguage\":\"en-US\"},{\"@type\":\"Organization\",\"@id\":\"https:\\\/\\\/www.szexshopbelvaros.com\\\/#organization\",\"name\":\"Szexshop Belv\u00e1ros\",\"alternateName\":\"szexshopbelvaros.com\",\"url\":\"https:\\\/\\\/www.szexshopbelvaros.com\\\/\",\"logo\":{\"@type\":\"ImageObject\",\"inLanguage\":\"en-US\",\"@id\":\"https:\\\/\\\/www.szexshopbelvaros.com\\\/#\\\/schema\\\/logo\\\/image\\\/\",\"url\":\"https:\\\/\\\/www.szexshopbelvaros.com\\\/wp-content\\\/uploads\\\/2025\\\/09\\\/1Szexshopbelvaroslogo_blurred_stronger.jpg\",\"contentUrl\":\"https:\\\/\\\/www.szexshopbelvaros.com\\\/wp-content\\\/uploads\\\/2025\\\/09\\\/1Szexshopbelvaroslogo_blurred_stronger.jpg\",\"width\":1024,\"height\":1024,\"caption\":\"Szexshop Belv\u00e1ros\"},\"image\":{\"@id\":\"https:\\\/\\\/www.szexshopbelvaros.com\\\/#\\\/schema\\\/logo\\\/image\\\/\"},\"sameAs\":[\"https:\\\/\\\/www.facebook.com\\\/belvarossecrets\\\/\",\"https:\\\/\\\/x.com\\\/belvarossecrets\",\"https:\\\/\\\/www.instagram.com\\\/belvarossecrets\\\/\",\"https:\\\/\\\/www.tiktok.com\\\/@belvarossecrets\"]}]}<\/script>\n<!-- \/ Yoast SEO plugin. -->","yoast_head_json":{"title":"Mini Emma Plum Red - Sex shop Belvaros","robots":{"index":"index","follow":"follow","max-snippet":"max-snippet:-1","max-image-preview":"max-image-preview:large","max-video-preview":"max-video-preview:-1"},"canonical":"https:\/\/www.szexshopbelvaros.com\/en\/product\/mini-emma-plum-red\/","og_locale":"en_US","og_type":"article","og_title":"Mini Emma Plum Red - Szexshop Belvaros","og_description":"Kiv\u00e1l\u00f3 min\u0151s\u00e9g\u0171, k\u00f6rnyezetbar\u00e1t anyagokb\u00f3l k\u00e9sz\u00edtett, b\u00e1rsonyos fel\u00fclet\u0171, 5 rezg\u00e9si funkci\u00f3val rendelkez\u0151, k\u00f6nnyen kezelhet\u0151, vibr\u00e1toros massz\u00edroz\u00f3. Kezd\u0151knek is aj\u00e1nlott. K\u00fcl\u00f6nlegess\u00e9ge az a Svakom intelligens funkci\u00f3, ilyenkor a k\u00e9sz\u00fcl\u00e9k kiz\u00e1r\u00f3lag \u00e9rint\u00e9s hat\u00e1s\u00e1ra m\u0171k\u00f6dik, \u00e9s ennek megfelel\u0151 ritmusban k\u00e9nyeztet. \u00c1tm\u00e9r\u0151 (cm) 3,5 Elem \u00dajrat\u00f6lthet\u0151 Hossz (cm) 16,5 Sz\u00edn Szilva Piros Anyag Szilikon Speci\u00e1lis jellemz\u0151 v\u00edz\u00e1ll\u00f3 &nbsp;","og_url":"https:\/\/www.szexshopbelvaros.com\/en\/product\/mini-emma-plum-red\/","og_site_name":"Szexshop Belvaros","article_publisher":"https:\/\/www.facebook.com\/belvarossecrets\/","article_modified_time":"2026-04-30T16:26:31+00:00","og_image":[{"width":1000,"height":563,"url":"https:\/\/www.szexshopbelvaros.com\/wp-content\/uploads\/2025\/01\/2e9b42b4-40e1-11ee-a7ed-de6405037594_emma_mini_plum_red__3_.jpg","type":"image\/jpeg"}],"twitter_card":"summary_large_image","twitter_site":"@belvarossecrets","schema":{"@context":"https:\/\/schema.org","@graph":[{"@type":"WebPage","@id":"https:\/\/www.szexshopbelvaros.com\/termek\/mini-emma-plum-red\/","url":"https:\/\/www.szexshopbelvaros.com\/termek\/mini-emma-plum-red\/","name":"Mini Emma Plum Red - Sex shop Belvaros","isPartOf":{"@id":"https:\/\/www.szexshopbelvaros.com\/#website"},"primaryImageOfPage":{"@id":"https:\/\/www.szexshopbelvaros.com\/termek\/mini-emma-plum-red\/#primaryimage"},"image":{"@id":"https:\/\/www.szexshopbelvaros.com\/termek\/mini-emma-plum-red\/#primaryimage"},"thumbnailUrl":"https:\/\/www.szexshopbelvaros.com\/wp-content\/uploads\/2025\/01\/2e9b42b4-40e1-11ee-a7ed-de6405037594_emma_mini_plum_red__3_.jpg","datePublished":"2025-01-31T13:34:18+00:00","dateModified":"2026-04-30T16:26:31+00:00","breadcrumb":{"@id":"https:\/\/www.szexshopbelvaros.com\/termek\/mini-emma-plum-red\/#breadcrumb"},"inLanguage":"en-US","potentialAction":[{"@type":"ReadAction","target":["https:\/\/www.szexshopbelvaros.com\/termek\/mini-emma-plum-red\/"]}]},{"@type":"ImageObject","inLanguage":"en-US","@id":"https:\/\/www.szexshopbelvaros.com\/termek\/mini-emma-plum-red\/#primaryimage","url":"https:\/\/www.szexshopbelvaros.com\/wp-content\/uploads\/2025\/01\/2e9b42b4-40e1-11ee-a7ed-de6405037594_emma_mini_plum_red__3_.jpg","contentUrl":"https:\/\/www.szexshopbelvaros.com\/wp-content\/uploads\/2025\/01\/2e9b42b4-40e1-11ee-a7ed-de6405037594_emma_mini_plum_red__3_.jpg","width":1000,"height":563},{"@type":"BreadcrumbList","@id":"https:\/\/www.szexshopbelvaros.com\/termek\/mini-emma-plum-red\/#breadcrumb","itemListElement":[{"@type":"ListItem","position":1,"name":"Home","item":"https:\/\/www.szexshopbelvaros.com\/"},{"@type":"ListItem","position":2,"name":"\u00c1ruh\u00e1z","item":"https:\/\/www.szexshopbelvaros.com\/uzlet\/"},{"@type":"ListItem","position":3,"name":"Mini Emma Plum Red"}]},{"@type":"WebSite","@id":"https:\/\/www.szexshopbelvaros.com\/#website","url":"https:\/\/www.szexshopbelvaros.com\/","name":"at our Szexshop Belv\u00e1ros","description":"\ud83d\udd25 Sex is like money; only too much is enough!\u2122 Secrets from the city center \ud83d\udc8b | Secrets from Budapest \ud83d\udc8e Adult games \u2022 Erotica \u2022 Sex shop Belvaros","publisher":{"@id":"https:\/\/www.szexshopbelvaros.com\/#organization"},"potentialAction":[{"@type":"SearchAction","target":{"@type":"EntryPoint","urlTemplate":"https:\/\/www.szexshopbelvaros.com\/?s={search_term_string}"},"query-input":{"@type":"PropertyValueSpecification","valueRequired":true,"valueName":"search_term_string"}}],"inLanguage":"en-US"},{"@type":"Organization","@id":"https:\/\/www.szexshopbelvaros.com\/#organization","name":"at our Szexshop Belv\u00e1ros","alternateName":"szexshopbelvaros.com","url":"https:\/\/www.szexshopbelvaros.com\/","logo":{"@type":"ImageObject","inLanguage":"en-US","@id":"https:\/\/www.szexshopbelvaros.com\/#\/schema\/logo\/image\/","url":"https:\/\/www.szexshopbelvaros.com\/wp-content\/uploads\/2025\/09\/1Szexshopbelvaroslogo_blurred_stronger.jpg","contentUrl":"https:\/\/www.szexshopbelvaros.com\/wp-content\/uploads\/2025\/09\/1Szexshopbelvaroslogo_blurred_stronger.jpg","width":1024,"height":1024,"caption":"Szexshop Belv\u00e1ros"},"image":{"@id":"https:\/\/www.szexshopbelvaros.com\/#\/schema\/logo\/image\/"},"sameAs":["https:\/\/www.facebook.com\/belvarossecrets\/","https:\/\/x.com\/belvarossecrets","https:\/\/www.instagram.com\/belvarossecrets\/","https:\/\/www.tiktok.com\/@belvarossecrets"]}]}},"_links":{"self":[{"href":"https:\/\/www.szexshopbelvaros.com\/en\/wp-json\/wp\/v2\/product\/104","targetHints":{"allow":["GET"]}}],"collection":[{"href":"https:\/\/www.szexshopbelvaros.com\/en\/wp-json\/wp\/v2\/product"}],"about":[{"href":"https:\/\/www.szexshopbelvaros.com\/en\/wp-json\/wp\/v2\/types\/product"}],"replies":[{"embeddable":true,"href":"https:\/\/www.szexshopbelvaros.com\/en\/wp-json\/wp\/v2\/comments?post=104"}],"wp:featuredmedia":[{"embeddable":true,"href":"https:\/\/www.szexshopbelvaros.com\/en\/wp-json\/wp\/v2\/media\/105"}],"wp:attachment":[{"href":"https:\/\/www.szexshopbelvaros.com\/en\/wp-json\/wp\/v2\/media?parent=104"}],"wp:term":[{"taxonomy":"product_brand","embeddable":true,"href":"https:\/\/www.szexshopbelvaros.com\/en\/wp-json\/wp\/v2\/product_brand?post=104"},{"taxonomy":"product_cat","embeddable":true,"href":"https:\/\/www.szexshopbelvaros.com\/en\/wp-json\/wp\/v2\/product_cat?post=104"},{"taxonomy":"product_tag","embeddable":true,"href":"https:\/\/www.szexshopbelvaros.com\/en\/wp-json\/wp\/v2\/product_tag?post=104"}],"curies":[{"name":"wp","href":"https:\/\/api.w.org\/{rel}","templated":true}]}}