{"id":118,"date":"2025-01-31T14:34:18","date_gmt":"2025-01-31T13:34:18","guid":{"rendered":"https:\/\/www.szexshopbelvaros.com\/termek\/backside-anal-relax-cream-50-ml-gyogynovenyes-stimulalo-krem\/"},"modified":"2026-04-14T17:15:48","modified_gmt":"2026-04-14T15:15:48","slug":"backside-anal-relax-cream-50-ml-gyogynovenyes-stimulalo-krem","status":"publish","type":"product","link":"https:\/\/www.szexshopbelvaros.com\/en\/product\/backside-anal-relax-cream-50-ml-gyogynovenyes-stimulalo-krem\/","title":{"rendered":"\ud83c\udf51\ud83e\uddf4 Backside Relax Cream \u2013 The cream that doesn't open doors... it just leaves them open."},"content":{"rendered":"<p data-start=\"252\" data-end=\"634\">Ero Anal Relaxing Cream is a gentle, herbal formula that helps you prepare and relax more comfortably. This 50 ml anal relaxing cream doesn&#039;t ask &quot;are you sure?&quot; - it just glides on, softens and whispers: <em data-start=\"361\" data-end=\"402\">&quot;Come on, everything will be fine.&quot;<\/em> The herbal, stimulating ingredients gently relax the sphincter, while aloe vera hydrates, vitamin E soothes, and the whole thing acts like giving your butt a spa treatment\u2026 but on the other side of the door.<\/p>\n<p data-start=\"636\" data-end=\"876\">The oily base provides extra slipperiness, so together with the lubricant, it turns the terrain into a real slippery road. It doesn&#039;t numb or burn, it just prepares you softly and firmly - as if someone knocked before opening the door and brought flowers in the process.<\/p>\n<p data-start=\"878\" data-end=\"979\">Apply before use, give it a few minutes and let your body decide. Spoiler: it will go in.<\/p>\n<p data-start=\"878\" data-end=\"979\">\ud83d\udc49 You should check out the rest of our <a href=\"https:\/\/www.szexshopbelvaros.com\/en\/product-category\/anal\/anal-relax-sikositok\/\">anal relax<\/a> items!<\/p>\n<p>\ud83d\udc49 Get it in Budapest within an hour <a href=\"https:\/\/wolt.com\/hu\/hun\/budapest\/venue\/szexshop-belvaros\/backside-anal-relax-cream-50-ml-gyogynovenyes-stimulalo-krem-itemid-535a66d06142e31d1cb0dd6e\">at our Szexshop Belv\u00e1ros Wolt store<\/a>or order here at <a class=\"decorated-link cursor-pointer\" target=\"_new\" rel=\"noopener\" data-start=\"283\" data-end=\"307\">www.szexshopbelvaros.com<\/a> . We deliver to the entire territory of Hungary and the EU. Let the gentle, relaxing formula do its job... you will feel the rest anyway.<\/p>","protected":false},"excerpt":{"rendered":"<p>Az Ero an\u00e1l relax kr\u00e9m egy gyeng\u00e9d, gy\u00f3gyn\u00f6v\u00e9nyes formula, amely seg\u00edt a k\u00e9nyelmesebb el\u0151k\u00e9sz\u00edt\u00e9sben \u00e9s ellaz\u00edt\u00e1sban. Ez az 50 ml-es an\u00e1l relax kr\u00e9m nem k\u00e9rdezi, hogy \u201ebiztos vagy benne?\u201d \u2013 csak belesimul, puh\u00edt, \u00e9s azt s\u00fagja: \u201egyere nyugodtan, minden rendben lesz.\u201d A gy\u00f3gyn\u00f6v\u00e9nyes, stimul\u00e1l\u00f3 \u00f6sszetev\u0151k finoman ellaz\u00edtj\u00e1k a z\u00e1r\u00f3izmot, mik\u00f6zben az aloe vera hidrat\u00e1l, az [&#8230;]\n","protected":false},"featured_media":119,"comment_status":"closed","ping_status":"closed","template":"","meta":[],"product_brand":[73],"product_cat":[135,74],"product_tag":[1753,418,677,676,1685,1760,1758,1748,339,1392,1393,1761,1762,1749,1750,2498,2499,758,1755,1381,1756,1765,499,1318,1751,1752,1763,1757,1684,1747,1759,346],"class_list":{"0":"post-118","1":"product","2":"type-product","3":"status-publish","4":"has-post-thumbnail","6":"product_brand-ero","7":"product_cat-anal","8":"product_cat-anal-relax-sikositok","9":"product_tag-anal-elokeszites","10":"product_tag-anal-jatek","11":"product_tag-anal-lubricant","12":"product_tag-anal-play","13":"product_tag-anal-preparation","14":"product_tag-anal-preparation-cream","15":"product_tag-anal-relax-cream","16":"product_tag-anal-relax-krem","17":"product_tag-anal-sikosito","18":"product_tag-anal-stimulacio","19":"product_tag-anal-stimulation","20":"product_tag-beginner-friendly-anal","21":"product_tag-comfort-formula","22":"product_tag-ellazito-krem","23":"product_tag-elokeszito-krem","24":"product_tag-ero-anal-relax-krem","25":"product_tag-ero-backside-relax-cream","26":"product_tag-gentle-formula","27":"product_tag-gyengeden-lazit","28":"product_tag-hatso-jatek","29":"product_tag-intim-krem","30":"product_tag-intimate-cream","31":"product_tag-intimate-lubricant","32":"product_tag-intimate-toy","33":"product_tag-kezdo-anal-jatek","34":"product_tag-komfortos-behatolas","35":"product_tag-preparation-cream","36":"product_tag-relax-cream","37":"product_tag-relax-gel","38":"product_tag-relax-krem","39":"product_tag-relaxing-formula","40":"product_tag-water-based-lube","42":"first","43":"instock","44":"taxable","45":"shipping-taxable","46":"purchasable","47":"product-type-simple"},"yoast_head":"<!-- This site is optimized with the Yoast SEO plugin v27.4 - https:\/\/yoast.com\/product\/yoast-seo-wordpress\/ -->\n<title>Ero an\u00e1l relax kr\u00e9m \u2013 Backside Relax Cream 50 ml | Szexshop Belv\u00e1ros<\/title>\n<meta name=\"description\" content=\"Ero an\u00e1l relax kr\u00e9m a Szexshop Belv\u00e1ros k\u00edn\u00e1lat\u00e1ban \u2013 gyeng\u00e9d, gy\u00f3gyn\u00f6v\u00e9nyes formula a k\u00e9nyelmes el\u0151k\u00e9sz\u00edt\u00e9shez, diszkr\u00e9t sz\u00e1ll\u00edt\u00e1ssal.\" \/>\n<meta name=\"robots\" content=\"index, follow, max-snippet:-1, max-image-preview:large, max-video-preview:-1\" \/>\n<link rel=\"canonical\" href=\"https:\/\/www.szexshopbelvaros.com\/en\/product\/backside-anal-relax-cream-50-ml-gyogynovenyes-stimulalo-krem\/\" \/>\n<meta property=\"og:locale\" content=\"en_US\" \/>\n<meta property=\"og:type\" content=\"article\" \/>\n<meta property=\"og:title\" content=\"Ero an\u00e1l relax kr\u00e9m \u2013 Backside Relax Cream 50 ml | Szexshop Belv\u00e1ros\" \/>\n<meta property=\"og:description\" content=\"Ero an\u00e1l relax kr\u00e9m a Szexshop Belv\u00e1ros k\u00edn\u00e1lat\u00e1ban \u2013 gyeng\u00e9d, gy\u00f3gyn\u00f6v\u00e9nyes formula a k\u00e9nyelmes el\u0151k\u00e9sz\u00edt\u00e9shez, diszkr\u00e9t sz\u00e1ll\u00edt\u00e1ssal.\" \/>\n<meta property=\"og:url\" content=\"https:\/\/www.szexshopbelvaros.com\/en\/product\/backside-anal-relax-cream-50-ml-gyogynovenyes-stimulalo-krem\/\" \/>\n<meta property=\"og:site_name\" content=\"Szexshop Belvaros\" \/>\n<meta property=\"article:publisher\" content=\"https:\/\/www.facebook.com\/belvarossecrets\/\" \/>\n<meta property=\"article:modified_time\" content=\"2026-04-14T15:15:48+00:00\" \/>\n<meta property=\"og:image\" content=\"https:\/\/www.szexshopbelvaros.com\/wp-content\/uploads\/2025\/01\/96a07258-40d7-11ee-a5d6-3e40cb4e073a_backside_anal_relax_cream_50_ml___2_.jpg\" \/>\n\t<meta property=\"og:image:width\" content=\"1000\" \/>\n\t<meta property=\"og:image:height\" content=\"563\" \/>\n\t<meta property=\"og:image:type\" content=\"image\/jpeg\" \/>\n<meta name=\"twitter:card\" content=\"summary_large_image\" \/>\n<meta name=\"twitter:site\" content=\"@belvarossecrets\" \/>\n<meta name=\"twitter:label1\" content=\"Est. reading time\" \/>\n\t<meta name=\"twitter:data1\" content=\"2 minutes\" \/>\n<script type=\"application\/ld+json\" class=\"yoast-schema-graph\">{\"@context\":\"https:\\\/\\\/schema.org\",\"@graph\":[{\"@type\":\"WebPage\",\"@id\":\"https:\\\/\\\/www.szexshopbelvaros.com\\\/termek\\\/backside-anal-relax-cream-50-ml-gyogynovenyes-stimulalo-krem\\\/\",\"url\":\"https:\\\/\\\/www.szexshopbelvaros.com\\\/termek\\\/backside-anal-relax-cream-50-ml-gyogynovenyes-stimulalo-krem\\\/\",\"name\":\"Ero an\u00e1l relax kr\u00e9m \u2013 Backside Relax Cream 50 ml | Szexshop Belv\u00e1ros\",\"isPartOf\":{\"@id\":\"https:\\\/\\\/www.szexshopbelvaros.com\\\/#website\"},\"primaryImageOfPage\":{\"@id\":\"https:\\\/\\\/www.szexshopbelvaros.com\\\/termek\\\/backside-anal-relax-cream-50-ml-gyogynovenyes-stimulalo-krem\\\/#primaryimage\"},\"image\":{\"@id\":\"https:\\\/\\\/www.szexshopbelvaros.com\\\/termek\\\/backside-anal-relax-cream-50-ml-gyogynovenyes-stimulalo-krem\\\/#primaryimage\"},\"thumbnailUrl\":\"https:\\\/\\\/www.szexshopbelvaros.com\\\/wp-content\\\/uploads\\\/2025\\\/01\\\/96a07258-40d7-11ee-a5d6-3e40cb4e073a_backside_anal_relax_cream_50_ml___2_.jpg\",\"datePublished\":\"2025-01-31T13:34:18+00:00\",\"dateModified\":\"2026-04-14T15:15:48+00:00\",\"description\":\"Ero an\u00e1l relax kr\u00e9m a Szexshop Belv\u00e1ros k\u00edn\u00e1lat\u00e1ban \u2013 gyeng\u00e9d, gy\u00f3gyn\u00f6v\u00e9nyes formula a k\u00e9nyelmes el\u0151k\u00e9sz\u00edt\u00e9shez, diszkr\u00e9t sz\u00e1ll\u00edt\u00e1ssal.\",\"breadcrumb\":{\"@id\":\"https:\\\/\\\/www.szexshopbelvaros.com\\\/termek\\\/backside-anal-relax-cream-50-ml-gyogynovenyes-stimulalo-krem\\\/#breadcrumb\"},\"inLanguage\":\"en-US\",\"potentialAction\":[{\"@type\":\"ReadAction\",\"target\":[\"https:\\\/\\\/www.szexshopbelvaros.com\\\/termek\\\/backside-anal-relax-cream-50-ml-gyogynovenyes-stimulalo-krem\\\/\"]}]},{\"@type\":\"ImageObject\",\"inLanguage\":\"en-US\",\"@id\":\"https:\\\/\\\/www.szexshopbelvaros.com\\\/termek\\\/backside-anal-relax-cream-50-ml-gyogynovenyes-stimulalo-krem\\\/#primaryimage\",\"url\":\"https:\\\/\\\/www.szexshopbelvaros.com\\\/wp-content\\\/uploads\\\/2025\\\/01\\\/96a07258-40d7-11ee-a5d6-3e40cb4e073a_backside_anal_relax_cream_50_ml___2_.jpg\",\"contentUrl\":\"https:\\\/\\\/www.szexshopbelvaros.com\\\/wp-content\\\/uploads\\\/2025\\\/01\\\/96a07258-40d7-11ee-a5d6-3e40cb4e073a_backside_anal_relax_cream_50_ml___2_.jpg\",\"width\":1000,\"height\":563,\"caption\":\"HU: Ero an\u00e1l relax kr\u00e9m 50 ml tubus EN: Ero anal relax cream 50 ml tube\"},{\"@type\":\"BreadcrumbList\",\"@id\":\"https:\\\/\\\/www.szexshopbelvaros.com\\\/termek\\\/backside-anal-relax-cream-50-ml-gyogynovenyes-stimulalo-krem\\\/#breadcrumb\",\"itemListElement\":[{\"@type\":\"ListItem\",\"position\":1,\"name\":\"Home\",\"item\":\"https:\\\/\\\/www.szexshopbelvaros.com\\\/\"},{\"@type\":\"ListItem\",\"position\":2,\"name\":\"\u00c1ruh\u00e1z\",\"item\":\"https:\\\/\\\/www.szexshopbelvaros.com\\\/uzlet\\\/\"},{\"@type\":\"ListItem\",\"position\":3,\"name\":\"\ud83c\udf51\ud83e\uddf4 Backside Relax Cream \u2013 A kr\u00e9m, ami nem nyit ajt\u00f3t\u2026 csak kit\u00e1rja.\"}]},{\"@type\":\"WebSite\",\"@id\":\"https:\\\/\\\/www.szexshopbelvaros.com\\\/#website\",\"url\":\"https:\\\/\\\/www.szexshopbelvaros.com\\\/\",\"name\":\"Szexshop Belv\u00e1ros\",\"description\":\"\ud83d\udd25 A szex olyan, mint a p\u00e9nz; csak a t\u00fal sok el\u00e9g!\u2122 Titkok a belv\u00e1rosb\u00f3l \ud83d\udc8b | Secrets from Budapest \ud83d\udc8e Feln\u0151tt j\u00e1t\u00e9kok \u2022 Erotika \u2022 Szexshop Belvaros\",\"publisher\":{\"@id\":\"https:\\\/\\\/www.szexshopbelvaros.com\\\/#organization\"},\"potentialAction\":[{\"@type\":\"SearchAction\",\"target\":{\"@type\":\"EntryPoint\",\"urlTemplate\":\"https:\\\/\\\/www.szexshopbelvaros.com\\\/?s={search_term_string}\"},\"query-input\":{\"@type\":\"PropertyValueSpecification\",\"valueRequired\":true,\"valueName\":\"search_term_string\"}}],\"inLanguage\":\"en-US\"},{\"@type\":\"Organization\",\"@id\":\"https:\\\/\\\/www.szexshopbelvaros.com\\\/#organization\",\"name\":\"Szexshop Belv\u00e1ros\",\"alternateName\":\"szexshopbelvaros.com\",\"url\":\"https:\\\/\\\/www.szexshopbelvaros.com\\\/\",\"logo\":{\"@type\":\"ImageObject\",\"inLanguage\":\"en-US\",\"@id\":\"https:\\\/\\\/www.szexshopbelvaros.com\\\/#\\\/schema\\\/logo\\\/image\\\/\",\"url\":\"https:\\\/\\\/www.szexshopbelvaros.com\\\/wp-content\\\/uploads\\\/2025\\\/09\\\/1Szexshopbelvaroslogo_blurred_stronger.jpg\",\"contentUrl\":\"https:\\\/\\\/www.szexshopbelvaros.com\\\/wp-content\\\/uploads\\\/2025\\\/09\\\/1Szexshopbelvaroslogo_blurred_stronger.jpg\",\"width\":1024,\"height\":1024,\"caption\":\"Szexshop Belv\u00e1ros\"},\"image\":{\"@id\":\"https:\\\/\\\/www.szexshopbelvaros.com\\\/#\\\/schema\\\/logo\\\/image\\\/\"},\"sameAs\":[\"https:\\\/\\\/www.facebook.com\\\/belvarossecrets\\\/\",\"https:\\\/\\\/x.com\\\/belvarossecrets\",\"https:\\\/\\\/www.instagram.com\\\/belvarossecrets\\\/\",\"https:\\\/\\\/www.tiktok.com\\\/@belvarossecrets\"]}]}<\/script>\n<!-- \/ Yoast SEO plugin. -->","yoast_head_json":{"title":"Ero anal relax cream \u2013 Backside Relax Cream 50 ml | Sex shop Belv\u00e1ros","description":"Ero anal relaxation cream available at Szexshop Belv\u00e1ros \u2013 gentle, herbal formula for comfortable preparation, with discreet delivery.","robots":{"index":"index","follow":"follow","max-snippet":"max-snippet:-1","max-image-preview":"max-image-preview:large","max-video-preview":"max-video-preview:-1"},"canonical":"https:\/\/www.szexshopbelvaros.com\/en\/product\/backside-anal-relax-cream-50-ml-gyogynovenyes-stimulalo-krem\/","og_locale":"en_US","og_type":"article","og_title":"Ero an\u00e1l relax kr\u00e9m \u2013 Backside Relax Cream 50 ml | Szexshop Belv\u00e1ros","og_description":"Ero an\u00e1l relax kr\u00e9m a Szexshop Belv\u00e1ros k\u00edn\u00e1lat\u00e1ban \u2013 gyeng\u00e9d, gy\u00f3gyn\u00f6v\u00e9nyes formula a k\u00e9nyelmes el\u0151k\u00e9sz\u00edt\u00e9shez, diszkr\u00e9t sz\u00e1ll\u00edt\u00e1ssal.","og_url":"https:\/\/www.szexshopbelvaros.com\/en\/product\/backside-anal-relax-cream-50-ml-gyogynovenyes-stimulalo-krem\/","og_site_name":"Szexshop Belvaros","article_publisher":"https:\/\/www.facebook.com\/belvarossecrets\/","article_modified_time":"2026-04-14T15:15:48+00:00","og_image":[{"width":1000,"height":563,"url":"https:\/\/www.szexshopbelvaros.com\/wp-content\/uploads\/2025\/01\/96a07258-40d7-11ee-a5d6-3e40cb4e073a_backside_anal_relax_cream_50_ml___2_.jpg","type":"image\/jpeg"}],"twitter_card":"summary_large_image","twitter_site":"@belvarossecrets","twitter_misc":{"Est. reading time":"2 minutes"},"schema":{"@context":"https:\/\/schema.org","@graph":[{"@type":"WebPage","@id":"https:\/\/www.szexshopbelvaros.com\/termek\/backside-anal-relax-cream-50-ml-gyogynovenyes-stimulalo-krem\/","url":"https:\/\/www.szexshopbelvaros.com\/termek\/backside-anal-relax-cream-50-ml-gyogynovenyes-stimulalo-krem\/","name":"Ero anal relax cream \u2013 Backside Relax Cream 50 ml | Sex shop Belv\u00e1ros","isPartOf":{"@id":"https:\/\/www.szexshopbelvaros.com\/#website"},"primaryImageOfPage":{"@id":"https:\/\/www.szexshopbelvaros.com\/termek\/backside-anal-relax-cream-50-ml-gyogynovenyes-stimulalo-krem\/#primaryimage"},"image":{"@id":"https:\/\/www.szexshopbelvaros.com\/termek\/backside-anal-relax-cream-50-ml-gyogynovenyes-stimulalo-krem\/#primaryimage"},"thumbnailUrl":"https:\/\/www.szexshopbelvaros.com\/wp-content\/uploads\/2025\/01\/96a07258-40d7-11ee-a5d6-3e40cb4e073a_backside_anal_relax_cream_50_ml___2_.jpg","datePublished":"2025-01-31T13:34:18+00:00","dateModified":"2026-04-14T15:15:48+00:00","description":"Ero anal relaxation cream available at Szexshop Belv\u00e1ros \u2013 gentle, herbal formula for comfortable preparation, with discreet delivery.","breadcrumb":{"@id":"https:\/\/www.szexshopbelvaros.com\/termek\/backside-anal-relax-cream-50-ml-gyogynovenyes-stimulalo-krem\/#breadcrumb"},"inLanguage":"en-US","potentialAction":[{"@type":"ReadAction","target":["https:\/\/www.szexshopbelvaros.com\/termek\/backside-anal-relax-cream-50-ml-gyogynovenyes-stimulalo-krem\/"]}]},{"@type":"ImageObject","inLanguage":"en-US","@id":"https:\/\/www.szexshopbelvaros.com\/termek\/backside-anal-relax-cream-50-ml-gyogynovenyes-stimulalo-krem\/#primaryimage","url":"https:\/\/www.szexshopbelvaros.com\/wp-content\/uploads\/2025\/01\/96a07258-40d7-11ee-a5d6-3e40cb4e073a_backside_anal_relax_cream_50_ml___2_.jpg","contentUrl":"https:\/\/www.szexshopbelvaros.com\/wp-content\/uploads\/2025\/01\/96a07258-40d7-11ee-a5d6-3e40cb4e073a_backside_anal_relax_cream_50_ml___2_.jpg","width":1000,"height":563,"caption":"HU: Ero an\u00e1l relax kr\u00e9m 50 ml tubus EN: Ero anal relax cream 50 ml tube"},{"@type":"BreadcrumbList","@id":"https:\/\/www.szexshopbelvaros.com\/termek\/backside-anal-relax-cream-50-ml-gyogynovenyes-stimulalo-krem\/#breadcrumb","itemListElement":[{"@type":"ListItem","position":1,"name":"Home","item":"https:\/\/www.szexshopbelvaros.com\/"},{"@type":"ListItem","position":2,"name":"\u00c1ruh\u00e1z","item":"https:\/\/www.szexshopbelvaros.com\/uzlet\/"},{"@type":"ListItem","position":3,"name":"\ud83c\udf51\ud83e\uddf4 Backside Relax Cream \u2013 A kr\u00e9m, ami nem nyit ajt\u00f3t\u2026 csak kit\u00e1rja."}]},{"@type":"WebSite","@id":"https:\/\/www.szexshopbelvaros.com\/#website","url":"https:\/\/www.szexshopbelvaros.com\/","name":"at our Szexshop Belv\u00e1ros","description":"\ud83d\udd25 Sex is like money; only too much is enough!\u2122 Secrets from the city center \ud83d\udc8b | Secrets from Budapest \ud83d\udc8e Adult games \u2022 Erotica \u2022 Sex shop Belvaros","publisher":{"@id":"https:\/\/www.szexshopbelvaros.com\/#organization"},"potentialAction":[{"@type":"SearchAction","target":{"@type":"EntryPoint","urlTemplate":"https:\/\/www.szexshopbelvaros.com\/?s={search_term_string}"},"query-input":{"@type":"PropertyValueSpecification","valueRequired":true,"valueName":"search_term_string"}}],"inLanguage":"en-US"},{"@type":"Organization","@id":"https:\/\/www.szexshopbelvaros.com\/#organization","name":"at our Szexshop Belv\u00e1ros","alternateName":"szexshopbelvaros.com","url":"https:\/\/www.szexshopbelvaros.com\/","logo":{"@type":"ImageObject","inLanguage":"en-US","@id":"https:\/\/www.szexshopbelvaros.com\/#\/schema\/logo\/image\/","url":"https:\/\/www.szexshopbelvaros.com\/wp-content\/uploads\/2025\/09\/1Szexshopbelvaroslogo_blurred_stronger.jpg","contentUrl":"https:\/\/www.szexshopbelvaros.com\/wp-content\/uploads\/2025\/09\/1Szexshopbelvaroslogo_blurred_stronger.jpg","width":1024,"height":1024,"caption":"Szexshop Belv\u00e1ros"},"image":{"@id":"https:\/\/www.szexshopbelvaros.com\/#\/schema\/logo\/image\/"},"sameAs":["https:\/\/www.facebook.com\/belvarossecrets\/","https:\/\/x.com\/belvarossecrets","https:\/\/www.instagram.com\/belvarossecrets\/","https:\/\/www.tiktok.com\/@belvarossecrets"]}]}},"_links":{"self":[{"href":"https:\/\/www.szexshopbelvaros.com\/en\/wp-json\/wp\/v2\/product\/118","targetHints":{"allow":["GET"]}}],"collection":[{"href":"https:\/\/www.szexshopbelvaros.com\/en\/wp-json\/wp\/v2\/product"}],"about":[{"href":"https:\/\/www.szexshopbelvaros.com\/en\/wp-json\/wp\/v2\/types\/product"}],"replies":[{"embeddable":true,"href":"https:\/\/www.szexshopbelvaros.com\/en\/wp-json\/wp\/v2\/comments?post=118"}],"wp:featuredmedia":[{"embeddable":true,"href":"https:\/\/www.szexshopbelvaros.com\/en\/wp-json\/wp\/v2\/media\/119"}],"wp:attachment":[{"href":"https:\/\/www.szexshopbelvaros.com\/en\/wp-json\/wp\/v2\/media?parent=118"}],"wp:term":[{"taxonomy":"product_brand","embeddable":true,"href":"https:\/\/www.szexshopbelvaros.com\/en\/wp-json\/wp\/v2\/product_brand?post=118"},{"taxonomy":"product_cat","embeddable":true,"href":"https:\/\/www.szexshopbelvaros.com\/en\/wp-json\/wp\/v2\/product_cat?post=118"},{"taxonomy":"product_tag","embeddable":true,"href":"https:\/\/www.szexshopbelvaros.com\/en\/wp-json\/wp\/v2\/product_tag?post=118"}],"curies":[{"name":"wp","href":"https:\/\/api.w.org\/{rel}","templated":true}]}}