{"id":122,"date":"2025-01-31T14:34:18","date_gmt":"2025-01-31T13:34:18","guid":{"rendered":"https:\/\/www.szexshopbelvaros.com\/termek\/just-glide-anal-50ml-vizbazisu-anal-sikosito-vegan-gyogynovenyes\/"},"modified":"2026-04-10T15:44:02","modified_gmt":"2026-04-10T13:44:02","slug":"just-glide-anal-sikosito-50ml","status":"publish","type":"product","link":"https:\/\/www.szexshopbelvaros.com\/en\/product\/just-glide-anal-sikosito-50ml\/","title":{"rendered":"\ud83d\udca6\ud83c\udf51 Just Glide Anal 50ml \u2013 Small bottle, big glide, zero complaints."},"content":{"rendered":"<p data-start=\"312\" data-end=\"680\">Just Glide anal lubricant comes in a 50ml tube, but don&#039;t let the size fool you. This tube contains a whole evening of hassle-free, skin-friendly, pleasure-optimized experience. Dermatologically tested, 100% vegan, made with herbal ingredients, so it not only glides, but also soothes the area you&#039;re about to use.<\/p>\n<p data-start=\"312\" data-end=\"680\">It&#039;s tasteless, fragrance-free, oil-free, perfect for sensitive skin - and of course, condom-friendly. Safety is as sexy as the meeting of slippery bodies. It&#039;s specifically designed for anal pleasure, but if something else slips on it, we won&#039;t report it.<\/p>\n<p data-start=\"959\" data-end=\"1172\">If you are looking for a discreet, reliable, and skin-friendly anal lubricant that fits in your bag or deep in your nightstand, then the <em data-start=\"1083\" data-end=\"1105\">Just Glide Anal 50ml is for you.<\/em> It delivers exactly what its name promises: a smooth ride \u2013 in every sense.<\/p>\n<p data-start=\"1394\" data-end=\"1440\">\ud83d\udc49 Check out the rest of our <a href=\"https:\/\/www.szexshopbelvaros.com\/en\/product-category\/anal\/anal-relax-sikositok\/\">anal lubricant<\/a> product too!<\/p>\n<p data-start=\"184\" data-end=\"446\"><strong data-start=\"184\" data-end=\"446\">\ud83d\udc49 <\/strong>Get it within an hour at Budapest SzexShop Belv\u00e1ros <a href=\"https:\/\/wolt.com\/hu\/hun\/budapest\/venue\/szexshop-belvaros\/just-glide-water-50ml-vegan-vizbazisu-sikosito-erzekenyeknek-is-itemid-ec2dd3cd5d4f0837620e78f7\">Wolt store<\/a>or order here at <a class=\"decorated-link cursor-pointer\" target=\"_new\" rel=\"noopener\" data-start=\"365\" data-end=\"389\">www.szexshopbelvaros.com<\/a> . We deliver to the entire territory of Hungary and the EU.<\/p>\n<p>&nbsp;<\/p>","protected":false},"excerpt":{"rendered":"<p>A Just Glide an\u00e1l s\u00edkos\u00edt\u00f3 50 ml-es kiszerel\u00e9sben \u00e9rkezik, de ne hagyd, hogy a m\u00e9ret megt\u00e9vesszen. Ebben a tubusban elf\u00e9r egy eg\u00e9sz este probl\u00e9mamentes, b\u0151rbar\u00e1t, gy\u00f6ny\u00f6rre optimaliz\u00e1lt hat\u00f3 \u00e9lm\u00e9ny. Dermatol\u00f3giailag tesztelt, 100%-ban veg\u00e1n, gy\u00f3gyn\u00f6v\u00e9nyes \u00f6sszetev\u0151kkel k\u00e9sz\u00fclt, \u00edgy nemcsak cs\u00faszik, hanem meg is nyugtatja a ter\u00fcletet, amit \u00e9pp haszn\u00e1latba vett\u00e9l. \u00cdz- \u00e9s illatmentes, olajmentes, \u00e9rz\u00e9keny b\u0151rre [&#8230;]\n","protected":false},"featured_media":123,"comment_status":"closed","ping_status":"closed","template":"","meta":[],"product_brand":[337],"product_cat":[135,74],"product_tag":[1753,418,677,676,1685,339,2581,1392,1393,1770,1777,1776,1718,1769,1381,1773,499,1318,2579,2580,1767,1771,1684,1775,1774,1695,1711,1768,340,346,495],"class_list":{"0":"post-122","1":"product","2":"type-product","3":"status-publish","4":"has-post-thumbnail","6":"product_brand-just-glide","7":"product_cat-anal","8":"product_cat-anal-relax-sikositok","9":"product_tag-anal-elokeszites","10":"product_tag-anal-jatek","11":"product_tag-anal-lubricant","12":"product_tag-anal-play","13":"product_tag-anal-preparation","14":"product_tag-anal-sikosito","15":"product_tag-anal-sikosito-50ml","16":"product_tag-anal-stimulacio","17":"product_tag-anal-stimulation","18":"product_tag-borbarat-sikosito","19":"product_tag-compact-size","20":"product_tag-daily-use-lubricant","21":"product_tag-erzekeny-borre","22":"product_tag-gyogynovenyes-formula","23":"product_tag-hatso-jatek","24":"product_tag-herbal-formula","25":"product_tag-intimate-lubricant","26":"product_tag-intimate-toy","27":"product_tag-just-glide-anal-50ml","28":"product_tag-just-glide-anal-sikosito","29":"product_tag-kis-kiszereles","30":"product_tag-mindennapi-hasznalat","31":"product_tag-relax-gel","32":"product_tag-sensitive-skin-safe","33":"product_tag-skin-friendly-lube","34":"product_tag-travel-size-lube","35":"product_tag-utazo-meret","36":"product_tag-vegan-formula","37":"product_tag-vizbazisu-sikosito","38":"product_tag-water-based-lube","39":"product_tag-water-based-lubricant","41":"first","42":"instock","43":"taxable","44":"shipping-taxable","45":"purchasable","46":"product-type-simple"},"yoast_head":"<!-- This site is optimized with the Yoast SEO plugin v27.4 - https:\/\/yoast.com\/product\/yoast-seo-wordpress\/ -->\n<title>\ud83d\udca6 Just Glide an\u00e1l s\u00edkos\u00edt\u00f3 50 ml \u2013 kis flakon | Szexshop Belv\u00e1ros<\/title>\n<meta name=\"description\" content=\"Just Glide an\u00e1l s\u00edkos\u00edt\u00f3 50 ml \u2013 v\u00edzb\u00e1zis\u00fa, b\u0151rbar\u00e1t, gy\u00f3gyn\u00f6v\u00e9nyes formula. Diszkr\u00e9t m\u00e9ret, maxim\u00e1lis cs\u00fasz\u00e1s a Szexshop Belv\u00e1ros k\u00edn\u00e1lat\u00e1ban.\" \/>\n<meta name=\"robots\" content=\"index, follow, max-snippet:-1, max-image-preview:large, max-video-preview:-1\" \/>\n<link rel=\"canonical\" href=\"https:\/\/www.szexshopbelvaros.com\/en\/product\/just-glide-anal-sikosito-50ml\/\" \/>\n<meta property=\"og:locale\" content=\"en_US\" \/>\n<meta property=\"og:type\" content=\"article\" \/>\n<meta property=\"og:title\" content=\"\ud83d\udca6 Just Glide an\u00e1l s\u00edkos\u00edt\u00f3 50 ml \u2013 kis flakon | Szexshop Belv\u00e1ros\" \/>\n<meta property=\"og:description\" content=\"Just Glide an\u00e1l s\u00edkos\u00edt\u00f3 50 ml \u2013 v\u00edzb\u00e1zis\u00fa, b\u0151rbar\u00e1t, gy\u00f3gyn\u00f6v\u00e9nyes formula. Diszkr\u00e9t m\u00e9ret, maxim\u00e1lis cs\u00fasz\u00e1s a Szexshop Belv\u00e1ros k\u00edn\u00e1lat\u00e1ban.\" \/>\n<meta property=\"og:url\" content=\"https:\/\/www.szexshopbelvaros.com\/en\/product\/just-glide-anal-sikosito-50ml\/\" \/>\n<meta property=\"og:site_name\" content=\"Szexshop Belvaros\" \/>\n<meta property=\"article:publisher\" content=\"https:\/\/www.facebook.com\/belvarossecrets\/\" \/>\n<meta property=\"article:modified_time\" content=\"2026-04-10T13:44:02+00:00\" \/>\n<meta property=\"og:image\" content=\"https:\/\/www.szexshopbelvaros.com\/wp-content\/uploads\/2025\/01\/0165430a-40da-11ee-9198-2a9008957c75_just_glide_anal_50ml__2_.jpg\" \/>\n\t<meta property=\"og:image:width\" content=\"1000\" \/>\n\t<meta property=\"og:image:height\" content=\"563\" \/>\n\t<meta property=\"og:image:type\" content=\"image\/jpeg\" \/>\n<meta name=\"twitter:card\" content=\"summary_large_image\" \/>\n<meta name=\"twitter:site\" content=\"@belvarossecrets\" \/>\n<meta name=\"twitter:label1\" content=\"Est. reading time\" \/>\n\t<meta name=\"twitter:data1\" content=\"2 minutes\" \/>\n<script type=\"application\/ld+json\" class=\"yoast-schema-graph\">{\"@context\":\"https:\\\/\\\/schema.org\",\"@graph\":[{\"@type\":\"WebPage\",\"@id\":\"https:\\\/\\\/www.szexshopbelvaros.com\\\/termek\\\/just-glide-anal-sikosito-50ml\\\/\",\"url\":\"https:\\\/\\\/www.szexshopbelvaros.com\\\/termek\\\/just-glide-anal-sikosito-50ml\\\/\",\"name\":\"\ud83d\udca6 Just Glide an\u00e1l s\u00edkos\u00edt\u00f3 50 ml \u2013 kis flakon | Szexshop Belv\u00e1ros\",\"isPartOf\":{\"@id\":\"https:\\\/\\\/www.szexshopbelvaros.com\\\/#website\"},\"primaryImageOfPage\":{\"@id\":\"https:\\\/\\\/www.szexshopbelvaros.com\\\/termek\\\/just-glide-anal-sikosito-50ml\\\/#primaryimage\"},\"image\":{\"@id\":\"https:\\\/\\\/www.szexshopbelvaros.com\\\/termek\\\/just-glide-anal-sikosito-50ml\\\/#primaryimage\"},\"thumbnailUrl\":\"https:\\\/\\\/www.szexshopbelvaros.com\\\/wp-content\\\/uploads\\\/2025\\\/01\\\/0165430a-40da-11ee-9198-2a9008957c75_just_glide_anal_50ml__2_.jpg\",\"datePublished\":\"2025-01-31T13:34:18+00:00\",\"dateModified\":\"2026-04-10T13:44:02+00:00\",\"description\":\"Just Glide an\u00e1l s\u00edkos\u00edt\u00f3 50 ml \u2013 v\u00edzb\u00e1zis\u00fa, b\u0151rbar\u00e1t, gy\u00f3gyn\u00f6v\u00e9nyes formula. Diszkr\u00e9t m\u00e9ret, maxim\u00e1lis cs\u00fasz\u00e1s a Szexshop Belv\u00e1ros k\u00edn\u00e1lat\u00e1ban.\",\"breadcrumb\":{\"@id\":\"https:\\\/\\\/www.szexshopbelvaros.com\\\/termek\\\/just-glide-anal-sikosito-50ml\\\/#breadcrumb\"},\"inLanguage\":\"en-US\",\"potentialAction\":[{\"@type\":\"ReadAction\",\"target\":[\"https:\\\/\\\/www.szexshopbelvaros.com\\\/termek\\\/just-glide-anal-sikosito-50ml\\\/\"]}]},{\"@type\":\"ImageObject\",\"inLanguage\":\"en-US\",\"@id\":\"https:\\\/\\\/www.szexshopbelvaros.com\\\/termek\\\/just-glide-anal-sikosito-50ml\\\/#primaryimage\",\"url\":\"https:\\\/\\\/www.szexshopbelvaros.com\\\/wp-content\\\/uploads\\\/2025\\\/01\\\/0165430a-40da-11ee-9198-2a9008957c75_just_glide_anal_50ml__2_.jpg\",\"contentUrl\":\"https:\\\/\\\/www.szexshopbelvaros.com\\\/wp-content\\\/uploads\\\/2025\\\/01\\\/0165430a-40da-11ee-9198-2a9008957c75_just_glide_anal_50ml__2_.jpg\",\"width\":1000,\"height\":563,\"caption\":\"HU: Just Glide an\u00e1l s\u00edkos\u00edt\u00f3 50 ml v\u00edzb\u00e1zis\u00fa s\u00edkos\u00edt\u00f3 diszkr\u00e9t kiszerel\u00e9sben EN: Just Glide anal lubricant 50 ml water-based lubricant in discreet size\"},{\"@type\":\"BreadcrumbList\",\"@id\":\"https:\\\/\\\/www.szexshopbelvaros.com\\\/termek\\\/just-glide-anal-sikosito-50ml\\\/#breadcrumb\",\"itemListElement\":[{\"@type\":\"ListItem\",\"position\":1,\"name\":\"Home\",\"item\":\"https:\\\/\\\/www.szexshopbelvaros.com\\\/\"},{\"@type\":\"ListItem\",\"position\":2,\"name\":\"\u00c1ruh\u00e1z\",\"item\":\"https:\\\/\\\/www.szexshopbelvaros.com\\\/uzlet\\\/\"},{\"@type\":\"ListItem\",\"position\":3,\"name\":\"\ud83d\udca6\ud83c\udf51 Just Glide An\u00e1l 50ml \u2013 Kis flakon, nagy cs\u00fasz\u00e1s, nulla kifog\u00e1s.\"}]},{\"@type\":\"WebSite\",\"@id\":\"https:\\\/\\\/www.szexshopbelvaros.com\\\/#website\",\"url\":\"https:\\\/\\\/www.szexshopbelvaros.com\\\/\",\"name\":\"Szexshop Belv\u00e1ros\",\"description\":\"\ud83d\udd25 A szex olyan, mint a p\u00e9nz; csak a t\u00fal sok el\u00e9g!\u2122 Titkok a belv\u00e1rosb\u00f3l \ud83d\udc8b | Secrets from Budapest \ud83d\udc8e Feln\u0151tt j\u00e1t\u00e9kok \u2022 Erotika \u2022 Szexshop Belvaros\",\"publisher\":{\"@id\":\"https:\\\/\\\/www.szexshopbelvaros.com\\\/#organization\"},\"potentialAction\":[{\"@type\":\"SearchAction\",\"target\":{\"@type\":\"EntryPoint\",\"urlTemplate\":\"https:\\\/\\\/www.szexshopbelvaros.com\\\/?s={search_term_string}\"},\"query-input\":{\"@type\":\"PropertyValueSpecification\",\"valueRequired\":true,\"valueName\":\"search_term_string\"}}],\"inLanguage\":\"en-US\"},{\"@type\":\"Organization\",\"@id\":\"https:\\\/\\\/www.szexshopbelvaros.com\\\/#organization\",\"name\":\"Szexshop Belv\u00e1ros\",\"alternateName\":\"szexshopbelvaros.com\",\"url\":\"https:\\\/\\\/www.szexshopbelvaros.com\\\/\",\"logo\":{\"@type\":\"ImageObject\",\"inLanguage\":\"en-US\",\"@id\":\"https:\\\/\\\/www.szexshopbelvaros.com\\\/#\\\/schema\\\/logo\\\/image\\\/\",\"url\":\"https:\\\/\\\/www.szexshopbelvaros.com\\\/wp-content\\\/uploads\\\/2025\\\/09\\\/1Szexshopbelvaroslogo_blurred_stronger.jpg\",\"contentUrl\":\"https:\\\/\\\/www.szexshopbelvaros.com\\\/wp-content\\\/uploads\\\/2025\\\/09\\\/1Szexshopbelvaroslogo_blurred_stronger.jpg\",\"width\":1024,\"height\":1024,\"caption\":\"Szexshop Belv\u00e1ros\"},\"image\":{\"@id\":\"https:\\\/\\\/www.szexshopbelvaros.com\\\/#\\\/schema\\\/logo\\\/image\\\/\"},\"sameAs\":[\"https:\\\/\\\/www.facebook.com\\\/belvarossecrets\\\/\",\"https:\\\/\\\/x.com\\\/belvarossecrets\",\"https:\\\/\\\/www.instagram.com\\\/belvarossecrets\\\/\",\"https:\\\/\\\/www.tiktok.com\\\/@belvarossecrets\"]}]}<\/script>\n<!-- \/ Yoast SEO plugin. -->","yoast_head_json":{"title":"\ud83d\udca6 Just Glide anal lubricant 50 ml \u2013 small bottle | Sex shop Belv\u00e1ros","description":"Just Glide anal lubricant 50 ml \u2013 water-based, skin-friendly, herbal formula. Discreet size, maximum glide in the offer of Szexshop Belv\u00e1ros.","robots":{"index":"index","follow":"follow","max-snippet":"max-snippet:-1","max-image-preview":"max-image-preview:large","max-video-preview":"max-video-preview:-1"},"canonical":"https:\/\/www.szexshopbelvaros.com\/en\/product\/just-glide-anal-sikosito-50ml\/","og_locale":"en_US","og_type":"article","og_title":"\ud83d\udca6 Just Glide an\u00e1l s\u00edkos\u00edt\u00f3 50 ml \u2013 kis flakon | Szexshop Belv\u00e1ros","og_description":"Just Glide an\u00e1l s\u00edkos\u00edt\u00f3 50 ml \u2013 v\u00edzb\u00e1zis\u00fa, b\u0151rbar\u00e1t, gy\u00f3gyn\u00f6v\u00e9nyes formula. Diszkr\u00e9t m\u00e9ret, maxim\u00e1lis cs\u00fasz\u00e1s a Szexshop Belv\u00e1ros k\u00edn\u00e1lat\u00e1ban.","og_url":"https:\/\/www.szexshopbelvaros.com\/en\/product\/just-glide-anal-sikosito-50ml\/","og_site_name":"Szexshop Belvaros","article_publisher":"https:\/\/www.facebook.com\/belvarossecrets\/","article_modified_time":"2026-04-10T13:44:02+00:00","og_image":[{"width":1000,"height":563,"url":"https:\/\/www.szexshopbelvaros.com\/wp-content\/uploads\/2025\/01\/0165430a-40da-11ee-9198-2a9008957c75_just_glide_anal_50ml__2_.jpg","type":"image\/jpeg"}],"twitter_card":"summary_large_image","twitter_site":"@belvarossecrets","twitter_misc":{"Est. reading time":"2 minutes"},"schema":{"@context":"https:\/\/schema.org","@graph":[{"@type":"WebPage","@id":"https:\/\/www.szexshopbelvaros.com\/termek\/just-glide-anal-sikosito-50ml\/","url":"https:\/\/www.szexshopbelvaros.com\/termek\/just-glide-anal-sikosito-50ml\/","name":"\ud83d\udca6 Just Glide anal lubricant 50 ml \u2013 small bottle | Sex shop Belv\u00e1ros","isPartOf":{"@id":"https:\/\/www.szexshopbelvaros.com\/#website"},"primaryImageOfPage":{"@id":"https:\/\/www.szexshopbelvaros.com\/termek\/just-glide-anal-sikosito-50ml\/#primaryimage"},"image":{"@id":"https:\/\/www.szexshopbelvaros.com\/termek\/just-glide-anal-sikosito-50ml\/#primaryimage"},"thumbnailUrl":"https:\/\/www.szexshopbelvaros.com\/wp-content\/uploads\/2025\/01\/0165430a-40da-11ee-9198-2a9008957c75_just_glide_anal_50ml__2_.jpg","datePublished":"2025-01-31T13:34:18+00:00","dateModified":"2026-04-10T13:44:02+00:00","description":"Just Glide anal lubricant 50 ml \u2013 water-based, skin-friendly, herbal formula. Discreet size, maximum glide in the offer of Szexshop Belv\u00e1ros.","breadcrumb":{"@id":"https:\/\/www.szexshopbelvaros.com\/termek\/just-glide-anal-sikosito-50ml\/#breadcrumb"},"inLanguage":"en-US","potentialAction":[{"@type":"ReadAction","target":["https:\/\/www.szexshopbelvaros.com\/termek\/just-glide-anal-sikosito-50ml\/"]}]},{"@type":"ImageObject","inLanguage":"en-US","@id":"https:\/\/www.szexshopbelvaros.com\/termek\/just-glide-anal-sikosito-50ml\/#primaryimage","url":"https:\/\/www.szexshopbelvaros.com\/wp-content\/uploads\/2025\/01\/0165430a-40da-11ee-9198-2a9008957c75_just_glide_anal_50ml__2_.jpg","contentUrl":"https:\/\/www.szexshopbelvaros.com\/wp-content\/uploads\/2025\/01\/0165430a-40da-11ee-9198-2a9008957c75_just_glide_anal_50ml__2_.jpg","width":1000,"height":563,"caption":"HU: Just Glide an\u00e1l s\u00edkos\u00edt\u00f3 50 ml v\u00edzb\u00e1zis\u00fa s\u00edkos\u00edt\u00f3 diszkr\u00e9t kiszerel\u00e9sben EN: Just Glide anal lubricant 50 ml water-based lubricant in discreet size"},{"@type":"BreadcrumbList","@id":"https:\/\/www.szexshopbelvaros.com\/termek\/just-glide-anal-sikosito-50ml\/#breadcrumb","itemListElement":[{"@type":"ListItem","position":1,"name":"Home","item":"https:\/\/www.szexshopbelvaros.com\/"},{"@type":"ListItem","position":2,"name":"\u00c1ruh\u00e1z","item":"https:\/\/www.szexshopbelvaros.com\/uzlet\/"},{"@type":"ListItem","position":3,"name":"\ud83d\udca6\ud83c\udf51 Just Glide An\u00e1l 50ml \u2013 Kis flakon, nagy cs\u00fasz\u00e1s, nulla kifog\u00e1s."}]},{"@type":"WebSite","@id":"https:\/\/www.szexshopbelvaros.com\/#website","url":"https:\/\/www.szexshopbelvaros.com\/","name":"at our Szexshop Belv\u00e1ros","description":"\ud83d\udd25 Sex is like money; only too much is enough!\u2122 Secrets from the city center \ud83d\udc8b | Secrets from Budapest \ud83d\udc8e Adult games \u2022 Erotica \u2022 Sex shop Belvaros","publisher":{"@id":"https:\/\/www.szexshopbelvaros.com\/#organization"},"potentialAction":[{"@type":"SearchAction","target":{"@type":"EntryPoint","urlTemplate":"https:\/\/www.szexshopbelvaros.com\/?s={search_term_string}"},"query-input":{"@type":"PropertyValueSpecification","valueRequired":true,"valueName":"search_term_string"}}],"inLanguage":"en-US"},{"@type":"Organization","@id":"https:\/\/www.szexshopbelvaros.com\/#organization","name":"at our Szexshop Belv\u00e1ros","alternateName":"szexshopbelvaros.com","url":"https:\/\/www.szexshopbelvaros.com\/","logo":{"@type":"ImageObject","inLanguage":"en-US","@id":"https:\/\/www.szexshopbelvaros.com\/#\/schema\/logo\/image\/","url":"https:\/\/www.szexshopbelvaros.com\/wp-content\/uploads\/2025\/09\/1Szexshopbelvaroslogo_blurred_stronger.jpg","contentUrl":"https:\/\/www.szexshopbelvaros.com\/wp-content\/uploads\/2025\/09\/1Szexshopbelvaroslogo_blurred_stronger.jpg","width":1024,"height":1024,"caption":"Szexshop Belv\u00e1ros"},"image":{"@id":"https:\/\/www.szexshopbelvaros.com\/#\/schema\/logo\/image\/"},"sameAs":["https:\/\/www.facebook.com\/belvarossecrets\/","https:\/\/x.com\/belvarossecrets","https:\/\/www.instagram.com\/belvarossecrets\/","https:\/\/www.tiktok.com\/@belvarossecrets"]}]}},"_links":{"self":[{"href":"https:\/\/www.szexshopbelvaros.com\/en\/wp-json\/wp\/v2\/product\/122","targetHints":{"allow":["GET"]}}],"collection":[{"href":"https:\/\/www.szexshopbelvaros.com\/en\/wp-json\/wp\/v2\/product"}],"about":[{"href":"https:\/\/www.szexshopbelvaros.com\/en\/wp-json\/wp\/v2\/types\/product"}],"replies":[{"embeddable":true,"href":"https:\/\/www.szexshopbelvaros.com\/en\/wp-json\/wp\/v2\/comments?post=122"}],"wp:featuredmedia":[{"embeddable":true,"href":"https:\/\/www.szexshopbelvaros.com\/en\/wp-json\/wp\/v2\/media\/123"}],"wp:attachment":[{"href":"https:\/\/www.szexshopbelvaros.com\/en\/wp-json\/wp\/v2\/media?parent=122"}],"wp:term":[{"taxonomy":"product_brand","embeddable":true,"href":"https:\/\/www.szexshopbelvaros.com\/en\/wp-json\/wp\/v2\/product_brand?post=122"},{"taxonomy":"product_cat","embeddable":true,"href":"https:\/\/www.szexshopbelvaros.com\/en\/wp-json\/wp\/v2\/product_cat?post=122"},{"taxonomy":"product_tag","embeddable":true,"href":"https:\/\/www.szexshopbelvaros.com\/en\/wp-json\/wp\/v2\/product_tag?post=122"}],"curies":[{"name":"wp","href":"https:\/\/api.w.org\/{rel}","templated":true}]}}