{"id":130,"date":"2025-01-31T14:34:18","date_gmt":"2025-01-31T13:34:18","guid":{"rendered":"https:\/\/www.szexshopbelvaros.com\/termek\/fetish-bondage-rope-red-6-m\/"},"modified":"2026-02-16T16:16:53","modified_gmt":"2026-02-16T15:16:53","slug":"fetish-bondage-rope-red-6-m","status":"publish","type":"product","link":"https:\/\/www.szexshopbelvaros.com\/en\/product\/fetish-bondage-rope-red-6-m\/","title":{"rendered":"Fetish Bondage Rope \u2013 10m of red passion that tells you who&#039;s boss through 8mm"},"content":{"rendered":"<p data-start=\"303\" data-end=\"938\">This <strong data-start=\"308\" data-end=\"367\">10 meters long, 8 mm thick, red cotton bondage rope<\/strong> It&#039;s not about subtlety\u2014this kind of bond not only lasts, it dominates. The <strong data-start=\"447\" data-end=\"482\">thicker, more powerful design<\/strong> gives a more solid feel with every ride, while the <strong data-start=\"534\" data-end=\"548\">soft cotton<\/strong> so gentle on the skin that your victim will tremble gratefully at the end of the tying (or at least not scream in pain - big difference). Ideal <strong data-start=\"695\" data-end=\"718\">For BDSM role play<\/strong>, <strong data-start=\"720\" data-end=\"734\">for shibari<\/strong>, or if you want a more intense experience, where you not only wrap your body but also the power dynamics nicely. And well, 10 meters\u2026 that&#039;s not a game anymore. That&#039;s a whole <em data-start=\"905\" data-end=\"937\">cable car to guilty pleasures<\/em>.<\/p>\n<hr data-start=\"940\" data-end=\"943\" \/>\n<p data-start=\"945\" data-end=\"1071\" data-is-last-node=\"\" data-is-only-node=\"\">Power, elegance, and a little red smothering \u2014 what&#039;s not to love about it?<\/p>\n<p>&nbsp;<\/p>","protected":false},"excerpt":{"rendered":"<p>Ez a 10 m\u00e9ter hossz\u00fa, 8 mm vastag, piros pamut bondage k\u00f6t\u00e9l nem a finomkod\u00e1sr\u00f3l sz\u00f3l \u2014 ez a fajta k\u00f6tel\u00e9k nemcsak tart, de uralkodik is. A vastagabb, er\u0151teljes kialak\u00edt\u00e1s massz\u00edvabb \u00e9rz\u00e9st ad minden teker\u00e9sn\u00e9l, mik\u00f6zben a puha pamut olyan k\u00edm\u00e9letes a b\u0151rh\u00f6z, hogy az \u00e1ldozatod h\u00e1l\u00e1san fog rebegni a k\u00f6t\u00f6z\u00e9s v\u00e9g\u00e9n (vagy legal\u00e1bbis nem [&#8230;]\n","protected":false},"featured_media":1678,"comment_status":"closed","ping_status":"closed","template":"","meta":[],"product_brand":[82],"product_cat":[52,2005],"product_tag":[321,1410,1416,372,1561,389,1415,2008,2021,1407,2022,2020,715],"class_list":{"0":"post-130","1":"product","2":"type-product","3":"status-publish","4":"has-post-thumbnail","6":"product_brand-lovetoy","7":"product_cat-bdsm","8":"product_cat-kotozes-rogzites","9":"product_tag-bdsm","10":"product_tag-bdsm-toy","11":"product_tag-bilincs","12":"product_tag-bondage","13":"product_tag-bondage-rope","14":"product_tag-felnott-jatek","15":"product_tag-handcuffs","16":"product_tag-kink","17":"product_tag-kotelfetis","18":"product_tag-kotozes","19":"product_tag-restraints","20":"product_tag-rogzites","21":"product_tag-szadomazo-kellek","23":"first","24":"instock","25":"taxable","26":"shipping-taxable","27":"purchasable","28":"product-type-simple"},"yoast_head":"<!-- This site is optimized with the Yoast SEO plugin v27.4 - https:\/\/yoast.com\/product\/yoast-seo-wordpress\/ -->\n<title>Fetish Bondage Rope \u201310m piros szenved\u00e9ly, ami 8 mm-en kereszt\u00fcl mondja meg, ki az \u00far - Szexshop Belvaros<\/title>\n<meta name=\"robots\" content=\"index, follow, max-snippet:-1, max-image-preview:large, max-video-preview:-1\" \/>\n<link rel=\"canonical\" href=\"https:\/\/www.szexshopbelvaros.com\/en\/product\/fetish-bondage-rope-red-6-m\/\" \/>\n<meta property=\"og:locale\" content=\"en_US\" \/>\n<meta property=\"og:type\" content=\"article\" \/>\n<meta property=\"og:title\" content=\"Fetish Bondage Rope \u201310m piros szenved\u00e9ly, ami 8 mm-en kereszt\u00fcl mondja meg, ki az \u00far - Szexshop Belvaros\" \/>\n<meta property=\"og:description\" content=\"Ez a 10 m\u00e9ter hossz\u00fa, 8 mm vastag, piros pamut bondage k\u00f6t\u00e9l nem a finomkod\u00e1sr\u00f3l sz\u00f3l \u2014 ez a fajta k\u00f6tel\u00e9k nemcsak tart, de uralkodik is. A vastagabb, er\u0151teljes kialak\u00edt\u00e1s massz\u00edvabb \u00e9rz\u00e9st ad minden teker\u00e9sn\u00e9l, mik\u00f6zben a puha pamut olyan k\u00edm\u00e9letes a b\u0151rh\u00f6z, hogy az \u00e1ldozatod h\u00e1l\u00e1san fog rebegni a k\u00f6t\u00f6z\u00e9s v\u00e9g\u00e9n (vagy legal\u00e1bbis nem [...]\" \/>\n<meta property=\"og:url\" content=\"https:\/\/www.szexshopbelvaros.com\/en\/product\/fetish-bondage-rope-red-6-m\/\" \/>\n<meta property=\"og:site_name\" content=\"Szexshop Belvaros\" \/>\n<meta property=\"article:publisher\" content=\"https:\/\/www.facebook.com\/belvarossecrets\/\" \/>\n<meta property=\"article:modified_time\" content=\"2026-02-16T15:16:53+00:00\" \/>\n<meta name=\"twitter:card\" content=\"summary_large_image\" \/>\n<meta name=\"twitter:site\" content=\"@belvarossecrets\" \/>\n<meta name=\"twitter:label1\" content=\"Est. reading time\" \/>\n\t<meta name=\"twitter:data1\" content=\"1 minute\" \/>\n<script type=\"application\/ld+json\" class=\"yoast-schema-graph\">{\"@context\":\"https:\\\/\\\/schema.org\",\"@graph\":[{\"@type\":\"WebPage\",\"@id\":\"https:\\\/\\\/www.szexshopbelvaros.com\\\/termek\\\/fetish-bondage-rope-red-6-m\\\/\",\"url\":\"https:\\\/\\\/www.szexshopbelvaros.com\\\/termek\\\/fetish-bondage-rope-red-6-m\\\/\",\"name\":\"Fetish Bondage Rope \u201310m piros szenved\u00e9ly, ami 8 mm-en kereszt\u00fcl mondja meg, ki az \u00far - Szexshop Belvaros\",\"isPartOf\":{\"@id\":\"https:\\\/\\\/www.szexshopbelvaros.com\\\/#website\"},\"primaryImageOfPage\":{\"@id\":\"https:\\\/\\\/www.szexshopbelvaros.com\\\/termek\\\/fetish-bondage-rope-red-6-m\\\/#primaryimage\"},\"image\":{\"@id\":\"https:\\\/\\\/www.szexshopbelvaros.com\\\/termek\\\/fetish-bondage-rope-red-6-m\\\/#primaryimage\"},\"thumbnailUrl\":\"https:\\\/\\\/www.szexshopbelvaros.com\\\/wp-content\\\/uploads\\\/2025\\\/01\\\/68063673ad8c24afb1ee7b3e.avif\",\"datePublished\":\"2025-01-31T13:34:18+00:00\",\"dateModified\":\"2026-02-16T15:16:53+00:00\",\"breadcrumb\":{\"@id\":\"https:\\\/\\\/www.szexshopbelvaros.com\\\/termek\\\/fetish-bondage-rope-red-6-m\\\/#breadcrumb\"},\"inLanguage\":\"en-US\",\"potentialAction\":[{\"@type\":\"ReadAction\",\"target\":[\"https:\\\/\\\/www.szexshopbelvaros.com\\\/termek\\\/fetish-bondage-rope-red-6-m\\\/\"]}]},{\"@type\":\"ImageObject\",\"inLanguage\":\"en-US\",\"@id\":\"https:\\\/\\\/www.szexshopbelvaros.com\\\/termek\\\/fetish-bondage-rope-red-6-m\\\/#primaryimage\",\"url\":\"https:\\\/\\\/www.szexshopbelvaros.com\\\/wp-content\\\/uploads\\\/2025\\\/01\\\/68063673ad8c24afb1ee7b3e.avif\",\"contentUrl\":\"https:\\\/\\\/www.szexshopbelvaros.com\\\/wp-content\\\/uploads\\\/2025\\\/01\\\/68063673ad8c24afb1ee7b3e.avif\",\"width\":1200,\"height\":675},{\"@type\":\"BreadcrumbList\",\"@id\":\"https:\\\/\\\/www.szexshopbelvaros.com\\\/termek\\\/fetish-bondage-rope-red-6-m\\\/#breadcrumb\",\"itemListElement\":[{\"@type\":\"ListItem\",\"position\":1,\"name\":\"Home\",\"item\":\"https:\\\/\\\/www.szexshopbelvaros.com\\\/\"},{\"@type\":\"ListItem\",\"position\":2,\"name\":\"\u00c1ruh\u00e1z\",\"item\":\"https:\\\/\\\/www.szexshopbelvaros.com\\\/uzlet\\\/\"},{\"@type\":\"ListItem\",\"position\":3,\"name\":\"Fetish Bondage Rope \u201310m piros szenved\u00e9ly, ami 8 mm-en kereszt\u00fcl mondja meg, ki az \u00far\"}]},{\"@type\":\"WebSite\",\"@id\":\"https:\\\/\\\/www.szexshopbelvaros.com\\\/#website\",\"url\":\"https:\\\/\\\/www.szexshopbelvaros.com\\\/\",\"name\":\"Szexshop Belv\u00e1ros\",\"description\":\"\ud83d\udd25 A szex olyan, mint a p\u00e9nz; csak a t\u00fal sok el\u00e9g!\u2122 Titkok a belv\u00e1rosb\u00f3l \ud83d\udc8b | Secrets from Budapest \ud83d\udc8e Feln\u0151tt j\u00e1t\u00e9kok \u2022 Erotika \u2022 Szexshop Belvaros\",\"publisher\":{\"@id\":\"https:\\\/\\\/www.szexshopbelvaros.com\\\/#organization\"},\"potentialAction\":[{\"@type\":\"SearchAction\",\"target\":{\"@type\":\"EntryPoint\",\"urlTemplate\":\"https:\\\/\\\/www.szexshopbelvaros.com\\\/?s={search_term_string}\"},\"query-input\":{\"@type\":\"PropertyValueSpecification\",\"valueRequired\":true,\"valueName\":\"search_term_string\"}}],\"inLanguage\":\"en-US\"},{\"@type\":\"Organization\",\"@id\":\"https:\\\/\\\/www.szexshopbelvaros.com\\\/#organization\",\"name\":\"Szexshop Belv\u00e1ros\",\"alternateName\":\"szexshopbelvaros.com\",\"url\":\"https:\\\/\\\/www.szexshopbelvaros.com\\\/\",\"logo\":{\"@type\":\"ImageObject\",\"inLanguage\":\"en-US\",\"@id\":\"https:\\\/\\\/www.szexshopbelvaros.com\\\/#\\\/schema\\\/logo\\\/image\\\/\",\"url\":\"https:\\\/\\\/www.szexshopbelvaros.com\\\/wp-content\\\/uploads\\\/2025\\\/09\\\/1Szexshopbelvaroslogo_blurred_stronger.jpg\",\"contentUrl\":\"https:\\\/\\\/www.szexshopbelvaros.com\\\/wp-content\\\/uploads\\\/2025\\\/09\\\/1Szexshopbelvaroslogo_blurred_stronger.jpg\",\"width\":1024,\"height\":1024,\"caption\":\"Szexshop Belv\u00e1ros\"},\"image\":{\"@id\":\"https:\\\/\\\/www.szexshopbelvaros.com\\\/#\\\/schema\\\/logo\\\/image\\\/\"},\"sameAs\":[\"https:\\\/\\\/www.facebook.com\\\/belvarossecrets\\\/\",\"https:\\\/\\\/x.com\\\/belvarossecrets\",\"https:\\\/\\\/www.instagram.com\\\/belvarossecrets\\\/\",\"https:\\\/\\\/www.tiktok.com\\\/@belvarossecrets\"]}]}<\/script>\n<!-- \/ Yoast SEO plugin. -->","yoast_head_json":{"title":"Fetish Bondage Rope \u2013 10m of red passion that tells you who&#039;s the boss through 8mm - Szexshop Belvaros","robots":{"index":"index","follow":"follow","max-snippet":"max-snippet:-1","max-image-preview":"max-image-preview:large","max-video-preview":"max-video-preview:-1"},"canonical":"https:\/\/www.szexshopbelvaros.com\/en\/product\/fetish-bondage-rope-red-6-m\/","og_locale":"en_US","og_type":"article","og_title":"Fetish Bondage Rope \u201310m piros szenved\u00e9ly, ami 8 mm-en kereszt\u00fcl mondja meg, ki az \u00far - Szexshop Belvaros","og_description":"Ez a 10 m\u00e9ter hossz\u00fa, 8 mm vastag, piros pamut bondage k\u00f6t\u00e9l nem a finomkod\u00e1sr\u00f3l sz\u00f3l \u2014 ez a fajta k\u00f6tel\u00e9k nemcsak tart, de uralkodik is. A vastagabb, er\u0151teljes kialak\u00edt\u00e1s massz\u00edvabb \u00e9rz\u00e9st ad minden teker\u00e9sn\u00e9l, mik\u00f6zben a puha pamut olyan k\u00edm\u00e9letes a b\u0151rh\u00f6z, hogy az \u00e1ldozatod h\u00e1l\u00e1san fog rebegni a k\u00f6t\u00f6z\u00e9s v\u00e9g\u00e9n (vagy legal\u00e1bbis nem [...]","og_url":"https:\/\/www.szexshopbelvaros.com\/en\/product\/fetish-bondage-rope-red-6-m\/","og_site_name":"Szexshop Belvaros","article_publisher":"https:\/\/www.facebook.com\/belvarossecrets\/","article_modified_time":"2026-02-16T15:16:53+00:00","twitter_card":"summary_large_image","twitter_site":"@belvarossecrets","twitter_misc":{"Est. reading time":"1 minute"},"schema":{"@context":"https:\/\/schema.org","@graph":[{"@type":"WebPage","@id":"https:\/\/www.szexshopbelvaros.com\/termek\/fetish-bondage-rope-red-6-m\/","url":"https:\/\/www.szexshopbelvaros.com\/termek\/fetish-bondage-rope-red-6-m\/","name":"Fetish Bondage Rope \u2013 10m of red passion that tells you who&#039;s the boss through 8mm - Szexshop Belvaros","isPartOf":{"@id":"https:\/\/www.szexshopbelvaros.com\/#website"},"primaryImageOfPage":{"@id":"https:\/\/www.szexshopbelvaros.com\/termek\/fetish-bondage-rope-red-6-m\/#primaryimage"},"image":{"@id":"https:\/\/www.szexshopbelvaros.com\/termek\/fetish-bondage-rope-red-6-m\/#primaryimage"},"thumbnailUrl":"https:\/\/www.szexshopbelvaros.com\/wp-content\/uploads\/2025\/01\/68063673ad8c24afb1ee7b3e.avif","datePublished":"2025-01-31T13:34:18+00:00","dateModified":"2026-02-16T15:16:53+00:00","breadcrumb":{"@id":"https:\/\/www.szexshopbelvaros.com\/termek\/fetish-bondage-rope-red-6-m\/#breadcrumb"},"inLanguage":"en-US","potentialAction":[{"@type":"ReadAction","target":["https:\/\/www.szexshopbelvaros.com\/termek\/fetish-bondage-rope-red-6-m\/"]}]},{"@type":"ImageObject","inLanguage":"en-US","@id":"https:\/\/www.szexshopbelvaros.com\/termek\/fetish-bondage-rope-red-6-m\/#primaryimage","url":"https:\/\/www.szexshopbelvaros.com\/wp-content\/uploads\/2025\/01\/68063673ad8c24afb1ee7b3e.avif","contentUrl":"https:\/\/www.szexshopbelvaros.com\/wp-content\/uploads\/2025\/01\/68063673ad8c24afb1ee7b3e.avif","width":1200,"height":675},{"@type":"BreadcrumbList","@id":"https:\/\/www.szexshopbelvaros.com\/termek\/fetish-bondage-rope-red-6-m\/#breadcrumb","itemListElement":[{"@type":"ListItem","position":1,"name":"Home","item":"https:\/\/www.szexshopbelvaros.com\/"},{"@type":"ListItem","position":2,"name":"\u00c1ruh\u00e1z","item":"https:\/\/www.szexshopbelvaros.com\/uzlet\/"},{"@type":"ListItem","position":3,"name":"Fetish Bondage Rope \u201310m piros szenved\u00e9ly, ami 8 mm-en kereszt\u00fcl mondja meg, ki az \u00far"}]},{"@type":"WebSite","@id":"https:\/\/www.szexshopbelvaros.com\/#website","url":"https:\/\/www.szexshopbelvaros.com\/","name":"at our Szexshop Belv\u00e1ros","description":"\ud83d\udd25 Sex is like money; only too much is enough!\u2122 Secrets from the city center \ud83d\udc8b | Secrets from Budapest \ud83d\udc8e Adult games \u2022 Erotica \u2022 Sex shop Belvaros","publisher":{"@id":"https:\/\/www.szexshopbelvaros.com\/#organization"},"potentialAction":[{"@type":"SearchAction","target":{"@type":"EntryPoint","urlTemplate":"https:\/\/www.szexshopbelvaros.com\/?s={search_term_string}"},"query-input":{"@type":"PropertyValueSpecification","valueRequired":true,"valueName":"search_term_string"}}],"inLanguage":"en-US"},{"@type":"Organization","@id":"https:\/\/www.szexshopbelvaros.com\/#organization","name":"at our Szexshop Belv\u00e1ros","alternateName":"szexshopbelvaros.com","url":"https:\/\/www.szexshopbelvaros.com\/","logo":{"@type":"ImageObject","inLanguage":"en-US","@id":"https:\/\/www.szexshopbelvaros.com\/#\/schema\/logo\/image\/","url":"https:\/\/www.szexshopbelvaros.com\/wp-content\/uploads\/2025\/09\/1Szexshopbelvaroslogo_blurred_stronger.jpg","contentUrl":"https:\/\/www.szexshopbelvaros.com\/wp-content\/uploads\/2025\/09\/1Szexshopbelvaroslogo_blurred_stronger.jpg","width":1024,"height":1024,"caption":"Szexshop Belv\u00e1ros"},"image":{"@id":"https:\/\/www.szexshopbelvaros.com\/#\/schema\/logo\/image\/"},"sameAs":["https:\/\/www.facebook.com\/belvarossecrets\/","https:\/\/x.com\/belvarossecrets","https:\/\/www.instagram.com\/belvarossecrets\/","https:\/\/www.tiktok.com\/@belvarossecrets"]}]}},"_links":{"self":[{"href":"https:\/\/www.szexshopbelvaros.com\/en\/wp-json\/wp\/v2\/product\/130","targetHints":{"allow":["GET"]}}],"collection":[{"href":"https:\/\/www.szexshopbelvaros.com\/en\/wp-json\/wp\/v2\/product"}],"about":[{"href":"https:\/\/www.szexshopbelvaros.com\/en\/wp-json\/wp\/v2\/types\/product"}],"replies":[{"embeddable":true,"href":"https:\/\/www.szexshopbelvaros.com\/en\/wp-json\/wp\/v2\/comments?post=130"}],"wp:featuredmedia":[{"embeddable":true,"href":"https:\/\/www.szexshopbelvaros.com\/en\/wp-json\/wp\/v2\/media\/1678"}],"wp:attachment":[{"href":"https:\/\/www.szexshopbelvaros.com\/en\/wp-json\/wp\/v2\/media?parent=130"}],"wp:term":[{"taxonomy":"product_brand","embeddable":true,"href":"https:\/\/www.szexshopbelvaros.com\/en\/wp-json\/wp\/v2\/product_brand?post=130"},{"taxonomy":"product_cat","embeddable":true,"href":"https:\/\/www.szexshopbelvaros.com\/en\/wp-json\/wp\/v2\/product_cat?post=130"},{"taxonomy":"product_tag","embeddable":true,"href":"https:\/\/www.szexshopbelvaros.com\/en\/wp-json\/wp\/v2\/product_tag?post=130"}],"curies":[{"name":"wp","href":"https:\/\/api.w.org\/{rel}","templated":true}]}}