{"id":132,"date":"2025-01-31T14:34:53","date_gmt":"2025-01-31T13:34:53","guid":{"rendered":"https:\/\/www.szexshopbelvaros.com\/termek\/fetish-pleasure-fluffy-hand-cuffs-red\/"},"modified":"2026-04-28T14:48:49","modified_gmt":"2026-04-28T12:48:49","slug":"fetish-pleasure-fluffy-hand-cuffs-red","status":"publish","type":"product","link":"https:\/\/www.szexshopbelvaros.com\/en\/product\/fetish-pleasure-fluffy-hand-cuffs-red\/","title":{"rendered":"\ud83d\udea8 Arrested for desire \u2013 handcuffs that serve sex, not the law"},"content":{"rendered":"<p data-start=\"326\" data-end=\"712\">These police-style handcuffs aren&#039;t your typical prison outfit - unless your bedroom is your little cell. They&#039;re made of metal for strength and covered in soft, red plush to turn the punishment into pleasure instead of pain. The handcuffs are fully adjustable, so they&#039;ll fit any wrist - whether you&#039;re a playful cop, a disobedient prisoner or a role-playing love interrogation.<\/p>\n<p data-start=\"714\" data-end=\"1061\">The package includes two keys, plus a manual release for when you need to get out quickly (or the foreplay was too intense and the key is already living under the bed). Made of metal and soft plush - so it&#039;s sturdy yet comfortable. This BDSM device is not only recommended for bondage beginners, but is perfect for any kinky dream where the rules are written in handcuffs.<\/p>\n<p data-start=\"1063\" data-end=\"1148\">Available in Szexshopbelvaros, where Budapest's sexiest violations begin.<\/p>\n<p>&nbsp;<\/p>","protected":false},"excerpt":{"rendered":"<p>Ez a rend\u0151rs\u00e9gi st\u00edlus\u00fa bilincs nem a szok\u00e1sos b\u00f6rt\u00f6ncucc \u2013 hacsak nem a h\u00e1l\u00f3szoba a te kis cell\u00e1d. F\u00e9mb\u0151l k\u00e9sz\u00fclt, hogy massz\u00edvan tartson, \u00e9s puha, v\u00f6r\u00f6s pl\u00fcss bor\u00edt\u00e1ssal, hogy a f\u00e1jdalom helyett a k\u00e9j legyen a b\u00fcntet\u00e9s. A bilincs teljesen \u00e1ll\u00edthat\u00f3, \u00edgy mindenf\u00e9le csukl\u00f3ra r\u00e1passzol \u2013 legyen sz\u00f3 j\u00e1t\u00e9kos rend\u0151rr\u0151l, engedetlen rabocsk\u00e1r\u00f3l vagy szerepj\u00e1t\u00e9kos szerelmi [&#8230;]\n","protected":false},"featured_media":2118,"comment_status":"closed","ping_status":"closed","template":"","meta":[],"product_brand":[204],"product_cat":[52,2005],"product_tag":[321,1410,1416,372,1561,389,1415,2008,2021,1407,2022,2020,715],"class_list":{"0":"post-132","1":"product","2":"type-product","3":"status-publish","4":"has-post-thumbnail","6":"product_brand-rimba","7":"product_cat-bdsm","8":"product_cat-kotozes-rogzites","9":"product_tag-bdsm","10":"product_tag-bdsm-toy","11":"product_tag-bilincs","12":"product_tag-bondage","13":"product_tag-bondage-rope","14":"product_tag-felnott-jatek","15":"product_tag-handcuffs","16":"product_tag-kink","17":"product_tag-kotelfetis","18":"product_tag-kotozes","19":"product_tag-restraints","20":"product_tag-rogzites","21":"product_tag-szadomazo-kellek","23":"first","24":"instock","25":"taxable","26":"shipping-taxable","27":"purchasable","28":"product-type-simple"},"yoast_head":"<!-- This site is optimized with the Yoast SEO plugin v27.5 - https:\/\/yoast.com\/product\/yoast-seo-wordpress\/ -->\n<title>\ud83d\udea8 Letart\u00f3ztatva v\u00e1gy miatt \u2013 bilincs, ami nem a t\u00f6rv\u00e9nyt, hanem a szexet szolg\u00e1lja - Szexshop Belvaros<\/title>\n<meta name=\"robots\" content=\"index, follow, max-snippet:-1, max-image-preview:large, max-video-preview:-1\" \/>\n<link rel=\"canonical\" href=\"https:\/\/www.szexshopbelvaros.com\/en\/product\/fetish-pleasure-fluffy-hand-cuffs-red\/\" \/>\n<meta property=\"og:locale\" content=\"en_US\" \/>\n<meta property=\"og:type\" content=\"article\" \/>\n<meta property=\"og:title\" content=\"\ud83d\udea8 Letart\u00f3ztatva v\u00e1gy miatt \u2013 bilincs, ami nem a t\u00f6rv\u00e9nyt, hanem a szexet szolg\u00e1lja - Szexshop Belvaros\" \/>\n<meta property=\"og:description\" content=\"Ez a rend\u0151rs\u00e9gi st\u00edlus\u00fa bilincs nem a szok\u00e1sos b\u00f6rt\u00f6ncucc \u2013 hacsak nem a h\u00e1l\u00f3szoba a te kis cell\u00e1d. F\u00e9mb\u0151l k\u00e9sz\u00fclt, hogy massz\u00edvan tartson, \u00e9s puha, v\u00f6r\u00f6s pl\u00fcss bor\u00edt\u00e1ssal, hogy a f\u00e1jdalom helyett a k\u00e9j legyen a b\u00fcntet\u00e9s. A bilincs teljesen \u00e1ll\u00edthat\u00f3, \u00edgy mindenf\u00e9le csukl\u00f3ra r\u00e1passzol \u2013 legyen sz\u00f3 j\u00e1t\u00e9kos rend\u0151rr\u0151l, engedetlen rabocsk\u00e1r\u00f3l vagy szerepj\u00e1t\u00e9kos szerelmi [...]\" \/>\n<meta property=\"og:url\" content=\"https:\/\/www.szexshopbelvaros.com\/en\/product\/fetish-pleasure-fluffy-hand-cuffs-red\/\" \/>\n<meta property=\"og:site_name\" content=\"Szexshop Belvaros\" \/>\n<meta property=\"article:publisher\" content=\"https:\/\/www.facebook.com\/belvarossecrets\/\" \/>\n<meta property=\"article:modified_time\" content=\"2026-04-28T12:48:49+00:00\" \/>\n<meta property=\"og:image\" content=\"https:\/\/www.szexshopbelvaros.com\/wp-content\/uploads\/2025\/01\/box2cuffs.png\" \/>\n\t<meta property=\"og:image:width\" content=\"1000\" \/>\n\t<meta property=\"og:image:height\" content=\"563\" \/>\n\t<meta property=\"og:image:type\" content=\"image\/png\" \/>\n<meta name=\"twitter:card\" content=\"summary_large_image\" \/>\n<meta name=\"twitter:site\" content=\"@belvarossecrets\" \/>\n<meta name=\"twitter:label1\" content=\"Est. reading time\" \/>\n\t<meta name=\"twitter:data1\" content=\"1 minute\" \/>\n<script type=\"application\/ld+json\" class=\"yoast-schema-graph\">{\"@context\":\"https:\\\/\\\/schema.org\",\"@graph\":[{\"@type\":\"WebPage\",\"@id\":\"https:\\\/\\\/www.szexshopbelvaros.com\\\/termek\\\/fetish-pleasure-fluffy-hand-cuffs-red\\\/\",\"url\":\"https:\\\/\\\/www.szexshopbelvaros.com\\\/termek\\\/fetish-pleasure-fluffy-hand-cuffs-red\\\/\",\"name\":\"\ud83d\udea8 Letart\u00f3ztatva v\u00e1gy miatt \u2013 bilincs, ami nem a t\u00f6rv\u00e9nyt, hanem a szexet szolg\u00e1lja - Szexshop Belvaros\",\"isPartOf\":{\"@id\":\"https:\\\/\\\/www.szexshopbelvaros.com\\\/#website\"},\"primaryImageOfPage\":{\"@id\":\"https:\\\/\\\/www.szexshopbelvaros.com\\\/termek\\\/fetish-pleasure-fluffy-hand-cuffs-red\\\/#primaryimage\"},\"image\":{\"@id\":\"https:\\\/\\\/www.szexshopbelvaros.com\\\/termek\\\/fetish-pleasure-fluffy-hand-cuffs-red\\\/#primaryimage\"},\"thumbnailUrl\":\"https:\\\/\\\/www.szexshopbelvaros.com\\\/wp-content\\\/uploads\\\/2025\\\/01\\\/box2cuffs.png\",\"datePublished\":\"2025-01-31T13:34:53+00:00\",\"dateModified\":\"2026-04-28T12:48:49+00:00\",\"breadcrumb\":{\"@id\":\"https:\\\/\\\/www.szexshopbelvaros.com\\\/termek\\\/fetish-pleasure-fluffy-hand-cuffs-red\\\/#breadcrumb\"},\"inLanguage\":\"en-US\",\"potentialAction\":[{\"@type\":\"ReadAction\",\"target\":[\"https:\\\/\\\/www.szexshopbelvaros.com\\\/termek\\\/fetish-pleasure-fluffy-hand-cuffs-red\\\/\"]}]},{\"@type\":\"ImageObject\",\"inLanguage\":\"en-US\",\"@id\":\"https:\\\/\\\/www.szexshopbelvaros.com\\\/termek\\\/fetish-pleasure-fluffy-hand-cuffs-red\\\/#primaryimage\",\"url\":\"https:\\\/\\\/www.szexshopbelvaros.com\\\/wp-content\\\/uploads\\\/2025\\\/01\\\/box2cuffs.png\",\"contentUrl\":\"https:\\\/\\\/www.szexshopbelvaros.com\\\/wp-content\\\/uploads\\\/2025\\\/01\\\/box2cuffs.png\",\"width\":1000,\"height\":563},{\"@type\":\"BreadcrumbList\",\"@id\":\"https:\\\/\\\/www.szexshopbelvaros.com\\\/termek\\\/fetish-pleasure-fluffy-hand-cuffs-red\\\/#breadcrumb\",\"itemListElement\":[{\"@type\":\"ListItem\",\"position\":1,\"name\":\"Home\",\"item\":\"https:\\\/\\\/www.szexshopbelvaros.com\\\/\"},{\"@type\":\"ListItem\",\"position\":2,\"name\":\"\u00c1ruh\u00e1z\",\"item\":\"https:\\\/\\\/www.szexshopbelvaros.com\\\/uzlet\\\/\"},{\"@type\":\"ListItem\",\"position\":3,\"name\":\"\ud83d\udea8 Letart\u00f3ztatva v\u00e1gy miatt \u2013 bilincs, ami nem a t\u00f6rv\u00e9nyt, hanem a szexet szolg\u00e1lja\"}]},{\"@type\":\"WebSite\",\"@id\":\"https:\\\/\\\/www.szexshopbelvaros.com\\\/#website\",\"url\":\"https:\\\/\\\/www.szexshopbelvaros.com\\\/\",\"name\":\"Szexshop Belv\u00e1ros\",\"description\":\"\ud83d\udd25 A szex olyan, mint a p\u00e9nz; csak a t\u00fal sok el\u00e9g!\u2122 Titkok a belv\u00e1rosb\u00f3l \ud83d\udc8b | Secrets from Budapest \ud83d\udc8e Feln\u0151tt j\u00e1t\u00e9kok \u2022 Erotika \u2022 Szexshop Belvaros\",\"publisher\":{\"@id\":\"https:\\\/\\\/www.szexshopbelvaros.com\\\/#organization\"},\"potentialAction\":[{\"@type\":\"SearchAction\",\"target\":{\"@type\":\"EntryPoint\",\"urlTemplate\":\"https:\\\/\\\/www.szexshopbelvaros.com\\\/?s={search_term_string}\"},\"query-input\":{\"@type\":\"PropertyValueSpecification\",\"valueRequired\":true,\"valueName\":\"search_term_string\"}}],\"inLanguage\":\"en-US\"},{\"@type\":\"Organization\",\"@id\":\"https:\\\/\\\/www.szexshopbelvaros.com\\\/#organization\",\"name\":\"Szexshop Belv\u00e1ros\",\"alternateName\":\"szexshopbelvaros.com\",\"url\":\"https:\\\/\\\/www.szexshopbelvaros.com\\\/\",\"logo\":{\"@type\":\"ImageObject\",\"inLanguage\":\"en-US\",\"@id\":\"https:\\\/\\\/www.szexshopbelvaros.com\\\/#\\\/schema\\\/logo\\\/image\\\/\",\"url\":\"https:\\\/\\\/www.szexshopbelvaros.com\\\/wp-content\\\/uploads\\\/2025\\\/09\\\/1Szexshopbelvaroslogo_blurred_stronger.jpg\",\"contentUrl\":\"https:\\\/\\\/www.szexshopbelvaros.com\\\/wp-content\\\/uploads\\\/2025\\\/09\\\/1Szexshopbelvaroslogo_blurred_stronger.jpg\",\"width\":1024,\"height\":1024,\"caption\":\"Szexshop Belv\u00e1ros\"},\"image\":{\"@id\":\"https:\\\/\\\/www.szexshopbelvaros.com\\\/#\\\/schema\\\/logo\\\/image\\\/\"},\"sameAs\":[\"https:\\\/\\\/www.facebook.com\\\/belvarossecrets\\\/\",\"https:\\\/\\\/x.com\\\/belvarossecrets\",\"https:\\\/\\\/www.instagram.com\\\/belvarossecrets\\\/\",\"https:\\\/\\\/www.tiktok.com\\\/@belvarossecrets\"]}]}<\/script>\n<!-- \/ Yoast SEO plugin. -->","yoast_head_json":{"title":"\ud83d\udea8 Arrested for desire \u2013 handcuffs that serve sex, not the law - Szexshop Belvaros","robots":{"index":"index","follow":"follow","max-snippet":"max-snippet:-1","max-image-preview":"max-image-preview:large","max-video-preview":"max-video-preview:-1"},"canonical":"https:\/\/www.szexshopbelvaros.com\/en\/product\/fetish-pleasure-fluffy-hand-cuffs-red\/","og_locale":"en_US","og_type":"article","og_title":"\ud83d\udea8 Letart\u00f3ztatva v\u00e1gy miatt \u2013 bilincs, ami nem a t\u00f6rv\u00e9nyt, hanem a szexet szolg\u00e1lja - Szexshop Belvaros","og_description":"Ez a rend\u0151rs\u00e9gi st\u00edlus\u00fa bilincs nem a szok\u00e1sos b\u00f6rt\u00f6ncucc \u2013 hacsak nem a h\u00e1l\u00f3szoba a te kis cell\u00e1d. F\u00e9mb\u0151l k\u00e9sz\u00fclt, hogy massz\u00edvan tartson, \u00e9s puha, v\u00f6r\u00f6s pl\u00fcss bor\u00edt\u00e1ssal, hogy a f\u00e1jdalom helyett a k\u00e9j legyen a b\u00fcntet\u00e9s. A bilincs teljesen \u00e1ll\u00edthat\u00f3, \u00edgy mindenf\u00e9le csukl\u00f3ra r\u00e1passzol \u2013 legyen sz\u00f3 j\u00e1t\u00e9kos rend\u0151rr\u0151l, engedetlen rabocsk\u00e1r\u00f3l vagy szerepj\u00e1t\u00e9kos szerelmi [...]","og_url":"https:\/\/www.szexshopbelvaros.com\/en\/product\/fetish-pleasure-fluffy-hand-cuffs-red\/","og_site_name":"Szexshop Belvaros","article_publisher":"https:\/\/www.facebook.com\/belvarossecrets\/","article_modified_time":"2026-04-28T12:48:49+00:00","og_image":[{"width":1000,"height":563,"url":"https:\/\/www.szexshopbelvaros.com\/wp-content\/uploads\/2025\/01\/box2cuffs.png","type":"image\/png"}],"twitter_card":"summary_large_image","twitter_site":"@belvarossecrets","twitter_misc":{"Est. reading time":"1 minute"},"schema":{"@context":"https:\/\/schema.org","@graph":[{"@type":"WebPage","@id":"https:\/\/www.szexshopbelvaros.com\/termek\/fetish-pleasure-fluffy-hand-cuffs-red\/","url":"https:\/\/www.szexshopbelvaros.com\/termek\/fetish-pleasure-fluffy-hand-cuffs-red\/","name":"\ud83d\udea8 Arrested for desire \u2013 handcuffs that serve sex, not the law - Szexshop Belvaros","isPartOf":{"@id":"https:\/\/www.szexshopbelvaros.com\/#website"},"primaryImageOfPage":{"@id":"https:\/\/www.szexshopbelvaros.com\/termek\/fetish-pleasure-fluffy-hand-cuffs-red\/#primaryimage"},"image":{"@id":"https:\/\/www.szexshopbelvaros.com\/termek\/fetish-pleasure-fluffy-hand-cuffs-red\/#primaryimage"},"thumbnailUrl":"https:\/\/www.szexshopbelvaros.com\/wp-content\/uploads\/2025\/01\/box2cuffs.png","datePublished":"2025-01-31T13:34:53+00:00","dateModified":"2026-04-28T12:48:49+00:00","breadcrumb":{"@id":"https:\/\/www.szexshopbelvaros.com\/termek\/fetish-pleasure-fluffy-hand-cuffs-red\/#breadcrumb"},"inLanguage":"en-US","potentialAction":[{"@type":"ReadAction","target":["https:\/\/www.szexshopbelvaros.com\/termek\/fetish-pleasure-fluffy-hand-cuffs-red\/"]}]},{"@type":"ImageObject","inLanguage":"en-US","@id":"https:\/\/www.szexshopbelvaros.com\/termek\/fetish-pleasure-fluffy-hand-cuffs-red\/#primaryimage","url":"https:\/\/www.szexshopbelvaros.com\/wp-content\/uploads\/2025\/01\/box2cuffs.png","contentUrl":"https:\/\/www.szexshopbelvaros.com\/wp-content\/uploads\/2025\/01\/box2cuffs.png","width":1000,"height":563},{"@type":"BreadcrumbList","@id":"https:\/\/www.szexshopbelvaros.com\/termek\/fetish-pleasure-fluffy-hand-cuffs-red\/#breadcrumb","itemListElement":[{"@type":"ListItem","position":1,"name":"Home","item":"https:\/\/www.szexshopbelvaros.com\/"},{"@type":"ListItem","position":2,"name":"\u00c1ruh\u00e1z","item":"https:\/\/www.szexshopbelvaros.com\/uzlet\/"},{"@type":"ListItem","position":3,"name":"\ud83d\udea8 Letart\u00f3ztatva v\u00e1gy miatt \u2013 bilincs, ami nem a t\u00f6rv\u00e9nyt, hanem a szexet szolg\u00e1lja"}]},{"@type":"WebSite","@id":"https:\/\/www.szexshopbelvaros.com\/#website","url":"https:\/\/www.szexshopbelvaros.com\/","name":"at our Szexshop Belv\u00e1ros","description":"\ud83d\udd25 Sex is like money; only too much is enough!\u2122 Secrets from the city center \ud83d\udc8b | Secrets from Budapest \ud83d\udc8e Adult games \u2022 Erotica \u2022 Sex shop Belvaros","publisher":{"@id":"https:\/\/www.szexshopbelvaros.com\/#organization"},"potentialAction":[{"@type":"SearchAction","target":{"@type":"EntryPoint","urlTemplate":"https:\/\/www.szexshopbelvaros.com\/?s={search_term_string}"},"query-input":{"@type":"PropertyValueSpecification","valueRequired":true,"valueName":"search_term_string"}}],"inLanguage":"en-US"},{"@type":"Organization","@id":"https:\/\/www.szexshopbelvaros.com\/#organization","name":"at our Szexshop Belv\u00e1ros","alternateName":"szexshopbelvaros.com","url":"https:\/\/www.szexshopbelvaros.com\/","logo":{"@type":"ImageObject","inLanguage":"en-US","@id":"https:\/\/www.szexshopbelvaros.com\/#\/schema\/logo\/image\/","url":"https:\/\/www.szexshopbelvaros.com\/wp-content\/uploads\/2025\/09\/1Szexshopbelvaroslogo_blurred_stronger.jpg","contentUrl":"https:\/\/www.szexshopbelvaros.com\/wp-content\/uploads\/2025\/09\/1Szexshopbelvaroslogo_blurred_stronger.jpg","width":1024,"height":1024,"caption":"Szexshop Belv\u00e1ros"},"image":{"@id":"https:\/\/www.szexshopbelvaros.com\/#\/schema\/logo\/image\/"},"sameAs":["https:\/\/www.facebook.com\/belvarossecrets\/","https:\/\/x.com\/belvarossecrets","https:\/\/www.instagram.com\/belvarossecrets\/","https:\/\/www.tiktok.com\/@belvarossecrets"]}]}},"_links":{"self":[{"href":"https:\/\/www.szexshopbelvaros.com\/en\/wp-json\/wp\/v2\/product\/132","targetHints":{"allow":["GET"]}}],"collection":[{"href":"https:\/\/www.szexshopbelvaros.com\/en\/wp-json\/wp\/v2\/product"}],"about":[{"href":"https:\/\/www.szexshopbelvaros.com\/en\/wp-json\/wp\/v2\/types\/product"}],"replies":[{"embeddable":true,"href":"https:\/\/www.szexshopbelvaros.com\/en\/wp-json\/wp\/v2\/comments?post=132"}],"wp:featuredmedia":[{"embeddable":true,"href":"https:\/\/www.szexshopbelvaros.com\/en\/wp-json\/wp\/v2\/media\/2118"}],"wp:attachment":[{"href":"https:\/\/www.szexshopbelvaros.com\/en\/wp-json\/wp\/v2\/media?parent=132"}],"wp:term":[{"taxonomy":"product_brand","embeddable":true,"href":"https:\/\/www.szexshopbelvaros.com\/en\/wp-json\/wp\/v2\/product_brand?post=132"},{"taxonomy":"product_cat","embeddable":true,"href":"https:\/\/www.szexshopbelvaros.com\/en\/wp-json\/wp\/v2\/product_cat?post=132"},{"taxonomy":"product_tag","embeddable":true,"href":"https:\/\/www.szexshopbelvaros.com\/en\/wp-json\/wp\/v2\/product_tag?post=132"}],"curies":[{"name":"wp","href":"https:\/\/api.w.org\/{rel}","templated":true}]}}