{"id":144,"date":"2025-01-31T14:34:53","date_gmt":"2025-01-31T13:34:53","guid":{"rendered":"https:\/\/www.szexshopbelvaros.com\/termek\/chisa-tail-power-beads\/"},"modified":"2026-04-10T15:59:22","modified_gmt":"2026-04-10T13:59:22","slug":"chisa-tail-power-beads","status":"publish","type":"product","link":"https:\/\/www.szexshopbelvaros.com\/en\/product\/chisa-tail-power-beads\/","title":{"rendered":"Tail Power Beads \u2013 The vibrating anal snake that slides deeper with each bead. \ud83d\udda4\ud83d\udc0d"},"content":{"rendered":"<p data-start=\"363\" data-end=\"764\">This 18 cm long, 2.5 cm diameter silicone anal bead chain doesn&#039;t mince words: its five different sized balls work on you from bead to bead, while the 7 vibration functions provide extra stimulation that will not only make your sphincter dilate, but also vibrate in gratitude. The sexy black, flexible body easily adapts to the shape of your body, and its vibration pampers and tickles you at the same time - especially if you use its full length.<\/p>\n<p data-start=\"766\" data-end=\"1077\">The vibrator motor, powered by three LR44 batteries, knows exactly when to gently purr and when to send a tsunami of vibrations to the back front. A unisex sex toy for both men and women, ideal for anyone who isn&#039;t satisfied with a simple dilation - because if we&#039;re going to play, it should also have vibration.<\/p>\n<p data-start=\"1079\" data-end=\"1396\">The package also includes a water-based lubricant and cleaner to not only get the party started, but also to end easily \u2013 if you want to. Wash with warm soapy water and a cleaning agent before and after use, then put them away\u2026 or keep them handy, because these beads are easily addictive.<\/p>\n<p>&nbsp;<\/p>","protected":false},"excerpt":{"rendered":"<p>Ez a 18 cm hossz\u00fa, 2,5 cm \u00e1tm\u00e9r\u0151j\u0171 szilikon an\u00e1lgy\u00f6ngy-l\u00e1nc nem finomkodik: \u00f6t k\u00fcl\u00f6nb\u00f6z\u0151 m\u00e9ret\u0171 goly\u00f3ja gy\u00f6ngyr\u0151l gy\u00f6ngyre dolgozik rajtad, mik\u00f6zben a 7 vibr\u00e1ci\u00f3s funkci\u00f3 olyan extra stimul\u00e1ci\u00f3t ad, amit\u0151l a z\u00e1r\u00f3izmod nemcsak t\u00e1gul, de h\u00e1l\u00e1t is rebeg. A szexi fekete, rugalmas test k\u00f6nnyed\u00e9n simul a tested form\u00e1j\u00e1hoz, rezg\u00e9se pedig egyszerre k\u00e9nyeztet \u00e9s borzol \u2013 [&#8230;]\n","protected":false},"featured_media":145,"comment_status":"closed","ping_status":"closed","template":"","meta":[],"product_brand":[67],"product_cat":[135,86],"product_tag":[1995,684,418,676,694,1392,1393,424,2394,1381,1318,698,695,1904,1992,1993,1382,1994],"class_list":{"0":"post-144","1":"product","2":"type-product","3":"status-publish","4":"has-post-thumbnail","6":"product_brand-chisa-novelties","7":"product_cat-anal","8":"product_cat-analdugok-prosztata-masszirozok","9":"product_tag-anal-bead-vibrator","10":"product_tag-anal-dugo","11":"product_tag-anal-jatek","12":"product_tag-anal-play","13":"product_tag-anal-plug","14":"product_tag-anal-stimulacio","15":"product_tag-anal-stimulation","16":"product_tag-anal-toy","17":"product_tag-analis-golyok","18":"product_tag-hatso-jatek","19":"product_tag-intimate-toy","20":"product_tag-p-spot-toy","21":"product_tag-prostate-massager","22":"product_tag-prosztata-masszirozo","23":"product_tag-rezgo-anal-gyongy","24":"product_tag-vibracios-anal-gyongy","25":"product_tag-vibrating-anal-beads","26":"product_tag-vibratoros-anal-gyongy","28":"first","29":"instock","30":"taxable","31":"shipping-taxable","32":"purchasable","33":"product-type-simple"},"yoast_head":"<!-- This site is optimized with the Yoast SEO plugin v27.4 - https:\/\/yoast.com\/product\/yoast-seo-wordpress\/ -->\n<title>Tail Power Beads \u2013 A rezg\u0151 an\u00e1l k\u00edgy\u00f3, ami minden gy\u00f6nggyel m\u00e9lyebbre cs\u00faszik. \ud83d\udda4\ud83d\udc0d - Szexshop Belvaros<\/title>\n<meta name=\"robots\" content=\"index, follow, max-snippet:-1, max-image-preview:large, max-video-preview:-1\" \/>\n<link rel=\"canonical\" href=\"https:\/\/www.szexshopbelvaros.com\/en\/product\/chisa-tail-power-beads\/\" \/>\n<meta property=\"og:locale\" content=\"en_US\" \/>\n<meta property=\"og:type\" content=\"article\" \/>\n<meta property=\"og:title\" content=\"Tail Power Beads \u2013 A rezg\u0151 an\u00e1l k\u00edgy\u00f3, ami minden gy\u00f6nggyel m\u00e9lyebbre cs\u00faszik. \ud83d\udda4\ud83d\udc0d - Szexshop Belvaros\" \/>\n<meta property=\"og:description\" content=\"Ez a 18 cm hossz\u00fa, 2,5 cm \u00e1tm\u00e9r\u0151j\u0171 szilikon an\u00e1lgy\u00f6ngy-l\u00e1nc nem finomkodik: \u00f6t k\u00fcl\u00f6nb\u00f6z\u0151 m\u00e9ret\u0171 goly\u00f3ja gy\u00f6ngyr\u0151l gy\u00f6ngyre dolgozik rajtad, mik\u00f6zben a 7 vibr\u00e1ci\u00f3s funkci\u00f3 olyan extra stimul\u00e1ci\u00f3t ad, amit\u0151l a z\u00e1r\u00f3izmod nemcsak t\u00e1gul, de h\u00e1l\u00e1t is rebeg. A szexi fekete, rugalmas test k\u00f6nnyed\u00e9n simul a tested form\u00e1j\u00e1hoz, rezg\u00e9se pedig egyszerre k\u00e9nyeztet \u00e9s borzol \u2013 [...]\" \/>\n<meta property=\"og:url\" content=\"https:\/\/www.szexshopbelvaros.com\/en\/product\/chisa-tail-power-beads\/\" \/>\n<meta property=\"og:site_name\" content=\"Szexshop Belvaros\" \/>\n<meta property=\"article:publisher\" content=\"https:\/\/www.facebook.com\/belvarossecrets\/\" \/>\n<meta property=\"article:modified_time\" content=\"2026-04-10T13:59:22+00:00\" \/>\n<meta property=\"og:image\" content=\"https:\/\/www.szexshopbelvaros.com\/wp-content\/uploads\/2025\/01\/30fb65c0-4348-11ee-8b96-ae59f43e1559_tail_power_beads__1_.jpg\" \/>\n\t<meta property=\"og:image:width\" content=\"1000\" \/>\n\t<meta property=\"og:image:height\" content=\"563\" \/>\n\t<meta property=\"og:image:type\" content=\"image\/jpeg\" \/>\n<meta name=\"twitter:card\" content=\"summary_large_image\" \/>\n<meta name=\"twitter:site\" content=\"@belvarossecrets\" \/>\n<meta name=\"twitter:label1\" content=\"Est. reading time\" \/>\n\t<meta name=\"twitter:data1\" content=\"2 minutes\" \/>\n<script type=\"application\/ld+json\" class=\"yoast-schema-graph\">{\"@context\":\"https:\\\/\\\/schema.org\",\"@graph\":[{\"@type\":\"WebPage\",\"@id\":\"https:\\\/\\\/www.szexshopbelvaros.com\\\/termek\\\/chisa-tail-power-beads\\\/\",\"url\":\"https:\\\/\\\/www.szexshopbelvaros.com\\\/termek\\\/chisa-tail-power-beads\\\/\",\"name\":\"Tail Power Beads \u2013 A rezg\u0151 an\u00e1l k\u00edgy\u00f3, ami minden gy\u00f6nggyel m\u00e9lyebbre cs\u00faszik. \ud83d\udda4\ud83d\udc0d - Szexshop Belvaros\",\"isPartOf\":{\"@id\":\"https:\\\/\\\/www.szexshopbelvaros.com\\\/#website\"},\"primaryImageOfPage\":{\"@id\":\"https:\\\/\\\/www.szexshopbelvaros.com\\\/termek\\\/chisa-tail-power-beads\\\/#primaryimage\"},\"image\":{\"@id\":\"https:\\\/\\\/www.szexshopbelvaros.com\\\/termek\\\/chisa-tail-power-beads\\\/#primaryimage\"},\"thumbnailUrl\":\"https:\\\/\\\/www.szexshopbelvaros.com\\\/wp-content\\\/uploads\\\/2025\\\/01\\\/30fb65c0-4348-11ee-8b96-ae59f43e1559_tail_power_beads__1_.jpg\",\"datePublished\":\"2025-01-31T13:34:53+00:00\",\"dateModified\":\"2026-04-10T13:59:22+00:00\",\"breadcrumb\":{\"@id\":\"https:\\\/\\\/www.szexshopbelvaros.com\\\/termek\\\/chisa-tail-power-beads\\\/#breadcrumb\"},\"inLanguage\":\"en-US\",\"potentialAction\":[{\"@type\":\"ReadAction\",\"target\":[\"https:\\\/\\\/www.szexshopbelvaros.com\\\/termek\\\/chisa-tail-power-beads\\\/\"]}]},{\"@type\":\"ImageObject\",\"inLanguage\":\"en-US\",\"@id\":\"https:\\\/\\\/www.szexshopbelvaros.com\\\/termek\\\/chisa-tail-power-beads\\\/#primaryimage\",\"url\":\"https:\\\/\\\/www.szexshopbelvaros.com\\\/wp-content\\\/uploads\\\/2025\\\/01\\\/30fb65c0-4348-11ee-8b96-ae59f43e1559_tail_power_beads__1_.jpg\",\"contentUrl\":\"https:\\\/\\\/www.szexshopbelvaros.com\\\/wp-content\\\/uploads\\\/2025\\\/01\\\/30fb65c0-4348-11ee-8b96-ae59f43e1559_tail_power_beads__1_.jpg\",\"width\":1000,\"height\":563},{\"@type\":\"BreadcrumbList\",\"@id\":\"https:\\\/\\\/www.szexshopbelvaros.com\\\/termek\\\/chisa-tail-power-beads\\\/#breadcrumb\",\"itemListElement\":[{\"@type\":\"ListItem\",\"position\":1,\"name\":\"Home\",\"item\":\"https:\\\/\\\/www.szexshopbelvaros.com\\\/\"},{\"@type\":\"ListItem\",\"position\":2,\"name\":\"\u00c1ruh\u00e1z\",\"item\":\"https:\\\/\\\/www.szexshopbelvaros.com\\\/uzlet\\\/\"},{\"@type\":\"ListItem\",\"position\":3,\"name\":\"Tail Power Beads \u2013 A rezg\u0151 an\u00e1l k\u00edgy\u00f3, ami minden gy\u00f6nggyel m\u00e9lyebbre cs\u00faszik. \ud83d\udda4\ud83d\udc0d\"}]},{\"@type\":\"WebSite\",\"@id\":\"https:\\\/\\\/www.szexshopbelvaros.com\\\/#website\",\"url\":\"https:\\\/\\\/www.szexshopbelvaros.com\\\/\",\"name\":\"Szexshop Belv\u00e1ros\",\"description\":\"\ud83d\udd25 A szex olyan, mint a p\u00e9nz; csak a t\u00fal sok el\u00e9g!\u2122 Titkok a belv\u00e1rosb\u00f3l \ud83d\udc8b | Secrets from Budapest \ud83d\udc8e Feln\u0151tt j\u00e1t\u00e9kok \u2022 Erotika \u2022 Szexshop Belvaros\",\"publisher\":{\"@id\":\"https:\\\/\\\/www.szexshopbelvaros.com\\\/#organization\"},\"potentialAction\":[{\"@type\":\"SearchAction\",\"target\":{\"@type\":\"EntryPoint\",\"urlTemplate\":\"https:\\\/\\\/www.szexshopbelvaros.com\\\/?s={search_term_string}\"},\"query-input\":{\"@type\":\"PropertyValueSpecification\",\"valueRequired\":true,\"valueName\":\"search_term_string\"}}],\"inLanguage\":\"en-US\"},{\"@type\":\"Organization\",\"@id\":\"https:\\\/\\\/www.szexshopbelvaros.com\\\/#organization\",\"name\":\"Szexshop Belv\u00e1ros\",\"alternateName\":\"szexshopbelvaros.com\",\"url\":\"https:\\\/\\\/www.szexshopbelvaros.com\\\/\",\"logo\":{\"@type\":\"ImageObject\",\"inLanguage\":\"en-US\",\"@id\":\"https:\\\/\\\/www.szexshopbelvaros.com\\\/#\\\/schema\\\/logo\\\/image\\\/\",\"url\":\"https:\\\/\\\/www.szexshopbelvaros.com\\\/wp-content\\\/uploads\\\/2025\\\/09\\\/1Szexshopbelvaroslogo_blurred_stronger.jpg\",\"contentUrl\":\"https:\\\/\\\/www.szexshopbelvaros.com\\\/wp-content\\\/uploads\\\/2025\\\/09\\\/1Szexshopbelvaroslogo_blurred_stronger.jpg\",\"width\":1024,\"height\":1024,\"caption\":\"Szexshop Belv\u00e1ros\"},\"image\":{\"@id\":\"https:\\\/\\\/www.szexshopbelvaros.com\\\/#\\\/schema\\\/logo\\\/image\\\/\"},\"sameAs\":[\"https:\\\/\\\/www.facebook.com\\\/belvarossecrets\\\/\",\"https:\\\/\\\/x.com\\\/belvarossecrets\",\"https:\\\/\\\/www.instagram.com\\\/belvarossecrets\\\/\",\"https:\\\/\\\/www.tiktok.com\\\/@belvarossecrets\"]}]}<\/script>\n<!-- \/ Yoast SEO plugin. -->","yoast_head_json":{"title":"Tail Power Beads \u2013 The vibrating anal snake that slides deeper with each bead. \ud83d\udda4\ud83d\udc0d - Szexshop Belvaros","robots":{"index":"index","follow":"follow","max-snippet":"max-snippet:-1","max-image-preview":"max-image-preview:large","max-video-preview":"max-video-preview:-1"},"canonical":"https:\/\/www.szexshopbelvaros.com\/en\/product\/chisa-tail-power-beads\/","og_locale":"en_US","og_type":"article","og_title":"Tail Power Beads \u2013 A rezg\u0151 an\u00e1l k\u00edgy\u00f3, ami minden gy\u00f6nggyel m\u00e9lyebbre cs\u00faszik. \ud83d\udda4\ud83d\udc0d - Szexshop Belvaros","og_description":"Ez a 18 cm hossz\u00fa, 2,5 cm \u00e1tm\u00e9r\u0151j\u0171 szilikon an\u00e1lgy\u00f6ngy-l\u00e1nc nem finomkodik: \u00f6t k\u00fcl\u00f6nb\u00f6z\u0151 m\u00e9ret\u0171 goly\u00f3ja gy\u00f6ngyr\u0151l gy\u00f6ngyre dolgozik rajtad, mik\u00f6zben a 7 vibr\u00e1ci\u00f3s funkci\u00f3 olyan extra stimul\u00e1ci\u00f3t ad, amit\u0151l a z\u00e1r\u00f3izmod nemcsak t\u00e1gul, de h\u00e1l\u00e1t is rebeg. A szexi fekete, rugalmas test k\u00f6nnyed\u00e9n simul a tested form\u00e1j\u00e1hoz, rezg\u00e9se pedig egyszerre k\u00e9nyeztet \u00e9s borzol \u2013 [...]","og_url":"https:\/\/www.szexshopbelvaros.com\/en\/product\/chisa-tail-power-beads\/","og_site_name":"Szexshop Belvaros","article_publisher":"https:\/\/www.facebook.com\/belvarossecrets\/","article_modified_time":"2026-04-10T13:59:22+00:00","og_image":[{"width":1000,"height":563,"url":"https:\/\/www.szexshopbelvaros.com\/wp-content\/uploads\/2025\/01\/30fb65c0-4348-11ee-8b96-ae59f43e1559_tail_power_beads__1_.jpg","type":"image\/jpeg"}],"twitter_card":"summary_large_image","twitter_site":"@belvarossecrets","twitter_misc":{"Est. reading time":"2 minutes"},"schema":{"@context":"https:\/\/schema.org","@graph":[{"@type":"WebPage","@id":"https:\/\/www.szexshopbelvaros.com\/termek\/chisa-tail-power-beads\/","url":"https:\/\/www.szexshopbelvaros.com\/termek\/chisa-tail-power-beads\/","name":"Tail Power Beads \u2013 The vibrating anal snake that slides deeper with each bead. \ud83d\udda4\ud83d\udc0d - Szexshop Belvaros","isPartOf":{"@id":"https:\/\/www.szexshopbelvaros.com\/#website"},"primaryImageOfPage":{"@id":"https:\/\/www.szexshopbelvaros.com\/termek\/chisa-tail-power-beads\/#primaryimage"},"image":{"@id":"https:\/\/www.szexshopbelvaros.com\/termek\/chisa-tail-power-beads\/#primaryimage"},"thumbnailUrl":"https:\/\/www.szexshopbelvaros.com\/wp-content\/uploads\/2025\/01\/30fb65c0-4348-11ee-8b96-ae59f43e1559_tail_power_beads__1_.jpg","datePublished":"2025-01-31T13:34:53+00:00","dateModified":"2026-04-10T13:59:22+00:00","breadcrumb":{"@id":"https:\/\/www.szexshopbelvaros.com\/termek\/chisa-tail-power-beads\/#breadcrumb"},"inLanguage":"en-US","potentialAction":[{"@type":"ReadAction","target":["https:\/\/www.szexshopbelvaros.com\/termek\/chisa-tail-power-beads\/"]}]},{"@type":"ImageObject","inLanguage":"en-US","@id":"https:\/\/www.szexshopbelvaros.com\/termek\/chisa-tail-power-beads\/#primaryimage","url":"https:\/\/www.szexshopbelvaros.com\/wp-content\/uploads\/2025\/01\/30fb65c0-4348-11ee-8b96-ae59f43e1559_tail_power_beads__1_.jpg","contentUrl":"https:\/\/www.szexshopbelvaros.com\/wp-content\/uploads\/2025\/01\/30fb65c0-4348-11ee-8b96-ae59f43e1559_tail_power_beads__1_.jpg","width":1000,"height":563},{"@type":"BreadcrumbList","@id":"https:\/\/www.szexshopbelvaros.com\/termek\/chisa-tail-power-beads\/#breadcrumb","itemListElement":[{"@type":"ListItem","position":1,"name":"Home","item":"https:\/\/www.szexshopbelvaros.com\/"},{"@type":"ListItem","position":2,"name":"\u00c1ruh\u00e1z","item":"https:\/\/www.szexshopbelvaros.com\/uzlet\/"},{"@type":"ListItem","position":3,"name":"Tail Power Beads \u2013 A rezg\u0151 an\u00e1l k\u00edgy\u00f3, ami minden gy\u00f6nggyel m\u00e9lyebbre cs\u00faszik. \ud83d\udda4\ud83d\udc0d"}]},{"@type":"WebSite","@id":"https:\/\/www.szexshopbelvaros.com\/#website","url":"https:\/\/www.szexshopbelvaros.com\/","name":"at our Szexshop Belv\u00e1ros","description":"\ud83d\udd25 Sex is like money; only too much is enough!\u2122 Secrets from the city center \ud83d\udc8b | Secrets from Budapest \ud83d\udc8e Adult games \u2022 Erotica \u2022 Sex shop Belvaros","publisher":{"@id":"https:\/\/www.szexshopbelvaros.com\/#organization"},"potentialAction":[{"@type":"SearchAction","target":{"@type":"EntryPoint","urlTemplate":"https:\/\/www.szexshopbelvaros.com\/?s={search_term_string}"},"query-input":{"@type":"PropertyValueSpecification","valueRequired":true,"valueName":"search_term_string"}}],"inLanguage":"en-US"},{"@type":"Organization","@id":"https:\/\/www.szexshopbelvaros.com\/#organization","name":"at our Szexshop Belv\u00e1ros","alternateName":"szexshopbelvaros.com","url":"https:\/\/www.szexshopbelvaros.com\/","logo":{"@type":"ImageObject","inLanguage":"en-US","@id":"https:\/\/www.szexshopbelvaros.com\/#\/schema\/logo\/image\/","url":"https:\/\/www.szexshopbelvaros.com\/wp-content\/uploads\/2025\/09\/1Szexshopbelvaroslogo_blurred_stronger.jpg","contentUrl":"https:\/\/www.szexshopbelvaros.com\/wp-content\/uploads\/2025\/09\/1Szexshopbelvaroslogo_blurred_stronger.jpg","width":1024,"height":1024,"caption":"Szexshop Belv\u00e1ros"},"image":{"@id":"https:\/\/www.szexshopbelvaros.com\/#\/schema\/logo\/image\/"},"sameAs":["https:\/\/www.facebook.com\/belvarossecrets\/","https:\/\/x.com\/belvarossecrets","https:\/\/www.instagram.com\/belvarossecrets\/","https:\/\/www.tiktok.com\/@belvarossecrets"]}]}},"_links":{"self":[{"href":"https:\/\/www.szexshopbelvaros.com\/en\/wp-json\/wp\/v2\/product\/144","targetHints":{"allow":["GET"]}}],"collection":[{"href":"https:\/\/www.szexshopbelvaros.com\/en\/wp-json\/wp\/v2\/product"}],"about":[{"href":"https:\/\/www.szexshopbelvaros.com\/en\/wp-json\/wp\/v2\/types\/product"}],"replies":[{"embeddable":true,"href":"https:\/\/www.szexshopbelvaros.com\/en\/wp-json\/wp\/v2\/comments?post=144"}],"wp:featuredmedia":[{"embeddable":true,"href":"https:\/\/www.szexshopbelvaros.com\/en\/wp-json\/wp\/v2\/media\/145"}],"wp:attachment":[{"href":"https:\/\/www.szexshopbelvaros.com\/en\/wp-json\/wp\/v2\/media?parent=144"}],"wp:term":[{"taxonomy":"product_brand","embeddable":true,"href":"https:\/\/www.szexshopbelvaros.com\/en\/wp-json\/wp\/v2\/product_brand?post=144"},{"taxonomy":"product_cat","embeddable":true,"href":"https:\/\/www.szexshopbelvaros.com\/en\/wp-json\/wp\/v2\/product_cat?post=144"},{"taxonomy":"product_tag","embeddable":true,"href":"https:\/\/www.szexshopbelvaros.com\/en\/wp-json\/wp\/v2\/product_tag?post=144"}],"curies":[{"name":"wp","href":"https:\/\/api.w.org\/{rel}","templated":true}]}}