{"id":150,"date":"2025-01-31T14:34:53","date_gmt":"2025-01-31T13:34:53","guid":{"rendered":"https:\/\/www.szexshopbelvaros.com\/termek\/restraint-set-bondage\/"},"modified":"2026-03-26T14:32:46","modified_gmt":"2026-03-26T13:32:46","slug":"restraint-set-bondage","status":"publish","type":"product","link":"https:\/\/www.szexshopbelvaros.com\/en\/product\/restraint-set-bondage\/","title":{"rendered":"Hold It Down \u2013 Bondage Basic Pack for Chaos"},"content":{"rendered":"<p data-start=\"284\" data-end=\"981\">This 120 cm long, made of polyamide <strong data-start=\"338\" data-end=\"361\">bondage set<\/strong> is perfect for the word freedom to finally be heard not only in political campaigns. <strong data-start=\"450\" data-end=\"484\">Black fetish accessory<\/strong>, which you can attach to a limb or body and instantly transform your bedroom into a solid little torture chamber (with friendly lighting, of course).<br data-start=\"634\" data-end=\"637\" \/>Excellent <strong data-start=\"644\" data-end=\"672\">for sexual role play<\/strong>, <strong data-start=\"674\" data-end=\"698\">for intimate gatherings<\/strong>, or if tonight you feel like you need to capture that special someone's heart and their wrists. The <strong data-start=\"780\" data-end=\"806\">restraint bondage set<\/strong>, <strong data-start=\"808\" data-end=\"841\">adjustable polyamide BDSM set<\/strong>, <strong data-start=\"843\" data-end=\"860\">fetish bondage<\/strong> and <strong data-start=\"864\" data-end=\"886\">role-playing tool<\/strong> is king of categories \u2013 because sometimes the greatest thrill is when someone <em data-start=\"959\" data-end=\"964\">can't<\/em> touch you.<\/p>\n<p data-start=\"983\" data-end=\"1117\"><strong data-start=\"983\" data-end=\"994\">Unisex<\/strong> \u2013 for dominatrixes, submissives, or those who finally want to watch a series in peace while the other person can&#039;t turn it off.<\/p>\n<p>&nbsp;<\/p>","protected":false},"excerpt":{"rendered":"<p>Ez a 120 cm hossz\u00fa, poliamidb\u00f3l k\u00e9sz\u00fclt bondage k\u00f6t\u00f6z\u0151szett t\u00f6k\u00e9letes arra, hogy a szabads\u00e1g sz\u00f3 v\u00e9gre ne csak politikai kamp\u00e1nyokban hangozzon el. Fekete sz\u00edn\u0171 fetish kieg\u00e9sz\u00edt\u0151, amit v\u00e9gtagra vagy testre csatolva pillanatok alatt \u00e1tv\u00e1ltoztatod a h\u00e1l\u00f3szob\u00e1t egy szolid kis k\u00ednz\u00f3kamr\u00e1v\u00e1 (bar\u00e1ts\u00e1gos vil\u00e1g\u00edt\u00e1ssal, term\u00e9szetesen).Kiv\u00e1l\u00f3 szexu\u00e1lis szerepj\u00e1t\u00e9khoz, intim egy\u00fcttl\u00e9tekhez, vagy ha ma este \u00fagy \u00e9rzed, nem csak [&#8230;]\n","protected":false},"featured_media":2141,"comment_status":"closed","ping_status":"closed","template":"","meta":[],"product_brand":[79],"product_cat":[52,2005],"product_tag":[321,1410,1416,372,1561,389,1415,2008,2021,1407,2022,2020,715],"class_list":{"0":"post-150","1":"product","2":"type-product","3":"status-publish","4":"has-post-thumbnail","6":"product_brand-orion","7":"product_cat-bdsm","8":"product_cat-kotozes-rogzites","9":"product_tag-bdsm","10":"product_tag-bdsm-toy","11":"product_tag-bilincs","12":"product_tag-bondage","13":"product_tag-bondage-rope","14":"product_tag-felnott-jatek","15":"product_tag-handcuffs","16":"product_tag-kink","17":"product_tag-kotelfetis","18":"product_tag-kotozes","19":"product_tag-restraints","20":"product_tag-rogzites","21":"product_tag-szadomazo-kellek","23":"first","24":"instock","25":"taxable","26":"shipping-taxable","27":"purchasable","28":"product-type-simple"},"yoast_head":"<!-- This site is optimized with the Yoast SEO plugin v27.4 - https:\/\/yoast.com\/product\/yoast-seo-wordpress\/ -->\n<title>Fogd Le Sz\u00e9pen \u2013 Bondage Alapcsomag a K\u00e1oszhoz - Szexshop Belvaros<\/title>\n<meta name=\"robots\" content=\"index, follow, max-snippet:-1, max-image-preview:large, max-video-preview:-1\" \/>\n<link rel=\"canonical\" href=\"https:\/\/www.szexshopbelvaros.com\/en\/product\/restraint-set-bondage\/\" \/>\n<meta property=\"og:locale\" content=\"en_US\" \/>\n<meta property=\"og:type\" content=\"article\" \/>\n<meta property=\"og:title\" content=\"Fogd Le Sz\u00e9pen \u2013 Bondage Alapcsomag a K\u00e1oszhoz - Szexshop Belvaros\" \/>\n<meta property=\"og:description\" content=\"Ez a 120 cm hossz\u00fa, poliamidb\u00f3l k\u00e9sz\u00fclt bondage k\u00f6t\u00f6z\u0151szett t\u00f6k\u00e9letes arra, hogy a szabads\u00e1g sz\u00f3 v\u00e9gre ne csak politikai kamp\u00e1nyokban hangozzon el. Fekete sz\u00edn\u0171 fetish kieg\u00e9sz\u00edt\u0151, amit v\u00e9gtagra vagy testre csatolva pillanatok alatt \u00e1tv\u00e1ltoztatod a h\u00e1l\u00f3szob\u00e1t egy szolid kis k\u00ednz\u00f3kamr\u00e1v\u00e1 (bar\u00e1ts\u00e1gos vil\u00e1g\u00edt\u00e1ssal, term\u00e9szetesen).Kiv\u00e1l\u00f3 szexu\u00e1lis szerepj\u00e1t\u00e9khoz, intim egy\u00fcttl\u00e9tekhez, vagy ha ma este \u00fagy \u00e9rzed, nem csak [...]\" \/>\n<meta property=\"og:url\" content=\"https:\/\/www.szexshopbelvaros.com\/en\/product\/restraint-set-bondage\/\" \/>\n<meta property=\"og:site_name\" content=\"Szexshop Belvaros\" \/>\n<meta property=\"article:publisher\" content=\"https:\/\/www.facebook.com\/belvarossecrets\/\" \/>\n<meta property=\"article:modified_time\" content=\"2026-03-26T13:32:46+00:00\" \/>\n<meta property=\"og:image\" content=\"https:\/\/www.szexshopbelvaros.com\/wp-content\/uploads\/2025\/01\/apart-1.png\" \/>\n\t<meta property=\"og:image:width\" content=\"1000\" \/>\n\t<meta property=\"og:image:height\" content=\"563\" \/>\n\t<meta property=\"og:image:type\" content=\"image\/png\" \/>\n<meta name=\"twitter:card\" content=\"summary_large_image\" \/>\n<meta name=\"twitter:site\" content=\"@belvarossecrets\" \/>\n<meta name=\"twitter:label1\" content=\"Est. reading time\" \/>\n\t<meta name=\"twitter:data1\" content=\"1 minute\" \/>\n<script type=\"application\/ld+json\" class=\"yoast-schema-graph\">{\"@context\":\"https:\\\/\\\/schema.org\",\"@graph\":[{\"@type\":\"WebPage\",\"@id\":\"https:\\\/\\\/www.szexshopbelvaros.com\\\/termek\\\/restraint-set-bondage\\\/\",\"url\":\"https:\\\/\\\/www.szexshopbelvaros.com\\\/termek\\\/restraint-set-bondage\\\/\",\"name\":\"Fogd Le Sz\u00e9pen \u2013 Bondage Alapcsomag a K\u00e1oszhoz - Szexshop Belvaros\",\"isPartOf\":{\"@id\":\"https:\\\/\\\/www.szexshopbelvaros.com\\\/#website\"},\"primaryImageOfPage\":{\"@id\":\"https:\\\/\\\/www.szexshopbelvaros.com\\\/termek\\\/restraint-set-bondage\\\/#primaryimage\"},\"image\":{\"@id\":\"https:\\\/\\\/www.szexshopbelvaros.com\\\/termek\\\/restraint-set-bondage\\\/#primaryimage\"},\"thumbnailUrl\":\"https:\\\/\\\/www.szexshopbelvaros.com\\\/wp-content\\\/uploads\\\/2025\\\/01\\\/apart-1.png\",\"datePublished\":\"2025-01-31T13:34:53+00:00\",\"dateModified\":\"2026-03-26T13:32:46+00:00\",\"breadcrumb\":{\"@id\":\"https:\\\/\\\/www.szexshopbelvaros.com\\\/termek\\\/restraint-set-bondage\\\/#breadcrumb\"},\"inLanguage\":\"en-US\",\"potentialAction\":[{\"@type\":\"ReadAction\",\"target\":[\"https:\\\/\\\/www.szexshopbelvaros.com\\\/termek\\\/restraint-set-bondage\\\/\"]}]},{\"@type\":\"ImageObject\",\"inLanguage\":\"en-US\",\"@id\":\"https:\\\/\\\/www.szexshopbelvaros.com\\\/termek\\\/restraint-set-bondage\\\/#primaryimage\",\"url\":\"https:\\\/\\\/www.szexshopbelvaros.com\\\/wp-content\\\/uploads\\\/2025\\\/01\\\/apart-1.png\",\"contentUrl\":\"https:\\\/\\\/www.szexshopbelvaros.com\\\/wp-content\\\/uploads\\\/2025\\\/01\\\/apart-1.png\",\"width\":1000,\"height\":563},{\"@type\":\"BreadcrumbList\",\"@id\":\"https:\\\/\\\/www.szexshopbelvaros.com\\\/termek\\\/restraint-set-bondage\\\/#breadcrumb\",\"itemListElement\":[{\"@type\":\"ListItem\",\"position\":1,\"name\":\"Home\",\"item\":\"https:\\\/\\\/www.szexshopbelvaros.com\\\/\"},{\"@type\":\"ListItem\",\"position\":2,\"name\":\"\u00c1ruh\u00e1z\",\"item\":\"https:\\\/\\\/www.szexshopbelvaros.com\\\/uzlet\\\/\"},{\"@type\":\"ListItem\",\"position\":3,\"name\":\"Fogd Le Sz\u00e9pen \u2013 Bondage Alapcsomag a K\u00e1oszhoz\"}]},{\"@type\":\"WebSite\",\"@id\":\"https:\\\/\\\/www.szexshopbelvaros.com\\\/#website\",\"url\":\"https:\\\/\\\/www.szexshopbelvaros.com\\\/\",\"name\":\"Szexshop Belv\u00e1ros\",\"description\":\"\ud83d\udd25 A szex olyan, mint a p\u00e9nz; csak a t\u00fal sok el\u00e9g!\u2122 Titkok a belv\u00e1rosb\u00f3l \ud83d\udc8b | Secrets from Budapest \ud83d\udc8e Feln\u0151tt j\u00e1t\u00e9kok \u2022 Erotika \u2022 Szexshop Belvaros\",\"publisher\":{\"@id\":\"https:\\\/\\\/www.szexshopbelvaros.com\\\/#organization\"},\"potentialAction\":[{\"@type\":\"SearchAction\",\"target\":{\"@type\":\"EntryPoint\",\"urlTemplate\":\"https:\\\/\\\/www.szexshopbelvaros.com\\\/?s={search_term_string}\"},\"query-input\":{\"@type\":\"PropertyValueSpecification\",\"valueRequired\":true,\"valueName\":\"search_term_string\"}}],\"inLanguage\":\"en-US\"},{\"@type\":\"Organization\",\"@id\":\"https:\\\/\\\/www.szexshopbelvaros.com\\\/#organization\",\"name\":\"Szexshop Belv\u00e1ros\",\"alternateName\":\"szexshopbelvaros.com\",\"url\":\"https:\\\/\\\/www.szexshopbelvaros.com\\\/\",\"logo\":{\"@type\":\"ImageObject\",\"inLanguage\":\"en-US\",\"@id\":\"https:\\\/\\\/www.szexshopbelvaros.com\\\/#\\\/schema\\\/logo\\\/image\\\/\",\"url\":\"https:\\\/\\\/www.szexshopbelvaros.com\\\/wp-content\\\/uploads\\\/2025\\\/09\\\/1Szexshopbelvaroslogo_blurred_stronger.jpg\",\"contentUrl\":\"https:\\\/\\\/www.szexshopbelvaros.com\\\/wp-content\\\/uploads\\\/2025\\\/09\\\/1Szexshopbelvaroslogo_blurred_stronger.jpg\",\"width\":1024,\"height\":1024,\"caption\":\"Szexshop Belv\u00e1ros\"},\"image\":{\"@id\":\"https:\\\/\\\/www.szexshopbelvaros.com\\\/#\\\/schema\\\/logo\\\/image\\\/\"},\"sameAs\":[\"https:\\\/\\\/www.facebook.com\\\/belvarossecrets\\\/\",\"https:\\\/\\\/x.com\\\/belvarossecrets\",\"https:\\\/\\\/www.instagram.com\\\/belvarossecrets\\\/\",\"https:\\\/\\\/www.tiktok.com\\\/@belvarossecrets\"]}]}<\/script>\n<!-- \/ Yoast SEO plugin. -->","yoast_head_json":{"title":"Hold It Down Nicely \u2013 Bondage Basic Package for Chaos - Szexshop Belvaros","robots":{"index":"index","follow":"follow","max-snippet":"max-snippet:-1","max-image-preview":"max-image-preview:large","max-video-preview":"max-video-preview:-1"},"canonical":"https:\/\/www.szexshopbelvaros.com\/en\/product\/restraint-set-bondage\/","og_locale":"en_US","og_type":"article","og_title":"Fogd Le Sz\u00e9pen \u2013 Bondage Alapcsomag a K\u00e1oszhoz - Szexshop Belvaros","og_description":"Ez a 120 cm hossz\u00fa, poliamidb\u00f3l k\u00e9sz\u00fclt bondage k\u00f6t\u00f6z\u0151szett t\u00f6k\u00e9letes arra, hogy a szabads\u00e1g sz\u00f3 v\u00e9gre ne csak politikai kamp\u00e1nyokban hangozzon el. Fekete sz\u00edn\u0171 fetish kieg\u00e9sz\u00edt\u0151, amit v\u00e9gtagra vagy testre csatolva pillanatok alatt \u00e1tv\u00e1ltoztatod a h\u00e1l\u00f3szob\u00e1t egy szolid kis k\u00ednz\u00f3kamr\u00e1v\u00e1 (bar\u00e1ts\u00e1gos vil\u00e1g\u00edt\u00e1ssal, term\u00e9szetesen).Kiv\u00e1l\u00f3 szexu\u00e1lis szerepj\u00e1t\u00e9khoz, intim egy\u00fcttl\u00e9tekhez, vagy ha ma este \u00fagy \u00e9rzed, nem csak [...]","og_url":"https:\/\/www.szexshopbelvaros.com\/en\/product\/restraint-set-bondage\/","og_site_name":"Szexshop Belvaros","article_publisher":"https:\/\/www.facebook.com\/belvarossecrets\/","article_modified_time":"2026-03-26T13:32:46+00:00","og_image":[{"width":1000,"height":563,"url":"https:\/\/www.szexshopbelvaros.com\/wp-content\/uploads\/2025\/01\/apart-1.png","type":"image\/png"}],"twitter_card":"summary_large_image","twitter_site":"@belvarossecrets","twitter_misc":{"Est. reading time":"1 minute"},"schema":{"@context":"https:\/\/schema.org","@graph":[{"@type":"WebPage","@id":"https:\/\/www.szexshopbelvaros.com\/termek\/restraint-set-bondage\/","url":"https:\/\/www.szexshopbelvaros.com\/termek\/restraint-set-bondage\/","name":"Hold It Down Nicely \u2013 Bondage Basic Package for Chaos - Szexshop Belvaros","isPartOf":{"@id":"https:\/\/www.szexshopbelvaros.com\/#website"},"primaryImageOfPage":{"@id":"https:\/\/www.szexshopbelvaros.com\/termek\/restraint-set-bondage\/#primaryimage"},"image":{"@id":"https:\/\/www.szexshopbelvaros.com\/termek\/restraint-set-bondage\/#primaryimage"},"thumbnailUrl":"https:\/\/www.szexshopbelvaros.com\/wp-content\/uploads\/2025\/01\/apart-1.png","datePublished":"2025-01-31T13:34:53+00:00","dateModified":"2026-03-26T13:32:46+00:00","breadcrumb":{"@id":"https:\/\/www.szexshopbelvaros.com\/termek\/restraint-set-bondage\/#breadcrumb"},"inLanguage":"en-US","potentialAction":[{"@type":"ReadAction","target":["https:\/\/www.szexshopbelvaros.com\/termek\/restraint-set-bondage\/"]}]},{"@type":"ImageObject","inLanguage":"en-US","@id":"https:\/\/www.szexshopbelvaros.com\/termek\/restraint-set-bondage\/#primaryimage","url":"https:\/\/www.szexshopbelvaros.com\/wp-content\/uploads\/2025\/01\/apart-1.png","contentUrl":"https:\/\/www.szexshopbelvaros.com\/wp-content\/uploads\/2025\/01\/apart-1.png","width":1000,"height":563},{"@type":"BreadcrumbList","@id":"https:\/\/www.szexshopbelvaros.com\/termek\/restraint-set-bondage\/#breadcrumb","itemListElement":[{"@type":"ListItem","position":1,"name":"Home","item":"https:\/\/www.szexshopbelvaros.com\/"},{"@type":"ListItem","position":2,"name":"\u00c1ruh\u00e1z","item":"https:\/\/www.szexshopbelvaros.com\/uzlet\/"},{"@type":"ListItem","position":3,"name":"Fogd Le Sz\u00e9pen \u2013 Bondage Alapcsomag a K\u00e1oszhoz"}]},{"@type":"WebSite","@id":"https:\/\/www.szexshopbelvaros.com\/#website","url":"https:\/\/www.szexshopbelvaros.com\/","name":"at our Szexshop Belv\u00e1ros","description":"\ud83d\udd25 Sex is like money; only too much is enough!\u2122 Secrets from the city center \ud83d\udc8b | Secrets from Budapest \ud83d\udc8e Adult games \u2022 Erotica \u2022 Sex shop Belvaros","publisher":{"@id":"https:\/\/www.szexshopbelvaros.com\/#organization"},"potentialAction":[{"@type":"SearchAction","target":{"@type":"EntryPoint","urlTemplate":"https:\/\/www.szexshopbelvaros.com\/?s={search_term_string}"},"query-input":{"@type":"PropertyValueSpecification","valueRequired":true,"valueName":"search_term_string"}}],"inLanguage":"en-US"},{"@type":"Organization","@id":"https:\/\/www.szexshopbelvaros.com\/#organization","name":"at our Szexshop Belv\u00e1ros","alternateName":"szexshopbelvaros.com","url":"https:\/\/www.szexshopbelvaros.com\/","logo":{"@type":"ImageObject","inLanguage":"en-US","@id":"https:\/\/www.szexshopbelvaros.com\/#\/schema\/logo\/image\/","url":"https:\/\/www.szexshopbelvaros.com\/wp-content\/uploads\/2025\/09\/1Szexshopbelvaroslogo_blurred_stronger.jpg","contentUrl":"https:\/\/www.szexshopbelvaros.com\/wp-content\/uploads\/2025\/09\/1Szexshopbelvaroslogo_blurred_stronger.jpg","width":1024,"height":1024,"caption":"Szexshop Belv\u00e1ros"},"image":{"@id":"https:\/\/www.szexshopbelvaros.com\/#\/schema\/logo\/image\/"},"sameAs":["https:\/\/www.facebook.com\/belvarossecrets\/","https:\/\/x.com\/belvarossecrets","https:\/\/www.instagram.com\/belvarossecrets\/","https:\/\/www.tiktok.com\/@belvarossecrets"]}]}},"_links":{"self":[{"href":"https:\/\/www.szexshopbelvaros.com\/en\/wp-json\/wp\/v2\/product\/150","targetHints":{"allow":["GET"]}}],"collection":[{"href":"https:\/\/www.szexshopbelvaros.com\/en\/wp-json\/wp\/v2\/product"}],"about":[{"href":"https:\/\/www.szexshopbelvaros.com\/en\/wp-json\/wp\/v2\/types\/product"}],"replies":[{"embeddable":true,"href":"https:\/\/www.szexshopbelvaros.com\/en\/wp-json\/wp\/v2\/comments?post=150"}],"wp:featuredmedia":[{"embeddable":true,"href":"https:\/\/www.szexshopbelvaros.com\/en\/wp-json\/wp\/v2\/media\/2141"}],"wp:attachment":[{"href":"https:\/\/www.szexshopbelvaros.com\/en\/wp-json\/wp\/v2\/media?parent=150"}],"wp:term":[{"taxonomy":"product_brand","embeddable":true,"href":"https:\/\/www.szexshopbelvaros.com\/en\/wp-json\/wp\/v2\/product_brand?post=150"},{"taxonomy":"product_cat","embeddable":true,"href":"https:\/\/www.szexshopbelvaros.com\/en\/wp-json\/wp\/v2\/product_cat?post=150"},{"taxonomy":"product_tag","embeddable":true,"href":"https:\/\/www.szexshopbelvaros.com\/en\/wp-json\/wp\/v2\/product_tag?post=150"}],"curies":[{"name":"wp","href":"https:\/\/api.w.org\/{rel}","templated":true}]}}