{"id":152,"date":"2025-01-31T14:34:53","date_gmt":"2025-01-31T13:34:53","guid":{"rendered":"https:\/\/www.szexshopbelvaros.com\/termek\/guilty-pleasure-small-feather-tickler-black\/"},"modified":"2026-04-14T17:15:24","modified_gmt":"2026-04-14T15:15:24","slug":"guilty-pleasure-small-feather-tickler-black","status":"publish","type":"product","link":"https:\/\/www.szexshopbelvaros.com\/en\/product\/guilty-pleasure-small-feather-tickler-black\/","title":{"rendered":"\ud83e\udeb6 PiheP\u00f6ci \u2013 Because not all punishment comes with a bang."},"content":{"rendered":"<p data-start=\"65\" data-end=\"471\">Our <em data-start=\"67\" data-end=\"77\">PiheP\u00f6ci,<\/em> that little feathered wand that you won't hit with, but <em data-start=\"133\" data-end=\"147\">use to enchant your partner with.<\/em>. It's 32 cm of pure fetish romance, caressing you with black feathers, knowing exactly that your partner will beg you with the second touch saying <em data-start=\"300\" data-end=\"343\">\"someone finally do something rude\".<\/em>It's made with a metal handle, so if you're creative enough, it can even be used as a dominant wand . Just don't drop it while laughing.<\/p>\n<p data-start=\"473\" data-end=\"717\" data-is-last-node=\"\" data-is-only-node=\"\">Recommended for foreplay, role play, or if you just want the other person to finally <em data-start=\"554\" data-end=\"592\">not pet their phone, only you.<\/em>Fetish accessory? Yes. Ridiculously fun? Double. Available at <em data-start=\"655\" data-end=\"676\">Sex shop in the city<\/em> , where even the tickler knows its place.<\/p>","protected":false},"excerpt":{"rendered":"<p>A PiheP\u00f6ci az a kis tollas basz\u00f3s\u00e1g, amivel nem \u00fctni fogsz, hanem elvar\u00e1zsolni. 32 centi tiszta f\u00e9tisromantika, ami fekete tollakkal simogat, de k\u00f6zben pontosan tudja, hogy a partnered m\u00e1r a m\u00e1sodik \u00e9rint\u00e9sn\u00e9l k\u00f6ny\u00f6r\u00f6gni fog, hogy valaki v\u00e9gre csin\u00e1ljon m\u00e1r valamit durv\u00e1t. F\u00e9m ny\u00e9llel k\u00e9sz\u00fclt, sz\u00f3val ha el\u00e9g kreat\u00edv vagy, m\u00e9g domin\u00e1ns var\u00e1zsp\u00e1lcak\u00e9nt is bevethet\u0151 \u2013 [&#8230;]\n","protected":false},"featured_media":2125,"comment_status":"closed","ping_status":"closed","template":"","meta":[],"product_brand":[90],"product_cat":[52,2007],"product_tag":[321,1410,2018,372,2015,2016,2014,389,2008,2017,715,2019],"class_list":{"0":"post-152","1":"product","2":"type-product","3":"status-publish","4":"has-post-thumbnail","6":"product_brand-guilty-pleasure","7":"product_cat-bdsm","8":"product_cat-erzeki-jatekok","9":"product_tag-bdsm","10":"product_tag-bdsm-toy","11":"product_tag-blindfold-play","12":"product_tag-bondage","13":"product_tag-csiklandozas","14":"product_tag-erzekfokozas","15":"product_tag-erzeki-jatek","16":"product_tag-felnott-jatek","17":"product_tag-kink","18":"product_tag-sensory-play","19":"product_tag-szadomazo-kellek","20":"product_tag-temperature-play","22":"first","23":"instock","24":"taxable","25":"shipping-taxable","26":"purchasable","27":"product-type-simple"},"yoast_head":"<!-- This site is optimized with the Yoast SEO plugin v27.4 - https:\/\/yoast.com\/product\/yoast-seo-wordpress\/ -->\n<title>\ud83e\udeb6 PiheP\u00f6ci \u2013 Mert nem minden feny\u00edt\u00e9s csattogva \u00e9rkezik. - Szexshop Belvaros<\/title>\n<meta name=\"robots\" content=\"index, follow, max-snippet:-1, max-image-preview:large, max-video-preview:-1\" \/>\n<link rel=\"canonical\" href=\"https:\/\/www.szexshopbelvaros.com\/en\/product\/guilty-pleasure-small-feather-tickler-black\/\" \/>\n<meta property=\"og:locale\" content=\"en_US\" \/>\n<meta property=\"og:type\" content=\"article\" \/>\n<meta property=\"og:title\" content=\"\ud83e\udeb6 PiheP\u00f6ci \u2013 Mert nem minden feny\u00edt\u00e9s csattogva \u00e9rkezik. - Szexshop Belvaros\" \/>\n<meta property=\"og:description\" content=\"A PiheP\u00f6ci az a kis tollas basz\u00f3s\u00e1g, amivel nem \u00fctni fogsz, hanem elvar\u00e1zsolni. 32 centi tiszta f\u00e9tisromantika, ami fekete tollakkal simogat, de k\u00f6zben pontosan tudja, hogy a partnered m\u00e1r a m\u00e1sodik \u00e9rint\u00e9sn\u00e9l k\u00f6ny\u00f6r\u00f6gni fog, hogy valaki v\u00e9gre csin\u00e1ljon m\u00e1r valamit durv\u00e1t. F\u00e9m ny\u00e9llel k\u00e9sz\u00fclt, sz\u00f3val ha el\u00e9g kreat\u00edv vagy, m\u00e9g domin\u00e1ns var\u00e1zsp\u00e1lcak\u00e9nt is bevethet\u0151 \u2013 [...]\" \/>\n<meta property=\"og:url\" content=\"https:\/\/www.szexshopbelvaros.com\/en\/product\/guilty-pleasure-small-feather-tickler-black\/\" \/>\n<meta property=\"og:site_name\" content=\"Szexshop Belvaros\" \/>\n<meta property=\"article:publisher\" content=\"https:\/\/www.facebook.com\/belvarossecrets\/\" \/>\n<meta property=\"article:modified_time\" content=\"2026-04-14T15:15:24+00:00\" \/>\n<meta property=\"og:image\" content=\"https:\/\/www.szexshopbelvaros.com\/wp-content\/uploads\/2025\/01\/tickle.jpg\" \/>\n\t<meta property=\"og:image:width\" content=\"1000\" \/>\n\t<meta property=\"og:image:height\" content=\"563\" \/>\n\t<meta property=\"og:image:type\" content=\"image\/jpeg\" \/>\n<meta name=\"twitter:card\" content=\"summary_large_image\" \/>\n<meta name=\"twitter:site\" content=\"@belvarossecrets\" \/>\n<meta name=\"twitter:label1\" content=\"Est. reading time\" \/>\n\t<meta name=\"twitter:data1\" content=\"1 minute\" \/>\n<script type=\"application\/ld+json\" class=\"yoast-schema-graph\">{\"@context\":\"https:\\\/\\\/schema.org\",\"@graph\":[{\"@type\":\"WebPage\",\"@id\":\"https:\\\/\\\/www.szexshopbelvaros.com\\\/termek\\\/guilty-pleasure-small-feather-tickler-black\\\/\",\"url\":\"https:\\\/\\\/www.szexshopbelvaros.com\\\/termek\\\/guilty-pleasure-small-feather-tickler-black\\\/\",\"name\":\"\ud83e\udeb6 PiheP\u00f6ci \u2013 Mert nem minden feny\u00edt\u00e9s csattogva \u00e9rkezik. - Szexshop Belvaros\",\"isPartOf\":{\"@id\":\"https:\\\/\\\/www.szexshopbelvaros.com\\\/#website\"},\"primaryImageOfPage\":{\"@id\":\"https:\\\/\\\/www.szexshopbelvaros.com\\\/termek\\\/guilty-pleasure-small-feather-tickler-black\\\/#primaryimage\"},\"image\":{\"@id\":\"https:\\\/\\\/www.szexshopbelvaros.com\\\/termek\\\/guilty-pleasure-small-feather-tickler-black\\\/#primaryimage\"},\"thumbnailUrl\":\"https:\\\/\\\/www.szexshopbelvaros.com\\\/wp-content\\\/uploads\\\/2025\\\/01\\\/tickle.jpg\",\"datePublished\":\"2025-01-31T13:34:53+00:00\",\"dateModified\":\"2026-04-14T15:15:24+00:00\",\"breadcrumb\":{\"@id\":\"https:\\\/\\\/www.szexshopbelvaros.com\\\/termek\\\/guilty-pleasure-small-feather-tickler-black\\\/#breadcrumb\"},\"inLanguage\":\"en-US\",\"potentialAction\":[{\"@type\":\"ReadAction\",\"target\":[\"https:\\\/\\\/www.szexshopbelvaros.com\\\/termek\\\/guilty-pleasure-small-feather-tickler-black\\\/\"]}]},{\"@type\":\"ImageObject\",\"inLanguage\":\"en-US\",\"@id\":\"https:\\\/\\\/www.szexshopbelvaros.com\\\/termek\\\/guilty-pleasure-small-feather-tickler-black\\\/#primaryimage\",\"url\":\"https:\\\/\\\/www.szexshopbelvaros.com\\\/wp-content\\\/uploads\\\/2025\\\/01\\\/tickle.jpg\",\"contentUrl\":\"https:\\\/\\\/www.szexshopbelvaros.com\\\/wp-content\\\/uploads\\\/2025\\\/01\\\/tickle.jpg\",\"width\":1000,\"height\":563},{\"@type\":\"BreadcrumbList\",\"@id\":\"https:\\\/\\\/www.szexshopbelvaros.com\\\/termek\\\/guilty-pleasure-small-feather-tickler-black\\\/#breadcrumb\",\"itemListElement\":[{\"@type\":\"ListItem\",\"position\":1,\"name\":\"Home\",\"item\":\"https:\\\/\\\/www.szexshopbelvaros.com\\\/\"},{\"@type\":\"ListItem\",\"position\":2,\"name\":\"\u00c1ruh\u00e1z\",\"item\":\"https:\\\/\\\/www.szexshopbelvaros.com\\\/uzlet\\\/\"},{\"@type\":\"ListItem\",\"position\":3,\"name\":\"\ud83e\udeb6 PiheP\u00f6ci \u2013 Mert nem minden feny\u00edt\u00e9s csattogva \u00e9rkezik.\"}]},{\"@type\":\"WebSite\",\"@id\":\"https:\\\/\\\/www.szexshopbelvaros.com\\\/#website\",\"url\":\"https:\\\/\\\/www.szexshopbelvaros.com\\\/\",\"name\":\"Szexshop Belv\u00e1ros\",\"description\":\"\ud83d\udd25 A szex olyan, mint a p\u00e9nz; csak a t\u00fal sok el\u00e9g!\u2122 Titkok a belv\u00e1rosb\u00f3l \ud83d\udc8b | Secrets from Budapest \ud83d\udc8e Feln\u0151tt j\u00e1t\u00e9kok \u2022 Erotika \u2022 Szexshop Belvaros\",\"publisher\":{\"@id\":\"https:\\\/\\\/www.szexshopbelvaros.com\\\/#organization\"},\"potentialAction\":[{\"@type\":\"SearchAction\",\"target\":{\"@type\":\"EntryPoint\",\"urlTemplate\":\"https:\\\/\\\/www.szexshopbelvaros.com\\\/?s={search_term_string}\"},\"query-input\":{\"@type\":\"PropertyValueSpecification\",\"valueRequired\":true,\"valueName\":\"search_term_string\"}}],\"inLanguage\":\"en-US\"},{\"@type\":\"Organization\",\"@id\":\"https:\\\/\\\/www.szexshopbelvaros.com\\\/#organization\",\"name\":\"Szexshop Belv\u00e1ros\",\"alternateName\":\"szexshopbelvaros.com\",\"url\":\"https:\\\/\\\/www.szexshopbelvaros.com\\\/\",\"logo\":{\"@type\":\"ImageObject\",\"inLanguage\":\"en-US\",\"@id\":\"https:\\\/\\\/www.szexshopbelvaros.com\\\/#\\\/schema\\\/logo\\\/image\\\/\",\"url\":\"https:\\\/\\\/www.szexshopbelvaros.com\\\/wp-content\\\/uploads\\\/2025\\\/09\\\/1Szexshopbelvaroslogo_blurred_stronger.jpg\",\"contentUrl\":\"https:\\\/\\\/www.szexshopbelvaros.com\\\/wp-content\\\/uploads\\\/2025\\\/09\\\/1Szexshopbelvaroslogo_blurred_stronger.jpg\",\"width\":1024,\"height\":1024,\"caption\":\"Szexshop Belv\u00e1ros\"},\"image\":{\"@id\":\"https:\\\/\\\/www.szexshopbelvaros.com\\\/#\\\/schema\\\/logo\\\/image\\\/\"},\"sameAs\":[\"https:\\\/\\\/www.facebook.com\\\/belvarossecrets\\\/\",\"https:\\\/\\\/x.com\\\/belvarossecrets\",\"https:\\\/\\\/www.instagram.com\\\/belvarossecrets\\\/\",\"https:\\\/\\\/www.tiktok.com\\\/@belvarossecrets\"]}]}<\/script>\n<!-- \/ Yoast SEO plugin. -->","yoast_head_json":{"title":"\ud83e\udeb6 PiheP\u00f6ci \u2013 Because not all punishment comes with a bang. - Szexshop Belvaros","robots":{"index":"index","follow":"follow","max-snippet":"max-snippet:-1","max-image-preview":"max-image-preview:large","max-video-preview":"max-video-preview:-1"},"canonical":"https:\/\/www.szexshopbelvaros.com\/en\/product\/guilty-pleasure-small-feather-tickler-black\/","og_locale":"en_US","og_type":"article","og_title":"\ud83e\udeb6 PiheP\u00f6ci \u2013 Mert nem minden feny\u00edt\u00e9s csattogva \u00e9rkezik. - Szexshop Belvaros","og_description":"A PiheP\u00f6ci az a kis tollas basz\u00f3s\u00e1g, amivel nem \u00fctni fogsz, hanem elvar\u00e1zsolni. 32 centi tiszta f\u00e9tisromantika, ami fekete tollakkal simogat, de k\u00f6zben pontosan tudja, hogy a partnered m\u00e1r a m\u00e1sodik \u00e9rint\u00e9sn\u00e9l k\u00f6ny\u00f6r\u00f6gni fog, hogy valaki v\u00e9gre csin\u00e1ljon m\u00e1r valamit durv\u00e1t. F\u00e9m ny\u00e9llel k\u00e9sz\u00fclt, sz\u00f3val ha el\u00e9g kreat\u00edv vagy, m\u00e9g domin\u00e1ns var\u00e1zsp\u00e1lcak\u00e9nt is bevethet\u0151 \u2013 [...]","og_url":"https:\/\/www.szexshopbelvaros.com\/en\/product\/guilty-pleasure-small-feather-tickler-black\/","og_site_name":"Szexshop Belvaros","article_publisher":"https:\/\/www.facebook.com\/belvarossecrets\/","article_modified_time":"2026-04-14T15:15:24+00:00","og_image":[{"width":1000,"height":563,"url":"https:\/\/www.szexshopbelvaros.com\/wp-content\/uploads\/2025\/01\/tickle.jpg","type":"image\/jpeg"}],"twitter_card":"summary_large_image","twitter_site":"@belvarossecrets","twitter_misc":{"Est. reading time":"1 minute"},"schema":{"@context":"https:\/\/schema.org","@graph":[{"@type":"WebPage","@id":"https:\/\/www.szexshopbelvaros.com\/termek\/guilty-pleasure-small-feather-tickler-black\/","url":"https:\/\/www.szexshopbelvaros.com\/termek\/guilty-pleasure-small-feather-tickler-black\/","name":"\ud83e\udeb6 PiheP\u00f6ci \u2013 Because not all punishment comes with a bang. - Szexshop Belvaros","isPartOf":{"@id":"https:\/\/www.szexshopbelvaros.com\/#website"},"primaryImageOfPage":{"@id":"https:\/\/www.szexshopbelvaros.com\/termek\/guilty-pleasure-small-feather-tickler-black\/#primaryimage"},"image":{"@id":"https:\/\/www.szexshopbelvaros.com\/termek\/guilty-pleasure-small-feather-tickler-black\/#primaryimage"},"thumbnailUrl":"https:\/\/www.szexshopbelvaros.com\/wp-content\/uploads\/2025\/01\/tickle.jpg","datePublished":"2025-01-31T13:34:53+00:00","dateModified":"2026-04-14T15:15:24+00:00","breadcrumb":{"@id":"https:\/\/www.szexshopbelvaros.com\/termek\/guilty-pleasure-small-feather-tickler-black\/#breadcrumb"},"inLanguage":"en-US","potentialAction":[{"@type":"ReadAction","target":["https:\/\/www.szexshopbelvaros.com\/termek\/guilty-pleasure-small-feather-tickler-black\/"]}]},{"@type":"ImageObject","inLanguage":"en-US","@id":"https:\/\/www.szexshopbelvaros.com\/termek\/guilty-pleasure-small-feather-tickler-black\/#primaryimage","url":"https:\/\/www.szexshopbelvaros.com\/wp-content\/uploads\/2025\/01\/tickle.jpg","contentUrl":"https:\/\/www.szexshopbelvaros.com\/wp-content\/uploads\/2025\/01\/tickle.jpg","width":1000,"height":563},{"@type":"BreadcrumbList","@id":"https:\/\/www.szexshopbelvaros.com\/termek\/guilty-pleasure-small-feather-tickler-black\/#breadcrumb","itemListElement":[{"@type":"ListItem","position":1,"name":"Home","item":"https:\/\/www.szexshopbelvaros.com\/"},{"@type":"ListItem","position":2,"name":"\u00c1ruh\u00e1z","item":"https:\/\/www.szexshopbelvaros.com\/uzlet\/"},{"@type":"ListItem","position":3,"name":"\ud83e\udeb6 PiheP\u00f6ci \u2013 Mert nem minden feny\u00edt\u00e9s csattogva \u00e9rkezik."}]},{"@type":"WebSite","@id":"https:\/\/www.szexshopbelvaros.com\/#website","url":"https:\/\/www.szexshopbelvaros.com\/","name":"at our Szexshop Belv\u00e1ros","description":"\ud83d\udd25 Sex is like money; only too much is enough!\u2122 Secrets from the city center \ud83d\udc8b | Secrets from Budapest \ud83d\udc8e Adult games \u2022 Erotica \u2022 Sex shop Belvaros","publisher":{"@id":"https:\/\/www.szexshopbelvaros.com\/#organization"},"potentialAction":[{"@type":"SearchAction","target":{"@type":"EntryPoint","urlTemplate":"https:\/\/www.szexshopbelvaros.com\/?s={search_term_string}"},"query-input":{"@type":"PropertyValueSpecification","valueRequired":true,"valueName":"search_term_string"}}],"inLanguage":"en-US"},{"@type":"Organization","@id":"https:\/\/www.szexshopbelvaros.com\/#organization","name":"at our Szexshop Belv\u00e1ros","alternateName":"szexshopbelvaros.com","url":"https:\/\/www.szexshopbelvaros.com\/","logo":{"@type":"ImageObject","inLanguage":"en-US","@id":"https:\/\/www.szexshopbelvaros.com\/#\/schema\/logo\/image\/","url":"https:\/\/www.szexshopbelvaros.com\/wp-content\/uploads\/2025\/09\/1Szexshopbelvaroslogo_blurred_stronger.jpg","contentUrl":"https:\/\/www.szexshopbelvaros.com\/wp-content\/uploads\/2025\/09\/1Szexshopbelvaroslogo_blurred_stronger.jpg","width":1024,"height":1024,"caption":"Szexshop Belv\u00e1ros"},"image":{"@id":"https:\/\/www.szexshopbelvaros.com\/#\/schema\/logo\/image\/"},"sameAs":["https:\/\/www.facebook.com\/belvarossecrets\/","https:\/\/x.com\/belvarossecrets","https:\/\/www.instagram.com\/belvarossecrets\/","https:\/\/www.tiktok.com\/@belvarossecrets"]}]}},"_links":{"self":[{"href":"https:\/\/www.szexshopbelvaros.com\/en\/wp-json\/wp\/v2\/product\/152","targetHints":{"allow":["GET"]}}],"collection":[{"href":"https:\/\/www.szexshopbelvaros.com\/en\/wp-json\/wp\/v2\/product"}],"about":[{"href":"https:\/\/www.szexshopbelvaros.com\/en\/wp-json\/wp\/v2\/types\/product"}],"replies":[{"embeddable":true,"href":"https:\/\/www.szexshopbelvaros.com\/en\/wp-json\/wp\/v2\/comments?post=152"}],"wp:featuredmedia":[{"embeddable":true,"href":"https:\/\/www.szexshopbelvaros.com\/en\/wp-json\/wp\/v2\/media\/2125"}],"wp:attachment":[{"href":"https:\/\/www.szexshopbelvaros.com\/en\/wp-json\/wp\/v2\/media?parent=152"}],"wp:term":[{"taxonomy":"product_brand","embeddable":true,"href":"https:\/\/www.szexshopbelvaros.com\/en\/wp-json\/wp\/v2\/product_brand?post=152"},{"taxonomy":"product_cat","embeddable":true,"href":"https:\/\/www.szexshopbelvaros.com\/en\/wp-json\/wp\/v2\/product_cat?post=152"},{"taxonomy":"product_tag","embeddable":true,"href":"https:\/\/www.szexshopbelvaros.com\/en\/wp-json\/wp\/v2\/product_tag?post=152"}],"curies":[{"name":"wp","href":"https:\/\/api.w.org\/{rel}","templated":true}]}}