{"id":160,"date":"2025-01-31T14:34:53","date_gmt":"2025-01-31T13:34:53","guid":{"rendered":"https:\/\/www.szexshopbelvaros.com\/termek\/bondage-fetish-deluxe-douche-black-3\/"},"modified":"2026-04-21T16:22:01","modified_gmt":"2026-04-21T14:22:01","slug":"bondage-fetish-deluxe-douche-black-3","status":"publish","type":"product","link":"https:\/\/www.szexshopbelvaros.com\/en\/product\/bondage-fetish-deluxe-douche-black-3\/","title":{"rendered":"\ud83c\udf0a Clean Deal \u2013 Deluxe Butt Shower"},"content":{"rendered":"<p data-start=\"320\" data-end=\"652\">Get out the sprinkler, but not for Easter! <strong data-start=\"574\" data-end=\"608\">Clean Deal \u2013 Deluxe Butt Shower<\/strong> Not just an intimate shower, but the little black wonder you&#039;ll love like the silence after a wild BDSM party. This 310ml silicone device is guaranteed to wash away your guilt before you even step foot on the playground - or what&#039;s left of it.<\/p>\n<p data-start=\"654\" data-end=\"926\">Flexible, handy and 26.6 cm long with a 1.7 cm diameter to reach even where the confessional is no longer helpful. It can be easily disassembled, so cleaning will no longer be a trauma. Just lukewarm soapy water, an auxiliary cleaner, and you&#039;re ready for more sins.<\/p>\n<p data-start=\"654\" data-end=\"926\">Our <strong data-start=\"945\" data-end=\"979\">Clean Deal \u2013 Deluxe Butt Shower<\/strong> It is made for those who love cleanliness but don&#039;t like the hassle. It is recommended for everyone who wants to start clean - regardless of gender, situation or position. And while you&#039;re here: order now the <strong data-start=\"1066\" data-end=\"1090\">szexshopbelvaros.com.<\/strong> A site where hygiene can be sexy.<\/p>\n<p data-start=\"928\" data-end=\"1133\">\ud83d\udc49 <strong data-start=\"983\" data-end=\"1036\">Check out the rest of our <a href=\"https:\/\/www.szexshopbelvaros.com\/en\/product-category\/drogeria-wellness\/intim-higienia\/\">anal cleaner<\/a> we also have a tool:<\/strong><\/p>\n<p data-start=\"1135\" data-end=\"1309\">Remember: use water-based lube if you don&#039;t want to scream - not in a bad way, at least. Perfect for foreplay and afterplay, whether you&#039;re solo or on a couple&#039;s mission.<\/p>","protected":false},"excerpt":{"rendered":"<p>El\u0151 a locsol\u00f3val, de nem h\u00fasv\u00e9tra! A Tiszta \u00dcgy \u2013 Deluxe Pop\u00f3zuhany nemcsak egy intim zuhany, hanem az a kis fekete csoda, amit \u00fagy fogsz szeretni, mint a csendet egy vad BDSM buli ut\u00e1n. Ez a 310 ml-es szilikon eszk\u00f6z garant\u00e1ltan lehozza r\u00f3lad a b\u0171nt, miel\u0151tt m\u00e9g r\u00e1l\u00e9pne a j\u00e1tsz\u00f3t\u00e9rre \u2013 vagy mi maradt bel\u0151le. [&#8230;]\n","protected":false},"featured_media":2677,"comment_status":"closed","ping_status":"closed","template":"","meta":[],"product_brand":[82],"product_cat":[156,91],"product_tag":[2052,2053,1528,2050,755,750,2047,1269,756,2042,440,2051,2049,1201,220,2048,1529],"class_list":{"0":"post-160","1":"product","2":"type-product","3":"status-publish","4":"has-post-thumbnail","6":"product_brand-lovetoy","7":"product_cat-drogeria-wellness","8":"product_cat-intim-higienia","9":"product_tag-adult-care","10":"product_tag-couples-wellness","11":"product_tag-drogeria","12":"product_tag-felnotteknek","13":"product_tag-intim-apolas","14":"product_tag-intim-higienia","15":"product_tag-intim-termek","16":"product_tag-intim-tisztito","17":"product_tag-intimate-care","18":"product_tag-intimate-cleanser","19":"product_tag-intimate-hygiene","20":"product_tag-intimate-products","21":"product_tag-paros-egeszseg","22":"product_tag-sexual-wellness","23":"product_tag-szexshop-belvaros","24":"product_tag-szexualis-egeszseg","25":"product_tag-wellness","27":"first","28":"instock","29":"taxable","30":"shipping-taxable","31":"purchasable","32":"product-type-simple"},"yoast_head":"<!-- This site is optimized with the Yoast SEO plugin v27.4 - https:\/\/yoast.com\/product\/yoast-seo-wordpress\/ -->\n<title>\ud83c\udf0a Tiszta \u00dcgy \u2013 Deluxe Pop\u00f3zuhany - Szexshop Belvaros<\/title>\n<meta name=\"description\" content=\"Tiszta \u00dcgy deluxe pop\u00f3zuhany a t\u00f6k\u00e9letes an\u00e1l \u00e9s intim tiszt\u00edt\u00f3: higi\u00e9nikus, v\u00edz\u00e1ll\u00f3 \u00e9s k\u00f6nnyen haszn\u00e1lhat\u00f3. Rendeld meg a szexshop belvaros k\u00edn\u00e1lat\u00e1b\u00f3l!\" \/>\n<meta name=\"robots\" content=\"index, follow, max-snippet:-1, max-image-preview:large, max-video-preview:-1\" \/>\n<link rel=\"canonical\" href=\"https:\/\/www.szexshopbelvaros.com\/en\/product\/bondage-fetish-deluxe-douche-black-3\/\" \/>\n<meta property=\"og:locale\" content=\"en_US\" \/>\n<meta property=\"og:type\" content=\"article\" \/>\n<meta property=\"og:title\" content=\"\ud83c\udf0a Tiszta \u00dcgy \u2013 Deluxe Pop\u00f3zuhany - Szexshop Belvaros\" \/>\n<meta property=\"og:description\" content=\"Tiszta \u00dcgy deluxe pop\u00f3zuhany a t\u00f6k\u00e9letes an\u00e1l \u00e9s intim tiszt\u00edt\u00f3: higi\u00e9nikus, v\u00edz\u00e1ll\u00f3 \u00e9s k\u00f6nnyen haszn\u00e1lhat\u00f3. Rendeld meg a szexshop belvaros k\u00edn\u00e1lat\u00e1b\u00f3l!\" \/>\n<meta property=\"og:url\" content=\"https:\/\/www.szexshopbelvaros.com\/en\/product\/bondage-fetish-deluxe-douche-black-3\/\" \/>\n<meta property=\"og:site_name\" content=\"Szexshop Belvaros\" \/>\n<meta property=\"article:publisher\" content=\"https:\/\/www.facebook.com\/belvarossecrets\/\" \/>\n<meta property=\"article:modified_time\" content=\"2026-04-21T14:22:01+00:00\" \/>\n<meta property=\"og:image\" content=\"https:\/\/www.szexshopbelvaros.com\/wp-content\/uploads\/2025\/01\/69afe43203229c580bf45dda-scaled.png\" \/>\n\t<meta property=\"og:image:width\" content=\"2560\" \/>\n\t<meta property=\"og:image:height\" content=\"1440\" \/>\n\t<meta property=\"og:image:type\" content=\"image\/png\" \/>\n<meta name=\"twitter:card\" content=\"summary_large_image\" \/>\n<meta name=\"twitter:site\" content=\"@belvarossecrets\" \/>\n<meta name=\"twitter:label1\" content=\"Est. reading time\" \/>\n\t<meta name=\"twitter:data1\" content=\"2 minutes\" \/>\n<script type=\"application\/ld+json\" class=\"yoast-schema-graph\">{\"@context\":\"https:\\\/\\\/schema.org\",\"@graph\":[{\"@type\":\"WebPage\",\"@id\":\"https:\\\/\\\/www.szexshopbelvaros.com\\\/termek\\\/bondage-fetish-deluxe-douche-black-3\\\/\",\"url\":\"https:\\\/\\\/www.szexshopbelvaros.com\\\/termek\\\/bondage-fetish-deluxe-douche-black-3\\\/\",\"name\":\"\ud83c\udf0a Tiszta \u00dcgy \u2013 Deluxe Pop\u00f3zuhany - Szexshop Belvaros\",\"isPartOf\":{\"@id\":\"https:\\\/\\\/www.szexshopbelvaros.com\\\/#website\"},\"primaryImageOfPage\":{\"@id\":\"https:\\\/\\\/www.szexshopbelvaros.com\\\/termek\\\/bondage-fetish-deluxe-douche-black-3\\\/#primaryimage\"},\"image\":{\"@id\":\"https:\\\/\\\/www.szexshopbelvaros.com\\\/termek\\\/bondage-fetish-deluxe-douche-black-3\\\/#primaryimage\"},\"thumbnailUrl\":\"https:\\\/\\\/www.szexshopbelvaros.com\\\/wp-content\\\/uploads\\\/2025\\\/01\\\/69afe43203229c580bf45dda-scaled.png\",\"datePublished\":\"2025-01-31T13:34:53+00:00\",\"dateModified\":\"2026-04-21T14:22:01+00:00\",\"description\":\"Tiszta \u00dcgy deluxe pop\u00f3zuhany a t\u00f6k\u00e9letes an\u00e1l \u00e9s intim tiszt\u00edt\u00f3: higi\u00e9nikus, v\u00edz\u00e1ll\u00f3 \u00e9s k\u00f6nnyen haszn\u00e1lhat\u00f3. Rendeld meg a szexshop belvaros k\u00edn\u00e1lat\u00e1b\u00f3l!\",\"breadcrumb\":{\"@id\":\"https:\\\/\\\/www.szexshopbelvaros.com\\\/termek\\\/bondage-fetish-deluxe-douche-black-3\\\/#breadcrumb\"},\"inLanguage\":\"en-US\",\"potentialAction\":[{\"@type\":\"ReadAction\",\"target\":[\"https:\\\/\\\/www.szexshopbelvaros.com\\\/termek\\\/bondage-fetish-deluxe-douche-black-3\\\/\"]}]},{\"@type\":\"ImageObject\",\"inLanguage\":\"en-US\",\"@id\":\"https:\\\/\\\/www.szexshopbelvaros.com\\\/termek\\\/bondage-fetish-deluxe-douche-black-3\\\/#primaryimage\",\"url\":\"https:\\\/\\\/www.szexshopbelvaros.com\\\/wp-content\\\/uploads\\\/2025\\\/01\\\/69afe43203229c580bf45dda-scaled.png\",\"contentUrl\":\"https:\\\/\\\/www.szexshopbelvaros.com\\\/wp-content\\\/uploads\\\/2025\\\/01\\\/69afe43203229c580bf45dda-scaled.png\",\"width\":2560,\"height\":1440},{\"@type\":\"BreadcrumbList\",\"@id\":\"https:\\\/\\\/www.szexshopbelvaros.com\\\/termek\\\/bondage-fetish-deluxe-douche-black-3\\\/#breadcrumb\",\"itemListElement\":[{\"@type\":\"ListItem\",\"position\":1,\"name\":\"Home\",\"item\":\"https:\\\/\\\/www.szexshopbelvaros.com\\\/\"},{\"@type\":\"ListItem\",\"position\":2,\"name\":\"\u00c1ruh\u00e1z\",\"item\":\"https:\\\/\\\/www.szexshopbelvaros.com\\\/uzlet\\\/\"},{\"@type\":\"ListItem\",\"position\":3,\"name\":\"\ud83c\udf0a Tiszta \u00dcgy \u2013 Deluxe Pop\u00f3zuhany\"}]},{\"@type\":\"WebSite\",\"@id\":\"https:\\\/\\\/www.szexshopbelvaros.com\\\/#website\",\"url\":\"https:\\\/\\\/www.szexshopbelvaros.com\\\/\",\"name\":\"Szexshop Belv\u00e1ros\",\"description\":\"\ud83d\udd25 A szex olyan, mint a p\u00e9nz; csak a t\u00fal sok el\u00e9g!\u2122 Titkok a belv\u00e1rosb\u00f3l \ud83d\udc8b | Secrets from Budapest \ud83d\udc8e Feln\u0151tt j\u00e1t\u00e9kok \u2022 Erotika \u2022 Szexshop Belvaros\",\"publisher\":{\"@id\":\"https:\\\/\\\/www.szexshopbelvaros.com\\\/#organization\"},\"potentialAction\":[{\"@type\":\"SearchAction\",\"target\":{\"@type\":\"EntryPoint\",\"urlTemplate\":\"https:\\\/\\\/www.szexshopbelvaros.com\\\/?s={search_term_string}\"},\"query-input\":{\"@type\":\"PropertyValueSpecification\",\"valueRequired\":true,\"valueName\":\"search_term_string\"}}],\"inLanguage\":\"en-US\"},{\"@type\":\"Organization\",\"@id\":\"https:\\\/\\\/www.szexshopbelvaros.com\\\/#organization\",\"name\":\"Szexshop Belv\u00e1ros\",\"alternateName\":\"szexshopbelvaros.com\",\"url\":\"https:\\\/\\\/www.szexshopbelvaros.com\\\/\",\"logo\":{\"@type\":\"ImageObject\",\"inLanguage\":\"en-US\",\"@id\":\"https:\\\/\\\/www.szexshopbelvaros.com\\\/#\\\/schema\\\/logo\\\/image\\\/\",\"url\":\"https:\\\/\\\/www.szexshopbelvaros.com\\\/wp-content\\\/uploads\\\/2025\\\/09\\\/1Szexshopbelvaroslogo_blurred_stronger.jpg\",\"contentUrl\":\"https:\\\/\\\/www.szexshopbelvaros.com\\\/wp-content\\\/uploads\\\/2025\\\/09\\\/1Szexshopbelvaroslogo_blurred_stronger.jpg\",\"width\":1024,\"height\":1024,\"caption\":\"Szexshop Belv\u00e1ros\"},\"image\":{\"@id\":\"https:\\\/\\\/www.szexshopbelvaros.com\\\/#\\\/schema\\\/logo\\\/image\\\/\"},\"sameAs\":[\"https:\\\/\\\/www.facebook.com\\\/belvarossecrets\\\/\",\"https:\\\/\\\/x.com\\\/belvarossecrets\",\"https:\\\/\\\/www.instagram.com\\\/belvarossecrets\\\/\",\"https:\\\/\\\/www.tiktok.com\\\/@belvarossecrets\"]}]}<\/script>\n<!-- \/ Yoast SEO plugin. -->","yoast_head_json":{"title":"\ud83c\udf0a Clean Deal \u2013 Deluxe Butt Shower - Sexshop Belvaros","description":"Tiszta \u00dcgy deluxe anal shower is the perfect anal and intimate cleaner: hygienic, waterproof and easy to use. Order it from the sex shop in Belvaros!","robots":{"index":"index","follow":"follow","max-snippet":"max-snippet:-1","max-image-preview":"max-image-preview:large","max-video-preview":"max-video-preview:-1"},"canonical":"https:\/\/www.szexshopbelvaros.com\/en\/product\/bondage-fetish-deluxe-douche-black-3\/","og_locale":"en_US","og_type":"article","og_title":"\ud83c\udf0a Tiszta \u00dcgy \u2013 Deluxe Pop\u00f3zuhany - Szexshop Belvaros","og_description":"Tiszta \u00dcgy deluxe pop\u00f3zuhany a t\u00f6k\u00e9letes an\u00e1l \u00e9s intim tiszt\u00edt\u00f3: higi\u00e9nikus, v\u00edz\u00e1ll\u00f3 \u00e9s k\u00f6nnyen haszn\u00e1lhat\u00f3. Rendeld meg a szexshop belvaros k\u00edn\u00e1lat\u00e1b\u00f3l!","og_url":"https:\/\/www.szexshopbelvaros.com\/en\/product\/bondage-fetish-deluxe-douche-black-3\/","og_site_name":"Szexshop Belvaros","article_publisher":"https:\/\/www.facebook.com\/belvarossecrets\/","article_modified_time":"2026-04-21T14:22:01+00:00","og_image":[{"width":2560,"height":1440,"url":"https:\/\/www.szexshopbelvaros.com\/wp-content\/uploads\/2025\/01\/69afe43203229c580bf45dda-scaled.png","type":"image\/png"}],"twitter_card":"summary_large_image","twitter_site":"@belvarossecrets","twitter_misc":{"Est. reading time":"2 minutes"},"schema":{"@context":"https:\/\/schema.org","@graph":[{"@type":"WebPage","@id":"https:\/\/www.szexshopbelvaros.com\/termek\/bondage-fetish-deluxe-douche-black-3\/","url":"https:\/\/www.szexshopbelvaros.com\/termek\/bondage-fetish-deluxe-douche-black-3\/","name":"\ud83c\udf0a Clean Deal \u2013 Deluxe Butt Shower - Sexshop Belvaros","isPartOf":{"@id":"https:\/\/www.szexshopbelvaros.com\/#website"},"primaryImageOfPage":{"@id":"https:\/\/www.szexshopbelvaros.com\/termek\/bondage-fetish-deluxe-douche-black-3\/#primaryimage"},"image":{"@id":"https:\/\/www.szexshopbelvaros.com\/termek\/bondage-fetish-deluxe-douche-black-3\/#primaryimage"},"thumbnailUrl":"https:\/\/www.szexshopbelvaros.com\/wp-content\/uploads\/2025\/01\/69afe43203229c580bf45dda-scaled.png","datePublished":"2025-01-31T13:34:53+00:00","dateModified":"2026-04-21T14:22:01+00:00","description":"Tiszta \u00dcgy deluxe anal shower is the perfect anal and intimate cleaner: hygienic, waterproof and easy to use. Order it from the sex shop in Belvaros!","breadcrumb":{"@id":"https:\/\/www.szexshopbelvaros.com\/termek\/bondage-fetish-deluxe-douche-black-3\/#breadcrumb"},"inLanguage":"en-US","potentialAction":[{"@type":"ReadAction","target":["https:\/\/www.szexshopbelvaros.com\/termek\/bondage-fetish-deluxe-douche-black-3\/"]}]},{"@type":"ImageObject","inLanguage":"en-US","@id":"https:\/\/www.szexshopbelvaros.com\/termek\/bondage-fetish-deluxe-douche-black-3\/#primaryimage","url":"https:\/\/www.szexshopbelvaros.com\/wp-content\/uploads\/2025\/01\/69afe43203229c580bf45dda-scaled.png","contentUrl":"https:\/\/www.szexshopbelvaros.com\/wp-content\/uploads\/2025\/01\/69afe43203229c580bf45dda-scaled.png","width":2560,"height":1440},{"@type":"BreadcrumbList","@id":"https:\/\/www.szexshopbelvaros.com\/termek\/bondage-fetish-deluxe-douche-black-3\/#breadcrumb","itemListElement":[{"@type":"ListItem","position":1,"name":"Home","item":"https:\/\/www.szexshopbelvaros.com\/"},{"@type":"ListItem","position":2,"name":"\u00c1ruh\u00e1z","item":"https:\/\/www.szexshopbelvaros.com\/uzlet\/"},{"@type":"ListItem","position":3,"name":"\ud83c\udf0a Tiszta \u00dcgy \u2013 Deluxe Pop\u00f3zuhany"}]},{"@type":"WebSite","@id":"https:\/\/www.szexshopbelvaros.com\/#website","url":"https:\/\/www.szexshopbelvaros.com\/","name":"at our Szexshop Belv\u00e1ros","description":"\ud83d\udd25 Sex is like money; only too much is enough!\u2122 Secrets from the city center \ud83d\udc8b | Secrets from Budapest \ud83d\udc8e Adult games \u2022 Erotica \u2022 Sex shop Belvaros","publisher":{"@id":"https:\/\/www.szexshopbelvaros.com\/#organization"},"potentialAction":[{"@type":"SearchAction","target":{"@type":"EntryPoint","urlTemplate":"https:\/\/www.szexshopbelvaros.com\/?s={search_term_string}"},"query-input":{"@type":"PropertyValueSpecification","valueRequired":true,"valueName":"search_term_string"}}],"inLanguage":"en-US"},{"@type":"Organization","@id":"https:\/\/www.szexshopbelvaros.com\/#organization","name":"at our Szexshop Belv\u00e1ros","alternateName":"szexshopbelvaros.com","url":"https:\/\/www.szexshopbelvaros.com\/","logo":{"@type":"ImageObject","inLanguage":"en-US","@id":"https:\/\/www.szexshopbelvaros.com\/#\/schema\/logo\/image\/","url":"https:\/\/www.szexshopbelvaros.com\/wp-content\/uploads\/2025\/09\/1Szexshopbelvaroslogo_blurred_stronger.jpg","contentUrl":"https:\/\/www.szexshopbelvaros.com\/wp-content\/uploads\/2025\/09\/1Szexshopbelvaroslogo_blurred_stronger.jpg","width":1024,"height":1024,"caption":"Szexshop Belv\u00e1ros"},"image":{"@id":"https:\/\/www.szexshopbelvaros.com\/#\/schema\/logo\/image\/"},"sameAs":["https:\/\/www.facebook.com\/belvarossecrets\/","https:\/\/x.com\/belvarossecrets","https:\/\/www.instagram.com\/belvarossecrets\/","https:\/\/www.tiktok.com\/@belvarossecrets"]}]}},"_links":{"self":[{"href":"https:\/\/www.szexshopbelvaros.com\/en\/wp-json\/wp\/v2\/product\/160","targetHints":{"allow":["GET"]}}],"collection":[{"href":"https:\/\/www.szexshopbelvaros.com\/en\/wp-json\/wp\/v2\/product"}],"about":[{"href":"https:\/\/www.szexshopbelvaros.com\/en\/wp-json\/wp\/v2\/types\/product"}],"replies":[{"embeddable":true,"href":"https:\/\/www.szexshopbelvaros.com\/en\/wp-json\/wp\/v2\/comments?post=160"}],"wp:featuredmedia":[{"embeddable":true,"href":"https:\/\/www.szexshopbelvaros.com\/en\/wp-json\/wp\/v2\/media\/2677"}],"wp:attachment":[{"href":"https:\/\/www.szexshopbelvaros.com\/en\/wp-json\/wp\/v2\/media?parent=160"}],"wp:term":[{"taxonomy":"product_brand","embeddable":true,"href":"https:\/\/www.szexshopbelvaros.com\/en\/wp-json\/wp\/v2\/product_brand?post=160"},{"taxonomy":"product_cat","embeddable":true,"href":"https:\/\/www.szexshopbelvaros.com\/en\/wp-json\/wp\/v2\/product_cat?post=160"},{"taxonomy":"product_tag","embeddable":true,"href":"https:\/\/www.szexshopbelvaros.com\/en\/wp-json\/wp\/v2\/product_tag?post=160"}],"curies":[{"name":"wp","href":"https:\/\/api.w.org\/{rel}","templated":true}]}}