{"id":166,"date":"2025-01-31T14:34:53","date_gmt":"2025-01-31T13:34:53","guid":{"rendered":"https:\/\/www.szexshopbelvaros.com\/termek\/spectra-bondage-blindfold-rainbow\/"},"modified":"2026-04-07T12:45:54","modified_gmt":"2026-04-07T10:45:54","slug":"spectra-bondage-blindfold-rainbow","status":"publish","type":"product","link":"https:\/\/www.szexshopbelvaros.com\/en\/product\/spectra-bondage-blindfold-rainbow\/","title":{"rendered":"Spectra Bondage Blindfold \u2013 Colorful blindfold and beautiful!"},"content":{"rendered":"<p>If you want to take the world out of someone&#039;s eyes (but not their panties), then this multi-colored Spectra Bondage Blindfold is for you! With a diameter of 8.9 cm and a strap length of 84 cm, this blindfold made of a combination of metal and faux leather not only hides the world, but also turns all other senses on turbo - ideal for fetish games, sensual surprises, or when you&#039;re just tired of seeing. The carefully crafted details and use of premium materials guarantee that this will not just be a blind flight - but a colorful, sensual plunge into pleasure.<br data-start=\"826\" data-end=\"829\" \/><strong data-start=\"829\" data-end=\"840\">Unisex<\/strong> \u2013 a must-have BDSM staple for men, women, couples, beginners and advanced alike.<\/p>\n<p>&nbsp;<\/p>","protected":false},"excerpt":{"rendered":"<p>Ha le akarod venni valakinek a szem\u00e9r\u0151l a vil\u00e1got (de a bugyij\u00e1t nem), akkor ez a t\u00f6bb sz\u00ednben pomp\u00e1z\u00f3 Spectra Bondage Blindfold pont neked val\u00f3! A 8,9 cm-es \u00e1tm\u00e9r\u0151vel \u00e9s 84 cm hossz\u00fa p\u00e1nttal rendelkez\u0151, f\u00e9m \u00e9s m\u0171b\u0151r kombin\u00e1ci\u00f3j\u00e1b\u00f3l k\u00e9sz\u00fclt szemk\u00f6t\u0151 nemcsak elrejti a vil\u00e1got, de k\u00f6zben az \u00f6sszes t\u00f6bbi \u00e9rz\u00e9kszervet turb\u00f3ra kapcsolja \u2013 ide\u00e1lis [&#8230;]\n","protected":false},"featured_media":2700,"comment_status":"closed","ping_status":"closed","template":"","meta":[],"product_brand":[177],"product_cat":[52,2007],"product_tag":[321,1410,2018,372,2015,2016,2014,389,2008,2017,715,2019],"class_list":{"0":"post-166","1":"product","2":"type-product","3":"status-publish","4":"has-post-thumbnail","6":"product_brand-ns-novelties","7":"product_cat-bdsm","8":"product_cat-erzeki-jatekok","9":"product_tag-bdsm","10":"product_tag-bdsm-toy","11":"product_tag-blindfold-play","12":"product_tag-bondage","13":"product_tag-csiklandozas","14":"product_tag-erzekfokozas","15":"product_tag-erzeki-jatek","16":"product_tag-felnott-jatek","17":"product_tag-kink","18":"product_tag-sensory-play","19":"product_tag-szadomazo-kellek","20":"product_tag-temperature-play","22":"first","23":"instock","24":"taxable","25":"shipping-taxable","26":"purchasable","27":"product-type-simple"},"yoast_head":"<!-- This site is optimized with the Yoast SEO plugin v27.4 - https:\/\/yoast.com\/product\/yoast-seo-wordpress\/ -->\n<title>Spectra Bondage Blindfold \u2013 Sz\u00ednes vaks\u00f6t\u00e9t, de gy\u00f6ny\u00f6r\u0171en! - Szexshop Belvaros<\/title>\n<meta name=\"robots\" content=\"index, follow, max-snippet:-1, max-image-preview:large, max-video-preview:-1\" \/>\n<link rel=\"canonical\" href=\"https:\/\/www.szexshopbelvaros.com\/en\/product\/spectra-bondage-blindfold-rainbow\/\" \/>\n<meta property=\"og:locale\" content=\"en_US\" \/>\n<meta property=\"og:type\" content=\"article\" \/>\n<meta property=\"og:title\" content=\"Spectra Bondage Blindfold \u2013 Sz\u00ednes vaks\u00f6t\u00e9t, de gy\u00f6ny\u00f6r\u0171en! - Szexshop Belvaros\" \/>\n<meta property=\"og:description\" content=\"Ha le akarod venni valakinek a szem\u00e9r\u0151l a vil\u00e1got (de a bugyij\u00e1t nem), akkor ez a t\u00f6bb sz\u00ednben pomp\u00e1z\u00f3 Spectra Bondage Blindfold pont neked val\u00f3! A 8,9 cm-es \u00e1tm\u00e9r\u0151vel \u00e9s 84 cm hossz\u00fa p\u00e1nttal rendelkez\u0151, f\u00e9m \u00e9s m\u0171b\u0151r kombin\u00e1ci\u00f3j\u00e1b\u00f3l k\u00e9sz\u00fclt szemk\u00f6t\u0151 nemcsak elrejti a vil\u00e1got, de k\u00f6zben az \u00f6sszes t\u00f6bbi \u00e9rz\u00e9kszervet turb\u00f3ra kapcsolja \u2013 ide\u00e1lis [...]\" \/>\n<meta property=\"og:url\" content=\"https:\/\/www.szexshopbelvaros.com\/en\/product\/spectra-bondage-blindfold-rainbow\/\" \/>\n<meta property=\"og:site_name\" content=\"Szexshop Belvaros\" \/>\n<meta property=\"article:publisher\" content=\"https:\/\/www.facebook.com\/belvarossecrets\/\" \/>\n<meta property=\"article:modified_time\" content=\"2026-04-07T10:45:54+00:00\" \/>\n<meta property=\"og:image\" content=\"https:\/\/www.szexshopbelvaros.com\/wp-content\/uploads\/2025\/01\/Untitled-design-copy-4.png\" \/>\n\t<meta property=\"og:image:width\" content=\"1004\" \/>\n\t<meta property=\"og:image:height\" content=\"565\" \/>\n\t<meta property=\"og:image:type\" content=\"image\/png\" \/>\n<meta name=\"twitter:card\" content=\"summary_large_image\" \/>\n<meta name=\"twitter:site\" content=\"@belvarossecrets\" \/>\n<meta name=\"twitter:label1\" content=\"Est. reading time\" \/>\n\t<meta name=\"twitter:data1\" content=\"1 minute\" \/>\n<script type=\"application\/ld+json\" class=\"yoast-schema-graph\">{\"@context\":\"https:\\\/\\\/schema.org\",\"@graph\":[{\"@type\":\"WebPage\",\"@id\":\"https:\\\/\\\/www.szexshopbelvaros.com\\\/termek\\\/spectra-bondage-blindfold-rainbow\\\/\",\"url\":\"https:\\\/\\\/www.szexshopbelvaros.com\\\/termek\\\/spectra-bondage-blindfold-rainbow\\\/\",\"name\":\"Spectra Bondage Blindfold \u2013 Sz\u00ednes vaks\u00f6t\u00e9t, de gy\u00f6ny\u00f6r\u0171en! - Szexshop Belvaros\",\"isPartOf\":{\"@id\":\"https:\\\/\\\/www.szexshopbelvaros.com\\\/#website\"},\"primaryImageOfPage\":{\"@id\":\"https:\\\/\\\/www.szexshopbelvaros.com\\\/termek\\\/spectra-bondage-blindfold-rainbow\\\/#primaryimage\"},\"image\":{\"@id\":\"https:\\\/\\\/www.szexshopbelvaros.com\\\/termek\\\/spectra-bondage-blindfold-rainbow\\\/#primaryimage\"},\"thumbnailUrl\":\"https:\\\/\\\/www.szexshopbelvaros.com\\\/wp-content\\\/uploads\\\/2025\\\/01\\\/Untitled-design-copy-4.png\",\"datePublished\":\"2025-01-31T13:34:53+00:00\",\"dateModified\":\"2026-04-07T10:45:54+00:00\",\"breadcrumb\":{\"@id\":\"https:\\\/\\\/www.szexshopbelvaros.com\\\/termek\\\/spectra-bondage-blindfold-rainbow\\\/#breadcrumb\"},\"inLanguage\":\"en-US\",\"potentialAction\":[{\"@type\":\"ReadAction\",\"target\":[\"https:\\\/\\\/www.szexshopbelvaros.com\\\/termek\\\/spectra-bondage-blindfold-rainbow\\\/\"]}]},{\"@type\":\"ImageObject\",\"inLanguage\":\"en-US\",\"@id\":\"https:\\\/\\\/www.szexshopbelvaros.com\\\/termek\\\/spectra-bondage-blindfold-rainbow\\\/#primaryimage\",\"url\":\"https:\\\/\\\/www.szexshopbelvaros.com\\\/wp-content\\\/uploads\\\/2025\\\/01\\\/Untitled-design-copy-4.png\",\"contentUrl\":\"https:\\\/\\\/www.szexshopbelvaros.com\\\/wp-content\\\/uploads\\\/2025\\\/01\\\/Untitled-design-copy-4.png\",\"width\":1004,\"height\":565},{\"@type\":\"BreadcrumbList\",\"@id\":\"https:\\\/\\\/www.szexshopbelvaros.com\\\/termek\\\/spectra-bondage-blindfold-rainbow\\\/#breadcrumb\",\"itemListElement\":[{\"@type\":\"ListItem\",\"position\":1,\"name\":\"Home\",\"item\":\"https:\\\/\\\/www.szexshopbelvaros.com\\\/\"},{\"@type\":\"ListItem\",\"position\":2,\"name\":\"\u00c1ruh\u00e1z\",\"item\":\"https:\\\/\\\/www.szexshopbelvaros.com\\\/uzlet\\\/\"},{\"@type\":\"ListItem\",\"position\":3,\"name\":\"Spectra Bondage Blindfold \u2013 Sz\u00ednes vaks\u00f6t\u00e9t, de gy\u00f6ny\u00f6r\u0171en!\"}]},{\"@type\":\"WebSite\",\"@id\":\"https:\\\/\\\/www.szexshopbelvaros.com\\\/#website\",\"url\":\"https:\\\/\\\/www.szexshopbelvaros.com\\\/\",\"name\":\"Szexshop Belv\u00e1ros\",\"description\":\"\ud83d\udd25 A szex olyan, mint a p\u00e9nz; csak a t\u00fal sok el\u00e9g!\u2122 Titkok a belv\u00e1rosb\u00f3l \ud83d\udc8b | Secrets from Budapest \ud83d\udc8e Feln\u0151tt j\u00e1t\u00e9kok \u2022 Erotika \u2022 Szexshop Belvaros\",\"publisher\":{\"@id\":\"https:\\\/\\\/www.szexshopbelvaros.com\\\/#organization\"},\"potentialAction\":[{\"@type\":\"SearchAction\",\"target\":{\"@type\":\"EntryPoint\",\"urlTemplate\":\"https:\\\/\\\/www.szexshopbelvaros.com\\\/?s={search_term_string}\"},\"query-input\":{\"@type\":\"PropertyValueSpecification\",\"valueRequired\":true,\"valueName\":\"search_term_string\"}}],\"inLanguage\":\"en-US\"},{\"@type\":\"Organization\",\"@id\":\"https:\\\/\\\/www.szexshopbelvaros.com\\\/#organization\",\"name\":\"Szexshop Belv\u00e1ros\",\"alternateName\":\"szexshopbelvaros.com\",\"url\":\"https:\\\/\\\/www.szexshopbelvaros.com\\\/\",\"logo\":{\"@type\":\"ImageObject\",\"inLanguage\":\"en-US\",\"@id\":\"https:\\\/\\\/www.szexshopbelvaros.com\\\/#\\\/schema\\\/logo\\\/image\\\/\",\"url\":\"https:\\\/\\\/www.szexshopbelvaros.com\\\/wp-content\\\/uploads\\\/2025\\\/09\\\/1Szexshopbelvaroslogo_blurred_stronger.jpg\",\"contentUrl\":\"https:\\\/\\\/www.szexshopbelvaros.com\\\/wp-content\\\/uploads\\\/2025\\\/09\\\/1Szexshopbelvaroslogo_blurred_stronger.jpg\",\"width\":1024,\"height\":1024,\"caption\":\"Szexshop Belv\u00e1ros\"},\"image\":{\"@id\":\"https:\\\/\\\/www.szexshopbelvaros.com\\\/#\\\/schema\\\/logo\\\/image\\\/\"},\"sameAs\":[\"https:\\\/\\\/www.facebook.com\\\/belvarossecrets\\\/\",\"https:\\\/\\\/x.com\\\/belvarossecrets\",\"https:\\\/\\\/www.instagram.com\\\/belvarossecrets\\\/\",\"https:\\\/\\\/www.tiktok.com\\\/@belvarossecrets\"]}]}<\/script>\n<!-- \/ Yoast SEO plugin. -->","yoast_head_json":{"title":"Spectra Bondage Blindfold \u2013 Colorful blindfold, but beautifully! - Szexshop Belvaros","robots":{"index":"index","follow":"follow","max-snippet":"max-snippet:-1","max-image-preview":"max-image-preview:large","max-video-preview":"max-video-preview:-1"},"canonical":"https:\/\/www.szexshopbelvaros.com\/en\/product\/spectra-bondage-blindfold-rainbow\/","og_locale":"en_US","og_type":"article","og_title":"Spectra Bondage Blindfold \u2013 Sz\u00ednes vaks\u00f6t\u00e9t, de gy\u00f6ny\u00f6r\u0171en! - Szexshop Belvaros","og_description":"Ha le akarod venni valakinek a szem\u00e9r\u0151l a vil\u00e1got (de a bugyij\u00e1t nem), akkor ez a t\u00f6bb sz\u00ednben pomp\u00e1z\u00f3 Spectra Bondage Blindfold pont neked val\u00f3! A 8,9 cm-es \u00e1tm\u00e9r\u0151vel \u00e9s 84 cm hossz\u00fa p\u00e1nttal rendelkez\u0151, f\u00e9m \u00e9s m\u0171b\u0151r kombin\u00e1ci\u00f3j\u00e1b\u00f3l k\u00e9sz\u00fclt szemk\u00f6t\u0151 nemcsak elrejti a vil\u00e1got, de k\u00f6zben az \u00f6sszes t\u00f6bbi \u00e9rz\u00e9kszervet turb\u00f3ra kapcsolja \u2013 ide\u00e1lis [...]","og_url":"https:\/\/www.szexshopbelvaros.com\/en\/product\/spectra-bondage-blindfold-rainbow\/","og_site_name":"Szexshop Belvaros","article_publisher":"https:\/\/www.facebook.com\/belvarossecrets\/","article_modified_time":"2026-04-07T10:45:54+00:00","og_image":[{"width":1004,"height":565,"url":"https:\/\/www.szexshopbelvaros.com\/wp-content\/uploads\/2025\/01\/Untitled-design-copy-4.png","type":"image\/png"}],"twitter_card":"summary_large_image","twitter_site":"@belvarossecrets","twitter_misc":{"Est. reading time":"1 minute"},"schema":{"@context":"https:\/\/schema.org","@graph":[{"@type":"WebPage","@id":"https:\/\/www.szexshopbelvaros.com\/termek\/spectra-bondage-blindfold-rainbow\/","url":"https:\/\/www.szexshopbelvaros.com\/termek\/spectra-bondage-blindfold-rainbow\/","name":"Spectra Bondage Blindfold \u2013 Colorful blindfold, but beautifully! - Szexshop Belvaros","isPartOf":{"@id":"https:\/\/www.szexshopbelvaros.com\/#website"},"primaryImageOfPage":{"@id":"https:\/\/www.szexshopbelvaros.com\/termek\/spectra-bondage-blindfold-rainbow\/#primaryimage"},"image":{"@id":"https:\/\/www.szexshopbelvaros.com\/termek\/spectra-bondage-blindfold-rainbow\/#primaryimage"},"thumbnailUrl":"https:\/\/www.szexshopbelvaros.com\/wp-content\/uploads\/2025\/01\/Untitled-design-copy-4.png","datePublished":"2025-01-31T13:34:53+00:00","dateModified":"2026-04-07T10:45:54+00:00","breadcrumb":{"@id":"https:\/\/www.szexshopbelvaros.com\/termek\/spectra-bondage-blindfold-rainbow\/#breadcrumb"},"inLanguage":"en-US","potentialAction":[{"@type":"ReadAction","target":["https:\/\/www.szexshopbelvaros.com\/termek\/spectra-bondage-blindfold-rainbow\/"]}]},{"@type":"ImageObject","inLanguage":"en-US","@id":"https:\/\/www.szexshopbelvaros.com\/termek\/spectra-bondage-blindfold-rainbow\/#primaryimage","url":"https:\/\/www.szexshopbelvaros.com\/wp-content\/uploads\/2025\/01\/Untitled-design-copy-4.png","contentUrl":"https:\/\/www.szexshopbelvaros.com\/wp-content\/uploads\/2025\/01\/Untitled-design-copy-4.png","width":1004,"height":565},{"@type":"BreadcrumbList","@id":"https:\/\/www.szexshopbelvaros.com\/termek\/spectra-bondage-blindfold-rainbow\/#breadcrumb","itemListElement":[{"@type":"ListItem","position":1,"name":"Home","item":"https:\/\/www.szexshopbelvaros.com\/"},{"@type":"ListItem","position":2,"name":"\u00c1ruh\u00e1z","item":"https:\/\/www.szexshopbelvaros.com\/uzlet\/"},{"@type":"ListItem","position":3,"name":"Spectra Bondage Blindfold \u2013 Sz\u00ednes vaks\u00f6t\u00e9t, de gy\u00f6ny\u00f6r\u0171en!"}]},{"@type":"WebSite","@id":"https:\/\/www.szexshopbelvaros.com\/#website","url":"https:\/\/www.szexshopbelvaros.com\/","name":"at our Szexshop Belv\u00e1ros","description":"\ud83d\udd25 Sex is like money; only too much is enough!\u2122 Secrets from the city center \ud83d\udc8b | Secrets from Budapest \ud83d\udc8e Adult games \u2022 Erotica \u2022 Sex shop Belvaros","publisher":{"@id":"https:\/\/www.szexshopbelvaros.com\/#organization"},"potentialAction":[{"@type":"SearchAction","target":{"@type":"EntryPoint","urlTemplate":"https:\/\/www.szexshopbelvaros.com\/?s={search_term_string}"},"query-input":{"@type":"PropertyValueSpecification","valueRequired":true,"valueName":"search_term_string"}}],"inLanguage":"en-US"},{"@type":"Organization","@id":"https:\/\/www.szexshopbelvaros.com\/#organization","name":"at our Szexshop Belv\u00e1ros","alternateName":"szexshopbelvaros.com","url":"https:\/\/www.szexshopbelvaros.com\/","logo":{"@type":"ImageObject","inLanguage":"en-US","@id":"https:\/\/www.szexshopbelvaros.com\/#\/schema\/logo\/image\/","url":"https:\/\/www.szexshopbelvaros.com\/wp-content\/uploads\/2025\/09\/1Szexshopbelvaroslogo_blurred_stronger.jpg","contentUrl":"https:\/\/www.szexshopbelvaros.com\/wp-content\/uploads\/2025\/09\/1Szexshopbelvaroslogo_blurred_stronger.jpg","width":1024,"height":1024,"caption":"Szexshop Belv\u00e1ros"},"image":{"@id":"https:\/\/www.szexshopbelvaros.com\/#\/schema\/logo\/image\/"},"sameAs":["https:\/\/www.facebook.com\/belvarossecrets\/","https:\/\/x.com\/belvarossecrets","https:\/\/www.instagram.com\/belvarossecrets\/","https:\/\/www.tiktok.com\/@belvarossecrets"]}]}},"_links":{"self":[{"href":"https:\/\/www.szexshopbelvaros.com\/en\/wp-json\/wp\/v2\/product\/166","targetHints":{"allow":["GET"]}}],"collection":[{"href":"https:\/\/www.szexshopbelvaros.com\/en\/wp-json\/wp\/v2\/product"}],"about":[{"href":"https:\/\/www.szexshopbelvaros.com\/en\/wp-json\/wp\/v2\/types\/product"}],"replies":[{"embeddable":true,"href":"https:\/\/www.szexshopbelvaros.com\/en\/wp-json\/wp\/v2\/comments?post=166"}],"wp:featuredmedia":[{"embeddable":true,"href":"https:\/\/www.szexshopbelvaros.com\/en\/wp-json\/wp\/v2\/media\/2700"}],"wp:attachment":[{"href":"https:\/\/www.szexshopbelvaros.com\/en\/wp-json\/wp\/v2\/media?parent=166"}],"wp:term":[{"taxonomy":"product_brand","embeddable":true,"href":"https:\/\/www.szexshopbelvaros.com\/en\/wp-json\/wp\/v2\/product_brand?post=166"},{"taxonomy":"product_cat","embeddable":true,"href":"https:\/\/www.szexshopbelvaros.com\/en\/wp-json\/wp\/v2\/product_cat?post=166"},{"taxonomy":"product_tag","embeddable":true,"href":"https:\/\/www.szexshopbelvaros.com\/en\/wp-json\/wp\/v2\/product_tag?post=166"}],"curies":[{"name":"wp","href":"https:\/\/api.w.org\/{rel}","templated":true}]}}