{"id":170,"date":"2025-01-31T14:34:53","date_gmt":"2025-01-31T13:34:53","guid":{"rendered":"https:\/\/www.szexshopbelvaros.com\/termek\/el-torito-for-men-extra-6-db-kapszula-doboz\/"},"modified":"2026-02-14T15:35:53","modified_gmt":"2026-02-14T14:35:53","slug":"el-torito-for-men-extra-6-db-kapszula-doboz","status":"publish","type":"product","link":"https:\/\/www.szexshopbelvaros.com\/en\/product\/el-torito-for-men-extra-6-db-kapszula-doboz\/","title":{"rendered":"El Torito For Men Extra \u2013 6 capsules\/box"},"content":{"rendered":"<p>El Torito For Men Extra<\/p>\n<p>Ride The Bull \u2013 500 mg x 6 capsules<\/p>\n<p>El Torito Extra dietary supplement capsules<\/p>\n<p>Trend supplement capsule containing Maca root powder, Saw Palmetto extract, Siberian Ginseng extract and Gotu Kola extract.<\/p>\n<p>Net weight: 3g (6 capsules of 500mg)<\/p>\n<p>It is not recommended for people suffering from high blood pressure or cardiovascular disease.<\/p>\n<p>The dietary supplement does not replace a varied diet and a healthy lifestyle. The product should not be used by pregnant women and nursing mothers. The product should not be taken by children under 12 years of age. The product should be kept out of the reach of small children. Store in a dry, cool place.<\/p>\n<p>Notification number: 20155\/2018.<\/p>\n<p>Ingredients of El Torito Extra dietary supplement capsules:<\/p>\n<p>Maca root powder, gelatin, Saw Palmetto extract, Siberian Ginseng extract, Gotu Kola extract.<\/p>\n<p>Active ingredient content in daily dose (1 capsule):<\/p>\n<p>Ingredients Active ingredient Quantity<br \/>\nMaca (Lepidium Meyenii) 310mg<br \/>\nSaw Palmetto (Serenoa Repens) Fatty acid 60mg\/27mg<br \/>\nSiberian ginseng (Eleutherococcus senticosus) Eleutheroside 20mg\/1.6mg<br \/>\nGotu Kola (Centella Asiatica) Triterpenes 10mg\/1mg<br \/>\nSuggested use: 1 capsule daily, about half an hour before meals, with plenty of liquid. Do not exceed the recommended daily intake! Do not take the product if you are sensitive or allergic to any of the ingredients!<\/p>\n<p>Maintains quality: see side of box<\/p>\n<p>&nbsp;<\/p>","protected":false},"excerpt":{"rendered":"<p>El Torito For Men Extra Ride The Bull &#8211; 500 mg x 6 kapszula El Torito Extra \u00e9trend-kieg\u00e9sz\u00edt\u0151 kapszula Maca gy\u00f6k\u00e9r por, F\u0171r\u00e9sz P\u00e1lma kivonat, Szib\u00e9riai Ginseng kivonat \u00e9s Gotu Kola kivonat tartalm\u00fa trend-kieg\u00e9sz\u00edt\u0151 kapszula. Nett\u00f3 t\u00f6meg: 3g (6 db 500mg-os kapszula) Maga v\u00e9rnyom\u00e1sban, sz\u00edv \u00e9s \u00e9rrendszeri betegs\u00e9gben szenved\u0151knek szed\u00e9se nem aj\u00e1nlott. Az \u00e9trend-kieg\u00e9sz\u00edt\u0151 nem [&#8230;]\n","protected":false},"featured_media":171,"comment_status":"closed","ping_status":"closed","template":"","meta":[],"product_brand":[],"product_cat":[156,93],"product_tag":[2052,2053,1528,474,2050,847,849,2047,2051,857,2063,2061,2049,2062,1201,220,2048,1529],"class_list":{"0":"post-170","1":"product","2":"type-product","3":"status-publish","4":"has-post-thumbnail","6":"product_cat-drogeria-wellness","7":"product_cat-potencianovelok-serkentok-ferfiaknak","8":"product_tag-adult-care","9":"product_tag-couples-wellness","10":"product_tag-drogeria","11":"product_tag-erection-support","12":"product_tag-felnotteknek","13":"product_tag-ferfi-potencianovelo","14":"product_tag-ferfi-serkento","15":"product_tag-intim-termek","16":"product_tag-intimate-products","17":"product_tag-male-enhancement","18":"product_tag-male-stimulant","19":"product_tag-merevedes-fokozasa","20":"product_tag-paros-egeszseg","21":"product_tag-potencianovelo-kapszula","22":"product_tag-sexual-wellness","23":"product_tag-szexshop-belvaros","24":"product_tag-szexualis-egeszseg","25":"product_tag-wellness","27":"first","28":"instock","29":"taxable","30":"shipping-taxable","31":"purchasable","32":"product-type-simple"},"yoast_head":"<!-- This site is optimized with the Yoast SEO plugin v27.4 - https:\/\/yoast.com\/product\/yoast-seo-wordpress\/ -->\n<title>El Torito For Men Extra - 6 db. kapszula\/ doboz - Szexshop Belvaros<\/title>\n<meta name=\"robots\" content=\"index, follow, max-snippet:-1, max-image-preview:large, max-video-preview:-1\" \/>\n<link rel=\"canonical\" href=\"https:\/\/www.szexshopbelvaros.com\/en\/product\/el-torito-for-men-extra-6-db-kapszula-doboz\/\" \/>\n<meta property=\"og:locale\" content=\"en_US\" \/>\n<meta property=\"og:type\" content=\"article\" \/>\n<meta property=\"og:title\" content=\"El Torito For Men Extra - 6 db. kapszula\/ doboz - Szexshop Belvaros\" \/>\n<meta property=\"og:description\" content=\"El Torito For Men Extra Ride The Bull &#8211; 500 mg x 6 kapszula El Torito Extra \u00e9trend-kieg\u00e9sz\u00edt\u0151 kapszula Maca gy\u00f6k\u00e9r por, F\u0171r\u00e9sz P\u00e1lma kivonat, Szib\u00e9riai Ginseng kivonat \u00e9s Gotu Kola kivonat tartalm\u00fa trend-kieg\u00e9sz\u00edt\u0151 kapszula. Nett\u00f3 t\u00f6meg: 3g (6 db 500mg-os kapszula) Maga v\u00e9rnyom\u00e1sban, sz\u00edv \u00e9s \u00e9rrendszeri betegs\u00e9gben szenved\u0151knek szed\u00e9se nem aj\u00e1nlott. Az \u00e9trend-kieg\u00e9sz\u00edt\u0151 nem [...]\" \/>\n<meta property=\"og:url\" content=\"https:\/\/www.szexshopbelvaros.com\/en\/product\/el-torito-for-men-extra-6-db-kapszula-doboz\/\" \/>\n<meta property=\"og:site_name\" content=\"Szexshop Belvaros\" \/>\n<meta property=\"article:publisher\" content=\"https:\/\/www.facebook.com\/belvarossecrets\/\" \/>\n<meta property=\"article:modified_time\" content=\"2026-02-14T14:35:53+00:00\" \/>\n<meta property=\"og:image\" content=\"https:\/\/www.szexshopbelvaros.com\/wp-content\/uploads\/2025\/01\/4081c542-4673-11ee-acd6-0a88ed65ed27_robin_white__4_.jpg\" \/>\n\t<meta property=\"og:image:width\" content=\"1000\" \/>\n\t<meta property=\"og:image:height\" content=\"563\" \/>\n\t<meta property=\"og:image:type\" content=\"image\/jpeg\" \/>\n<meta name=\"twitter:card\" content=\"summary_large_image\" \/>\n<meta name=\"twitter:site\" content=\"@belvarossecrets\" \/>\n<meta name=\"twitter:label1\" content=\"Est. reading time\" \/>\n\t<meta name=\"twitter:data1\" content=\"1 minute\" \/>\n<script type=\"application\/ld+json\" class=\"yoast-schema-graph\">{\"@context\":\"https:\\\/\\\/schema.org\",\"@graph\":[{\"@type\":\"WebPage\",\"@id\":\"https:\\\/\\\/www.szexshopbelvaros.com\\\/termek\\\/el-torito-for-men-extra-6-db-kapszula-doboz\\\/\",\"url\":\"https:\\\/\\\/www.szexshopbelvaros.com\\\/termek\\\/el-torito-for-men-extra-6-db-kapszula-doboz\\\/\",\"name\":\"El Torito For Men Extra - 6 db. kapszula\\\/ doboz - Szexshop Belvaros\",\"isPartOf\":{\"@id\":\"https:\\\/\\\/www.szexshopbelvaros.com\\\/#website\"},\"primaryImageOfPage\":{\"@id\":\"https:\\\/\\\/www.szexshopbelvaros.com\\\/termek\\\/el-torito-for-men-extra-6-db-kapszula-doboz\\\/#primaryimage\"},\"image\":{\"@id\":\"https:\\\/\\\/www.szexshopbelvaros.com\\\/termek\\\/el-torito-for-men-extra-6-db-kapszula-doboz\\\/#primaryimage\"},\"thumbnailUrl\":\"https:\\\/\\\/www.szexshopbelvaros.com\\\/wp-content\\\/uploads\\\/2025\\\/01\\\/4081c542-4673-11ee-acd6-0a88ed65ed27_robin_white__4_.jpg\",\"datePublished\":\"2025-01-31T13:34:53+00:00\",\"dateModified\":\"2026-02-14T14:35:53+00:00\",\"breadcrumb\":{\"@id\":\"https:\\\/\\\/www.szexshopbelvaros.com\\\/termek\\\/el-torito-for-men-extra-6-db-kapszula-doboz\\\/#breadcrumb\"},\"inLanguage\":\"en-US\",\"potentialAction\":[{\"@type\":\"ReadAction\",\"target\":[\"https:\\\/\\\/www.szexshopbelvaros.com\\\/termek\\\/el-torito-for-men-extra-6-db-kapszula-doboz\\\/\"]}]},{\"@type\":\"ImageObject\",\"inLanguage\":\"en-US\",\"@id\":\"https:\\\/\\\/www.szexshopbelvaros.com\\\/termek\\\/el-torito-for-men-extra-6-db-kapszula-doboz\\\/#primaryimage\",\"url\":\"https:\\\/\\\/www.szexshopbelvaros.com\\\/wp-content\\\/uploads\\\/2025\\\/01\\\/4081c542-4673-11ee-acd6-0a88ed65ed27_robin_white__4_.jpg\",\"contentUrl\":\"https:\\\/\\\/www.szexshopbelvaros.com\\\/wp-content\\\/uploads\\\/2025\\\/01\\\/4081c542-4673-11ee-acd6-0a88ed65ed27_robin_white__4_.jpg\",\"width\":1000,\"height\":563},{\"@type\":\"BreadcrumbList\",\"@id\":\"https:\\\/\\\/www.szexshopbelvaros.com\\\/termek\\\/el-torito-for-men-extra-6-db-kapszula-doboz\\\/#breadcrumb\",\"itemListElement\":[{\"@type\":\"ListItem\",\"position\":1,\"name\":\"Home\",\"item\":\"https:\\\/\\\/www.szexshopbelvaros.com\\\/\"},{\"@type\":\"ListItem\",\"position\":2,\"name\":\"\u00c1ruh\u00e1z\",\"item\":\"https:\\\/\\\/www.szexshopbelvaros.com\\\/uzlet\\\/\"},{\"@type\":\"ListItem\",\"position\":3,\"name\":\"El Torito For Men Extra &#8211; 6 db. kapszula\\\/ doboz\"}]},{\"@type\":\"WebSite\",\"@id\":\"https:\\\/\\\/www.szexshopbelvaros.com\\\/#website\",\"url\":\"https:\\\/\\\/www.szexshopbelvaros.com\\\/\",\"name\":\"Szexshop Belv\u00e1ros\",\"description\":\"\ud83d\udd25 A szex olyan, mint a p\u00e9nz; csak a t\u00fal sok el\u00e9g!\u2122 Titkok a belv\u00e1rosb\u00f3l \ud83d\udc8b | Secrets from Budapest \ud83d\udc8e Feln\u0151tt j\u00e1t\u00e9kok \u2022 Erotika \u2022 Szexshop Belvaros\",\"publisher\":{\"@id\":\"https:\\\/\\\/www.szexshopbelvaros.com\\\/#organization\"},\"potentialAction\":[{\"@type\":\"SearchAction\",\"target\":{\"@type\":\"EntryPoint\",\"urlTemplate\":\"https:\\\/\\\/www.szexshopbelvaros.com\\\/?s={search_term_string}\"},\"query-input\":{\"@type\":\"PropertyValueSpecification\",\"valueRequired\":true,\"valueName\":\"search_term_string\"}}],\"inLanguage\":\"en-US\"},{\"@type\":\"Organization\",\"@id\":\"https:\\\/\\\/www.szexshopbelvaros.com\\\/#organization\",\"name\":\"Szexshop Belv\u00e1ros\",\"alternateName\":\"szexshopbelvaros.com\",\"url\":\"https:\\\/\\\/www.szexshopbelvaros.com\\\/\",\"logo\":{\"@type\":\"ImageObject\",\"inLanguage\":\"en-US\",\"@id\":\"https:\\\/\\\/www.szexshopbelvaros.com\\\/#\\\/schema\\\/logo\\\/image\\\/\",\"url\":\"https:\\\/\\\/www.szexshopbelvaros.com\\\/wp-content\\\/uploads\\\/2025\\\/09\\\/1Szexshopbelvaroslogo_blurred_stronger.jpg\",\"contentUrl\":\"https:\\\/\\\/www.szexshopbelvaros.com\\\/wp-content\\\/uploads\\\/2025\\\/09\\\/1Szexshopbelvaroslogo_blurred_stronger.jpg\",\"width\":1024,\"height\":1024,\"caption\":\"Szexshop Belv\u00e1ros\"},\"image\":{\"@id\":\"https:\\\/\\\/www.szexshopbelvaros.com\\\/#\\\/schema\\\/logo\\\/image\\\/\"},\"sameAs\":[\"https:\\\/\\\/www.facebook.com\\\/belvarossecrets\\\/\",\"https:\\\/\\\/x.com\\\/belvarossecrets\",\"https:\\\/\\\/www.instagram.com\\\/belvarossecrets\\\/\",\"https:\\\/\\\/www.tiktok.com\\\/@belvarossecrets\"]}]}<\/script>\n<!-- \/ Yoast SEO plugin. -->","yoast_head_json":{"title":"El Torito For Men Extra - 6 capsules\/box - Sex shop Belvaros","robots":{"index":"index","follow":"follow","max-snippet":"max-snippet:-1","max-image-preview":"max-image-preview:large","max-video-preview":"max-video-preview:-1"},"canonical":"https:\/\/www.szexshopbelvaros.com\/en\/product\/el-torito-for-men-extra-6-db-kapszula-doboz\/","og_locale":"en_US","og_type":"article","og_title":"El Torito For Men Extra - 6 db. kapszula\/ doboz - Szexshop Belvaros","og_description":"El Torito For Men Extra Ride The Bull &#8211; 500 mg x 6 kapszula El Torito Extra \u00e9trend-kieg\u00e9sz\u00edt\u0151 kapszula Maca gy\u00f6k\u00e9r por, F\u0171r\u00e9sz P\u00e1lma kivonat, Szib\u00e9riai Ginseng kivonat \u00e9s Gotu Kola kivonat tartalm\u00fa trend-kieg\u00e9sz\u00edt\u0151 kapszula. Nett\u00f3 t\u00f6meg: 3g (6 db 500mg-os kapszula) Maga v\u00e9rnyom\u00e1sban, sz\u00edv \u00e9s \u00e9rrendszeri betegs\u00e9gben szenved\u0151knek szed\u00e9se nem aj\u00e1nlott. Az \u00e9trend-kieg\u00e9sz\u00edt\u0151 nem [...]","og_url":"https:\/\/www.szexshopbelvaros.com\/en\/product\/el-torito-for-men-extra-6-db-kapszula-doboz\/","og_site_name":"Szexshop Belvaros","article_publisher":"https:\/\/www.facebook.com\/belvarossecrets\/","article_modified_time":"2026-02-14T14:35:53+00:00","og_image":[{"width":1000,"height":563,"url":"https:\/\/www.szexshopbelvaros.com\/wp-content\/uploads\/2025\/01\/4081c542-4673-11ee-acd6-0a88ed65ed27_robin_white__4_.jpg","type":"image\/jpeg"}],"twitter_card":"summary_large_image","twitter_site":"@belvarossecrets","twitter_misc":{"Est. reading time":"1 minute"},"schema":{"@context":"https:\/\/schema.org","@graph":[{"@type":"WebPage","@id":"https:\/\/www.szexshopbelvaros.com\/termek\/el-torito-for-men-extra-6-db-kapszula-doboz\/","url":"https:\/\/www.szexshopbelvaros.com\/termek\/el-torito-for-men-extra-6-db-kapszula-doboz\/","name":"El Torito For Men Extra - 6 capsules\/box - Sex shop Belvaros","isPartOf":{"@id":"https:\/\/www.szexshopbelvaros.com\/#website"},"primaryImageOfPage":{"@id":"https:\/\/www.szexshopbelvaros.com\/termek\/el-torito-for-men-extra-6-db-kapszula-doboz\/#primaryimage"},"image":{"@id":"https:\/\/www.szexshopbelvaros.com\/termek\/el-torito-for-men-extra-6-db-kapszula-doboz\/#primaryimage"},"thumbnailUrl":"https:\/\/www.szexshopbelvaros.com\/wp-content\/uploads\/2025\/01\/4081c542-4673-11ee-acd6-0a88ed65ed27_robin_white__4_.jpg","datePublished":"2025-01-31T13:34:53+00:00","dateModified":"2026-02-14T14:35:53+00:00","breadcrumb":{"@id":"https:\/\/www.szexshopbelvaros.com\/termek\/el-torito-for-men-extra-6-db-kapszula-doboz\/#breadcrumb"},"inLanguage":"en-US","potentialAction":[{"@type":"ReadAction","target":["https:\/\/www.szexshopbelvaros.com\/termek\/el-torito-for-men-extra-6-db-kapszula-doboz\/"]}]},{"@type":"ImageObject","inLanguage":"en-US","@id":"https:\/\/www.szexshopbelvaros.com\/termek\/el-torito-for-men-extra-6-db-kapszula-doboz\/#primaryimage","url":"https:\/\/www.szexshopbelvaros.com\/wp-content\/uploads\/2025\/01\/4081c542-4673-11ee-acd6-0a88ed65ed27_robin_white__4_.jpg","contentUrl":"https:\/\/www.szexshopbelvaros.com\/wp-content\/uploads\/2025\/01\/4081c542-4673-11ee-acd6-0a88ed65ed27_robin_white__4_.jpg","width":1000,"height":563},{"@type":"BreadcrumbList","@id":"https:\/\/www.szexshopbelvaros.com\/termek\/el-torito-for-men-extra-6-db-kapszula-doboz\/#breadcrumb","itemListElement":[{"@type":"ListItem","position":1,"name":"Home","item":"https:\/\/www.szexshopbelvaros.com\/"},{"@type":"ListItem","position":2,"name":"\u00c1ruh\u00e1z","item":"https:\/\/www.szexshopbelvaros.com\/uzlet\/"},{"@type":"ListItem","position":3,"name":"El Torito For Men Extra &#8211; 6 db. kapszula\/ doboz"}]},{"@type":"WebSite","@id":"https:\/\/www.szexshopbelvaros.com\/#website","url":"https:\/\/www.szexshopbelvaros.com\/","name":"at our Szexshop Belv\u00e1ros","description":"\ud83d\udd25 Sex is like money; only too much is enough!\u2122 Secrets from the city center \ud83d\udc8b | Secrets from Budapest \ud83d\udc8e Adult games \u2022 Erotica \u2022 Sex shop Belvaros","publisher":{"@id":"https:\/\/www.szexshopbelvaros.com\/#organization"},"potentialAction":[{"@type":"SearchAction","target":{"@type":"EntryPoint","urlTemplate":"https:\/\/www.szexshopbelvaros.com\/?s={search_term_string}"},"query-input":{"@type":"PropertyValueSpecification","valueRequired":true,"valueName":"search_term_string"}}],"inLanguage":"en-US"},{"@type":"Organization","@id":"https:\/\/www.szexshopbelvaros.com\/#organization","name":"at our Szexshop Belv\u00e1ros","alternateName":"szexshopbelvaros.com","url":"https:\/\/www.szexshopbelvaros.com\/","logo":{"@type":"ImageObject","inLanguage":"en-US","@id":"https:\/\/www.szexshopbelvaros.com\/#\/schema\/logo\/image\/","url":"https:\/\/www.szexshopbelvaros.com\/wp-content\/uploads\/2025\/09\/1Szexshopbelvaroslogo_blurred_stronger.jpg","contentUrl":"https:\/\/www.szexshopbelvaros.com\/wp-content\/uploads\/2025\/09\/1Szexshopbelvaroslogo_blurred_stronger.jpg","width":1024,"height":1024,"caption":"Szexshop Belv\u00e1ros"},"image":{"@id":"https:\/\/www.szexshopbelvaros.com\/#\/schema\/logo\/image\/"},"sameAs":["https:\/\/www.facebook.com\/belvarossecrets\/","https:\/\/x.com\/belvarossecrets","https:\/\/www.instagram.com\/belvarossecrets\/","https:\/\/www.tiktok.com\/@belvarossecrets"]}]}},"_links":{"self":[{"href":"https:\/\/www.szexshopbelvaros.com\/en\/wp-json\/wp\/v2\/product\/170","targetHints":{"allow":["GET"]}}],"collection":[{"href":"https:\/\/www.szexshopbelvaros.com\/en\/wp-json\/wp\/v2\/product"}],"about":[{"href":"https:\/\/www.szexshopbelvaros.com\/en\/wp-json\/wp\/v2\/types\/product"}],"replies":[{"embeddable":true,"href":"https:\/\/www.szexshopbelvaros.com\/en\/wp-json\/wp\/v2\/comments?post=170"}],"wp:featuredmedia":[{"embeddable":true,"href":"https:\/\/www.szexshopbelvaros.com\/en\/wp-json\/wp\/v2\/media\/171"}],"wp:attachment":[{"href":"https:\/\/www.szexshopbelvaros.com\/en\/wp-json\/wp\/v2\/media?parent=170"}],"wp:term":[{"taxonomy":"product_brand","embeddable":true,"href":"https:\/\/www.szexshopbelvaros.com\/en\/wp-json\/wp\/v2\/product_brand?post=170"},{"taxonomy":"product_cat","embeddable":true,"href":"https:\/\/www.szexshopbelvaros.com\/en\/wp-json\/wp\/v2\/product_cat?post=170"},{"taxonomy":"product_tag","embeddable":true,"href":"https:\/\/www.szexshopbelvaros.com\/en\/wp-json\/wp\/v2\/product_tag?post=170"}],"curies":[{"name":"wp","href":"https:\/\/api.w.org\/{rel}","templated":true}]}}