{"id":172,"date":"2025-01-31T14:35:32","date_gmt":"2025-01-31T13:35:32","guid":{"rendered":"https:\/\/www.szexshopbelvaros.com\/termek\/green-snake-first-potencianovelo-4-db-kapszula-doboz\/"},"modified":"2026-04-08T16:12:43","modified_gmt":"2026-04-08T14:12:43","slug":"green-snake-first-potencianovelo-4-db-kapszula-doboz","status":"publish","type":"product","link":"https:\/\/www.szexshopbelvaros.com\/en\/product\/green-snake-first-potencianovelo-4-db-kapszula-doboz\/","title":{"rendered":"Green Snake First potency enhancer \u2013 4 capsules\/box"},"content":{"rendered":"<p>Green Snake First dietary supplement capsule for men<\/p>\n<p>Store in a cool, dry place. Keep out of reach of children.<\/p>\n<p>It retains its quality until the date indicated on the bottom of the box. (day\/month\/year)<\/p>\n<p>Caution is required in cases of high or low blood pressure. The dietary supplement is not a substitute for a balanced, varied diet and a healthy lifestyle.<\/p>\n<p>Active ingredients in the daily dose (1 capsule):<\/p>\n<p>Asian ginseng root powder 90 mg (of which ginsenosides 1.2 mg)<\/p>\n<p>Golden root extract 4:1 85 mg<\/p>\n<p>Cinnamon powder 80 mg (of which coumarin 0.35 mg)<\/p>\n<p>Parsley leaf powder 75 mg.<\/p>\n<p>Dosage: It is recommended to take one capsule (470 mg\/capsule) every 3 days for a maximum of 3 days. Do not exceed the recommended amount.<\/p>\n<p>Distributor: K&amp;K general sro 21 Imricha St\u00farovo, Slovakia.<\/p>\n<p>Net weight: 1880 mg. (4x470mg)<\/p>\n<p>Ingredients:<\/p>\n<p>Asian ginseng root powder<\/p>\n<p>Golden root powder 4:1<\/p>\n<p>Cinnamon powder<\/p>\n<p>Parsley leaf powder<\/p>\n<p>Gelatin capsule<\/p>\n<p>Silicon dioxide (anti-caking agent)<\/p>\n<p>&nbsp;<\/p>","protected":false},"excerpt":{"rendered":"<p>Green Snake First \u00e9trend-kieg\u00e9sz\u00edt\u0151 kapszula f\u00e9rfiak r\u00e9sz\u00e9re T\u00e1rol\u00e1sa sz\u00e1raz h\u0171v\u00f6s helyen. Gyermekek el\u0151l elz\u00e1rva tartand\u00f3! Min\u0151s\u00e9g\u00e9t meg\u0151rzi a doboz alj\u00e1n jel\u00f6lt ideig. (nap\/h\u00f3\/\u00e9v) Magas illetve alacsony v\u00e9rnyom\u00e1s eset\u00e9n \u00f3vatoss\u00e1got ig\u00e9nyel. Az \u00e9rtendkieg\u00e9sz\u00edt\u0151 nem helyettes\u00edti a kiegyens\u00falyozott, vegyes \u00e9trendet \u00e9s az eg\u00e9szs\u00e9ges \u00e9letm\u00f3dot. Hat\u00f3anyagok a napi adagban (1 kapszula): \u00c1zsiai ginzeng gy\u00f6k\u00e9r por 90 mg (ebb\u0151l [&#8230;]\n","protected":false},"featured_media":173,"comment_status":"closed","ping_status":"closed","template":"","meta":[],"product_brand":[],"product_cat":[156,93],"product_tag":[2052,2053,1528,474,2050,847,849,2047,2051,857,2063,2061,2049,2062,1201,220,2048,1529],"class_list":{"0":"post-172","1":"product","2":"type-product","3":"status-publish","4":"has-post-thumbnail","6":"product_cat-drogeria-wellness","7":"product_cat-potencianovelok-serkentok-ferfiaknak","8":"product_tag-adult-care","9":"product_tag-couples-wellness","10":"product_tag-drogeria","11":"product_tag-erection-support","12":"product_tag-felnotteknek","13":"product_tag-ferfi-potencianovelo","14":"product_tag-ferfi-serkento","15":"product_tag-intim-termek","16":"product_tag-intimate-products","17":"product_tag-male-enhancement","18":"product_tag-male-stimulant","19":"product_tag-merevedes-fokozasa","20":"product_tag-paros-egeszseg","21":"product_tag-potencianovelo-kapszula","22":"product_tag-sexual-wellness","23":"product_tag-szexshop-belvaros","24":"product_tag-szexualis-egeszseg","25":"product_tag-wellness","27":"first","28":"instock","29":"taxable","30":"shipping-taxable","31":"purchasable","32":"product-type-simple"},"yoast_head":"<!-- This site is optimized with the Yoast SEO plugin v27.4 - https:\/\/yoast.com\/product\/yoast-seo-wordpress\/ -->\n<title>Green Snake First potencian\u00f6vel\u0151 - 4 db. kapszula\/ doboz - Szexshop Belvaros<\/title>\n<meta name=\"robots\" content=\"index, follow, max-snippet:-1, max-image-preview:large, max-video-preview:-1\" \/>\n<link rel=\"canonical\" href=\"https:\/\/www.szexshopbelvaros.com\/en\/product\/green-snake-first-potencianovelo-4-db-kapszula-doboz\/\" \/>\n<meta property=\"og:locale\" content=\"en_US\" \/>\n<meta property=\"og:type\" content=\"article\" \/>\n<meta property=\"og:title\" content=\"Green Snake First potencian\u00f6vel\u0151 - 4 db. kapszula\/ doboz - Szexshop Belvaros\" \/>\n<meta property=\"og:description\" content=\"Green Snake First \u00e9trend-kieg\u00e9sz\u00edt\u0151 kapszula f\u00e9rfiak r\u00e9sz\u00e9re T\u00e1rol\u00e1sa sz\u00e1raz h\u0171v\u00f6s helyen. Gyermekek el\u0151l elz\u00e1rva tartand\u00f3! Min\u0151s\u00e9g\u00e9t meg\u0151rzi a doboz alj\u00e1n jel\u00f6lt ideig. (nap\/h\u00f3\/\u00e9v) Magas illetve alacsony v\u00e9rnyom\u00e1s eset\u00e9n \u00f3vatoss\u00e1got ig\u00e9nyel. Az \u00e9rtendkieg\u00e9sz\u00edt\u0151 nem helyettes\u00edti a kiegyens\u00falyozott, vegyes \u00e9trendet \u00e9s az eg\u00e9szs\u00e9ges \u00e9letm\u00f3dot. Hat\u00f3anyagok a napi adagban (1 kapszula): \u00c1zsiai ginzeng gy\u00f6k\u00e9r por 90 mg (ebb\u0151l [...]\" \/>\n<meta property=\"og:url\" content=\"https:\/\/www.szexshopbelvaros.com\/en\/product\/green-snake-first-potencianovelo-4-db-kapszula-doboz\/\" \/>\n<meta property=\"og:site_name\" content=\"Szexshop Belvaros\" \/>\n<meta property=\"article:publisher\" content=\"https:\/\/www.facebook.com\/belvarossecrets\/\" \/>\n<meta property=\"article:modified_time\" content=\"2026-04-08T14:12:43+00:00\" \/>\n<meta property=\"og:image\" content=\"https:\/\/www.szexshopbelvaros.com\/wp-content\/uploads\/2025\/01\/86dae852-4673-11ee-9488-9a8186b9da64_green_parent__2_.jpg\" \/>\n\t<meta property=\"og:image:width\" content=\"1000\" \/>\n\t<meta property=\"og:image:height\" content=\"563\" \/>\n\t<meta property=\"og:image:type\" content=\"image\/jpeg\" \/>\n<meta name=\"twitter:card\" content=\"summary_large_image\" \/>\n<meta name=\"twitter:site\" content=\"@belvarossecrets\" \/>\n<meta name=\"twitter:label1\" content=\"Est. reading time\" \/>\n\t<meta name=\"twitter:data1\" content=\"1 minute\" \/>\n<script type=\"application\/ld+json\" class=\"yoast-schema-graph\">{\"@context\":\"https:\\\/\\\/schema.org\",\"@graph\":[{\"@type\":\"WebPage\",\"@id\":\"https:\\\/\\\/www.szexshopbelvaros.com\\\/termek\\\/green-snake-first-potencianovelo-4-db-kapszula-doboz\\\/\",\"url\":\"https:\\\/\\\/www.szexshopbelvaros.com\\\/termek\\\/green-snake-first-potencianovelo-4-db-kapszula-doboz\\\/\",\"name\":\"Green Snake First potencian\u00f6vel\u0151 - 4 db. kapszula\\\/ doboz - Szexshop Belvaros\",\"isPartOf\":{\"@id\":\"https:\\\/\\\/www.szexshopbelvaros.com\\\/#website\"},\"primaryImageOfPage\":{\"@id\":\"https:\\\/\\\/www.szexshopbelvaros.com\\\/termek\\\/green-snake-first-potencianovelo-4-db-kapszula-doboz\\\/#primaryimage\"},\"image\":{\"@id\":\"https:\\\/\\\/www.szexshopbelvaros.com\\\/termek\\\/green-snake-first-potencianovelo-4-db-kapszula-doboz\\\/#primaryimage\"},\"thumbnailUrl\":\"https:\\\/\\\/www.szexshopbelvaros.com\\\/wp-content\\\/uploads\\\/2025\\\/01\\\/86dae852-4673-11ee-9488-9a8186b9da64_green_parent__2_.jpg\",\"datePublished\":\"2025-01-31T13:35:32+00:00\",\"dateModified\":\"2026-04-08T14:12:43+00:00\",\"breadcrumb\":{\"@id\":\"https:\\\/\\\/www.szexshopbelvaros.com\\\/termek\\\/green-snake-first-potencianovelo-4-db-kapszula-doboz\\\/#breadcrumb\"},\"inLanguage\":\"en-US\",\"potentialAction\":[{\"@type\":\"ReadAction\",\"target\":[\"https:\\\/\\\/www.szexshopbelvaros.com\\\/termek\\\/green-snake-first-potencianovelo-4-db-kapszula-doboz\\\/\"]}]},{\"@type\":\"ImageObject\",\"inLanguage\":\"en-US\",\"@id\":\"https:\\\/\\\/www.szexshopbelvaros.com\\\/termek\\\/green-snake-first-potencianovelo-4-db-kapszula-doboz\\\/#primaryimage\",\"url\":\"https:\\\/\\\/www.szexshopbelvaros.com\\\/wp-content\\\/uploads\\\/2025\\\/01\\\/86dae852-4673-11ee-9488-9a8186b9da64_green_parent__2_.jpg\",\"contentUrl\":\"https:\\\/\\\/www.szexshopbelvaros.com\\\/wp-content\\\/uploads\\\/2025\\\/01\\\/86dae852-4673-11ee-9488-9a8186b9da64_green_parent__2_.jpg\",\"width\":1000,\"height\":563},{\"@type\":\"BreadcrumbList\",\"@id\":\"https:\\\/\\\/www.szexshopbelvaros.com\\\/termek\\\/green-snake-first-potencianovelo-4-db-kapszula-doboz\\\/#breadcrumb\",\"itemListElement\":[{\"@type\":\"ListItem\",\"position\":1,\"name\":\"Home\",\"item\":\"https:\\\/\\\/www.szexshopbelvaros.com\\\/\"},{\"@type\":\"ListItem\",\"position\":2,\"name\":\"\u00c1ruh\u00e1z\",\"item\":\"https:\\\/\\\/www.szexshopbelvaros.com\\\/uzlet\\\/\"},{\"@type\":\"ListItem\",\"position\":3,\"name\":\"Green Snake First potencian\u00f6vel\u0151 &#8211; 4 db. kapszula\\\/ doboz\"}]},{\"@type\":\"WebSite\",\"@id\":\"https:\\\/\\\/www.szexshopbelvaros.com\\\/#website\",\"url\":\"https:\\\/\\\/www.szexshopbelvaros.com\\\/\",\"name\":\"Szexshop Belv\u00e1ros\",\"description\":\"\ud83d\udd25 A szex olyan, mint a p\u00e9nz; csak a t\u00fal sok el\u00e9g!\u2122 Titkok a belv\u00e1rosb\u00f3l \ud83d\udc8b | Secrets from Budapest \ud83d\udc8e Feln\u0151tt j\u00e1t\u00e9kok \u2022 Erotika \u2022 Szexshop Belvaros\",\"publisher\":{\"@id\":\"https:\\\/\\\/www.szexshopbelvaros.com\\\/#organization\"},\"potentialAction\":[{\"@type\":\"SearchAction\",\"target\":{\"@type\":\"EntryPoint\",\"urlTemplate\":\"https:\\\/\\\/www.szexshopbelvaros.com\\\/?s={search_term_string}\"},\"query-input\":{\"@type\":\"PropertyValueSpecification\",\"valueRequired\":true,\"valueName\":\"search_term_string\"}}],\"inLanguage\":\"en-US\"},{\"@type\":\"Organization\",\"@id\":\"https:\\\/\\\/www.szexshopbelvaros.com\\\/#organization\",\"name\":\"Szexshop Belv\u00e1ros\",\"alternateName\":\"szexshopbelvaros.com\",\"url\":\"https:\\\/\\\/www.szexshopbelvaros.com\\\/\",\"logo\":{\"@type\":\"ImageObject\",\"inLanguage\":\"en-US\",\"@id\":\"https:\\\/\\\/www.szexshopbelvaros.com\\\/#\\\/schema\\\/logo\\\/image\\\/\",\"url\":\"https:\\\/\\\/www.szexshopbelvaros.com\\\/wp-content\\\/uploads\\\/2025\\\/09\\\/1Szexshopbelvaroslogo_blurred_stronger.jpg\",\"contentUrl\":\"https:\\\/\\\/www.szexshopbelvaros.com\\\/wp-content\\\/uploads\\\/2025\\\/09\\\/1Szexshopbelvaroslogo_blurred_stronger.jpg\",\"width\":1024,\"height\":1024,\"caption\":\"Szexshop Belv\u00e1ros\"},\"image\":{\"@id\":\"https:\\\/\\\/www.szexshopbelvaros.com\\\/#\\\/schema\\\/logo\\\/image\\\/\"},\"sameAs\":[\"https:\\\/\\\/www.facebook.com\\\/belvarossecrets\\\/\",\"https:\\\/\\\/x.com\\\/belvarossecrets\",\"https:\\\/\\\/www.instagram.com\\\/belvarossecrets\\\/\",\"https:\\\/\\\/www.tiktok.com\\\/@belvarossecrets\"]}]}<\/script>\n<!-- \/ Yoast SEO plugin. -->","yoast_head_json":{"title":"Green Snake First potency enhancer - 4 capsules\/box - Szexshop Belvaros","robots":{"index":"index","follow":"follow","max-snippet":"max-snippet:-1","max-image-preview":"max-image-preview:large","max-video-preview":"max-video-preview:-1"},"canonical":"https:\/\/www.szexshopbelvaros.com\/en\/product\/green-snake-first-potencianovelo-4-db-kapszula-doboz\/","og_locale":"en_US","og_type":"article","og_title":"Green Snake First potencian\u00f6vel\u0151 - 4 db. kapszula\/ doboz - Szexshop Belvaros","og_description":"Green Snake First \u00e9trend-kieg\u00e9sz\u00edt\u0151 kapszula f\u00e9rfiak r\u00e9sz\u00e9re T\u00e1rol\u00e1sa sz\u00e1raz h\u0171v\u00f6s helyen. Gyermekek el\u0151l elz\u00e1rva tartand\u00f3! Min\u0151s\u00e9g\u00e9t meg\u0151rzi a doboz alj\u00e1n jel\u00f6lt ideig. (nap\/h\u00f3\/\u00e9v) Magas illetve alacsony v\u00e9rnyom\u00e1s eset\u00e9n \u00f3vatoss\u00e1got ig\u00e9nyel. Az \u00e9rtendkieg\u00e9sz\u00edt\u0151 nem helyettes\u00edti a kiegyens\u00falyozott, vegyes \u00e9trendet \u00e9s az eg\u00e9szs\u00e9ges \u00e9letm\u00f3dot. Hat\u00f3anyagok a napi adagban (1 kapszula): \u00c1zsiai ginzeng gy\u00f6k\u00e9r por 90 mg (ebb\u0151l [...]","og_url":"https:\/\/www.szexshopbelvaros.com\/en\/product\/green-snake-first-potencianovelo-4-db-kapszula-doboz\/","og_site_name":"Szexshop Belvaros","article_publisher":"https:\/\/www.facebook.com\/belvarossecrets\/","article_modified_time":"2026-04-08T14:12:43+00:00","og_image":[{"width":1000,"height":563,"url":"https:\/\/www.szexshopbelvaros.com\/wp-content\/uploads\/2025\/01\/86dae852-4673-11ee-9488-9a8186b9da64_green_parent__2_.jpg","type":"image\/jpeg"}],"twitter_card":"summary_large_image","twitter_site":"@belvarossecrets","twitter_misc":{"Est. reading time":"1 minute"},"schema":{"@context":"https:\/\/schema.org","@graph":[{"@type":"WebPage","@id":"https:\/\/www.szexshopbelvaros.com\/termek\/green-snake-first-potencianovelo-4-db-kapszula-doboz\/","url":"https:\/\/www.szexshopbelvaros.com\/termek\/green-snake-first-potencianovelo-4-db-kapszula-doboz\/","name":"Green Snake First potency enhancer - 4 capsules\/box - Szexshop Belvaros","isPartOf":{"@id":"https:\/\/www.szexshopbelvaros.com\/#website"},"primaryImageOfPage":{"@id":"https:\/\/www.szexshopbelvaros.com\/termek\/green-snake-first-potencianovelo-4-db-kapszula-doboz\/#primaryimage"},"image":{"@id":"https:\/\/www.szexshopbelvaros.com\/termek\/green-snake-first-potencianovelo-4-db-kapszula-doboz\/#primaryimage"},"thumbnailUrl":"https:\/\/www.szexshopbelvaros.com\/wp-content\/uploads\/2025\/01\/86dae852-4673-11ee-9488-9a8186b9da64_green_parent__2_.jpg","datePublished":"2025-01-31T13:35:32+00:00","dateModified":"2026-04-08T14:12:43+00:00","breadcrumb":{"@id":"https:\/\/www.szexshopbelvaros.com\/termek\/green-snake-first-potencianovelo-4-db-kapszula-doboz\/#breadcrumb"},"inLanguage":"en-US","potentialAction":[{"@type":"ReadAction","target":["https:\/\/www.szexshopbelvaros.com\/termek\/green-snake-first-potencianovelo-4-db-kapszula-doboz\/"]}]},{"@type":"ImageObject","inLanguage":"en-US","@id":"https:\/\/www.szexshopbelvaros.com\/termek\/green-snake-first-potencianovelo-4-db-kapszula-doboz\/#primaryimage","url":"https:\/\/www.szexshopbelvaros.com\/wp-content\/uploads\/2025\/01\/86dae852-4673-11ee-9488-9a8186b9da64_green_parent__2_.jpg","contentUrl":"https:\/\/www.szexshopbelvaros.com\/wp-content\/uploads\/2025\/01\/86dae852-4673-11ee-9488-9a8186b9da64_green_parent__2_.jpg","width":1000,"height":563},{"@type":"BreadcrumbList","@id":"https:\/\/www.szexshopbelvaros.com\/termek\/green-snake-first-potencianovelo-4-db-kapszula-doboz\/#breadcrumb","itemListElement":[{"@type":"ListItem","position":1,"name":"Home","item":"https:\/\/www.szexshopbelvaros.com\/"},{"@type":"ListItem","position":2,"name":"\u00c1ruh\u00e1z","item":"https:\/\/www.szexshopbelvaros.com\/uzlet\/"},{"@type":"ListItem","position":3,"name":"Green Snake First potencian\u00f6vel\u0151 &#8211; 4 db. kapszula\/ doboz"}]},{"@type":"WebSite","@id":"https:\/\/www.szexshopbelvaros.com\/#website","url":"https:\/\/www.szexshopbelvaros.com\/","name":"at our Szexshop Belv\u00e1ros","description":"\ud83d\udd25 Sex is like money; only too much is enough!\u2122 Secrets from the city center \ud83d\udc8b | Secrets from Budapest \ud83d\udc8e Adult games \u2022 Erotica \u2022 Sex shop Belvaros","publisher":{"@id":"https:\/\/www.szexshopbelvaros.com\/#organization"},"potentialAction":[{"@type":"SearchAction","target":{"@type":"EntryPoint","urlTemplate":"https:\/\/www.szexshopbelvaros.com\/?s={search_term_string}"},"query-input":{"@type":"PropertyValueSpecification","valueRequired":true,"valueName":"search_term_string"}}],"inLanguage":"en-US"},{"@type":"Organization","@id":"https:\/\/www.szexshopbelvaros.com\/#organization","name":"at our Szexshop Belv\u00e1ros","alternateName":"szexshopbelvaros.com","url":"https:\/\/www.szexshopbelvaros.com\/","logo":{"@type":"ImageObject","inLanguage":"en-US","@id":"https:\/\/www.szexshopbelvaros.com\/#\/schema\/logo\/image\/","url":"https:\/\/www.szexshopbelvaros.com\/wp-content\/uploads\/2025\/09\/1Szexshopbelvaroslogo_blurred_stronger.jpg","contentUrl":"https:\/\/www.szexshopbelvaros.com\/wp-content\/uploads\/2025\/09\/1Szexshopbelvaroslogo_blurred_stronger.jpg","width":1024,"height":1024,"caption":"Szexshop Belv\u00e1ros"},"image":{"@id":"https:\/\/www.szexshopbelvaros.com\/#\/schema\/logo\/image\/"},"sameAs":["https:\/\/www.facebook.com\/belvarossecrets\/","https:\/\/x.com\/belvarossecrets","https:\/\/www.instagram.com\/belvarossecrets\/","https:\/\/www.tiktok.com\/@belvarossecrets"]}]}},"_links":{"self":[{"href":"https:\/\/www.szexshopbelvaros.com\/en\/wp-json\/wp\/v2\/product\/172","targetHints":{"allow":["GET"]}}],"collection":[{"href":"https:\/\/www.szexshopbelvaros.com\/en\/wp-json\/wp\/v2\/product"}],"about":[{"href":"https:\/\/www.szexshopbelvaros.com\/en\/wp-json\/wp\/v2\/types\/product"}],"replies":[{"embeddable":true,"href":"https:\/\/www.szexshopbelvaros.com\/en\/wp-json\/wp\/v2\/comments?post=172"}],"wp:featuredmedia":[{"embeddable":true,"href":"https:\/\/www.szexshopbelvaros.com\/en\/wp-json\/wp\/v2\/media\/173"}],"wp:attachment":[{"href":"https:\/\/www.szexshopbelvaros.com\/en\/wp-json\/wp\/v2\/media?parent=172"}],"wp:term":[{"taxonomy":"product_brand","embeddable":true,"href":"https:\/\/www.szexshopbelvaros.com\/en\/wp-json\/wp\/v2\/product_brand?post=172"},{"taxonomy":"product_cat","embeddable":true,"href":"https:\/\/www.szexshopbelvaros.com\/en\/wp-json\/wp\/v2\/product_cat?post=172"},{"taxonomy":"product_tag","embeddable":true,"href":"https:\/\/www.szexshopbelvaros.com\/en\/wp-json\/wp\/v2\/product_tag?post=172"}],"curies":[{"name":"wp","href":"https:\/\/api.w.org\/{rel}","templated":true}]}}