{"id":1787,"date":"2025-08-07T16:24:14","date_gmt":"2025-08-07T14:24:14","guid":{"rendered":"https:\/\/www.szexshopbelvaros.com\/?post_type=product&#038;p=1787"},"modified":"2026-04-10T14:00:30","modified_gmt":"2026-04-10T12:00:30","slug":"%f0%9f%a9%b2-evike-2-napos-szimfoniaja-hasznalt-bugyi","status":"publish","type":"product","link":"https:\/\/www.szexshopbelvaros.com\/en\/product\/%f0%9f%a9%b2-evike-2-napos-szimfoniaja-hasznalt-bugyi\/","title":{"rendered":"\ud83c\udfbb \u00c9vike&#039;s 2-day symphony \u2013 \u00c9vike&#039;s Used Panties"},"content":{"rendered":"<p data-start=\"1781\" data-end=\"1960\">\u00c9vike&#039;s 2-day symphony \u2013 \u00c9vike&#039;s used panties (freshly closed) \ud83d\udc43\ud83d\udca6 Limited edition \u2013 exclusively available at www.ssexshopbelvaros.com! \u00c9vike&#039;s used panties are a real favorite of fetish fans.<\/p>\n<p>Barbiboy may be the femme favorite, but now \u00c9vike (22) is on the scene \u2013 and her panties have been collecting the finest scents for two whole days. These used panties were first worn to work a long day, ran around the city with them, sweated on deliveries, and then fell asleep with them \u2013 tired, without a shower. The second day was just doing nothing in pajamas: stretching, rolling around on the couch, having a snack\u2026 and every movement spread a new layer of scent onto the fabric. She didn\u2019t replace them, she didn\u2019t wash them \u2013 she just took them off, took a picture, and sealed them immediately. So that the scent stays where it belongs. This used women\u2019s underwear is not fake. It\u2019s real. It\u2019s \u00c9vike. And you can only find it here \u2013 in Hungary, exclusively at www.szexshopbelvaros.com!<\/p>\n<p>\ud83d\udca8 A fragrance for fetish fans, panty fetishists and those who like underwear to have a story. Check out more of \u00c9vike&#039;s pieces at <a class=\"decorated-link cursor-pointer\" href=\"https:\/\/www.szexshopbelvaros.com\/en\/product-category\/bugyi-fetis\/\" target=\"_new\" rel=\"noopener\" data-start=\"1029\" data-end=\"1111\">In the Panties Fetish category!<\/a><\/p>\n<p>\ud83d\udce9 Do you have any questions or requests? Write to: info@szexshopbelvaros.com<\/p>","protected":false},"excerpt":{"rendered":"<p>\u00c9vike 2 napos szimf\u00f3ni\u00e1ja \u2013 \u00c9vike haszn\u00e1lt bugyi (frissen lez\u00e1rva) \ud83d\udc43\ud83d\udca6 Limit\u00e1lt kiad\u00e1s \u2013 kiz\u00e1r\u00f3lag a www.szexshopbelvaros.com k\u00edn\u00e1lat\u00e1ban! Az \u00c9vike haszn\u00e1lt bugyi ja f\u00e9tisrajong\u00f3k igazi kedvence. Barbiboy lehet a femme kedvenc, de most \u00c9vike (22) a porondon \u2013 \u00e9s a bugyija k\u00e9t teljes napon \u00e1t gy\u0171jt\u00f6tte a legfinomabb illatjegyeket. Ez a haszn\u00e1lt bugyi el\u0151sz\u00f6r vele [&#8230;]\n","protected":false},"featured_media":1922,"comment_status":"open","ping_status":"closed","template":"","meta":[],"product_brand":[],"product_cat":[209,210],"product_tag":[215,1677,1683,746,1679,216,748,1385,1655,744,1678,252,738,1680,1386,222,1661],"class_list":{"0":"post-1787","1":"product","2":"type-product","3":"status-publish","4":"has-post-thumbnail","6":"product_cat-bugyi-fetis","7":"product_cat-evike","8":"product_tag-bugyi-fetis","9":"product_tag-cute-fetish","10":"product_tag-extended-wear","11":"product_tag-fetish-clothing","12":"product_tag-girly-underwear","13":"product_tag-hasznalt-bugyi","14":"product_tag-illat-fetis","15":"product_tag-intim-fetis","16":"product_tag-natural-scent","17":"product_tag-personal-scent","18":"product_tag-playful-wear","19":"product_tag-scent-fetish","20":"product_tag-soft-fetish","21":"product_tag-sweet-fetish","22":"product_tag-szemelyes-targy","23":"product_tag-used-panties","24":"product_tag-worn-panties","26":"first","27":"instock","28":"taxable","29":"shipping-taxable","30":"purchasable","31":"product-type-simple"},"yoast_head":"<!-- This site is optimized with the Yoast SEO plugin v27.4 - https:\/\/yoast.com\/product\/yoast-seo-wordpress\/ -->\n<title>\ud83c\udfbb \u00c9vike 2 napos szimf\u00f3ni\u00e1ja - \u00c9vike Haszn\u00e1lt Bugyi - Szexshop Belvaros Haszn\u00e1lt bugyi<\/title>\n<meta name=\"description\" content=\"\u00c9vike haszn\u00e1lt bugyi \u2013 22 \u00e9ves istenn\u0151nk 2 napig viselt feh\u00e9rnem\u0171je. V\u00e1kuumcsomagolva, diszkr\u00e9t csomagol\u00e1s, gyors EU-s sz\u00e1ll\u00edt\u00e1s.\" \/>\n<meta name=\"robots\" content=\"index, follow, max-snippet:-1, max-image-preview:large, max-video-preview:-1\" \/>\n<link rel=\"canonical\" href=\"https:\/\/www.szexshopbelvaros.com\/en\/product\/\ud83e\ude72-evike-2-napos-szimfoniaja-hasznalt-bugyi\/\" \/>\n<meta property=\"og:locale\" content=\"en_US\" \/>\n<meta property=\"og:type\" content=\"article\" \/>\n<meta property=\"og:title\" content=\"\ud83c\udfbb \u00c9vike 2 napos szimf\u00f3ni\u00e1ja - \u00c9vike Haszn\u00e1lt Bugyi - Szexshop Belvaros Haszn\u00e1lt bugyi\" \/>\n<meta property=\"og:description\" content=\"\u00c9vike haszn\u00e1lt bugyi \u2013 22 \u00e9ves istenn\u0151nk 2 napig viselt feh\u00e9rnem\u0171je. V\u00e1kuumcsomagolva, diszkr\u00e9t csomagol\u00e1s, gyors EU-s sz\u00e1ll\u00edt\u00e1s.\" \/>\n<meta property=\"og:url\" content=\"https:\/\/www.szexshopbelvaros.com\/en\/product\/\ud83e\ude72-evike-2-napos-szimfoniaja-hasznalt-bugyi\/\" \/>\n<meta property=\"og:site_name\" content=\"Szexshop Belvaros\" \/>\n<meta property=\"article:publisher\" content=\"https:\/\/www.facebook.com\/belvarossecrets\/\" \/>\n<meta property=\"article:modified_time\" content=\"2026-04-10T12:00:30+00:00\" \/>\n<meta property=\"og:image\" content=\"https:\/\/www.szexshopbelvaros.com\/wp-content\/uploads\/2025\/08\/Screenshot-2025-08-07-at-16.11.01-1.png\" \/>\n\t<meta property=\"og:image:width\" content=\"800\" \/>\n\t<meta property=\"og:image:height\" content=\"1308\" \/>\n\t<meta property=\"og:image:type\" content=\"image\/png\" \/>\n<meta name=\"twitter:card\" content=\"summary_large_image\" \/>\n<meta name=\"twitter:site\" content=\"@belvarossecrets\" \/>\n<meta name=\"twitter:label1\" content=\"Est. reading time\" \/>\n\t<meta name=\"twitter:data1\" content=\"2 minutes\" \/>\n<script type=\"application\/ld+json\" class=\"yoast-schema-graph\">{\"@context\":\"https:\\\/\\\/schema.org\",\"@graph\":[{\"@type\":\"WebPage\",\"@id\":\"https:\\\/\\\/www.szexshopbelvaros.com\\\/termek\\\/%f0%9f%a9%b2-evike-2-napos-szimfoniaja-hasznalt-bugyi\\\/\",\"url\":\"https:\\\/\\\/www.szexshopbelvaros.com\\\/termek\\\/%f0%9f%a9%b2-evike-2-napos-szimfoniaja-hasznalt-bugyi\\\/\",\"name\":\"\ud83c\udfbb \u00c9vike 2 napos szimf\u00f3ni\u00e1ja - \u00c9vike Haszn\u00e1lt Bugyi - Szexshop Belvaros Haszn\u00e1lt bugyi\",\"isPartOf\":{\"@id\":\"https:\\\/\\\/www.szexshopbelvaros.com\\\/#website\"},\"primaryImageOfPage\":{\"@id\":\"https:\\\/\\\/www.szexshopbelvaros.com\\\/termek\\\/%f0%9f%a9%b2-evike-2-napos-szimfoniaja-hasznalt-bugyi\\\/#primaryimage\"},\"image\":{\"@id\":\"https:\\\/\\\/www.szexshopbelvaros.com\\\/termek\\\/%f0%9f%a9%b2-evike-2-napos-szimfoniaja-hasznalt-bugyi\\\/#primaryimage\"},\"thumbnailUrl\":\"https:\\\/\\\/www.szexshopbelvaros.com\\\/wp-content\\\/uploads\\\/2025\\\/08\\\/Screenshot-2025-08-07-at-16.11.01-1.png\",\"datePublished\":\"2025-08-07T14:24:14+00:00\",\"dateModified\":\"2026-04-10T12:00:30+00:00\",\"description\":\"\u00c9vike haszn\u00e1lt bugyi \u2013 22 \u00e9ves istenn\u0151nk 2 napig viselt feh\u00e9rnem\u0171je. V\u00e1kuumcsomagolva, diszkr\u00e9t csomagol\u00e1s, gyors EU-s sz\u00e1ll\u00edt\u00e1s.\",\"breadcrumb\":{\"@id\":\"https:\\\/\\\/www.szexshopbelvaros.com\\\/termek\\\/%f0%9f%a9%b2-evike-2-napos-szimfoniaja-hasznalt-bugyi\\\/#breadcrumb\"},\"inLanguage\":\"en-US\",\"potentialAction\":[{\"@type\":\"ReadAction\",\"target\":[\"https:\\\/\\\/www.szexshopbelvaros.com\\\/termek\\\/%f0%9f%a9%b2-evike-2-napos-szimfoniaja-hasznalt-bugyi\\\/\"]}]},{\"@type\":\"ImageObject\",\"inLanguage\":\"en-US\",\"@id\":\"https:\\\/\\\/www.szexshopbelvaros.com\\\/termek\\\/%f0%9f%a9%b2-evike-2-napos-szimfoniaja-hasznalt-bugyi\\\/#primaryimage\",\"url\":\"https:\\\/\\\/www.szexshopbelvaros.com\\\/wp-content\\\/uploads\\\/2025\\\/08\\\/Screenshot-2025-08-07-at-16.11.01-1.png\",\"contentUrl\":\"https:\\\/\\\/www.szexshopbelvaros.com\\\/wp-content\\\/uploads\\\/2025\\\/08\\\/Screenshot-2025-08-07-at-16.11.01-1.png\",\"width\":800,\"height\":1308,\"caption\":\"\u00c9vike haszn\u00e1lt bugyi \u2013 22 \u00e9ves kis h\u00e1zi istenn\u0151 k\u00e9t napig viselt feh\u00e9rnem\u0171je, azonnal lez\u00e1rva f\u00e9tis rajong\u00f3knak, \u00c9vike worn panties \u2013 22-year-old home goddess\u2019s authentic used underwear worn for two days, sealed for fetish fans\"},{\"@type\":\"BreadcrumbList\",\"@id\":\"https:\\\/\\\/www.szexshopbelvaros.com\\\/termek\\\/%f0%9f%a9%b2-evike-2-napos-szimfoniaja-hasznalt-bugyi\\\/#breadcrumb\",\"itemListElement\":[{\"@type\":\"ListItem\",\"position\":1,\"name\":\"Home\",\"item\":\"https:\\\/\\\/www.szexshopbelvaros.com\\\/\"},{\"@type\":\"ListItem\",\"position\":2,\"name\":\"\u00c1ruh\u00e1z\",\"item\":\"https:\\\/\\\/www.szexshopbelvaros.com\\\/uzlet\\\/\"},{\"@type\":\"ListItem\",\"position\":3,\"name\":\"\ud83c\udfbb \u00c9vike 2 napos szimf\u00f3ni\u00e1ja &#8211; \u00c9vike Haszn\u00e1lt Bugyi\"}]},{\"@type\":\"WebSite\",\"@id\":\"https:\\\/\\\/www.szexshopbelvaros.com\\\/#website\",\"url\":\"https:\\\/\\\/www.szexshopbelvaros.com\\\/\",\"name\":\"Szexshop Belv\u00e1ros\",\"description\":\"\ud83d\udd25 A szex olyan, mint a p\u00e9nz; csak a t\u00fal sok el\u00e9g!\u2122 Titkok a belv\u00e1rosb\u00f3l \ud83d\udc8b | Secrets from Budapest \ud83d\udc8e Feln\u0151tt j\u00e1t\u00e9kok \u2022 Erotika \u2022 Szexshop Belvaros\",\"publisher\":{\"@id\":\"https:\\\/\\\/www.szexshopbelvaros.com\\\/#organization\"},\"potentialAction\":[{\"@type\":\"SearchAction\",\"target\":{\"@type\":\"EntryPoint\",\"urlTemplate\":\"https:\\\/\\\/www.szexshopbelvaros.com\\\/?s={search_term_string}\"},\"query-input\":{\"@type\":\"PropertyValueSpecification\",\"valueRequired\":true,\"valueName\":\"search_term_string\"}}],\"inLanguage\":\"en-US\"},{\"@type\":\"Organization\",\"@id\":\"https:\\\/\\\/www.szexshopbelvaros.com\\\/#organization\",\"name\":\"Szexshop Belv\u00e1ros\",\"alternateName\":\"szexshopbelvaros.com\",\"url\":\"https:\\\/\\\/www.szexshopbelvaros.com\\\/\",\"logo\":{\"@type\":\"ImageObject\",\"inLanguage\":\"en-US\",\"@id\":\"https:\\\/\\\/www.szexshopbelvaros.com\\\/#\\\/schema\\\/logo\\\/image\\\/\",\"url\":\"https:\\\/\\\/www.szexshopbelvaros.com\\\/wp-content\\\/uploads\\\/2025\\\/09\\\/1Szexshopbelvaroslogo_blurred_stronger.jpg\",\"contentUrl\":\"https:\\\/\\\/www.szexshopbelvaros.com\\\/wp-content\\\/uploads\\\/2025\\\/09\\\/1Szexshopbelvaroslogo_blurred_stronger.jpg\",\"width\":1024,\"height\":1024,\"caption\":\"Szexshop Belv\u00e1ros\"},\"image\":{\"@id\":\"https:\\\/\\\/www.szexshopbelvaros.com\\\/#\\\/schema\\\/logo\\\/image\\\/\"},\"sameAs\":[\"https:\\\/\\\/www.facebook.com\\\/belvarossecrets\\\/\",\"https:\\\/\\\/x.com\\\/belvarossecrets\",\"https:\\\/\\\/www.instagram.com\\\/belvarossecrets\\\/\",\"https:\\\/\\\/www.tiktok.com\\\/@belvarossecrets\"]}]}<\/script>\n<!-- \/ Yoast SEO plugin. -->","yoast_head_json":{"title":"\ud83c\udfbb \u00c9vike&#039;s 2-day symphony - \u00c9vike Used Panties - Sexshop Belvaros Used panties","description":"\u00c9vike&#039;s used panties - underwear worn by our 22-year-old goddess for 2 days. Vacuum-packed, discreet packaging, fast EU delivery.","robots":{"index":"index","follow":"follow","max-snippet":"max-snippet:-1","max-image-preview":"max-image-preview:large","max-video-preview":"max-video-preview:-1"},"canonical":"https:\/\/www.szexshopbelvaros.com\/en\/product\/\ud83e\ude72-evike-2-napos-szimfoniaja-hasznalt-bugyi\/","og_locale":"en_US","og_type":"article","og_title":"\ud83c\udfbb \u00c9vike 2 napos szimf\u00f3ni\u00e1ja - \u00c9vike Haszn\u00e1lt Bugyi - Szexshop Belvaros Haszn\u00e1lt bugyi","og_description":"\u00c9vike haszn\u00e1lt bugyi \u2013 22 \u00e9ves istenn\u0151nk 2 napig viselt feh\u00e9rnem\u0171je. V\u00e1kuumcsomagolva, diszkr\u00e9t csomagol\u00e1s, gyors EU-s sz\u00e1ll\u00edt\u00e1s.","og_url":"https:\/\/www.szexshopbelvaros.com\/en\/product\/\ud83e\ude72-evike-2-napos-szimfoniaja-hasznalt-bugyi\/","og_site_name":"Szexshop Belvaros","article_publisher":"https:\/\/www.facebook.com\/belvarossecrets\/","article_modified_time":"2026-04-10T12:00:30+00:00","og_image":[{"width":800,"height":1308,"url":"https:\/\/www.szexshopbelvaros.com\/wp-content\/uploads\/2025\/08\/Screenshot-2025-08-07-at-16.11.01-1.png","type":"image\/png"}],"twitter_card":"summary_large_image","twitter_site":"@belvarossecrets","twitter_misc":{"Est. reading time":"2 minutes"},"schema":{"@context":"https:\/\/schema.org","@graph":[{"@type":"WebPage","@id":"https:\/\/www.szexshopbelvaros.com\/termek\/%f0%9f%a9%b2-evike-2-napos-szimfoniaja-hasznalt-bugyi\/","url":"https:\/\/www.szexshopbelvaros.com\/termek\/%f0%9f%a9%b2-evike-2-napos-szimfoniaja-hasznalt-bugyi\/","name":"\ud83c\udfbb \u00c9vike&#039;s 2-day symphony - \u00c9vike Used Panties - Sexshop Belvaros Used panties","isPartOf":{"@id":"https:\/\/www.szexshopbelvaros.com\/#website"},"primaryImageOfPage":{"@id":"https:\/\/www.szexshopbelvaros.com\/termek\/%f0%9f%a9%b2-evike-2-napos-szimfoniaja-hasznalt-bugyi\/#primaryimage"},"image":{"@id":"https:\/\/www.szexshopbelvaros.com\/termek\/%f0%9f%a9%b2-evike-2-napos-szimfoniaja-hasznalt-bugyi\/#primaryimage"},"thumbnailUrl":"https:\/\/www.szexshopbelvaros.com\/wp-content\/uploads\/2025\/08\/Screenshot-2025-08-07-at-16.11.01-1.png","datePublished":"2025-08-07T14:24:14+00:00","dateModified":"2026-04-10T12:00:30+00:00","description":"\u00c9vike&#039;s used panties - underwear worn by our 22-year-old goddess for 2 days. Vacuum-packed, discreet packaging, fast EU delivery.","breadcrumb":{"@id":"https:\/\/www.szexshopbelvaros.com\/termek\/%f0%9f%a9%b2-evike-2-napos-szimfoniaja-hasznalt-bugyi\/#breadcrumb"},"inLanguage":"en-US","potentialAction":[{"@type":"ReadAction","target":["https:\/\/www.szexshopbelvaros.com\/termek\/%f0%9f%a9%b2-evike-2-napos-szimfoniaja-hasznalt-bugyi\/"]}]},{"@type":"ImageObject","inLanguage":"en-US","@id":"https:\/\/www.szexshopbelvaros.com\/termek\/%f0%9f%a9%b2-evike-2-napos-szimfoniaja-hasznalt-bugyi\/#primaryimage","url":"https:\/\/www.szexshopbelvaros.com\/wp-content\/uploads\/2025\/08\/Screenshot-2025-08-07-at-16.11.01-1.png","contentUrl":"https:\/\/www.szexshopbelvaros.com\/wp-content\/uploads\/2025\/08\/Screenshot-2025-08-07-at-16.11.01-1.png","width":800,"height":1308,"caption":"\u00c9vike haszn\u00e1lt bugyi \u2013 22 \u00e9ves kis h\u00e1zi istenn\u0151 k\u00e9t napig viselt feh\u00e9rnem\u0171je, azonnal lez\u00e1rva f\u00e9tis rajong\u00f3knak, \u00c9vike worn panties \u2013 22-year-old home goddess\u2019s authentic used underwear worn for two days, sealed for fetish fans"},{"@type":"BreadcrumbList","@id":"https:\/\/www.szexshopbelvaros.com\/termek\/%f0%9f%a9%b2-evike-2-napos-szimfoniaja-hasznalt-bugyi\/#breadcrumb","itemListElement":[{"@type":"ListItem","position":1,"name":"Home","item":"https:\/\/www.szexshopbelvaros.com\/"},{"@type":"ListItem","position":2,"name":"\u00c1ruh\u00e1z","item":"https:\/\/www.szexshopbelvaros.com\/uzlet\/"},{"@type":"ListItem","position":3,"name":"\ud83c\udfbb \u00c9vike 2 napos szimf\u00f3ni\u00e1ja &#8211; \u00c9vike Haszn\u00e1lt Bugyi"}]},{"@type":"WebSite","@id":"https:\/\/www.szexshopbelvaros.com\/#website","url":"https:\/\/www.szexshopbelvaros.com\/","name":"at our Szexshop Belv\u00e1ros","description":"\ud83d\udd25 Sex is like money; only too much is enough!\u2122 Secrets from the city center \ud83d\udc8b | Secrets from Budapest \ud83d\udc8e Adult games \u2022 Erotica \u2022 Sex shop Belvaros","publisher":{"@id":"https:\/\/www.szexshopbelvaros.com\/#organization"},"potentialAction":[{"@type":"SearchAction","target":{"@type":"EntryPoint","urlTemplate":"https:\/\/www.szexshopbelvaros.com\/?s={search_term_string}"},"query-input":{"@type":"PropertyValueSpecification","valueRequired":true,"valueName":"search_term_string"}}],"inLanguage":"en-US"},{"@type":"Organization","@id":"https:\/\/www.szexshopbelvaros.com\/#organization","name":"at our Szexshop Belv\u00e1ros","alternateName":"szexshopbelvaros.com","url":"https:\/\/www.szexshopbelvaros.com\/","logo":{"@type":"ImageObject","inLanguage":"en-US","@id":"https:\/\/www.szexshopbelvaros.com\/#\/schema\/logo\/image\/","url":"https:\/\/www.szexshopbelvaros.com\/wp-content\/uploads\/2025\/09\/1Szexshopbelvaroslogo_blurred_stronger.jpg","contentUrl":"https:\/\/www.szexshopbelvaros.com\/wp-content\/uploads\/2025\/09\/1Szexshopbelvaroslogo_blurred_stronger.jpg","width":1024,"height":1024,"caption":"Szexshop Belv\u00e1ros"},"image":{"@id":"https:\/\/www.szexshopbelvaros.com\/#\/schema\/logo\/image\/"},"sameAs":["https:\/\/www.facebook.com\/belvarossecrets\/","https:\/\/x.com\/belvarossecrets","https:\/\/www.instagram.com\/belvarossecrets\/","https:\/\/www.tiktok.com\/@belvarossecrets"]}]}},"_links":{"self":[{"href":"https:\/\/www.szexshopbelvaros.com\/en\/wp-json\/wp\/v2\/product\/1787","targetHints":{"allow":["GET"]}}],"collection":[{"href":"https:\/\/www.szexshopbelvaros.com\/en\/wp-json\/wp\/v2\/product"}],"about":[{"href":"https:\/\/www.szexshopbelvaros.com\/en\/wp-json\/wp\/v2\/types\/product"}],"replies":[{"embeddable":true,"href":"https:\/\/www.szexshopbelvaros.com\/en\/wp-json\/wp\/v2\/comments?post=1787"}],"wp:featuredmedia":[{"embeddable":true,"href":"https:\/\/www.szexshopbelvaros.com\/en\/wp-json\/wp\/v2\/media\/1922"}],"wp:attachment":[{"href":"https:\/\/www.szexshopbelvaros.com\/en\/wp-json\/wp\/v2\/media?parent=1787"}],"wp:term":[{"taxonomy":"product_brand","embeddable":true,"href":"https:\/\/www.szexshopbelvaros.com\/en\/wp-json\/wp\/v2\/product_brand?post=1787"},{"taxonomy":"product_cat","embeddable":true,"href":"https:\/\/www.szexshopbelvaros.com\/en\/wp-json\/wp\/v2\/product_cat?post=1787"},{"taxonomy":"product_tag","embeddable":true,"href":"https:\/\/www.szexshopbelvaros.com\/en\/wp-json\/wp\/v2\/product_tag?post=1787"}],"curies":[{"name":"wp","href":"https:\/\/api.w.org\/{rel}","templated":true}]}}