{"id":182,"date":"2025-01-31T14:35:32","date_gmt":"2025-01-31T13:35:32","guid":{"rendered":"https:\/\/www.szexshopbelvaros.com\/termek\/beaded-cockring-set-clear\/"},"modified":"2026-02-19T16:13:16","modified_gmt":"2026-02-19T15:13:16","slug":"beaded-cockring-set-clear","status":"publish","type":"product","link":"https:\/\/www.szexshopbelvaros.com\/en\/product\/beaded-cockring-set-clear\/","title":{"rendered":"Beaded Cockring Set. Clear"},"content":{"rendered":"<p>A 3-piece erotic set for men, designed to be placed on the penis, which helps the wearer maintain an erection. Its design makes it perfect for stimulating the nerve endings of the vaginal muscle during penetration. The three rings are of different sizes.<\/p>\n<p>Cleaning: Wash with warm soapy water and tool cleaner before and after each use. Water-based lubricant recommended.<\/p>\n<p>Diameter (cm) 3;3.2;3.5<br \/>\nColor Colorless<br \/>\nMaterial: TPE<br \/>\nSpecial feature waterproof<\/p>\n<p>&nbsp;<\/p>","protected":false},"excerpt":{"rendered":"<p>F\u00e9rfiaknak aj\u00e1nlott, p\u00e9niszre helyezhet\u0151, 3 darabb\u00f3l \u00e1ll\u00f3 erotikus k\u00e9szlet, mely el\u0151seg\u00edti mereved\u00e9s fenntart\u00e1s\u00e1t visel\u0151je sz\u00e1m\u00e1ra. Kialak\u00edt\u00e1sa r\u00e9v\u00e9n behatol\u00e1s k\u00f6zben a h\u00fcvely izom idegv\u00e9gz\u0151d\u00e9seinek stimul\u00e1l\u00e1s\u00e1ra is t\u00f6k\u00e9letesen alkalmas. A h\u00e1rom gy\u0171r\u0171 elt\u00e9r\u0151 m\u00e9ret\u0171. Tiszt\u00edt\u00e1sa : minden haszn\u00e1lat el\u0151tt \u00e9s minden haszn\u00e1lat ut\u00e1n langyos szappanos v\u00edzzel \u00e9s seg\u00e9deszk\u00f6z tiszt\u00edt\u00f3val kell lemosni. V\u00edzb\u00e1zis\u00fa s\u00edkos\u00edt\u00f3 javasolt. \u00c1tm\u00e9r\u0151 (cm) 3;3,2;3,5 [&#8230;]\n","protected":false},"featured_media":183,"comment_status":"closed","ping_status":"closed","template":"","meta":[],"product_brand":[],"product_cat":[68,147],"product_tag":[1857,1065,474,2166,2069,2068,1104,1855,2168,2167,573,1858,1856,2077,2175,2079,1051,548,2080,220,2176,2078],"class_list":{"0":"post-182","1":"product","2":"type-product","3":"status-publish","4":"has-post-thumbnail","6":"product_cat-ferfiaknak","7":"product_cat-peniszgyuru","8":"product_tag-adult-toy-for-men","9":"product_tag-cock-ring","10":"product_tag-erection-support","11":"product_tag-ferfi-elvezet","12":"product_tag-ferfi-felnott-jatek","13":"product_tag-ferfi-intim-jatek","14":"product_tag-ferfi-kiegeszito","15":"product_tag-ferfi-szexjatek","16":"product_tag-intimate-toy-for-men","17":"product_tag-male-adult-toy","18":"product_tag-male-sex-toy","19":"product_tag-mens-accessory","20":"product_tag-mens-pleasure","21":"product_tag-merevedes-segito","22":"product_tag-merevedes-tamogatas","23":"product_tag-penis-ring","24":"product_tag-penisz-gyuru","25":"product_tag-peniszgyuru","26":"product_tag-performance-ring","27":"product_tag-szexshop-belvaros","28":"product_tag-teljesitmeny-fokozas","29":"product_tag-teljesitmeny-gyuru","31":"first","32":"instock","33":"taxable","34":"shipping-taxable","35":"purchasable","36":"product-type-simple"},"yoast_head":"<!-- This site is optimized with the Yoast SEO plugin v27.4 - https:\/\/yoast.com\/product\/yoast-seo-wordpress\/ -->\n<title>Beaded Cockring Set. Clear - Szexshop Belvaros<\/title>\n<meta name=\"robots\" content=\"index, follow, max-snippet:-1, max-image-preview:large, max-video-preview:-1\" \/>\n<link rel=\"canonical\" href=\"https:\/\/www.szexshopbelvaros.com\/en\/product\/beaded-cockring-set-clear\/\" \/>\n<meta property=\"og:locale\" content=\"en_US\" \/>\n<meta property=\"og:type\" content=\"article\" \/>\n<meta property=\"og:title\" content=\"Beaded Cockring Set. Clear - Szexshop Belvaros\" \/>\n<meta property=\"og:description\" content=\"F\u00e9rfiaknak aj\u00e1nlott, p\u00e9niszre helyezhet\u0151, 3 darabb\u00f3l \u00e1ll\u00f3 erotikus k\u00e9szlet, mely el\u0151seg\u00edti mereved\u00e9s fenntart\u00e1s\u00e1t visel\u0151je sz\u00e1m\u00e1ra. Kialak\u00edt\u00e1sa r\u00e9v\u00e9n behatol\u00e1s k\u00f6zben a h\u00fcvely izom idegv\u00e9gz\u0151d\u00e9seinek stimul\u00e1l\u00e1s\u00e1ra is t\u00f6k\u00e9letesen alkalmas. A h\u00e1rom gy\u0171r\u0171 elt\u00e9r\u0151 m\u00e9ret\u0171. Tiszt\u00edt\u00e1sa : minden haszn\u00e1lat el\u0151tt \u00e9s minden haszn\u00e1lat ut\u00e1n langyos szappanos v\u00edzzel \u00e9s seg\u00e9deszk\u00f6z tiszt\u00edt\u00f3val kell lemosni. V\u00edzb\u00e1zis\u00fa s\u00edkos\u00edt\u00f3 javasolt. \u00c1tm\u00e9r\u0151 (cm) 3;3,2;3,5 [...]\" \/>\n<meta property=\"og:url\" content=\"https:\/\/www.szexshopbelvaros.com\/en\/product\/beaded-cockring-set-clear\/\" \/>\n<meta property=\"og:site_name\" content=\"Szexshop Belvaros\" \/>\n<meta property=\"article:publisher\" content=\"https:\/\/www.facebook.com\/belvarossecrets\/\" \/>\n<meta property=\"article:modified_time\" content=\"2026-02-19T15:13:16+00:00\" \/>\n<meta property=\"og:image\" content=\"https:\/\/www.szexshopbelvaros.com\/wp-content\/uploads\/2025\/01\/fdf55538-437c-11ef-bce8-8a9b1cd9e067_afqdw.jpg\" \/>\n\t<meta property=\"og:image:width\" content=\"1200\" \/>\n\t<meta property=\"og:image:height\" content=\"676\" \/>\n\t<meta property=\"og:image:type\" content=\"image\/jpeg\" \/>\n<meta name=\"twitter:card\" content=\"summary_large_image\" \/>\n<meta name=\"twitter:site\" content=\"@belvarossecrets\" \/>\n<meta name=\"twitter:label1\" content=\"Est. reading time\" \/>\n\t<meta name=\"twitter:data1\" content=\"1 minute\" \/>\n<script type=\"application\/ld+json\" class=\"yoast-schema-graph\">{\"@context\":\"https:\\\/\\\/schema.org\",\"@graph\":[{\"@type\":\"WebPage\",\"@id\":\"https:\\\/\\\/www.szexshopbelvaros.com\\\/termek\\\/beaded-cockring-set-clear\\\/\",\"url\":\"https:\\\/\\\/www.szexshopbelvaros.com\\\/termek\\\/beaded-cockring-set-clear\\\/\",\"name\":\"Beaded Cockring Set. Clear - Szexshop Belvaros\",\"isPartOf\":{\"@id\":\"https:\\\/\\\/www.szexshopbelvaros.com\\\/#website\"},\"primaryImageOfPage\":{\"@id\":\"https:\\\/\\\/www.szexshopbelvaros.com\\\/termek\\\/beaded-cockring-set-clear\\\/#primaryimage\"},\"image\":{\"@id\":\"https:\\\/\\\/www.szexshopbelvaros.com\\\/termek\\\/beaded-cockring-set-clear\\\/#primaryimage\"},\"thumbnailUrl\":\"https:\\\/\\\/www.szexshopbelvaros.com\\\/wp-content\\\/uploads\\\/2025\\\/01\\\/fdf55538-437c-11ef-bce8-8a9b1cd9e067_afqdw.jpg\",\"datePublished\":\"2025-01-31T13:35:32+00:00\",\"dateModified\":\"2026-02-19T15:13:16+00:00\",\"breadcrumb\":{\"@id\":\"https:\\\/\\\/www.szexshopbelvaros.com\\\/termek\\\/beaded-cockring-set-clear\\\/#breadcrumb\"},\"inLanguage\":\"en-US\",\"potentialAction\":[{\"@type\":\"ReadAction\",\"target\":[\"https:\\\/\\\/www.szexshopbelvaros.com\\\/termek\\\/beaded-cockring-set-clear\\\/\"]}]},{\"@type\":\"ImageObject\",\"inLanguage\":\"en-US\",\"@id\":\"https:\\\/\\\/www.szexshopbelvaros.com\\\/termek\\\/beaded-cockring-set-clear\\\/#primaryimage\",\"url\":\"https:\\\/\\\/www.szexshopbelvaros.com\\\/wp-content\\\/uploads\\\/2025\\\/01\\\/fdf55538-437c-11ef-bce8-8a9b1cd9e067_afqdw.jpg\",\"contentUrl\":\"https:\\\/\\\/www.szexshopbelvaros.com\\\/wp-content\\\/uploads\\\/2025\\\/01\\\/fdf55538-437c-11ef-bce8-8a9b1cd9e067_afqdw.jpg\",\"width\":1200,\"height\":676},{\"@type\":\"BreadcrumbList\",\"@id\":\"https:\\\/\\\/www.szexshopbelvaros.com\\\/termek\\\/beaded-cockring-set-clear\\\/#breadcrumb\",\"itemListElement\":[{\"@type\":\"ListItem\",\"position\":1,\"name\":\"Home\",\"item\":\"https:\\\/\\\/www.szexshopbelvaros.com\\\/\"},{\"@type\":\"ListItem\",\"position\":2,\"name\":\"\u00c1ruh\u00e1z\",\"item\":\"https:\\\/\\\/www.szexshopbelvaros.com\\\/uzlet\\\/\"},{\"@type\":\"ListItem\",\"position\":3,\"name\":\"Beaded Cockring Set. Clear\"}]},{\"@type\":\"WebSite\",\"@id\":\"https:\\\/\\\/www.szexshopbelvaros.com\\\/#website\",\"url\":\"https:\\\/\\\/www.szexshopbelvaros.com\\\/\",\"name\":\"Szexshop Belv\u00e1ros\",\"description\":\"\ud83d\udd25 A szex olyan, mint a p\u00e9nz; csak a t\u00fal sok el\u00e9g!\u2122 Titkok a belv\u00e1rosb\u00f3l \ud83d\udc8b | Secrets from Budapest \ud83d\udc8e Feln\u0151tt j\u00e1t\u00e9kok \u2022 Erotika \u2022 Szexshop Belvaros\",\"publisher\":{\"@id\":\"https:\\\/\\\/www.szexshopbelvaros.com\\\/#organization\"},\"potentialAction\":[{\"@type\":\"SearchAction\",\"target\":{\"@type\":\"EntryPoint\",\"urlTemplate\":\"https:\\\/\\\/www.szexshopbelvaros.com\\\/?s={search_term_string}\"},\"query-input\":{\"@type\":\"PropertyValueSpecification\",\"valueRequired\":true,\"valueName\":\"search_term_string\"}}],\"inLanguage\":\"en-US\"},{\"@type\":\"Organization\",\"@id\":\"https:\\\/\\\/www.szexshopbelvaros.com\\\/#organization\",\"name\":\"Szexshop Belv\u00e1ros\",\"alternateName\":\"szexshopbelvaros.com\",\"url\":\"https:\\\/\\\/www.szexshopbelvaros.com\\\/\",\"logo\":{\"@type\":\"ImageObject\",\"inLanguage\":\"en-US\",\"@id\":\"https:\\\/\\\/www.szexshopbelvaros.com\\\/#\\\/schema\\\/logo\\\/image\\\/\",\"url\":\"https:\\\/\\\/www.szexshopbelvaros.com\\\/wp-content\\\/uploads\\\/2025\\\/09\\\/1Szexshopbelvaroslogo_blurred_stronger.jpg\",\"contentUrl\":\"https:\\\/\\\/www.szexshopbelvaros.com\\\/wp-content\\\/uploads\\\/2025\\\/09\\\/1Szexshopbelvaroslogo_blurred_stronger.jpg\",\"width\":1024,\"height\":1024,\"caption\":\"Szexshop Belv\u00e1ros\"},\"image\":{\"@id\":\"https:\\\/\\\/www.szexshopbelvaros.com\\\/#\\\/schema\\\/logo\\\/image\\\/\"},\"sameAs\":[\"https:\\\/\\\/www.facebook.com\\\/belvarossecrets\\\/\",\"https:\\\/\\\/x.com\\\/belvarossecrets\",\"https:\\\/\\\/www.instagram.com\\\/belvarossecrets\\\/\",\"https:\\\/\\\/www.tiktok.com\\\/@belvarossecrets\"]}]}<\/script>\n<!-- \/ Yoast SEO plugin. -->","yoast_head_json":{"title":"Beaded Cockring Set. Clear - Sexshop Belvaros","robots":{"index":"index","follow":"follow","max-snippet":"max-snippet:-1","max-image-preview":"max-image-preview:large","max-video-preview":"max-video-preview:-1"},"canonical":"https:\/\/www.szexshopbelvaros.com\/en\/product\/beaded-cockring-set-clear\/","og_locale":"en_US","og_type":"article","og_title":"Beaded Cockring Set. Clear - Szexshop Belvaros","og_description":"F\u00e9rfiaknak aj\u00e1nlott, p\u00e9niszre helyezhet\u0151, 3 darabb\u00f3l \u00e1ll\u00f3 erotikus k\u00e9szlet, mely el\u0151seg\u00edti mereved\u00e9s fenntart\u00e1s\u00e1t visel\u0151je sz\u00e1m\u00e1ra. Kialak\u00edt\u00e1sa r\u00e9v\u00e9n behatol\u00e1s k\u00f6zben a h\u00fcvely izom idegv\u00e9gz\u0151d\u00e9seinek stimul\u00e1l\u00e1s\u00e1ra is t\u00f6k\u00e9letesen alkalmas. A h\u00e1rom gy\u0171r\u0171 elt\u00e9r\u0151 m\u00e9ret\u0171. Tiszt\u00edt\u00e1sa : minden haszn\u00e1lat el\u0151tt \u00e9s minden haszn\u00e1lat ut\u00e1n langyos szappanos v\u00edzzel \u00e9s seg\u00e9deszk\u00f6z tiszt\u00edt\u00f3val kell lemosni. V\u00edzb\u00e1zis\u00fa s\u00edkos\u00edt\u00f3 javasolt. \u00c1tm\u00e9r\u0151 (cm) 3;3,2;3,5 [...]","og_url":"https:\/\/www.szexshopbelvaros.com\/en\/product\/beaded-cockring-set-clear\/","og_site_name":"Szexshop Belvaros","article_publisher":"https:\/\/www.facebook.com\/belvarossecrets\/","article_modified_time":"2026-02-19T15:13:16+00:00","og_image":[{"width":1200,"height":676,"url":"https:\/\/www.szexshopbelvaros.com\/wp-content\/uploads\/2025\/01\/fdf55538-437c-11ef-bce8-8a9b1cd9e067_afqdw.jpg","type":"image\/jpeg"}],"twitter_card":"summary_large_image","twitter_site":"@belvarossecrets","twitter_misc":{"Est. reading time":"1 minute"},"schema":{"@context":"https:\/\/schema.org","@graph":[{"@type":"WebPage","@id":"https:\/\/www.szexshopbelvaros.com\/termek\/beaded-cockring-set-clear\/","url":"https:\/\/www.szexshopbelvaros.com\/termek\/beaded-cockring-set-clear\/","name":"Beaded Cockring Set. Clear - Sexshop Belvaros","isPartOf":{"@id":"https:\/\/www.szexshopbelvaros.com\/#website"},"primaryImageOfPage":{"@id":"https:\/\/www.szexshopbelvaros.com\/termek\/beaded-cockring-set-clear\/#primaryimage"},"image":{"@id":"https:\/\/www.szexshopbelvaros.com\/termek\/beaded-cockring-set-clear\/#primaryimage"},"thumbnailUrl":"https:\/\/www.szexshopbelvaros.com\/wp-content\/uploads\/2025\/01\/fdf55538-437c-11ef-bce8-8a9b1cd9e067_afqdw.jpg","datePublished":"2025-01-31T13:35:32+00:00","dateModified":"2026-02-19T15:13:16+00:00","breadcrumb":{"@id":"https:\/\/www.szexshopbelvaros.com\/termek\/beaded-cockring-set-clear\/#breadcrumb"},"inLanguage":"en-US","potentialAction":[{"@type":"ReadAction","target":["https:\/\/www.szexshopbelvaros.com\/termek\/beaded-cockring-set-clear\/"]}]},{"@type":"ImageObject","inLanguage":"en-US","@id":"https:\/\/www.szexshopbelvaros.com\/termek\/beaded-cockring-set-clear\/#primaryimage","url":"https:\/\/www.szexshopbelvaros.com\/wp-content\/uploads\/2025\/01\/fdf55538-437c-11ef-bce8-8a9b1cd9e067_afqdw.jpg","contentUrl":"https:\/\/www.szexshopbelvaros.com\/wp-content\/uploads\/2025\/01\/fdf55538-437c-11ef-bce8-8a9b1cd9e067_afqdw.jpg","width":1200,"height":676},{"@type":"BreadcrumbList","@id":"https:\/\/www.szexshopbelvaros.com\/termek\/beaded-cockring-set-clear\/#breadcrumb","itemListElement":[{"@type":"ListItem","position":1,"name":"Home","item":"https:\/\/www.szexshopbelvaros.com\/"},{"@type":"ListItem","position":2,"name":"\u00c1ruh\u00e1z","item":"https:\/\/www.szexshopbelvaros.com\/uzlet\/"},{"@type":"ListItem","position":3,"name":"Beaded Cockring Set. Clear"}]},{"@type":"WebSite","@id":"https:\/\/www.szexshopbelvaros.com\/#website","url":"https:\/\/www.szexshopbelvaros.com\/","name":"at our Szexshop Belv\u00e1ros","description":"\ud83d\udd25 Sex is like money; only too much is enough!\u2122 Secrets from the city center \ud83d\udc8b | Secrets from Budapest \ud83d\udc8e Adult games \u2022 Erotica \u2022 Sex shop Belvaros","publisher":{"@id":"https:\/\/www.szexshopbelvaros.com\/#organization"},"potentialAction":[{"@type":"SearchAction","target":{"@type":"EntryPoint","urlTemplate":"https:\/\/www.szexshopbelvaros.com\/?s={search_term_string}"},"query-input":{"@type":"PropertyValueSpecification","valueRequired":true,"valueName":"search_term_string"}}],"inLanguage":"en-US"},{"@type":"Organization","@id":"https:\/\/www.szexshopbelvaros.com\/#organization","name":"at our Szexshop Belv\u00e1ros","alternateName":"szexshopbelvaros.com","url":"https:\/\/www.szexshopbelvaros.com\/","logo":{"@type":"ImageObject","inLanguage":"en-US","@id":"https:\/\/www.szexshopbelvaros.com\/#\/schema\/logo\/image\/","url":"https:\/\/www.szexshopbelvaros.com\/wp-content\/uploads\/2025\/09\/1Szexshopbelvaroslogo_blurred_stronger.jpg","contentUrl":"https:\/\/www.szexshopbelvaros.com\/wp-content\/uploads\/2025\/09\/1Szexshopbelvaroslogo_blurred_stronger.jpg","width":1024,"height":1024,"caption":"Szexshop Belv\u00e1ros"},"image":{"@id":"https:\/\/www.szexshopbelvaros.com\/#\/schema\/logo\/image\/"},"sameAs":["https:\/\/www.facebook.com\/belvarossecrets\/","https:\/\/x.com\/belvarossecrets","https:\/\/www.instagram.com\/belvarossecrets\/","https:\/\/www.tiktok.com\/@belvarossecrets"]}]}},"_links":{"self":[{"href":"https:\/\/www.szexshopbelvaros.com\/en\/wp-json\/wp\/v2\/product\/182","targetHints":{"allow":["GET"]}}],"collection":[{"href":"https:\/\/www.szexshopbelvaros.com\/en\/wp-json\/wp\/v2\/product"}],"about":[{"href":"https:\/\/www.szexshopbelvaros.com\/en\/wp-json\/wp\/v2\/types\/product"}],"replies":[{"embeddable":true,"href":"https:\/\/www.szexshopbelvaros.com\/en\/wp-json\/wp\/v2\/comments?post=182"}],"wp:featuredmedia":[{"embeddable":true,"href":"https:\/\/www.szexshopbelvaros.com\/en\/wp-json\/wp\/v2\/media\/183"}],"wp:attachment":[{"href":"https:\/\/www.szexshopbelvaros.com\/en\/wp-json\/wp\/v2\/media?parent=182"}],"wp:term":[{"taxonomy":"product_brand","embeddable":true,"href":"https:\/\/www.szexshopbelvaros.com\/en\/wp-json\/wp\/v2\/product_brand?post=182"},{"taxonomy":"product_cat","embeddable":true,"href":"https:\/\/www.szexshopbelvaros.com\/en\/wp-json\/wp\/v2\/product_cat?post=182"},{"taxonomy":"product_tag","embeddable":true,"href":"https:\/\/www.szexshopbelvaros.com\/en\/wp-json\/wp\/v2\/product_tag?post=182"}],"curies":[{"name":"wp","href":"https:\/\/api.w.org\/{rel}","templated":true}]}}