{"id":1839,"date":"2025-08-12T13:57:00","date_gmt":"2025-08-12T11:57:00","guid":{"rendered":"https:\/\/www.szexshopbelvaros.com\/?post_type=product&#038;p=1839"},"modified":"2026-05-02T12:31:29","modified_gmt":"2026-05-02T10:31:29","slug":"%f0%9f%91%b5%f0%9f%8f%bc-zsuzsineni-hasznalt-bugyi","status":"publish","type":"product","link":"https:\/\/www.szexshopbelvaros.com\/en\/product\/%f0%9f%91%b5%f0%9f%8f%bc-zsuzsineni-hasznalt-bugyi\/","title":{"rendered":"\ud83d\udc75\ud83c\udffc Zsuzsin\u00e9ni&#039;s used panties \u2013 Underwear worn for a day"},"content":{"rendered":"<p>Zsuzsin\u00e9ni&#039;s used panties \u2013 Underwear worn for a day<\/p>\n<p>This 100% real, one-day-worn panties from Zsuzsin\u00e9ni, a 45-year-old experienced lady, preserves the busy everyday life of her \u2013 office work, shopping, a little housework, and the delicately intimate experience that only such a day can give. This **Zsuzsin\u00e9ni used panties** is a freshly packaged fantasy \u2013 she spent a whole day in intimate contact.<\/p>\n<p>Sealed immediately after removal to preserve everything that makes it special.<br \/>\nThis lingerie is available exclusively at www.ssexshopbelvaros.com \u2013 for true collectors and sophisticated fetish lovers.<\/p>\n<p>Check out more of Zsuzsin\u00e9ni&#039;s pieces at <a href=\"https:\/\/www.szexshopbelvaros.com\/en\/kategoria\/bugyi-fetis\/zsuzsineni\/\">In Zsuzsin\u00e9ni&#039;s collection<\/a>.<\/p>\n<p>\ud83d\udca8 A fragrance for fetish fans, panty fetishists and those who like undergarments to have a story.<\/p>\n<p>\ud83d\udce7 Do you have any questions or requests? Write to: info@szexshopbelvaros.com<\/p>","protected":false},"excerpt":{"rendered":"<p>Zsuzsin\u00e9ni haszn\u00e1lt bugyi \u2013 Egy Napig Viselt Feh\u00e9rnem\u0171 Ez a 100% val\u00f3di, egy napig viselt bugyi Zsuzsin\u00e9ni, a 45 \u00e9ves tapasztalt h\u00f6lgy mozgalmas h\u00e9tk\u00f6znapj\u00e1t \u0151rzi mag\u00e1ban \u2013 irodai munka, bev\u00e1s\u00e1rl\u00e1s, kis h\u00e1zimunka, \u00e9s az a finoman testk\u00f6zeli \u00e9lm\u00e9ny, amit csak egy ilyen nap adhat. Ez az **Zsuzsin\u00e9ni haszn\u00e1lt bugyi** egy friss csomagol\u00e1s\u00fa fant\u00e1zia \u2013 teljes [&#8230;]\n","protected":false},"featured_media":1840,"comment_status":"closed","ping_status":"closed","template":"","meta":[],"product_brand":[],"product_cat":[209,213],"product_tag":[215,1662,1650,746,216,748,1385,1651,1648,1649,1655,744,1652,252,1386,220,242,1654,1661],"class_list":{"0":"post-1839","1":"product","2":"type-product","3":"status-publish","4":"has-post-thumbnail","6":"product_cat-bugyi-fetis","7":"product_cat-zsuzsineni","8":"product_tag-bugyi-fetis","9":"product_tag-daily-worn","10":"product_tag-experienced-wear","11":"product_tag-fetish-clothing","12":"product_tag-hasznalt-bugyi","13":"product_tag-illat-fetis","14":"product_tag-intim-fetis","15":"product_tag-intimate-clothing","16":"product_tag-mature-fetish","17":"product_tag-milf-fetish","18":"product_tag-natural-scent","19":"product_tag-personal-scent","20":"product_tag-personal-wear","21":"product_tag-scent-fetish","22":"product_tag-szemelyes-targy","23":"product_tag-szexshop-belvaros","24":"product_tag-used-underwear","25":"product_tag-whole-day-wear","26":"product_tag-worn-panties","28":"first","29":"instock","30":"taxable","31":"shipping-taxable","32":"purchasable","33":"product-type-simple"},"yoast_head":"<!-- This site is optimized with the Yoast SEO plugin v27.5 - https:\/\/yoast.com\/product\/yoast-seo-wordpress\/ -->\n<title>\ud83d\udc75\ud83c\udffc Zsuzsin\u00e9ni haszn\u00e1lt bugyi \u2013 Egy Napig Viselt Feh\u00e9rnem\u0171 - Szexshop Belvaros<\/title>\n<meta name=\"description\" content=\"Zsuzsin\u00e9ni haszn\u00e1lt bugyi \u2013 45 \u00e9ves Zsuzsin\u00e9ni eg\u00e9sz nap viselt feh\u00e9rnem\u0171je. V\u00e1kuumcsomagolva, diszkr\u00e9t sz\u00e1ll\u00edt\u00e1ssal a szexshopbelvaros.com k\u00edn\u00e1lat\u00e1ban.\" \/>\n<meta name=\"robots\" content=\"index, follow, max-snippet:-1, max-image-preview:large, max-video-preview:-1\" \/>\n<link rel=\"canonical\" href=\"https:\/\/www.szexshopbelvaros.com\/en\/product\/\ud83d\udc75\ud83c\udffc-zsuzsineni-hasznalt-bugyi\/\" \/>\n<meta property=\"og:locale\" content=\"en_US\" \/>\n<meta property=\"og:type\" content=\"article\" \/>\n<meta property=\"og:title\" content=\"\ud83d\udc75\ud83c\udffc Zsuzsin\u00e9ni haszn\u00e1lt bugyi \u2013 Egy Napig Viselt Feh\u00e9rnem\u0171 - Szexshop Belvaros\" \/>\n<meta property=\"og:description\" content=\"Zsuzsin\u00e9ni haszn\u00e1lt bugyi \u2013 45 \u00e9ves Zsuzsin\u00e9ni eg\u00e9sz nap viselt feh\u00e9rnem\u0171je. V\u00e1kuumcsomagolva, diszkr\u00e9t sz\u00e1ll\u00edt\u00e1ssal a szexshopbelvaros.com k\u00edn\u00e1lat\u00e1ban.\" \/>\n<meta property=\"og:url\" content=\"https:\/\/www.szexshopbelvaros.com\/en\/product\/\ud83d\udc75\ud83c\udffc-zsuzsineni-hasznalt-bugyi\/\" \/>\n<meta property=\"og:site_name\" content=\"Szexshop Belvaros\" \/>\n<meta property=\"article:publisher\" content=\"https:\/\/www.facebook.com\/belvarossecrets\/\" \/>\n<meta property=\"article:modified_time\" content=\"2026-05-02T10:31:29+00:00\" \/>\n<meta property=\"og:image\" content=\"https:\/\/www.szexshopbelvaros.com\/wp-content\/uploads\/2025\/08\/Screenshot-2025-08-12-at-13.52.21.png\" \/>\n\t<meta property=\"og:image:width\" content=\"2043\" \/>\n\t<meta property=\"og:image:height\" content=\"1600\" \/>\n\t<meta property=\"og:image:type\" content=\"image\/png\" \/>\n<meta name=\"twitter:card\" content=\"summary_large_image\" \/>\n<meta name=\"twitter:site\" content=\"@belvarossecrets\" \/>\n<meta name=\"twitter:label1\" content=\"Est. reading time\" \/>\n\t<meta name=\"twitter:data1\" content=\"1 minute\" \/>\n<script type=\"application\/ld+json\" class=\"yoast-schema-graph\">{\"@context\":\"https:\\\/\\\/schema.org\",\"@graph\":[{\"@type\":\"WebPage\",\"@id\":\"https:\\\/\\\/www.szexshopbelvaros.com\\\/termek\\\/%f0%9f%91%b5%f0%9f%8f%bc-zsuzsineni-hasznalt-bugyi\\\/\",\"url\":\"https:\\\/\\\/www.szexshopbelvaros.com\\\/termek\\\/%f0%9f%91%b5%f0%9f%8f%bc-zsuzsineni-hasznalt-bugyi\\\/\",\"name\":\"\ud83d\udc75\ud83c\udffc Zsuzsin\u00e9ni haszn\u00e1lt bugyi \u2013 Egy Napig Viselt Feh\u00e9rnem\u0171 - Szexshop Belvaros\",\"isPartOf\":{\"@id\":\"https:\\\/\\\/www.szexshopbelvaros.com\\\/#website\"},\"primaryImageOfPage\":{\"@id\":\"https:\\\/\\\/www.szexshopbelvaros.com\\\/termek\\\/%f0%9f%91%b5%f0%9f%8f%bc-zsuzsineni-hasznalt-bugyi\\\/#primaryimage\"},\"image\":{\"@id\":\"https:\\\/\\\/www.szexshopbelvaros.com\\\/termek\\\/%f0%9f%91%b5%f0%9f%8f%bc-zsuzsineni-hasznalt-bugyi\\\/#primaryimage\"},\"thumbnailUrl\":\"https:\\\/\\\/www.szexshopbelvaros.com\\\/wp-content\\\/uploads\\\/2025\\\/08\\\/Screenshot-2025-08-12-at-13.52.21.png\",\"datePublished\":\"2025-08-12T11:57:00+00:00\",\"dateModified\":\"2026-05-02T10:31:29+00:00\",\"description\":\"Zsuzsin\u00e9ni haszn\u00e1lt bugyi \u2013 45 \u00e9ves Zsuzsin\u00e9ni eg\u00e9sz nap viselt feh\u00e9rnem\u0171je. V\u00e1kuumcsomagolva, diszkr\u00e9t sz\u00e1ll\u00edt\u00e1ssal a szexshopbelvaros.com k\u00edn\u00e1lat\u00e1ban.\",\"breadcrumb\":{\"@id\":\"https:\\\/\\\/www.szexshopbelvaros.com\\\/termek\\\/%f0%9f%91%b5%f0%9f%8f%bc-zsuzsineni-hasznalt-bugyi\\\/#breadcrumb\"},\"inLanguage\":\"en-US\",\"potentialAction\":[{\"@type\":\"ReadAction\",\"target\":[\"https:\\\/\\\/www.szexshopbelvaros.com\\\/termek\\\/%f0%9f%91%b5%f0%9f%8f%bc-zsuzsineni-hasznalt-bugyi\\\/\"]}]},{\"@type\":\"ImageObject\",\"inLanguage\":\"en-US\",\"@id\":\"https:\\\/\\\/www.szexshopbelvaros.com\\\/termek\\\/%f0%9f%91%b5%f0%9f%8f%bc-zsuzsineni-hasznalt-bugyi\\\/#primaryimage\",\"url\":\"https:\\\/\\\/www.szexshopbelvaros.com\\\/wp-content\\\/uploads\\\/2025\\\/08\\\/Screenshot-2025-08-12-at-13.52.21.png\",\"contentUrl\":\"https:\\\/\\\/www.szexshopbelvaros.com\\\/wp-content\\\/uploads\\\/2025\\\/08\\\/Screenshot-2025-08-12-at-13.52.21.png\",\"width\":2043,\"height\":1600,\"caption\":\"Zsuzsin\u00e9ni haszn\u00e1lt bugyi \u2013 egy napig viselt feh\u00e9rnem\u0171, Zsuzsin\u00e9ni worn panties \u2013 busy day used underwear, authentic fetish item, Zsuzsin\u00e9ni worn pantyhose \u2013 Saturday night party tights, real used nylons\"},{\"@type\":\"BreadcrumbList\",\"@id\":\"https:\\\/\\\/www.szexshopbelvaros.com\\\/termek\\\/%f0%9f%91%b5%f0%9f%8f%bc-zsuzsineni-hasznalt-bugyi\\\/#breadcrumb\",\"itemListElement\":[{\"@type\":\"ListItem\",\"position\":1,\"name\":\"Home\",\"item\":\"https:\\\/\\\/www.szexshopbelvaros.com\\\/\"},{\"@type\":\"ListItem\",\"position\":2,\"name\":\"\u00c1ruh\u00e1z\",\"item\":\"https:\\\/\\\/www.szexshopbelvaros.com\\\/uzlet\\\/\"},{\"@type\":\"ListItem\",\"position\":3,\"name\":\"\ud83d\udc75\ud83c\udffc Zsuzsin\u00e9ni haszn\u00e1lt bugyi \u2013 Egy Napig Viselt Feh\u00e9rnem\u0171\"}]},{\"@type\":\"WebSite\",\"@id\":\"https:\\\/\\\/www.szexshopbelvaros.com\\\/#website\",\"url\":\"https:\\\/\\\/www.szexshopbelvaros.com\\\/\",\"name\":\"Szexshop Belv\u00e1ros\",\"description\":\"\ud83d\udd25 A szex olyan, mint a p\u00e9nz; csak a t\u00fal sok el\u00e9g!\u2122 Titkok a belv\u00e1rosb\u00f3l \ud83d\udc8b | Secrets from Budapest \ud83d\udc8e Feln\u0151tt j\u00e1t\u00e9kok \u2022 Erotika \u2022 Szexshop Belvaros\",\"publisher\":{\"@id\":\"https:\\\/\\\/www.szexshopbelvaros.com\\\/#organization\"},\"potentialAction\":[{\"@type\":\"SearchAction\",\"target\":{\"@type\":\"EntryPoint\",\"urlTemplate\":\"https:\\\/\\\/www.szexshopbelvaros.com\\\/?s={search_term_string}\"},\"query-input\":{\"@type\":\"PropertyValueSpecification\",\"valueRequired\":true,\"valueName\":\"search_term_string\"}}],\"inLanguage\":\"en-US\"},{\"@type\":\"Organization\",\"@id\":\"https:\\\/\\\/www.szexshopbelvaros.com\\\/#organization\",\"name\":\"Szexshop Belv\u00e1ros\",\"alternateName\":\"szexshopbelvaros.com\",\"url\":\"https:\\\/\\\/www.szexshopbelvaros.com\\\/\",\"logo\":{\"@type\":\"ImageObject\",\"inLanguage\":\"en-US\",\"@id\":\"https:\\\/\\\/www.szexshopbelvaros.com\\\/#\\\/schema\\\/logo\\\/image\\\/\",\"url\":\"https:\\\/\\\/www.szexshopbelvaros.com\\\/wp-content\\\/uploads\\\/2025\\\/09\\\/1Szexshopbelvaroslogo_blurred_stronger.jpg\",\"contentUrl\":\"https:\\\/\\\/www.szexshopbelvaros.com\\\/wp-content\\\/uploads\\\/2025\\\/09\\\/1Szexshopbelvaroslogo_blurred_stronger.jpg\",\"width\":1024,\"height\":1024,\"caption\":\"Szexshop Belv\u00e1ros\"},\"image\":{\"@id\":\"https:\\\/\\\/www.szexshopbelvaros.com\\\/#\\\/schema\\\/logo\\\/image\\\/\"},\"sameAs\":[\"https:\\\/\\\/www.facebook.com\\\/belvarossecrets\\\/\",\"https:\\\/\\\/x.com\\\/belvarossecrets\",\"https:\\\/\\\/www.instagram.com\\\/belvarossecrets\\\/\",\"https:\\\/\\\/www.tiktok.com\\\/@belvarossecrets\"]}]}<\/script>\n<!-- \/ Yoast SEO plugin. -->","yoast_head_json":{"title":"\ud83d\udc75\ud83c\udffc Zsuzsin\u00e9ni&#039;s used panties \u2013 Underwear worn for a day - Szexshop Belvaros","description":"Zsuzsin\u00e9ni&#039;s used panties - 45-year-old Zsuzsin\u00e9ni&#039;s underwear worn all day. Vacuum-packed, with discreet delivery, available at szexshopbelvaros.com.","robots":{"index":"index","follow":"follow","max-snippet":"max-snippet:-1","max-image-preview":"max-image-preview:large","max-video-preview":"max-video-preview:-1"},"canonical":"https:\/\/www.szexshopbelvaros.com\/en\/product\/\ud83d\udc75\ud83c\udffc-zsuzsineni-hasznalt-bugyi\/","og_locale":"en_US","og_type":"article","og_title":"\ud83d\udc75\ud83c\udffc Zsuzsin\u00e9ni haszn\u00e1lt bugyi \u2013 Egy Napig Viselt Feh\u00e9rnem\u0171 - Szexshop Belvaros","og_description":"Zsuzsin\u00e9ni haszn\u00e1lt bugyi \u2013 45 \u00e9ves Zsuzsin\u00e9ni eg\u00e9sz nap viselt feh\u00e9rnem\u0171je. V\u00e1kuumcsomagolva, diszkr\u00e9t sz\u00e1ll\u00edt\u00e1ssal a szexshopbelvaros.com k\u00edn\u00e1lat\u00e1ban.","og_url":"https:\/\/www.szexshopbelvaros.com\/en\/product\/\ud83d\udc75\ud83c\udffc-zsuzsineni-hasznalt-bugyi\/","og_site_name":"Szexshop Belvaros","article_publisher":"https:\/\/www.facebook.com\/belvarossecrets\/","article_modified_time":"2026-05-02T10:31:29+00:00","og_image":[{"width":2043,"height":1600,"url":"https:\/\/www.szexshopbelvaros.com\/wp-content\/uploads\/2025\/08\/Screenshot-2025-08-12-at-13.52.21.png","type":"image\/png"}],"twitter_card":"summary_large_image","twitter_site":"@belvarossecrets","twitter_misc":{"Est. reading time":"1 minute"},"schema":{"@context":"https:\/\/schema.org","@graph":[{"@type":"WebPage","@id":"https:\/\/www.szexshopbelvaros.com\/termek\/%f0%9f%91%b5%f0%9f%8f%bc-zsuzsineni-hasznalt-bugyi\/","url":"https:\/\/www.szexshopbelvaros.com\/termek\/%f0%9f%91%b5%f0%9f%8f%bc-zsuzsineni-hasznalt-bugyi\/","name":"\ud83d\udc75\ud83c\udffc Zsuzsin\u00e9ni&#039;s used panties \u2013 Underwear worn for a day - Szexshop Belvaros","isPartOf":{"@id":"https:\/\/www.szexshopbelvaros.com\/#website"},"primaryImageOfPage":{"@id":"https:\/\/www.szexshopbelvaros.com\/termek\/%f0%9f%91%b5%f0%9f%8f%bc-zsuzsineni-hasznalt-bugyi\/#primaryimage"},"image":{"@id":"https:\/\/www.szexshopbelvaros.com\/termek\/%f0%9f%91%b5%f0%9f%8f%bc-zsuzsineni-hasznalt-bugyi\/#primaryimage"},"thumbnailUrl":"https:\/\/www.szexshopbelvaros.com\/wp-content\/uploads\/2025\/08\/Screenshot-2025-08-12-at-13.52.21.png","datePublished":"2025-08-12T11:57:00+00:00","dateModified":"2026-05-02T10:31:29+00:00","description":"Zsuzsin\u00e9ni&#039;s used panties - 45-year-old Zsuzsin\u00e9ni&#039;s underwear worn all day. Vacuum-packed, with discreet delivery, available at szexshopbelvaros.com.","breadcrumb":{"@id":"https:\/\/www.szexshopbelvaros.com\/termek\/%f0%9f%91%b5%f0%9f%8f%bc-zsuzsineni-hasznalt-bugyi\/#breadcrumb"},"inLanguage":"en-US","potentialAction":[{"@type":"ReadAction","target":["https:\/\/www.szexshopbelvaros.com\/termek\/%f0%9f%91%b5%f0%9f%8f%bc-zsuzsineni-hasznalt-bugyi\/"]}]},{"@type":"ImageObject","inLanguage":"en-US","@id":"https:\/\/www.szexshopbelvaros.com\/termek\/%f0%9f%91%b5%f0%9f%8f%bc-zsuzsineni-hasznalt-bugyi\/#primaryimage","url":"https:\/\/www.szexshopbelvaros.com\/wp-content\/uploads\/2025\/08\/Screenshot-2025-08-12-at-13.52.21.png","contentUrl":"https:\/\/www.szexshopbelvaros.com\/wp-content\/uploads\/2025\/08\/Screenshot-2025-08-12-at-13.52.21.png","width":2043,"height":1600,"caption":"Zsuzsin\u00e9ni haszn\u00e1lt bugyi \u2013 egy napig viselt feh\u00e9rnem\u0171, Zsuzsin\u00e9ni worn panties \u2013 busy day used underwear, authentic fetish item, Zsuzsin\u00e9ni worn pantyhose \u2013 Saturday night party tights, real used nylons"},{"@type":"BreadcrumbList","@id":"https:\/\/www.szexshopbelvaros.com\/termek\/%f0%9f%91%b5%f0%9f%8f%bc-zsuzsineni-hasznalt-bugyi\/#breadcrumb","itemListElement":[{"@type":"ListItem","position":1,"name":"Home","item":"https:\/\/www.szexshopbelvaros.com\/"},{"@type":"ListItem","position":2,"name":"\u00c1ruh\u00e1z","item":"https:\/\/www.szexshopbelvaros.com\/uzlet\/"},{"@type":"ListItem","position":3,"name":"\ud83d\udc75\ud83c\udffc Zsuzsin\u00e9ni haszn\u00e1lt bugyi \u2013 Egy Napig Viselt Feh\u00e9rnem\u0171"}]},{"@type":"WebSite","@id":"https:\/\/www.szexshopbelvaros.com\/#website","url":"https:\/\/www.szexshopbelvaros.com\/","name":"at our Szexshop Belv\u00e1ros","description":"\ud83d\udd25 Sex is like money; only too much is enough!\u2122 Secrets from the city center \ud83d\udc8b | Secrets from Budapest \ud83d\udc8e Adult games \u2022 Erotica \u2022 Sex shop Belvaros","publisher":{"@id":"https:\/\/www.szexshopbelvaros.com\/#organization"},"potentialAction":[{"@type":"SearchAction","target":{"@type":"EntryPoint","urlTemplate":"https:\/\/www.szexshopbelvaros.com\/?s={search_term_string}"},"query-input":{"@type":"PropertyValueSpecification","valueRequired":true,"valueName":"search_term_string"}}],"inLanguage":"en-US"},{"@type":"Organization","@id":"https:\/\/www.szexshopbelvaros.com\/#organization","name":"at our Szexshop Belv\u00e1ros","alternateName":"szexshopbelvaros.com","url":"https:\/\/www.szexshopbelvaros.com\/","logo":{"@type":"ImageObject","inLanguage":"en-US","@id":"https:\/\/www.szexshopbelvaros.com\/#\/schema\/logo\/image\/","url":"https:\/\/www.szexshopbelvaros.com\/wp-content\/uploads\/2025\/09\/1Szexshopbelvaroslogo_blurred_stronger.jpg","contentUrl":"https:\/\/www.szexshopbelvaros.com\/wp-content\/uploads\/2025\/09\/1Szexshopbelvaroslogo_blurred_stronger.jpg","width":1024,"height":1024,"caption":"Szexshop Belv\u00e1ros"},"image":{"@id":"https:\/\/www.szexshopbelvaros.com\/#\/schema\/logo\/image\/"},"sameAs":["https:\/\/www.facebook.com\/belvarossecrets\/","https:\/\/x.com\/belvarossecrets","https:\/\/www.instagram.com\/belvarossecrets\/","https:\/\/www.tiktok.com\/@belvarossecrets"]}]}},"_links":{"self":[{"href":"https:\/\/www.szexshopbelvaros.com\/en\/wp-json\/wp\/v2\/product\/1839","targetHints":{"allow":["GET"]}}],"collection":[{"href":"https:\/\/www.szexshopbelvaros.com\/en\/wp-json\/wp\/v2\/product"}],"about":[{"href":"https:\/\/www.szexshopbelvaros.com\/en\/wp-json\/wp\/v2\/types\/product"}],"replies":[{"embeddable":true,"href":"https:\/\/www.szexshopbelvaros.com\/en\/wp-json\/wp\/v2\/comments?post=1839"}],"wp:featuredmedia":[{"embeddable":true,"href":"https:\/\/www.szexshopbelvaros.com\/en\/wp-json\/wp\/v2\/media\/1840"}],"wp:attachment":[{"href":"https:\/\/www.szexshopbelvaros.com\/en\/wp-json\/wp\/v2\/media?parent=1839"}],"wp:term":[{"taxonomy":"product_brand","embeddable":true,"href":"https:\/\/www.szexshopbelvaros.com\/en\/wp-json\/wp\/v2\/product_brand?post=1839"},{"taxonomy":"product_cat","embeddable":true,"href":"https:\/\/www.szexshopbelvaros.com\/en\/wp-json\/wp\/v2\/product_cat?post=1839"},{"taxonomy":"product_tag","embeddable":true,"href":"https:\/\/www.szexshopbelvaros.com\/en\/wp-json\/wp\/v2\/product_tag?post=1839"}],"curies":[{"name":"wp","href":"https:\/\/api.w.org\/{rel}","templated":true}]}}