{"id":1849,"date":"2025-08-13T13:08:05","date_gmt":"2025-08-13T11:08:05","guid":{"rendered":"https:\/\/www.szexshopbelvaros.com\/?post_type=product&#038;p=1849"},"modified":"2026-04-10T14:00:28","modified_gmt":"2026-04-10T12:00:28","slug":"%f0%9f%91%b1%e2%9a%a7-barbiboy-hasznalt-feher-csipkes-tanga","status":"publish","type":"product","link":"https:\/\/www.szexshopbelvaros.com\/en\/product\/%f0%9f%91%b1%e2%9a%a7-barbiboy-hasznalt-feher-csipkes-tanga\/","title":{"rendered":"\ud83d\udc71\u200d\u2640\ufe0f\u26a7 Barbie used white lace thong"},"content":{"rendered":"<p data-start=\"214\" data-end=\"331\"><strong data-start=\"214\" data-end=\"329\">Slip into something wetter... This used white lace thong from Barbiboy tells the story of a whole day.<\/strong><\/p>\n<p data-start=\"333\" data-end=\"680\">This delicate white lace thong was worn by Barbiboy, our 20-year-old femme favorite, for an entire day \u2013 running errands, relaxing, playing a little secret game. Every strand absorbed the warmth of her body, the line of her hips, and the salty, raw imprint of wearing it all day. No gimmicks, no pretense \u2013 this is real, personal wear, sealed as soon as it was taken off.<\/p>\n<p data-start=\"682\" data-end=\"822\">She doesn&#039;t just wear lace - she lives in lace. And now you can be a part of it too. Check out more of Barbiboy&#039;s pieces at <a class=\"decorated-link\" href=\"#\" rel=\"noopener\" data-start=\"791\" data-end=\"819\">In the Barbie collection<\/a>.<\/p>\n<p data-start=\"824\" data-end=\"967\">This used white lace thong from Barbiboy is exclusively for <a class=\"decorated-link\" href=\"http:\/\/www.szexshopbelvaros.com\/en\/\" target=\"_new\" rel=\"noopener\" data-start=\"879\" data-end=\"903\">www.szexshopbelvaros.com<\/a> is available in our offer \u2013 locked, discreet, and waiting just for you.<\/p>\n<p data-start=\"969\" data-end=\"1081\">\ud83d\udca8 A fragrance for fetish fans, panty fetishists and those who like undergarments to have a story.<\/p>\n<p data-start=\"1083\" data-end=\"1141\">\ud83d\udce7 Do you have any questions or requests? Write to: <a class=\"decorated-link cursor-pointer\" rel=\"noopener\" data-start=\"1114\" data-end=\"1139\">info@szexshopbelvaros.com<\/a><\/p>\n<p data-start=\"1143\" data-end=\"1169\">Sniff responsibly!<\/p>\n<p>&nbsp;<\/p>\n<p>&nbsp;<\/p>","protected":false},"excerpt":{"rendered":"<p>Cs\u00fassz bele valami nedvesebbe&#8230; Ez a Barbiboy haszn\u00e1lt feh\u00e9r csipk\u00e9s tanga egy teljes nap t\u00f6rt\u00e9net\u00e9t hordozza. Ezt a finom feh\u00e9r csipk\u00e9s tang\u00e1t Barbiboy, 20 \u00e9ves femme kedvenc\u00fcnk viselte egy teljes napon \u00e1t \u2013 \u00fcgyint\u00e9z\u00e9s, lazul\u00e1s, kis titkos j\u00e1t\u00e9k. Minden sz\u00e1l mag\u00e1ba sz\u00edvta teste meleg\u00e9t, cs\u00edp\u0151j\u00e9nek vonal\u00e1t, \u00e9s az eg\u00e9sz napos visel\u00e9s s\u00f3s, nyers lenyomat\u00e1t. Nincs [&#8230;]\n","protected":false},"featured_media":1850,"comment_status":"closed","ping_status":"closed","template":"","meta":[],"product_brand":[],"product_cat":[212,209],"product_tag":[215,248,746,1440,1670,748,1385,1669,1673,1655,744,252,1386,1672,242,1674,1654,250,1671],"class_list":{"0":"post-1849","1":"product","2":"type-product","3":"status-publish","4":"has-post-thumbnail","6":"product_cat-barbiboy","7":"product_cat-bugyi-fetis","8":"product_tag-bugyi-fetis","9":"product_tag-femme-fetish","10":"product_tag-fetish-clothing","11":"product_tag-fetish-wear","12":"product_tag-hasznalt-tanga","13":"product_tag-illat-fetis","14":"product_tag-intim-fetis","15":"product_tag-intimate-wear","16":"product_tag-lace-thong","17":"product_tag-natural-scent","18":"product_tag-personal-scent","19":"product_tag-scent-fetish","20":"product_tag-szemelyes-targy","21":"product_tag-used-thong","22":"product_tag-used-underwear","23":"product_tag-white-lingerie","24":"product_tag-whole-day-wear","25":"product_tag-worn-lingerie","26":"product_tag-worn-thong","28":"first","29":"instock","30":"taxable","31":"shipping-taxable","32":"purchasable","33":"product-type-simple"},"yoast_head":"<!-- This site is optimized with the Yoast SEO plugin v27.4 - https:\/\/yoast.com\/product\/yoast-seo-wordpress\/ -->\n<title>\ud83d\udc71\u200d\u2640\ufe0f\u26a7 Barbiboy haszn\u00e1lt feh\u00e9r csipk\u00e9s tanga - Szexshop Belvaros<\/title>\n<meta name=\"description\" content=\"Barbiboy haszn\u00e1lt tanga \u2013 20 \u00e9ves kedvenc feh\u00e9r csipk\u00e9s darabja, egy teljes napig viselve. V\u00e1kuumcsomagolva, diszkr\u00e9ten, gyors EU-s sz\u00e1ll\u00edt\u00e1ssal.\" \/>\n<meta name=\"robots\" content=\"index, follow, max-snippet:-1, max-image-preview:large, max-video-preview:-1\" \/>\n<link rel=\"canonical\" href=\"https:\/\/www.szexshopbelvaros.com\/en\/product\/\ud83d\udc71\u26a7-barbiboy-hasznalt-feher-csipkes-tanga\/\" \/>\n<meta property=\"og:locale\" content=\"en_US\" \/>\n<meta property=\"og:type\" content=\"article\" \/>\n<meta property=\"og:title\" content=\"\ud83d\udc71\u200d\u2640\ufe0f\u26a7 Barbiboy haszn\u00e1lt feh\u00e9r csipk\u00e9s tanga - Szexshop Belvaros\" \/>\n<meta property=\"og:description\" content=\"Barbiboy haszn\u00e1lt tanga \u2013 20 \u00e9ves kedvenc feh\u00e9r csipk\u00e9s darabja, egy teljes napig viselve. V\u00e1kuumcsomagolva, diszkr\u00e9ten, gyors EU-s sz\u00e1ll\u00edt\u00e1ssal.\" \/>\n<meta property=\"og:url\" content=\"https:\/\/www.szexshopbelvaros.com\/en\/product\/\ud83d\udc71\u26a7-barbiboy-hasznalt-feher-csipkes-tanga\/\" \/>\n<meta property=\"og:site_name\" content=\"Szexshop Belvaros\" \/>\n<meta property=\"article:publisher\" content=\"https:\/\/www.facebook.com\/belvarossecrets\/\" \/>\n<meta property=\"article:modified_time\" content=\"2026-04-10T12:00:28+00:00\" \/>\n<meta property=\"og:image\" content=\"https:\/\/www.szexshopbelvaros.com\/wp-content\/uploads\/2025\/08\/Screenshot-2025-08-13-at-13.06.31.png\" \/>\n\t<meta property=\"og:image:width\" content=\"354\" \/>\n\t<meta property=\"og:image:height\" content=\"394\" \/>\n\t<meta property=\"og:image:type\" content=\"image\/png\" \/>\n<meta name=\"twitter:card\" content=\"summary_large_image\" \/>\n<meta name=\"twitter:site\" content=\"@belvarossecrets\" \/>\n<meta name=\"twitter:label1\" content=\"Est. reading time\" \/>\n\t<meta name=\"twitter:data1\" content=\"1 minute\" \/>\n<script type=\"application\/ld+json\" class=\"yoast-schema-graph\">{\"@context\":\"https:\\\/\\\/schema.org\",\"@graph\":[{\"@type\":\"WebPage\",\"@id\":\"https:\\\/\\\/www.szexshopbelvaros.com\\\/termek\\\/%f0%9f%91%b1%e2%9a%a7-barbiboy-hasznalt-feher-csipkes-tanga\\\/\",\"url\":\"https:\\\/\\\/www.szexshopbelvaros.com\\\/termek\\\/%f0%9f%91%b1%e2%9a%a7-barbiboy-hasznalt-feher-csipkes-tanga\\\/\",\"name\":\"\ud83d\udc71\u200d\u2640\ufe0f\u26a7 Barbiboy haszn\u00e1lt feh\u00e9r csipk\u00e9s tanga - Szexshop Belvaros\",\"isPartOf\":{\"@id\":\"https:\\\/\\\/www.szexshopbelvaros.com\\\/#website\"},\"primaryImageOfPage\":{\"@id\":\"https:\\\/\\\/www.szexshopbelvaros.com\\\/termek\\\/%f0%9f%91%b1%e2%9a%a7-barbiboy-hasznalt-feher-csipkes-tanga\\\/#primaryimage\"},\"image\":{\"@id\":\"https:\\\/\\\/www.szexshopbelvaros.com\\\/termek\\\/%f0%9f%91%b1%e2%9a%a7-barbiboy-hasznalt-feher-csipkes-tanga\\\/#primaryimage\"},\"thumbnailUrl\":\"https:\\\/\\\/www.szexshopbelvaros.com\\\/wp-content\\\/uploads\\\/2025\\\/08\\\/Screenshot-2025-08-13-at-13.06.31.png\",\"datePublished\":\"2025-08-13T11:08:05+00:00\",\"dateModified\":\"2026-04-10T12:00:28+00:00\",\"description\":\"Barbiboy haszn\u00e1lt tanga \u2013 20 \u00e9ves kedvenc feh\u00e9r csipk\u00e9s darabja, egy teljes napig viselve. V\u00e1kuumcsomagolva, diszkr\u00e9ten, gyors EU-s sz\u00e1ll\u00edt\u00e1ssal.\",\"breadcrumb\":{\"@id\":\"https:\\\/\\\/www.szexshopbelvaros.com\\\/termek\\\/%f0%9f%91%b1%e2%9a%a7-barbiboy-hasznalt-feher-csipkes-tanga\\\/#breadcrumb\"},\"inLanguage\":\"en-US\",\"potentialAction\":[{\"@type\":\"ReadAction\",\"target\":[\"https:\\\/\\\/www.szexshopbelvaros.com\\\/termek\\\/%f0%9f%91%b1%e2%9a%a7-barbiboy-hasznalt-feher-csipkes-tanga\\\/\"]}]},{\"@type\":\"ImageObject\",\"inLanguage\":\"en-US\",\"@id\":\"https:\\\/\\\/www.szexshopbelvaros.com\\\/termek\\\/%f0%9f%91%b1%e2%9a%a7-barbiboy-hasznalt-feher-csipkes-tanga\\\/#primaryimage\",\"url\":\"https:\\\/\\\/www.szexshopbelvaros.com\\\/wp-content\\\/uploads\\\/2025\\\/08\\\/Screenshot-2025-08-13-at-13.06.31.png\",\"contentUrl\":\"https:\\\/\\\/www.szexshopbelvaros.com\\\/wp-content\\\/uploads\\\/2025\\\/08\\\/Screenshot-2025-08-13-at-13.06.31.png\",\"width\":354,\"height\":394,\"caption\":\"Barbiboy haszn\u00e1lt tanga \u2013 feh\u00e9r csipk\u00e9s Barbiboy worn white lace thong \u2013 real used underwear for fetish fans\"},{\"@type\":\"BreadcrumbList\",\"@id\":\"https:\\\/\\\/www.szexshopbelvaros.com\\\/termek\\\/%f0%9f%91%b1%e2%9a%a7-barbiboy-hasznalt-feher-csipkes-tanga\\\/#breadcrumb\",\"itemListElement\":[{\"@type\":\"ListItem\",\"position\":1,\"name\":\"Home\",\"item\":\"https:\\\/\\\/www.szexshopbelvaros.com\\\/\"},{\"@type\":\"ListItem\",\"position\":2,\"name\":\"\u00c1ruh\u00e1z\",\"item\":\"https:\\\/\\\/www.szexshopbelvaros.com\\\/uzlet\\\/\"},{\"@type\":\"ListItem\",\"position\":3,\"name\":\"\ud83d\udc71\u200d\u2640\ufe0f\u26a7 Barbiboy haszn\u00e1lt feh\u00e9r csipk\u00e9s tanga\"}]},{\"@type\":\"WebSite\",\"@id\":\"https:\\\/\\\/www.szexshopbelvaros.com\\\/#website\",\"url\":\"https:\\\/\\\/www.szexshopbelvaros.com\\\/\",\"name\":\"Szexshop Belv\u00e1ros\",\"description\":\"\ud83d\udd25 A szex olyan, mint a p\u00e9nz; csak a t\u00fal sok el\u00e9g!\u2122 Titkok a belv\u00e1rosb\u00f3l \ud83d\udc8b | Secrets from Budapest \ud83d\udc8e Feln\u0151tt j\u00e1t\u00e9kok \u2022 Erotika \u2022 Szexshop Belvaros\",\"publisher\":{\"@id\":\"https:\\\/\\\/www.szexshopbelvaros.com\\\/#organization\"},\"potentialAction\":[{\"@type\":\"SearchAction\",\"target\":{\"@type\":\"EntryPoint\",\"urlTemplate\":\"https:\\\/\\\/www.szexshopbelvaros.com\\\/?s={search_term_string}\"},\"query-input\":{\"@type\":\"PropertyValueSpecification\",\"valueRequired\":true,\"valueName\":\"search_term_string\"}}],\"inLanguage\":\"en-US\"},{\"@type\":\"Organization\",\"@id\":\"https:\\\/\\\/www.szexshopbelvaros.com\\\/#organization\",\"name\":\"Szexshop Belv\u00e1ros\",\"alternateName\":\"szexshopbelvaros.com\",\"url\":\"https:\\\/\\\/www.szexshopbelvaros.com\\\/\",\"logo\":{\"@type\":\"ImageObject\",\"inLanguage\":\"en-US\",\"@id\":\"https:\\\/\\\/www.szexshopbelvaros.com\\\/#\\\/schema\\\/logo\\\/image\\\/\",\"url\":\"https:\\\/\\\/www.szexshopbelvaros.com\\\/wp-content\\\/uploads\\\/2025\\\/09\\\/1Szexshopbelvaroslogo_blurred_stronger.jpg\",\"contentUrl\":\"https:\\\/\\\/www.szexshopbelvaros.com\\\/wp-content\\\/uploads\\\/2025\\\/09\\\/1Szexshopbelvaroslogo_blurred_stronger.jpg\",\"width\":1024,\"height\":1024,\"caption\":\"Szexshop Belv\u00e1ros\"},\"image\":{\"@id\":\"https:\\\/\\\/www.szexshopbelvaros.com\\\/#\\\/schema\\\/logo\\\/image\\\/\"},\"sameAs\":[\"https:\\\/\\\/www.facebook.com\\\/belvarossecrets\\\/\",\"https:\\\/\\\/x.com\\\/belvarossecrets\",\"https:\\\/\\\/www.instagram.com\\\/belvarossecrets\\\/\",\"https:\\\/\\\/www.tiktok.com\\\/@belvarossecrets\"]}]}<\/script>\n<!-- \/ Yoast SEO plugin. -->","yoast_head_json":{"title":"\ud83d\udc71\u200d\u2640\ufe0f\u26a7 Barbiboy used white lace thong - Szexshop Belvaros","description":"Used Barbiboy thong - 20 year old favorite white lace piece, worn for a full day. Vacuum packed, discreet, fast EU delivery.","robots":{"index":"index","follow":"follow","max-snippet":"max-snippet:-1","max-image-preview":"max-image-preview:large","max-video-preview":"max-video-preview:-1"},"canonical":"https:\/\/www.szexshopbelvaros.com\/en\/product\/\ud83d\udc71\u26a7-barbiboy-hasznalt-feher-csipkes-tanga\/","og_locale":"en_US","og_type":"article","og_title":"\ud83d\udc71\u200d\u2640\ufe0f\u26a7 Barbiboy haszn\u00e1lt feh\u00e9r csipk\u00e9s tanga - Szexshop Belvaros","og_description":"Barbiboy haszn\u00e1lt tanga \u2013 20 \u00e9ves kedvenc feh\u00e9r csipk\u00e9s darabja, egy teljes napig viselve. V\u00e1kuumcsomagolva, diszkr\u00e9ten, gyors EU-s sz\u00e1ll\u00edt\u00e1ssal.","og_url":"https:\/\/www.szexshopbelvaros.com\/en\/product\/\ud83d\udc71\u26a7-barbiboy-hasznalt-feher-csipkes-tanga\/","og_site_name":"Szexshop Belvaros","article_publisher":"https:\/\/www.facebook.com\/belvarossecrets\/","article_modified_time":"2026-04-10T12:00:28+00:00","og_image":[{"width":354,"height":394,"url":"https:\/\/www.szexshopbelvaros.com\/wp-content\/uploads\/2025\/08\/Screenshot-2025-08-13-at-13.06.31.png","type":"image\/png"}],"twitter_card":"summary_large_image","twitter_site":"@belvarossecrets","twitter_misc":{"Est. reading time":"1 minute"},"schema":{"@context":"https:\/\/schema.org","@graph":[{"@type":"WebPage","@id":"https:\/\/www.szexshopbelvaros.com\/termek\/%f0%9f%91%b1%e2%9a%a7-barbiboy-hasznalt-feher-csipkes-tanga\/","url":"https:\/\/www.szexshopbelvaros.com\/termek\/%f0%9f%91%b1%e2%9a%a7-barbiboy-hasznalt-feher-csipkes-tanga\/","name":"\ud83d\udc71\u200d\u2640\ufe0f\u26a7 Barbiboy used white lace thong - Szexshop Belvaros","isPartOf":{"@id":"https:\/\/www.szexshopbelvaros.com\/#website"},"primaryImageOfPage":{"@id":"https:\/\/www.szexshopbelvaros.com\/termek\/%f0%9f%91%b1%e2%9a%a7-barbiboy-hasznalt-feher-csipkes-tanga\/#primaryimage"},"image":{"@id":"https:\/\/www.szexshopbelvaros.com\/termek\/%f0%9f%91%b1%e2%9a%a7-barbiboy-hasznalt-feher-csipkes-tanga\/#primaryimage"},"thumbnailUrl":"https:\/\/www.szexshopbelvaros.com\/wp-content\/uploads\/2025\/08\/Screenshot-2025-08-13-at-13.06.31.png","datePublished":"2025-08-13T11:08:05+00:00","dateModified":"2026-04-10T12:00:28+00:00","description":"Used Barbiboy thong - 20 year old favorite white lace piece, worn for a full day. Vacuum packed, discreet, fast EU delivery.","breadcrumb":{"@id":"https:\/\/www.szexshopbelvaros.com\/termek\/%f0%9f%91%b1%e2%9a%a7-barbiboy-hasznalt-feher-csipkes-tanga\/#breadcrumb"},"inLanguage":"en-US","potentialAction":[{"@type":"ReadAction","target":["https:\/\/www.szexshopbelvaros.com\/termek\/%f0%9f%91%b1%e2%9a%a7-barbiboy-hasznalt-feher-csipkes-tanga\/"]}]},{"@type":"ImageObject","inLanguage":"en-US","@id":"https:\/\/www.szexshopbelvaros.com\/termek\/%f0%9f%91%b1%e2%9a%a7-barbiboy-hasznalt-feher-csipkes-tanga\/#primaryimage","url":"https:\/\/www.szexshopbelvaros.com\/wp-content\/uploads\/2025\/08\/Screenshot-2025-08-13-at-13.06.31.png","contentUrl":"https:\/\/www.szexshopbelvaros.com\/wp-content\/uploads\/2025\/08\/Screenshot-2025-08-13-at-13.06.31.png","width":354,"height":394,"caption":"Barbiboy haszn\u00e1lt tanga \u2013 feh\u00e9r csipk\u00e9s Barbiboy worn white lace thong \u2013 real used underwear for fetish fans"},{"@type":"BreadcrumbList","@id":"https:\/\/www.szexshopbelvaros.com\/termek\/%f0%9f%91%b1%e2%9a%a7-barbiboy-hasznalt-feher-csipkes-tanga\/#breadcrumb","itemListElement":[{"@type":"ListItem","position":1,"name":"Home","item":"https:\/\/www.szexshopbelvaros.com\/"},{"@type":"ListItem","position":2,"name":"\u00c1ruh\u00e1z","item":"https:\/\/www.szexshopbelvaros.com\/uzlet\/"},{"@type":"ListItem","position":3,"name":"\ud83d\udc71\u200d\u2640\ufe0f\u26a7 Barbiboy haszn\u00e1lt feh\u00e9r csipk\u00e9s tanga"}]},{"@type":"WebSite","@id":"https:\/\/www.szexshopbelvaros.com\/#website","url":"https:\/\/www.szexshopbelvaros.com\/","name":"at our Szexshop Belv\u00e1ros","description":"\ud83d\udd25 Sex is like money; only too much is enough!\u2122 Secrets from the city center \ud83d\udc8b | Secrets from Budapest \ud83d\udc8e Adult games \u2022 Erotica \u2022 Sex shop Belvaros","publisher":{"@id":"https:\/\/www.szexshopbelvaros.com\/#organization"},"potentialAction":[{"@type":"SearchAction","target":{"@type":"EntryPoint","urlTemplate":"https:\/\/www.szexshopbelvaros.com\/?s={search_term_string}"},"query-input":{"@type":"PropertyValueSpecification","valueRequired":true,"valueName":"search_term_string"}}],"inLanguage":"en-US"},{"@type":"Organization","@id":"https:\/\/www.szexshopbelvaros.com\/#organization","name":"at our Szexshop Belv\u00e1ros","alternateName":"szexshopbelvaros.com","url":"https:\/\/www.szexshopbelvaros.com\/","logo":{"@type":"ImageObject","inLanguage":"en-US","@id":"https:\/\/www.szexshopbelvaros.com\/#\/schema\/logo\/image\/","url":"https:\/\/www.szexshopbelvaros.com\/wp-content\/uploads\/2025\/09\/1Szexshopbelvaroslogo_blurred_stronger.jpg","contentUrl":"https:\/\/www.szexshopbelvaros.com\/wp-content\/uploads\/2025\/09\/1Szexshopbelvaroslogo_blurred_stronger.jpg","width":1024,"height":1024,"caption":"Szexshop Belv\u00e1ros"},"image":{"@id":"https:\/\/www.szexshopbelvaros.com\/#\/schema\/logo\/image\/"},"sameAs":["https:\/\/www.facebook.com\/belvarossecrets\/","https:\/\/x.com\/belvarossecrets","https:\/\/www.instagram.com\/belvarossecrets\/","https:\/\/www.tiktok.com\/@belvarossecrets"]}]}},"_links":{"self":[{"href":"https:\/\/www.szexshopbelvaros.com\/en\/wp-json\/wp\/v2\/product\/1849","targetHints":{"allow":["GET"]}}],"collection":[{"href":"https:\/\/www.szexshopbelvaros.com\/en\/wp-json\/wp\/v2\/product"}],"about":[{"href":"https:\/\/www.szexshopbelvaros.com\/en\/wp-json\/wp\/v2\/types\/product"}],"replies":[{"embeddable":true,"href":"https:\/\/www.szexshopbelvaros.com\/en\/wp-json\/wp\/v2\/comments?post=1849"}],"wp:featuredmedia":[{"embeddable":true,"href":"https:\/\/www.szexshopbelvaros.com\/en\/wp-json\/wp\/v2\/media\/1850"}],"wp:attachment":[{"href":"https:\/\/www.szexshopbelvaros.com\/en\/wp-json\/wp\/v2\/media?parent=1849"}],"wp:term":[{"taxonomy":"product_brand","embeddable":true,"href":"https:\/\/www.szexshopbelvaros.com\/en\/wp-json\/wp\/v2\/product_brand?post=1849"},{"taxonomy":"product_cat","embeddable":true,"href":"https:\/\/www.szexshopbelvaros.com\/en\/wp-json\/wp\/v2\/product_cat?post=1849"},{"taxonomy":"product_tag","embeddable":true,"href":"https:\/\/www.szexshopbelvaros.com\/en\/wp-json\/wp\/v2\/product_tag?post=1849"}],"curies":[{"name":"wp","href":"https:\/\/api.w.org\/{rel}","templated":true}]}}