{"id":1852,"date":"2025-08-13T13:22:11","date_gmt":"2025-08-13T11:22:11","guid":{"rendered":"https:\/\/www.szexshopbelvaros.com\/?post_type=product&#038;p=1852"},"modified":"2026-04-10T14:00:28","modified_gmt":"2026-04-10T12:00:28","slug":"%f0%9f%91%b5%f0%9f%8f%bc-zsuzsineni-hasznalt-harisnya","status":"publish","type":"product","link":"https:\/\/www.szexshopbelvaros.com\/en\/product\/%f0%9f%91%b5%f0%9f%8f%bc-zsuzsineni-hasznalt-harisnya\/","title":{"rendered":"\ud83d\udc75\ud83c\udffc Zsuzsin\u00e9ni&#039;s used stockings \u2013 Saturday Evening special piece"},"content":{"rendered":"<p data-start=\"297\" data-end=\"736\"><strong data-start=\"297\" data-end=\"363\">Zsuzsin\u00e9ni&#039;s used stockings \u2013 Saturday Night Special<\/strong><\/p>\n<p data-start=\"297\" data-end=\"736\"><br data-start=\"363\" data-end=\"366\" \/>This is not an ordinary piece. This is the <strong data-start=\"397\" data-end=\"429\">Zsuzsin\u00e9n\u00ed&#039;s used stockings<\/strong>, which were her Saturday night party tights \u2013 a memento of a night of dancing, with a slightly worn material and a tiny tear that only makes them more unique. And here&#039;s the bonus: she wasn&#039;t wearing anything else underneath, so the tights were in direct contact with her skin, giving her a special, intimate experience.<\/p>\n<p data-start=\"738\" data-end=\"987\">Sealed immediately after taking it off \u2013 to keep everything the evening gave inside.<br data-start=\"818\" data-end=\"821\" \/>Only the <a class=\"decorated-link\" href=\"http:\/\/www.szexshopbelvaros.com\/en\/\" target=\"_new\" rel=\"noopener\" data-start=\"828\" data-end=\"852\">www.szexshopbelvaros.com<\/a> available in our range \u2013 a favourite collector&#039;s item for fetish lovers. Check it out <a href=\"https:\/\/www.szexshopbelvaros.com\/en\/product-category\/bugyi-fetis\/zsuzsineni\/\"><strong data-start=\"929\" data-end=\"956\">Zsuzsin\u00e9ni&#039;s collection<\/strong><\/a> for more exciting pieces!<\/p>\n<p data-start=\"989\" data-end=\"1101\">\ud83d\udca8 A fragrance for fetish fans, panty fetishists and those who like undergarments to have a story.<\/p>\n<p data-start=\"1103\" data-end=\"1168\">\ud83d\udce7 Do you have a question or request? Write to us: <a class=\"decorated-link cursor-pointer\" rel=\"noopener\" data-start=\"1141\" data-end=\"1166\">info@szexshopbelvaros.com<\/a><\/p>","protected":false},"excerpt":{"rendered":"<p>Zsuzsin\u00e9ni haszn\u00e1lt harisnya \u2013 Szombat Est\u00e9je k\u00fcl\u00f6nleges darab Ez nem egy \u00e1tlagos darab. Ez a Zsuzsin\u00e9ni haszn\u00e1lt harisnya, amely szombat esti partiharisny\u00e1ja volt \u2013 egy v\u00e9gigt\u00e1ncolt \u00e9jszaka eml\u00e9ke, enyh\u00e9n ig\u00e9nybe vett anyaggal \u00e9s egy apr\u00f3 szakad\u00e1s nyom\u00e1val, ami csak m\u00e9g egyedibb\u00e9 teszi. \u00c9s itt j\u00f6n a b\u00f3nusz: nem viselt m\u00e1st alatta, \u00edgy a harisnya k\u00f6zvetlen\u00fcl [&#8230;]\n","protected":false},"featured_media":1853,"comment_status":"closed","ping_status":"closed","template":"","meta":[],"product_brand":[],"product_cat":[209,213],"product_tag":[1660,215,1659,1650,746,246,748,1385,1651,1648,1649,744,1652,252,1386,262,1658,1657],"class_list":{"0":"post-1852","1":"product","2":"type-product","3":"status-publish","4":"has-post-thumbnail","6":"product_cat-bugyi-fetis","7":"product_cat-zsuzsineni","8":"product_tag-authentic-scent","9":"product_tag-bugyi-fetis","10":"product_tag-danced-in","11":"product_tag-experienced-wear","12":"product_tag-fetish-clothing","13":"product_tag-hasznalt-harisnya","14":"product_tag-illat-fetis","15":"product_tag-intim-fetis","16":"product_tag-intimate-clothing","17":"product_tag-mature-fetish","18":"product_tag-milf-fetish","19":"product_tag-personal-scent","20":"product_tag-personal-wear","21":"product_tag-scent-fetish","22":"product_tag-szemelyes-targy","23":"product_tag-used-tights","24":"product_tag-whole-night-wear","25":"product_tag-worn-stockings","27":"first","28":"instock","29":"taxable","30":"shipping-taxable","31":"purchasable","32":"product-type-simple"},"yoast_head":"<!-- This site is optimized with the Yoast SEO plugin v27.4 - https:\/\/yoast.com\/product\/yoast-seo-wordpress\/ -->\n<title>\ud83d\udc75\ud83c\udffc Zsuzsin\u00e9ni haszn\u00e1lt harisnya \u2013 Szombat Esti k\u00fcl\u00f6nleges darab - Szexshop Belvaros<\/title>\n<meta name=\"description\" content=\"Zsuzsin\u00e9ni haszn\u00e1lt harisnya \u2013 45 \u00e9ves Zsuzsin\u00e9ni szombat esti partiharisny\u00e1ja, egy v\u00e9gigt\u00e1ncolt \u00e9jszaka eml\u00e9k\u00e9vel. V\u00e1kuumcsomagolva, diszkr\u00e9t sz\u00e1ll\u00edt\u00e1ssal, kiz\u00e1r\u00f3lag a szexshopbelvaros.com k\u00edn\u00e1lat\u00e1b\u00f3l.\" \/>\n<meta name=\"robots\" content=\"index, follow, max-snippet:-1, max-image-preview:large, max-video-preview:-1\" \/>\n<link rel=\"canonical\" href=\"https:\/\/www.szexshopbelvaros.com\/en\/product\/\ud83d\udc75\ud83c\udffc-zsuzsineni-hasznalt-harisnya\/\" \/>\n<meta property=\"og:locale\" content=\"en_US\" \/>\n<meta property=\"og:type\" content=\"article\" \/>\n<meta property=\"og:title\" content=\"\ud83d\udc75\ud83c\udffc Zsuzsin\u00e9ni haszn\u00e1lt harisnya \u2013 Szombat Esti k\u00fcl\u00f6nleges darab - Szexshop Belvaros\" \/>\n<meta property=\"og:description\" content=\"Zsuzsin\u00e9ni haszn\u00e1lt harisnya \u2013 45 \u00e9ves Zsuzsin\u00e9ni szombat esti partiharisny\u00e1ja, egy v\u00e9gigt\u00e1ncolt \u00e9jszaka eml\u00e9k\u00e9vel. V\u00e1kuumcsomagolva, diszkr\u00e9t sz\u00e1ll\u00edt\u00e1ssal, kiz\u00e1r\u00f3lag a szexshopbelvaros.com k\u00edn\u00e1lat\u00e1b\u00f3l.\" \/>\n<meta property=\"og:url\" content=\"https:\/\/www.szexshopbelvaros.com\/en\/product\/\ud83d\udc75\ud83c\udffc-zsuzsineni-hasznalt-harisnya\/\" \/>\n<meta property=\"og:site_name\" content=\"Szexshop Belvaros\" \/>\n<meta property=\"article:publisher\" content=\"https:\/\/www.facebook.com\/belvarossecrets\/\" \/>\n<meta property=\"article:modified_time\" content=\"2026-04-10T12:00:28+00:00\" \/>\n<meta property=\"og:image\" content=\"https:\/\/www.szexshopbelvaros.com\/wp-content\/uploads\/2025\/08\/Screenshot-2025-08-13-at-13.20.35.png\" \/>\n\t<meta property=\"og:image:width\" content=\"510\" \/>\n\t<meta property=\"og:image:height\" content=\"400\" \/>\n\t<meta property=\"og:image:type\" content=\"image\/png\" \/>\n<meta name=\"twitter:card\" content=\"summary_large_image\" \/>\n<meta name=\"twitter:site\" content=\"@belvarossecrets\" \/>\n<meta name=\"twitter:label1\" content=\"Est. reading time\" \/>\n\t<meta name=\"twitter:data1\" content=\"1 minute\" \/>\n<script type=\"application\/ld+json\" class=\"yoast-schema-graph\">{\"@context\":\"https:\\\/\\\/schema.org\",\"@graph\":[{\"@type\":\"WebPage\",\"@id\":\"https:\\\/\\\/www.szexshopbelvaros.com\\\/termek\\\/%f0%9f%91%b5%f0%9f%8f%bc-zsuzsineni-hasznalt-harisnya\\\/\",\"url\":\"https:\\\/\\\/www.szexshopbelvaros.com\\\/termek\\\/%f0%9f%91%b5%f0%9f%8f%bc-zsuzsineni-hasznalt-harisnya\\\/\",\"name\":\"\ud83d\udc75\ud83c\udffc Zsuzsin\u00e9ni haszn\u00e1lt harisnya \u2013 Szombat Esti k\u00fcl\u00f6nleges darab - Szexshop Belvaros\",\"isPartOf\":{\"@id\":\"https:\\\/\\\/www.szexshopbelvaros.com\\\/#website\"},\"primaryImageOfPage\":{\"@id\":\"https:\\\/\\\/www.szexshopbelvaros.com\\\/termek\\\/%f0%9f%91%b5%f0%9f%8f%bc-zsuzsineni-hasznalt-harisnya\\\/#primaryimage\"},\"image\":{\"@id\":\"https:\\\/\\\/www.szexshopbelvaros.com\\\/termek\\\/%f0%9f%91%b5%f0%9f%8f%bc-zsuzsineni-hasznalt-harisnya\\\/#primaryimage\"},\"thumbnailUrl\":\"https:\\\/\\\/www.szexshopbelvaros.com\\\/wp-content\\\/uploads\\\/2025\\\/08\\\/Screenshot-2025-08-13-at-13.20.35.png\",\"datePublished\":\"2025-08-13T11:22:11+00:00\",\"dateModified\":\"2026-04-10T12:00:28+00:00\",\"description\":\"Zsuzsin\u00e9ni haszn\u00e1lt harisnya \u2013 45 \u00e9ves Zsuzsin\u00e9ni szombat esti partiharisny\u00e1ja, egy v\u00e9gigt\u00e1ncolt \u00e9jszaka eml\u00e9k\u00e9vel. V\u00e1kuumcsomagolva, diszkr\u00e9t sz\u00e1ll\u00edt\u00e1ssal, kiz\u00e1r\u00f3lag a szexshopbelvaros.com k\u00edn\u00e1lat\u00e1b\u00f3l.\",\"breadcrumb\":{\"@id\":\"https:\\\/\\\/www.szexshopbelvaros.com\\\/termek\\\/%f0%9f%91%b5%f0%9f%8f%bc-zsuzsineni-hasznalt-harisnya\\\/#breadcrumb\"},\"inLanguage\":\"en-US\",\"potentialAction\":[{\"@type\":\"ReadAction\",\"target\":[\"https:\\\/\\\/www.szexshopbelvaros.com\\\/termek\\\/%f0%9f%91%b5%f0%9f%8f%bc-zsuzsineni-hasznalt-harisnya\\\/\"]}]},{\"@type\":\"ImageObject\",\"inLanguage\":\"en-US\",\"@id\":\"https:\\\/\\\/www.szexshopbelvaros.com\\\/termek\\\/%f0%9f%91%b5%f0%9f%8f%bc-zsuzsineni-hasznalt-harisnya\\\/#primaryimage\",\"url\":\"https:\\\/\\\/www.szexshopbelvaros.com\\\/wp-content\\\/uploads\\\/2025\\\/08\\\/Screenshot-2025-08-13-at-13.20.35.png\",\"contentUrl\":\"https:\\\/\\\/www.szexshopbelvaros.com\\\/wp-content\\\/uploads\\\/2025\\\/08\\\/Screenshot-2025-08-13-at-13.20.35.png\",\"width\":510,\"height\":400,\"caption\":\"Zsuzsin\u00e9ni szombat esti haszn\u00e1lt harisny\u00e1ja \u2013 val\u00f3di viselt nylon f\u00e9tis darab a Szexshop Belv\u00e1ros k\u00edn\u00e1lat\u00e1banZsuzsin\u00e9ni\u2019s Saturday night worn pantyhose \u2013 authentic used nylon fetish piece from Szexshop Belv\u00e1ros\"},{\"@type\":\"BreadcrumbList\",\"@id\":\"https:\\\/\\\/www.szexshopbelvaros.com\\\/termek\\\/%f0%9f%91%b5%f0%9f%8f%bc-zsuzsineni-hasznalt-harisnya\\\/#breadcrumb\",\"itemListElement\":[{\"@type\":\"ListItem\",\"position\":1,\"name\":\"Home\",\"item\":\"https:\\\/\\\/www.szexshopbelvaros.com\\\/\"},{\"@type\":\"ListItem\",\"position\":2,\"name\":\"\u00c1ruh\u00e1z\",\"item\":\"https:\\\/\\\/www.szexshopbelvaros.com\\\/uzlet\\\/\"},{\"@type\":\"ListItem\",\"position\":3,\"name\":\"\ud83d\udc75\ud83c\udffc Zsuzsin\u00e9ni haszn\u00e1lt harisnya \u2013 Szombat Esti k\u00fcl\u00f6nleges darab\"}]},{\"@type\":\"WebSite\",\"@id\":\"https:\\\/\\\/www.szexshopbelvaros.com\\\/#website\",\"url\":\"https:\\\/\\\/www.szexshopbelvaros.com\\\/\",\"name\":\"Szexshop Belv\u00e1ros\",\"description\":\"\ud83d\udd25 A szex olyan, mint a p\u00e9nz; csak a t\u00fal sok el\u00e9g!\u2122 Titkok a belv\u00e1rosb\u00f3l \ud83d\udc8b | Secrets from Budapest \ud83d\udc8e Feln\u0151tt j\u00e1t\u00e9kok \u2022 Erotika \u2022 Szexshop Belvaros\",\"publisher\":{\"@id\":\"https:\\\/\\\/www.szexshopbelvaros.com\\\/#organization\"},\"potentialAction\":[{\"@type\":\"SearchAction\",\"target\":{\"@type\":\"EntryPoint\",\"urlTemplate\":\"https:\\\/\\\/www.szexshopbelvaros.com\\\/?s={search_term_string}\"},\"query-input\":{\"@type\":\"PropertyValueSpecification\",\"valueRequired\":true,\"valueName\":\"search_term_string\"}}],\"inLanguage\":\"en-US\"},{\"@type\":\"Organization\",\"@id\":\"https:\\\/\\\/www.szexshopbelvaros.com\\\/#organization\",\"name\":\"Szexshop Belv\u00e1ros\",\"alternateName\":\"szexshopbelvaros.com\",\"url\":\"https:\\\/\\\/www.szexshopbelvaros.com\\\/\",\"logo\":{\"@type\":\"ImageObject\",\"inLanguage\":\"en-US\",\"@id\":\"https:\\\/\\\/www.szexshopbelvaros.com\\\/#\\\/schema\\\/logo\\\/image\\\/\",\"url\":\"https:\\\/\\\/www.szexshopbelvaros.com\\\/wp-content\\\/uploads\\\/2025\\\/09\\\/1Szexshopbelvaroslogo_blurred_stronger.jpg\",\"contentUrl\":\"https:\\\/\\\/www.szexshopbelvaros.com\\\/wp-content\\\/uploads\\\/2025\\\/09\\\/1Szexshopbelvaroslogo_blurred_stronger.jpg\",\"width\":1024,\"height\":1024,\"caption\":\"Szexshop Belv\u00e1ros\"},\"image\":{\"@id\":\"https:\\\/\\\/www.szexshopbelvaros.com\\\/#\\\/schema\\\/logo\\\/image\\\/\"},\"sameAs\":[\"https:\\\/\\\/www.facebook.com\\\/belvarossecrets\\\/\",\"https:\\\/\\\/x.com\\\/belvarossecrets\",\"https:\\\/\\\/www.instagram.com\\\/belvarossecrets\\\/\",\"https:\\\/\\\/www.tiktok.com\\\/@belvarossecrets\"]}]}<\/script>\n<!-- \/ Yoast SEO plugin. -->","yoast_head_json":{"title":"\ud83d\udc75\ud83c\udffc Zsuzsin\u00e9n\u00ed&#039;s used stockings - Saturday Evening special piece - Szexshop Belvaros","description":"Zsuzsin\u00e9ni&#039;s used stockings - 45-year-old Zsuzsin\u00e9ni&#039;s Saturday night party stockings, a memento of a night spent dancing. Vacuum-packed, with discreet delivery, exclusively from szexshopbelvaros.com.","robots":{"index":"index","follow":"follow","max-snippet":"max-snippet:-1","max-image-preview":"max-image-preview:large","max-video-preview":"max-video-preview:-1"},"canonical":"https:\/\/www.szexshopbelvaros.com\/en\/product\/\ud83d\udc75\ud83c\udffc-zsuzsineni-hasznalt-harisnya\/","og_locale":"en_US","og_type":"article","og_title":"\ud83d\udc75\ud83c\udffc Zsuzsin\u00e9ni haszn\u00e1lt harisnya \u2013 Szombat Esti k\u00fcl\u00f6nleges darab - Szexshop Belvaros","og_description":"Zsuzsin\u00e9ni haszn\u00e1lt harisnya \u2013 45 \u00e9ves Zsuzsin\u00e9ni szombat esti partiharisny\u00e1ja, egy v\u00e9gigt\u00e1ncolt \u00e9jszaka eml\u00e9k\u00e9vel. V\u00e1kuumcsomagolva, diszkr\u00e9t sz\u00e1ll\u00edt\u00e1ssal, kiz\u00e1r\u00f3lag a szexshopbelvaros.com k\u00edn\u00e1lat\u00e1b\u00f3l.","og_url":"https:\/\/www.szexshopbelvaros.com\/en\/product\/\ud83d\udc75\ud83c\udffc-zsuzsineni-hasznalt-harisnya\/","og_site_name":"Szexshop Belvaros","article_publisher":"https:\/\/www.facebook.com\/belvarossecrets\/","article_modified_time":"2026-04-10T12:00:28+00:00","og_image":[{"width":510,"height":400,"url":"https:\/\/www.szexshopbelvaros.com\/wp-content\/uploads\/2025\/08\/Screenshot-2025-08-13-at-13.20.35.png","type":"image\/png"}],"twitter_card":"summary_large_image","twitter_site":"@belvarossecrets","twitter_misc":{"Est. reading time":"1 minute"},"schema":{"@context":"https:\/\/schema.org","@graph":[{"@type":"WebPage","@id":"https:\/\/www.szexshopbelvaros.com\/termek\/%f0%9f%91%b5%f0%9f%8f%bc-zsuzsineni-hasznalt-harisnya\/","url":"https:\/\/www.szexshopbelvaros.com\/termek\/%f0%9f%91%b5%f0%9f%8f%bc-zsuzsineni-hasznalt-harisnya\/","name":"\ud83d\udc75\ud83c\udffc Zsuzsin\u00e9n\u00ed&#039;s used stockings - Saturday Evening special piece - Szexshop Belvaros","isPartOf":{"@id":"https:\/\/www.szexshopbelvaros.com\/#website"},"primaryImageOfPage":{"@id":"https:\/\/www.szexshopbelvaros.com\/termek\/%f0%9f%91%b5%f0%9f%8f%bc-zsuzsineni-hasznalt-harisnya\/#primaryimage"},"image":{"@id":"https:\/\/www.szexshopbelvaros.com\/termek\/%f0%9f%91%b5%f0%9f%8f%bc-zsuzsineni-hasznalt-harisnya\/#primaryimage"},"thumbnailUrl":"https:\/\/www.szexshopbelvaros.com\/wp-content\/uploads\/2025\/08\/Screenshot-2025-08-13-at-13.20.35.png","datePublished":"2025-08-13T11:22:11+00:00","dateModified":"2026-04-10T12:00:28+00:00","description":"Zsuzsin\u00e9ni&#039;s used stockings - 45-year-old Zsuzsin\u00e9ni&#039;s Saturday night party stockings, a memento of a night spent dancing. Vacuum-packed, with discreet delivery, exclusively from szexshopbelvaros.com.","breadcrumb":{"@id":"https:\/\/www.szexshopbelvaros.com\/termek\/%f0%9f%91%b5%f0%9f%8f%bc-zsuzsineni-hasznalt-harisnya\/#breadcrumb"},"inLanguage":"en-US","potentialAction":[{"@type":"ReadAction","target":["https:\/\/www.szexshopbelvaros.com\/termek\/%f0%9f%91%b5%f0%9f%8f%bc-zsuzsineni-hasznalt-harisnya\/"]}]},{"@type":"ImageObject","inLanguage":"en-US","@id":"https:\/\/www.szexshopbelvaros.com\/termek\/%f0%9f%91%b5%f0%9f%8f%bc-zsuzsineni-hasznalt-harisnya\/#primaryimage","url":"https:\/\/www.szexshopbelvaros.com\/wp-content\/uploads\/2025\/08\/Screenshot-2025-08-13-at-13.20.35.png","contentUrl":"https:\/\/www.szexshopbelvaros.com\/wp-content\/uploads\/2025\/08\/Screenshot-2025-08-13-at-13.20.35.png","width":510,"height":400,"caption":"Zsuzsin\u00e9ni szombat esti haszn\u00e1lt harisny\u00e1ja \u2013 val\u00f3di viselt nylon f\u00e9tis darab a Szexshop Belv\u00e1ros k\u00edn\u00e1lat\u00e1banZsuzsin\u00e9ni\u2019s Saturday night worn pantyhose \u2013 authentic used nylon fetish piece from Szexshop Belv\u00e1ros"},{"@type":"BreadcrumbList","@id":"https:\/\/www.szexshopbelvaros.com\/termek\/%f0%9f%91%b5%f0%9f%8f%bc-zsuzsineni-hasznalt-harisnya\/#breadcrumb","itemListElement":[{"@type":"ListItem","position":1,"name":"Home","item":"https:\/\/www.szexshopbelvaros.com\/"},{"@type":"ListItem","position":2,"name":"\u00c1ruh\u00e1z","item":"https:\/\/www.szexshopbelvaros.com\/uzlet\/"},{"@type":"ListItem","position":3,"name":"\ud83d\udc75\ud83c\udffc Zsuzsin\u00e9ni haszn\u00e1lt harisnya \u2013 Szombat Esti k\u00fcl\u00f6nleges darab"}]},{"@type":"WebSite","@id":"https:\/\/www.szexshopbelvaros.com\/#website","url":"https:\/\/www.szexshopbelvaros.com\/","name":"at our Szexshop Belv\u00e1ros","description":"\ud83d\udd25 Sex is like money; only too much is enough!\u2122 Secrets from the city center \ud83d\udc8b | Secrets from Budapest \ud83d\udc8e Adult games \u2022 Erotica \u2022 Sex shop Belvaros","publisher":{"@id":"https:\/\/www.szexshopbelvaros.com\/#organization"},"potentialAction":[{"@type":"SearchAction","target":{"@type":"EntryPoint","urlTemplate":"https:\/\/www.szexshopbelvaros.com\/?s={search_term_string}"},"query-input":{"@type":"PropertyValueSpecification","valueRequired":true,"valueName":"search_term_string"}}],"inLanguage":"en-US"},{"@type":"Organization","@id":"https:\/\/www.szexshopbelvaros.com\/#organization","name":"at our Szexshop Belv\u00e1ros","alternateName":"szexshopbelvaros.com","url":"https:\/\/www.szexshopbelvaros.com\/","logo":{"@type":"ImageObject","inLanguage":"en-US","@id":"https:\/\/www.szexshopbelvaros.com\/#\/schema\/logo\/image\/","url":"https:\/\/www.szexshopbelvaros.com\/wp-content\/uploads\/2025\/09\/1Szexshopbelvaroslogo_blurred_stronger.jpg","contentUrl":"https:\/\/www.szexshopbelvaros.com\/wp-content\/uploads\/2025\/09\/1Szexshopbelvaroslogo_blurred_stronger.jpg","width":1024,"height":1024,"caption":"Szexshop Belv\u00e1ros"},"image":{"@id":"https:\/\/www.szexshopbelvaros.com\/#\/schema\/logo\/image\/"},"sameAs":["https:\/\/www.facebook.com\/belvarossecrets\/","https:\/\/x.com\/belvarossecrets","https:\/\/www.instagram.com\/belvarossecrets\/","https:\/\/www.tiktok.com\/@belvarossecrets"]}]}},"_links":{"self":[{"href":"https:\/\/www.szexshopbelvaros.com\/en\/wp-json\/wp\/v2\/product\/1852","targetHints":{"allow":["GET"]}}],"collection":[{"href":"https:\/\/www.szexshopbelvaros.com\/en\/wp-json\/wp\/v2\/product"}],"about":[{"href":"https:\/\/www.szexshopbelvaros.com\/en\/wp-json\/wp\/v2\/types\/product"}],"replies":[{"embeddable":true,"href":"https:\/\/www.szexshopbelvaros.com\/en\/wp-json\/wp\/v2\/comments?post=1852"}],"wp:featuredmedia":[{"embeddable":true,"href":"https:\/\/www.szexshopbelvaros.com\/en\/wp-json\/wp\/v2\/media\/1853"}],"wp:attachment":[{"href":"https:\/\/www.szexshopbelvaros.com\/en\/wp-json\/wp\/v2\/media?parent=1852"}],"wp:term":[{"taxonomy":"product_brand","embeddable":true,"href":"https:\/\/www.szexshopbelvaros.com\/en\/wp-json\/wp\/v2\/product_brand?post=1852"},{"taxonomy":"product_cat","embeddable":true,"href":"https:\/\/www.szexshopbelvaros.com\/en\/wp-json\/wp\/v2\/product_cat?post=1852"},{"taxonomy":"product_tag","embeddable":true,"href":"https:\/\/www.szexshopbelvaros.com\/en\/wp-json\/wp\/v2\/product_tag?post=1852"}],"curies":[{"name":"wp","href":"https:\/\/api.w.org\/{rel}","templated":true}]}}