{"id":192,"date":"2025-01-31T14:35:32","date_gmt":"2025-01-31T13:35:32","guid":{"rendered":"https:\/\/www.szexshopbelvaros.com\/termek\/metal-handcuff-with-plush-pink\/"},"modified":"2026-04-14T17:20:30","modified_gmt":"2026-04-14T15:20:30","slug":"metal-handcuff-with-plush-pink","status":"publish","type":"product","link":"https:\/\/www.szexshopbelvaros.com\/en\/product\/metal-handcuff-with-plush-pink\/","title":{"rendered":"\ud83d\udc96 Cute handcuffs, dirty fantasies \u2013 pink glitter that will captivate you"},"content":{"rendered":"<p data-start=\"82\" data-end=\"513\">These pink plush-covered metal handcuffs are just what you might think they are\u2026 and then they snap, and there\u2019s no more free will, just dirty obedience. The 6cm diameter is perfect for snapping on limbs, whether it\u2019s part of a virginal bachelorette party or the prelude to a wild S\/M sex night. The metal body provides support, while the soft plush ensures that bondage is not only exciting, but comfortable too.<\/p>\n<p data-start=\"515\" data-end=\"845\">The handcuffs can be opened with a key and a safety lock, so they are not only erotic, but also safe - just like the best BDSM and fetish toys. Whether you are looking for an accessory for roleplay, bondage, or just a little pink mischief, this erotic toy is guaranteed to reduce freedom while increasing pleasure.<\/p>\n<p data-start=\"847\" data-end=\"955\">Available at sexshopbelvaros, where behind every pink innocence lies a little perverted glamour. \ud83d\udc8b<\/p>\n<p>&nbsp;<\/p>","protected":false},"excerpt":{"rendered":"<p>Ez a r\u00f3zsasz\u00edn pl\u00fcss bor\u00edt\u00e1s\u00fa, f\u00e9mb\u0151l k\u00e9sz\u00fclt bilincs pont az, ami els\u0151re \u00e1rtatlannak t\u0171nik&#8230; azt\u00e1n meg csattan, \u00e9s m\u00e1ris nincs t\u00f6bb szabad akarat, csak mocskos engedelmess\u00e9g. A 6 cm-es \u00e1tm\u00e9r\u0151 ide\u00e1lis ahhoz, hogy a v\u00e9gtagokon csattanjon, ak\u00e1r egy sz\u0171zies le\u00e1nyb\u00facs\u00fa r\u00e9sze, ak\u00e1r egy vad S\/M szex \u00e9jszaka nyit\u00e1nya. A f\u00e9mtest tart\u00e1st ad, a puha pl\u00fcss [&#8230;]\n","protected":false},"featured_media":2123,"comment_status":"closed","ping_status":"closed","template":"","meta":[],"product_brand":[49],"product_cat":[52,2005],"product_tag":[321,1410,1416,372,1561,389,1415,2008,2021,1407,2022,2020,715],"class_list":{"0":"post-192","1":"product","2":"type-product","3":"status-publish","4":"has-post-thumbnail","6":"product_brand-nmc-product","7":"product_cat-bdsm","8":"product_cat-kotozes-rogzites","9":"product_tag-bdsm","10":"product_tag-bdsm-toy","11":"product_tag-bilincs","12":"product_tag-bondage","13":"product_tag-bondage-rope","14":"product_tag-felnott-jatek","15":"product_tag-handcuffs","16":"product_tag-kink","17":"product_tag-kotelfetis","18":"product_tag-kotozes","19":"product_tag-restraints","20":"product_tag-rogzites","21":"product_tag-szadomazo-kellek","23":"first","24":"instock","25":"taxable","26":"shipping-taxable","27":"purchasable","28":"product-type-simple"},"yoast_head":"<!-- This site is optimized with the Yoast SEO plugin v27.5 - https:\/\/yoast.com\/product\/yoast-seo-wordpress\/ -->\n<title>\ud83d\udc96 Cuki bilincs, mocskos fant\u00e1zi\u00e1k \u2013 r\u00f3zsasz\u00edn csillog\u00e1s, ami rabs\u00e1gba ejt - Szexshop Belvaros<\/title>\n<meta name=\"robots\" content=\"index, follow, max-snippet:-1, max-image-preview:large, max-video-preview:-1\" \/>\n<link rel=\"canonical\" href=\"https:\/\/www.szexshopbelvaros.com\/en\/product\/metal-handcuff-with-plush-pink\/\" \/>\n<meta property=\"og:locale\" content=\"en_US\" \/>\n<meta property=\"og:type\" content=\"article\" \/>\n<meta property=\"og:title\" content=\"\ud83d\udc96 Cuki bilincs, mocskos fant\u00e1zi\u00e1k \u2013 r\u00f3zsasz\u00edn csillog\u00e1s, ami rabs\u00e1gba ejt - Szexshop Belvaros\" \/>\n<meta property=\"og:description\" content=\"Ez a r\u00f3zsasz\u00edn pl\u00fcss bor\u00edt\u00e1s\u00fa, f\u00e9mb\u0151l k\u00e9sz\u00fclt bilincs pont az, ami els\u0151re \u00e1rtatlannak t\u0171nik&#8230; azt\u00e1n meg csattan, \u00e9s m\u00e1ris nincs t\u00f6bb szabad akarat, csak mocskos engedelmess\u00e9g. A 6 cm-es \u00e1tm\u00e9r\u0151 ide\u00e1lis ahhoz, hogy a v\u00e9gtagokon csattanjon, ak\u00e1r egy sz\u0171zies le\u00e1nyb\u00facs\u00fa r\u00e9sze, ak\u00e1r egy vad S\/M szex \u00e9jszaka nyit\u00e1nya. A f\u00e9mtest tart\u00e1st ad, a puha pl\u00fcss [...]\" \/>\n<meta property=\"og:url\" content=\"https:\/\/www.szexshopbelvaros.com\/en\/product\/metal-handcuff-with-plush-pink\/\" \/>\n<meta property=\"og:site_name\" content=\"Szexshop Belvaros\" \/>\n<meta property=\"article:publisher\" content=\"https:\/\/www.facebook.com\/belvarossecrets\/\" \/>\n<meta property=\"article:modified_time\" content=\"2026-04-14T15:20:30+00:00\" \/>\n<meta property=\"og:image\" content=\"https:\/\/www.szexshopbelvaros.com\/wp-content\/uploads\/2025\/01\/pinkfuz.jpg\" \/>\n\t<meta property=\"og:image:width\" content=\"1000\" \/>\n\t<meta property=\"og:image:height\" content=\"562\" \/>\n\t<meta property=\"og:image:type\" content=\"image\/jpeg\" \/>\n<meta name=\"twitter:card\" content=\"summary_large_image\" \/>\n<meta name=\"twitter:site\" content=\"@belvarossecrets\" \/>\n<meta name=\"twitter:label1\" content=\"Est. reading time\" \/>\n\t<meta name=\"twitter:data1\" content=\"1 minute\" \/>\n<script type=\"application\/ld+json\" class=\"yoast-schema-graph\">{\"@context\":\"https:\\\/\\\/schema.org\",\"@graph\":[{\"@type\":\"WebPage\",\"@id\":\"https:\\\/\\\/www.szexshopbelvaros.com\\\/termek\\\/metal-handcuff-with-plush-pink\\\/\",\"url\":\"https:\\\/\\\/www.szexshopbelvaros.com\\\/termek\\\/metal-handcuff-with-plush-pink\\\/\",\"name\":\"\ud83d\udc96 Cuki bilincs, mocskos fant\u00e1zi\u00e1k \u2013 r\u00f3zsasz\u00edn csillog\u00e1s, ami rabs\u00e1gba ejt - Szexshop Belvaros\",\"isPartOf\":{\"@id\":\"https:\\\/\\\/www.szexshopbelvaros.com\\\/#website\"},\"primaryImageOfPage\":{\"@id\":\"https:\\\/\\\/www.szexshopbelvaros.com\\\/termek\\\/metal-handcuff-with-plush-pink\\\/#primaryimage\"},\"image\":{\"@id\":\"https:\\\/\\\/www.szexshopbelvaros.com\\\/termek\\\/metal-handcuff-with-plush-pink\\\/#primaryimage\"},\"thumbnailUrl\":\"https:\\\/\\\/www.szexshopbelvaros.com\\\/wp-content\\\/uploads\\\/2025\\\/01\\\/pinkfuz.jpg\",\"datePublished\":\"2025-01-31T13:35:32+00:00\",\"dateModified\":\"2026-04-14T15:20:30+00:00\",\"breadcrumb\":{\"@id\":\"https:\\\/\\\/www.szexshopbelvaros.com\\\/termek\\\/metal-handcuff-with-plush-pink\\\/#breadcrumb\"},\"inLanguage\":\"en-US\",\"potentialAction\":[{\"@type\":\"ReadAction\",\"target\":[\"https:\\\/\\\/www.szexshopbelvaros.com\\\/termek\\\/metal-handcuff-with-plush-pink\\\/\"]}]},{\"@type\":\"ImageObject\",\"inLanguage\":\"en-US\",\"@id\":\"https:\\\/\\\/www.szexshopbelvaros.com\\\/termek\\\/metal-handcuff-with-plush-pink\\\/#primaryimage\",\"url\":\"https:\\\/\\\/www.szexshopbelvaros.com\\\/wp-content\\\/uploads\\\/2025\\\/01\\\/pinkfuz.jpg\",\"contentUrl\":\"https:\\\/\\\/www.szexshopbelvaros.com\\\/wp-content\\\/uploads\\\/2025\\\/01\\\/pinkfuz.jpg\",\"width\":1000,\"height\":562},{\"@type\":\"BreadcrumbList\",\"@id\":\"https:\\\/\\\/www.szexshopbelvaros.com\\\/termek\\\/metal-handcuff-with-plush-pink\\\/#breadcrumb\",\"itemListElement\":[{\"@type\":\"ListItem\",\"position\":1,\"name\":\"Home\",\"item\":\"https:\\\/\\\/www.szexshopbelvaros.com\\\/\"},{\"@type\":\"ListItem\",\"position\":2,\"name\":\"\u00c1ruh\u00e1z\",\"item\":\"https:\\\/\\\/www.szexshopbelvaros.com\\\/uzlet\\\/\"},{\"@type\":\"ListItem\",\"position\":3,\"name\":\"\ud83d\udc96 Cuki bilincs, mocskos fant\u00e1zi\u00e1k \u2013 r\u00f3zsasz\u00edn csillog\u00e1s, ami rabs\u00e1gba ejt\"}]},{\"@type\":\"WebSite\",\"@id\":\"https:\\\/\\\/www.szexshopbelvaros.com\\\/#website\",\"url\":\"https:\\\/\\\/www.szexshopbelvaros.com\\\/\",\"name\":\"Szexshop Belv\u00e1ros\",\"description\":\"\ud83d\udd25 A szex olyan, mint a p\u00e9nz; csak a t\u00fal sok el\u00e9g!\u2122 Titkok a belv\u00e1rosb\u00f3l \ud83d\udc8b | Secrets from Budapest \ud83d\udc8e Feln\u0151tt j\u00e1t\u00e9kok \u2022 Erotika \u2022 Szexshop Belvaros\",\"publisher\":{\"@id\":\"https:\\\/\\\/www.szexshopbelvaros.com\\\/#organization\"},\"potentialAction\":[{\"@type\":\"SearchAction\",\"target\":{\"@type\":\"EntryPoint\",\"urlTemplate\":\"https:\\\/\\\/www.szexshopbelvaros.com\\\/?s={search_term_string}\"},\"query-input\":{\"@type\":\"PropertyValueSpecification\",\"valueRequired\":true,\"valueName\":\"search_term_string\"}}],\"inLanguage\":\"en-US\"},{\"@type\":\"Organization\",\"@id\":\"https:\\\/\\\/www.szexshopbelvaros.com\\\/#organization\",\"name\":\"Szexshop Belv\u00e1ros\",\"alternateName\":\"szexshopbelvaros.com\",\"url\":\"https:\\\/\\\/www.szexshopbelvaros.com\\\/\",\"logo\":{\"@type\":\"ImageObject\",\"inLanguage\":\"en-US\",\"@id\":\"https:\\\/\\\/www.szexshopbelvaros.com\\\/#\\\/schema\\\/logo\\\/image\\\/\",\"url\":\"https:\\\/\\\/www.szexshopbelvaros.com\\\/wp-content\\\/uploads\\\/2025\\\/09\\\/1Szexshopbelvaroslogo_blurred_stronger.jpg\",\"contentUrl\":\"https:\\\/\\\/www.szexshopbelvaros.com\\\/wp-content\\\/uploads\\\/2025\\\/09\\\/1Szexshopbelvaroslogo_blurred_stronger.jpg\",\"width\":1024,\"height\":1024,\"caption\":\"Szexshop Belv\u00e1ros\"},\"image\":{\"@id\":\"https:\\\/\\\/www.szexshopbelvaros.com\\\/#\\\/schema\\\/logo\\\/image\\\/\"},\"sameAs\":[\"https:\\\/\\\/www.facebook.com\\\/belvarossecrets\\\/\",\"https:\\\/\\\/x.com\\\/belvarossecrets\",\"https:\\\/\\\/www.instagram.com\\\/belvarossecrets\\\/\",\"https:\\\/\\\/www.tiktok.com\\\/@belvarossecrets\"]}]}<\/script>\n<!-- \/ Yoast SEO plugin. -->","yoast_head_json":{"title":"\ud83d\udc96 Cute handcuffs, dirty fantasies \u2013 pink glitter that captivates you - Szexshop Belvaros","robots":{"index":"index","follow":"follow","max-snippet":"max-snippet:-1","max-image-preview":"max-image-preview:large","max-video-preview":"max-video-preview:-1"},"canonical":"https:\/\/www.szexshopbelvaros.com\/en\/product\/metal-handcuff-with-plush-pink\/","og_locale":"en_US","og_type":"article","og_title":"\ud83d\udc96 Cuki bilincs, mocskos fant\u00e1zi\u00e1k \u2013 r\u00f3zsasz\u00edn csillog\u00e1s, ami rabs\u00e1gba ejt - Szexshop Belvaros","og_description":"Ez a r\u00f3zsasz\u00edn pl\u00fcss bor\u00edt\u00e1s\u00fa, f\u00e9mb\u0151l k\u00e9sz\u00fclt bilincs pont az, ami els\u0151re \u00e1rtatlannak t\u0171nik&#8230; azt\u00e1n meg csattan, \u00e9s m\u00e1ris nincs t\u00f6bb szabad akarat, csak mocskos engedelmess\u00e9g. A 6 cm-es \u00e1tm\u00e9r\u0151 ide\u00e1lis ahhoz, hogy a v\u00e9gtagokon csattanjon, ak\u00e1r egy sz\u0171zies le\u00e1nyb\u00facs\u00fa r\u00e9sze, ak\u00e1r egy vad S\/M szex \u00e9jszaka nyit\u00e1nya. A f\u00e9mtest tart\u00e1st ad, a puha pl\u00fcss [...]","og_url":"https:\/\/www.szexshopbelvaros.com\/en\/product\/metal-handcuff-with-plush-pink\/","og_site_name":"Szexshop Belvaros","article_publisher":"https:\/\/www.facebook.com\/belvarossecrets\/","article_modified_time":"2026-04-14T15:20:30+00:00","og_image":[{"width":1000,"height":562,"url":"https:\/\/www.szexshopbelvaros.com\/wp-content\/uploads\/2025\/01\/pinkfuz.jpg","type":"image\/jpeg"}],"twitter_card":"summary_large_image","twitter_site":"@belvarossecrets","twitter_misc":{"Est. reading time":"1 minute"},"schema":{"@context":"https:\/\/schema.org","@graph":[{"@type":"WebPage","@id":"https:\/\/www.szexshopbelvaros.com\/termek\/metal-handcuff-with-plush-pink\/","url":"https:\/\/www.szexshopbelvaros.com\/termek\/metal-handcuff-with-plush-pink\/","name":"\ud83d\udc96 Cute handcuffs, dirty fantasies \u2013 pink glitter that captivates you - Szexshop Belvaros","isPartOf":{"@id":"https:\/\/www.szexshopbelvaros.com\/#website"},"primaryImageOfPage":{"@id":"https:\/\/www.szexshopbelvaros.com\/termek\/metal-handcuff-with-plush-pink\/#primaryimage"},"image":{"@id":"https:\/\/www.szexshopbelvaros.com\/termek\/metal-handcuff-with-plush-pink\/#primaryimage"},"thumbnailUrl":"https:\/\/www.szexshopbelvaros.com\/wp-content\/uploads\/2025\/01\/pinkfuz.jpg","datePublished":"2025-01-31T13:35:32+00:00","dateModified":"2026-04-14T15:20:30+00:00","breadcrumb":{"@id":"https:\/\/www.szexshopbelvaros.com\/termek\/metal-handcuff-with-plush-pink\/#breadcrumb"},"inLanguage":"en-US","potentialAction":[{"@type":"ReadAction","target":["https:\/\/www.szexshopbelvaros.com\/termek\/metal-handcuff-with-plush-pink\/"]}]},{"@type":"ImageObject","inLanguage":"en-US","@id":"https:\/\/www.szexshopbelvaros.com\/termek\/metal-handcuff-with-plush-pink\/#primaryimage","url":"https:\/\/www.szexshopbelvaros.com\/wp-content\/uploads\/2025\/01\/pinkfuz.jpg","contentUrl":"https:\/\/www.szexshopbelvaros.com\/wp-content\/uploads\/2025\/01\/pinkfuz.jpg","width":1000,"height":562},{"@type":"BreadcrumbList","@id":"https:\/\/www.szexshopbelvaros.com\/termek\/metal-handcuff-with-plush-pink\/#breadcrumb","itemListElement":[{"@type":"ListItem","position":1,"name":"Home","item":"https:\/\/www.szexshopbelvaros.com\/"},{"@type":"ListItem","position":2,"name":"\u00c1ruh\u00e1z","item":"https:\/\/www.szexshopbelvaros.com\/uzlet\/"},{"@type":"ListItem","position":3,"name":"\ud83d\udc96 Cuki bilincs, mocskos fant\u00e1zi\u00e1k \u2013 r\u00f3zsasz\u00edn csillog\u00e1s, ami rabs\u00e1gba ejt"}]},{"@type":"WebSite","@id":"https:\/\/www.szexshopbelvaros.com\/#website","url":"https:\/\/www.szexshopbelvaros.com\/","name":"at our Szexshop Belv\u00e1ros","description":"\ud83d\udd25 Sex is like money; only too much is enough!\u2122 Secrets from the city center \ud83d\udc8b | Secrets from Budapest \ud83d\udc8e Adult games \u2022 Erotica \u2022 Sex shop Belvaros","publisher":{"@id":"https:\/\/www.szexshopbelvaros.com\/#organization"},"potentialAction":[{"@type":"SearchAction","target":{"@type":"EntryPoint","urlTemplate":"https:\/\/www.szexshopbelvaros.com\/?s={search_term_string}"},"query-input":{"@type":"PropertyValueSpecification","valueRequired":true,"valueName":"search_term_string"}}],"inLanguage":"en-US"},{"@type":"Organization","@id":"https:\/\/www.szexshopbelvaros.com\/#organization","name":"at our Szexshop Belv\u00e1ros","alternateName":"szexshopbelvaros.com","url":"https:\/\/www.szexshopbelvaros.com\/","logo":{"@type":"ImageObject","inLanguage":"en-US","@id":"https:\/\/www.szexshopbelvaros.com\/#\/schema\/logo\/image\/","url":"https:\/\/www.szexshopbelvaros.com\/wp-content\/uploads\/2025\/09\/1Szexshopbelvaroslogo_blurred_stronger.jpg","contentUrl":"https:\/\/www.szexshopbelvaros.com\/wp-content\/uploads\/2025\/09\/1Szexshopbelvaroslogo_blurred_stronger.jpg","width":1024,"height":1024,"caption":"Szexshop Belv\u00e1ros"},"image":{"@id":"https:\/\/www.szexshopbelvaros.com\/#\/schema\/logo\/image\/"},"sameAs":["https:\/\/www.facebook.com\/belvarossecrets\/","https:\/\/x.com\/belvarossecrets","https:\/\/www.instagram.com\/belvarossecrets\/","https:\/\/www.tiktok.com\/@belvarossecrets"]}]}},"_links":{"self":[{"href":"https:\/\/www.szexshopbelvaros.com\/en\/wp-json\/wp\/v2\/product\/192","targetHints":{"allow":["GET"]}}],"collection":[{"href":"https:\/\/www.szexshopbelvaros.com\/en\/wp-json\/wp\/v2\/product"}],"about":[{"href":"https:\/\/www.szexshopbelvaros.com\/en\/wp-json\/wp\/v2\/types\/product"}],"replies":[{"embeddable":true,"href":"https:\/\/www.szexshopbelvaros.com\/en\/wp-json\/wp\/v2\/comments?post=192"}],"wp:featuredmedia":[{"embeddable":true,"href":"https:\/\/www.szexshopbelvaros.com\/en\/wp-json\/wp\/v2\/media\/2123"}],"wp:attachment":[{"href":"https:\/\/www.szexshopbelvaros.com\/en\/wp-json\/wp\/v2\/media?parent=192"}],"wp:term":[{"taxonomy":"product_brand","embeddable":true,"href":"https:\/\/www.szexshopbelvaros.com\/en\/wp-json\/wp\/v2\/product_brand?post=192"},{"taxonomy":"product_cat","embeddable":true,"href":"https:\/\/www.szexshopbelvaros.com\/en\/wp-json\/wp\/v2\/product_cat?post=192"},{"taxonomy":"product_tag","embeddable":true,"href":"https:\/\/www.szexshopbelvaros.com\/en\/wp-json\/wp\/v2\/product_tag?post=192"}],"curies":[{"name":"wp","href":"https:\/\/api.w.org\/{rel}","templated":true}]}}