{"id":1926,"date":"2025-09-05T15:31:08","date_gmt":"2025-09-05T13:31:08","guid":{"rendered":"https:\/\/www.szexshopbelvaros.com\/?post_type=product&#038;p=1926"},"modified":"2026-04-16T10:14:54","modified_gmt":"2026-04-16T08:14:54","slug":"%f0%9f%90%b6-fetch-yourself-some-tail-m","status":"publish","type":"product","link":"https:\/\/www.szexshopbelvaros.com\/en\/product\/%f0%9f%90%b6-fetch-yourself-some-tail-m\/","title":{"rendered":"\ud83d\udc36 Fetch Yourself Some Tail M"},"content":{"rendered":"<p>Fetch Yourself Some Tail \u2013 Fetch Yourself Some Tail, Not a Ball! \u2013 if even a leash is more exciting than your boyfriend<\/p>\n<p>Introducing the Fetch Yourself Some Tail M (Good Boy Plug) \u2013 a realistic, PVC anal or dildo toy measuring 18.8 cm long and 4-5.8 cm in diameter, that clings to you with suction cups like a dog let loose on the couch. Designed for unisex pleasure, this medium-sized tail is sure to invite you to some serious play, whether it\u2019s lone wolf play or submissive role play. Your prostate won\u2019t be left without a reward either \u2013 this dog knows where to take the bone.<\/p>\n<p>Check out our other dildo toys at <a class=\"decorated-link cursor-pointer\" href=\"https:\/\/www.szexshopbelvaros.com\/en\/product-category\/mupeniszek\/\" target=\"_new\" rel=\"noopener\" data-start=\"490\" data-end=\"580\">Sex shop in the Downtown category<\/a><\/p>\n<p>Only discreetly, only at our place: www.szexshopbelvaros.com \u2013 where petting doesn't go to the head.<\/p>\n<p>&nbsp;<\/p>","protected":false},"excerpt":{"rendered":"<p>Fetch Yourself Some Tail &#8211; Farkat, nem labd\u00e1t dob! \u2013 ha m\u00e1r a p\u00f3r\u00e1z is izgalmasabb a pasidn\u00e1l Bemutatjuk a Fetch Yourself Some Tail M \u00a0(J\u00f3fi\u00fa Dug\u00f3t) \u2013 egy val\u00f3s\u00e1gh\u0171, PVC anyagb\u00f3l k\u00e9sz\u00fclt, 18.8 cm hossz\u00fa \u00e9s 4 \u20135.8 cm \u00e1tm\u00e9r\u0151j\u0171 an\u00e1l vagy dild\u00f3 j\u00e1t\u00e9kot, ami tapad\u00f3koronggal kapaszkodik, mint egy kanap\u00e9ra felengedett kutya. Uniszex \u00f6r\u00f6m\u00f6kre [&#8230;]\n","protected":false},"featured_media":2866,"comment_status":"closed","ping_status":"closed","template":"","meta":[],"product_brand":[],"product_cat":[174,137,115],"product_tag":[398,1122,1151,289,1147,1120,1145,1109,391,1146,290,1132,1131,1148,1152,389,2207,2091,1192,1318,2210,1108,1150,287,1154,2211,2208,385,2088,2209,1116,292,1153,1149,2087,1156,291,2086,644,288,2092,322,220,2089,2094,2206,2205,1144,1137,1136],"class_list":{"0":"post-1926","1":"product","2":"type-product","3":"status-publish","4":"has-post-thumbnail","6":"product_cat-klasszikus-dildok","7":"product_cat-mupeniszek","8":"product_cat-ujdonsagok","9":"product_tag-adult-toy","10":"product_tag-advanced-dildo","11":"product_tag-allatos-fantazia-jatekszer","12":"product_tag-allatos-szerepjatek","13":"product_tag-animal-fantasy-dildo","14":"product_tag-beginner-dildo","15":"product_tag-canine-dildo","16":"product_tag-classic-dildo","17":"product_tag-dildo","18":"product_tag-dog-penis-dildo","19":"product_tag-dog-tail-dildo","20":"product_tag-erotic-toy","21":"product_tag-erotikus-jatek","22":"product_tag-fantasy-sex-toy","23":"product_tag-fantazia-dildo","24":"product_tag-felnott-jatek","25":"product_tag-friss-erkezes","26":"product_tag-hagyomanyos-dildo","27":"product_tag-intim-jatek","28":"product_tag-intimate-toy","29":"product_tag-just-arrived","30":"product_tag-klasszikus-dildo","31":"product_tag-kutya-penisz-dildo","32":"product_tag-kutyafarok-dildo-jatek","33":"product_tag-kutyapenisz-dildo","34":"product_tag-latest-arrival","35":"product_tag-legujabb-termek","36":"product_tag-mupenisz","37":"product_tag-nem-vibralos-dildo","38":"product_tag-new-product","39":"product_tag-non-vibrating-dildo","40":"product_tag-petplay-dildo","41":"product_tag-petplay-jatekszer","42":"product_tag-petplay-toy","43":"product_tag-pleasure-toy","44":"product_tag-pup-play-toy","45":"product_tag-puppy-play-anal-plug","46":"product_tag-realista-dildo","47":"product_tag-realistic-dildo","48":"product_tag-roleplay-kutyafules-farok-dugo","49":"product_tag-silicone-dildo","50":"product_tag-szexjatek","51":"product_tag-szexshop-belvaros","52":"product_tag-szilikon-dildo","53":"product_tag-traditional-dildo","54":"product_tag-uj-termek","55":"product_tag-ujdonsag","56":"product_tag-unisex-toy","57":"product_tag-vaginal-use","58":"product_tag-vaginalis-hasznalat","60":"first","61":"instock","62":"taxable","63":"shipping-taxable","64":"purchasable","65":"product-type-simple"},"yoast_head":"<!-- This site is optimized with the Yoast SEO plugin v27.4 - https:\/\/yoast.com\/product\/yoast-seo-wordpress\/ -->\n<title>\ud83d\udc36 Fetch Yourself Some Tail M Val\u00f3s\u00e1gh\u0171 kutyafarok an\u00e1l j\u00e1t\u00e9k - Szexshop Belvaros<\/title>\n<meta name=\"description\" content=\"Fetch Yourself Some Tail M \u2013 k\u00f6zepes m\u00e9ret\u0171 kutyafarok an\u00e1l j\u00e1t\u00e9k PVC-b\u0151l, 18.8 cm hossz, tapad\u00f3koronggal. Diszkr\u00e9t sz\u00e1ll\u00edt\u00e1s szexshopbelvaros.com.\" \/>\n<meta name=\"robots\" content=\"index, follow, max-snippet:-1, max-image-preview:large, max-video-preview:-1\" \/>\n<link rel=\"canonical\" href=\"https:\/\/www.szexshopbelvaros.com\/en\/product\/\ud83d\udc36-fetch-yourself-some-tail-m\/\" \/>\n<meta property=\"og:locale\" content=\"en_US\" \/>\n<meta property=\"og:type\" content=\"article\" \/>\n<meta property=\"og:title\" content=\"\ud83d\udc36 Fetch Yourself Some Tail M Val\u00f3s\u00e1gh\u0171 kutyafarok an\u00e1l j\u00e1t\u00e9k - Szexshop Belvaros\" \/>\n<meta property=\"og:description\" content=\"Fetch Yourself Some Tail M \u2013 k\u00f6zepes m\u00e9ret\u0171 kutyafarok an\u00e1l j\u00e1t\u00e9k PVC-b\u0151l, 18.8 cm hossz, tapad\u00f3koronggal. Diszkr\u00e9t sz\u00e1ll\u00edt\u00e1s szexshopbelvaros.com.\" \/>\n<meta property=\"og:url\" content=\"https:\/\/www.szexshopbelvaros.com\/en\/product\/\ud83d\udc36-fetch-yourself-some-tail-m\/\" \/>\n<meta property=\"og:site_name\" content=\"Szexshop Belvaros\" \/>\n<meta property=\"article:publisher\" content=\"https:\/\/www.facebook.com\/belvarossecrets\/\" \/>\n<meta property=\"article:modified_time\" content=\"2026-04-16T08:14:54+00:00\" \/>\n<meta property=\"og:image\" content=\"https:\/\/www.szexshopbelvaros.com\/wp-content\/uploads\/2025\/09\/Untitled-design-1-copy.png\" \/>\n\t<meta property=\"og:image:width\" content=\"240\" \/>\n\t<meta property=\"og:image:height\" content=\"300\" \/>\n\t<meta property=\"og:image:type\" content=\"image\/png\" \/>\n<meta name=\"twitter:card\" content=\"summary_large_image\" \/>\n<meta name=\"twitter:site\" content=\"@belvarossecrets\" \/>\n<meta name=\"twitter:label1\" content=\"Est. reading time\" \/>\n\t<meta name=\"twitter:data1\" content=\"1 minute\" \/>\n<script type=\"application\/ld+json\" class=\"yoast-schema-graph\">{\"@context\":\"https:\\\/\\\/schema.org\",\"@graph\":[{\"@type\":\"WebPage\",\"@id\":\"https:\\\/\\\/www.szexshopbelvaros.com\\\/termek\\\/%f0%9f%90%b6-fetch-yourself-some-tail-m\\\/\",\"url\":\"https:\\\/\\\/www.szexshopbelvaros.com\\\/termek\\\/%f0%9f%90%b6-fetch-yourself-some-tail-m\\\/\",\"name\":\"\ud83d\udc36 Fetch Yourself Some Tail M Val\u00f3s\u00e1gh\u0171 kutyafarok an\u00e1l j\u00e1t\u00e9k - Szexshop Belvaros\",\"isPartOf\":{\"@id\":\"https:\\\/\\\/www.szexshopbelvaros.com\\\/#website\"},\"primaryImageOfPage\":{\"@id\":\"https:\\\/\\\/www.szexshopbelvaros.com\\\/termek\\\/%f0%9f%90%b6-fetch-yourself-some-tail-m\\\/#primaryimage\"},\"image\":{\"@id\":\"https:\\\/\\\/www.szexshopbelvaros.com\\\/termek\\\/%f0%9f%90%b6-fetch-yourself-some-tail-m\\\/#primaryimage\"},\"thumbnailUrl\":\"https:\\\/\\\/www.szexshopbelvaros.com\\\/wp-content\\\/uploads\\\/2025\\\/09\\\/Untitled-design-1-copy.png\",\"datePublished\":\"2025-09-05T13:31:08+00:00\",\"dateModified\":\"2026-04-16T08:14:54+00:00\",\"description\":\"Fetch Yourself Some Tail M \u2013 k\u00f6zepes m\u00e9ret\u0171 kutyafarok an\u00e1l j\u00e1t\u00e9k PVC-b\u0151l, 18.8 cm hossz, tapad\u00f3koronggal. Diszkr\u00e9t sz\u00e1ll\u00edt\u00e1s szexshopbelvaros.com.\",\"breadcrumb\":{\"@id\":\"https:\\\/\\\/www.szexshopbelvaros.com\\\/termek\\\/%f0%9f%90%b6-fetch-yourself-some-tail-m\\\/#breadcrumb\"},\"inLanguage\":\"en-US\",\"potentialAction\":[{\"@type\":\"ReadAction\",\"target\":[\"https:\\\/\\\/www.szexshopbelvaros.com\\\/termek\\\/%f0%9f%90%b6-fetch-yourself-some-tail-m\\\/\"]}]},{\"@type\":\"ImageObject\",\"inLanguage\":\"en-US\",\"@id\":\"https:\\\/\\\/www.szexshopbelvaros.com\\\/termek\\\/%f0%9f%90%b6-fetch-yourself-some-tail-m\\\/#primaryimage\",\"url\":\"https:\\\/\\\/www.szexshopbelvaros.com\\\/wp-content\\\/uploads\\\/2025\\\/09\\\/Untitled-design-1-copy.png\",\"contentUrl\":\"https:\\\/\\\/www.szexshopbelvaros.com\\\/wp-content\\\/uploads\\\/2025\\\/09\\\/Untitled-design-1-copy.png\",\"width\":240,\"height\":300,\"caption\":\"Fetch Yourself Some Tail M kutyafarok an\u00e1l j\u00e1t\u00e9k \u2013 val\u00f3s\u00e1gh\u0171 farokdild\u00f3 tapad\u00f3koronggal, szexshopbelvaros.com, Fetch Yourself Some Tail M dog tail anal toy \u2013 realistic tail dildo with suction cup, szexshopbelvaros.com\"},{\"@type\":\"BreadcrumbList\",\"@id\":\"https:\\\/\\\/www.szexshopbelvaros.com\\\/termek\\\/%f0%9f%90%b6-fetch-yourself-some-tail-m\\\/#breadcrumb\",\"itemListElement\":[{\"@type\":\"ListItem\",\"position\":1,\"name\":\"Home\",\"item\":\"https:\\\/\\\/www.szexshopbelvaros.com\\\/\"},{\"@type\":\"ListItem\",\"position\":2,\"name\":\"\u00c1ruh\u00e1z\",\"item\":\"https:\\\/\\\/www.szexshopbelvaros.com\\\/uzlet\\\/\"},{\"@type\":\"ListItem\",\"position\":3,\"name\":\"\ud83d\udc36 Fetch Yourself Some Tail M\"}]},{\"@type\":\"WebSite\",\"@id\":\"https:\\\/\\\/www.szexshopbelvaros.com\\\/#website\",\"url\":\"https:\\\/\\\/www.szexshopbelvaros.com\\\/\",\"name\":\"Szexshop Belv\u00e1ros\",\"description\":\"\ud83d\udd25 A szex olyan, mint a p\u00e9nz; csak a t\u00fal sok el\u00e9g!\u2122 Titkok a belv\u00e1rosb\u00f3l \ud83d\udc8b | Secrets from Budapest \ud83d\udc8e Feln\u0151tt j\u00e1t\u00e9kok \u2022 Erotika \u2022 Szexshop Belvaros\",\"publisher\":{\"@id\":\"https:\\\/\\\/www.szexshopbelvaros.com\\\/#organization\"},\"potentialAction\":[{\"@type\":\"SearchAction\",\"target\":{\"@type\":\"EntryPoint\",\"urlTemplate\":\"https:\\\/\\\/www.szexshopbelvaros.com\\\/?s={search_term_string}\"},\"query-input\":{\"@type\":\"PropertyValueSpecification\",\"valueRequired\":true,\"valueName\":\"search_term_string\"}}],\"inLanguage\":\"en-US\"},{\"@type\":\"Organization\",\"@id\":\"https:\\\/\\\/www.szexshopbelvaros.com\\\/#organization\",\"name\":\"Szexshop Belv\u00e1ros\",\"alternateName\":\"szexshopbelvaros.com\",\"url\":\"https:\\\/\\\/www.szexshopbelvaros.com\\\/\",\"logo\":{\"@type\":\"ImageObject\",\"inLanguage\":\"en-US\",\"@id\":\"https:\\\/\\\/www.szexshopbelvaros.com\\\/#\\\/schema\\\/logo\\\/image\\\/\",\"url\":\"https:\\\/\\\/www.szexshopbelvaros.com\\\/wp-content\\\/uploads\\\/2025\\\/09\\\/1Szexshopbelvaroslogo_blurred_stronger.jpg\",\"contentUrl\":\"https:\\\/\\\/www.szexshopbelvaros.com\\\/wp-content\\\/uploads\\\/2025\\\/09\\\/1Szexshopbelvaroslogo_blurred_stronger.jpg\",\"width\":1024,\"height\":1024,\"caption\":\"Szexshop Belv\u00e1ros\"},\"image\":{\"@id\":\"https:\\\/\\\/www.szexshopbelvaros.com\\\/#\\\/schema\\\/logo\\\/image\\\/\"},\"sameAs\":[\"https:\\\/\\\/www.facebook.com\\\/belvarossecrets\\\/\",\"https:\\\/\\\/x.com\\\/belvarossecrets\",\"https:\\\/\\\/www.instagram.com\\\/belvarossecrets\\\/\",\"https:\\\/\\\/www.tiktok.com\\\/@belvarossecrets\"]}]}<\/script>\n<!-- \/ Yoast SEO plugin. -->","yoast_head_json":{"title":"\ud83d\udc36 Fetch Yourself Some Tail M Realistic dog tail anal toy - Szexshop Belvaros","description":"Fetch Yourself Some Tail M \u2013 medium-sized dog tail anal toy made of PVC, 18.8 cm long, with suction cup. Discreet delivery szexshopbelvaros.com.","robots":{"index":"index","follow":"follow","max-snippet":"max-snippet:-1","max-image-preview":"max-image-preview:large","max-video-preview":"max-video-preview:-1"},"canonical":"https:\/\/www.szexshopbelvaros.com\/en\/product\/\ud83d\udc36-fetch-yourself-some-tail-m\/","og_locale":"en_US","og_type":"article","og_title":"\ud83d\udc36 Fetch Yourself Some Tail M Val\u00f3s\u00e1gh\u0171 kutyafarok an\u00e1l j\u00e1t\u00e9k - Szexshop Belvaros","og_description":"Fetch Yourself Some Tail M \u2013 k\u00f6zepes m\u00e9ret\u0171 kutyafarok an\u00e1l j\u00e1t\u00e9k PVC-b\u0151l, 18.8 cm hossz, tapad\u00f3koronggal. Diszkr\u00e9t sz\u00e1ll\u00edt\u00e1s szexshopbelvaros.com.","og_url":"https:\/\/www.szexshopbelvaros.com\/en\/product\/\ud83d\udc36-fetch-yourself-some-tail-m\/","og_site_name":"Szexshop Belvaros","article_publisher":"https:\/\/www.facebook.com\/belvarossecrets\/","article_modified_time":"2026-04-16T08:14:54+00:00","og_image":[{"width":240,"height":300,"url":"https:\/\/www.szexshopbelvaros.com\/wp-content\/uploads\/2025\/09\/Untitled-design-1-copy.png","type":"image\/png"}],"twitter_card":"summary_large_image","twitter_site":"@belvarossecrets","twitter_misc":{"Est. reading time":"1 minute"},"schema":{"@context":"https:\/\/schema.org","@graph":[{"@type":"WebPage","@id":"https:\/\/www.szexshopbelvaros.com\/termek\/%f0%9f%90%b6-fetch-yourself-some-tail-m\/","url":"https:\/\/www.szexshopbelvaros.com\/termek\/%f0%9f%90%b6-fetch-yourself-some-tail-m\/","name":"\ud83d\udc36 Fetch Yourself Some Tail M Realistic dog tail anal toy - Szexshop Belvaros","isPartOf":{"@id":"https:\/\/www.szexshopbelvaros.com\/#website"},"primaryImageOfPage":{"@id":"https:\/\/www.szexshopbelvaros.com\/termek\/%f0%9f%90%b6-fetch-yourself-some-tail-m\/#primaryimage"},"image":{"@id":"https:\/\/www.szexshopbelvaros.com\/termek\/%f0%9f%90%b6-fetch-yourself-some-tail-m\/#primaryimage"},"thumbnailUrl":"https:\/\/www.szexshopbelvaros.com\/wp-content\/uploads\/2025\/09\/Untitled-design-1-copy.png","datePublished":"2025-09-05T13:31:08+00:00","dateModified":"2026-04-16T08:14:54+00:00","description":"Fetch Yourself Some Tail M \u2013 medium-sized dog tail anal toy made of PVC, 18.8 cm long, with suction cup. Discreet delivery szexshopbelvaros.com.","breadcrumb":{"@id":"https:\/\/www.szexshopbelvaros.com\/termek\/%f0%9f%90%b6-fetch-yourself-some-tail-m\/#breadcrumb"},"inLanguage":"en-US","potentialAction":[{"@type":"ReadAction","target":["https:\/\/www.szexshopbelvaros.com\/termek\/%f0%9f%90%b6-fetch-yourself-some-tail-m\/"]}]},{"@type":"ImageObject","inLanguage":"en-US","@id":"https:\/\/www.szexshopbelvaros.com\/termek\/%f0%9f%90%b6-fetch-yourself-some-tail-m\/#primaryimage","url":"https:\/\/www.szexshopbelvaros.com\/wp-content\/uploads\/2025\/09\/Untitled-design-1-copy.png","contentUrl":"https:\/\/www.szexshopbelvaros.com\/wp-content\/uploads\/2025\/09\/Untitled-design-1-copy.png","width":240,"height":300,"caption":"Fetch Yourself Some Tail M kutyafarok an\u00e1l j\u00e1t\u00e9k \u2013 val\u00f3s\u00e1gh\u0171 farokdild\u00f3 tapad\u00f3koronggal, szexshopbelvaros.com, Fetch Yourself Some Tail M dog tail anal toy \u2013 realistic tail dildo with suction cup, szexshopbelvaros.com"},{"@type":"BreadcrumbList","@id":"https:\/\/www.szexshopbelvaros.com\/termek\/%f0%9f%90%b6-fetch-yourself-some-tail-m\/#breadcrumb","itemListElement":[{"@type":"ListItem","position":1,"name":"Home","item":"https:\/\/www.szexshopbelvaros.com\/"},{"@type":"ListItem","position":2,"name":"\u00c1ruh\u00e1z","item":"https:\/\/www.szexshopbelvaros.com\/uzlet\/"},{"@type":"ListItem","position":3,"name":"\ud83d\udc36 Fetch Yourself Some Tail M"}]},{"@type":"WebSite","@id":"https:\/\/www.szexshopbelvaros.com\/#website","url":"https:\/\/www.szexshopbelvaros.com\/","name":"at our Szexshop Belv\u00e1ros","description":"\ud83d\udd25 Sex is like money; only too much is enough!\u2122 Secrets from the city center \ud83d\udc8b | Secrets from Budapest \ud83d\udc8e Adult games \u2022 Erotica \u2022 Sex shop Belvaros","publisher":{"@id":"https:\/\/www.szexshopbelvaros.com\/#organization"},"potentialAction":[{"@type":"SearchAction","target":{"@type":"EntryPoint","urlTemplate":"https:\/\/www.szexshopbelvaros.com\/?s={search_term_string}"},"query-input":{"@type":"PropertyValueSpecification","valueRequired":true,"valueName":"search_term_string"}}],"inLanguage":"en-US"},{"@type":"Organization","@id":"https:\/\/www.szexshopbelvaros.com\/#organization","name":"at our Szexshop Belv\u00e1ros","alternateName":"szexshopbelvaros.com","url":"https:\/\/www.szexshopbelvaros.com\/","logo":{"@type":"ImageObject","inLanguage":"en-US","@id":"https:\/\/www.szexshopbelvaros.com\/#\/schema\/logo\/image\/","url":"https:\/\/www.szexshopbelvaros.com\/wp-content\/uploads\/2025\/09\/1Szexshopbelvaroslogo_blurred_stronger.jpg","contentUrl":"https:\/\/www.szexshopbelvaros.com\/wp-content\/uploads\/2025\/09\/1Szexshopbelvaroslogo_blurred_stronger.jpg","width":1024,"height":1024,"caption":"Szexshop Belv\u00e1ros"},"image":{"@id":"https:\/\/www.szexshopbelvaros.com\/#\/schema\/logo\/image\/"},"sameAs":["https:\/\/www.facebook.com\/belvarossecrets\/","https:\/\/x.com\/belvarossecrets","https:\/\/www.instagram.com\/belvarossecrets\/","https:\/\/www.tiktok.com\/@belvarossecrets"]}]}},"_links":{"self":[{"href":"https:\/\/www.szexshopbelvaros.com\/en\/wp-json\/wp\/v2\/product\/1926","targetHints":{"allow":["GET"]}}],"collection":[{"href":"https:\/\/www.szexshopbelvaros.com\/en\/wp-json\/wp\/v2\/product"}],"about":[{"href":"https:\/\/www.szexshopbelvaros.com\/en\/wp-json\/wp\/v2\/types\/product"}],"replies":[{"embeddable":true,"href":"https:\/\/www.szexshopbelvaros.com\/en\/wp-json\/wp\/v2\/comments?post=1926"}],"wp:featuredmedia":[{"embeddable":true,"href":"https:\/\/www.szexshopbelvaros.com\/en\/wp-json\/wp\/v2\/media\/2866"}],"wp:attachment":[{"href":"https:\/\/www.szexshopbelvaros.com\/en\/wp-json\/wp\/v2\/media?parent=1926"}],"wp:term":[{"taxonomy":"product_brand","embeddable":true,"href":"https:\/\/www.szexshopbelvaros.com\/en\/wp-json\/wp\/v2\/product_brand?post=1926"},{"taxonomy":"product_cat","embeddable":true,"href":"https:\/\/www.szexshopbelvaros.com\/en\/wp-json\/wp\/v2\/product_cat?post=1926"},{"taxonomy":"product_tag","embeddable":true,"href":"https:\/\/www.szexshopbelvaros.com\/en\/wp-json\/wp\/v2\/product_tag?post=1926"}],"curies":[{"name":"wp","href":"https:\/\/api.w.org\/{rel}","templated":true}]}}