{"id":194,"date":"2025-01-31T14:35:32","date_gmt":"2025-01-31T13:35:32","guid":{"rendered":"https:\/\/www.szexshopbelvaros.com\/termek\/boom-boom-2-db-kapszula-doboz\/"},"modified":"2026-03-10T10:36:26","modified_gmt":"2026-03-10T09:36:26","slug":"boom-boom-2-db-kapszula-doboz","status":"publish","type":"product","link":"https:\/\/www.szexshopbelvaros.com\/en\/product\/boom-boom-2-db-kapszula-doboz\/","title":{"rendered":"Boom Boom \u2013 2 capsules \/ box"},"content":{"rendered":"<p>Boom Boom Extra Dietary supplement capsule containing plant extracts for men<br \/>\nRecommended consumption:<\/p>\n<p>Take 1 capsule daily \u2013 preferably on an empty stomach \u2013 with a glass of warm water or milk. Do not exceed the recommended daily intake of 1 capsule!<\/p>\n<p>Active ingredient in the daily dose (1 capsule):<br \/>\nIngredients: Maca (Lepidium meyenii) extract, capsule shell (gelatin, color: E102, E 124) ginseng root (Panax ginseng) extract, Gingko biloba extract Amount of active ingredient in daily dose (1 capsule) Ingredients Active ingredient Amount Maca extract 180mg Gingko biloba extract 60mg Panax ginseng extract ginsenoside 60mg \/ 7.2mg Suggested use: 1 capsule daily, about half an hour before meals, with plenty of liquid. Do not exceed the recommended daily intake! Do not take the product if you are sensitive or allergic to any of the ingredients!<\/p>\n<p>Country of origin: China<\/p>\n<p>O.\u00c9.TI notification number: 22766\/2019. (green check product)<\/p>\n<p>Warning: The product is intended for men, so its consumption is not recommended for children under 18 years of age and for women. Due to the ginseng content, the product is not recommended for high blood pressure. E102 and E124 \u2013 may have an adverse effect on children&#039;s activity and attention. Keep out of reach of children. The dietary supplement is not a substitute for a balanced mixed diet and a healthy lifestyle.<\/p>\n<p>Boom Boom Extra dietary supplement capsules for men. Keep away from light and heat.<\/p>\n<p>(2 capsules) Net weight: 0.8g<\/p>\n<p>Preserves its quality: until the date indicated on the foil (day\/month\/year)<\/p>\n<p>&nbsp;<\/p>","protected":false},"excerpt":{"rendered":"<p>Boom Boom Extra N\u00f6v\u00e9nyi kivonatokat tartalmaz\u00f3 \u00e9trend-kieg\u00e9sz\u00edt\u0151 kapszula f\u00e9rfiak r\u00e9sz\u00e9re Javasolt fogyaszt\u00e1s: Naponta 1 kapszul\u00e1t vegyen be \u2013 lehet\u0151leg \u00e9hgyomorra \u2013 egy poh\u00e1r meleg v\u00edzzel vagy tejjel. Ne l\u00e9pje t\u00fal az aj\u00e1nlott napi mennyis\u00e9get, azaz az 1 kapszul\u00e1t! Hat\u00f3anyaga a napi adagban (1 kapszula): \u00d6sszetev\u0151k: Maca (Lepidium meyenii) kivonat, kapszulah\u00e9j (zselatin, sz\u00ednez\u00e9k: E102, E 124) [&#8230;]\n","protected":false},"featured_media":195,"comment_status":"closed","ping_status":"closed","template":"","meta":[],"product_brand":[96],"product_cat":[156,93],"product_tag":[2052,2053,1528,474,2050,847,849,2047,2051,857,2063,2061,2049,2062,1201,220,2048,1529],"class_list":{"0":"post-194","1":"product","2":"type-product","3":"status-publish","4":"has-post-thumbnail","6":"product_brand-perfect-play-kft","7":"product_cat-drogeria-wellness","8":"product_cat-potencianovelok-serkentok-ferfiaknak","9":"product_tag-adult-care","10":"product_tag-couples-wellness","11":"product_tag-drogeria","12":"product_tag-erection-support","13":"product_tag-felnotteknek","14":"product_tag-ferfi-potencianovelo","15":"product_tag-ferfi-serkento","16":"product_tag-intim-termek","17":"product_tag-intimate-products","18":"product_tag-male-enhancement","19":"product_tag-male-stimulant","20":"product_tag-merevedes-fokozasa","21":"product_tag-paros-egeszseg","22":"product_tag-potencianovelo-kapszula","23":"product_tag-sexual-wellness","24":"product_tag-szexshop-belvaros","25":"product_tag-szexualis-egeszseg","26":"product_tag-wellness","28":"first","29":"instock","30":"taxable","31":"shipping-taxable","32":"purchasable","33":"product-type-simple"},"yoast_head":"<!-- This site is optimized with the Yoast SEO plugin v27.4 - https:\/\/yoast.com\/product\/yoast-seo-wordpress\/ -->\n<title>Boom Boom - 2 DB kapszula \/ doboz - Szexshop Belvaros<\/title>\n<meta name=\"robots\" content=\"index, follow, max-snippet:-1, max-image-preview:large, max-video-preview:-1\" \/>\n<link rel=\"canonical\" href=\"https:\/\/www.szexshopbelvaros.com\/en\/product\/boom-boom-2-db-kapszula-doboz\/\" \/>\n<meta property=\"og:locale\" content=\"en_US\" \/>\n<meta property=\"og:type\" content=\"article\" \/>\n<meta property=\"og:title\" content=\"Boom Boom - 2 DB kapszula \/ doboz - Szexshop Belvaros\" \/>\n<meta property=\"og:description\" content=\"Boom Boom Extra N\u00f6v\u00e9nyi kivonatokat tartalmaz\u00f3 \u00e9trend-kieg\u00e9sz\u00edt\u0151 kapszula f\u00e9rfiak r\u00e9sz\u00e9re Javasolt fogyaszt\u00e1s: Naponta 1 kapszul\u00e1t vegyen be \u2013 lehet\u0151leg \u00e9hgyomorra \u2013 egy poh\u00e1r meleg v\u00edzzel vagy tejjel. Ne l\u00e9pje t\u00fal az aj\u00e1nlott napi mennyis\u00e9get, azaz az 1 kapszul\u00e1t! Hat\u00f3anyaga a napi adagban (1 kapszula): \u00d6sszetev\u0151k: Maca (Lepidium meyenii) kivonat, kapszulah\u00e9j (zselatin, sz\u00ednez\u00e9k: E102, E 124) [...]\" \/>\n<meta property=\"og:url\" content=\"https:\/\/www.szexshopbelvaros.com\/en\/product\/boom-boom-2-db-kapszula-doboz\/\" \/>\n<meta property=\"og:site_name\" content=\"Szexshop Belvaros\" \/>\n<meta property=\"article:publisher\" content=\"https:\/\/www.facebook.com\/belvarossecrets\/\" \/>\n<meta property=\"article:modified_time\" content=\"2026-03-10T09:36:26+00:00\" \/>\n<meta property=\"og:image\" content=\"https:\/\/www.szexshopbelvaros.com\/wp-content\/uploads\/2025\/01\/ece12778-ac1f-11ec-92fc-f25a8e79dde6_boom_boom___2_db.jpeg\" \/>\n\t<meta property=\"og:image:width\" content=\"1000\" \/>\n\t<meta property=\"og:image:height\" content=\"562\" \/>\n\t<meta property=\"og:image:type\" content=\"image\/jpeg\" \/>\n<meta name=\"twitter:card\" content=\"summary_large_image\" \/>\n<meta name=\"twitter:site\" content=\"@belvarossecrets\" \/>\n<meta name=\"twitter:label1\" content=\"Est. reading time\" \/>\n\t<meta name=\"twitter:data1\" content=\"2 minutes\" \/>\n<script type=\"application\/ld+json\" class=\"yoast-schema-graph\">{\"@context\":\"https:\\\/\\\/schema.org\",\"@graph\":[{\"@type\":\"WebPage\",\"@id\":\"https:\\\/\\\/www.szexshopbelvaros.com\\\/termek\\\/boom-boom-2-db-kapszula-doboz\\\/\",\"url\":\"https:\\\/\\\/www.szexshopbelvaros.com\\\/termek\\\/boom-boom-2-db-kapszula-doboz\\\/\",\"name\":\"Boom Boom - 2 DB kapszula \\\/ doboz - Szexshop Belvaros\",\"isPartOf\":{\"@id\":\"https:\\\/\\\/www.szexshopbelvaros.com\\\/#website\"},\"primaryImageOfPage\":{\"@id\":\"https:\\\/\\\/www.szexshopbelvaros.com\\\/termek\\\/boom-boom-2-db-kapszula-doboz\\\/#primaryimage\"},\"image\":{\"@id\":\"https:\\\/\\\/www.szexshopbelvaros.com\\\/termek\\\/boom-boom-2-db-kapszula-doboz\\\/#primaryimage\"},\"thumbnailUrl\":\"https:\\\/\\\/www.szexshopbelvaros.com\\\/wp-content\\\/uploads\\\/2025\\\/01\\\/ece12778-ac1f-11ec-92fc-f25a8e79dde6_boom_boom___2_db.jpeg\",\"datePublished\":\"2025-01-31T13:35:32+00:00\",\"dateModified\":\"2026-03-10T09:36:26+00:00\",\"breadcrumb\":{\"@id\":\"https:\\\/\\\/www.szexshopbelvaros.com\\\/termek\\\/boom-boom-2-db-kapszula-doboz\\\/#breadcrumb\"},\"inLanguage\":\"en-US\",\"potentialAction\":[{\"@type\":\"ReadAction\",\"target\":[\"https:\\\/\\\/www.szexshopbelvaros.com\\\/termek\\\/boom-boom-2-db-kapszula-doboz\\\/\"]}]},{\"@type\":\"ImageObject\",\"inLanguage\":\"en-US\",\"@id\":\"https:\\\/\\\/www.szexshopbelvaros.com\\\/termek\\\/boom-boom-2-db-kapszula-doboz\\\/#primaryimage\",\"url\":\"https:\\\/\\\/www.szexshopbelvaros.com\\\/wp-content\\\/uploads\\\/2025\\\/01\\\/ece12778-ac1f-11ec-92fc-f25a8e79dde6_boom_boom___2_db.jpeg\",\"contentUrl\":\"https:\\\/\\\/www.szexshopbelvaros.com\\\/wp-content\\\/uploads\\\/2025\\\/01\\\/ece12778-ac1f-11ec-92fc-f25a8e79dde6_boom_boom___2_db.jpeg\",\"width\":1000,\"height\":562},{\"@type\":\"BreadcrumbList\",\"@id\":\"https:\\\/\\\/www.szexshopbelvaros.com\\\/termek\\\/boom-boom-2-db-kapszula-doboz\\\/#breadcrumb\",\"itemListElement\":[{\"@type\":\"ListItem\",\"position\":1,\"name\":\"Home\",\"item\":\"https:\\\/\\\/www.szexshopbelvaros.com\\\/\"},{\"@type\":\"ListItem\",\"position\":2,\"name\":\"\u00c1ruh\u00e1z\",\"item\":\"https:\\\/\\\/www.szexshopbelvaros.com\\\/uzlet\\\/\"},{\"@type\":\"ListItem\",\"position\":3,\"name\":\"Boom Boom &#8211; 2 DB kapszula \\\/ doboz\"}]},{\"@type\":\"WebSite\",\"@id\":\"https:\\\/\\\/www.szexshopbelvaros.com\\\/#website\",\"url\":\"https:\\\/\\\/www.szexshopbelvaros.com\\\/\",\"name\":\"Szexshop Belv\u00e1ros\",\"description\":\"\ud83d\udd25 A szex olyan, mint a p\u00e9nz; csak a t\u00fal sok el\u00e9g!\u2122 Titkok a belv\u00e1rosb\u00f3l \ud83d\udc8b | Secrets from Budapest \ud83d\udc8e Feln\u0151tt j\u00e1t\u00e9kok \u2022 Erotika \u2022 Szexshop Belvaros\",\"publisher\":{\"@id\":\"https:\\\/\\\/www.szexshopbelvaros.com\\\/#organization\"},\"potentialAction\":[{\"@type\":\"SearchAction\",\"target\":{\"@type\":\"EntryPoint\",\"urlTemplate\":\"https:\\\/\\\/www.szexshopbelvaros.com\\\/?s={search_term_string}\"},\"query-input\":{\"@type\":\"PropertyValueSpecification\",\"valueRequired\":true,\"valueName\":\"search_term_string\"}}],\"inLanguage\":\"en-US\"},{\"@type\":\"Organization\",\"@id\":\"https:\\\/\\\/www.szexshopbelvaros.com\\\/#organization\",\"name\":\"Szexshop Belv\u00e1ros\",\"alternateName\":\"szexshopbelvaros.com\",\"url\":\"https:\\\/\\\/www.szexshopbelvaros.com\\\/\",\"logo\":{\"@type\":\"ImageObject\",\"inLanguage\":\"en-US\",\"@id\":\"https:\\\/\\\/www.szexshopbelvaros.com\\\/#\\\/schema\\\/logo\\\/image\\\/\",\"url\":\"https:\\\/\\\/www.szexshopbelvaros.com\\\/wp-content\\\/uploads\\\/2025\\\/09\\\/1Szexshopbelvaroslogo_blurred_stronger.jpg\",\"contentUrl\":\"https:\\\/\\\/www.szexshopbelvaros.com\\\/wp-content\\\/uploads\\\/2025\\\/09\\\/1Szexshopbelvaroslogo_blurred_stronger.jpg\",\"width\":1024,\"height\":1024,\"caption\":\"Szexshop Belv\u00e1ros\"},\"image\":{\"@id\":\"https:\\\/\\\/www.szexshopbelvaros.com\\\/#\\\/schema\\\/logo\\\/image\\\/\"},\"sameAs\":[\"https:\\\/\\\/www.facebook.com\\\/belvarossecrets\\\/\",\"https:\\\/\\\/x.com\\\/belvarossecrets\",\"https:\\\/\\\/www.instagram.com\\\/belvarossecrets\\\/\",\"https:\\\/\\\/www.tiktok.com\\\/@belvarossecrets\"]}]}<\/script>\n<!-- \/ Yoast SEO plugin. -->","yoast_head_json":{"title":"Boom Boom - 2 capsules \/ box - Sex shop Belvaros","robots":{"index":"index","follow":"follow","max-snippet":"max-snippet:-1","max-image-preview":"max-image-preview:large","max-video-preview":"max-video-preview:-1"},"canonical":"https:\/\/www.szexshopbelvaros.com\/en\/product\/boom-boom-2-db-kapszula-doboz\/","og_locale":"en_US","og_type":"article","og_title":"Boom Boom - 2 DB kapszula \/ doboz - Szexshop Belvaros","og_description":"Boom Boom Extra N\u00f6v\u00e9nyi kivonatokat tartalmaz\u00f3 \u00e9trend-kieg\u00e9sz\u00edt\u0151 kapszula f\u00e9rfiak r\u00e9sz\u00e9re Javasolt fogyaszt\u00e1s: Naponta 1 kapszul\u00e1t vegyen be \u2013 lehet\u0151leg \u00e9hgyomorra \u2013 egy poh\u00e1r meleg v\u00edzzel vagy tejjel. Ne l\u00e9pje t\u00fal az aj\u00e1nlott napi mennyis\u00e9get, azaz az 1 kapszul\u00e1t! Hat\u00f3anyaga a napi adagban (1 kapszula): \u00d6sszetev\u0151k: Maca (Lepidium meyenii) kivonat, kapszulah\u00e9j (zselatin, sz\u00ednez\u00e9k: E102, E 124) [...]","og_url":"https:\/\/www.szexshopbelvaros.com\/en\/product\/boom-boom-2-db-kapszula-doboz\/","og_site_name":"Szexshop Belvaros","article_publisher":"https:\/\/www.facebook.com\/belvarossecrets\/","article_modified_time":"2026-03-10T09:36:26+00:00","og_image":[{"width":1000,"height":562,"url":"https:\/\/www.szexshopbelvaros.com\/wp-content\/uploads\/2025\/01\/ece12778-ac1f-11ec-92fc-f25a8e79dde6_boom_boom___2_db.jpeg","type":"image\/jpeg"}],"twitter_card":"summary_large_image","twitter_site":"@belvarossecrets","twitter_misc":{"Est. reading time":"2 minutes"},"schema":{"@context":"https:\/\/schema.org","@graph":[{"@type":"WebPage","@id":"https:\/\/www.szexshopbelvaros.com\/termek\/boom-boom-2-db-kapszula-doboz\/","url":"https:\/\/www.szexshopbelvaros.com\/termek\/boom-boom-2-db-kapszula-doboz\/","name":"Boom Boom - 2 capsules \/ box - Sex shop Belvaros","isPartOf":{"@id":"https:\/\/www.szexshopbelvaros.com\/#website"},"primaryImageOfPage":{"@id":"https:\/\/www.szexshopbelvaros.com\/termek\/boom-boom-2-db-kapszula-doboz\/#primaryimage"},"image":{"@id":"https:\/\/www.szexshopbelvaros.com\/termek\/boom-boom-2-db-kapszula-doboz\/#primaryimage"},"thumbnailUrl":"https:\/\/www.szexshopbelvaros.com\/wp-content\/uploads\/2025\/01\/ece12778-ac1f-11ec-92fc-f25a8e79dde6_boom_boom___2_db.jpeg","datePublished":"2025-01-31T13:35:32+00:00","dateModified":"2026-03-10T09:36:26+00:00","breadcrumb":{"@id":"https:\/\/www.szexshopbelvaros.com\/termek\/boom-boom-2-db-kapszula-doboz\/#breadcrumb"},"inLanguage":"en-US","potentialAction":[{"@type":"ReadAction","target":["https:\/\/www.szexshopbelvaros.com\/termek\/boom-boom-2-db-kapszula-doboz\/"]}]},{"@type":"ImageObject","inLanguage":"en-US","@id":"https:\/\/www.szexshopbelvaros.com\/termek\/boom-boom-2-db-kapszula-doboz\/#primaryimage","url":"https:\/\/www.szexshopbelvaros.com\/wp-content\/uploads\/2025\/01\/ece12778-ac1f-11ec-92fc-f25a8e79dde6_boom_boom___2_db.jpeg","contentUrl":"https:\/\/www.szexshopbelvaros.com\/wp-content\/uploads\/2025\/01\/ece12778-ac1f-11ec-92fc-f25a8e79dde6_boom_boom___2_db.jpeg","width":1000,"height":562},{"@type":"BreadcrumbList","@id":"https:\/\/www.szexshopbelvaros.com\/termek\/boom-boom-2-db-kapszula-doboz\/#breadcrumb","itemListElement":[{"@type":"ListItem","position":1,"name":"Home","item":"https:\/\/www.szexshopbelvaros.com\/"},{"@type":"ListItem","position":2,"name":"\u00c1ruh\u00e1z","item":"https:\/\/www.szexshopbelvaros.com\/uzlet\/"},{"@type":"ListItem","position":3,"name":"Boom Boom &#8211; 2 DB kapszula \/ doboz"}]},{"@type":"WebSite","@id":"https:\/\/www.szexshopbelvaros.com\/#website","url":"https:\/\/www.szexshopbelvaros.com\/","name":"at our Szexshop Belv\u00e1ros","description":"\ud83d\udd25 Sex is like money; only too much is enough!\u2122 Secrets from the city center \ud83d\udc8b | Secrets from Budapest \ud83d\udc8e Adult games \u2022 Erotica \u2022 Sex shop Belvaros","publisher":{"@id":"https:\/\/www.szexshopbelvaros.com\/#organization"},"potentialAction":[{"@type":"SearchAction","target":{"@type":"EntryPoint","urlTemplate":"https:\/\/www.szexshopbelvaros.com\/?s={search_term_string}"},"query-input":{"@type":"PropertyValueSpecification","valueRequired":true,"valueName":"search_term_string"}}],"inLanguage":"en-US"},{"@type":"Organization","@id":"https:\/\/www.szexshopbelvaros.com\/#organization","name":"at our Szexshop Belv\u00e1ros","alternateName":"szexshopbelvaros.com","url":"https:\/\/www.szexshopbelvaros.com\/","logo":{"@type":"ImageObject","inLanguage":"en-US","@id":"https:\/\/www.szexshopbelvaros.com\/#\/schema\/logo\/image\/","url":"https:\/\/www.szexshopbelvaros.com\/wp-content\/uploads\/2025\/09\/1Szexshopbelvaroslogo_blurred_stronger.jpg","contentUrl":"https:\/\/www.szexshopbelvaros.com\/wp-content\/uploads\/2025\/09\/1Szexshopbelvaroslogo_blurred_stronger.jpg","width":1024,"height":1024,"caption":"Szexshop Belv\u00e1ros"},"image":{"@id":"https:\/\/www.szexshopbelvaros.com\/#\/schema\/logo\/image\/"},"sameAs":["https:\/\/www.facebook.com\/belvarossecrets\/","https:\/\/x.com\/belvarossecrets","https:\/\/www.instagram.com\/belvarossecrets\/","https:\/\/www.tiktok.com\/@belvarossecrets"]}]}},"_links":{"self":[{"href":"https:\/\/www.szexshopbelvaros.com\/en\/wp-json\/wp\/v2\/product\/194","targetHints":{"allow":["GET"]}}],"collection":[{"href":"https:\/\/www.szexshopbelvaros.com\/en\/wp-json\/wp\/v2\/product"}],"about":[{"href":"https:\/\/www.szexshopbelvaros.com\/en\/wp-json\/wp\/v2\/types\/product"}],"replies":[{"embeddable":true,"href":"https:\/\/www.szexshopbelvaros.com\/en\/wp-json\/wp\/v2\/comments?post=194"}],"wp:featuredmedia":[{"embeddable":true,"href":"https:\/\/www.szexshopbelvaros.com\/en\/wp-json\/wp\/v2\/media\/195"}],"wp:attachment":[{"href":"https:\/\/www.szexshopbelvaros.com\/en\/wp-json\/wp\/v2\/media?parent=194"}],"wp:term":[{"taxonomy":"product_brand","embeddable":true,"href":"https:\/\/www.szexshopbelvaros.com\/en\/wp-json\/wp\/v2\/product_brand?post=194"},{"taxonomy":"product_cat","embeddable":true,"href":"https:\/\/www.szexshopbelvaros.com\/en\/wp-json\/wp\/v2\/product_cat?post=194"},{"taxonomy":"product_tag","embeddable":true,"href":"https:\/\/www.szexshopbelvaros.com\/en\/wp-json\/wp\/v2\/product_tag?post=194"}],"curies":[{"name":"wp","href":"https:\/\/api.w.org\/{rel}","templated":true}]}}