{"id":1967,"date":"2025-09-20T15:18:10","date_gmt":"2025-09-20T13:18:10","guid":{"rendered":"https:\/\/www.szexshopbelvaros.com\/?post_type=product&#038;p=1967"},"modified":"2026-04-10T14:00:27","modified_gmt":"2026-04-10T12:00:27","slug":"%f0%9f%90%87-bunnylicious-trouble-ez-nem-jelmez-ez-egy-figyelmeztetes","status":"publish","type":"product","link":"https:\/\/www.szexshopbelvaros.com\/en\/product\/%f0%9f%90%87-bunnylicious-trouble-ez-nem-jelmez-ez-egy-figyelmeztetes\/","title":{"rendered":"\ud83d\udc07 Bunnylicious Trouble"},"content":{"rendered":"<p>Bunnylicious Trouble. This is not a costume\u2026 this is a warning<\/p>\n<p data-start=\"424\" data-end=\"639\">This sexy bunny girl set is made in black and white, made of soft spandex, polyester and durable plastic. It&#039;s designed to be just as comfortable as it is dangerously seductive. The Bunnylicious Trouble pack has everything you need for an innocent-looking but dangerously naughty evening. It includes a bunny ear headband, bow tie, cuffs and a fluffy tail that&#039;s guaranteed to get you in trouble.<\/p>\n<p>Recommended for women, trans people, and all heartthrobs who want someone else to take a bite of the carrot. \ud83e\udd55<br \/>\nwww.ssexshopbelvaros.com and Budapest <a href=\"https:\/\/wolt.com\/hu\/hun\/budapest\/venue\/szexshop-belvaros\">at our Szexshop Belv\u00e1ros<\/a> Wolt store \u2013 where bunnies are never innocent. \ud83d\ude08<\/p>\n<p data-start=\"1271\" data-end=\"1391\"><code data-start=\"1315\" data-end=\"1389\">Check out our other erotic costumes at <a href=\"https:\/\/www.szexshopbelvaros.com\/en\/product-category\/erotikus-ruhazat\/cosplay-jelmez-erotikus-jatekok\/\">Sex shop in Belvaros category<\/a>.<\/code><\/p>\n<p>&nbsp;<\/p>","protected":false},"excerpt":{"rendered":"<p>Bunnylicious Trouble. Ez nem jelmez\u2026 ez egy figyelmeztet\u00e9s Ez a szexi nyuszil\u00e1ny szett fekete-feh\u00e9r sz\u00ednben k\u00e9sz\u00fcl, puha spandexb\u0151l, poli\u00e9szterb\u0151l \u00e9s strapab\u00edr\u00f3 m\u0171anyagb\u00f3l. \u00dagy tervezt\u00e9k, hogy pontosan annyira legyen k\u00e9nyelmes, amennyire vesz\u00e9lyesen cs\u00e1b\u00edt\u00f3. A Bunnylicious Trouble csomagban mindent megtal\u00e1lsz egy \u00e1rtatlannak t\u0171n\u0151, de vesz\u00e9lyesen pajkos est\u00e9re. Van benne nyuszif\u00fcl fejp\u00e1nt, csokornyakkend\u0151, mandzsett\u00e1k \u00e9s egy bolyhos farok, [&#8230;]\n","protected":false},"featured_media":1968,"comment_status":"closed","ping_status":"closed","template":"","meta":[],"product_brand":[],"product_cat":[117,113],"product_tag":[2200,1629,907,2201,951,2204,1131,2025,503,937,2023,933,2199,552,2026,2202,2203,917,945,2024,2198,2197,2196,272,932,220],"class_list":{"0":"post-1967","1":"product","2":"type-product","3":"status-publish","4":"has-post-thumbnail","6":"product_cat-cosplay-jelmez-erotikus-jatekok","7":"product_cat-erotikus-ruhazat","8":"product_tag-adult-game","9":"product_tag-cosplay-costume","10":"product_tag-cosplay-jelmez","11":"product_tag-couples-game","12":"product_tag-erotic-clothing","13":"product_tag-erotic-mask","14":"product_tag-erotikus-jatek","15":"product_tag-erotikus-kosztum","16":"product_tag-erotikus-ruha","17":"product_tag-fehernemu","18":"product_tag-haloszoba-divat","19":"product_tag-lingerie","20":"product_tag-maszk","21":"product_tag-paros-jatek","22":"product_tag-roleplay-outfit","23":"product_tag-sex-card-game","24":"product_tag-sex-dice","25":"product_tag-sexy-costume","26":"product_tag-sexy-outfit","27":"product_tag-szerepjatek-ruha","28":"product_tag-szex-dobokocka","29":"product_tag-szex-kartya","30":"product_tag-szex-tarsasjatek","31":"product_tag-szexi-jelmez","32":"product_tag-szexi-ruha","33":"product_tag-szexshop-belvaros","35":"first","36":"outofstock","37":"sale","38":"taxable","39":"shipping-taxable","40":"purchasable","41":"product-type-simple"},"yoast_head":"<!-- This site is optimized with the Yoast SEO plugin v27.5 - https:\/\/yoast.com\/product\/yoast-seo-wordpress\/ -->\n<title>\ud83d\udc07 Bunnylicious Trouble - Szexshop Belvaros<\/title>\n<meta name=\"description\" content=\"Bunnylicious Trouble \u2013 szexi nyuszil\u00e1ny jelmez fejp\u00e1nttal, nyakkend\u0151vel \u00e9s farokkal. Pajkos est\u00e9khez, csak a szexshopbelvaros.com k\u00edn\u00e1lat\u00e1ban. \ud83d\udc07\" \/>\n<meta name=\"robots\" content=\"index, follow, max-snippet:-1, max-image-preview:large, max-video-preview:-1\" \/>\n<link rel=\"canonical\" href=\"https:\/\/www.szexshopbelvaros.com\/en\/product\/\ud83d\udc07-bunnylicious-trouble-ez-nem-jelmez-ez-egy-figyelmeztetes\/\" \/>\n<meta property=\"og:locale\" content=\"en_US\" \/>\n<meta property=\"og:type\" content=\"article\" \/>\n<meta property=\"og:title\" content=\"\ud83d\udc07 Bunnylicious Trouble - Szexshop Belvaros\" \/>\n<meta property=\"og:description\" content=\"Bunnylicious Trouble \u2013 szexi nyuszil\u00e1ny jelmez fejp\u00e1nttal, nyakkend\u0151vel \u00e9s farokkal. Pajkos est\u00e9khez, csak a szexshopbelvaros.com k\u00edn\u00e1lat\u00e1ban. \ud83d\udc07\" \/>\n<meta property=\"og:url\" content=\"https:\/\/www.szexshopbelvaros.com\/en\/product\/\ud83d\udc07-bunnylicious-trouble-ez-nem-jelmez-ez-egy-figyelmeztetes\/\" \/>\n<meta property=\"og:site_name\" content=\"Szexshop Belvaros\" \/>\n<meta property=\"article:publisher\" content=\"https:\/\/www.facebook.com\/belvarossecrets\/\" \/>\n<meta property=\"article:modified_time\" content=\"2026-04-10T12:00:27+00:00\" \/>\n<meta property=\"og:image\" content=\"https:\/\/www.szexshopbelvaros.com\/wp-content\/uploads\/2025\/09\/Screenshot-2025-09-20-at-15.11.54.png\" \/>\n\t<meta property=\"og:image:width\" content=\"1000\" \/>\n\t<meta property=\"og:image:height\" content=\"919\" \/>\n\t<meta property=\"og:image:type\" content=\"image\/png\" \/>\n<meta name=\"twitter:card\" content=\"summary_large_image\" \/>\n<meta name=\"twitter:site\" content=\"@belvarossecrets\" \/>\n<meta name=\"twitter:label1\" content=\"Est. reading time\" \/>\n\t<meta name=\"twitter:data1\" content=\"1 minute\" \/>\n<script type=\"application\/ld+json\" class=\"yoast-schema-graph\">{\"@context\":\"https:\\\/\\\/schema.org\",\"@graph\":[{\"@type\":\"WebPage\",\"@id\":\"https:\\\/\\\/www.szexshopbelvaros.com\\\/termek\\\/%f0%9f%90%87-bunnylicious-trouble-ez-nem-jelmez-ez-egy-figyelmeztetes\\\/\",\"url\":\"https:\\\/\\\/www.szexshopbelvaros.com\\\/termek\\\/%f0%9f%90%87-bunnylicious-trouble-ez-nem-jelmez-ez-egy-figyelmeztetes\\\/\",\"name\":\"\ud83d\udc07 Bunnylicious Trouble - Szexshop Belvaros\",\"isPartOf\":{\"@id\":\"https:\\\/\\\/www.szexshopbelvaros.com\\\/#website\"},\"primaryImageOfPage\":{\"@id\":\"https:\\\/\\\/www.szexshopbelvaros.com\\\/termek\\\/%f0%9f%90%87-bunnylicious-trouble-ez-nem-jelmez-ez-egy-figyelmeztetes\\\/#primaryimage\"},\"image\":{\"@id\":\"https:\\\/\\\/www.szexshopbelvaros.com\\\/termek\\\/%f0%9f%90%87-bunnylicious-trouble-ez-nem-jelmez-ez-egy-figyelmeztetes\\\/#primaryimage\"},\"thumbnailUrl\":\"https:\\\/\\\/www.szexshopbelvaros.com\\\/wp-content\\\/uploads\\\/2025\\\/09\\\/Screenshot-2025-09-20-at-15.11.54.png\",\"datePublished\":\"2025-09-20T13:18:10+00:00\",\"dateModified\":\"2026-04-10T12:00:27+00:00\",\"description\":\"Bunnylicious Trouble \u2013 szexi nyuszil\u00e1ny jelmez fejp\u00e1nttal, nyakkend\u0151vel \u00e9s farokkal. Pajkos est\u00e9khez, csak a szexshopbelvaros.com k\u00edn\u00e1lat\u00e1ban. \ud83d\udc07\",\"breadcrumb\":{\"@id\":\"https:\\\/\\\/www.szexshopbelvaros.com\\\/termek\\\/%f0%9f%90%87-bunnylicious-trouble-ez-nem-jelmez-ez-egy-figyelmeztetes\\\/#breadcrumb\"},\"inLanguage\":\"en-US\",\"potentialAction\":[{\"@type\":\"ReadAction\",\"target\":[\"https:\\\/\\\/www.szexshopbelvaros.com\\\/termek\\\/%f0%9f%90%87-bunnylicious-trouble-ez-nem-jelmez-ez-egy-figyelmeztetes\\\/\"]}]},{\"@type\":\"ImageObject\",\"inLanguage\":\"en-US\",\"@id\":\"https:\\\/\\\/www.szexshopbelvaros.com\\\/termek\\\/%f0%9f%90%87-bunnylicious-trouble-ez-nem-jelmez-ez-egy-figyelmeztetes\\\/#primaryimage\",\"url\":\"https:\\\/\\\/www.szexshopbelvaros.com\\\/wp-content\\\/uploads\\\/2025\\\/09\\\/Screenshot-2025-09-20-at-15.11.54.png\",\"contentUrl\":\"https:\\\/\\\/www.szexshopbelvaros.com\\\/wp-content\\\/uploads\\\/2025\\\/09\\\/Screenshot-2025-09-20-at-15.11.54.png\",\"width\":1000,\"height\":919,\"caption\":\"Bunnylicious Trouble szexi nyuszil\u00e1ny jelmez fejp\u00e1nttal \u00e9s farokkal \u2013 Szexshop Belvaros, Bunnylicious Trouble sexy bunny costume with headband and tail \u2013 Szexshop Belvaros\"},{\"@type\":\"BreadcrumbList\",\"@id\":\"https:\\\/\\\/www.szexshopbelvaros.com\\\/termek\\\/%f0%9f%90%87-bunnylicious-trouble-ez-nem-jelmez-ez-egy-figyelmeztetes\\\/#breadcrumb\",\"itemListElement\":[{\"@type\":\"ListItem\",\"position\":1,\"name\":\"Home\",\"item\":\"https:\\\/\\\/www.szexshopbelvaros.com\\\/\"},{\"@type\":\"ListItem\",\"position\":2,\"name\":\"\u00c1ruh\u00e1z\",\"item\":\"https:\\\/\\\/www.szexshopbelvaros.com\\\/uzlet\\\/\"},{\"@type\":\"ListItem\",\"position\":3,\"name\":\"\ud83d\udc07 Bunnylicious Trouble\"}]},{\"@type\":\"WebSite\",\"@id\":\"https:\\\/\\\/www.szexshopbelvaros.com\\\/#website\",\"url\":\"https:\\\/\\\/www.szexshopbelvaros.com\\\/\",\"name\":\"Szexshop Belv\u00e1ros\",\"description\":\"\ud83d\udd25 A szex olyan, mint a p\u00e9nz; csak a t\u00fal sok el\u00e9g!\u2122 Titkok a belv\u00e1rosb\u00f3l \ud83d\udc8b | Secrets from Budapest \ud83d\udc8e Feln\u0151tt j\u00e1t\u00e9kok \u2022 Erotika \u2022 Szexshop Belvaros\",\"publisher\":{\"@id\":\"https:\\\/\\\/www.szexshopbelvaros.com\\\/#organization\"},\"potentialAction\":[{\"@type\":\"SearchAction\",\"target\":{\"@type\":\"EntryPoint\",\"urlTemplate\":\"https:\\\/\\\/www.szexshopbelvaros.com\\\/?s={search_term_string}\"},\"query-input\":{\"@type\":\"PropertyValueSpecification\",\"valueRequired\":true,\"valueName\":\"search_term_string\"}}],\"inLanguage\":\"en-US\"},{\"@type\":\"Organization\",\"@id\":\"https:\\\/\\\/www.szexshopbelvaros.com\\\/#organization\",\"name\":\"Szexshop Belv\u00e1ros\",\"alternateName\":\"szexshopbelvaros.com\",\"url\":\"https:\\\/\\\/www.szexshopbelvaros.com\\\/\",\"logo\":{\"@type\":\"ImageObject\",\"inLanguage\":\"en-US\",\"@id\":\"https:\\\/\\\/www.szexshopbelvaros.com\\\/#\\\/schema\\\/logo\\\/image\\\/\",\"url\":\"https:\\\/\\\/www.szexshopbelvaros.com\\\/wp-content\\\/uploads\\\/2025\\\/09\\\/1Szexshopbelvaroslogo_blurred_stronger.jpg\",\"contentUrl\":\"https:\\\/\\\/www.szexshopbelvaros.com\\\/wp-content\\\/uploads\\\/2025\\\/09\\\/1Szexshopbelvaroslogo_blurred_stronger.jpg\",\"width\":1024,\"height\":1024,\"caption\":\"Szexshop Belv\u00e1ros\"},\"image\":{\"@id\":\"https:\\\/\\\/www.szexshopbelvaros.com\\\/#\\\/schema\\\/logo\\\/image\\\/\"},\"sameAs\":[\"https:\\\/\\\/www.facebook.com\\\/belvarossecrets\\\/\",\"https:\\\/\\\/x.com\\\/belvarossecrets\",\"https:\\\/\\\/www.instagram.com\\\/belvarossecrets\\\/\",\"https:\\\/\\\/www.tiktok.com\\\/@belvarossecrets\"]}]}<\/script>\n<!-- \/ Yoast SEO plugin. -->","yoast_head_json":{"title":"\ud83d\udc07 Bunnylicious Trouble - Sex shop Belvaros","description":"Bunnylicious Trouble \u2013 sexy bunny girl costume with headband, tie and tail. For naughty nights, only available at szexshopbelvaros.com. \ud83d\udc07","robots":{"index":"index","follow":"follow","max-snippet":"max-snippet:-1","max-image-preview":"max-image-preview:large","max-video-preview":"max-video-preview:-1"},"canonical":"https:\/\/www.szexshopbelvaros.com\/en\/product\/\ud83d\udc07-bunnylicious-trouble-ez-nem-jelmez-ez-egy-figyelmeztetes\/","og_locale":"en_US","og_type":"article","og_title":"\ud83d\udc07 Bunnylicious Trouble - Szexshop Belvaros","og_description":"Bunnylicious Trouble \u2013 szexi nyuszil\u00e1ny jelmez fejp\u00e1nttal, nyakkend\u0151vel \u00e9s farokkal. Pajkos est\u00e9khez, csak a szexshopbelvaros.com k\u00edn\u00e1lat\u00e1ban. \ud83d\udc07","og_url":"https:\/\/www.szexshopbelvaros.com\/en\/product\/\ud83d\udc07-bunnylicious-trouble-ez-nem-jelmez-ez-egy-figyelmeztetes\/","og_site_name":"Szexshop Belvaros","article_publisher":"https:\/\/www.facebook.com\/belvarossecrets\/","article_modified_time":"2026-04-10T12:00:27+00:00","og_image":[{"width":1000,"height":919,"url":"https:\/\/www.szexshopbelvaros.com\/wp-content\/uploads\/2025\/09\/Screenshot-2025-09-20-at-15.11.54.png","type":"image\/png"}],"twitter_card":"summary_large_image","twitter_site":"@belvarossecrets","twitter_misc":{"Est. reading time":"1 minute"},"schema":{"@context":"https:\/\/schema.org","@graph":[{"@type":"WebPage","@id":"https:\/\/www.szexshopbelvaros.com\/termek\/%f0%9f%90%87-bunnylicious-trouble-ez-nem-jelmez-ez-egy-figyelmeztetes\/","url":"https:\/\/www.szexshopbelvaros.com\/termek\/%f0%9f%90%87-bunnylicious-trouble-ez-nem-jelmez-ez-egy-figyelmeztetes\/","name":"\ud83d\udc07 Bunnylicious Trouble - Sex shop Belvaros","isPartOf":{"@id":"https:\/\/www.szexshopbelvaros.com\/#website"},"primaryImageOfPage":{"@id":"https:\/\/www.szexshopbelvaros.com\/termek\/%f0%9f%90%87-bunnylicious-trouble-ez-nem-jelmez-ez-egy-figyelmeztetes\/#primaryimage"},"image":{"@id":"https:\/\/www.szexshopbelvaros.com\/termek\/%f0%9f%90%87-bunnylicious-trouble-ez-nem-jelmez-ez-egy-figyelmeztetes\/#primaryimage"},"thumbnailUrl":"https:\/\/www.szexshopbelvaros.com\/wp-content\/uploads\/2025\/09\/Screenshot-2025-09-20-at-15.11.54.png","datePublished":"2025-09-20T13:18:10+00:00","dateModified":"2026-04-10T12:00:27+00:00","description":"Bunnylicious Trouble \u2013 sexy bunny girl costume with headband, tie and tail. For naughty nights, only available at szexshopbelvaros.com. \ud83d\udc07","breadcrumb":{"@id":"https:\/\/www.szexshopbelvaros.com\/termek\/%f0%9f%90%87-bunnylicious-trouble-ez-nem-jelmez-ez-egy-figyelmeztetes\/#breadcrumb"},"inLanguage":"en-US","potentialAction":[{"@type":"ReadAction","target":["https:\/\/www.szexshopbelvaros.com\/termek\/%f0%9f%90%87-bunnylicious-trouble-ez-nem-jelmez-ez-egy-figyelmeztetes\/"]}]},{"@type":"ImageObject","inLanguage":"en-US","@id":"https:\/\/www.szexshopbelvaros.com\/termek\/%f0%9f%90%87-bunnylicious-trouble-ez-nem-jelmez-ez-egy-figyelmeztetes\/#primaryimage","url":"https:\/\/www.szexshopbelvaros.com\/wp-content\/uploads\/2025\/09\/Screenshot-2025-09-20-at-15.11.54.png","contentUrl":"https:\/\/www.szexshopbelvaros.com\/wp-content\/uploads\/2025\/09\/Screenshot-2025-09-20-at-15.11.54.png","width":1000,"height":919,"caption":"Bunnylicious Trouble szexi nyuszil\u00e1ny jelmez fejp\u00e1nttal \u00e9s farokkal \u2013 Szexshop Belvaros, Bunnylicious Trouble sexy bunny costume with headband and tail \u2013 Szexshop Belvaros"},{"@type":"BreadcrumbList","@id":"https:\/\/www.szexshopbelvaros.com\/termek\/%f0%9f%90%87-bunnylicious-trouble-ez-nem-jelmez-ez-egy-figyelmeztetes\/#breadcrumb","itemListElement":[{"@type":"ListItem","position":1,"name":"Home","item":"https:\/\/www.szexshopbelvaros.com\/"},{"@type":"ListItem","position":2,"name":"\u00c1ruh\u00e1z","item":"https:\/\/www.szexshopbelvaros.com\/uzlet\/"},{"@type":"ListItem","position":3,"name":"\ud83d\udc07 Bunnylicious Trouble"}]},{"@type":"WebSite","@id":"https:\/\/www.szexshopbelvaros.com\/#website","url":"https:\/\/www.szexshopbelvaros.com\/","name":"at our Szexshop Belv\u00e1ros","description":"\ud83d\udd25 Sex is like money; only too much is enough!\u2122 Secrets from the city center \ud83d\udc8b | Secrets from Budapest \ud83d\udc8e Adult games \u2022 Erotica \u2022 Sex shop Belvaros","publisher":{"@id":"https:\/\/www.szexshopbelvaros.com\/#organization"},"potentialAction":[{"@type":"SearchAction","target":{"@type":"EntryPoint","urlTemplate":"https:\/\/www.szexshopbelvaros.com\/?s={search_term_string}"},"query-input":{"@type":"PropertyValueSpecification","valueRequired":true,"valueName":"search_term_string"}}],"inLanguage":"en-US"},{"@type":"Organization","@id":"https:\/\/www.szexshopbelvaros.com\/#organization","name":"at our Szexshop Belv\u00e1ros","alternateName":"szexshopbelvaros.com","url":"https:\/\/www.szexshopbelvaros.com\/","logo":{"@type":"ImageObject","inLanguage":"en-US","@id":"https:\/\/www.szexshopbelvaros.com\/#\/schema\/logo\/image\/","url":"https:\/\/www.szexshopbelvaros.com\/wp-content\/uploads\/2025\/09\/1Szexshopbelvaroslogo_blurred_stronger.jpg","contentUrl":"https:\/\/www.szexshopbelvaros.com\/wp-content\/uploads\/2025\/09\/1Szexshopbelvaroslogo_blurred_stronger.jpg","width":1024,"height":1024,"caption":"Szexshop Belv\u00e1ros"},"image":{"@id":"https:\/\/www.szexshopbelvaros.com\/#\/schema\/logo\/image\/"},"sameAs":["https:\/\/www.facebook.com\/belvarossecrets\/","https:\/\/x.com\/belvarossecrets","https:\/\/www.instagram.com\/belvarossecrets\/","https:\/\/www.tiktok.com\/@belvarossecrets"]}]}},"_links":{"self":[{"href":"https:\/\/www.szexshopbelvaros.com\/en\/wp-json\/wp\/v2\/product\/1967","targetHints":{"allow":["GET"]}}],"collection":[{"href":"https:\/\/www.szexshopbelvaros.com\/en\/wp-json\/wp\/v2\/product"}],"about":[{"href":"https:\/\/www.szexshopbelvaros.com\/en\/wp-json\/wp\/v2\/types\/product"}],"replies":[{"embeddable":true,"href":"https:\/\/www.szexshopbelvaros.com\/en\/wp-json\/wp\/v2\/comments?post=1967"}],"wp:featuredmedia":[{"embeddable":true,"href":"https:\/\/www.szexshopbelvaros.com\/en\/wp-json\/wp\/v2\/media\/1968"}],"wp:attachment":[{"href":"https:\/\/www.szexshopbelvaros.com\/en\/wp-json\/wp\/v2\/media?parent=1967"}],"wp:term":[{"taxonomy":"product_brand","embeddable":true,"href":"https:\/\/www.szexshopbelvaros.com\/en\/wp-json\/wp\/v2\/product_brand?post=1967"},{"taxonomy":"product_cat","embeddable":true,"href":"https:\/\/www.szexshopbelvaros.com\/en\/wp-json\/wp\/v2\/product_cat?post=1967"},{"taxonomy":"product_tag","embeddable":true,"href":"https:\/\/www.szexshopbelvaros.com\/en\/wp-json\/wp\/v2\/product_tag?post=1967"}],"curies":[{"name":"wp","href":"https:\/\/api.w.org\/{rel}","templated":true}]}}