{"id":1984,"date":"2025-10-05T18:01:01","date_gmt":"2025-10-05T16:01:01","guid":{"rendered":"https:\/\/www.szexshopbelvaros.com\/?post_type=product&#038;p=1984"},"modified":"2026-04-10T14:00:26","modified_gmt":"2026-04-10T12:00:26","slug":"%e2%9a%94%ef%b8%8f-spike-commander-tuskes-maszk","status":"publish","type":"product","link":"https:\/\/www.szexshopbelvaros.com\/en\/product\/%e2%9a%94%ef%b8%8f-spike-commander-tuskes-maszk\/","title":{"rendered":"\u2694\ufe0f Spike Commander Spike Mask \u2013 You walk into the party and suddenly everyone knows who&#039;s boss"},"content":{"rendered":"<p data-start=\"449\" data-end=\"724\"><strong data-start=\"449\" data-end=\"483\">Spike Commander spiked mask<\/strong> not just for cosplay or fetish play. This black and silver <strong data-start=\"546\" data-end=\"560\">BDSM mask<\/strong> a real stylish threat wrapped in PU leather. \ud83d\ude08 The half-face, hollow design is comfortable. It&#039;s also brutally spectacular - the spikes are as dangerous as they are sexy.<\/p>\n<p data-start=\"726\" data-end=\"1030\"><strong data-start=\"726\" data-end=\"760\">Spike Commander spiked mask<\/strong> It is designed for both men and women. Those who like to explore the boundaries of dominance and submission will love it. This is the <strong data-start=\"885\" data-end=\"899\">BDSM mask<\/strong> Perfect accessory for role-playing games, fetish nights or even photo shoots. Where dominance and self-expression are the main focus.<\/p>\n<p data-start=\"1032\" data-end=\"1121\">Head circumference: 50\u201362 cm. Neck circumference: 32\u201344 cm. Just enough room for the ego. \ud83d\ude1c<\/p>\n<p data-start=\"1123\" data-end=\"1402\">The high-quality PU leather and solid metal spikes make it durable and eye-catching. Whether you&#039;re a seasoned BDSM enthusiast or a novice explorer, this mask will command attention in every situation. Get ready - you won&#039;t be the one to blend in with this mask. Others will.<\/p>\n<p>Discover other exciting products at <a class=\"decorated-link cursor-pointer\" href=\"https:\/\/www.szexshopbelvaros.com\/en\/product-category\/bdsm\/sado-mazo-kellekek\/\" target=\"_new\" rel=\"noopener\" data-start=\"345\" data-end=\"418\">In our BDSM category<\/a>and put together your own wild collection! \ud83d\udd25<\/p>","protected":false},"excerpt":{"rendered":"<p>Spike Commander t\u00fcsk\u00e9s maszk nemcsak cosplayhez vagy f\u00e9tisj\u00e1t\u00e9khoz val\u00f3. Ez a fekete-ez\u00fcst BDSM maszk igazi st\u00edlusos fenyeget\u00e9s PU b\u0151rbe csomagolva. \ud83d\ude08 A f\u00e9larcos, \u00fcreges diz\u00e1jn k\u00e9nyelmes. Brut\u00e1l l\u00e1tv\u00e1nyos is \u2013 a t\u00fcsk\u00e9k pont annyira vesz\u00e9lyesek, amennyire szexik. Spike Commander t\u00fcsk\u00e9s maszk f\u00e9rfiaknak \u00e9s n\u0151knek egyr\u00e1nt k\u00e9sz\u00fclt. Akik szeretik felfedezni az uralkod\u00e1s \u00e9s az al\u00e1vetetts\u00e9g hat\u00e1r\u00e1t, [&#8230;]\n","protected":false},"featured_media":1985,"comment_status":"closed","ping_status":"closed","template":"","meta":[],"product_brand":[],"product_cat":[52,117,2006],"product_tag":[2200,309,321,1410,372,1629,907,2201,316,308,951,2204,1131,2025,503,937,389,2023,2008,933,2199,552,733,2026,2202,2203,917,945,317,715,1625,2024,2198,2197,2196,272,932,220,2013],"class_list":{"0":"post-1984","1":"product","2":"type-product","3":"status-publish","4":"has-post-thumbnail","6":"product_cat-bdsm","7":"product_cat-cosplay-jelmez-erotikus-jatekok","8":"product_cat-dominancia-alavetettseg","9":"product_tag-adult-game","10":"product_tag-alavetettseg","11":"product_tag-bdsm","12":"product_tag-bdsm-toy","13":"product_tag-bondage","14":"product_tag-cosplay-costume","15":"product_tag-cosplay-jelmez","16":"product_tag-couples-game","17":"product_tag-dominance","18":"product_tag-dominancia","19":"product_tag-erotic-clothing","20":"product_tag-erotic-mask","21":"product_tag-erotikus-jatek","22":"product_tag-erotikus-kosztum","23":"product_tag-erotikus-ruha","24":"product_tag-fehernemu","25":"product_tag-felnott-jatek","26":"product_tag-haloszoba-divat","27":"product_tag-kink","28":"product_tag-lingerie","29":"product_tag-maszk","30":"product_tag-paros-jatek","31":"product_tag-power-exchange","32":"product_tag-roleplay-outfit","33":"product_tag-sex-card-game","34":"product_tag-sex-dice","35":"product_tag-sexy-costume","36":"product_tag-sexy-outfit","37":"product_tag-submission","38":"product_tag-szadomazo-kellek","39":"product_tag-szerepjatek","40":"product_tag-szerepjatek-ruha","41":"product_tag-szex-dobokocka","42":"product_tag-szex-kartya","43":"product_tag-szex-tarsasjatek","44":"product_tag-szexi-jelmez","45":"product_tag-szexi-ruha","46":"product_tag-szexshop-belvaros","47":"product_tag-uralom","49":"first","50":"instock","51":"taxable","52":"shipping-taxable","53":"purchasable","54":"product-type-simple"},"yoast_head":"<!-- This site is optimized with the Yoast SEO plugin v27.4 - https:\/\/yoast.com\/product\/yoast-seo-wordpress\/ -->\n<title>\u2694\ufe0f Spike Commander T\u00fcsk\u00e9s Maszk - Szexshop Belvaros<\/title>\n<meta name=\"description\" content=\"\u2694\ufe0f The Spike Commander t\u00fcsk\u00e9s maszk fekete PU b\u0151rb\u0151l k\u00e9sz\u00fclt, f\u00e9m t\u00fcsk\u00e9kkel \u2013 ide\u00e1lis cosplayhez, f\u00e9tisj\u00e1t\u00e9khoz \u00e9s BDSM kalandokhoz.\" \/>\n<meta name=\"robots\" content=\"index, follow, max-snippet:-1, max-image-preview:large, max-video-preview:-1\" \/>\n<link rel=\"canonical\" href=\"https:\/\/www.szexshopbelvaros.com\/en\/product\/\u2694\ufe0f-spike-commander-tuskes-maszk\/\" \/>\n<meta property=\"og:locale\" content=\"en_US\" \/>\n<meta property=\"og:type\" content=\"article\" \/>\n<meta property=\"og:title\" content=\"\u2694\ufe0f Spike Commander T\u00fcsk\u00e9s Maszk - Szexshop Belvaros\" \/>\n<meta property=\"og:description\" content=\"\u2694\ufe0f The Spike Commander t\u00fcsk\u00e9s maszk fekete PU b\u0151rb\u0151l k\u00e9sz\u00fclt, f\u00e9m t\u00fcsk\u00e9kkel \u2013 ide\u00e1lis cosplayhez, f\u00e9tisj\u00e1t\u00e9khoz \u00e9s BDSM kalandokhoz.\" \/>\n<meta property=\"og:url\" content=\"https:\/\/www.szexshopbelvaros.com\/en\/product\/\u2694\ufe0f-spike-commander-tuskes-maszk\/\" \/>\n<meta property=\"og:site_name\" content=\"Szexshop Belvaros\" \/>\n<meta property=\"article:publisher\" content=\"https:\/\/www.facebook.com\/belvarossecrets\/\" \/>\n<meta property=\"article:modified_time\" content=\"2026-04-10T12:00:26+00:00\" \/>\n<meta property=\"og:image\" content=\"https:\/\/www.szexshopbelvaros.com\/wp-content\/uploads\/2025\/10\/6769b8445f89b563272389cb.png\" \/>\n\t<meta property=\"og:image:width\" content=\"1004\" \/>\n\t<meta property=\"og:image:height\" content=\"565\" \/>\n\t<meta property=\"og:image:type\" content=\"image\/png\" \/>\n<meta name=\"twitter:card\" content=\"summary_large_image\" \/>\n<meta name=\"twitter:site\" content=\"@belvarossecrets\" \/>\n<meta name=\"twitter:label1\" content=\"Est. reading time\" \/>\n\t<meta name=\"twitter:data1\" content=\"2 minutes\" \/>\n<script type=\"application\/ld+json\" class=\"yoast-schema-graph\">{\"@context\":\"https:\\\/\\\/schema.org\",\"@graph\":[{\"@type\":\"WebPage\",\"@id\":\"https:\\\/\\\/www.szexshopbelvaros.com\\\/termek\\\/%e2%9a%94%ef%b8%8f-spike-commander-tuskes-maszk\\\/\",\"url\":\"https:\\\/\\\/www.szexshopbelvaros.com\\\/termek\\\/%e2%9a%94%ef%b8%8f-spike-commander-tuskes-maszk\\\/\",\"name\":\"\u2694\ufe0f Spike Commander T\u00fcsk\u00e9s Maszk - Szexshop Belvaros\",\"isPartOf\":{\"@id\":\"https:\\\/\\\/www.szexshopbelvaros.com\\\/#website\"},\"primaryImageOfPage\":{\"@id\":\"https:\\\/\\\/www.szexshopbelvaros.com\\\/termek\\\/%e2%9a%94%ef%b8%8f-spike-commander-tuskes-maszk\\\/#primaryimage\"},\"image\":{\"@id\":\"https:\\\/\\\/www.szexshopbelvaros.com\\\/termek\\\/%e2%9a%94%ef%b8%8f-spike-commander-tuskes-maszk\\\/#primaryimage\"},\"thumbnailUrl\":\"https:\\\/\\\/www.szexshopbelvaros.com\\\/wp-content\\\/uploads\\\/2025\\\/10\\\/6769b8445f89b563272389cb.png\",\"datePublished\":\"2025-10-05T16:01:01+00:00\",\"dateModified\":\"2026-04-10T12:00:26+00:00\",\"description\":\"\u2694\ufe0f The Spike Commander t\u00fcsk\u00e9s maszk fekete PU b\u0151rb\u0151l k\u00e9sz\u00fclt, f\u00e9m t\u00fcsk\u00e9kkel \u2013 ide\u00e1lis cosplayhez, f\u00e9tisj\u00e1t\u00e9khoz \u00e9s BDSM kalandokhoz.\",\"breadcrumb\":{\"@id\":\"https:\\\/\\\/www.szexshopbelvaros.com\\\/termek\\\/%e2%9a%94%ef%b8%8f-spike-commander-tuskes-maszk\\\/#breadcrumb\"},\"inLanguage\":\"en-US\",\"potentialAction\":[{\"@type\":\"ReadAction\",\"target\":[\"https:\\\/\\\/www.szexshopbelvaros.com\\\/termek\\\/%e2%9a%94%ef%b8%8f-spike-commander-tuskes-maszk\\\/\"]}]},{\"@type\":\"ImageObject\",\"inLanguage\":\"en-US\",\"@id\":\"https:\\\/\\\/www.szexshopbelvaros.com\\\/termek\\\/%e2%9a%94%ef%b8%8f-spike-commander-tuskes-maszk\\\/#primaryimage\",\"url\":\"https:\\\/\\\/www.szexshopbelvaros.com\\\/wp-content\\\/uploads\\\/2025\\\/10\\\/6769b8445f89b563272389cb.png\",\"contentUrl\":\"https:\\\/\\\/www.szexshopbelvaros.com\\\/wp-content\\\/uploads\\\/2025\\\/10\\\/6769b8445f89b563272389cb.png\",\"width\":1004,\"height\":565,\"caption\":\"Fekete t\u00fcsk\u00e9s PU b\u0151r f\u00e9lmaszk oldaln\u00e9zetben \u2013 The Spike Commander \u2694\ufe0f a Szexshop Belvaros k\u00edn\u00e1lat\u00e1ban, Black spiked PU leather half mask side view \u2013 The Spike Commander \u2694\ufe0f available at Szexshop Belvaros\"},{\"@type\":\"BreadcrumbList\",\"@id\":\"https:\\\/\\\/www.szexshopbelvaros.com\\\/termek\\\/%e2%9a%94%ef%b8%8f-spike-commander-tuskes-maszk\\\/#breadcrumb\",\"itemListElement\":[{\"@type\":\"ListItem\",\"position\":1,\"name\":\"Home\",\"item\":\"https:\\\/\\\/www.szexshopbelvaros.com\\\/\"},{\"@type\":\"ListItem\",\"position\":2,\"name\":\"\u00c1ruh\u00e1z\",\"item\":\"https:\\\/\\\/www.szexshopbelvaros.com\\\/uzlet\\\/\"},{\"@type\":\"ListItem\",\"position\":3,\"name\":\"\u2694\ufe0f Spike Commander T\u00fcsk\u00e9s Maszk &#8211; Bel\u00e9psz a buliba, \u00e9s hirtelen mindenki tudja, ki a f\u0151n\u00f6k\"}]},{\"@type\":\"WebSite\",\"@id\":\"https:\\\/\\\/www.szexshopbelvaros.com\\\/#website\",\"url\":\"https:\\\/\\\/www.szexshopbelvaros.com\\\/\",\"name\":\"Szexshop Belv\u00e1ros\",\"description\":\"\ud83d\udd25 A szex olyan, mint a p\u00e9nz; csak a t\u00fal sok el\u00e9g!\u2122 Titkok a belv\u00e1rosb\u00f3l \ud83d\udc8b | Secrets from Budapest \ud83d\udc8e Feln\u0151tt j\u00e1t\u00e9kok \u2022 Erotika \u2022 Szexshop Belvaros\",\"publisher\":{\"@id\":\"https:\\\/\\\/www.szexshopbelvaros.com\\\/#organization\"},\"potentialAction\":[{\"@type\":\"SearchAction\",\"target\":{\"@type\":\"EntryPoint\",\"urlTemplate\":\"https:\\\/\\\/www.szexshopbelvaros.com\\\/?s={search_term_string}\"},\"query-input\":{\"@type\":\"PropertyValueSpecification\",\"valueRequired\":true,\"valueName\":\"search_term_string\"}}],\"inLanguage\":\"en-US\"},{\"@type\":\"Organization\",\"@id\":\"https:\\\/\\\/www.szexshopbelvaros.com\\\/#organization\",\"name\":\"Szexshop Belv\u00e1ros\",\"alternateName\":\"szexshopbelvaros.com\",\"url\":\"https:\\\/\\\/www.szexshopbelvaros.com\\\/\",\"logo\":{\"@type\":\"ImageObject\",\"inLanguage\":\"en-US\",\"@id\":\"https:\\\/\\\/www.szexshopbelvaros.com\\\/#\\\/schema\\\/logo\\\/image\\\/\",\"url\":\"https:\\\/\\\/www.szexshopbelvaros.com\\\/wp-content\\\/uploads\\\/2025\\\/09\\\/1Szexshopbelvaroslogo_blurred_stronger.jpg\",\"contentUrl\":\"https:\\\/\\\/www.szexshopbelvaros.com\\\/wp-content\\\/uploads\\\/2025\\\/09\\\/1Szexshopbelvaroslogo_blurred_stronger.jpg\",\"width\":1024,\"height\":1024,\"caption\":\"Szexshop Belv\u00e1ros\"},\"image\":{\"@id\":\"https:\\\/\\\/www.szexshopbelvaros.com\\\/#\\\/schema\\\/logo\\\/image\\\/\"},\"sameAs\":[\"https:\\\/\\\/www.facebook.com\\\/belvarossecrets\\\/\",\"https:\\\/\\\/x.com\\\/belvarossecrets\",\"https:\\\/\\\/www.instagram.com\\\/belvarossecrets\\\/\",\"https:\\\/\\\/www.tiktok.com\\\/@belvarossecrets\"]}]}<\/script>\n<!-- \/ Yoast SEO plugin. -->","yoast_head_json":{"title":"\u2694\ufe0f Spike Commander Spiked Mask - Sex Shop Belvaros","description":"\u2694\ufe0f The Spike Commander spiked mask is made of black PU leather with metal spikes - ideal for cosplay, fetish play and BDSM adventures.","robots":{"index":"index","follow":"follow","max-snippet":"max-snippet:-1","max-image-preview":"max-image-preview:large","max-video-preview":"max-video-preview:-1"},"canonical":"https:\/\/www.szexshopbelvaros.com\/en\/product\/\u2694\ufe0f-spike-commander-tuskes-maszk\/","og_locale":"en_US","og_type":"article","og_title":"\u2694\ufe0f Spike Commander T\u00fcsk\u00e9s Maszk - Szexshop Belvaros","og_description":"\u2694\ufe0f The Spike Commander t\u00fcsk\u00e9s maszk fekete PU b\u0151rb\u0151l k\u00e9sz\u00fclt, f\u00e9m t\u00fcsk\u00e9kkel \u2013 ide\u00e1lis cosplayhez, f\u00e9tisj\u00e1t\u00e9khoz \u00e9s BDSM kalandokhoz.","og_url":"https:\/\/www.szexshopbelvaros.com\/en\/product\/\u2694\ufe0f-spike-commander-tuskes-maszk\/","og_site_name":"Szexshop Belvaros","article_publisher":"https:\/\/www.facebook.com\/belvarossecrets\/","article_modified_time":"2026-04-10T12:00:26+00:00","og_image":[{"width":1004,"height":565,"url":"https:\/\/www.szexshopbelvaros.com\/wp-content\/uploads\/2025\/10\/6769b8445f89b563272389cb.png","type":"image\/png"}],"twitter_card":"summary_large_image","twitter_site":"@belvarossecrets","twitter_misc":{"Est. reading time":"2 minutes"},"schema":{"@context":"https:\/\/schema.org","@graph":[{"@type":"WebPage","@id":"https:\/\/www.szexshopbelvaros.com\/termek\/%e2%9a%94%ef%b8%8f-spike-commander-tuskes-maszk\/","url":"https:\/\/www.szexshopbelvaros.com\/termek\/%e2%9a%94%ef%b8%8f-spike-commander-tuskes-maszk\/","name":"\u2694\ufe0f Spike Commander Spiked Mask - Sex Shop Belvaros","isPartOf":{"@id":"https:\/\/www.szexshopbelvaros.com\/#website"},"primaryImageOfPage":{"@id":"https:\/\/www.szexshopbelvaros.com\/termek\/%e2%9a%94%ef%b8%8f-spike-commander-tuskes-maszk\/#primaryimage"},"image":{"@id":"https:\/\/www.szexshopbelvaros.com\/termek\/%e2%9a%94%ef%b8%8f-spike-commander-tuskes-maszk\/#primaryimage"},"thumbnailUrl":"https:\/\/www.szexshopbelvaros.com\/wp-content\/uploads\/2025\/10\/6769b8445f89b563272389cb.png","datePublished":"2025-10-05T16:01:01+00:00","dateModified":"2026-04-10T12:00:26+00:00","description":"\u2694\ufe0f The Spike Commander spiked mask is made of black PU leather with metal spikes - ideal for cosplay, fetish play and BDSM adventures.","breadcrumb":{"@id":"https:\/\/www.szexshopbelvaros.com\/termek\/%e2%9a%94%ef%b8%8f-spike-commander-tuskes-maszk\/#breadcrumb"},"inLanguage":"en-US","potentialAction":[{"@type":"ReadAction","target":["https:\/\/www.szexshopbelvaros.com\/termek\/%e2%9a%94%ef%b8%8f-spike-commander-tuskes-maszk\/"]}]},{"@type":"ImageObject","inLanguage":"en-US","@id":"https:\/\/www.szexshopbelvaros.com\/termek\/%e2%9a%94%ef%b8%8f-spike-commander-tuskes-maszk\/#primaryimage","url":"https:\/\/www.szexshopbelvaros.com\/wp-content\/uploads\/2025\/10\/6769b8445f89b563272389cb.png","contentUrl":"https:\/\/www.szexshopbelvaros.com\/wp-content\/uploads\/2025\/10\/6769b8445f89b563272389cb.png","width":1004,"height":565,"caption":"Fekete t\u00fcsk\u00e9s PU b\u0151r f\u00e9lmaszk oldaln\u00e9zetben \u2013 The Spike Commander \u2694\ufe0f a Szexshop Belvaros k\u00edn\u00e1lat\u00e1ban, Black spiked PU leather half mask side view \u2013 The Spike Commander \u2694\ufe0f available at Szexshop Belvaros"},{"@type":"BreadcrumbList","@id":"https:\/\/www.szexshopbelvaros.com\/termek\/%e2%9a%94%ef%b8%8f-spike-commander-tuskes-maszk\/#breadcrumb","itemListElement":[{"@type":"ListItem","position":1,"name":"Home","item":"https:\/\/www.szexshopbelvaros.com\/"},{"@type":"ListItem","position":2,"name":"\u00c1ruh\u00e1z","item":"https:\/\/www.szexshopbelvaros.com\/uzlet\/"},{"@type":"ListItem","position":3,"name":"\u2694\ufe0f Spike Commander T\u00fcsk\u00e9s Maszk &#8211; Bel\u00e9psz a buliba, \u00e9s hirtelen mindenki tudja, ki a f\u0151n\u00f6k"}]},{"@type":"WebSite","@id":"https:\/\/www.szexshopbelvaros.com\/#website","url":"https:\/\/www.szexshopbelvaros.com\/","name":"at our Szexshop Belv\u00e1ros","description":"\ud83d\udd25 Sex is like money; only too much is enough!\u2122 Secrets from the city center \ud83d\udc8b | Secrets from Budapest \ud83d\udc8e Adult games \u2022 Erotica \u2022 Sex shop Belvaros","publisher":{"@id":"https:\/\/www.szexshopbelvaros.com\/#organization"},"potentialAction":[{"@type":"SearchAction","target":{"@type":"EntryPoint","urlTemplate":"https:\/\/www.szexshopbelvaros.com\/?s={search_term_string}"},"query-input":{"@type":"PropertyValueSpecification","valueRequired":true,"valueName":"search_term_string"}}],"inLanguage":"en-US"},{"@type":"Organization","@id":"https:\/\/www.szexshopbelvaros.com\/#organization","name":"at our Szexshop Belv\u00e1ros","alternateName":"szexshopbelvaros.com","url":"https:\/\/www.szexshopbelvaros.com\/","logo":{"@type":"ImageObject","inLanguage":"en-US","@id":"https:\/\/www.szexshopbelvaros.com\/#\/schema\/logo\/image\/","url":"https:\/\/www.szexshopbelvaros.com\/wp-content\/uploads\/2025\/09\/1Szexshopbelvaroslogo_blurred_stronger.jpg","contentUrl":"https:\/\/www.szexshopbelvaros.com\/wp-content\/uploads\/2025\/09\/1Szexshopbelvaroslogo_blurred_stronger.jpg","width":1024,"height":1024,"caption":"Szexshop Belv\u00e1ros"},"image":{"@id":"https:\/\/www.szexshopbelvaros.com\/#\/schema\/logo\/image\/"},"sameAs":["https:\/\/www.facebook.com\/belvarossecrets\/","https:\/\/x.com\/belvarossecrets","https:\/\/www.instagram.com\/belvarossecrets\/","https:\/\/www.tiktok.com\/@belvarossecrets"]}]}},"_links":{"self":[{"href":"https:\/\/www.szexshopbelvaros.com\/en\/wp-json\/wp\/v2\/product\/1984","targetHints":{"allow":["GET"]}}],"collection":[{"href":"https:\/\/www.szexshopbelvaros.com\/en\/wp-json\/wp\/v2\/product"}],"about":[{"href":"https:\/\/www.szexshopbelvaros.com\/en\/wp-json\/wp\/v2\/types\/product"}],"replies":[{"embeddable":true,"href":"https:\/\/www.szexshopbelvaros.com\/en\/wp-json\/wp\/v2\/comments?post=1984"}],"wp:featuredmedia":[{"embeddable":true,"href":"https:\/\/www.szexshopbelvaros.com\/en\/wp-json\/wp\/v2\/media\/1985"}],"wp:attachment":[{"href":"https:\/\/www.szexshopbelvaros.com\/en\/wp-json\/wp\/v2\/media?parent=1984"}],"wp:term":[{"taxonomy":"product_brand","embeddable":true,"href":"https:\/\/www.szexshopbelvaros.com\/en\/wp-json\/wp\/v2\/product_brand?post=1984"},{"taxonomy":"product_cat","embeddable":true,"href":"https:\/\/www.szexshopbelvaros.com\/en\/wp-json\/wp\/v2\/product_cat?post=1984"},{"taxonomy":"product_tag","embeddable":true,"href":"https:\/\/www.szexshopbelvaros.com\/en\/wp-json\/wp\/v2\/product_tag?post=1984"}],"curies":[{"name":"wp","href":"https:\/\/api.w.org\/{rel}","templated":true}]}}