{"id":1998,"date":"2025-10-23T13:05:25","date_gmt":"2025-10-23T11:05:25","guid":{"rendered":"https:\/\/www.szexshopbelvaros.com\/?post_type=product&#038;p=1998"},"modified":"2026-04-10T15:43:51","modified_gmt":"2026-04-10T13:43:51","slug":"%f0%9f%90%98%f0%9f%92%a7%f0%9f%8d%91-just-glide-anal-1000-ml","status":"publish","type":"product","link":"https:\/\/www.szexshopbelvaros.com\/en\/product\/%f0%9f%90%98%f0%9f%92%a7%f0%9f%8d%91-just-glide-anal-1000-ml\/","title":{"rendered":"\ud83d\udc18\ud83d\udca7\ud83c\udf51 Just Glide Anal 1000 ml"},"content":{"rendered":"<p data-start=\"295\" data-end=\"469\"><strong data-start=\"295\" data-end=\"322\">Just Glide Anal 1000 ml<\/strong> \u2013 because size does matter when it comes to lube. \ud83d\udd25 This water-based anal lube is what makes every game go smoother \u2013 literally.<\/p>\n<p>This lube doesn't play - it's not the little tube you keep hidden in the corner of your nightstand. This half-liter pump-up of security is a water-based, dermatologically tested, 100% vegan lube specifically formulated for anal pleasure.<\/p>\n<p>Its oil- and grease-free formula is non-sticky, non-staining and safe for players with sensitive skin. The colorless, odorless, allergen- and fragrance-free formula is discreet yet effective. The 7 herbs (such as orange, rosemary, nutmeg) not only lubricate but also pamper your skin.<\/p>\n<p>1000 ml? Yes. This bottle will last you for several sessions, whether it&#039;s for a marathon BDSM session, multi-partner play, or simply to avoid having to reorder in 2 weeks.<\/p>\n<p>It is safe with condoms, easy to wash off and glides where it needs to be. It is recommended to do a skin test before use and rinse off any residue with lukewarm water after use.<\/p>\n<p>Discover the full selection of <a class=\"decorated-link cursor-pointer\" href=\"https:\/\/www.szexshopbelvaros.com\/en\/product-category\/drogeria-wellness\/sikositok\/\" target=\"_new\" rel=\"noopener\" data-start=\"1731\" data-end=\"1801\"><strong data-start=\"1732\" data-end=\"1745\">lubricants<\/strong><\/a> we offer!<\/p>\n<p>If you&#039;re serious, Just Glide Anal 1000 ml is your lubricant. Now in Budapest <a href=\"https:\/\/wolt.com\/hu\/hun\/budapest\/venue\/szexshop-belvaros\/just-glide-anal-1000-ml-itemid-42bfb347d869aaca24d0ad68\">Wolt store<\/a> Sex shop in Belv\u00e1ros and in the offer of sexshopbelvaros.com. \ud83d\udca7<\/p>","protected":false},"excerpt":{"rendered":"<p>Just Glide An\u00e1l 1000 ml \u2013 mert a m\u00e9ret igenis sz\u00e1m\u00edt, ha s\u00edkos\u00edt\u00f3r\u00f3l van sz\u00f3. \ud83d\udd25 Ez a v\u00edzb\u00e1zis\u00fa an\u00e1l s\u00edkos\u00edt\u00f3 az, amit\u0151l minden j\u00e1t\u00e9k g\u00f6rd\u00fcl\u00e9kenyebb lesz \u2013 sz\u00f3 szerint. Ez a s\u00edkos\u00edt\u00f3 nem cic\u00f3zik \u2013 ez nem az a kis tubus, amit az \u00e9jjeliszekr\u00e9nyed sark\u00e1ban bujk\u00e1ltatsz. Ez a f\u00e9l literrel felpump\u00e1lt biztons\u00e1g\u00e9rzet v\u00edzb\u00e1zis\u00fa, b\u0151rgy\u00f3gy\u00e1szatilag [&#8230;]\n","protected":false},"featured_media":1999,"comment_status":"closed","ping_status":"closed","template":"","meta":[],"product_brand":[337],"product_cat":[135,74],"product_tag":[418,677,676,1685,339,1392,1393,1690,1692,1718,1381,499,1318,1693,1719,1717,1684,1691,342,346],"class_list":{"0":"post-1998","1":"product","2":"type-product","3":"status-publish","4":"has-post-thumbnail","6":"product_brand-just-glide","7":"product_cat-anal","8":"product_cat-anal-relax-sikositok","9":"product_tag-anal-jatek","10":"product_tag-anal-lubricant","11":"product_tag-anal-play","12":"product_tag-anal-preparation","13":"product_tag-anal-sikosito","14":"product_tag-anal-stimulacio","15":"product_tag-anal-stimulation","16":"product_tag-bulk-lubricant","17":"product_tag-dermatologically-tested","18":"product_tag-erzekeny-borre","19":"product_tag-hatso-jatek","20":"product_tag-intimate-lubricant","21":"product_tag-intimate-toy","22":"product_tag-oil-free-formula","23":"product_tag-olajmentes-formula","24":"product_tag-orias-kiszereles","25":"product_tag-relax-gel","26":"product_tag-vegan-lubricant","27":"product_tag-vegan-sikosito","28":"product_tag-water-based-lube","30":"first","31":"instock","32":"taxable","33":"shipping-taxable","34":"purchasable","35":"product-type-simple"},"yoast_head":"<!-- This site is optimized with the Yoast SEO plugin v27.5 - https:\/\/yoast.com\/product\/yoast-seo-wordpress\/ -->\n<title>\ud83d\udc18\ud83d\udca7\ud83c\udf51 Just Glide An\u00e1l 1000 ml - v\u00edzb\u00e1zis\u00fa an\u00e1l s\u00edkos\u00edt\u00f3 Szexshop Belvaros<\/title>\n<meta name=\"description\" content=\"Just Glide An\u00e1l 1000 ml \u2013 \u00f3ri\u00e1s kiszerel\u00e9s\u0171, v\u00edzb\u00e1zis\u00fa an\u00e1l s\u00edkos\u00edt\u00f3 \u00e9rz\u00e9keny b\u0151rre. Veg\u00e1n, b\u0151rgy\u00f3gy\u00e1szatilag tesztelt \u00e9s olajmentes formula. SzexshopBelvaros.com \ud83d\udca6\ud83c\udf51\" \/>\n<meta name=\"robots\" content=\"index, follow, max-snippet:-1, max-image-preview:large, max-video-preview:-1\" \/>\n<link rel=\"canonical\" href=\"https:\/\/www.szexshopbelvaros.com\/en\/product\/\ud83d\udc18\ud83d\udca7\ud83c\udf51-just-glide-anal-1000-ml\/\" \/>\n<meta property=\"og:locale\" content=\"en_US\" \/>\n<meta property=\"og:type\" content=\"article\" \/>\n<meta property=\"og:title\" content=\"\ud83d\udc18\ud83d\udca7\ud83c\udf51 Just Glide An\u00e1l 1000 ml - v\u00edzb\u00e1zis\u00fa an\u00e1l s\u00edkos\u00edt\u00f3 Szexshop Belvaros\" \/>\n<meta property=\"og:description\" content=\"Just Glide An\u00e1l 1000 ml \u2013 \u00f3ri\u00e1s kiszerel\u00e9s\u0171, v\u00edzb\u00e1zis\u00fa an\u00e1l s\u00edkos\u00edt\u00f3 \u00e9rz\u00e9keny b\u0151rre. Veg\u00e1n, b\u0151rgy\u00f3gy\u00e1szatilag tesztelt \u00e9s olajmentes formula. SzexshopBelvaros.com \ud83d\udca6\ud83c\udf51\" \/>\n<meta property=\"og:url\" content=\"https:\/\/www.szexshopbelvaros.com\/en\/product\/\ud83d\udc18\ud83d\udca7\ud83c\udf51-just-glide-anal-1000-ml\/\" \/>\n<meta property=\"og:site_name\" content=\"Szexshop Belvaros\" \/>\n<meta property=\"article:publisher\" content=\"https:\/\/www.facebook.com\/belvarossecrets\/\" \/>\n<meta property=\"article:modified_time\" content=\"2026-04-10T13:43:51+00:00\" \/>\n<meta property=\"og:image\" content=\"https:\/\/www.szexshopbelvaros.com\/wp-content\/uploads\/2025\/10\/687fc2b002a50c046d195e7c.png\" \/>\n\t<meta property=\"og:image:width\" content=\"1004\" \/>\n\t<meta property=\"og:image:height\" content=\"565\" \/>\n\t<meta property=\"og:image:type\" content=\"image\/png\" \/>\n<meta name=\"twitter:card\" content=\"summary_large_image\" \/>\n<meta name=\"twitter:site\" content=\"@belvarossecrets\" \/>\n<meta name=\"twitter:label1\" content=\"Est. reading time\" \/>\n\t<meta name=\"twitter:data1\" content=\"2 minutes\" \/>\n<script type=\"application\/ld+json\" class=\"yoast-schema-graph\">{\"@context\":\"https:\\\/\\\/schema.org\",\"@graph\":[{\"@type\":\"WebPage\",\"@id\":\"https:\\\/\\\/www.szexshopbelvaros.com\\\/termek\\\/%f0%9f%90%98%f0%9f%92%a7%f0%9f%8d%91-just-glide-anal-1000-ml\\\/\",\"url\":\"https:\\\/\\\/www.szexshopbelvaros.com\\\/termek\\\/%f0%9f%90%98%f0%9f%92%a7%f0%9f%8d%91-just-glide-anal-1000-ml\\\/\",\"name\":\"\ud83d\udc18\ud83d\udca7\ud83c\udf51 Just Glide An\u00e1l 1000 ml - v\u00edzb\u00e1zis\u00fa an\u00e1l s\u00edkos\u00edt\u00f3 Szexshop Belvaros\",\"isPartOf\":{\"@id\":\"https:\\\/\\\/www.szexshopbelvaros.com\\\/#website\"},\"primaryImageOfPage\":{\"@id\":\"https:\\\/\\\/www.szexshopbelvaros.com\\\/termek\\\/%f0%9f%90%98%f0%9f%92%a7%f0%9f%8d%91-just-glide-anal-1000-ml\\\/#primaryimage\"},\"image\":{\"@id\":\"https:\\\/\\\/www.szexshopbelvaros.com\\\/termek\\\/%f0%9f%90%98%f0%9f%92%a7%f0%9f%8d%91-just-glide-anal-1000-ml\\\/#primaryimage\"},\"thumbnailUrl\":\"https:\\\/\\\/www.szexshopbelvaros.com\\\/wp-content\\\/uploads\\\/2025\\\/10\\\/687fc2b002a50c046d195e7c.png\",\"datePublished\":\"2025-10-23T11:05:25+00:00\",\"dateModified\":\"2026-04-10T13:43:51+00:00\",\"description\":\"Just Glide An\u00e1l 1000 ml \u2013 \u00f3ri\u00e1s kiszerel\u00e9s\u0171, v\u00edzb\u00e1zis\u00fa an\u00e1l s\u00edkos\u00edt\u00f3 \u00e9rz\u00e9keny b\u0151rre. Veg\u00e1n, b\u0151rgy\u00f3gy\u00e1szatilag tesztelt \u00e9s olajmentes formula. SzexshopBelvaros.com \ud83d\udca6\ud83c\udf51\",\"breadcrumb\":{\"@id\":\"https:\\\/\\\/www.szexshopbelvaros.com\\\/termek\\\/%f0%9f%90%98%f0%9f%92%a7%f0%9f%8d%91-just-glide-anal-1000-ml\\\/#breadcrumb\"},\"inLanguage\":\"en-US\",\"potentialAction\":[{\"@type\":\"ReadAction\",\"target\":[\"https:\\\/\\\/www.szexshopbelvaros.com\\\/termek\\\/%f0%9f%90%98%f0%9f%92%a7%f0%9f%8d%91-just-glide-anal-1000-ml\\\/\"]}]},{\"@type\":\"ImageObject\",\"inLanguage\":\"en-US\",\"@id\":\"https:\\\/\\\/www.szexshopbelvaros.com\\\/termek\\\/%f0%9f%90%98%f0%9f%92%a7%f0%9f%8d%91-just-glide-anal-1000-ml\\\/#primaryimage\",\"url\":\"https:\\\/\\\/www.szexshopbelvaros.com\\\/wp-content\\\/uploads\\\/2025\\\/10\\\/687fc2b002a50c046d195e7c.png\",\"contentUrl\":\"https:\\\/\\\/www.szexshopbelvaros.com\\\/wp-content\\\/uploads\\\/2025\\\/10\\\/687fc2b002a50c046d195e7c.png\",\"width\":1004,\"height\":565,\"caption\":\"Just Glide Anal 1000 ml \u2013 v\u00edzb\u00e1zis\u00fa, veg\u00e1n an\u00e1l s\u00edkos\u00edt\u00f3 pump\u00e1s flakonban Just Glide Anal 1000 ml \u2013 water-based vegan anal lubricant in pump bottle\"},{\"@type\":\"BreadcrumbList\",\"@id\":\"https:\\\/\\\/www.szexshopbelvaros.com\\\/termek\\\/%f0%9f%90%98%f0%9f%92%a7%f0%9f%8d%91-just-glide-anal-1000-ml\\\/#breadcrumb\",\"itemListElement\":[{\"@type\":\"ListItem\",\"position\":1,\"name\":\"Home\",\"item\":\"https:\\\/\\\/www.szexshopbelvaros.com\\\/\"},{\"@type\":\"ListItem\",\"position\":2,\"name\":\"\u00c1ruh\u00e1z\",\"item\":\"https:\\\/\\\/www.szexshopbelvaros.com\\\/uzlet\\\/\"},{\"@type\":\"ListItem\",\"position\":3,\"name\":\"\ud83d\udc18\ud83d\udca7\ud83c\udf51 Just Glide An\u00e1l 1000 ml\"}]},{\"@type\":\"WebSite\",\"@id\":\"https:\\\/\\\/www.szexshopbelvaros.com\\\/#website\",\"url\":\"https:\\\/\\\/www.szexshopbelvaros.com\\\/\",\"name\":\"Szexshop Belv\u00e1ros\",\"description\":\"\ud83d\udd25 A szex olyan, mint a p\u00e9nz; csak a t\u00fal sok el\u00e9g!\u2122 Titkok a belv\u00e1rosb\u00f3l \ud83d\udc8b | Secrets from Budapest \ud83d\udc8e Feln\u0151tt j\u00e1t\u00e9kok \u2022 Erotika \u2022 Szexshop Belvaros\",\"publisher\":{\"@id\":\"https:\\\/\\\/www.szexshopbelvaros.com\\\/#organization\"},\"potentialAction\":[{\"@type\":\"SearchAction\",\"target\":{\"@type\":\"EntryPoint\",\"urlTemplate\":\"https:\\\/\\\/www.szexshopbelvaros.com\\\/?s={search_term_string}\"},\"query-input\":{\"@type\":\"PropertyValueSpecification\",\"valueRequired\":true,\"valueName\":\"search_term_string\"}}],\"inLanguage\":\"en-US\"},{\"@type\":\"Organization\",\"@id\":\"https:\\\/\\\/www.szexshopbelvaros.com\\\/#organization\",\"name\":\"Szexshop Belv\u00e1ros\",\"alternateName\":\"szexshopbelvaros.com\",\"url\":\"https:\\\/\\\/www.szexshopbelvaros.com\\\/\",\"logo\":{\"@type\":\"ImageObject\",\"inLanguage\":\"en-US\",\"@id\":\"https:\\\/\\\/www.szexshopbelvaros.com\\\/#\\\/schema\\\/logo\\\/image\\\/\",\"url\":\"https:\\\/\\\/www.szexshopbelvaros.com\\\/wp-content\\\/uploads\\\/2025\\\/09\\\/1Szexshopbelvaroslogo_blurred_stronger.jpg\",\"contentUrl\":\"https:\\\/\\\/www.szexshopbelvaros.com\\\/wp-content\\\/uploads\\\/2025\\\/09\\\/1Szexshopbelvaroslogo_blurred_stronger.jpg\",\"width\":1024,\"height\":1024,\"caption\":\"Szexshop Belv\u00e1ros\"},\"image\":{\"@id\":\"https:\\\/\\\/www.szexshopbelvaros.com\\\/#\\\/schema\\\/logo\\\/image\\\/\"},\"sameAs\":[\"https:\\\/\\\/www.facebook.com\\\/belvarossecrets\\\/\",\"https:\\\/\\\/x.com\\\/belvarossecrets\",\"https:\\\/\\\/www.instagram.com\\\/belvarossecrets\\\/\",\"https:\\\/\\\/www.tiktok.com\\\/@belvarossecrets\"]}]}<\/script>\n<!-- \/ Yoast SEO plugin. -->","yoast_head_json":{"title":"\ud83d\udc18\ud83d\udca7\ud83c\udf51 Just Glide Anal 1000 ml - water-based anal lubricant Szexshop Belvaros","description":"Just Glide Anal 1000 ml \u2013 giant, water-based anal lubricant for sensitive skin. Vegan, dermatologically tested and oil-free formula. SzexshopBelvaros.com \ud83d\udca6\ud83c\udf51","robots":{"index":"index","follow":"follow","max-snippet":"max-snippet:-1","max-image-preview":"max-image-preview:large","max-video-preview":"max-video-preview:-1"},"canonical":"https:\/\/www.szexshopbelvaros.com\/en\/product\/\ud83d\udc18\ud83d\udca7\ud83c\udf51-just-glide-anal-1000-ml\/","og_locale":"en_US","og_type":"article","og_title":"\ud83d\udc18\ud83d\udca7\ud83c\udf51 Just Glide An\u00e1l 1000 ml - v\u00edzb\u00e1zis\u00fa an\u00e1l s\u00edkos\u00edt\u00f3 Szexshop Belvaros","og_description":"Just Glide An\u00e1l 1000 ml \u2013 \u00f3ri\u00e1s kiszerel\u00e9s\u0171, v\u00edzb\u00e1zis\u00fa an\u00e1l s\u00edkos\u00edt\u00f3 \u00e9rz\u00e9keny b\u0151rre. Veg\u00e1n, b\u0151rgy\u00f3gy\u00e1szatilag tesztelt \u00e9s olajmentes formula. SzexshopBelvaros.com \ud83d\udca6\ud83c\udf51","og_url":"https:\/\/www.szexshopbelvaros.com\/en\/product\/\ud83d\udc18\ud83d\udca7\ud83c\udf51-just-glide-anal-1000-ml\/","og_site_name":"Szexshop Belvaros","article_publisher":"https:\/\/www.facebook.com\/belvarossecrets\/","article_modified_time":"2026-04-10T13:43:51+00:00","og_image":[{"width":1004,"height":565,"url":"https:\/\/www.szexshopbelvaros.com\/wp-content\/uploads\/2025\/10\/687fc2b002a50c046d195e7c.png","type":"image\/png"}],"twitter_card":"summary_large_image","twitter_site":"@belvarossecrets","twitter_misc":{"Est. reading time":"2 minutes"},"schema":{"@context":"https:\/\/schema.org","@graph":[{"@type":"WebPage","@id":"https:\/\/www.szexshopbelvaros.com\/termek\/%f0%9f%90%98%f0%9f%92%a7%f0%9f%8d%91-just-glide-anal-1000-ml\/","url":"https:\/\/www.szexshopbelvaros.com\/termek\/%f0%9f%90%98%f0%9f%92%a7%f0%9f%8d%91-just-glide-anal-1000-ml\/","name":"\ud83d\udc18\ud83d\udca7\ud83c\udf51 Just Glide Anal 1000 ml - water-based anal lubricant Szexshop Belvaros","isPartOf":{"@id":"https:\/\/www.szexshopbelvaros.com\/#website"},"primaryImageOfPage":{"@id":"https:\/\/www.szexshopbelvaros.com\/termek\/%f0%9f%90%98%f0%9f%92%a7%f0%9f%8d%91-just-glide-anal-1000-ml\/#primaryimage"},"image":{"@id":"https:\/\/www.szexshopbelvaros.com\/termek\/%f0%9f%90%98%f0%9f%92%a7%f0%9f%8d%91-just-glide-anal-1000-ml\/#primaryimage"},"thumbnailUrl":"https:\/\/www.szexshopbelvaros.com\/wp-content\/uploads\/2025\/10\/687fc2b002a50c046d195e7c.png","datePublished":"2025-10-23T11:05:25+00:00","dateModified":"2026-04-10T13:43:51+00:00","description":"Just Glide Anal 1000 ml \u2013 giant, water-based anal lubricant for sensitive skin. Vegan, dermatologically tested and oil-free formula. SzexshopBelvaros.com \ud83d\udca6\ud83c\udf51","breadcrumb":{"@id":"https:\/\/www.szexshopbelvaros.com\/termek\/%f0%9f%90%98%f0%9f%92%a7%f0%9f%8d%91-just-glide-anal-1000-ml\/#breadcrumb"},"inLanguage":"en-US","potentialAction":[{"@type":"ReadAction","target":["https:\/\/www.szexshopbelvaros.com\/termek\/%f0%9f%90%98%f0%9f%92%a7%f0%9f%8d%91-just-glide-anal-1000-ml\/"]}]},{"@type":"ImageObject","inLanguage":"en-US","@id":"https:\/\/www.szexshopbelvaros.com\/termek\/%f0%9f%90%98%f0%9f%92%a7%f0%9f%8d%91-just-glide-anal-1000-ml\/#primaryimage","url":"https:\/\/www.szexshopbelvaros.com\/wp-content\/uploads\/2025\/10\/687fc2b002a50c046d195e7c.png","contentUrl":"https:\/\/www.szexshopbelvaros.com\/wp-content\/uploads\/2025\/10\/687fc2b002a50c046d195e7c.png","width":1004,"height":565,"caption":"Just Glide Anal 1000 ml \u2013 v\u00edzb\u00e1zis\u00fa, veg\u00e1n an\u00e1l s\u00edkos\u00edt\u00f3 pump\u00e1s flakonban Just Glide Anal 1000 ml \u2013 water-based vegan anal lubricant in pump bottle"},{"@type":"BreadcrumbList","@id":"https:\/\/www.szexshopbelvaros.com\/termek\/%f0%9f%90%98%f0%9f%92%a7%f0%9f%8d%91-just-glide-anal-1000-ml\/#breadcrumb","itemListElement":[{"@type":"ListItem","position":1,"name":"Home","item":"https:\/\/www.szexshopbelvaros.com\/"},{"@type":"ListItem","position":2,"name":"\u00c1ruh\u00e1z","item":"https:\/\/www.szexshopbelvaros.com\/uzlet\/"},{"@type":"ListItem","position":3,"name":"\ud83d\udc18\ud83d\udca7\ud83c\udf51 Just Glide An\u00e1l 1000 ml"}]},{"@type":"WebSite","@id":"https:\/\/www.szexshopbelvaros.com\/#website","url":"https:\/\/www.szexshopbelvaros.com\/","name":"at our Szexshop Belv\u00e1ros","description":"\ud83d\udd25 Sex is like money; only too much is enough!\u2122 Secrets from the city center \ud83d\udc8b | Secrets from Budapest \ud83d\udc8e Adult games \u2022 Erotica \u2022 Sex shop Belvaros","publisher":{"@id":"https:\/\/www.szexshopbelvaros.com\/#organization"},"potentialAction":[{"@type":"SearchAction","target":{"@type":"EntryPoint","urlTemplate":"https:\/\/www.szexshopbelvaros.com\/?s={search_term_string}"},"query-input":{"@type":"PropertyValueSpecification","valueRequired":true,"valueName":"search_term_string"}}],"inLanguage":"en-US"},{"@type":"Organization","@id":"https:\/\/www.szexshopbelvaros.com\/#organization","name":"at our Szexshop Belv\u00e1ros","alternateName":"szexshopbelvaros.com","url":"https:\/\/www.szexshopbelvaros.com\/","logo":{"@type":"ImageObject","inLanguage":"en-US","@id":"https:\/\/www.szexshopbelvaros.com\/#\/schema\/logo\/image\/","url":"https:\/\/www.szexshopbelvaros.com\/wp-content\/uploads\/2025\/09\/1Szexshopbelvaroslogo_blurred_stronger.jpg","contentUrl":"https:\/\/www.szexshopbelvaros.com\/wp-content\/uploads\/2025\/09\/1Szexshopbelvaroslogo_blurred_stronger.jpg","width":1024,"height":1024,"caption":"Szexshop Belv\u00e1ros"},"image":{"@id":"https:\/\/www.szexshopbelvaros.com\/#\/schema\/logo\/image\/"},"sameAs":["https:\/\/www.facebook.com\/belvarossecrets\/","https:\/\/x.com\/belvarossecrets","https:\/\/www.instagram.com\/belvarossecrets\/","https:\/\/www.tiktok.com\/@belvarossecrets"]}]}},"_links":{"self":[{"href":"https:\/\/www.szexshopbelvaros.com\/en\/wp-json\/wp\/v2\/product\/1998","targetHints":{"allow":["GET"]}}],"collection":[{"href":"https:\/\/www.szexshopbelvaros.com\/en\/wp-json\/wp\/v2\/product"}],"about":[{"href":"https:\/\/www.szexshopbelvaros.com\/en\/wp-json\/wp\/v2\/types\/product"}],"replies":[{"embeddable":true,"href":"https:\/\/www.szexshopbelvaros.com\/en\/wp-json\/wp\/v2\/comments?post=1998"}],"wp:featuredmedia":[{"embeddable":true,"href":"https:\/\/www.szexshopbelvaros.com\/en\/wp-json\/wp\/v2\/media\/1999"}],"wp:attachment":[{"href":"https:\/\/www.szexshopbelvaros.com\/en\/wp-json\/wp\/v2\/media?parent=1998"}],"wp:term":[{"taxonomy":"product_brand","embeddable":true,"href":"https:\/\/www.szexshopbelvaros.com\/en\/wp-json\/wp\/v2\/product_brand?post=1998"},{"taxonomy":"product_cat","embeddable":true,"href":"https:\/\/www.szexshopbelvaros.com\/en\/wp-json\/wp\/v2\/product_cat?post=1998"},{"taxonomy":"product_tag","embeddable":true,"href":"https:\/\/www.szexshopbelvaros.com\/en\/wp-json\/wp\/v2\/product_tag?post=1998"}],"curies":[{"name":"wp","href":"https:\/\/api.w.org\/{rel}","templated":true}]}}