{"id":200,"date":"2025-01-31T14:35:32","date_gmt":"2025-01-31T13:35:32","guid":{"rendered":"https:\/\/www.szexshopbelvaros.com\/termek\/fekete-fem-analdugo-szives-kovel-m-black-metal-butt-plug-with-heart-stone-m\/"},"modified":"2026-04-10T15:58:58","modified_gmt":"2026-04-10T13:58:58","slug":"fekete-fem-analdugo-szives-kovel-m-black-metal-butt-plug-with-heart-stone-m","status":"publish","type":"product","link":"https:\/\/www.szexshopbelvaros.com\/en\/product\/fekete-fem-analdugo-szives-kovel-m-black-metal-butt-plug-with-heart-stone-m\/","title":{"rendered":"Steel Seduction \u2013 The steely butt kiss that conquers with a black heart. \ud83d\udda4"},"content":{"rendered":"<p data-start=\"522\" data-end=\"797\">This 8cm long, 3.4cm diameter stainless steel butt plug is not a toy \u2013 it&#039;s a stylish butt statement. Its tapered shape makes it easy to slide in, but when it reaches the base, a black heart-shaped rhinestone awaits, as if your butt were a trophy for a Bond villain.<\/p>\n<p data-start=\"799\" data-end=\"1075\">The polished silver steel body feels cool, heavy and perfectly filled \u2013 ideal for hot and cold play, as the metal heats up quickly. Whether you use it chilled or preheated, the <em data-start=\"990\" data-end=\"1007\">Steel Seduction<\/em> It gives an experience that makes even the mirror momentarily embarrassed.<\/p>\n<p data-start=\"1077\" data-end=\"1295\">A unisex sex toy for both men and women. It glides like a glove with water-based or silicone lube, and cleaning it is a breeze \u2013 but what it does to you afterwards is definitely not kid-friendly.<\/p>","protected":false},"excerpt":{"rendered":"<p>Ez a 8 cm hossz\u00fa, 3,4 cm \u00e1tm\u00e9r\u0151j\u0171 rozsdamentes ac\u00e9l an\u00e1ldug\u00f3 nem j\u00e1t\u00e9k \u2013 ez egy eleg\u00e1ns fen\u00e9knyilatkozat. K\u00fapos form\u00e1ja miatt k\u00f6nnyed\u00e9n becs\u00faszik, de amikor el\u00e9ri a talpat, ott v\u00e1rja a fekete sz\u00edv alak\u00fa strasszk\u0151, mintha a feneked egy Bond-film f\u0151gonosz\u00e1nak tr\u00f3fe\u00e1ja lenne. A pol\u00edrozott ez\u00fcstsz\u00edn\u0171 ac\u00e9ltest hideg, s\u00falyos \u00e9s t\u00f6k\u00e9letesen kit\u00f6lt \u2013 ide\u00e1lis hideg-meleg [&#8230;]\n","protected":false},"featured_media":201,"comment_status":"closed","ping_status":"closed","template":"","meta":[],"product_brand":[],"product_cat":[135,86],"product_tag":[1975,684,418,676,694,1392,1393,424,1988,1829,1987,1381,1989,1318,1991,1990,698,695,1904,1800,1792],"class_list":{"0":"post-200","1":"product","2":"type-product","3":"status-publish","4":"has-post-thumbnail","6":"product_cat-anal","7":"product_cat-analdugok-prosztata-masszirozok","8":"product_tag-acel-anal-dugo","9":"product_tag-anal-dugo","10":"product_tag-anal-jatek","11":"product_tag-anal-play","12":"product_tag-anal-plug","13":"product_tag-anal-stimulacio","14":"product_tag-anal-stimulation","15":"product_tag-anal-toy","16":"product_tag-fekete-sziv-kov","17":"product_tag-fem-anal-dugo","18":"product_tag-fem-butt-plug","19":"product_tag-hatso-jatek","20":"product_tag-heart-stone-plug","21":"product_tag-intimate-toy","22":"product_tag-medium-metal-butt-plug","23":"product_tag-metal-anal-plug-m-meret","24":"product_tag-p-spot-toy","25":"product_tag-prostate-massager","26":"product_tag-prosztata-masszirozo","27":"product_tag-stainless-steel-butt-plug","28":"product_tag-szives-anal-dugo","30":"first","31":"instock","32":"taxable","33":"shipping-taxable","34":"purchasable","35":"product-type-simple"},"yoast_head":"<!-- This site is optimized with the Yoast SEO plugin v27.4 - https:\/\/yoast.com\/product\/yoast-seo-wordpress\/ -->\n<title>Steel Seduction \u2013 Az ac\u00e9los fen\u00e9kcs\u00f3k, ami fekete sz\u00edvvel h\u00f3d\u00edt. \ud83d\udda4 - Szexshop Belvaros<\/title>\n<meta name=\"robots\" content=\"index, follow, max-snippet:-1, max-image-preview:large, max-video-preview:-1\" \/>\n<link rel=\"canonical\" href=\"https:\/\/www.szexshopbelvaros.com\/en\/product\/fekete-fem-analdugo-szives-kovel-m-black-metal-butt-plug-with-heart-stone-m\/\" \/>\n<meta property=\"og:locale\" content=\"en_US\" \/>\n<meta property=\"og:type\" content=\"article\" \/>\n<meta property=\"og:title\" content=\"Steel Seduction \u2013 Az ac\u00e9los fen\u00e9kcs\u00f3k, ami fekete sz\u00edvvel h\u00f3d\u00edt. \ud83d\udda4 - Szexshop Belvaros\" \/>\n<meta property=\"og:description\" content=\"Ez a 8 cm hossz\u00fa, 3,4 cm \u00e1tm\u00e9r\u0151j\u0171 rozsdamentes ac\u00e9l an\u00e1ldug\u00f3 nem j\u00e1t\u00e9k \u2013 ez egy eleg\u00e1ns fen\u00e9knyilatkozat. K\u00fapos form\u00e1ja miatt k\u00f6nnyed\u00e9n becs\u00faszik, de amikor el\u00e9ri a talpat, ott v\u00e1rja a fekete sz\u00edv alak\u00fa strasszk\u0151, mintha a feneked egy Bond-film f\u0151gonosz\u00e1nak tr\u00f3fe\u00e1ja lenne. A pol\u00edrozott ez\u00fcstsz\u00edn\u0171 ac\u00e9ltest hideg, s\u00falyos \u00e9s t\u00f6k\u00e9letesen kit\u00f6lt \u2013 ide\u00e1lis hideg-meleg [...]\" \/>\n<meta property=\"og:url\" content=\"https:\/\/www.szexshopbelvaros.com\/en\/product\/fekete-fem-analdugo-szives-kovel-m-black-metal-butt-plug-with-heart-stone-m\/\" \/>\n<meta property=\"og:site_name\" content=\"Szexshop Belvaros\" \/>\n<meta property=\"article:publisher\" content=\"https:\/\/www.facebook.com\/belvarossecrets\/\" \/>\n<meta property=\"article:modified_time\" content=\"2026-04-10T13:58:58+00:00\" \/>\n<meta property=\"og:image\" content=\"https:\/\/www.szexshopbelvaros.com\/wp-content\/uploads\/2025\/01\/601d0ac6-7bba-11ed-a425-d21864b80199_ewtoys0003.jpeg\" \/>\n\t<meta property=\"og:image:width\" content=\"1000\" \/>\n\t<meta property=\"og:image:height\" content=\"563\" \/>\n\t<meta property=\"og:image:type\" content=\"image\/jpeg\" \/>\n<meta name=\"twitter:card\" content=\"summary_large_image\" \/>\n<meta name=\"twitter:site\" content=\"@belvarossecrets\" \/>\n<meta name=\"twitter:label1\" content=\"Est. reading time\" \/>\n\t<meta name=\"twitter:data1\" content=\"1 minute\" \/>\n<script type=\"application\/ld+json\" class=\"yoast-schema-graph\">{\"@context\":\"https:\\\/\\\/schema.org\",\"@graph\":[{\"@type\":\"WebPage\",\"@id\":\"https:\\\/\\\/www.szexshopbelvaros.com\\\/termek\\\/fekete-fem-analdugo-szives-kovel-m-black-metal-butt-plug-with-heart-stone-m\\\/\",\"url\":\"https:\\\/\\\/www.szexshopbelvaros.com\\\/termek\\\/fekete-fem-analdugo-szives-kovel-m-black-metal-butt-plug-with-heart-stone-m\\\/\",\"name\":\"Steel Seduction \u2013 Az ac\u00e9los fen\u00e9kcs\u00f3k, ami fekete sz\u00edvvel h\u00f3d\u00edt. \ud83d\udda4 - Szexshop Belvaros\",\"isPartOf\":{\"@id\":\"https:\\\/\\\/www.szexshopbelvaros.com\\\/#website\"},\"primaryImageOfPage\":{\"@id\":\"https:\\\/\\\/www.szexshopbelvaros.com\\\/termek\\\/fekete-fem-analdugo-szives-kovel-m-black-metal-butt-plug-with-heart-stone-m\\\/#primaryimage\"},\"image\":{\"@id\":\"https:\\\/\\\/www.szexshopbelvaros.com\\\/termek\\\/fekete-fem-analdugo-szives-kovel-m-black-metal-butt-plug-with-heart-stone-m\\\/#primaryimage\"},\"thumbnailUrl\":\"https:\\\/\\\/www.szexshopbelvaros.com\\\/wp-content\\\/uploads\\\/2025\\\/01\\\/601d0ac6-7bba-11ed-a425-d21864b80199_ewtoys0003.jpeg\",\"datePublished\":\"2025-01-31T13:35:32+00:00\",\"dateModified\":\"2026-04-10T13:58:58+00:00\",\"breadcrumb\":{\"@id\":\"https:\\\/\\\/www.szexshopbelvaros.com\\\/termek\\\/fekete-fem-analdugo-szives-kovel-m-black-metal-butt-plug-with-heart-stone-m\\\/#breadcrumb\"},\"inLanguage\":\"en-US\",\"potentialAction\":[{\"@type\":\"ReadAction\",\"target\":[\"https:\\\/\\\/www.szexshopbelvaros.com\\\/termek\\\/fekete-fem-analdugo-szives-kovel-m-black-metal-butt-plug-with-heart-stone-m\\\/\"]}]},{\"@type\":\"ImageObject\",\"inLanguage\":\"en-US\",\"@id\":\"https:\\\/\\\/www.szexshopbelvaros.com\\\/termek\\\/fekete-fem-analdugo-szives-kovel-m-black-metal-butt-plug-with-heart-stone-m\\\/#primaryimage\",\"url\":\"https:\\\/\\\/www.szexshopbelvaros.com\\\/wp-content\\\/uploads\\\/2025\\\/01\\\/601d0ac6-7bba-11ed-a425-d21864b80199_ewtoys0003.jpeg\",\"contentUrl\":\"https:\\\/\\\/www.szexshopbelvaros.com\\\/wp-content\\\/uploads\\\/2025\\\/01\\\/601d0ac6-7bba-11ed-a425-d21864b80199_ewtoys0003.jpeg\",\"width\":1000,\"height\":563},{\"@type\":\"BreadcrumbList\",\"@id\":\"https:\\\/\\\/www.szexshopbelvaros.com\\\/termek\\\/fekete-fem-analdugo-szives-kovel-m-black-metal-butt-plug-with-heart-stone-m\\\/#breadcrumb\",\"itemListElement\":[{\"@type\":\"ListItem\",\"position\":1,\"name\":\"Home\",\"item\":\"https:\\\/\\\/www.szexshopbelvaros.com\\\/\"},{\"@type\":\"ListItem\",\"position\":2,\"name\":\"\u00c1ruh\u00e1z\",\"item\":\"https:\\\/\\\/www.szexshopbelvaros.com\\\/uzlet\\\/\"},{\"@type\":\"ListItem\",\"position\":3,\"name\":\"Steel Seduction \u2013 Az ac\u00e9los fen\u00e9kcs\u00f3k, ami fekete sz\u00edvvel h\u00f3d\u00edt. \ud83d\udda4\"}]},{\"@type\":\"WebSite\",\"@id\":\"https:\\\/\\\/www.szexshopbelvaros.com\\\/#website\",\"url\":\"https:\\\/\\\/www.szexshopbelvaros.com\\\/\",\"name\":\"Szexshop Belv\u00e1ros\",\"description\":\"\ud83d\udd25 A szex olyan, mint a p\u00e9nz; csak a t\u00fal sok el\u00e9g!\u2122 Titkok a belv\u00e1rosb\u00f3l \ud83d\udc8b | Secrets from Budapest \ud83d\udc8e Feln\u0151tt j\u00e1t\u00e9kok \u2022 Erotika \u2022 Szexshop Belvaros\",\"publisher\":{\"@id\":\"https:\\\/\\\/www.szexshopbelvaros.com\\\/#organization\"},\"potentialAction\":[{\"@type\":\"SearchAction\",\"target\":{\"@type\":\"EntryPoint\",\"urlTemplate\":\"https:\\\/\\\/www.szexshopbelvaros.com\\\/?s={search_term_string}\"},\"query-input\":{\"@type\":\"PropertyValueSpecification\",\"valueRequired\":true,\"valueName\":\"search_term_string\"}}],\"inLanguage\":\"en-US\"},{\"@type\":\"Organization\",\"@id\":\"https:\\\/\\\/www.szexshopbelvaros.com\\\/#organization\",\"name\":\"Szexshop Belv\u00e1ros\",\"alternateName\":\"szexshopbelvaros.com\",\"url\":\"https:\\\/\\\/www.szexshopbelvaros.com\\\/\",\"logo\":{\"@type\":\"ImageObject\",\"inLanguage\":\"en-US\",\"@id\":\"https:\\\/\\\/www.szexshopbelvaros.com\\\/#\\\/schema\\\/logo\\\/image\\\/\",\"url\":\"https:\\\/\\\/www.szexshopbelvaros.com\\\/wp-content\\\/uploads\\\/2025\\\/09\\\/1Szexshopbelvaroslogo_blurred_stronger.jpg\",\"contentUrl\":\"https:\\\/\\\/www.szexshopbelvaros.com\\\/wp-content\\\/uploads\\\/2025\\\/09\\\/1Szexshopbelvaroslogo_blurred_stronger.jpg\",\"width\":1024,\"height\":1024,\"caption\":\"Szexshop Belv\u00e1ros\"},\"image\":{\"@id\":\"https:\\\/\\\/www.szexshopbelvaros.com\\\/#\\\/schema\\\/logo\\\/image\\\/\"},\"sameAs\":[\"https:\\\/\\\/www.facebook.com\\\/belvarossecrets\\\/\",\"https:\\\/\\\/x.com\\\/belvarossecrets\",\"https:\\\/\\\/www.instagram.com\\\/belvarossecrets\\\/\",\"https:\\\/\\\/www.tiktok.com\\\/@belvarossecrets\"]}]}<\/script>\n<!-- \/ Yoast SEO plugin. -->","yoast_head_json":{"title":"Steel Seduction \u2013 The steel butt kiss that conquers with a black heart. \ud83d\udda4 - Szexshop Belvaros","robots":{"index":"index","follow":"follow","max-snippet":"max-snippet:-1","max-image-preview":"max-image-preview:large","max-video-preview":"max-video-preview:-1"},"canonical":"https:\/\/www.szexshopbelvaros.com\/en\/product\/fekete-fem-analdugo-szives-kovel-m-black-metal-butt-plug-with-heart-stone-m\/","og_locale":"en_US","og_type":"article","og_title":"Steel Seduction \u2013 Az ac\u00e9los fen\u00e9kcs\u00f3k, ami fekete sz\u00edvvel h\u00f3d\u00edt. \ud83d\udda4 - Szexshop Belvaros","og_description":"Ez a 8 cm hossz\u00fa, 3,4 cm \u00e1tm\u00e9r\u0151j\u0171 rozsdamentes ac\u00e9l an\u00e1ldug\u00f3 nem j\u00e1t\u00e9k \u2013 ez egy eleg\u00e1ns fen\u00e9knyilatkozat. K\u00fapos form\u00e1ja miatt k\u00f6nnyed\u00e9n becs\u00faszik, de amikor el\u00e9ri a talpat, ott v\u00e1rja a fekete sz\u00edv alak\u00fa strasszk\u0151, mintha a feneked egy Bond-film f\u0151gonosz\u00e1nak tr\u00f3fe\u00e1ja lenne. A pol\u00edrozott ez\u00fcstsz\u00edn\u0171 ac\u00e9ltest hideg, s\u00falyos \u00e9s t\u00f6k\u00e9letesen kit\u00f6lt \u2013 ide\u00e1lis hideg-meleg [...]","og_url":"https:\/\/www.szexshopbelvaros.com\/en\/product\/fekete-fem-analdugo-szives-kovel-m-black-metal-butt-plug-with-heart-stone-m\/","og_site_name":"Szexshop Belvaros","article_publisher":"https:\/\/www.facebook.com\/belvarossecrets\/","article_modified_time":"2026-04-10T13:58:58+00:00","og_image":[{"width":1000,"height":563,"url":"https:\/\/www.szexshopbelvaros.com\/wp-content\/uploads\/2025\/01\/601d0ac6-7bba-11ed-a425-d21864b80199_ewtoys0003.jpeg","type":"image\/jpeg"}],"twitter_card":"summary_large_image","twitter_site":"@belvarossecrets","twitter_misc":{"Est. reading time":"1 minute"},"schema":{"@context":"https:\/\/schema.org","@graph":[{"@type":"WebPage","@id":"https:\/\/www.szexshopbelvaros.com\/termek\/fekete-fem-analdugo-szives-kovel-m-black-metal-butt-plug-with-heart-stone-m\/","url":"https:\/\/www.szexshopbelvaros.com\/termek\/fekete-fem-analdugo-szives-kovel-m-black-metal-butt-plug-with-heart-stone-m\/","name":"Steel Seduction \u2013 The steel butt kiss that conquers with a black heart. \ud83d\udda4 - Szexshop Belvaros","isPartOf":{"@id":"https:\/\/www.szexshopbelvaros.com\/#website"},"primaryImageOfPage":{"@id":"https:\/\/www.szexshopbelvaros.com\/termek\/fekete-fem-analdugo-szives-kovel-m-black-metal-butt-plug-with-heart-stone-m\/#primaryimage"},"image":{"@id":"https:\/\/www.szexshopbelvaros.com\/termek\/fekete-fem-analdugo-szives-kovel-m-black-metal-butt-plug-with-heart-stone-m\/#primaryimage"},"thumbnailUrl":"https:\/\/www.szexshopbelvaros.com\/wp-content\/uploads\/2025\/01\/601d0ac6-7bba-11ed-a425-d21864b80199_ewtoys0003.jpeg","datePublished":"2025-01-31T13:35:32+00:00","dateModified":"2026-04-10T13:58:58+00:00","breadcrumb":{"@id":"https:\/\/www.szexshopbelvaros.com\/termek\/fekete-fem-analdugo-szives-kovel-m-black-metal-butt-plug-with-heart-stone-m\/#breadcrumb"},"inLanguage":"en-US","potentialAction":[{"@type":"ReadAction","target":["https:\/\/www.szexshopbelvaros.com\/termek\/fekete-fem-analdugo-szives-kovel-m-black-metal-butt-plug-with-heart-stone-m\/"]}]},{"@type":"ImageObject","inLanguage":"en-US","@id":"https:\/\/www.szexshopbelvaros.com\/termek\/fekete-fem-analdugo-szives-kovel-m-black-metal-butt-plug-with-heart-stone-m\/#primaryimage","url":"https:\/\/www.szexshopbelvaros.com\/wp-content\/uploads\/2025\/01\/601d0ac6-7bba-11ed-a425-d21864b80199_ewtoys0003.jpeg","contentUrl":"https:\/\/www.szexshopbelvaros.com\/wp-content\/uploads\/2025\/01\/601d0ac6-7bba-11ed-a425-d21864b80199_ewtoys0003.jpeg","width":1000,"height":563},{"@type":"BreadcrumbList","@id":"https:\/\/www.szexshopbelvaros.com\/termek\/fekete-fem-analdugo-szives-kovel-m-black-metal-butt-plug-with-heart-stone-m\/#breadcrumb","itemListElement":[{"@type":"ListItem","position":1,"name":"Home","item":"https:\/\/www.szexshopbelvaros.com\/"},{"@type":"ListItem","position":2,"name":"\u00c1ruh\u00e1z","item":"https:\/\/www.szexshopbelvaros.com\/uzlet\/"},{"@type":"ListItem","position":3,"name":"Steel Seduction \u2013 Az ac\u00e9los fen\u00e9kcs\u00f3k, ami fekete sz\u00edvvel h\u00f3d\u00edt. \ud83d\udda4"}]},{"@type":"WebSite","@id":"https:\/\/www.szexshopbelvaros.com\/#website","url":"https:\/\/www.szexshopbelvaros.com\/","name":"at our Szexshop Belv\u00e1ros","description":"\ud83d\udd25 Sex is like money; only too much is enough!\u2122 Secrets from the city center \ud83d\udc8b | Secrets from Budapest \ud83d\udc8e Adult games \u2022 Erotica \u2022 Sex shop Belvaros","publisher":{"@id":"https:\/\/www.szexshopbelvaros.com\/#organization"},"potentialAction":[{"@type":"SearchAction","target":{"@type":"EntryPoint","urlTemplate":"https:\/\/www.szexshopbelvaros.com\/?s={search_term_string}"},"query-input":{"@type":"PropertyValueSpecification","valueRequired":true,"valueName":"search_term_string"}}],"inLanguage":"en-US"},{"@type":"Organization","@id":"https:\/\/www.szexshopbelvaros.com\/#organization","name":"at our Szexshop Belv\u00e1ros","alternateName":"szexshopbelvaros.com","url":"https:\/\/www.szexshopbelvaros.com\/","logo":{"@type":"ImageObject","inLanguage":"en-US","@id":"https:\/\/www.szexshopbelvaros.com\/#\/schema\/logo\/image\/","url":"https:\/\/www.szexshopbelvaros.com\/wp-content\/uploads\/2025\/09\/1Szexshopbelvaroslogo_blurred_stronger.jpg","contentUrl":"https:\/\/www.szexshopbelvaros.com\/wp-content\/uploads\/2025\/09\/1Szexshopbelvaroslogo_blurred_stronger.jpg","width":1024,"height":1024,"caption":"Szexshop Belv\u00e1ros"},"image":{"@id":"https:\/\/www.szexshopbelvaros.com\/#\/schema\/logo\/image\/"},"sameAs":["https:\/\/www.facebook.com\/belvarossecrets\/","https:\/\/x.com\/belvarossecrets","https:\/\/www.instagram.com\/belvarossecrets\/","https:\/\/www.tiktok.com\/@belvarossecrets"]}]}},"_links":{"self":[{"href":"https:\/\/www.szexshopbelvaros.com\/en\/wp-json\/wp\/v2\/product\/200","targetHints":{"allow":["GET"]}}],"collection":[{"href":"https:\/\/www.szexshopbelvaros.com\/en\/wp-json\/wp\/v2\/product"}],"about":[{"href":"https:\/\/www.szexshopbelvaros.com\/en\/wp-json\/wp\/v2\/types\/product"}],"replies":[{"embeddable":true,"href":"https:\/\/www.szexshopbelvaros.com\/en\/wp-json\/wp\/v2\/comments?post=200"}],"wp:featuredmedia":[{"embeddable":true,"href":"https:\/\/www.szexshopbelvaros.com\/en\/wp-json\/wp\/v2\/media\/201"}],"wp:attachment":[{"href":"https:\/\/www.szexshopbelvaros.com\/en\/wp-json\/wp\/v2\/media?parent=200"}],"wp:term":[{"taxonomy":"product_brand","embeddable":true,"href":"https:\/\/www.szexshopbelvaros.com\/en\/wp-json\/wp\/v2\/product_brand?post=200"},{"taxonomy":"product_cat","embeddable":true,"href":"https:\/\/www.szexshopbelvaros.com\/en\/wp-json\/wp\/v2\/product_cat?post=200"},{"taxonomy":"product_tag","embeddable":true,"href":"https:\/\/www.szexshopbelvaros.com\/en\/wp-json\/wp\/v2\/product_tag?post=200"}],"curies":[{"name":"wp","href":"https:\/\/api.w.org\/{rel}","templated":true}]}}