{"id":2007,"date":"2025-11-03T18:35:01","date_gmt":"2025-11-03T17:35:01","guid":{"rendered":"https:\/\/www.szexshopbelvaros.com\/?post_type=product&#038;p=2007"},"modified":"2026-04-21T16:27:34","modified_gmt":"2026-04-21T14:27:34","slug":"%f0%9f%96%a4-pretty-love-landon","status":"publish","type":"product","link":"https:\/\/www.szexshopbelvaros.com\/en\/product\/%f0%9f%96%a4-pretty-love-landon\/","title":{"rendered":"\ud83d\udda4 Pretty Love Landon \u2013 Buckle up because the real show is about to begin."},"content":{"rendered":"<p>Pretty Love Landon Harness \u2013 Buckle up because the real show is about to begin.<\/p>\n<p>Meet your new favorite show of strength: the <strong data-start=\"450\" data-end=\"476\">Pretty Love Landon harness.<\/strong> Sleek, black and relentlessly sexy, this universal strap-on harness comes with a realistic, veined dildo that looks just like it should \u2013 and works just like it should. Made of high-quality silicone, polyurethane and metal, it&#039;s waterproof and body-friendly.<\/p>\n<p>It&#039;s also ideal for beginners looking to explore their dominant side \u2014 or anyone who wants a little extra length and attitude. The tight bottom and ball-holding design make sure everything stays in place while you&#039;re in control.<\/p>\n<p>\u2705 Comfortable, adjustable and exciting as hell.<br \/>\n\u2705 Easy to clean with lukewarm water and tool cleaner.<br \/>\n\u2705 Use only with water-based lubricant - Landon deserves care.<\/p>\n<p>\ud83d\udc49 Discover our <a class=\"decorated-link cursor-pointer\" href=\"https:\/\/www.szexshopbelvaros.com\/en\/product-category\/bdsm\/felcsatolhato-eszkozok\/\" target=\"_new\" rel=\"noopener\" data-start=\"1687\" data-end=\"1786\"><strong data-start=\"1688\" data-end=\"1712\">our full range of harnesses<\/strong><\/a> strap-on dildo collection.<\/p>\n<p>\ud83d\udd25 Get it now at www.szexshopbelvaros.com - where self-confidence is the foreplay itself.<\/p>","protected":false},"excerpt":{"rendered":"<p>Pretty Love Landon H\u00e1m &#8211; Csatold fel, mert most kezd\u0151dik az igazi m\u0171sor. Ismerd meg az \u00faj kedvenc er\u0151demonstr\u00e1ci\u00f3d: a Pretty Love Landon h\u00e1m eleg\u00e1ns, fekete \u00e9s k\u00f6ny\u00f6rtelen\u00fcl szexi. Ez az univerz\u00e1lis felcsatolhat\u00f3 h\u00e1m val\u00f3s\u00e1gh\u0171, erezett dild\u00f3val \u00e9rkezik, amely pont \u00fagy n\u00e9z ki, ahogy kell \u2013 \u00e9s pont \u00fagy is m\u0171k\u00f6dik. Kiv\u00e1l\u00f3 min\u0151s\u00e9g\u0171 szilikonb\u00f3l, poliuret\u00e1nb\u00f3l [&#8230;]\n","protected":false},"featured_media":2008,"comment_status":"closed","ping_status":"closed","template":"","meta":[],"product_brand":[95],"product_cat":[88,108],"product_tag":[2145,2144,559,2148,352,2146,2150,2143,2142,707,2147,552,1238,2149,354,220,1384,2141,2151],"class_list":{"0":"post-2007","1":"product","2":"type-product","3":"status-publish","4":"has-post-thumbnail","6":"product_brand-pretty-love","7":"product_cat-felcsatolhato-eszkozok","8":"product_cat-paroknak-uniszex","9":"product_tag-adult-toy-for-couples","10":"product_tag-couples-pleasure","11":"product_tag-couples-toy","12":"product_tag-csereheto-fej","13":"product_tag-felcsatolhato-dildo","14":"product_tag-harness-szett","15":"product_tag-harness-toy","16":"product_tag-intim-jatek-paroknak","17":"product_tag-kozos-elmeny","18":"product_tag-paroknak","19":"product_tag-paros-dominancia","20":"product_tag-paros-jatek","21":"product_tag-shared-pleasure","22":"product_tag-strap-on-set","23":"product_tag-strap-on","24":"product_tag-szexshop-belvaros","25":"product_tag-unisex-sex-toy","26":"product_tag-uniszex-szexjatek","27":"product_tag-wearable-toy","29":"first","30":"instock","31":"taxable","32":"shipping-taxable","33":"purchasable","34":"product-type-simple"},"yoast_head":"<!-- This site is optimized with the Yoast SEO plugin v27.4 - https:\/\/yoast.com\/product\/yoast-seo-wordpress\/ -->\n<title>\ud83d\udda4 Pretty Love Landon - Csatold fel, mert most kezd\u0151dik az igazi m\u0171sor. - felcsatolhat\u00f3 h\u00e1m dild\u00f3val Szexshop Belvaros<\/title>\n<meta name=\"description\" content=\"Pretty Love Landon \u2013 felcsatolhat\u00f3 h\u00e1m dild\u00f3val, fekete, szexi \u00e9s domin\u00e1ns megjelen\u00e9ssel. K\u00e9nyelmes \u00e9s testbar\u00e1t szilikonb\u00f3l k\u00e9sz\u00fclt. SzexshopBelvaros.com\" \/>\n<meta name=\"robots\" content=\"index, follow, max-snippet:-1, max-image-preview:large, max-video-preview:-1\" \/>\n<link rel=\"canonical\" href=\"https:\/\/www.szexshopbelvaros.com\/en\/product\/\ud83d\udda4-pretty-love-landon\/\" \/>\n<meta property=\"og:locale\" content=\"en_US\" \/>\n<meta property=\"og:type\" content=\"article\" \/>\n<meta property=\"og:title\" content=\"\ud83d\udda4 Pretty Love Landon - Csatold fel, mert most kezd\u0151dik az igazi m\u0171sor. - felcsatolhat\u00f3 h\u00e1m dild\u00f3val Szexshop Belvaros\" \/>\n<meta property=\"og:description\" content=\"Pretty Love Landon \u2013 felcsatolhat\u00f3 h\u00e1m dild\u00f3val, fekete, szexi \u00e9s domin\u00e1ns megjelen\u00e9ssel. K\u00e9nyelmes \u00e9s testbar\u00e1t szilikonb\u00f3l k\u00e9sz\u00fclt. SzexshopBelvaros.com\" \/>\n<meta property=\"og:url\" content=\"https:\/\/www.szexshopbelvaros.com\/en\/product\/\ud83d\udda4-pretty-love-landon\/\" \/>\n<meta property=\"og:site_name\" content=\"Szexshop Belvaros\" \/>\n<meta property=\"article:publisher\" content=\"https:\/\/www.facebook.com\/belvarossecrets\/\" \/>\n<meta property=\"article:modified_time\" content=\"2026-04-21T14:27:34+00:00\" \/>\n<meta property=\"og:image\" content=\"https:\/\/www.szexshopbelvaros.com\/wp-content\/uploads\/2025\/11\/6908cbbc4e12cbb00ba4a5e9-scaled.png\" \/>\n\t<meta property=\"og:image:width\" content=\"2560\" \/>\n\t<meta property=\"og:image:height\" content=\"1440\" \/>\n\t<meta property=\"og:image:type\" content=\"image\/png\" \/>\n<meta name=\"twitter:card\" content=\"summary_large_image\" \/>\n<meta name=\"twitter:site\" content=\"@belvarossecrets\" \/>\n<meta name=\"twitter:label1\" content=\"Est. reading time\" \/>\n\t<meta name=\"twitter:data1\" content=\"1 minute\" \/>\n<script type=\"application\/ld+json\" class=\"yoast-schema-graph\">{\"@context\":\"https:\\\/\\\/schema.org\",\"@graph\":[{\"@type\":\"WebPage\",\"@id\":\"https:\\\/\\\/www.szexshopbelvaros.com\\\/termek\\\/%f0%9f%96%a4-pretty-love-landon\\\/\",\"url\":\"https:\\\/\\\/www.szexshopbelvaros.com\\\/termek\\\/%f0%9f%96%a4-pretty-love-landon\\\/\",\"name\":\"\ud83d\udda4 Pretty Love Landon - Csatold fel, mert most kezd\u0151dik az igazi m\u0171sor. - felcsatolhat\u00f3 h\u00e1m dild\u00f3val Szexshop Belvaros\",\"isPartOf\":{\"@id\":\"https:\\\/\\\/www.szexshopbelvaros.com\\\/#website\"},\"primaryImageOfPage\":{\"@id\":\"https:\\\/\\\/www.szexshopbelvaros.com\\\/termek\\\/%f0%9f%96%a4-pretty-love-landon\\\/#primaryimage\"},\"image\":{\"@id\":\"https:\\\/\\\/www.szexshopbelvaros.com\\\/termek\\\/%f0%9f%96%a4-pretty-love-landon\\\/#primaryimage\"},\"thumbnailUrl\":\"https:\\\/\\\/www.szexshopbelvaros.com\\\/wp-content\\\/uploads\\\/2025\\\/11\\\/6908cbbc4e12cbb00ba4a5e9-scaled.png\",\"datePublished\":\"2025-11-03T17:35:01+00:00\",\"dateModified\":\"2026-04-21T14:27:34+00:00\",\"description\":\"Pretty Love Landon \u2013 felcsatolhat\u00f3 h\u00e1m dild\u00f3val, fekete, szexi \u00e9s domin\u00e1ns megjelen\u00e9ssel. K\u00e9nyelmes \u00e9s testbar\u00e1t szilikonb\u00f3l k\u00e9sz\u00fclt. SzexshopBelvaros.com\",\"breadcrumb\":{\"@id\":\"https:\\\/\\\/www.szexshopbelvaros.com\\\/termek\\\/%f0%9f%96%a4-pretty-love-landon\\\/#breadcrumb\"},\"inLanguage\":\"en-US\",\"potentialAction\":[{\"@type\":\"ReadAction\",\"target\":[\"https:\\\/\\\/www.szexshopbelvaros.com\\\/termek\\\/%f0%9f%96%a4-pretty-love-landon\\\/\"]}]},{\"@type\":\"ImageObject\",\"inLanguage\":\"en-US\",\"@id\":\"https:\\\/\\\/www.szexshopbelvaros.com\\\/termek\\\/%f0%9f%96%a4-pretty-love-landon\\\/#primaryimage\",\"url\":\"https:\\\/\\\/www.szexshopbelvaros.com\\\/wp-content\\\/uploads\\\/2025\\\/11\\\/6908cbbc4e12cbb00ba4a5e9-scaled.png\",\"contentUrl\":\"https:\\\/\\\/www.szexshopbelvaros.com\\\/wp-content\\\/uploads\\\/2025\\\/11\\\/6908cbbc4e12cbb00ba4a5e9-scaled.png\",\"width\":2560,\"height\":1440,\"caption\":\"Pretty Love Landon felcsatolhat\u00f3 h\u00e1m dild\u00f3val \u2013 fekete, szilikon, v\u00edz\u00e1ll\u00f3 Pretty Love Landon strap-on harness with dildo \u2013 black, silicone, waterproof\"},{\"@type\":\"BreadcrumbList\",\"@id\":\"https:\\\/\\\/www.szexshopbelvaros.com\\\/termek\\\/%f0%9f%96%a4-pretty-love-landon\\\/#breadcrumb\",\"itemListElement\":[{\"@type\":\"ListItem\",\"position\":1,\"name\":\"Home\",\"item\":\"https:\\\/\\\/www.szexshopbelvaros.com\\\/\"},{\"@type\":\"ListItem\",\"position\":2,\"name\":\"\u00c1ruh\u00e1z\",\"item\":\"https:\\\/\\\/www.szexshopbelvaros.com\\\/uzlet\\\/\"},{\"@type\":\"ListItem\",\"position\":3,\"name\":\"\ud83d\udda4 Pretty Love Landon &#8211; Csatold fel, mert most kezd\u0151dik az igazi m\u0171sor.\"}]},{\"@type\":\"WebSite\",\"@id\":\"https:\\\/\\\/www.szexshopbelvaros.com\\\/#website\",\"url\":\"https:\\\/\\\/www.szexshopbelvaros.com\\\/\",\"name\":\"Szexshop Belv\u00e1ros\",\"description\":\"\ud83d\udd25 A szex olyan, mint a p\u00e9nz; csak a t\u00fal sok el\u00e9g!\u2122 Titkok a belv\u00e1rosb\u00f3l \ud83d\udc8b | Secrets from Budapest \ud83d\udc8e Feln\u0151tt j\u00e1t\u00e9kok \u2022 Erotika \u2022 Szexshop Belvaros\",\"publisher\":{\"@id\":\"https:\\\/\\\/www.szexshopbelvaros.com\\\/#organization\"},\"potentialAction\":[{\"@type\":\"SearchAction\",\"target\":{\"@type\":\"EntryPoint\",\"urlTemplate\":\"https:\\\/\\\/www.szexshopbelvaros.com\\\/?s={search_term_string}\"},\"query-input\":{\"@type\":\"PropertyValueSpecification\",\"valueRequired\":true,\"valueName\":\"search_term_string\"}}],\"inLanguage\":\"en-US\"},{\"@type\":\"Organization\",\"@id\":\"https:\\\/\\\/www.szexshopbelvaros.com\\\/#organization\",\"name\":\"Szexshop Belv\u00e1ros\",\"alternateName\":\"szexshopbelvaros.com\",\"url\":\"https:\\\/\\\/www.szexshopbelvaros.com\\\/\",\"logo\":{\"@type\":\"ImageObject\",\"inLanguage\":\"en-US\",\"@id\":\"https:\\\/\\\/www.szexshopbelvaros.com\\\/#\\\/schema\\\/logo\\\/image\\\/\",\"url\":\"https:\\\/\\\/www.szexshopbelvaros.com\\\/wp-content\\\/uploads\\\/2025\\\/09\\\/1Szexshopbelvaroslogo_blurred_stronger.jpg\",\"contentUrl\":\"https:\\\/\\\/www.szexshopbelvaros.com\\\/wp-content\\\/uploads\\\/2025\\\/09\\\/1Szexshopbelvaroslogo_blurred_stronger.jpg\",\"width\":1024,\"height\":1024,\"caption\":\"Szexshop Belv\u00e1ros\"},\"image\":{\"@id\":\"https:\\\/\\\/www.szexshopbelvaros.com\\\/#\\\/schema\\\/logo\\\/image\\\/\"},\"sameAs\":[\"https:\\\/\\\/www.facebook.com\\\/belvarossecrets\\\/\",\"https:\\\/\\\/x.com\\\/belvarossecrets\",\"https:\\\/\\\/www.instagram.com\\\/belvarossecrets\\\/\",\"https:\\\/\\\/www.tiktok.com\\\/@belvarossecrets\"]}]}<\/script>\n<!-- \/ Yoast SEO plugin. -->","yoast_head_json":{"title":"\ud83d\udda4 Pretty Love Landon - Strap on, because the real show is about to begin. - strap-on harness with dildo Szexshop Belvaros","description":"Pretty Love Landon \u2013 strap-on harness with dildo, black, sexy and dominant look. Made of comfortable and body-friendly silicone. SzexshopBelvaros.com","robots":{"index":"index","follow":"follow","max-snippet":"max-snippet:-1","max-image-preview":"max-image-preview:large","max-video-preview":"max-video-preview:-1"},"canonical":"https:\/\/www.szexshopbelvaros.com\/en\/product\/\ud83d\udda4-pretty-love-landon\/","og_locale":"en_US","og_type":"article","og_title":"\ud83d\udda4 Pretty Love Landon - Csatold fel, mert most kezd\u0151dik az igazi m\u0171sor. - felcsatolhat\u00f3 h\u00e1m dild\u00f3val Szexshop Belvaros","og_description":"Pretty Love Landon \u2013 felcsatolhat\u00f3 h\u00e1m dild\u00f3val, fekete, szexi \u00e9s domin\u00e1ns megjelen\u00e9ssel. K\u00e9nyelmes \u00e9s testbar\u00e1t szilikonb\u00f3l k\u00e9sz\u00fclt. SzexshopBelvaros.com","og_url":"https:\/\/www.szexshopbelvaros.com\/en\/product\/\ud83d\udda4-pretty-love-landon\/","og_site_name":"Szexshop Belvaros","article_publisher":"https:\/\/www.facebook.com\/belvarossecrets\/","article_modified_time":"2026-04-21T14:27:34+00:00","og_image":[{"width":2560,"height":1440,"url":"https:\/\/www.szexshopbelvaros.com\/wp-content\/uploads\/2025\/11\/6908cbbc4e12cbb00ba4a5e9-scaled.png","type":"image\/png"}],"twitter_card":"summary_large_image","twitter_site":"@belvarossecrets","twitter_misc":{"Est. reading time":"1 minute"},"schema":{"@context":"https:\/\/schema.org","@graph":[{"@type":"WebPage","@id":"https:\/\/www.szexshopbelvaros.com\/termek\/%f0%9f%96%a4-pretty-love-landon\/","url":"https:\/\/www.szexshopbelvaros.com\/termek\/%f0%9f%96%a4-pretty-love-landon\/","name":"\ud83d\udda4 Pretty Love Landon - Strap on, because the real show is about to begin. - strap-on harness with dildo Szexshop Belvaros","isPartOf":{"@id":"https:\/\/www.szexshopbelvaros.com\/#website"},"primaryImageOfPage":{"@id":"https:\/\/www.szexshopbelvaros.com\/termek\/%f0%9f%96%a4-pretty-love-landon\/#primaryimage"},"image":{"@id":"https:\/\/www.szexshopbelvaros.com\/termek\/%f0%9f%96%a4-pretty-love-landon\/#primaryimage"},"thumbnailUrl":"https:\/\/www.szexshopbelvaros.com\/wp-content\/uploads\/2025\/11\/6908cbbc4e12cbb00ba4a5e9-scaled.png","datePublished":"2025-11-03T17:35:01+00:00","dateModified":"2026-04-21T14:27:34+00:00","description":"Pretty Love Landon \u2013 strap-on harness with dildo, black, sexy and dominant look. Made of comfortable and body-friendly silicone. SzexshopBelvaros.com","breadcrumb":{"@id":"https:\/\/www.szexshopbelvaros.com\/termek\/%f0%9f%96%a4-pretty-love-landon\/#breadcrumb"},"inLanguage":"en-US","potentialAction":[{"@type":"ReadAction","target":["https:\/\/www.szexshopbelvaros.com\/termek\/%f0%9f%96%a4-pretty-love-landon\/"]}]},{"@type":"ImageObject","inLanguage":"en-US","@id":"https:\/\/www.szexshopbelvaros.com\/termek\/%f0%9f%96%a4-pretty-love-landon\/#primaryimage","url":"https:\/\/www.szexshopbelvaros.com\/wp-content\/uploads\/2025\/11\/6908cbbc4e12cbb00ba4a5e9-scaled.png","contentUrl":"https:\/\/www.szexshopbelvaros.com\/wp-content\/uploads\/2025\/11\/6908cbbc4e12cbb00ba4a5e9-scaled.png","width":2560,"height":1440,"caption":"Pretty Love Landon felcsatolhat\u00f3 h\u00e1m dild\u00f3val \u2013 fekete, szilikon, v\u00edz\u00e1ll\u00f3 Pretty Love Landon strap-on harness with dildo \u2013 black, silicone, waterproof"},{"@type":"BreadcrumbList","@id":"https:\/\/www.szexshopbelvaros.com\/termek\/%f0%9f%96%a4-pretty-love-landon\/#breadcrumb","itemListElement":[{"@type":"ListItem","position":1,"name":"Home","item":"https:\/\/www.szexshopbelvaros.com\/"},{"@type":"ListItem","position":2,"name":"\u00c1ruh\u00e1z","item":"https:\/\/www.szexshopbelvaros.com\/uzlet\/"},{"@type":"ListItem","position":3,"name":"\ud83d\udda4 Pretty Love Landon &#8211; Csatold fel, mert most kezd\u0151dik az igazi m\u0171sor."}]},{"@type":"WebSite","@id":"https:\/\/www.szexshopbelvaros.com\/#website","url":"https:\/\/www.szexshopbelvaros.com\/","name":"at our Szexshop Belv\u00e1ros","description":"\ud83d\udd25 Sex is like money; only too much is enough!\u2122 Secrets from the city center \ud83d\udc8b | Secrets from Budapest \ud83d\udc8e Adult games \u2022 Erotica \u2022 Sex shop Belvaros","publisher":{"@id":"https:\/\/www.szexshopbelvaros.com\/#organization"},"potentialAction":[{"@type":"SearchAction","target":{"@type":"EntryPoint","urlTemplate":"https:\/\/www.szexshopbelvaros.com\/?s={search_term_string}"},"query-input":{"@type":"PropertyValueSpecification","valueRequired":true,"valueName":"search_term_string"}}],"inLanguage":"en-US"},{"@type":"Organization","@id":"https:\/\/www.szexshopbelvaros.com\/#organization","name":"at our Szexshop Belv\u00e1ros","alternateName":"szexshopbelvaros.com","url":"https:\/\/www.szexshopbelvaros.com\/","logo":{"@type":"ImageObject","inLanguage":"en-US","@id":"https:\/\/www.szexshopbelvaros.com\/#\/schema\/logo\/image\/","url":"https:\/\/www.szexshopbelvaros.com\/wp-content\/uploads\/2025\/09\/1Szexshopbelvaroslogo_blurred_stronger.jpg","contentUrl":"https:\/\/www.szexshopbelvaros.com\/wp-content\/uploads\/2025\/09\/1Szexshopbelvaroslogo_blurred_stronger.jpg","width":1024,"height":1024,"caption":"Szexshop Belv\u00e1ros"},"image":{"@id":"https:\/\/www.szexshopbelvaros.com\/#\/schema\/logo\/image\/"},"sameAs":["https:\/\/www.facebook.com\/belvarossecrets\/","https:\/\/x.com\/belvarossecrets","https:\/\/www.instagram.com\/belvarossecrets\/","https:\/\/www.tiktok.com\/@belvarossecrets"]}]}},"_links":{"self":[{"href":"https:\/\/www.szexshopbelvaros.com\/en\/wp-json\/wp\/v2\/product\/2007","targetHints":{"allow":["GET"]}}],"collection":[{"href":"https:\/\/www.szexshopbelvaros.com\/en\/wp-json\/wp\/v2\/product"}],"about":[{"href":"https:\/\/www.szexshopbelvaros.com\/en\/wp-json\/wp\/v2\/types\/product"}],"replies":[{"embeddable":true,"href":"https:\/\/www.szexshopbelvaros.com\/en\/wp-json\/wp\/v2\/comments?post=2007"}],"wp:featuredmedia":[{"embeddable":true,"href":"https:\/\/www.szexshopbelvaros.com\/en\/wp-json\/wp\/v2\/media\/2008"}],"wp:attachment":[{"href":"https:\/\/www.szexshopbelvaros.com\/en\/wp-json\/wp\/v2\/media?parent=2007"}],"wp:term":[{"taxonomy":"product_brand","embeddable":true,"href":"https:\/\/www.szexshopbelvaros.com\/en\/wp-json\/wp\/v2\/product_brand?post=2007"},{"taxonomy":"product_cat","embeddable":true,"href":"https:\/\/www.szexshopbelvaros.com\/en\/wp-json\/wp\/v2\/product_cat?post=2007"},{"taxonomy":"product_tag","embeddable":true,"href":"https:\/\/www.szexshopbelvaros.com\/en\/wp-json\/wp\/v2\/product_tag?post=2007"}],"curies":[{"name":"wp","href":"https:\/\/api.w.org\/{rel}","templated":true}]}}