{"id":2014,"date":"2025-11-03T19:37:03","date_gmt":"2025-11-03T18:37:03","guid":{"rendered":"https:\/\/www.szexshopbelvaros.com\/?post_type=product&#038;p=2014"},"modified":"2026-04-10T14:00:25","modified_gmt":"2026-04-10T12:00:25","slug":"%f0%9f%92%a5-a-diplomata-mert-a-gyonyor-megosztasa-nemzetkozi-ugy","status":"publish","type":"product","link":"https:\/\/www.szexshopbelvaros.com\/en\/product\/%f0%9f%92%a5-a-diplomata-mert-a-gyonyor-megosztasa-nemzetkozi-ugy\/","title":{"rendered":"\ud83d\udca5 The Diplomat \u2013 Because sharing pleasure is an international affair."},"content":{"rendered":"<p data-start=\"976\" data-end=\"1239\"><strong data-start=\"976\" data-end=\"1057\">The Diplomat is a double dildo harness \u2013 because sharing pleasure is an international affair. \ud83d\udd25<\/strong><\/p>\n<p data-start=\"976\" data-end=\"1239\"><br data-start=\"1057\" data-end=\"1060\" \/>Unisex, bisexual and dangerously cooperative \u2013 <strong data-start=\"1108\" data-end=\"1142\">The Diplomat double dildo harness<\/strong> is for those who believe that peace talks should always end in pleasurable groans.<\/p>\n<p data-start=\"1241\" data-end=\"1525\">This realistic, veined double dildo comes in two sizes: one is 15 cm x 3 cm and the other is 18 cm x 3.6 cm. It provides double the intensity for both G-spot and anal play. The soft, leather-like TPR and faux leather harness comfortably adjusts up to a waist size of 86 cm and holds it exactly where you need it.<\/p>\n<p data-start=\"1527\" data-end=\"1791\">An excellent choice for couples who like symmetry, mutual surrender, and enjoy the power shift that literally comes close to the body. Whether for female-male or female-female play, this<strong data-start=\"1697\" data-end=\"1731\">\u00a0harness<\/strong> guarantees that both parties will be ambassadors of pleasure.<\/p>\n<p data-start=\"1793\" data-end=\"1958\">\ud83d\udca7 Use water-based lubricant because you will need it.<br data-start=\"1849\" data-end=\"1852\" \/>\ud83e\uddfc Clean with warm water and toy cleaner after each use.<br data-start=\"1920\" data-end=\"1923\" \/>\ud83d\udc8b Then comes the second round.<\/p>\n<p data-start=\"1960\" data-end=\"2265\">\ud83d\udc49 Discover our <a class=\"decorated-link cursor-pointer\" href=\"https:\/\/www.szexshopbelvaros.com\/en\/product-category\/bdsm\/felcsatolhato-eszkozok\/\" target=\"_new\" rel=\"noopener\" data-start=\"1976\" data-end=\"2075\"><strong data-start=\"1977\" data-end=\"2001\">our full range of harnesses<\/strong><\/a> and let diplomacy turn into body language!<\/p>\n<p data-start=\"2267\" data-end=\"2354\"><a class=\"decorated-link cursor-pointer\" target=\"_new\" rel=\"noopener\" data-start=\"2267\" data-end=\"2291\">www.SzexshopBelvaros.com<\/a> \u2013 where we don&#039;t choose sides, we do both. \ud83d\udc8b<\/p>\n<p>&nbsp;<\/p>","protected":false},"excerpt":{"rendered":"<p>A Diplomata k\u00e9t\u00e9v\u00e9g\u0171 dild\u00f3 h\u00e1m \u2013 mert a gy\u00f6ny\u00f6r megoszt\u00e1sa nemzetk\u00f6zi \u00fcgy. \ud83d\udd25 Uniszex, k\u00e9t\u00e9v\u00e9g\u0171 \u00e9s vesz\u00e9lyesen egy\u00fcttm\u0171k\u00f6d\u0151 \u2013 A Diplomata k\u00e9t\u00e9v\u00e9g\u0171 dild\u00f3 h\u00e1m azoknak k\u00e9sz\u00fclt, akik hisznek abban, hogy a b\u00e9ket\u00e1rgyal\u00e1sokat mindig ny\u00f6g\u00e9seknek kell lez\u00e1rni. Ez a val\u00f3s\u00e1gh\u0171, erezett k\u00e9t\u00e9v\u00e9g\u0171 dild\u00f3 k\u00e9t m\u00e9rettel dolgozik: az egyik 15 cm \u00d7 3 cm, a m\u00e1sik 18 [&#8230;]\n","protected":false},"featured_media":2015,"comment_status":"closed","ping_status":"closed","template":"","meta":[],"product_brand":[59],"product_cat":[88,99,108],"product_tag":[2145,2184,2144,559,2148,352,2373,2182,2146,2150,2143,2185,2142,2372,2180,2179,2181,2178,707,2147,552,1238,2149,354,220,1384,2141,2151,2183],"class_list":{"0":"post-2014","1":"product","2":"type-product","3":"status-publish","4":"has-post-thumbnail","6":"product_brand-debra","7":"product_cat-felcsatolhato-eszkozok","8":"product_cat-noknek","9":"product_cat-paroknak-uniszex","10":"product_tag-adult-toy-for-couples","11":"product_tag-adult-toy-for-women","12":"product_tag-couples-pleasure","13":"product_tag-couples-toy","14":"product_tag-csereheto-fej","15":"product_tag-felcsatolhato-dildo","16":"product_tag-female-couple-toy","17":"product_tag-female-sex-toy","18":"product_tag-harness-szett","19":"product_tag-harness-toy","20":"product_tag-intim-jatek-paroknak","21":"product_tag-intimate-toy-for-women","22":"product_tag-kozos-elmeny","23":"product_tag-leszbikus-paroknak","24":"product_tag-noi-elvezet","25":"product_tag-noi-intim-jatek","26":"product_tag-noi-kiegeszito","27":"product_tag-noi-szexjatek","28":"product_tag-paroknak","29":"product_tag-paros-dominancia","30":"product_tag-paros-jatek","31":"product_tag-shared-pleasure","32":"product_tag-strap-on-set","33":"product_tag-strap-on","34":"product_tag-szexshop-belvaros","35":"product_tag-unisex-sex-toy","36":"product_tag-uniszex-szexjatek","37":"product_tag-wearable-toy","38":"product_tag-womens-pleasure","40":"first","41":"instock","42":"taxable","43":"shipping-taxable","44":"purchasable","45":"product-type-simple"},"yoast_head":"<!-- This site is optimized with the Yoast SEO plugin v27.4 - https:\/\/yoast.com\/product\/yoast-seo-wordpress\/ -->\n<title>A Diplomata k\u00e9t\u00e9v\u00e9g\u0171 dild\u00f3 h\u00e1m \u2013 dupla \u00e9lvezet SzexshopBelvaros<\/title>\n<meta name=\"description\" content=\"A Diplomata \u2013 k\u00e9t\u00e9v\u00e9g\u0171 felcsatolhat\u00f3 dild\u00f3 h\u00e1m p\u00e1roknak. K\u00e9nyelmes, b\u0151rszer\u0171 anyag, k\u00e9t m\u00e9ret, dupla \u00e9lvezet. SzexshopBelvaros.com \ud83d\udd25\" \/>\n<meta name=\"robots\" content=\"index, follow, max-snippet:-1, max-image-preview:large, max-video-preview:-1\" \/>\n<link rel=\"canonical\" href=\"https:\/\/www.szexshopbelvaros.com\/en\/product\/\ud83d\udca5-a-diplomata-mert-a-gyonyor-megosztasa-nemzetkozi-ugy\/\" \/>\n<meta property=\"og:locale\" content=\"en_US\" \/>\n<meta property=\"og:type\" content=\"article\" \/>\n<meta property=\"og:title\" content=\"A Diplomata k\u00e9t\u00e9v\u00e9g\u0171 dild\u00f3 h\u00e1m \u2013 dupla \u00e9lvezet SzexshopBelvaros\" \/>\n<meta property=\"og:description\" content=\"A Diplomata \u2013 k\u00e9t\u00e9v\u00e9g\u0171 felcsatolhat\u00f3 dild\u00f3 h\u00e1m p\u00e1roknak. K\u00e9nyelmes, b\u0151rszer\u0171 anyag, k\u00e9t m\u00e9ret, dupla \u00e9lvezet. SzexshopBelvaros.com \ud83d\udd25\" \/>\n<meta property=\"og:url\" content=\"https:\/\/www.szexshopbelvaros.com\/en\/product\/\ud83d\udca5-a-diplomata-mert-a-gyonyor-megosztasa-nemzetkozi-ugy\/\" \/>\n<meta property=\"og:site_name\" content=\"Szexshop Belvaros\" \/>\n<meta property=\"article:publisher\" content=\"https:\/\/www.facebook.com\/belvarossecrets\/\" \/>\n<meta property=\"article:modified_time\" content=\"2026-04-10T12:00:25+00:00\" \/>\n<meta property=\"og:image\" content=\"https:\/\/www.szexshopbelvaros.com\/wp-content\/uploads\/2025\/11\/6908cbba4e12cbb00ba4a5e7-scaled.png\" \/>\n\t<meta property=\"og:image:width\" content=\"2560\" \/>\n\t<meta property=\"og:image:height\" content=\"1440\" \/>\n\t<meta property=\"og:image:type\" content=\"image\/png\" \/>\n<meta name=\"twitter:card\" content=\"summary_large_image\" \/>\n<meta name=\"twitter:site\" content=\"@belvarossecrets\" \/>\n<meta name=\"twitter:label1\" content=\"Est. reading time\" \/>\n\t<meta name=\"twitter:data1\" content=\"2 minutes\" \/>\n<script type=\"application\/ld+json\" class=\"yoast-schema-graph\">{\"@context\":\"https:\\\/\\\/schema.org\",\"@graph\":[{\"@type\":\"WebPage\",\"@id\":\"https:\\\/\\\/www.szexshopbelvaros.com\\\/termek\\\/%f0%9f%92%a5-a-diplomata-mert-a-gyonyor-megosztasa-nemzetkozi-ugy\\\/\",\"url\":\"https:\\\/\\\/www.szexshopbelvaros.com\\\/termek\\\/%f0%9f%92%a5-a-diplomata-mert-a-gyonyor-megosztasa-nemzetkozi-ugy\\\/\",\"name\":\"A Diplomata k\u00e9t\u00e9v\u00e9g\u0171 dild\u00f3 h\u00e1m \u2013 dupla \u00e9lvezet SzexshopBelvaros\",\"isPartOf\":{\"@id\":\"https:\\\/\\\/www.szexshopbelvaros.com\\\/#website\"},\"primaryImageOfPage\":{\"@id\":\"https:\\\/\\\/www.szexshopbelvaros.com\\\/termek\\\/%f0%9f%92%a5-a-diplomata-mert-a-gyonyor-megosztasa-nemzetkozi-ugy\\\/#primaryimage\"},\"image\":{\"@id\":\"https:\\\/\\\/www.szexshopbelvaros.com\\\/termek\\\/%f0%9f%92%a5-a-diplomata-mert-a-gyonyor-megosztasa-nemzetkozi-ugy\\\/#primaryimage\"},\"thumbnailUrl\":\"https:\\\/\\\/www.szexshopbelvaros.com\\\/wp-content\\\/uploads\\\/2025\\\/11\\\/6908cbba4e12cbb00ba4a5e7-scaled.png\",\"datePublished\":\"2025-11-03T18:37:03+00:00\",\"dateModified\":\"2026-04-10T12:00:25+00:00\",\"description\":\"A Diplomata \u2013 k\u00e9t\u00e9v\u00e9g\u0171 felcsatolhat\u00f3 dild\u00f3 h\u00e1m p\u00e1roknak. K\u00e9nyelmes, b\u0151rszer\u0171 anyag, k\u00e9t m\u00e9ret, dupla \u00e9lvezet. SzexshopBelvaros.com \ud83d\udd25\",\"breadcrumb\":{\"@id\":\"https:\\\/\\\/www.szexshopbelvaros.com\\\/termek\\\/%f0%9f%92%a5-a-diplomata-mert-a-gyonyor-megosztasa-nemzetkozi-ugy\\\/#breadcrumb\"},\"inLanguage\":\"en-US\",\"potentialAction\":[{\"@type\":\"ReadAction\",\"target\":[\"https:\\\/\\\/www.szexshopbelvaros.com\\\/termek\\\/%f0%9f%92%a5-a-diplomata-mert-a-gyonyor-megosztasa-nemzetkozi-ugy\\\/\"]}]},{\"@type\":\"ImageObject\",\"inLanguage\":\"en-US\",\"@id\":\"https:\\\/\\\/www.szexshopbelvaros.com\\\/termek\\\/%f0%9f%92%a5-a-diplomata-mert-a-gyonyor-megosztasa-nemzetkozi-ugy\\\/#primaryimage\",\"url\":\"https:\\\/\\\/www.szexshopbelvaros.com\\\/wp-content\\\/uploads\\\/2025\\\/11\\\/6908cbba4e12cbb00ba4a5e7-scaled.png\",\"contentUrl\":\"https:\\\/\\\/www.szexshopbelvaros.com\\\/wp-content\\\/uploads\\\/2025\\\/11\\\/6908cbba4e12cbb00ba4a5e7-scaled.png\",\"width\":2560,\"height\":1440,\"caption\":\"A Diplomata k\u00e9t\u00e9v\u00e9g\u0171 dild\u00f3 h\u00e1m \u2013 dupla \u00e9lvezet, b\u0151rszer\u0171 anyag\"},{\"@type\":\"BreadcrumbList\",\"@id\":\"https:\\\/\\\/www.szexshopbelvaros.com\\\/termek\\\/%f0%9f%92%a5-a-diplomata-mert-a-gyonyor-megosztasa-nemzetkozi-ugy\\\/#breadcrumb\",\"itemListElement\":[{\"@type\":\"ListItem\",\"position\":1,\"name\":\"Home\",\"item\":\"https:\\\/\\\/www.szexshopbelvaros.com\\\/\"},{\"@type\":\"ListItem\",\"position\":2,\"name\":\"\u00c1ruh\u00e1z\",\"item\":\"https:\\\/\\\/www.szexshopbelvaros.com\\\/uzlet\\\/\"},{\"@type\":\"ListItem\",\"position\":3,\"name\":\"\ud83d\udca5 A Diplomata &#8211; Mert a gy\u00f6ny\u00f6r megoszt\u00e1sa nemzetk\u00f6zi \u00fcgy.\"}]},{\"@type\":\"WebSite\",\"@id\":\"https:\\\/\\\/www.szexshopbelvaros.com\\\/#website\",\"url\":\"https:\\\/\\\/www.szexshopbelvaros.com\\\/\",\"name\":\"Szexshop Belv\u00e1ros\",\"description\":\"\ud83d\udd25 A szex olyan, mint a p\u00e9nz; csak a t\u00fal sok el\u00e9g!\u2122 Titkok a belv\u00e1rosb\u00f3l \ud83d\udc8b | Secrets from Budapest \ud83d\udc8e Feln\u0151tt j\u00e1t\u00e9kok \u2022 Erotika \u2022 Szexshop Belvaros\",\"publisher\":{\"@id\":\"https:\\\/\\\/www.szexshopbelvaros.com\\\/#organization\"},\"potentialAction\":[{\"@type\":\"SearchAction\",\"target\":{\"@type\":\"EntryPoint\",\"urlTemplate\":\"https:\\\/\\\/www.szexshopbelvaros.com\\\/?s={search_term_string}\"},\"query-input\":{\"@type\":\"PropertyValueSpecification\",\"valueRequired\":true,\"valueName\":\"search_term_string\"}}],\"inLanguage\":\"en-US\"},{\"@type\":\"Organization\",\"@id\":\"https:\\\/\\\/www.szexshopbelvaros.com\\\/#organization\",\"name\":\"Szexshop Belv\u00e1ros\",\"alternateName\":\"szexshopbelvaros.com\",\"url\":\"https:\\\/\\\/www.szexshopbelvaros.com\\\/\",\"logo\":{\"@type\":\"ImageObject\",\"inLanguage\":\"en-US\",\"@id\":\"https:\\\/\\\/www.szexshopbelvaros.com\\\/#\\\/schema\\\/logo\\\/image\\\/\",\"url\":\"https:\\\/\\\/www.szexshopbelvaros.com\\\/wp-content\\\/uploads\\\/2025\\\/09\\\/1Szexshopbelvaroslogo_blurred_stronger.jpg\",\"contentUrl\":\"https:\\\/\\\/www.szexshopbelvaros.com\\\/wp-content\\\/uploads\\\/2025\\\/09\\\/1Szexshopbelvaroslogo_blurred_stronger.jpg\",\"width\":1024,\"height\":1024,\"caption\":\"Szexshop Belv\u00e1ros\"},\"image\":{\"@id\":\"https:\\\/\\\/www.szexshopbelvaros.com\\\/#\\\/schema\\\/logo\\\/image\\\/\"},\"sameAs\":[\"https:\\\/\\\/www.facebook.com\\\/belvarossecrets\\\/\",\"https:\\\/\\\/x.com\\\/belvarossecrets\",\"https:\\\/\\\/www.instagram.com\\\/belvarossecrets\\\/\",\"https:\\\/\\\/www.tiktok.com\\\/@belvarossecrets\"]}]}<\/script>\n<!-- \/ Yoast SEO plugin. -->","yoast_head_json":{"title":"The Diplomat two-year dildo harness \u2013 double the pleasure SzexshopBelvaros","description":"The Diplomat \u2013 a two-year strap-on dildo harness for couples. Comfortable, leather-like material, two sizes, double the pleasure. SzexshopBelvaros.com \ud83d\udd25","robots":{"index":"index","follow":"follow","max-snippet":"max-snippet:-1","max-image-preview":"max-image-preview:large","max-video-preview":"max-video-preview:-1"},"canonical":"https:\/\/www.szexshopbelvaros.com\/en\/product\/\ud83d\udca5-a-diplomata-mert-a-gyonyor-megosztasa-nemzetkozi-ugy\/","og_locale":"en_US","og_type":"article","og_title":"A Diplomata k\u00e9t\u00e9v\u00e9g\u0171 dild\u00f3 h\u00e1m \u2013 dupla \u00e9lvezet SzexshopBelvaros","og_description":"A Diplomata \u2013 k\u00e9t\u00e9v\u00e9g\u0171 felcsatolhat\u00f3 dild\u00f3 h\u00e1m p\u00e1roknak. K\u00e9nyelmes, b\u0151rszer\u0171 anyag, k\u00e9t m\u00e9ret, dupla \u00e9lvezet. SzexshopBelvaros.com \ud83d\udd25","og_url":"https:\/\/www.szexshopbelvaros.com\/en\/product\/\ud83d\udca5-a-diplomata-mert-a-gyonyor-megosztasa-nemzetkozi-ugy\/","og_site_name":"Szexshop Belvaros","article_publisher":"https:\/\/www.facebook.com\/belvarossecrets\/","article_modified_time":"2026-04-10T12:00:25+00:00","og_image":[{"width":2560,"height":1440,"url":"https:\/\/www.szexshopbelvaros.com\/wp-content\/uploads\/2025\/11\/6908cbba4e12cbb00ba4a5e7-scaled.png","type":"image\/png"}],"twitter_card":"summary_large_image","twitter_site":"@belvarossecrets","twitter_misc":{"Est. reading time":"2 minutes"},"schema":{"@context":"https:\/\/schema.org","@graph":[{"@type":"WebPage","@id":"https:\/\/www.szexshopbelvaros.com\/termek\/%f0%9f%92%a5-a-diplomata-mert-a-gyonyor-megosztasa-nemzetkozi-ugy\/","url":"https:\/\/www.szexshopbelvaros.com\/termek\/%f0%9f%92%a5-a-diplomata-mert-a-gyonyor-megosztasa-nemzetkozi-ugy\/","name":"The Diplomat two-year dildo harness \u2013 double the pleasure SzexshopBelvaros","isPartOf":{"@id":"https:\/\/www.szexshopbelvaros.com\/#website"},"primaryImageOfPage":{"@id":"https:\/\/www.szexshopbelvaros.com\/termek\/%f0%9f%92%a5-a-diplomata-mert-a-gyonyor-megosztasa-nemzetkozi-ugy\/#primaryimage"},"image":{"@id":"https:\/\/www.szexshopbelvaros.com\/termek\/%f0%9f%92%a5-a-diplomata-mert-a-gyonyor-megosztasa-nemzetkozi-ugy\/#primaryimage"},"thumbnailUrl":"https:\/\/www.szexshopbelvaros.com\/wp-content\/uploads\/2025\/11\/6908cbba4e12cbb00ba4a5e7-scaled.png","datePublished":"2025-11-03T18:37:03+00:00","dateModified":"2026-04-10T12:00:25+00:00","description":"The Diplomat \u2013 a two-year strap-on dildo harness for couples. Comfortable, leather-like material, two sizes, double the pleasure. SzexshopBelvaros.com \ud83d\udd25","breadcrumb":{"@id":"https:\/\/www.szexshopbelvaros.com\/termek\/%f0%9f%92%a5-a-diplomata-mert-a-gyonyor-megosztasa-nemzetkozi-ugy\/#breadcrumb"},"inLanguage":"en-US","potentialAction":[{"@type":"ReadAction","target":["https:\/\/www.szexshopbelvaros.com\/termek\/%f0%9f%92%a5-a-diplomata-mert-a-gyonyor-megosztasa-nemzetkozi-ugy\/"]}]},{"@type":"ImageObject","inLanguage":"en-US","@id":"https:\/\/www.szexshopbelvaros.com\/termek\/%f0%9f%92%a5-a-diplomata-mert-a-gyonyor-megosztasa-nemzetkozi-ugy\/#primaryimage","url":"https:\/\/www.szexshopbelvaros.com\/wp-content\/uploads\/2025\/11\/6908cbba4e12cbb00ba4a5e7-scaled.png","contentUrl":"https:\/\/www.szexshopbelvaros.com\/wp-content\/uploads\/2025\/11\/6908cbba4e12cbb00ba4a5e7-scaled.png","width":2560,"height":1440,"caption":"A Diplomata k\u00e9t\u00e9v\u00e9g\u0171 dild\u00f3 h\u00e1m \u2013 dupla \u00e9lvezet, b\u0151rszer\u0171 anyag"},{"@type":"BreadcrumbList","@id":"https:\/\/www.szexshopbelvaros.com\/termek\/%f0%9f%92%a5-a-diplomata-mert-a-gyonyor-megosztasa-nemzetkozi-ugy\/#breadcrumb","itemListElement":[{"@type":"ListItem","position":1,"name":"Home","item":"https:\/\/www.szexshopbelvaros.com\/"},{"@type":"ListItem","position":2,"name":"\u00c1ruh\u00e1z","item":"https:\/\/www.szexshopbelvaros.com\/uzlet\/"},{"@type":"ListItem","position":3,"name":"\ud83d\udca5 A Diplomata &#8211; Mert a gy\u00f6ny\u00f6r megoszt\u00e1sa nemzetk\u00f6zi \u00fcgy."}]},{"@type":"WebSite","@id":"https:\/\/www.szexshopbelvaros.com\/#website","url":"https:\/\/www.szexshopbelvaros.com\/","name":"at our Szexshop Belv\u00e1ros","description":"\ud83d\udd25 Sex is like money; only too much is enough!\u2122 Secrets from the city center \ud83d\udc8b | Secrets from Budapest \ud83d\udc8e Adult games \u2022 Erotica \u2022 Sex shop Belvaros","publisher":{"@id":"https:\/\/www.szexshopbelvaros.com\/#organization"},"potentialAction":[{"@type":"SearchAction","target":{"@type":"EntryPoint","urlTemplate":"https:\/\/www.szexshopbelvaros.com\/?s={search_term_string}"},"query-input":{"@type":"PropertyValueSpecification","valueRequired":true,"valueName":"search_term_string"}}],"inLanguage":"en-US"},{"@type":"Organization","@id":"https:\/\/www.szexshopbelvaros.com\/#organization","name":"at our Szexshop Belv\u00e1ros","alternateName":"szexshopbelvaros.com","url":"https:\/\/www.szexshopbelvaros.com\/","logo":{"@type":"ImageObject","inLanguage":"en-US","@id":"https:\/\/www.szexshopbelvaros.com\/#\/schema\/logo\/image\/","url":"https:\/\/www.szexshopbelvaros.com\/wp-content\/uploads\/2025\/09\/1Szexshopbelvaroslogo_blurred_stronger.jpg","contentUrl":"https:\/\/www.szexshopbelvaros.com\/wp-content\/uploads\/2025\/09\/1Szexshopbelvaroslogo_blurred_stronger.jpg","width":1024,"height":1024,"caption":"Szexshop Belv\u00e1ros"},"image":{"@id":"https:\/\/www.szexshopbelvaros.com\/#\/schema\/logo\/image\/"},"sameAs":["https:\/\/www.facebook.com\/belvarossecrets\/","https:\/\/x.com\/belvarossecrets","https:\/\/www.instagram.com\/belvarossecrets\/","https:\/\/www.tiktok.com\/@belvarossecrets"]}]}},"_links":{"self":[{"href":"https:\/\/www.szexshopbelvaros.com\/en\/wp-json\/wp\/v2\/product\/2014","targetHints":{"allow":["GET"]}}],"collection":[{"href":"https:\/\/www.szexshopbelvaros.com\/en\/wp-json\/wp\/v2\/product"}],"about":[{"href":"https:\/\/www.szexshopbelvaros.com\/en\/wp-json\/wp\/v2\/types\/product"}],"replies":[{"embeddable":true,"href":"https:\/\/www.szexshopbelvaros.com\/en\/wp-json\/wp\/v2\/comments?post=2014"}],"wp:featuredmedia":[{"embeddable":true,"href":"https:\/\/www.szexshopbelvaros.com\/en\/wp-json\/wp\/v2\/media\/2015"}],"wp:attachment":[{"href":"https:\/\/www.szexshopbelvaros.com\/en\/wp-json\/wp\/v2\/media?parent=2014"}],"wp:term":[{"taxonomy":"product_brand","embeddable":true,"href":"https:\/\/www.szexshopbelvaros.com\/en\/wp-json\/wp\/v2\/product_brand?post=2014"},{"taxonomy":"product_cat","embeddable":true,"href":"https:\/\/www.szexshopbelvaros.com\/en\/wp-json\/wp\/v2\/product_cat?post=2014"},{"taxonomy":"product_tag","embeddable":true,"href":"https:\/\/www.szexshopbelvaros.com\/en\/wp-json\/wp\/v2\/product_tag?post=2014"}],"curies":[{"name":"wp","href":"https:\/\/api.w.org\/{rel}","templated":true}]}}