{"id":202,"date":"2025-01-31T14:35:32","date_gmt":"2025-01-31T13:35:32","guid":{"rendered":"https:\/\/www.szexshopbelvaros.com\/termek\/backside-spray-50-ml\/"},"modified":"2026-04-10T15:44:01","modified_gmt":"2026-04-10T13:44:01","slug":"ero-anal-relax-spray-50-ml","status":"publish","type":"product","link":"https:\/\/www.szexshopbelvaros.com\/en\/product\/ero-anal-relax-spray-50-ml\/","title":{"rendered":"\ud83d\udca8\ud83c\udf51 Backside Spray \u2013 One spray and your butt will be ready for anything."},"content":{"rendered":"<p data-start=\"287\" data-end=\"657\">This 50 ml herbal anal spray doesn&#039;t numb you \u2013 <em data-start=\"342\" data-end=\"350\">it tempts you.<\/em>. It relaxes the back entrance without killing the sensation, just the resistance. It&#039;s specifically designed for anal intercourse, and if you thought lube could solve everything, this little blow job will prove that foreplay starts with squirting... and we&#039;re not talking about your partner.<\/p>\n<p data-start=\"659\" data-end=\"919\">It provides excellent glide while also providing gentle care, because you not only need to be able to open it, but also to receive it nicely. Its stimulating, herbal ingredients help your partner not face a closed door, but a welcoming red carpet.<\/p>\n<p data-start=\"921\" data-end=\"1029\">A few puffs, a few minutes of waiting, and your body knows: your back tract won&#039;t be untouched tonight.<\/p>\n<p data-start=\"43\" data-end=\"96\">\ud83d\udd17 You should check out the rest of our <a href=\"https:\/\/www.szexshopbelvaros.com\/en\/product-category\/anal\/anal-relax-sikositok\/\">anal<\/a> preparatory items too!<\/p>\n<p data-start=\"98\" data-end=\"356\" data-is-last-node=\"\" data-is-only-node=\"\">\ud83d\udc49 Get it in Budapest within an hour <a href=\"https:\/\/wolt.com\/hu\/hun\/budapest\/venue\/szexshop-belvaros\/backside-spray-50-ml-itemid-fbeccf76f5a6a0455ebbb6c2\">at our Szexshop Belv\u00e1ros Wolt store<\/a>or order here at <a class=\"decorated-link cursor-pointer\" target=\"_new\" rel=\"noopener\" data-start=\"196\" data-end=\"220\">www.szexshopbelvaros.com<\/a> . We deliver to the entire territory of Hungary and the EU. Let the gentle formula do its job, you will feel the rest anyway.<\/p>\n<div class=\"pointer-events-none h-px w-px absolute bottom-0\" aria-hidden=\"true\" data-edge=\"true\"><\/div>\n<p>&nbsp;<\/p>","protected":false},"excerpt":{"rendered":"<p>Ez a 50 ml-es gy\u00f3gyn\u00f6v\u00e9nyes an\u00e1l spray nem zsibbaszt \u2013 cs\u00e1b\u00edt. \u00dagy laz\u00edtja el a h\u00e1ts\u00f3 bej\u00e1ratot, hogy k\u00f6zben nem \u00f6li ki az \u00e9rz\u00e9st, csak az ellen\u00e1ll\u00e1st. Kifejezetten an\u00e1lis egy\u00fcttl\u00e9tekhez k\u00e9sz\u00fclt, \u00e9s ha azt hitted, s\u00edkos\u00edt\u00f3val minden megoldhat\u00f3, ez a kis f\u00faj\u00f3s csoda sim\u00e1n bebizony\u00edtja, hogy az el\u0151j\u00e1t\u00e9k a spriccel\u00e9sn\u00e9l kezd\u0151dik\u2026 \u00e9s most nem a [&#8230;]\n","protected":false},"featured_media":2989,"comment_status":"closed","ping_status":"closed","template":"","meta":[],"product_brand":[73],"product_cat":[135,74,156],"product_tag":[2052,2525,418,677,676,1685,339,1392,1393,2524,2053,1528,2523,2527,2522,2050,2526,1381,2047,499,2051,1318,2049,1684,1201,220,2048,346,1529],"class_list":{"0":"post-202","1":"product","2":"type-product","3":"status-publish","4":"has-post-thumbnail","6":"product_brand-ero","7":"product_cat-anal","8":"product_cat-anal-relax-sikositok","9":"product_cat-drogeria-wellness","10":"product_tag-adult-care","11":"product_tag-anal-elokeszito-spray","12":"product_tag-anal-jatek","13":"product_tag-anal-lubricant","14":"product_tag-anal-play","15":"product_tag-anal-preparation","16":"product_tag-anal-sikosito","17":"product_tag-anal-stimulacio","18":"product_tag-anal-stimulation","19":"product_tag-backside-spray-50-ml","20":"product_tag-couples-wellness","21":"product_tag-drogeria","22":"product_tag-ero-anal-backside-spray","23":"product_tag-ero-anal-preparation-spray","24":"product_tag-ero-backside-spray","25":"product_tag-felnotteknek","26":"product_tag-gyogynovenyes-anal-spray","27":"product_tag-hatso-jatek","28":"product_tag-intim-termek","29":"product_tag-intimate-lubricant","30":"product_tag-intimate-products","31":"product_tag-intimate-toy","32":"product_tag-paros-egeszseg","33":"product_tag-relax-gel","34":"product_tag-sexual-wellness","35":"product_tag-szexshop-belvaros","36":"product_tag-szexualis-egeszseg","37":"product_tag-water-based-lube","38":"product_tag-wellness","40":"first","41":"instock","42":"taxable","43":"shipping-taxable","44":"purchasable","45":"product-type-simple"},"yoast_head":"<!-- This site is optimized with the Yoast SEO plugin v27.4 - https:\/\/yoast.com\/product\/yoast-seo-wordpress\/ -->\n<title>Ero An\u00e1l Backside Spray 50 ml \u2013 gyeng\u00e9d an\u00e1lis el\u0151k\u00e9sz\u00edt\u0151 | Szexshop Belv\u00e1ros<\/title>\n<meta name=\"description\" content=\"Ero an\u00e1l Backside Spray 50 ml a Szexshop Belv\u00e1ros k\u00edn\u00e1lat\u00e1ban \u2013 nem zsibbaszt, csak t\u00e1mogatja a k\u00e9nyelmesebb, nyugodtabb an\u00e1lis \u00e9lm\u00e9nyt.\" \/>\n<meta name=\"robots\" content=\"index, follow, max-snippet:-1, max-image-preview:large, max-video-preview:-1\" \/>\n<link rel=\"canonical\" href=\"https:\/\/www.szexshopbelvaros.com\/en\/product\/ero-anal-relax-spray-50-ml\/\" \/>\n<meta property=\"og:locale\" content=\"en_US\" \/>\n<meta property=\"og:type\" content=\"article\" \/>\n<meta property=\"og:title\" content=\"Ero An\u00e1l Backside Spray 50 ml \u2013 gyeng\u00e9d an\u00e1lis el\u0151k\u00e9sz\u00edt\u0151 | Szexshop Belv\u00e1ros\" \/>\n<meta property=\"og:description\" content=\"Ero an\u00e1l Backside Spray 50 ml a Szexshop Belv\u00e1ros k\u00edn\u00e1lat\u00e1ban \u2013 nem zsibbaszt, csak t\u00e1mogatja a k\u00e9nyelmesebb, nyugodtabb an\u00e1lis \u00e9lm\u00e9nyt.\" \/>\n<meta property=\"og:url\" content=\"https:\/\/www.szexshopbelvaros.com\/en\/product\/ero-anal-relax-spray-50-ml\/\" \/>\n<meta property=\"og:site_name\" content=\"Szexshop Belvaros\" \/>\n<meta property=\"article:publisher\" content=\"https:\/\/www.facebook.com\/belvarossecrets\/\" \/>\n<meta property=\"article:modified_time\" content=\"2026-04-10T13:44:01+00:00\" \/>\n<meta property=\"og:image\" content=\"https:\/\/www.szexshopbelvaros.com\/wp-content\/uploads\/2025\/01\/69d135abc73e1c8a26dbaaa1-scaled.png\" \/>\n\t<meta property=\"og:image:width\" content=\"2560\" \/>\n\t<meta property=\"og:image:height\" content=\"1440\" \/>\n\t<meta property=\"og:image:type\" content=\"image\/png\" \/>\n<meta name=\"twitter:card\" content=\"summary_large_image\" \/>\n<meta name=\"twitter:site\" content=\"@belvarossecrets\" \/>\n<meta name=\"twitter:label1\" content=\"Est. reading time\" \/>\n\t<meta name=\"twitter:data1\" content=\"2 minutes\" \/>\n<script type=\"application\/ld+json\" class=\"yoast-schema-graph\">{\"@context\":\"https:\\\/\\\/schema.org\",\"@graph\":[{\"@type\":\"WebPage\",\"@id\":\"https:\\\/\\\/www.szexshopbelvaros.com\\\/termek\\\/ero-anal-relax-spray-50-ml\\\/\",\"url\":\"https:\\\/\\\/www.szexshopbelvaros.com\\\/termek\\\/ero-anal-relax-spray-50-ml\\\/\",\"name\":\"Ero An\u00e1l Backside Spray 50 ml \u2013 gyeng\u00e9d an\u00e1lis el\u0151k\u00e9sz\u00edt\u0151 | Szexshop Belv\u00e1ros\",\"isPartOf\":{\"@id\":\"https:\\\/\\\/www.szexshopbelvaros.com\\\/#website\"},\"primaryImageOfPage\":{\"@id\":\"https:\\\/\\\/www.szexshopbelvaros.com\\\/termek\\\/ero-anal-relax-spray-50-ml\\\/#primaryimage\"},\"image\":{\"@id\":\"https:\\\/\\\/www.szexshopbelvaros.com\\\/termek\\\/ero-anal-relax-spray-50-ml\\\/#primaryimage\"},\"thumbnailUrl\":\"https:\\\/\\\/www.szexshopbelvaros.com\\\/wp-content\\\/uploads\\\/2025\\\/01\\\/69d135abc73e1c8a26dbaaa1-scaled.png\",\"datePublished\":\"2025-01-31T13:35:32+00:00\",\"dateModified\":\"2026-04-10T13:44:01+00:00\",\"description\":\"Ero an\u00e1l Backside Spray 50 ml a Szexshop Belv\u00e1ros k\u00edn\u00e1lat\u00e1ban \u2013 nem zsibbaszt, csak t\u00e1mogatja a k\u00e9nyelmesebb, nyugodtabb an\u00e1lis \u00e9lm\u00e9nyt.\",\"breadcrumb\":{\"@id\":\"https:\\\/\\\/www.szexshopbelvaros.com\\\/termek\\\/ero-anal-relax-spray-50-ml\\\/#breadcrumb\"},\"inLanguage\":\"en-US\",\"potentialAction\":[{\"@type\":\"ReadAction\",\"target\":[\"https:\\\/\\\/www.szexshopbelvaros.com\\\/termek\\\/ero-anal-relax-spray-50-ml\\\/\"]}]},{\"@type\":\"ImageObject\",\"inLanguage\":\"en-US\",\"@id\":\"https:\\\/\\\/www.szexshopbelvaros.com\\\/termek\\\/ero-anal-relax-spray-50-ml\\\/#primaryimage\",\"url\":\"https:\\\/\\\/www.szexshopbelvaros.com\\\/wp-content\\\/uploads\\\/2025\\\/01\\\/69d135abc73e1c8a26dbaaa1-scaled.png\",\"contentUrl\":\"https:\\\/\\\/www.szexshopbelvaros.com\\\/wp-content\\\/uploads\\\/2025\\\/01\\\/69d135abc73e1c8a26dbaaa1-scaled.png\",\"width\":2560,\"height\":1440,\"caption\":\"HU: Ero Backside Spray 50 ml an\u00e1lis el\u0151k\u00e9sz\u00edt\u0151 EN: Ero Backside Spray 50 ml anal preparation product\"},{\"@type\":\"BreadcrumbList\",\"@id\":\"https:\\\/\\\/www.szexshopbelvaros.com\\\/termek\\\/ero-anal-relax-spray-50-ml\\\/#breadcrumb\",\"itemListElement\":[{\"@type\":\"ListItem\",\"position\":1,\"name\":\"Home\",\"item\":\"https:\\\/\\\/www.szexshopbelvaros.com\\\/\"},{\"@type\":\"ListItem\",\"position\":2,\"name\":\"\u00c1ruh\u00e1z\",\"item\":\"https:\\\/\\\/www.szexshopbelvaros.com\\\/uzlet\\\/\"},{\"@type\":\"ListItem\",\"position\":3,\"name\":\"\ud83d\udca8\ud83c\udf51 Backside Spray \u2013 Egy f\u00faj\u00e1s, \u00e9s a segged m\u00e1r r\u00e1 is besz\u00e9lte mag\u00e1t.\"}]},{\"@type\":\"WebSite\",\"@id\":\"https:\\\/\\\/www.szexshopbelvaros.com\\\/#website\",\"url\":\"https:\\\/\\\/www.szexshopbelvaros.com\\\/\",\"name\":\"Szexshop Belv\u00e1ros\",\"description\":\"\ud83d\udd25 A szex olyan, mint a p\u00e9nz; csak a t\u00fal sok el\u00e9g!\u2122 Titkok a belv\u00e1rosb\u00f3l \ud83d\udc8b | Secrets from Budapest \ud83d\udc8e Feln\u0151tt j\u00e1t\u00e9kok \u2022 Erotika \u2022 Szexshop Belvaros\",\"publisher\":{\"@id\":\"https:\\\/\\\/www.szexshopbelvaros.com\\\/#organization\"},\"potentialAction\":[{\"@type\":\"SearchAction\",\"target\":{\"@type\":\"EntryPoint\",\"urlTemplate\":\"https:\\\/\\\/www.szexshopbelvaros.com\\\/?s={search_term_string}\"},\"query-input\":{\"@type\":\"PropertyValueSpecification\",\"valueRequired\":true,\"valueName\":\"search_term_string\"}}],\"inLanguage\":\"en-US\"},{\"@type\":\"Organization\",\"@id\":\"https:\\\/\\\/www.szexshopbelvaros.com\\\/#organization\",\"name\":\"Szexshop Belv\u00e1ros\",\"alternateName\":\"szexshopbelvaros.com\",\"url\":\"https:\\\/\\\/www.szexshopbelvaros.com\\\/\",\"logo\":{\"@type\":\"ImageObject\",\"inLanguage\":\"en-US\",\"@id\":\"https:\\\/\\\/www.szexshopbelvaros.com\\\/#\\\/schema\\\/logo\\\/image\\\/\",\"url\":\"https:\\\/\\\/www.szexshopbelvaros.com\\\/wp-content\\\/uploads\\\/2025\\\/09\\\/1Szexshopbelvaroslogo_blurred_stronger.jpg\",\"contentUrl\":\"https:\\\/\\\/www.szexshopbelvaros.com\\\/wp-content\\\/uploads\\\/2025\\\/09\\\/1Szexshopbelvaroslogo_blurred_stronger.jpg\",\"width\":1024,\"height\":1024,\"caption\":\"Szexshop Belv\u00e1ros\"},\"image\":{\"@id\":\"https:\\\/\\\/www.szexshopbelvaros.com\\\/#\\\/schema\\\/logo\\\/image\\\/\"},\"sameAs\":[\"https:\\\/\\\/www.facebook.com\\\/belvarossecrets\\\/\",\"https:\\\/\\\/x.com\\\/belvarossecrets\",\"https:\\\/\\\/www.instagram.com\\\/belvarossecrets\\\/\",\"https:\\\/\\\/www.tiktok.com\\\/@belvarossecrets\"]}]}<\/script>\n<!-- \/ Yoast SEO plugin. -->","yoast_head_json":{"title":"Ero Anal Backside Spray 50 ml \u2013 gentle anal preparation | Sexshop Belv\u00e1ros","description":"Ero anal Backside Spray 50 ml is available at Szexshop Belv\u00e1ros - it doesn&#039;t numb, it just supports a more comfortable, relaxed anal experience.","robots":{"index":"index","follow":"follow","max-snippet":"max-snippet:-1","max-image-preview":"max-image-preview:large","max-video-preview":"max-video-preview:-1"},"canonical":"https:\/\/www.szexshopbelvaros.com\/en\/product\/ero-anal-relax-spray-50-ml\/","og_locale":"en_US","og_type":"article","og_title":"Ero An\u00e1l Backside Spray 50 ml \u2013 gyeng\u00e9d an\u00e1lis el\u0151k\u00e9sz\u00edt\u0151 | Szexshop Belv\u00e1ros","og_description":"Ero an\u00e1l Backside Spray 50 ml a Szexshop Belv\u00e1ros k\u00edn\u00e1lat\u00e1ban \u2013 nem zsibbaszt, csak t\u00e1mogatja a k\u00e9nyelmesebb, nyugodtabb an\u00e1lis \u00e9lm\u00e9nyt.","og_url":"https:\/\/www.szexshopbelvaros.com\/en\/product\/ero-anal-relax-spray-50-ml\/","og_site_name":"Szexshop Belvaros","article_publisher":"https:\/\/www.facebook.com\/belvarossecrets\/","article_modified_time":"2026-04-10T13:44:01+00:00","og_image":[{"width":2560,"height":1440,"url":"https:\/\/www.szexshopbelvaros.com\/wp-content\/uploads\/2025\/01\/69d135abc73e1c8a26dbaaa1-scaled.png","type":"image\/png"}],"twitter_card":"summary_large_image","twitter_site":"@belvarossecrets","twitter_misc":{"Est. reading time":"2 minutes"},"schema":{"@context":"https:\/\/schema.org","@graph":[{"@type":"WebPage","@id":"https:\/\/www.szexshopbelvaros.com\/termek\/ero-anal-relax-spray-50-ml\/","url":"https:\/\/www.szexshopbelvaros.com\/termek\/ero-anal-relax-spray-50-ml\/","name":"Ero Anal Backside Spray 50 ml \u2013 gentle anal preparation | Sexshop Belv\u00e1ros","isPartOf":{"@id":"https:\/\/www.szexshopbelvaros.com\/#website"},"primaryImageOfPage":{"@id":"https:\/\/www.szexshopbelvaros.com\/termek\/ero-anal-relax-spray-50-ml\/#primaryimage"},"image":{"@id":"https:\/\/www.szexshopbelvaros.com\/termek\/ero-anal-relax-spray-50-ml\/#primaryimage"},"thumbnailUrl":"https:\/\/www.szexshopbelvaros.com\/wp-content\/uploads\/2025\/01\/69d135abc73e1c8a26dbaaa1-scaled.png","datePublished":"2025-01-31T13:35:32+00:00","dateModified":"2026-04-10T13:44:01+00:00","description":"Ero anal Backside Spray 50 ml is available at Szexshop Belv\u00e1ros - it doesn&#039;t numb, it just supports a more comfortable, relaxed anal experience.","breadcrumb":{"@id":"https:\/\/www.szexshopbelvaros.com\/termek\/ero-anal-relax-spray-50-ml\/#breadcrumb"},"inLanguage":"en-US","potentialAction":[{"@type":"ReadAction","target":["https:\/\/www.szexshopbelvaros.com\/termek\/ero-anal-relax-spray-50-ml\/"]}]},{"@type":"ImageObject","inLanguage":"en-US","@id":"https:\/\/www.szexshopbelvaros.com\/termek\/ero-anal-relax-spray-50-ml\/#primaryimage","url":"https:\/\/www.szexshopbelvaros.com\/wp-content\/uploads\/2025\/01\/69d135abc73e1c8a26dbaaa1-scaled.png","contentUrl":"https:\/\/www.szexshopbelvaros.com\/wp-content\/uploads\/2025\/01\/69d135abc73e1c8a26dbaaa1-scaled.png","width":2560,"height":1440,"caption":"HU: Ero Backside Spray 50 ml an\u00e1lis el\u0151k\u00e9sz\u00edt\u0151 EN: Ero Backside Spray 50 ml anal preparation product"},{"@type":"BreadcrumbList","@id":"https:\/\/www.szexshopbelvaros.com\/termek\/ero-anal-relax-spray-50-ml\/#breadcrumb","itemListElement":[{"@type":"ListItem","position":1,"name":"Home","item":"https:\/\/www.szexshopbelvaros.com\/"},{"@type":"ListItem","position":2,"name":"\u00c1ruh\u00e1z","item":"https:\/\/www.szexshopbelvaros.com\/uzlet\/"},{"@type":"ListItem","position":3,"name":"\ud83d\udca8\ud83c\udf51 Backside Spray \u2013 Egy f\u00faj\u00e1s, \u00e9s a segged m\u00e1r r\u00e1 is besz\u00e9lte mag\u00e1t."}]},{"@type":"WebSite","@id":"https:\/\/www.szexshopbelvaros.com\/#website","url":"https:\/\/www.szexshopbelvaros.com\/","name":"at our Szexshop Belv\u00e1ros","description":"\ud83d\udd25 Sex is like money; only too much is enough!\u2122 Secrets from the city center \ud83d\udc8b | Secrets from Budapest \ud83d\udc8e Adult games \u2022 Erotica \u2022 Sex shop Belvaros","publisher":{"@id":"https:\/\/www.szexshopbelvaros.com\/#organization"},"potentialAction":[{"@type":"SearchAction","target":{"@type":"EntryPoint","urlTemplate":"https:\/\/www.szexshopbelvaros.com\/?s={search_term_string}"},"query-input":{"@type":"PropertyValueSpecification","valueRequired":true,"valueName":"search_term_string"}}],"inLanguage":"en-US"},{"@type":"Organization","@id":"https:\/\/www.szexshopbelvaros.com\/#organization","name":"at our Szexshop Belv\u00e1ros","alternateName":"szexshopbelvaros.com","url":"https:\/\/www.szexshopbelvaros.com\/","logo":{"@type":"ImageObject","inLanguage":"en-US","@id":"https:\/\/www.szexshopbelvaros.com\/#\/schema\/logo\/image\/","url":"https:\/\/www.szexshopbelvaros.com\/wp-content\/uploads\/2025\/09\/1Szexshopbelvaroslogo_blurred_stronger.jpg","contentUrl":"https:\/\/www.szexshopbelvaros.com\/wp-content\/uploads\/2025\/09\/1Szexshopbelvaroslogo_blurred_stronger.jpg","width":1024,"height":1024,"caption":"Szexshop Belv\u00e1ros"},"image":{"@id":"https:\/\/www.szexshopbelvaros.com\/#\/schema\/logo\/image\/"},"sameAs":["https:\/\/www.facebook.com\/belvarossecrets\/","https:\/\/x.com\/belvarossecrets","https:\/\/www.instagram.com\/belvarossecrets\/","https:\/\/www.tiktok.com\/@belvarossecrets"]}]}},"_links":{"self":[{"href":"https:\/\/www.szexshopbelvaros.com\/en\/wp-json\/wp\/v2\/product\/202","targetHints":{"allow":["GET"]}}],"collection":[{"href":"https:\/\/www.szexshopbelvaros.com\/en\/wp-json\/wp\/v2\/product"}],"about":[{"href":"https:\/\/www.szexshopbelvaros.com\/en\/wp-json\/wp\/v2\/types\/product"}],"replies":[{"embeddable":true,"href":"https:\/\/www.szexshopbelvaros.com\/en\/wp-json\/wp\/v2\/comments?post=202"}],"wp:featuredmedia":[{"embeddable":true,"href":"https:\/\/www.szexshopbelvaros.com\/en\/wp-json\/wp\/v2\/media\/2989"}],"wp:attachment":[{"href":"https:\/\/www.szexshopbelvaros.com\/en\/wp-json\/wp\/v2\/media?parent=202"}],"wp:term":[{"taxonomy":"product_brand","embeddable":true,"href":"https:\/\/www.szexshopbelvaros.com\/en\/wp-json\/wp\/v2\/product_brand?post=202"},{"taxonomy":"product_cat","embeddable":true,"href":"https:\/\/www.szexshopbelvaros.com\/en\/wp-json\/wp\/v2\/product_cat?post=202"},{"taxonomy":"product_tag","embeddable":true,"href":"https:\/\/www.szexshopbelvaros.com\/en\/wp-json\/wp\/v2\/product_tag?post=202"}],"curies":[{"name":"wp","href":"https:\/\/api.w.org\/{rel}","templated":true}]}}