{"id":2021,"date":"2025-11-07T12:01:34","date_gmt":"2025-11-07T11:01:34","guid":{"rendered":"https:\/\/www.szexshopbelvaros.com\/?post_type=product&#038;p=2021"},"modified":"2026-04-10T14:00:25","modified_gmt":"2026-04-10T12:00:25","slug":"%f0%9f%96%a4-domination-deluxe-poraz-horog-es-teljes-behodolas","status":"publish","type":"product","link":"https:\/\/www.szexshopbelvaros.com\/en\/product\/%f0%9f%96%a4-domination-deluxe-poraz-horog-es-teljes-behodolas\/","title":{"rendered":"\ud83d\udda4 Domination Deluxe \u2013 Leash, Hook and Submission"},"content":{"rendered":"<p data-start=\"733\" data-end=\"792\">\ud83d\udda4 <strong data-start=\"736\" data-end=\"792\">Domination Deluxe \u2013 Leash, Hook and Complete Submission - Because Power Doesn&#039;t Ask, It Commands.<\/strong><\/p>\n<p data-start=\"794\" data-end=\"1149\">This is not just a set \u2013 it's a <strong data-start=\"821\" data-end=\"853\">law enforcement manual<\/strong>.<br data-start=\"854\" data-end=\"857\" \/>Our <strong data-start=\"859\" data-end=\"880\">Domination Deluxe<\/strong> is the combination of black leather and cold metal that puts you in your place \u2013 and makes sure you stay there. The 23cm anal hook doesn't ask for permission; it just goes in, and the 100cm leash gives you the distance you need to play and control. It will send chills down your spine.<\/p>\n<p data-start=\"1151\" data-end=\"1368\">The collar and back belt are adjustable, so whether you&#039;re playing as a dom or a sub, every move is about power. Durable, elegant and dirty erotic - the <strong data-start=\"1303\" data-end=\"1324\">Domination Deluxe<\/strong> not only records, but writes new rules.<\/p>\n<p data-start=\"1370\" data-end=\"1501\">\ud83d\udca7 Use water-based lubricant for a comfortable experience.<br data-start=\"1424\" data-end=\"1427\" \/>\ud83e\uddfc Clean with lukewarm water and toy cleaner after each use.<\/p>\n<p data-start=\"1503\" data-end=\"1733\">\ud83d\udc49 Discover our<a href=\"https:\/\/www.szexshopbelvaros.com\/en\/product-category\/bdsm\/sado-mazo-kellekek\/\"> <strong data-start=\"1520\" data-end=\"1536\">BDSM sets<\/strong><\/a> we offer!<\/p>\n<p data-start=\"1735\" data-end=\"1897\"><br data-start=\"1802\" data-end=\"1805\" \/>Get it now <a class=\"decorated-link cursor-pointer\" target=\"_new\" rel=\"noopener\" data-start=\"1823\" data-end=\"1847\">www.SzexshopBelvaros.com<\/a> page where every chain tells a story.<\/p>","protected":false},"excerpt":{"rendered":"<p>\ud83d\udda4 Domination Deluxe \u2013 P\u00f3r\u00e1z, Horog \u00e9s Teljes Beh\u00f3dol\u00e1s -Mert a Hatalom Nem K\u00e9r, Hanem Parancsol. Ez nem csak egy szett \u2013 ez a rendszab\u00e1lyoz\u00e1s k\u00e9zik\u00f6nyve.A Domination Deluxe fekete b\u0151r \u00e9s hideg f\u00e9m kombin\u00e1ci\u00f3ja pontosan tudja, hol a helyed \u2013 \u00e9s el is \u00e9ri, hogy ott maradj. A 23 cm-es an\u00e1lis kamp\u00f3 nem k\u00e9r enged\u00e9lyt, [&#8230;]\n","protected":false},"featured_media":2701,"comment_status":"closed","ping_status":"closed","template":"","meta":[],"product_brand":[],"product_cat":[52,2006,115],"product_tag":[309,321,1410,372,316,308,389,2207,2210,2008,2211,2208,2209,733,317,715,1625,2206,2205,2013],"class_list":{"0":"post-2021","1":"product","2":"type-product","3":"status-publish","4":"has-post-thumbnail","6":"product_cat-bdsm","7":"product_cat-dominancia-alavetettseg","8":"product_cat-ujdonsagok","9":"product_tag-alavetettseg","10":"product_tag-bdsm","11":"product_tag-bdsm-toy","12":"product_tag-bondage","13":"product_tag-dominance","14":"product_tag-dominancia","15":"product_tag-felnott-jatek","16":"product_tag-friss-erkezes","17":"product_tag-just-arrived","18":"product_tag-kink","19":"product_tag-latest-arrival","20":"product_tag-legujabb-termek","21":"product_tag-new-product","22":"product_tag-power-exchange","23":"product_tag-submission","24":"product_tag-szadomazo-kellek","25":"product_tag-szerepjatek","26":"product_tag-uj-termek","27":"product_tag-ujdonsag","28":"product_tag-uralom","30":"first","31":"outofstock","32":"taxable","33":"shipping-taxable","34":"purchasable","35":"product-type-simple"},"yoast_head":"<!-- This site is optimized with the Yoast SEO plugin v27.4 - https:\/\/yoast.com\/product\/yoast-seo-wordpress\/ -->\n<title>\ud83d\udda4 Domination Deluxe \u2013 P\u00f3r\u00e1z, Horog \u00e9s Teljes Beh\u00f3dol\u00e1s - Szexshop Belvaros<\/title>\n<meta name=\"description\" content=\"Domination Deluxe \u2013 fekete b\u0151r \u00e9s f\u00e9m p\u00f3r\u00e1z, an\u00e1lis horog \u00e9s nyak\u00f6rv egy szettben. Teljes ir\u00e1ny\u00edt\u00e1s, eleg\u00e1ns BDSM eszk\u00f6z. SzexshopBelvaros.com\" \/>\n<meta name=\"robots\" content=\"index, follow, max-snippet:-1, max-image-preview:large, max-video-preview:-1\" \/>\n<link rel=\"canonical\" href=\"https:\/\/www.szexshopbelvaros.com\/en\/product\/\ud83d\udda4-domination-deluxe-poraz-horog-es-teljes-behodolas\/\" \/>\n<meta property=\"og:locale\" content=\"en_US\" \/>\n<meta property=\"og:type\" content=\"article\" \/>\n<meta property=\"og:title\" content=\"\ud83d\udda4 Domination Deluxe \u2013 P\u00f3r\u00e1z, Horog \u00e9s Teljes Beh\u00f3dol\u00e1s - Szexshop Belvaros\" \/>\n<meta property=\"og:description\" content=\"Domination Deluxe \u2013 fekete b\u0151r \u00e9s f\u00e9m p\u00f3r\u00e1z, an\u00e1lis horog \u00e9s nyak\u00f6rv egy szettben. Teljes ir\u00e1ny\u00edt\u00e1s, eleg\u00e1ns BDSM eszk\u00f6z. SzexshopBelvaros.com\" \/>\n<meta property=\"og:url\" content=\"https:\/\/www.szexshopbelvaros.com\/en\/product\/\ud83d\udda4-domination-deluxe-poraz-horog-es-teljes-behodolas\/\" \/>\n<meta property=\"og:site_name\" content=\"Szexshop Belvaros\" \/>\n<meta property=\"article:publisher\" content=\"https:\/\/www.facebook.com\/belvarossecrets\/\" \/>\n<meta property=\"article:modified_time\" content=\"2026-04-10T12:00:25+00:00\" \/>\n<meta property=\"og:image\" content=\"https:\/\/www.szexshopbelvaros.com\/wp-content\/uploads\/2025\/11\/Untitled-design.png\" \/>\n\t<meta property=\"og:image:width\" content=\"990\" \/>\n\t<meta property=\"og:image:height\" content=\"1664\" \/>\n\t<meta property=\"og:image:type\" content=\"image\/png\" \/>\n<meta name=\"twitter:card\" content=\"summary_large_image\" \/>\n<meta name=\"twitter:site\" content=\"@belvarossecrets\" \/>\n<meta name=\"twitter:label1\" content=\"Est. reading time\" \/>\n\t<meta name=\"twitter:data1\" content=\"1 minute\" \/>\n<script type=\"application\/ld+json\" class=\"yoast-schema-graph\">{\"@context\":\"https:\\\/\\\/schema.org\",\"@graph\":[{\"@type\":\"WebPage\",\"@id\":\"https:\\\/\\\/www.szexshopbelvaros.com\\\/termek\\\/%f0%9f%96%a4-domination-deluxe-poraz-horog-es-teljes-behodolas\\\/\",\"url\":\"https:\\\/\\\/www.szexshopbelvaros.com\\\/termek\\\/%f0%9f%96%a4-domination-deluxe-poraz-horog-es-teljes-behodolas\\\/\",\"name\":\"\ud83d\udda4 Domination Deluxe \u2013 P\u00f3r\u00e1z, Horog \u00e9s Teljes Beh\u00f3dol\u00e1s - Szexshop Belvaros\",\"isPartOf\":{\"@id\":\"https:\\\/\\\/www.szexshopbelvaros.com\\\/#website\"},\"primaryImageOfPage\":{\"@id\":\"https:\\\/\\\/www.szexshopbelvaros.com\\\/termek\\\/%f0%9f%96%a4-domination-deluxe-poraz-horog-es-teljes-behodolas\\\/#primaryimage\"},\"image\":{\"@id\":\"https:\\\/\\\/www.szexshopbelvaros.com\\\/termek\\\/%f0%9f%96%a4-domination-deluxe-poraz-horog-es-teljes-behodolas\\\/#primaryimage\"},\"thumbnailUrl\":\"https:\\\/\\\/www.szexshopbelvaros.com\\\/wp-content\\\/uploads\\\/2025\\\/11\\\/Untitled-design.png\",\"datePublished\":\"2025-11-07T11:01:34+00:00\",\"dateModified\":\"2026-04-10T12:00:25+00:00\",\"description\":\"Domination Deluxe \u2013 fekete b\u0151r \u00e9s f\u00e9m p\u00f3r\u00e1z, an\u00e1lis horog \u00e9s nyak\u00f6rv egy szettben. Teljes ir\u00e1ny\u00edt\u00e1s, eleg\u00e1ns BDSM eszk\u00f6z. SzexshopBelvaros.com\",\"breadcrumb\":{\"@id\":\"https:\\\/\\\/www.szexshopbelvaros.com\\\/termek\\\/%f0%9f%96%a4-domination-deluxe-poraz-horog-es-teljes-behodolas\\\/#breadcrumb\"},\"inLanguage\":\"en-US\",\"potentialAction\":[{\"@type\":\"ReadAction\",\"target\":[\"https:\\\/\\\/www.szexshopbelvaros.com\\\/termek\\\/%f0%9f%96%a4-domination-deluxe-poraz-horog-es-teljes-behodolas\\\/\"]}]},{\"@type\":\"ImageObject\",\"inLanguage\":\"en-US\",\"@id\":\"https:\\\/\\\/www.szexshopbelvaros.com\\\/termek\\\/%f0%9f%96%a4-domination-deluxe-poraz-horog-es-teljes-behodolas\\\/#primaryimage\",\"url\":\"https:\\\/\\\/www.szexshopbelvaros.com\\\/wp-content\\\/uploads\\\/2025\\\/11\\\/Untitled-design.png\",\"contentUrl\":\"https:\\\/\\\/www.szexshopbelvaros.com\\\/wp-content\\\/uploads\\\/2025\\\/11\\\/Untitled-design.png\",\"width\":990,\"height\":1664,\"caption\":\"domination-deluxe-hook-set-szexshopbelvaros Domination Deluxe p\u00f3r\u00e1z \u00e9s an\u00e1lis horog szett fekete b\u0151rb\u0151l \u2013 Szexshop Belvaros\"},{\"@type\":\"BreadcrumbList\",\"@id\":\"https:\\\/\\\/www.szexshopbelvaros.com\\\/termek\\\/%f0%9f%96%a4-domination-deluxe-poraz-horog-es-teljes-behodolas\\\/#breadcrumb\",\"itemListElement\":[{\"@type\":\"ListItem\",\"position\":1,\"name\":\"Home\",\"item\":\"https:\\\/\\\/www.szexshopbelvaros.com\\\/\"},{\"@type\":\"ListItem\",\"position\":2,\"name\":\"\u00c1ruh\u00e1z\",\"item\":\"https:\\\/\\\/www.szexshopbelvaros.com\\\/uzlet\\\/\"},{\"@type\":\"ListItem\",\"position\":3,\"name\":\"\ud83d\udda4 Domination Deluxe \u2013 P\u00f3r\u00e1z, Horog \u00e9s Teljes Beh\u00f3dol\u00e1s\"}]},{\"@type\":\"WebSite\",\"@id\":\"https:\\\/\\\/www.szexshopbelvaros.com\\\/#website\",\"url\":\"https:\\\/\\\/www.szexshopbelvaros.com\\\/\",\"name\":\"Szexshop Belv\u00e1ros\",\"description\":\"\ud83d\udd25 A szex olyan, mint a p\u00e9nz; csak a t\u00fal sok el\u00e9g!\u2122 Titkok a belv\u00e1rosb\u00f3l \ud83d\udc8b | Secrets from Budapest \ud83d\udc8e Feln\u0151tt j\u00e1t\u00e9kok \u2022 Erotika \u2022 Szexshop Belvaros\",\"publisher\":{\"@id\":\"https:\\\/\\\/www.szexshopbelvaros.com\\\/#organization\"},\"potentialAction\":[{\"@type\":\"SearchAction\",\"target\":{\"@type\":\"EntryPoint\",\"urlTemplate\":\"https:\\\/\\\/www.szexshopbelvaros.com\\\/?s={search_term_string}\"},\"query-input\":{\"@type\":\"PropertyValueSpecification\",\"valueRequired\":true,\"valueName\":\"search_term_string\"}}],\"inLanguage\":\"en-US\"},{\"@type\":\"Organization\",\"@id\":\"https:\\\/\\\/www.szexshopbelvaros.com\\\/#organization\",\"name\":\"Szexshop Belv\u00e1ros\",\"alternateName\":\"szexshopbelvaros.com\",\"url\":\"https:\\\/\\\/www.szexshopbelvaros.com\\\/\",\"logo\":{\"@type\":\"ImageObject\",\"inLanguage\":\"en-US\",\"@id\":\"https:\\\/\\\/www.szexshopbelvaros.com\\\/#\\\/schema\\\/logo\\\/image\\\/\",\"url\":\"https:\\\/\\\/www.szexshopbelvaros.com\\\/wp-content\\\/uploads\\\/2025\\\/09\\\/1Szexshopbelvaroslogo_blurred_stronger.jpg\",\"contentUrl\":\"https:\\\/\\\/www.szexshopbelvaros.com\\\/wp-content\\\/uploads\\\/2025\\\/09\\\/1Szexshopbelvaroslogo_blurred_stronger.jpg\",\"width\":1024,\"height\":1024,\"caption\":\"Szexshop Belv\u00e1ros\"},\"image\":{\"@id\":\"https:\\\/\\\/www.szexshopbelvaros.com\\\/#\\\/schema\\\/logo\\\/image\\\/\"},\"sameAs\":[\"https:\\\/\\\/www.facebook.com\\\/belvarossecrets\\\/\",\"https:\\\/\\\/x.com\\\/belvarossecrets\",\"https:\\\/\\\/www.instagram.com\\\/belvarossecrets\\\/\",\"https:\\\/\\\/www.tiktok.com\\\/@belvarossecrets\"]}]}<\/script>\n<!-- \/ Yoast SEO plugin. -->","yoast_head_json":{"title":"\ud83d\udda4 Domination Deluxe \u2013 Leash, Hook and Total Submission - Sexshop Belvaros","description":"Domination Deluxe \u2013 black leather and metal leash, anal hook and collar in one set. Total control, elegant BDSM tool. SzexshopBelvaros.com","robots":{"index":"index","follow":"follow","max-snippet":"max-snippet:-1","max-image-preview":"max-image-preview:large","max-video-preview":"max-video-preview:-1"},"canonical":"https:\/\/www.szexshopbelvaros.com\/en\/product\/\ud83d\udda4-domination-deluxe-poraz-horog-es-teljes-behodolas\/","og_locale":"en_US","og_type":"article","og_title":"\ud83d\udda4 Domination Deluxe \u2013 P\u00f3r\u00e1z, Horog \u00e9s Teljes Beh\u00f3dol\u00e1s - Szexshop Belvaros","og_description":"Domination Deluxe \u2013 fekete b\u0151r \u00e9s f\u00e9m p\u00f3r\u00e1z, an\u00e1lis horog \u00e9s nyak\u00f6rv egy szettben. Teljes ir\u00e1ny\u00edt\u00e1s, eleg\u00e1ns BDSM eszk\u00f6z. SzexshopBelvaros.com","og_url":"https:\/\/www.szexshopbelvaros.com\/en\/product\/\ud83d\udda4-domination-deluxe-poraz-horog-es-teljes-behodolas\/","og_site_name":"Szexshop Belvaros","article_publisher":"https:\/\/www.facebook.com\/belvarossecrets\/","article_modified_time":"2026-04-10T12:00:25+00:00","og_image":[{"width":990,"height":1664,"url":"https:\/\/www.szexshopbelvaros.com\/wp-content\/uploads\/2025\/11\/Untitled-design.png","type":"image\/png"}],"twitter_card":"summary_large_image","twitter_site":"@belvarossecrets","twitter_misc":{"Est. reading time":"1 minute"},"schema":{"@context":"https:\/\/schema.org","@graph":[{"@type":"WebPage","@id":"https:\/\/www.szexshopbelvaros.com\/termek\/%f0%9f%96%a4-domination-deluxe-poraz-horog-es-teljes-behodolas\/","url":"https:\/\/www.szexshopbelvaros.com\/termek\/%f0%9f%96%a4-domination-deluxe-poraz-horog-es-teljes-behodolas\/","name":"\ud83d\udda4 Domination Deluxe \u2013 Leash, Hook and Total Submission - Sexshop Belvaros","isPartOf":{"@id":"https:\/\/www.szexshopbelvaros.com\/#website"},"primaryImageOfPage":{"@id":"https:\/\/www.szexshopbelvaros.com\/termek\/%f0%9f%96%a4-domination-deluxe-poraz-horog-es-teljes-behodolas\/#primaryimage"},"image":{"@id":"https:\/\/www.szexshopbelvaros.com\/termek\/%f0%9f%96%a4-domination-deluxe-poraz-horog-es-teljes-behodolas\/#primaryimage"},"thumbnailUrl":"https:\/\/www.szexshopbelvaros.com\/wp-content\/uploads\/2025\/11\/Untitled-design.png","datePublished":"2025-11-07T11:01:34+00:00","dateModified":"2026-04-10T12:00:25+00:00","description":"Domination Deluxe \u2013 black leather and metal leash, anal hook and collar in one set. Total control, elegant BDSM tool. SzexshopBelvaros.com","breadcrumb":{"@id":"https:\/\/www.szexshopbelvaros.com\/termek\/%f0%9f%96%a4-domination-deluxe-poraz-horog-es-teljes-behodolas\/#breadcrumb"},"inLanguage":"en-US","potentialAction":[{"@type":"ReadAction","target":["https:\/\/www.szexshopbelvaros.com\/termek\/%f0%9f%96%a4-domination-deluxe-poraz-horog-es-teljes-behodolas\/"]}]},{"@type":"ImageObject","inLanguage":"en-US","@id":"https:\/\/www.szexshopbelvaros.com\/termek\/%f0%9f%96%a4-domination-deluxe-poraz-horog-es-teljes-behodolas\/#primaryimage","url":"https:\/\/www.szexshopbelvaros.com\/wp-content\/uploads\/2025\/11\/Untitled-design.png","contentUrl":"https:\/\/www.szexshopbelvaros.com\/wp-content\/uploads\/2025\/11\/Untitled-design.png","width":990,"height":1664,"caption":"domination-deluxe-hook-set-szexshopbelvaros Domination Deluxe p\u00f3r\u00e1z \u00e9s an\u00e1lis horog szett fekete b\u0151rb\u0151l \u2013 Szexshop Belvaros"},{"@type":"BreadcrumbList","@id":"https:\/\/www.szexshopbelvaros.com\/termek\/%f0%9f%96%a4-domination-deluxe-poraz-horog-es-teljes-behodolas\/#breadcrumb","itemListElement":[{"@type":"ListItem","position":1,"name":"Home","item":"https:\/\/www.szexshopbelvaros.com\/"},{"@type":"ListItem","position":2,"name":"\u00c1ruh\u00e1z","item":"https:\/\/www.szexshopbelvaros.com\/uzlet\/"},{"@type":"ListItem","position":3,"name":"\ud83d\udda4 Domination Deluxe \u2013 P\u00f3r\u00e1z, Horog \u00e9s Teljes Beh\u00f3dol\u00e1s"}]},{"@type":"WebSite","@id":"https:\/\/www.szexshopbelvaros.com\/#website","url":"https:\/\/www.szexshopbelvaros.com\/","name":"at our Szexshop Belv\u00e1ros","description":"\ud83d\udd25 Sex is like money; only too much is enough!\u2122 Secrets from the city center \ud83d\udc8b | Secrets from Budapest \ud83d\udc8e Adult games \u2022 Erotica \u2022 Sex shop Belvaros","publisher":{"@id":"https:\/\/www.szexshopbelvaros.com\/#organization"},"potentialAction":[{"@type":"SearchAction","target":{"@type":"EntryPoint","urlTemplate":"https:\/\/www.szexshopbelvaros.com\/?s={search_term_string}"},"query-input":{"@type":"PropertyValueSpecification","valueRequired":true,"valueName":"search_term_string"}}],"inLanguage":"en-US"},{"@type":"Organization","@id":"https:\/\/www.szexshopbelvaros.com\/#organization","name":"at our Szexshop Belv\u00e1ros","alternateName":"szexshopbelvaros.com","url":"https:\/\/www.szexshopbelvaros.com\/","logo":{"@type":"ImageObject","inLanguage":"en-US","@id":"https:\/\/www.szexshopbelvaros.com\/#\/schema\/logo\/image\/","url":"https:\/\/www.szexshopbelvaros.com\/wp-content\/uploads\/2025\/09\/1Szexshopbelvaroslogo_blurred_stronger.jpg","contentUrl":"https:\/\/www.szexshopbelvaros.com\/wp-content\/uploads\/2025\/09\/1Szexshopbelvaroslogo_blurred_stronger.jpg","width":1024,"height":1024,"caption":"Szexshop Belv\u00e1ros"},"image":{"@id":"https:\/\/www.szexshopbelvaros.com\/#\/schema\/logo\/image\/"},"sameAs":["https:\/\/www.facebook.com\/belvarossecrets\/","https:\/\/x.com\/belvarossecrets","https:\/\/www.instagram.com\/belvarossecrets\/","https:\/\/www.tiktok.com\/@belvarossecrets"]}]}},"_links":{"self":[{"href":"https:\/\/www.szexshopbelvaros.com\/en\/wp-json\/wp\/v2\/product\/2021","targetHints":{"allow":["GET"]}}],"collection":[{"href":"https:\/\/www.szexshopbelvaros.com\/en\/wp-json\/wp\/v2\/product"}],"about":[{"href":"https:\/\/www.szexshopbelvaros.com\/en\/wp-json\/wp\/v2\/types\/product"}],"replies":[{"embeddable":true,"href":"https:\/\/www.szexshopbelvaros.com\/en\/wp-json\/wp\/v2\/comments?post=2021"}],"wp:featuredmedia":[{"embeddable":true,"href":"https:\/\/www.szexshopbelvaros.com\/en\/wp-json\/wp\/v2\/media\/2701"}],"wp:attachment":[{"href":"https:\/\/www.szexshopbelvaros.com\/en\/wp-json\/wp\/v2\/media?parent=2021"}],"wp:term":[{"taxonomy":"product_brand","embeddable":true,"href":"https:\/\/www.szexshopbelvaros.com\/en\/wp-json\/wp\/v2\/product_brand?post=2021"},{"taxonomy":"product_cat","embeddable":true,"href":"https:\/\/www.szexshopbelvaros.com\/en\/wp-json\/wp\/v2\/product_cat?post=2021"},{"taxonomy":"product_tag","embeddable":true,"href":"https:\/\/www.szexshopbelvaros.com\/en\/wp-json\/wp\/v2\/product_tag?post=2021"}],"curies":[{"name":"wp","href":"https:\/\/api.w.org\/{rel}","templated":true}]}}