{"id":2028,"date":"2025-11-07T17:41:47","date_gmt":"2025-11-07T16:41:47","guid":{"rendered":"https:\/\/www.szexshopbelvaros.com\/?post_type=product&#038;p=2028"},"modified":"2026-04-17T12:49:34","modified_gmt":"2026-04-17T10:49:34","slug":"%f0%9f%90%b6-fetch-yourself-some-tail-xl","status":"publish","type":"product","link":"https:\/\/www.szexshopbelvaros.com\/en\/product\/%f0%9f%90%b6-fetch-yourself-some-tail-xl\/","title":{"rendered":"\ud83d\udc36 Fetch Yourself Some Tail XL"},"content":{"rendered":"<p>Fetch Yourself Some Tail XL \u2013 Fetch a tail, not a ball! \u2013 when the leash is more exciting than your boyfriend<\/p>\n<p>Introducing the Fetch Yourself Some Tail XL (Good Boy Plug) \u2013 a realistic, PVC anal or dildo toy measuring 27 cm long and 5.5 -8.2 cm in diameter, that clings to you with suction cups like a dog let loose on the couch. Designed for unisex pleasure, this X-sized tail is sure to invite you to some serious play, whether it\u2019s lone wolf play or submissive role play. Your prostate won\u2019t be left without a reward either \u2013 this dog knows where to take the bone.<\/p>\n<p>Check out our other dildo toys at <a class=\"decorated-link cursor-pointer\" href=\"https:\/\/www.szexshopbelvaros.com\/en\/product-category\/mupeniszek\/\" target=\"_new\" rel=\"noopener\" data-start=\"490\" data-end=\"580\">Sex shop in Belvaros category<\/a><\/p>\n<p>Only discreetly, only at our place: www.szexshopbelvaros.com \u2013 where petting doesn't go to the head.<\/p>","protected":false},"excerpt":{"rendered":"<p>Fetch Yourself Some Tail XL &#8211; Farkat, nem labd\u00e1t dob! \u2013 ha m\u00e1r a p\u00f3r\u00e1z is izgalmasabb a pasidn\u00e1l Bemutatjuk a Fetch Yourself Some Tail XL (J\u00f3fi\u00fa Dug\u00f3t) \u2013 egy val\u00f3s\u00e1gh\u0171, PVC anyagb\u00f3l k\u00e9sz\u00fclt, 27 cm hossz\u00fa \u00e9s 5.5 \u20138.2 cm \u00e1tm\u00e9r\u0151j\u0171 an\u00e1l vagy dild\u00f3 j\u00e1t\u00e9kot, ami tapad\u00f3koronggal kapaszkodik, mint egy kanap\u00e9ra felengedett kutya. Uniszex [&#8230;]\n","protected":false},"featured_media":2142,"comment_status":"closed","ping_status":"closed","template":"","meta":[],"product_brand":[],"product_cat":[174,137,115],"product_tag":[398,1151,289,1147,1145,1109,391,1146,1132,1131,1148,1152,389,2207,2091,1192,1318,2210,1108,1150,287,1154,2211,2208,385,2088,2209,1116,1155,292,1153,1149,2087,1156,2086,644,288,2092,322,220,2089,2094,2206,2205,1144,1137,1136],"class_list":{"0":"post-2028","1":"product","2":"type-product","3":"status-publish","4":"has-post-thumbnail","6":"product_cat-klasszikus-dildok","7":"product_cat-mupeniszek","8":"product_cat-ujdonsagok","9":"product_tag-adult-toy","10":"product_tag-allatos-fantazia-jatekszer","11":"product_tag-allatos-szerepjatek","12":"product_tag-animal-fantasy-dildo","13":"product_tag-canine-dildo","14":"product_tag-classic-dildo","15":"product_tag-dildo","16":"product_tag-dog-penis-dildo","17":"product_tag-erotic-toy","18":"product_tag-erotikus-jatek","19":"product_tag-fantasy-sex-toy","20":"product_tag-fantazia-dildo","21":"product_tag-felnott-jatek","22":"product_tag-friss-erkezes","23":"product_tag-hagyomanyos-dildo","24":"product_tag-intim-jatek","25":"product_tag-intimate-toy","26":"product_tag-just-arrived","27":"product_tag-klasszikus-dildo","28":"product_tag-kutya-penisz-dildo","29":"product_tag-kutyafarok-dildo-jatek","30":"product_tag-kutyapenisz-dildo","31":"product_tag-latest-arrival","32":"product_tag-legujabb-termek","33":"product_tag-mupenisz","34":"product_tag-nem-vibralos-dildo","35":"product_tag-new-product","36":"product_tag-non-vibrating-dildo","37":"product_tag-petplay-anal-plug","38":"product_tag-petplay-dildo","39":"product_tag-petplay-jatekszer","40":"product_tag-petplay-toy","41":"product_tag-pleasure-toy","42":"product_tag-pup-play-toy","43":"product_tag-realista-dildo","44":"product_tag-realistic-dildo","45":"product_tag-roleplay-kutyafules-farok-dugo","46":"product_tag-silicone-dildo","47":"product_tag-szexjatek","48":"product_tag-szexshop-belvaros","49":"product_tag-szilikon-dildo","50":"product_tag-traditional-dildo","51":"product_tag-uj-termek","52":"product_tag-ujdonsag","53":"product_tag-unisex-toy","54":"product_tag-vaginal-use","55":"product_tag-vaginalis-hasznalat","57":"first","58":"instock","59":"taxable","60":"shipping-taxable","61":"purchasable","62":"product-type-simple"},"yoast_head":"<!-- This site is optimized with the Yoast SEO plugin v27.4 - https:\/\/yoast.com\/product\/yoast-seo-wordpress\/ -->\n<title>\ud83d\udc36 Fetch Yourself Some Tail XL Val\u00f3s\u00e1gh\u0171 kutyafarok an\u00e1l j\u00e1t\u00e9k - Szexshop Belvaros<\/title>\n<meta name=\"description\" content=\"Fetch Yourself Some Tail XL \u2013 k\u00f6zepes m\u00e9ret\u0171 kutyafarok an\u00e1l j\u00e1t\u00e9k PVC-b\u0151l, 27 cm hossz, tapad\u00f3koronggal. Diszkr\u00e9t sz\u00e1ll\u00edt\u00e1s szexshopbelvaros.com.\" \/>\n<meta name=\"robots\" content=\"index, follow, max-snippet:-1, max-image-preview:large, max-video-preview:-1\" \/>\n<link rel=\"canonical\" href=\"https:\/\/www.szexshopbelvaros.com\/en\/product\/\ud83d\udc36-fetch-yourself-some-tail-xl\/\" \/>\n<meta property=\"og:locale\" content=\"en_US\" \/>\n<meta property=\"og:type\" content=\"article\" \/>\n<meta property=\"og:title\" content=\"\ud83d\udc36 Fetch Yourself Some Tail XL Val\u00f3s\u00e1gh\u0171 kutyafarok an\u00e1l j\u00e1t\u00e9k - Szexshop Belvaros\" \/>\n<meta property=\"og:description\" content=\"Fetch Yourself Some Tail XL \u2013 k\u00f6zepes m\u00e9ret\u0171 kutyafarok an\u00e1l j\u00e1t\u00e9k PVC-b\u0151l, 27 cm hossz, tapad\u00f3koronggal. Diszkr\u00e9t sz\u00e1ll\u00edt\u00e1s szexshopbelvaros.com.\" \/>\n<meta property=\"og:url\" content=\"https:\/\/www.szexshopbelvaros.com\/en\/product\/\ud83d\udc36-fetch-yourself-some-tail-xl\/\" \/>\n<meta property=\"og:site_name\" content=\"Szexshop Belvaros\" \/>\n<meta property=\"article:publisher\" content=\"https:\/\/www.facebook.com\/belvarossecrets\/\" \/>\n<meta property=\"article:modified_time\" content=\"2026-04-17T10:49:34+00:00\" \/>\n<meta property=\"og:image\" content=\"https:\/\/www.szexshopbelvaros.com\/wp-content\/uploads\/2025\/11\/doggy.png\" \/>\n\t<meta property=\"og:image:width\" content=\"1000\" \/>\n\t<meta property=\"og:image:height\" content=\"563\" \/>\n\t<meta property=\"og:image:type\" content=\"image\/png\" \/>\n<meta name=\"twitter:card\" content=\"summary_large_image\" \/>\n<meta name=\"twitter:site\" content=\"@belvarossecrets\" \/>\n<meta name=\"twitter:label1\" content=\"Est. reading time\" \/>\n\t<meta name=\"twitter:data1\" content=\"1 minute\" \/>\n<script type=\"application\/ld+json\" class=\"yoast-schema-graph\">{\"@context\":\"https:\\\/\\\/schema.org\",\"@graph\":[{\"@type\":\"WebPage\",\"@id\":\"https:\\\/\\\/www.szexshopbelvaros.com\\\/termek\\\/%f0%9f%90%b6-fetch-yourself-some-tail-xl\\\/\",\"url\":\"https:\\\/\\\/www.szexshopbelvaros.com\\\/termek\\\/%f0%9f%90%b6-fetch-yourself-some-tail-xl\\\/\",\"name\":\"\ud83d\udc36 Fetch Yourself Some Tail XL Val\u00f3s\u00e1gh\u0171 kutyafarok an\u00e1l j\u00e1t\u00e9k - Szexshop Belvaros\",\"isPartOf\":{\"@id\":\"https:\\\/\\\/www.szexshopbelvaros.com\\\/#website\"},\"primaryImageOfPage\":{\"@id\":\"https:\\\/\\\/www.szexshopbelvaros.com\\\/termek\\\/%f0%9f%90%b6-fetch-yourself-some-tail-xl\\\/#primaryimage\"},\"image\":{\"@id\":\"https:\\\/\\\/www.szexshopbelvaros.com\\\/termek\\\/%f0%9f%90%b6-fetch-yourself-some-tail-xl\\\/#primaryimage\"},\"thumbnailUrl\":\"https:\\\/\\\/www.szexshopbelvaros.com\\\/wp-content\\\/uploads\\\/2025\\\/11\\\/doggy.png\",\"datePublished\":\"2025-11-07T16:41:47+00:00\",\"dateModified\":\"2026-04-17T10:49:34+00:00\",\"description\":\"Fetch Yourself Some Tail XL \u2013 k\u00f6zepes m\u00e9ret\u0171 kutyafarok an\u00e1l j\u00e1t\u00e9k PVC-b\u0151l, 27 cm hossz, tapad\u00f3koronggal. Diszkr\u00e9t sz\u00e1ll\u00edt\u00e1s szexshopbelvaros.com.\",\"breadcrumb\":{\"@id\":\"https:\\\/\\\/www.szexshopbelvaros.com\\\/termek\\\/%f0%9f%90%b6-fetch-yourself-some-tail-xl\\\/#breadcrumb\"},\"inLanguage\":\"en-US\",\"potentialAction\":[{\"@type\":\"ReadAction\",\"target\":[\"https:\\\/\\\/www.szexshopbelvaros.com\\\/termek\\\/%f0%9f%90%b6-fetch-yourself-some-tail-xl\\\/\"]}]},{\"@type\":\"ImageObject\",\"inLanguage\":\"en-US\",\"@id\":\"https:\\\/\\\/www.szexshopbelvaros.com\\\/termek\\\/%f0%9f%90%b6-fetch-yourself-some-tail-xl\\\/#primaryimage\",\"url\":\"https:\\\/\\\/www.szexshopbelvaros.com\\\/wp-content\\\/uploads\\\/2025\\\/11\\\/doggy.png\",\"contentUrl\":\"https:\\\/\\\/www.szexshopbelvaros.com\\\/wp-content\\\/uploads\\\/2025\\\/11\\\/doggy.png\",\"width\":1000,\"height\":563},{\"@type\":\"BreadcrumbList\",\"@id\":\"https:\\\/\\\/www.szexshopbelvaros.com\\\/termek\\\/%f0%9f%90%b6-fetch-yourself-some-tail-xl\\\/#breadcrumb\",\"itemListElement\":[{\"@type\":\"ListItem\",\"position\":1,\"name\":\"Home\",\"item\":\"https:\\\/\\\/www.szexshopbelvaros.com\\\/\"},{\"@type\":\"ListItem\",\"position\":2,\"name\":\"\u00c1ruh\u00e1z\",\"item\":\"https:\\\/\\\/www.szexshopbelvaros.com\\\/uzlet\\\/\"},{\"@type\":\"ListItem\",\"position\":3,\"name\":\"\ud83d\udc36 Fetch Yourself Some Tail XL\"}]},{\"@type\":\"WebSite\",\"@id\":\"https:\\\/\\\/www.szexshopbelvaros.com\\\/#website\",\"url\":\"https:\\\/\\\/www.szexshopbelvaros.com\\\/\",\"name\":\"Szexshop Belv\u00e1ros\",\"description\":\"\ud83d\udd25 A szex olyan, mint a p\u00e9nz; csak a t\u00fal sok el\u00e9g!\u2122 Titkok a belv\u00e1rosb\u00f3l \ud83d\udc8b | Secrets from Budapest \ud83d\udc8e Feln\u0151tt j\u00e1t\u00e9kok \u2022 Erotika \u2022 Szexshop Belvaros\",\"publisher\":{\"@id\":\"https:\\\/\\\/www.szexshopbelvaros.com\\\/#organization\"},\"potentialAction\":[{\"@type\":\"SearchAction\",\"target\":{\"@type\":\"EntryPoint\",\"urlTemplate\":\"https:\\\/\\\/www.szexshopbelvaros.com\\\/?s={search_term_string}\"},\"query-input\":{\"@type\":\"PropertyValueSpecification\",\"valueRequired\":true,\"valueName\":\"search_term_string\"}}],\"inLanguage\":\"en-US\"},{\"@type\":\"Organization\",\"@id\":\"https:\\\/\\\/www.szexshopbelvaros.com\\\/#organization\",\"name\":\"Szexshop Belv\u00e1ros\",\"alternateName\":\"szexshopbelvaros.com\",\"url\":\"https:\\\/\\\/www.szexshopbelvaros.com\\\/\",\"logo\":{\"@type\":\"ImageObject\",\"inLanguage\":\"en-US\",\"@id\":\"https:\\\/\\\/www.szexshopbelvaros.com\\\/#\\\/schema\\\/logo\\\/image\\\/\",\"url\":\"https:\\\/\\\/www.szexshopbelvaros.com\\\/wp-content\\\/uploads\\\/2025\\\/09\\\/1Szexshopbelvaroslogo_blurred_stronger.jpg\",\"contentUrl\":\"https:\\\/\\\/www.szexshopbelvaros.com\\\/wp-content\\\/uploads\\\/2025\\\/09\\\/1Szexshopbelvaroslogo_blurred_stronger.jpg\",\"width\":1024,\"height\":1024,\"caption\":\"Szexshop Belv\u00e1ros\"},\"image\":{\"@id\":\"https:\\\/\\\/www.szexshopbelvaros.com\\\/#\\\/schema\\\/logo\\\/image\\\/\"},\"sameAs\":[\"https:\\\/\\\/www.facebook.com\\\/belvarossecrets\\\/\",\"https:\\\/\\\/x.com\\\/belvarossecrets\",\"https:\\\/\\\/www.instagram.com\\\/belvarossecrets\\\/\",\"https:\\\/\\\/www.tiktok.com\\\/@belvarossecrets\"]}]}<\/script>\n<!-- \/ Yoast SEO plugin. -->","yoast_head_json":{"title":"\ud83d\udc36 Fetch Yourself Some Tail XL Realistic Dog Tail Anal Toy - Szexshop Belvaros","description":"Fetch Yourself Some Tail XL \u2013 medium-sized dog tail anal toy made of PVC, 27 cm long, with suction cup. Discreet delivery szexshopbelvaros.com.","robots":{"index":"index","follow":"follow","max-snippet":"max-snippet:-1","max-image-preview":"max-image-preview:large","max-video-preview":"max-video-preview:-1"},"canonical":"https:\/\/www.szexshopbelvaros.com\/en\/product\/\ud83d\udc36-fetch-yourself-some-tail-xl\/","og_locale":"en_US","og_type":"article","og_title":"\ud83d\udc36 Fetch Yourself Some Tail XL Val\u00f3s\u00e1gh\u0171 kutyafarok an\u00e1l j\u00e1t\u00e9k - Szexshop Belvaros","og_description":"Fetch Yourself Some Tail XL \u2013 k\u00f6zepes m\u00e9ret\u0171 kutyafarok an\u00e1l j\u00e1t\u00e9k PVC-b\u0151l, 27 cm hossz, tapad\u00f3koronggal. Diszkr\u00e9t sz\u00e1ll\u00edt\u00e1s szexshopbelvaros.com.","og_url":"https:\/\/www.szexshopbelvaros.com\/en\/product\/\ud83d\udc36-fetch-yourself-some-tail-xl\/","og_site_name":"Szexshop Belvaros","article_publisher":"https:\/\/www.facebook.com\/belvarossecrets\/","article_modified_time":"2026-04-17T10:49:34+00:00","og_image":[{"width":1000,"height":563,"url":"https:\/\/www.szexshopbelvaros.com\/wp-content\/uploads\/2025\/11\/doggy.png","type":"image\/png"}],"twitter_card":"summary_large_image","twitter_site":"@belvarossecrets","twitter_misc":{"Est. reading time":"1 minute"},"schema":{"@context":"https:\/\/schema.org","@graph":[{"@type":"WebPage","@id":"https:\/\/www.szexshopbelvaros.com\/termek\/%f0%9f%90%b6-fetch-yourself-some-tail-xl\/","url":"https:\/\/www.szexshopbelvaros.com\/termek\/%f0%9f%90%b6-fetch-yourself-some-tail-xl\/","name":"\ud83d\udc36 Fetch Yourself Some Tail XL Realistic Dog Tail Anal Toy - Szexshop Belvaros","isPartOf":{"@id":"https:\/\/www.szexshopbelvaros.com\/#website"},"primaryImageOfPage":{"@id":"https:\/\/www.szexshopbelvaros.com\/termek\/%f0%9f%90%b6-fetch-yourself-some-tail-xl\/#primaryimage"},"image":{"@id":"https:\/\/www.szexshopbelvaros.com\/termek\/%f0%9f%90%b6-fetch-yourself-some-tail-xl\/#primaryimage"},"thumbnailUrl":"https:\/\/www.szexshopbelvaros.com\/wp-content\/uploads\/2025\/11\/doggy.png","datePublished":"2025-11-07T16:41:47+00:00","dateModified":"2026-04-17T10:49:34+00:00","description":"Fetch Yourself Some Tail XL \u2013 medium-sized dog tail anal toy made of PVC, 27 cm long, with suction cup. Discreet delivery szexshopbelvaros.com.","breadcrumb":{"@id":"https:\/\/www.szexshopbelvaros.com\/termek\/%f0%9f%90%b6-fetch-yourself-some-tail-xl\/#breadcrumb"},"inLanguage":"en-US","potentialAction":[{"@type":"ReadAction","target":["https:\/\/www.szexshopbelvaros.com\/termek\/%f0%9f%90%b6-fetch-yourself-some-tail-xl\/"]}]},{"@type":"ImageObject","inLanguage":"en-US","@id":"https:\/\/www.szexshopbelvaros.com\/termek\/%f0%9f%90%b6-fetch-yourself-some-tail-xl\/#primaryimage","url":"https:\/\/www.szexshopbelvaros.com\/wp-content\/uploads\/2025\/11\/doggy.png","contentUrl":"https:\/\/www.szexshopbelvaros.com\/wp-content\/uploads\/2025\/11\/doggy.png","width":1000,"height":563},{"@type":"BreadcrumbList","@id":"https:\/\/www.szexshopbelvaros.com\/termek\/%f0%9f%90%b6-fetch-yourself-some-tail-xl\/#breadcrumb","itemListElement":[{"@type":"ListItem","position":1,"name":"Home","item":"https:\/\/www.szexshopbelvaros.com\/"},{"@type":"ListItem","position":2,"name":"\u00c1ruh\u00e1z","item":"https:\/\/www.szexshopbelvaros.com\/uzlet\/"},{"@type":"ListItem","position":3,"name":"\ud83d\udc36 Fetch Yourself Some Tail XL"}]},{"@type":"WebSite","@id":"https:\/\/www.szexshopbelvaros.com\/#website","url":"https:\/\/www.szexshopbelvaros.com\/","name":"at our Szexshop Belv\u00e1ros","description":"\ud83d\udd25 Sex is like money; only too much is enough!\u2122 Secrets from the city center \ud83d\udc8b | Secrets from Budapest \ud83d\udc8e Adult games \u2022 Erotica \u2022 Sex shop Belvaros","publisher":{"@id":"https:\/\/www.szexshopbelvaros.com\/#organization"},"potentialAction":[{"@type":"SearchAction","target":{"@type":"EntryPoint","urlTemplate":"https:\/\/www.szexshopbelvaros.com\/?s={search_term_string}"},"query-input":{"@type":"PropertyValueSpecification","valueRequired":true,"valueName":"search_term_string"}}],"inLanguage":"en-US"},{"@type":"Organization","@id":"https:\/\/www.szexshopbelvaros.com\/#organization","name":"at our Szexshop Belv\u00e1ros","alternateName":"szexshopbelvaros.com","url":"https:\/\/www.szexshopbelvaros.com\/","logo":{"@type":"ImageObject","inLanguage":"en-US","@id":"https:\/\/www.szexshopbelvaros.com\/#\/schema\/logo\/image\/","url":"https:\/\/www.szexshopbelvaros.com\/wp-content\/uploads\/2025\/09\/1Szexshopbelvaroslogo_blurred_stronger.jpg","contentUrl":"https:\/\/www.szexshopbelvaros.com\/wp-content\/uploads\/2025\/09\/1Szexshopbelvaroslogo_blurred_stronger.jpg","width":1024,"height":1024,"caption":"Szexshop Belv\u00e1ros"},"image":{"@id":"https:\/\/www.szexshopbelvaros.com\/#\/schema\/logo\/image\/"},"sameAs":["https:\/\/www.facebook.com\/belvarossecrets\/","https:\/\/x.com\/belvarossecrets","https:\/\/www.instagram.com\/belvarossecrets\/","https:\/\/www.tiktok.com\/@belvarossecrets"]}]}},"_links":{"self":[{"href":"https:\/\/www.szexshopbelvaros.com\/en\/wp-json\/wp\/v2\/product\/2028","targetHints":{"allow":["GET"]}}],"collection":[{"href":"https:\/\/www.szexshopbelvaros.com\/en\/wp-json\/wp\/v2\/product"}],"about":[{"href":"https:\/\/www.szexshopbelvaros.com\/en\/wp-json\/wp\/v2\/types\/product"}],"replies":[{"embeddable":true,"href":"https:\/\/www.szexshopbelvaros.com\/en\/wp-json\/wp\/v2\/comments?post=2028"}],"wp:featuredmedia":[{"embeddable":true,"href":"https:\/\/www.szexshopbelvaros.com\/en\/wp-json\/wp\/v2\/media\/2142"}],"wp:attachment":[{"href":"https:\/\/www.szexshopbelvaros.com\/en\/wp-json\/wp\/v2\/media?parent=2028"}],"wp:term":[{"taxonomy":"product_brand","embeddable":true,"href":"https:\/\/www.szexshopbelvaros.com\/en\/wp-json\/wp\/v2\/product_brand?post=2028"},{"taxonomy":"product_cat","embeddable":true,"href":"https:\/\/www.szexshopbelvaros.com\/en\/wp-json\/wp\/v2\/product_cat?post=2028"},{"taxonomy":"product_tag","embeddable":true,"href":"https:\/\/www.szexshopbelvaros.com\/en\/wp-json\/wp\/v2\/product_tag?post=2028"}],"curies":[{"name":"wp","href":"https:\/\/api.w.org\/{rel}","templated":true}]}}