{"id":2033,"date":"2025-11-08T16:57:21","date_gmt":"2025-11-08T15:57:21","guid":{"rendered":"https:\/\/www.szexshopbelvaros.com\/?post_type=product&#038;p=2033"},"modified":"2026-04-10T14:00:24","modified_gmt":"2026-04-10T12:00:24","slug":"%f0%9f%8d%86-blackout-banger-mupenisz-dildo","status":"publish","type":"product","link":"https:\/\/www.szexshopbelvaros.com\/en\/product\/%f0%9f%8d%86-blackout-banger-mupenisz-dildo\/","title":{"rendered":"\ud83c\udf46 Blackout Banger Vibrating Dildo \u2013 Black and Brutal"},"content":{"rendered":"<p data-start=\"262\" data-end=\"322\">\ud83d\udd25 <strong data-start=\"697\" data-end=\"737\">Blackout Banger vibrating dildo,<\/strong> \u2013 the black experience that takes everything.<\/p>\n<p data-start=\"324\" data-end=\"782\">Our <strong data-start=\"326\" data-end=\"369\">Blackout Banger vibrating dildo, <\/strong>it's black, brutal, and it'll drive you crazy.<br data-start=\"406\" data-end=\"409\" \/>This 9\u2033 REAL SOFTEE rechargeable dildo that also doubles as a vibrator doesn&#039;t ask, it just pushes.<br data-start=\"489\" data-end=\"492\" \/>It is 22.6 cm long, 4.8 cm thick, sturdy, waterproof, and made of lifelike black material.<br data-start=\"573\" data-end=\"576\" \/>Its soft, flexible shaft and plump, veined body hit exactly where it needs to.<br data-start=\"648\" data-end=\"651\" \/>With 10 vibration functions, every vibration counts, and the rechargeable battery guarantees...,<br data-start=\"747\" data-end=\"750\" \/>so that it never runs out of energy \u2014 only you.<\/p>\n<p data-start=\"784\" data-end=\"951\">This dildo is not only big in size, but also in performance. If you can handle the intense black pleasure, this is the<strong data-start=\"892\" data-end=\"935\">\u00a0dildo<\/strong>\u00a0for you!<\/p>\n<p data-start=\"953\" data-end=\"1089\">\ud83d\udca5 <strong data-start=\"956\" data-end=\"1059\">Look at all the <a class=\"decorated-link cursor-pointer\" href=\"https:\/\/www.szexshopbelvaros.com\/en\/product-category\/mupeniszek\/\" target=\"_new\" rel=\"noopener\" data-start=\"969\" data-end=\"1057\">dildos we offer<\/a><\/strong> \u2013 because one is not always enough!<\/p>\n<p data-start=\"1091\" data-end=\"1217\">\ud83c\udf36\ufe0f <strong data-start=\"1095\" data-end=\"1170\">Order now at www.<a class=\"decorated-link\" href=\"https:\/\/www.szexshopbelvaros.com\/en\/\" target=\"_new\" rel=\"noopener\" data-start=\"1116\" data-end=\"1168\">szexshopbelvaros<\/a>.com<\/strong> from the offer or <a href=\"https:\/\/wolt.com\/hu\/hun\/budapest\/venue\/szexshop-belvaros\">szexshop belv\u00e1ros<\/a> from Wolt store \u2013 if you can handle the big black pleasure!<\/p>","protected":false},"excerpt":{"rendered":"<p>\ud83d\udd25 Blackout Banger rezg\u0151 m\u0171p\u00e9nisz dild\u00f3 \u2013 a fekete \u00e9lm\u00e9ny, ami mindent visz. A Blackout Banger rezg\u0151 m\u0171p\u00e9nisz dild\u00f3 fekete, brut\u00e1l, \u00e9s elveszi az eszed.Ez a 9&#8243; REAL SOFTEE \u00fajrat\u00f6lthet\u0151 m\u0171p\u00e9nisz ami vibr\u00e1tor is, nem k\u00e9rdez, csak tol.22,6 cm hossz\u00fa, 4,8 cm vastag, her\u00e9s, v\u00edz\u00e1ll\u00f3, \u00e9s \u00e9leth\u0171 fekete anyagb\u00f3l k\u00e9sz\u00fclt.Puha, hajl\u00e9kony sz\u00e1ra \u00e9s duci, erezett [&#8230;]\n","protected":false},"featured_media":2035,"comment_status":"closed","ping_status":"closed","template":"","meta":[],"product_brand":[82],"product_cat":[137,173],"product_tag":[398,391,2096,389,1192,1318,2099,385,2087,2098,2086,644,637,322,220,1158,2095,392,2097],"class_list":{"0":"post-2033","1":"product","2":"type-product","3":"status-publish","4":"has-post-thumbnail","6":"product_brand-lovetoy","7":"product_cat-mupeniszek","8":"product_cat-rezgo-dildok","9":"product_tag-adult-toy","10":"product_tag-dildo","11":"product_tag-eros-vibrator","12":"product_tag-felnott-jatek","13":"product_tag-intim-jatek","14":"product_tag-intimate-toy","15":"product_tag-motorized-dildo","16":"product_tag-mupenisz","17":"product_tag-pleasure-toy","18":"product_tag-powerful-vibrator","19":"product_tag-realista-dildo","20":"product_tag-realistic-dildo","21":"product_tag-rezgo-dildo","22":"product_tag-szexjatek","23":"product_tag-szexshop-belvaros","24":"product_tag-vibracios-dildo","25":"product_tag-vibralos-dildo","26":"product_tag-vibrating-dildo","27":"product_tag-vibration-dildo","29":"first","30":"instock","31":"taxable","32":"shipping-taxable","33":"purchasable","34":"product-type-simple"},"yoast_head":"<!-- This site is optimized with the Yoast SEO plugin v27.5 - https:\/\/yoast.com\/product\/yoast-seo-wordpress\/ -->\n<title>\ud83c\udf46 Blackout Banger Rezg\u0151 M\u0171p\u00e9nisz Dild\u00f3 - Fekete \u00e9s Brut\u00e1l - Szexshop Belvaros<\/title>\n<meta name=\"description\" content=\"A Blackout Banger rezg\u0151 m\u0171p\u00e9nisz dild\u00f3 brut\u00e1lis fekete \u00e9lm\u00e9nyt ad \u2013 v\u00edz\u00e1ll\u00f3, \u00e9leth\u0171 \u00e9s \u00fajrat\u00f6lthet\u0151. Fedezd fel most a Szexshop Belvaros k\u00edn\u00e1lat\u00e1ban!\" \/>\n<meta name=\"robots\" content=\"index, follow, max-snippet:-1, max-image-preview:large, max-video-preview:-1\" \/>\n<link rel=\"canonical\" href=\"https:\/\/www.szexshopbelvaros.com\/en\/product\/\ud83c\udf46-blackout-banger-mupenisz-dildo\/\" \/>\n<meta property=\"og:locale\" content=\"en_US\" \/>\n<meta property=\"og:type\" content=\"article\" \/>\n<meta property=\"og:title\" content=\"\ud83c\udf46 Blackout Banger Rezg\u0151 M\u0171p\u00e9nisz Dild\u00f3 - Fekete \u00e9s Brut\u00e1l - Szexshop Belvaros\" \/>\n<meta property=\"og:description\" content=\"A Blackout Banger rezg\u0151 m\u0171p\u00e9nisz dild\u00f3 brut\u00e1lis fekete \u00e9lm\u00e9nyt ad \u2013 v\u00edz\u00e1ll\u00f3, \u00e9leth\u0171 \u00e9s \u00fajrat\u00f6lthet\u0151. Fedezd fel most a Szexshop Belvaros k\u00edn\u00e1lat\u00e1ban!\" \/>\n<meta property=\"og:url\" content=\"https:\/\/www.szexshopbelvaros.com\/en\/product\/\ud83c\udf46-blackout-banger-mupenisz-dildo\/\" \/>\n<meta property=\"og:site_name\" content=\"Szexshop Belvaros\" \/>\n<meta property=\"article:publisher\" content=\"https:\/\/www.facebook.com\/belvarossecrets\/\" \/>\n<meta property=\"article:modified_time\" content=\"2026-04-10T12:00:24+00:00\" \/>\n<meta property=\"og:image\" content=\"https:\/\/www.szexshopbelvaros.com\/wp-content\/uploads\/2025\/11\/Screenshot-2025-11-08-at-16.11.49-1.png\" \/>\n\t<meta property=\"og:image:width\" content=\"1000\" \/>\n\t<meta property=\"og:image:height\" content=\"1032\" \/>\n\t<meta property=\"og:image:type\" content=\"image\/png\" \/>\n<meta name=\"twitter:card\" content=\"summary_large_image\" \/>\n<meta name=\"twitter:site\" content=\"@belvarossecrets\" \/>\n<meta name=\"twitter:label1\" content=\"Est. reading time\" \/>\n\t<meta name=\"twitter:data1\" content=\"1 minute\" \/>\n<script type=\"application\/ld+json\" class=\"yoast-schema-graph\">{\"@context\":\"https:\\\/\\\/schema.org\",\"@graph\":[{\"@type\":\"WebPage\",\"@id\":\"https:\\\/\\\/www.szexshopbelvaros.com\\\/termek\\\/%f0%9f%8d%86-blackout-banger-mupenisz-dildo\\\/\",\"url\":\"https:\\\/\\\/www.szexshopbelvaros.com\\\/termek\\\/%f0%9f%8d%86-blackout-banger-mupenisz-dildo\\\/\",\"name\":\"\ud83c\udf46 Blackout Banger Rezg\u0151 M\u0171p\u00e9nisz Dild\u00f3 - Fekete \u00e9s Brut\u00e1l - Szexshop Belvaros\",\"isPartOf\":{\"@id\":\"https:\\\/\\\/www.szexshopbelvaros.com\\\/#website\"},\"primaryImageOfPage\":{\"@id\":\"https:\\\/\\\/www.szexshopbelvaros.com\\\/termek\\\/%f0%9f%8d%86-blackout-banger-mupenisz-dildo\\\/#primaryimage\"},\"image\":{\"@id\":\"https:\\\/\\\/www.szexshopbelvaros.com\\\/termek\\\/%f0%9f%8d%86-blackout-banger-mupenisz-dildo\\\/#primaryimage\"},\"thumbnailUrl\":\"https:\\\/\\\/www.szexshopbelvaros.com\\\/wp-content\\\/uploads\\\/2025\\\/11\\\/Screenshot-2025-11-08-at-16.11.49-1.png\",\"datePublished\":\"2025-11-08T15:57:21+00:00\",\"dateModified\":\"2026-04-10T12:00:24+00:00\",\"description\":\"A Blackout Banger rezg\u0151 m\u0171p\u00e9nisz dild\u00f3 brut\u00e1lis fekete \u00e9lm\u00e9nyt ad \u2013 v\u00edz\u00e1ll\u00f3, \u00e9leth\u0171 \u00e9s \u00fajrat\u00f6lthet\u0151. Fedezd fel most a Szexshop Belvaros k\u00edn\u00e1lat\u00e1ban!\",\"breadcrumb\":{\"@id\":\"https:\\\/\\\/www.szexshopbelvaros.com\\\/termek\\\/%f0%9f%8d%86-blackout-banger-mupenisz-dildo\\\/#breadcrumb\"},\"inLanguage\":\"en-US\",\"potentialAction\":[{\"@type\":\"ReadAction\",\"target\":[\"https:\\\/\\\/www.szexshopbelvaros.com\\\/termek\\\/%f0%9f%8d%86-blackout-banger-mupenisz-dildo\\\/\"]}]},{\"@type\":\"ImageObject\",\"inLanguage\":\"en-US\",\"@id\":\"https:\\\/\\\/www.szexshopbelvaros.com\\\/termek\\\/%f0%9f%8d%86-blackout-banger-mupenisz-dildo\\\/#primaryimage\",\"url\":\"https:\\\/\\\/www.szexshopbelvaros.com\\\/wp-content\\\/uploads\\\/2025\\\/11\\\/Screenshot-2025-11-08-at-16.11.49-1.png\",\"contentUrl\":\"https:\\\/\\\/www.szexshopbelvaros.com\\\/wp-content\\\/uploads\\\/2025\\\/11\\\/Screenshot-2025-11-08-at-16.11.49-1.png\",\"width\":1000,\"height\":1032,\"caption\":\"Blackout Banger fekete realisztikus vibr\u00e1tor doboz\u00e1val Blackout Banger realistic black vibrator with packaging\"},{\"@type\":\"BreadcrumbList\",\"@id\":\"https:\\\/\\\/www.szexshopbelvaros.com\\\/termek\\\/%f0%9f%8d%86-blackout-banger-mupenisz-dildo\\\/#breadcrumb\",\"itemListElement\":[{\"@type\":\"ListItem\",\"position\":1,\"name\":\"Home\",\"item\":\"https:\\\/\\\/www.szexshopbelvaros.com\\\/\"},{\"@type\":\"ListItem\",\"position\":2,\"name\":\"\u00c1ruh\u00e1z\",\"item\":\"https:\\\/\\\/www.szexshopbelvaros.com\\\/uzlet\\\/\"},{\"@type\":\"ListItem\",\"position\":3,\"name\":\"\ud83c\udf46 Blackout Banger Rezg\u0151 M\u0171p\u00e9nisz Dild\u00f3 &#8211; Fekete \u00e9s Brut\u00e1l\"}]},{\"@type\":\"WebSite\",\"@id\":\"https:\\\/\\\/www.szexshopbelvaros.com\\\/#website\",\"url\":\"https:\\\/\\\/www.szexshopbelvaros.com\\\/\",\"name\":\"Szexshop Belv\u00e1ros\",\"description\":\"\ud83d\udd25 A szex olyan, mint a p\u00e9nz; csak a t\u00fal sok el\u00e9g!\u2122 Titkok a belv\u00e1rosb\u00f3l \ud83d\udc8b | Secrets from Budapest \ud83d\udc8e Feln\u0151tt j\u00e1t\u00e9kok \u2022 Erotika \u2022 Szexshop Belvaros\",\"publisher\":{\"@id\":\"https:\\\/\\\/www.szexshopbelvaros.com\\\/#organization\"},\"potentialAction\":[{\"@type\":\"SearchAction\",\"target\":{\"@type\":\"EntryPoint\",\"urlTemplate\":\"https:\\\/\\\/www.szexshopbelvaros.com\\\/?s={search_term_string}\"},\"query-input\":{\"@type\":\"PropertyValueSpecification\",\"valueRequired\":true,\"valueName\":\"search_term_string\"}}],\"inLanguage\":\"en-US\"},{\"@type\":\"Organization\",\"@id\":\"https:\\\/\\\/www.szexshopbelvaros.com\\\/#organization\",\"name\":\"Szexshop Belv\u00e1ros\",\"alternateName\":\"szexshopbelvaros.com\",\"url\":\"https:\\\/\\\/www.szexshopbelvaros.com\\\/\",\"logo\":{\"@type\":\"ImageObject\",\"inLanguage\":\"en-US\",\"@id\":\"https:\\\/\\\/www.szexshopbelvaros.com\\\/#\\\/schema\\\/logo\\\/image\\\/\",\"url\":\"https:\\\/\\\/www.szexshopbelvaros.com\\\/wp-content\\\/uploads\\\/2025\\\/09\\\/1Szexshopbelvaroslogo_blurred_stronger.jpg\",\"contentUrl\":\"https:\\\/\\\/www.szexshopbelvaros.com\\\/wp-content\\\/uploads\\\/2025\\\/09\\\/1Szexshopbelvaroslogo_blurred_stronger.jpg\",\"width\":1024,\"height\":1024,\"caption\":\"Szexshop Belv\u00e1ros\"},\"image\":{\"@id\":\"https:\\\/\\\/www.szexshopbelvaros.com\\\/#\\\/schema\\\/logo\\\/image\\\/\"},\"sameAs\":[\"https:\\\/\\\/www.facebook.com\\\/belvarossecrets\\\/\",\"https:\\\/\\\/x.com\\\/belvarossecrets\",\"https:\\\/\\\/www.instagram.com\\\/belvarossecrets\\\/\",\"https:\\\/\\\/www.tiktok.com\\\/@belvarossecrets\"]}]}<\/script>\n<!-- \/ Yoast SEO plugin. -->","yoast_head_json":{"title":"\ud83c\udf46 Blackout Banger Vibrating Dildo - Black and Brutal - Sexshop Belvaros","description":"The Blackout Banger vibrating dildo gives you a brutal black experience - waterproof, lifelike and rechargeable. Discover it now in the Szexshop Belvaros range!","robots":{"index":"index","follow":"follow","max-snippet":"max-snippet:-1","max-image-preview":"max-image-preview:large","max-video-preview":"max-video-preview:-1"},"canonical":"https:\/\/www.szexshopbelvaros.com\/en\/product\/\ud83c\udf46-blackout-banger-mupenisz-dildo\/","og_locale":"en_US","og_type":"article","og_title":"\ud83c\udf46 Blackout Banger Rezg\u0151 M\u0171p\u00e9nisz Dild\u00f3 - Fekete \u00e9s Brut\u00e1l - Szexshop Belvaros","og_description":"A Blackout Banger rezg\u0151 m\u0171p\u00e9nisz dild\u00f3 brut\u00e1lis fekete \u00e9lm\u00e9nyt ad \u2013 v\u00edz\u00e1ll\u00f3, \u00e9leth\u0171 \u00e9s \u00fajrat\u00f6lthet\u0151. Fedezd fel most a Szexshop Belvaros k\u00edn\u00e1lat\u00e1ban!","og_url":"https:\/\/www.szexshopbelvaros.com\/en\/product\/\ud83c\udf46-blackout-banger-mupenisz-dildo\/","og_site_name":"Szexshop Belvaros","article_publisher":"https:\/\/www.facebook.com\/belvarossecrets\/","article_modified_time":"2026-04-10T12:00:24+00:00","og_image":[{"width":1000,"height":1032,"url":"https:\/\/www.szexshopbelvaros.com\/wp-content\/uploads\/2025\/11\/Screenshot-2025-11-08-at-16.11.49-1.png","type":"image\/png"}],"twitter_card":"summary_large_image","twitter_site":"@belvarossecrets","twitter_misc":{"Est. reading time":"1 minute"},"schema":{"@context":"https:\/\/schema.org","@graph":[{"@type":"WebPage","@id":"https:\/\/www.szexshopbelvaros.com\/termek\/%f0%9f%8d%86-blackout-banger-mupenisz-dildo\/","url":"https:\/\/www.szexshopbelvaros.com\/termek\/%f0%9f%8d%86-blackout-banger-mupenisz-dildo\/","name":"\ud83c\udf46 Blackout Banger Vibrating Dildo - Black and Brutal - Sexshop Belvaros","isPartOf":{"@id":"https:\/\/www.szexshopbelvaros.com\/#website"},"primaryImageOfPage":{"@id":"https:\/\/www.szexshopbelvaros.com\/termek\/%f0%9f%8d%86-blackout-banger-mupenisz-dildo\/#primaryimage"},"image":{"@id":"https:\/\/www.szexshopbelvaros.com\/termek\/%f0%9f%8d%86-blackout-banger-mupenisz-dildo\/#primaryimage"},"thumbnailUrl":"https:\/\/www.szexshopbelvaros.com\/wp-content\/uploads\/2025\/11\/Screenshot-2025-11-08-at-16.11.49-1.png","datePublished":"2025-11-08T15:57:21+00:00","dateModified":"2026-04-10T12:00:24+00:00","description":"The Blackout Banger vibrating dildo gives you a brutal black experience - waterproof, lifelike and rechargeable. Discover it now in the Szexshop Belvaros range!","breadcrumb":{"@id":"https:\/\/www.szexshopbelvaros.com\/termek\/%f0%9f%8d%86-blackout-banger-mupenisz-dildo\/#breadcrumb"},"inLanguage":"en-US","potentialAction":[{"@type":"ReadAction","target":["https:\/\/www.szexshopbelvaros.com\/termek\/%f0%9f%8d%86-blackout-banger-mupenisz-dildo\/"]}]},{"@type":"ImageObject","inLanguage":"en-US","@id":"https:\/\/www.szexshopbelvaros.com\/termek\/%f0%9f%8d%86-blackout-banger-mupenisz-dildo\/#primaryimage","url":"https:\/\/www.szexshopbelvaros.com\/wp-content\/uploads\/2025\/11\/Screenshot-2025-11-08-at-16.11.49-1.png","contentUrl":"https:\/\/www.szexshopbelvaros.com\/wp-content\/uploads\/2025\/11\/Screenshot-2025-11-08-at-16.11.49-1.png","width":1000,"height":1032,"caption":"Blackout Banger fekete realisztikus vibr\u00e1tor doboz\u00e1val Blackout Banger realistic black vibrator with packaging"},{"@type":"BreadcrumbList","@id":"https:\/\/www.szexshopbelvaros.com\/termek\/%f0%9f%8d%86-blackout-banger-mupenisz-dildo\/#breadcrumb","itemListElement":[{"@type":"ListItem","position":1,"name":"Home","item":"https:\/\/www.szexshopbelvaros.com\/"},{"@type":"ListItem","position":2,"name":"\u00c1ruh\u00e1z","item":"https:\/\/www.szexshopbelvaros.com\/uzlet\/"},{"@type":"ListItem","position":3,"name":"\ud83c\udf46 Blackout Banger Rezg\u0151 M\u0171p\u00e9nisz Dild\u00f3 &#8211; Fekete \u00e9s Brut\u00e1l"}]},{"@type":"WebSite","@id":"https:\/\/www.szexshopbelvaros.com\/#website","url":"https:\/\/www.szexshopbelvaros.com\/","name":"at our Szexshop Belv\u00e1ros","description":"\ud83d\udd25 Sex is like money; only too much is enough!\u2122 Secrets from the city center \ud83d\udc8b | Secrets from Budapest \ud83d\udc8e Adult games \u2022 Erotica \u2022 Sex shop Belvaros","publisher":{"@id":"https:\/\/www.szexshopbelvaros.com\/#organization"},"potentialAction":[{"@type":"SearchAction","target":{"@type":"EntryPoint","urlTemplate":"https:\/\/www.szexshopbelvaros.com\/?s={search_term_string}"},"query-input":{"@type":"PropertyValueSpecification","valueRequired":true,"valueName":"search_term_string"}}],"inLanguage":"en-US"},{"@type":"Organization","@id":"https:\/\/www.szexshopbelvaros.com\/#organization","name":"at our Szexshop Belv\u00e1ros","alternateName":"szexshopbelvaros.com","url":"https:\/\/www.szexshopbelvaros.com\/","logo":{"@type":"ImageObject","inLanguage":"en-US","@id":"https:\/\/www.szexshopbelvaros.com\/#\/schema\/logo\/image\/","url":"https:\/\/www.szexshopbelvaros.com\/wp-content\/uploads\/2025\/09\/1Szexshopbelvaroslogo_blurred_stronger.jpg","contentUrl":"https:\/\/www.szexshopbelvaros.com\/wp-content\/uploads\/2025\/09\/1Szexshopbelvaroslogo_blurred_stronger.jpg","width":1024,"height":1024,"caption":"Szexshop Belv\u00e1ros"},"image":{"@id":"https:\/\/www.szexshopbelvaros.com\/#\/schema\/logo\/image\/"},"sameAs":["https:\/\/www.facebook.com\/belvarossecrets\/","https:\/\/x.com\/belvarossecrets","https:\/\/www.instagram.com\/belvarossecrets\/","https:\/\/www.tiktok.com\/@belvarossecrets"]}]}},"_links":{"self":[{"href":"https:\/\/www.szexshopbelvaros.com\/en\/wp-json\/wp\/v2\/product\/2033","targetHints":{"allow":["GET"]}}],"collection":[{"href":"https:\/\/www.szexshopbelvaros.com\/en\/wp-json\/wp\/v2\/product"}],"about":[{"href":"https:\/\/www.szexshopbelvaros.com\/en\/wp-json\/wp\/v2\/types\/product"}],"replies":[{"embeddable":true,"href":"https:\/\/www.szexshopbelvaros.com\/en\/wp-json\/wp\/v2\/comments?post=2033"}],"wp:featuredmedia":[{"embeddable":true,"href":"https:\/\/www.szexshopbelvaros.com\/en\/wp-json\/wp\/v2\/media\/2035"}],"wp:attachment":[{"href":"https:\/\/www.szexshopbelvaros.com\/en\/wp-json\/wp\/v2\/media?parent=2033"}],"wp:term":[{"taxonomy":"product_brand","embeddable":true,"href":"https:\/\/www.szexshopbelvaros.com\/en\/wp-json\/wp\/v2\/product_brand?post=2033"},{"taxonomy":"product_cat","embeddable":true,"href":"https:\/\/www.szexshopbelvaros.com\/en\/wp-json\/wp\/v2\/product_cat?post=2033"},{"taxonomy":"product_tag","embeddable":true,"href":"https:\/\/www.szexshopbelvaros.com\/en\/wp-json\/wp\/v2\/product_tag?post=2033"}],"curies":[{"name":"wp","href":"https:\/\/api.w.org\/{rel}","templated":true}]}}