{"id":2060,"date":"2025-11-22T16:08:10","date_gmt":"2025-11-22T15:08:10","guid":{"rendered":"https:\/\/www.szexshopbelvaros.com\/?post_type=product&#038;p=2060"},"modified":"2026-04-21T15:35:07","modified_gmt":"2026-04-21T13:35:07","slug":"%f0%9f%94%a8-glass-hammer-peniszkopeny","status":"publish","type":"product","link":"https:\/\/www.szexshopbelvaros.com\/en\/product\/%f0%9f%94%a8-glass-hammer-peniszkopeny\/","title":{"rendered":"\ud83d\udd28 Glass Hammer \u2013Clear power, prolonged pleasure."},"content":{"rendered":"<p>The Glass Hammer penis sheath is transparent, flexible and extra long \u2014 precisely to make sex longer and more intense. The Glass Hammer got its name for a reason: this transparent, TPR penis extension sheath looks like it was forged from crystal, but it's flexible and made for pleasure.  The 15.5 cm long and 3.5 cm in diameter accessory completely covers the penis or vibrator and adds an extra 1 inch of pleasure.<\/p>\n<p>Its outer texture excites your partner, while its inner design helps you last longer \u2014 because sometimes good things don&#039;t have to end soon. \ud83d\ude0f It&#039;s waterproof, easy to apply, and because it&#039;s transparent, every movement is clearly visible, making the experience not only longer, but also visually stronger.<\/p>\n<p>After use, clean with lukewarm soapy water and a device cleaner, and always use water-based lubricant for maximum enjoyment.<\/p>\n<p>\ud83d\udc40 Check out the rest of the <a href=\"https:\/\/www.szexshopbelvaros.com\/en\/product-category\/ferfiaknak\/peniszkoppenyek-pumpak\/\">penis sheaths and pumps!<\/a><\/p>\n<p>\ud83d\udc49 Get it now at the Budapest <a href=\"https:\/\/wolt.com\/hu\/hun\/budapest\/venue\/szexshop-belvaros\">sexshopbelv\u00e1ros wolt store<\/a> or here at www.szexshopbelvaros.com and test the power of the glass hammer! \ud83d\udd28<\/p>","protected":false},"excerpt":{"rendered":"<p>A Glass Hammer p\u00e9niszk\u00f6peny \u00e1tl\u00e1tsz\u00f3, rugalmas \u00e9s plusz hossz\u00fa \u00e9lm\u00e9nyt ad \u2014 pontosan az\u00e9rt, hogy az egy\u00fcttl\u00e9t hosszabb \u00e9s intenz\u00edvebb legyen. A Glass Hammer nem v\u00e9letlen\u00fcl kapta a nev\u00e9t: ez az \u00e1tl\u00e1tsz\u00f3, TPR anyagb\u00f3l k\u00e9sz\u00fclt p\u00e9niszhosszabb\u00edt\u00f3 h\u00fcvely olyan, mintha krist\u00e1lyb\u00f3l kov\u00e1csolt\u00e1k volna, de rugalmas \u00e9s \u00e9lvezetre sz\u00fcletett. \ud83d\udd28 A 15,5 cm hossz\u00fa \u00e9s 3,5 cm [&#8230;]\n","protected":false},"featured_media":2063,"comment_status":"closed","ping_status":"closed","template":"","meta":[],"product_brand":[82],"product_cat":[68,149,115],"product_tag":[1857,2166,2069,2068,1104,2169,1855,2207,2168,2210,2211,2208,2167,573,2170,1858,1856,2084,2209,1075,568,2083,2081,2085,220,2206,2205,1081,2082],"class_list":{"0":"post-2060","1":"product","2":"type-product","3":"status-publish","4":"has-post-thumbnail","6":"product_brand-lovetoy","7":"product_cat-ferfiaknak","8":"product_cat-peniszkoppenyek-pumpak","9":"product_cat-ujdonsagok","10":"product_tag-adult-toy-for-men","11":"product_tag-ferfi-elvezet","12":"product_tag-ferfi-felnott-jatek","13":"product_tag-ferfi-intim-jatek","14":"product_tag-ferfi-kiegeszito","15":"product_tag-ferfi-stimulacio","16":"product_tag-ferfi-szexjatek","17":"product_tag-friss-erkezes","18":"product_tag-intimate-toy-for-men","19":"product_tag-just-arrived","20":"product_tag-latest-arrival","21":"product_tag-legujabb-termek","22":"product_tag-male-adult-toy","23":"product_tag-male-sex-toy","24":"product_tag-male-stimulation-device","25":"product_tag-mens-accessory","26":"product_tag-mens-pleasure","27":"product_tag-merevedes-pumpa","28":"product_tag-new-product","29":"product_tag-penis-pump","30":"product_tag-penis-sleeve","31":"product_tag-penisz-kopeny","32":"product_tag-penisz-pumpa","33":"product_tag-stimulation-sleeve","34":"product_tag-szexshop-belvaros","35":"product_tag-uj-termek","36":"product_tag-ujdonsag","37":"product_tag-vacuum-pump","38":"product_tag-vakum-pumpa","40":"first","41":"instock","42":"taxable","43":"shipping-taxable","44":"purchasable","45":"product-type-simple"},"yoast_head":"<!-- This site is optimized with the Yoast SEO plugin v27.4 - https:\/\/yoast.com\/product\/yoast-seo-wordpress\/ -->\n<title>Glass Hammer P\u00e9niszk\u00f6peny \u2013 \u00e1tl\u00e1tsz\u00f3 hosszabb \u00e9lm\u00e9ny | Szexshop Belvaros<\/title>\n<meta name=\"description\" content=\"\u00c1tl\u00e1tsz\u00f3 Glass Hammer p\u00e9niszk\u00f6peny plusz hossz\u00e9rt \u00e9s extra \u00e9lm\u00e9ny\u00e9rt. Rugalmas, k\u00e9nyelmes, k\u00f6nnyen felhelyezhet\u0151. SzexshopBelvaros.com\" \/>\n<meta name=\"robots\" content=\"index, follow, max-snippet:-1, max-image-preview:large, max-video-preview:-1\" \/>\n<link rel=\"canonical\" href=\"https:\/\/www.szexshopbelvaros.com\/en\/product\/\ud83d\udd28-glass-hammer-peniszkopeny\/\" \/>\n<meta property=\"og:locale\" content=\"en_US\" \/>\n<meta property=\"og:type\" content=\"article\" \/>\n<meta property=\"og:title\" content=\"Glass Hammer P\u00e9niszk\u00f6peny \u2013 \u00e1tl\u00e1tsz\u00f3 hosszabb \u00e9lm\u00e9ny | Szexshop Belvaros\" \/>\n<meta property=\"og:description\" content=\"\u00c1tl\u00e1tsz\u00f3 Glass Hammer p\u00e9niszk\u00f6peny plusz hossz\u00e9rt \u00e9s extra \u00e9lm\u00e9ny\u00e9rt. Rugalmas, k\u00e9nyelmes, k\u00f6nnyen felhelyezhet\u0151. SzexshopBelvaros.com\" \/>\n<meta property=\"og:url\" content=\"https:\/\/www.szexshopbelvaros.com\/en\/product\/\ud83d\udd28-glass-hammer-peniszkopeny\/\" \/>\n<meta property=\"og:site_name\" content=\"Szexshop Belvaros\" \/>\n<meta property=\"article:publisher\" content=\"https:\/\/www.facebook.com\/belvarossecrets\/\" \/>\n<meta property=\"article:modified_time\" content=\"2026-04-21T13:35:07+00:00\" \/>\n<meta property=\"og:image\" content=\"https:\/\/www.szexshopbelvaros.com\/wp-content\/uploads\/2025\/11\/6921cc225898eec529a391a5-scaled.png\" \/>\n\t<meta property=\"og:image:width\" content=\"2560\" \/>\n\t<meta property=\"og:image:height\" content=\"1440\" \/>\n\t<meta property=\"og:image:type\" content=\"image\/png\" \/>\n<meta name=\"twitter:card\" content=\"summary_large_image\" \/>\n<meta name=\"twitter:site\" content=\"@belvarossecrets\" \/>\n<meta name=\"twitter:label1\" content=\"Est. reading time\" \/>\n\t<meta name=\"twitter:data1\" content=\"2 minutes\" \/>\n<script type=\"application\/ld+json\" class=\"yoast-schema-graph\">{\"@context\":\"https:\\\/\\\/schema.org\",\"@graph\":[{\"@type\":\"WebPage\",\"@id\":\"https:\\\/\\\/www.szexshopbelvaros.com\\\/termek\\\/%f0%9f%94%a8-glass-hammer-peniszkopeny\\\/\",\"url\":\"https:\\\/\\\/www.szexshopbelvaros.com\\\/termek\\\/%f0%9f%94%a8-glass-hammer-peniszkopeny\\\/\",\"name\":\"Glass Hammer P\u00e9niszk\u00f6peny \u2013 \u00e1tl\u00e1tsz\u00f3 hosszabb \u00e9lm\u00e9ny | Szexshop Belvaros\",\"isPartOf\":{\"@id\":\"https:\\\/\\\/www.szexshopbelvaros.com\\\/#website\"},\"primaryImageOfPage\":{\"@id\":\"https:\\\/\\\/www.szexshopbelvaros.com\\\/termek\\\/%f0%9f%94%a8-glass-hammer-peniszkopeny\\\/#primaryimage\"},\"image\":{\"@id\":\"https:\\\/\\\/www.szexshopbelvaros.com\\\/termek\\\/%f0%9f%94%a8-glass-hammer-peniszkopeny\\\/#primaryimage\"},\"thumbnailUrl\":\"https:\\\/\\\/www.szexshopbelvaros.com\\\/wp-content\\\/uploads\\\/2025\\\/11\\\/6921cc225898eec529a391a5-scaled.png\",\"datePublished\":\"2025-11-22T15:08:10+00:00\",\"dateModified\":\"2026-04-21T13:35:07+00:00\",\"description\":\"\u00c1tl\u00e1tsz\u00f3 Glass Hammer p\u00e9niszk\u00f6peny plusz hossz\u00e9rt \u00e9s extra \u00e9lm\u00e9ny\u00e9rt. Rugalmas, k\u00e9nyelmes, k\u00f6nnyen felhelyezhet\u0151. SzexshopBelvaros.com\",\"breadcrumb\":{\"@id\":\"https:\\\/\\\/www.szexshopbelvaros.com\\\/termek\\\/%f0%9f%94%a8-glass-hammer-peniszkopeny\\\/#breadcrumb\"},\"inLanguage\":\"en-US\",\"potentialAction\":[{\"@type\":\"ReadAction\",\"target\":[\"https:\\\/\\\/www.szexshopbelvaros.com\\\/termek\\\/%f0%9f%94%a8-glass-hammer-peniszkopeny\\\/\"]}]},{\"@type\":\"ImageObject\",\"inLanguage\":\"en-US\",\"@id\":\"https:\\\/\\\/www.szexshopbelvaros.com\\\/termek\\\/%f0%9f%94%a8-glass-hammer-peniszkopeny\\\/#primaryimage\",\"url\":\"https:\\\/\\\/www.szexshopbelvaros.com\\\/wp-content\\\/uploads\\\/2025\\\/11\\\/6921cc225898eec529a391a5-scaled.png\",\"contentUrl\":\"https:\\\/\\\/www.szexshopbelvaros.com\\\/wp-content\\\/uploads\\\/2025\\\/11\\\/6921cc225898eec529a391a5-scaled.png\",\"width\":2560,\"height\":1440},{\"@type\":\"BreadcrumbList\",\"@id\":\"https:\\\/\\\/www.szexshopbelvaros.com\\\/termek\\\/%f0%9f%94%a8-glass-hammer-peniszkopeny\\\/#breadcrumb\",\"itemListElement\":[{\"@type\":\"ListItem\",\"position\":1,\"name\":\"Home\",\"item\":\"https:\\\/\\\/www.szexshopbelvaros.com\\\/\"},{\"@type\":\"ListItem\",\"position\":2,\"name\":\"\u00c1ruh\u00e1z\",\"item\":\"https:\\\/\\\/www.szexshopbelvaros.com\\\/uzlet\\\/\"},{\"@type\":\"ListItem\",\"position\":3,\"name\":\"\ud83d\udd28 Glass Hammer &#8211; \u00c1tl\u00e1tsz\u00f3 er\u0151, ami hosszabbra ny\u00fajtja az \u00e9lm\u00e9nyt.\"}]},{\"@type\":\"WebSite\",\"@id\":\"https:\\\/\\\/www.szexshopbelvaros.com\\\/#website\",\"url\":\"https:\\\/\\\/www.szexshopbelvaros.com\\\/\",\"name\":\"Szexshop Belv\u00e1ros\",\"description\":\"\ud83d\udd25 A szex olyan, mint a p\u00e9nz; csak a t\u00fal sok el\u00e9g!\u2122 Titkok a belv\u00e1rosb\u00f3l \ud83d\udc8b | Secrets from Budapest \ud83d\udc8e Feln\u0151tt j\u00e1t\u00e9kok \u2022 Erotika \u2022 Szexshop Belvaros\",\"publisher\":{\"@id\":\"https:\\\/\\\/www.szexshopbelvaros.com\\\/#organization\"},\"potentialAction\":[{\"@type\":\"SearchAction\",\"target\":{\"@type\":\"EntryPoint\",\"urlTemplate\":\"https:\\\/\\\/www.szexshopbelvaros.com\\\/?s={search_term_string}\"},\"query-input\":{\"@type\":\"PropertyValueSpecification\",\"valueRequired\":true,\"valueName\":\"search_term_string\"}}],\"inLanguage\":\"en-US\"},{\"@type\":\"Organization\",\"@id\":\"https:\\\/\\\/www.szexshopbelvaros.com\\\/#organization\",\"name\":\"Szexshop Belv\u00e1ros\",\"alternateName\":\"szexshopbelvaros.com\",\"url\":\"https:\\\/\\\/www.szexshopbelvaros.com\\\/\",\"logo\":{\"@type\":\"ImageObject\",\"inLanguage\":\"en-US\",\"@id\":\"https:\\\/\\\/www.szexshopbelvaros.com\\\/#\\\/schema\\\/logo\\\/image\\\/\",\"url\":\"https:\\\/\\\/www.szexshopbelvaros.com\\\/wp-content\\\/uploads\\\/2025\\\/09\\\/1Szexshopbelvaroslogo_blurred_stronger.jpg\",\"contentUrl\":\"https:\\\/\\\/www.szexshopbelvaros.com\\\/wp-content\\\/uploads\\\/2025\\\/09\\\/1Szexshopbelvaroslogo_blurred_stronger.jpg\",\"width\":1024,\"height\":1024,\"caption\":\"Szexshop Belv\u00e1ros\"},\"image\":{\"@id\":\"https:\\\/\\\/www.szexshopbelvaros.com\\\/#\\\/schema\\\/logo\\\/image\\\/\"},\"sameAs\":[\"https:\\\/\\\/www.facebook.com\\\/belvarossecrets\\\/\",\"https:\\\/\\\/x.com\\\/belvarossecrets\",\"https:\\\/\\\/www.instagram.com\\\/belvarossecrets\\\/\",\"https:\\\/\\\/www.tiktok.com\\\/@belvarossecrets\"]}]}<\/script>\n<!-- \/ Yoast SEO plugin. -->","yoast_head_json":{"title":"Glass Hammer Penis Sleeve \u2013 transparent longer experience | Sex shop Belvaros","description":"Transparent Glass Hammer penis sheath for extra length and extra pleasure. Flexible, comfortable, easy to put on. SzexshopBelvaros.com","robots":{"index":"index","follow":"follow","max-snippet":"max-snippet:-1","max-image-preview":"max-image-preview:large","max-video-preview":"max-video-preview:-1"},"canonical":"https:\/\/www.szexshopbelvaros.com\/en\/product\/\ud83d\udd28-glass-hammer-peniszkopeny\/","og_locale":"en_US","og_type":"article","og_title":"Glass Hammer P\u00e9niszk\u00f6peny \u2013 \u00e1tl\u00e1tsz\u00f3 hosszabb \u00e9lm\u00e9ny | Szexshop Belvaros","og_description":"\u00c1tl\u00e1tsz\u00f3 Glass Hammer p\u00e9niszk\u00f6peny plusz hossz\u00e9rt \u00e9s extra \u00e9lm\u00e9ny\u00e9rt. Rugalmas, k\u00e9nyelmes, k\u00f6nnyen felhelyezhet\u0151. SzexshopBelvaros.com","og_url":"https:\/\/www.szexshopbelvaros.com\/en\/product\/\ud83d\udd28-glass-hammer-peniszkopeny\/","og_site_name":"Szexshop Belvaros","article_publisher":"https:\/\/www.facebook.com\/belvarossecrets\/","article_modified_time":"2026-04-21T13:35:07+00:00","og_image":[{"width":2560,"height":1440,"url":"https:\/\/www.szexshopbelvaros.com\/wp-content\/uploads\/2025\/11\/6921cc225898eec529a391a5-scaled.png","type":"image\/png"}],"twitter_card":"summary_large_image","twitter_site":"@belvarossecrets","twitter_misc":{"Est. reading time":"2 minutes"},"schema":{"@context":"https:\/\/schema.org","@graph":[{"@type":"WebPage","@id":"https:\/\/www.szexshopbelvaros.com\/termek\/%f0%9f%94%a8-glass-hammer-peniszkopeny\/","url":"https:\/\/www.szexshopbelvaros.com\/termek\/%f0%9f%94%a8-glass-hammer-peniszkopeny\/","name":"Glass Hammer Penis Sleeve \u2013 transparent longer experience | Sex shop Belvaros","isPartOf":{"@id":"https:\/\/www.szexshopbelvaros.com\/#website"},"primaryImageOfPage":{"@id":"https:\/\/www.szexshopbelvaros.com\/termek\/%f0%9f%94%a8-glass-hammer-peniszkopeny\/#primaryimage"},"image":{"@id":"https:\/\/www.szexshopbelvaros.com\/termek\/%f0%9f%94%a8-glass-hammer-peniszkopeny\/#primaryimage"},"thumbnailUrl":"https:\/\/www.szexshopbelvaros.com\/wp-content\/uploads\/2025\/11\/6921cc225898eec529a391a5-scaled.png","datePublished":"2025-11-22T15:08:10+00:00","dateModified":"2026-04-21T13:35:07+00:00","description":"Transparent Glass Hammer penis sheath for extra length and extra pleasure. Flexible, comfortable, easy to put on. SzexshopBelvaros.com","breadcrumb":{"@id":"https:\/\/www.szexshopbelvaros.com\/termek\/%f0%9f%94%a8-glass-hammer-peniszkopeny\/#breadcrumb"},"inLanguage":"en-US","potentialAction":[{"@type":"ReadAction","target":["https:\/\/www.szexshopbelvaros.com\/termek\/%f0%9f%94%a8-glass-hammer-peniszkopeny\/"]}]},{"@type":"ImageObject","inLanguage":"en-US","@id":"https:\/\/www.szexshopbelvaros.com\/termek\/%f0%9f%94%a8-glass-hammer-peniszkopeny\/#primaryimage","url":"https:\/\/www.szexshopbelvaros.com\/wp-content\/uploads\/2025\/11\/6921cc225898eec529a391a5-scaled.png","contentUrl":"https:\/\/www.szexshopbelvaros.com\/wp-content\/uploads\/2025\/11\/6921cc225898eec529a391a5-scaled.png","width":2560,"height":1440},{"@type":"BreadcrumbList","@id":"https:\/\/www.szexshopbelvaros.com\/termek\/%f0%9f%94%a8-glass-hammer-peniszkopeny\/#breadcrumb","itemListElement":[{"@type":"ListItem","position":1,"name":"Home","item":"https:\/\/www.szexshopbelvaros.com\/"},{"@type":"ListItem","position":2,"name":"\u00c1ruh\u00e1z","item":"https:\/\/www.szexshopbelvaros.com\/uzlet\/"},{"@type":"ListItem","position":3,"name":"\ud83d\udd28 Glass Hammer &#8211; \u00c1tl\u00e1tsz\u00f3 er\u0151, ami hosszabbra ny\u00fajtja az \u00e9lm\u00e9nyt."}]},{"@type":"WebSite","@id":"https:\/\/www.szexshopbelvaros.com\/#website","url":"https:\/\/www.szexshopbelvaros.com\/","name":"at our Szexshop Belv\u00e1ros","description":"\ud83d\udd25 Sex is like money; only too much is enough!\u2122 Secrets from the city center \ud83d\udc8b | Secrets from Budapest \ud83d\udc8e Adult games \u2022 Erotica \u2022 Sex shop Belvaros","publisher":{"@id":"https:\/\/www.szexshopbelvaros.com\/#organization"},"potentialAction":[{"@type":"SearchAction","target":{"@type":"EntryPoint","urlTemplate":"https:\/\/www.szexshopbelvaros.com\/?s={search_term_string}"},"query-input":{"@type":"PropertyValueSpecification","valueRequired":true,"valueName":"search_term_string"}}],"inLanguage":"en-US"},{"@type":"Organization","@id":"https:\/\/www.szexshopbelvaros.com\/#organization","name":"at our Szexshop Belv\u00e1ros","alternateName":"szexshopbelvaros.com","url":"https:\/\/www.szexshopbelvaros.com\/","logo":{"@type":"ImageObject","inLanguage":"en-US","@id":"https:\/\/www.szexshopbelvaros.com\/#\/schema\/logo\/image\/","url":"https:\/\/www.szexshopbelvaros.com\/wp-content\/uploads\/2025\/09\/1Szexshopbelvaroslogo_blurred_stronger.jpg","contentUrl":"https:\/\/www.szexshopbelvaros.com\/wp-content\/uploads\/2025\/09\/1Szexshopbelvaroslogo_blurred_stronger.jpg","width":1024,"height":1024,"caption":"Szexshop Belv\u00e1ros"},"image":{"@id":"https:\/\/www.szexshopbelvaros.com\/#\/schema\/logo\/image\/"},"sameAs":["https:\/\/www.facebook.com\/belvarossecrets\/","https:\/\/x.com\/belvarossecrets","https:\/\/www.instagram.com\/belvarossecrets\/","https:\/\/www.tiktok.com\/@belvarossecrets"]}]}},"_links":{"self":[{"href":"https:\/\/www.szexshopbelvaros.com\/en\/wp-json\/wp\/v2\/product\/2060","targetHints":{"allow":["GET"]}}],"collection":[{"href":"https:\/\/www.szexshopbelvaros.com\/en\/wp-json\/wp\/v2\/product"}],"about":[{"href":"https:\/\/www.szexshopbelvaros.com\/en\/wp-json\/wp\/v2\/types\/product"}],"replies":[{"embeddable":true,"href":"https:\/\/www.szexshopbelvaros.com\/en\/wp-json\/wp\/v2\/comments?post=2060"}],"wp:featuredmedia":[{"embeddable":true,"href":"https:\/\/www.szexshopbelvaros.com\/en\/wp-json\/wp\/v2\/media\/2063"}],"wp:attachment":[{"href":"https:\/\/www.szexshopbelvaros.com\/en\/wp-json\/wp\/v2\/media?parent=2060"}],"wp:term":[{"taxonomy":"product_brand","embeddable":true,"href":"https:\/\/www.szexshopbelvaros.com\/en\/wp-json\/wp\/v2\/product_brand?post=2060"},{"taxonomy":"product_cat","embeddable":true,"href":"https:\/\/www.szexshopbelvaros.com\/en\/wp-json\/wp\/v2\/product_cat?post=2060"},{"taxonomy":"product_tag","embeddable":true,"href":"https:\/\/www.szexshopbelvaros.com\/en\/wp-json\/wp\/v2\/product_tag?post=2060"}],"curies":[{"name":"wp","href":"https:\/\/api.w.org\/{rel}","templated":true}]}}