{"id":212,"date":"2025-01-31T14:36:13","date_gmt":"2025-01-31T13:36:13","guid":{"rendered":"https:\/\/www.szexshopbelvaros.com\/termek\/mtoys-szilikon-es-mubor-allithato-kutyacsont-alaku-szajpecek-piros\/"},"modified":"2026-03-14T17:03:52","modified_gmt":"2026-03-14T16:03:52","slug":"mtoys-szilikon-es-mubor-allithato-kutyacsont-alaku-szajpecek-piros","status":"publish","type":"product","link":"https:\/\/www.szexshopbelvaros.com\/en\/product\/mtoys-szilikon-es-mubor-allithato-kutyacsont-alaku-szajpecek-piros\/","title":{"rendered":"\ud83e\uddb4 Bark &amp; Gag \u2013 The Bone That Makes Listening Golden"},"content":{"rendered":"<p data-start=\"100\" data-end=\"761\">If your partner barks too much in the bedroom (or not enough), <em data-start=\"224\" data-end=\"236\">Bark &amp; Gag<\/em> dog bone gag is exactly the toy you need to control it... or turn it up! The red, shapely bone is not only visually provocative, but thanks to the combination of silicone and faux leather it is also comfortable to wear - even during the longest training session. The adjustable strap (63 cm) long, the bone is 12 cm long, and 2 cm thick, making it suitable for all BDSM and role-playing games, especially those where the dog doesn't lie in the corner, but pants on command. A must for fetish fans, dominant owners, and obedient little pets alike!<\/p>\n<p data-start=\"763\" data-end=\"871\">You can find the Bark &amp; Gag at our shop, szexshopbelvaros.com - where every bone is put in its place.<\/p>\n<p>&nbsp;<\/p>","protected":false},"excerpt":{"rendered":"<p>Ha a kedvenced t\u00fal sokat ugat a h\u00e1l\u00f3szob\u00e1ban (vagy \u00e9pp nem eleget), a Bark &amp; Gag kutyacsont alak\u00fa sz\u00e1jpecek pontosan az a j\u00e1t\u00e9k, amivel megf\u00e9kezheted\u2026 vagy felt\u00fczelheted! A piros, form\u00e1s csont nemcsak vizu\u00e1lisan provokat\u00edv, de a szilikon \u00e9s m\u0171b\u0151r kombin\u00e1ci\u00f3j\u00e1nak h\u00e1la k\u00e9nyelmesen is viselhet\u0151 \u2013 m\u00e9g a leghosszabb nevel\u00e9si sze\u00e1nsz alatt is. Az \u00e1ll\u00edthat\u00f3 p\u00e1nt [&#8230;]\n","protected":false},"featured_media":2784,"comment_status":"closed","ping_status":"closed","template":"","meta":[],"product_brand":[],"product_cat":[52,2006],"product_tag":[309,321,1410,372,316,308,389,2008,733,317,715,1625,2013],"class_list":{"0":"post-212","1":"product","2":"type-product","3":"status-publish","4":"has-post-thumbnail","6":"product_cat-bdsm","7":"product_cat-dominancia-alavetettseg","8":"product_tag-alavetettseg","9":"product_tag-bdsm","10":"product_tag-bdsm-toy","11":"product_tag-bondage","12":"product_tag-dominance","13":"product_tag-dominancia","14":"product_tag-felnott-jatek","15":"product_tag-kink","16":"product_tag-power-exchange","17":"product_tag-submission","18":"product_tag-szadomazo-kellek","19":"product_tag-szerepjatek","20":"product_tag-uralom","22":"first","23":"instock","24":"taxable","25":"shipping-taxable","26":"purchasable","27":"product-type-simple"},"yoast_head":"<!-- This site is optimized with the Yoast SEO plugin v27.4 - https:\/\/yoast.com\/product\/yoast-seo-wordpress\/ -->\n<title>\ud83e\uddb4 Bark &amp; Gag \u2013 A Csont, Ami\u00e9rt Hallgatni Arany - Szexshop Belvaros<\/title>\n<meta name=\"robots\" content=\"index, follow, max-snippet:-1, max-image-preview:large, max-video-preview:-1\" \/>\n<link rel=\"canonical\" href=\"https:\/\/www.szexshopbelvaros.com\/en\/product\/mtoys-szilikon-es-mubor-allithato-kutyacsont-alaku-szajpecek-piros\/\" \/>\n<meta property=\"og:locale\" content=\"en_US\" \/>\n<meta property=\"og:type\" content=\"article\" \/>\n<meta property=\"og:title\" content=\"\ud83e\uddb4 Bark &amp; Gag \u2013 A Csont, Ami\u00e9rt Hallgatni Arany - Szexshop Belvaros\" \/>\n<meta property=\"og:description\" content=\"Ha a kedvenced t\u00fal sokat ugat a h\u00e1l\u00f3szob\u00e1ban (vagy \u00e9pp nem eleget), a Bark &amp; Gag kutyacsont alak\u00fa sz\u00e1jpecek pontosan az a j\u00e1t\u00e9k, amivel megf\u00e9kezheted\u2026 vagy felt\u00fczelheted! A piros, form\u00e1s csont nemcsak vizu\u00e1lisan provokat\u00edv, de a szilikon \u00e9s m\u0171b\u0151r kombin\u00e1ci\u00f3j\u00e1nak h\u00e1la k\u00e9nyelmesen is viselhet\u0151 \u2013 m\u00e9g a leghosszabb nevel\u00e9si sze\u00e1nsz alatt is. Az \u00e1ll\u00edthat\u00f3 p\u00e1nt [...]\" \/>\n<meta property=\"og:url\" content=\"https:\/\/www.szexshopbelvaros.com\/en\/product\/mtoys-szilikon-es-mubor-allithato-kutyacsont-alaku-szajpecek-piros\/\" \/>\n<meta property=\"og:site_name\" content=\"Szexshop Belvaros\" \/>\n<meta property=\"article:publisher\" content=\"https:\/\/www.facebook.com\/belvarossecrets\/\" \/>\n<meta property=\"article:modified_time\" content=\"2026-03-14T16:03:52+00:00\" \/>\n<meta property=\"og:image\" content=\"https:\/\/www.szexshopbelvaros.com\/wp-content\/uploads\/2025\/01\/Untitled-design-copy-3-17.png\" \/>\n\t<meta property=\"og:image:width\" content=\"300\" \/>\n\t<meta property=\"og:image:height\" content=\"169\" \/>\n\t<meta property=\"og:image:type\" content=\"image\/png\" \/>\n<meta name=\"twitter:card\" content=\"summary_large_image\" \/>\n<meta name=\"twitter:site\" content=\"@belvarossecrets\" \/>\n<meta name=\"twitter:label1\" content=\"Est. reading time\" \/>\n\t<meta name=\"twitter:data1\" content=\"1 minute\" \/>\n<script type=\"application\/ld+json\" class=\"yoast-schema-graph\">{\"@context\":\"https:\\\/\\\/schema.org\",\"@graph\":[{\"@type\":\"WebPage\",\"@id\":\"https:\\\/\\\/www.szexshopbelvaros.com\\\/termek\\\/mtoys-szilikon-es-mubor-allithato-kutyacsont-alaku-szajpecek-piros\\\/\",\"url\":\"https:\\\/\\\/www.szexshopbelvaros.com\\\/termek\\\/mtoys-szilikon-es-mubor-allithato-kutyacsont-alaku-szajpecek-piros\\\/\",\"name\":\"\ud83e\uddb4 Bark & Gag \u2013 A Csont, Ami\u00e9rt Hallgatni Arany - Szexshop Belvaros\",\"isPartOf\":{\"@id\":\"https:\\\/\\\/www.szexshopbelvaros.com\\\/#website\"},\"primaryImageOfPage\":{\"@id\":\"https:\\\/\\\/www.szexshopbelvaros.com\\\/termek\\\/mtoys-szilikon-es-mubor-allithato-kutyacsont-alaku-szajpecek-piros\\\/#primaryimage\"},\"image\":{\"@id\":\"https:\\\/\\\/www.szexshopbelvaros.com\\\/termek\\\/mtoys-szilikon-es-mubor-allithato-kutyacsont-alaku-szajpecek-piros\\\/#primaryimage\"},\"thumbnailUrl\":\"https:\\\/\\\/www.szexshopbelvaros.com\\\/wp-content\\\/uploads\\\/2025\\\/01\\\/Untitled-design-copy-3-17.png\",\"datePublished\":\"2025-01-31T13:36:13+00:00\",\"dateModified\":\"2026-03-14T16:03:52+00:00\",\"breadcrumb\":{\"@id\":\"https:\\\/\\\/www.szexshopbelvaros.com\\\/termek\\\/mtoys-szilikon-es-mubor-allithato-kutyacsont-alaku-szajpecek-piros\\\/#breadcrumb\"},\"inLanguage\":\"en-US\",\"potentialAction\":[{\"@type\":\"ReadAction\",\"target\":[\"https:\\\/\\\/www.szexshopbelvaros.com\\\/termek\\\/mtoys-szilikon-es-mubor-allithato-kutyacsont-alaku-szajpecek-piros\\\/\"]}]},{\"@type\":\"ImageObject\",\"inLanguage\":\"en-US\",\"@id\":\"https:\\\/\\\/www.szexshopbelvaros.com\\\/termek\\\/mtoys-szilikon-es-mubor-allithato-kutyacsont-alaku-szajpecek-piros\\\/#primaryimage\",\"url\":\"https:\\\/\\\/www.szexshopbelvaros.com\\\/wp-content\\\/uploads\\\/2025\\\/01\\\/Untitled-design-copy-3-17.png\",\"contentUrl\":\"https:\\\/\\\/www.szexshopbelvaros.com\\\/wp-content\\\/uploads\\\/2025\\\/01\\\/Untitled-design-copy-3-17.png\",\"width\":300,\"height\":169},{\"@type\":\"BreadcrumbList\",\"@id\":\"https:\\\/\\\/www.szexshopbelvaros.com\\\/termek\\\/mtoys-szilikon-es-mubor-allithato-kutyacsont-alaku-szajpecek-piros\\\/#breadcrumb\",\"itemListElement\":[{\"@type\":\"ListItem\",\"position\":1,\"name\":\"Home\",\"item\":\"https:\\\/\\\/www.szexshopbelvaros.com\\\/\"},{\"@type\":\"ListItem\",\"position\":2,\"name\":\"\u00c1ruh\u00e1z\",\"item\":\"https:\\\/\\\/www.szexshopbelvaros.com\\\/uzlet\\\/\"},{\"@type\":\"ListItem\",\"position\":3,\"name\":\"\ud83e\uddb4 Bark &#038; Gag \u2013 A Csont, Ami\u00e9rt Hallgatni Arany\"}]},{\"@type\":\"WebSite\",\"@id\":\"https:\\\/\\\/www.szexshopbelvaros.com\\\/#website\",\"url\":\"https:\\\/\\\/www.szexshopbelvaros.com\\\/\",\"name\":\"Szexshop Belv\u00e1ros\",\"description\":\"\ud83d\udd25 A szex olyan, mint a p\u00e9nz; csak a t\u00fal sok el\u00e9g!\u2122 Titkok a belv\u00e1rosb\u00f3l \ud83d\udc8b | Secrets from Budapest \ud83d\udc8e Feln\u0151tt j\u00e1t\u00e9kok \u2022 Erotika \u2022 Szexshop Belvaros\",\"publisher\":{\"@id\":\"https:\\\/\\\/www.szexshopbelvaros.com\\\/#organization\"},\"potentialAction\":[{\"@type\":\"SearchAction\",\"target\":{\"@type\":\"EntryPoint\",\"urlTemplate\":\"https:\\\/\\\/www.szexshopbelvaros.com\\\/?s={search_term_string}\"},\"query-input\":{\"@type\":\"PropertyValueSpecification\",\"valueRequired\":true,\"valueName\":\"search_term_string\"}}],\"inLanguage\":\"en-US\"},{\"@type\":\"Organization\",\"@id\":\"https:\\\/\\\/www.szexshopbelvaros.com\\\/#organization\",\"name\":\"Szexshop Belv\u00e1ros\",\"alternateName\":\"szexshopbelvaros.com\",\"url\":\"https:\\\/\\\/www.szexshopbelvaros.com\\\/\",\"logo\":{\"@type\":\"ImageObject\",\"inLanguage\":\"en-US\",\"@id\":\"https:\\\/\\\/www.szexshopbelvaros.com\\\/#\\\/schema\\\/logo\\\/image\\\/\",\"url\":\"https:\\\/\\\/www.szexshopbelvaros.com\\\/wp-content\\\/uploads\\\/2025\\\/09\\\/1Szexshopbelvaroslogo_blurred_stronger.jpg\",\"contentUrl\":\"https:\\\/\\\/www.szexshopbelvaros.com\\\/wp-content\\\/uploads\\\/2025\\\/09\\\/1Szexshopbelvaroslogo_blurred_stronger.jpg\",\"width\":1024,\"height\":1024,\"caption\":\"Szexshop Belv\u00e1ros\"},\"image\":{\"@id\":\"https:\\\/\\\/www.szexshopbelvaros.com\\\/#\\\/schema\\\/logo\\\/image\\\/\"},\"sameAs\":[\"https:\\\/\\\/www.facebook.com\\\/belvarossecrets\\\/\",\"https:\\\/\\\/x.com\\\/belvarossecrets\",\"https:\\\/\\\/www.instagram.com\\\/belvarossecrets\\\/\",\"https:\\\/\\\/www.tiktok.com\\\/@belvarossecrets\"]}]}<\/script>\n<!-- \/ Yoast SEO plugin. -->","yoast_head_json":{"title":"\ud83e\uddb4 Bark &amp; Gag \u2013 The Bone That Makes Silence Golden - Szexshop Belvaros","robots":{"index":"index","follow":"follow","max-snippet":"max-snippet:-1","max-image-preview":"max-image-preview:large","max-video-preview":"max-video-preview:-1"},"canonical":"https:\/\/www.szexshopbelvaros.com\/en\/product\/mtoys-szilikon-es-mubor-allithato-kutyacsont-alaku-szajpecek-piros\/","og_locale":"en_US","og_type":"article","og_title":"\ud83e\uddb4 Bark & Gag \u2013 A Csont, Ami\u00e9rt Hallgatni Arany - Szexshop Belvaros","og_description":"Ha a kedvenced t\u00fal sokat ugat a h\u00e1l\u00f3szob\u00e1ban (vagy \u00e9pp nem eleget), a Bark &amp; Gag kutyacsont alak\u00fa sz\u00e1jpecek pontosan az a j\u00e1t\u00e9k, amivel megf\u00e9kezheted\u2026 vagy felt\u00fczelheted! A piros, form\u00e1s csont nemcsak vizu\u00e1lisan provokat\u00edv, de a szilikon \u00e9s m\u0171b\u0151r kombin\u00e1ci\u00f3j\u00e1nak h\u00e1la k\u00e9nyelmesen is viselhet\u0151 \u2013 m\u00e9g a leghosszabb nevel\u00e9si sze\u00e1nsz alatt is. Az \u00e1ll\u00edthat\u00f3 p\u00e1nt [...]","og_url":"https:\/\/www.szexshopbelvaros.com\/en\/product\/mtoys-szilikon-es-mubor-allithato-kutyacsont-alaku-szajpecek-piros\/","og_site_name":"Szexshop Belvaros","article_publisher":"https:\/\/www.facebook.com\/belvarossecrets\/","article_modified_time":"2026-03-14T16:03:52+00:00","og_image":[{"width":300,"height":169,"url":"https:\/\/www.szexshopbelvaros.com\/wp-content\/uploads\/2025\/01\/Untitled-design-copy-3-17.png","type":"image\/png"}],"twitter_card":"summary_large_image","twitter_site":"@belvarossecrets","twitter_misc":{"Est. reading time":"1 minute"},"schema":{"@context":"https:\/\/schema.org","@graph":[{"@type":"WebPage","@id":"https:\/\/www.szexshopbelvaros.com\/termek\/mtoys-szilikon-es-mubor-allithato-kutyacsont-alaku-szajpecek-piros\/","url":"https:\/\/www.szexshopbelvaros.com\/termek\/mtoys-szilikon-es-mubor-allithato-kutyacsont-alaku-szajpecek-piros\/","name":"\ud83e\uddb4 Bark &amp; Gag \u2013 The Bone That Makes Silence Golden - Szexshop Belvaros","isPartOf":{"@id":"https:\/\/www.szexshopbelvaros.com\/#website"},"primaryImageOfPage":{"@id":"https:\/\/www.szexshopbelvaros.com\/termek\/mtoys-szilikon-es-mubor-allithato-kutyacsont-alaku-szajpecek-piros\/#primaryimage"},"image":{"@id":"https:\/\/www.szexshopbelvaros.com\/termek\/mtoys-szilikon-es-mubor-allithato-kutyacsont-alaku-szajpecek-piros\/#primaryimage"},"thumbnailUrl":"https:\/\/www.szexshopbelvaros.com\/wp-content\/uploads\/2025\/01\/Untitled-design-copy-3-17.png","datePublished":"2025-01-31T13:36:13+00:00","dateModified":"2026-03-14T16:03:52+00:00","breadcrumb":{"@id":"https:\/\/www.szexshopbelvaros.com\/termek\/mtoys-szilikon-es-mubor-allithato-kutyacsont-alaku-szajpecek-piros\/#breadcrumb"},"inLanguage":"en-US","potentialAction":[{"@type":"ReadAction","target":["https:\/\/www.szexshopbelvaros.com\/termek\/mtoys-szilikon-es-mubor-allithato-kutyacsont-alaku-szajpecek-piros\/"]}]},{"@type":"ImageObject","inLanguage":"en-US","@id":"https:\/\/www.szexshopbelvaros.com\/termek\/mtoys-szilikon-es-mubor-allithato-kutyacsont-alaku-szajpecek-piros\/#primaryimage","url":"https:\/\/www.szexshopbelvaros.com\/wp-content\/uploads\/2025\/01\/Untitled-design-copy-3-17.png","contentUrl":"https:\/\/www.szexshopbelvaros.com\/wp-content\/uploads\/2025\/01\/Untitled-design-copy-3-17.png","width":300,"height":169},{"@type":"BreadcrumbList","@id":"https:\/\/www.szexshopbelvaros.com\/termek\/mtoys-szilikon-es-mubor-allithato-kutyacsont-alaku-szajpecek-piros\/#breadcrumb","itemListElement":[{"@type":"ListItem","position":1,"name":"Home","item":"https:\/\/www.szexshopbelvaros.com\/"},{"@type":"ListItem","position":2,"name":"\u00c1ruh\u00e1z","item":"https:\/\/www.szexshopbelvaros.com\/uzlet\/"},{"@type":"ListItem","position":3,"name":"\ud83e\uddb4 Bark &#038; Gag \u2013 A Csont, Ami\u00e9rt Hallgatni Arany"}]},{"@type":"WebSite","@id":"https:\/\/www.szexshopbelvaros.com\/#website","url":"https:\/\/www.szexshopbelvaros.com\/","name":"at our Szexshop Belv\u00e1ros","description":"\ud83d\udd25 Sex is like money; only too much is enough!\u2122 Secrets from the city center \ud83d\udc8b | Secrets from Budapest \ud83d\udc8e Adult games \u2022 Erotica \u2022 Sex shop Belvaros","publisher":{"@id":"https:\/\/www.szexshopbelvaros.com\/#organization"},"potentialAction":[{"@type":"SearchAction","target":{"@type":"EntryPoint","urlTemplate":"https:\/\/www.szexshopbelvaros.com\/?s={search_term_string}"},"query-input":{"@type":"PropertyValueSpecification","valueRequired":true,"valueName":"search_term_string"}}],"inLanguage":"en-US"},{"@type":"Organization","@id":"https:\/\/www.szexshopbelvaros.com\/#organization","name":"at our Szexshop Belv\u00e1ros","alternateName":"szexshopbelvaros.com","url":"https:\/\/www.szexshopbelvaros.com\/","logo":{"@type":"ImageObject","inLanguage":"en-US","@id":"https:\/\/www.szexshopbelvaros.com\/#\/schema\/logo\/image\/","url":"https:\/\/www.szexshopbelvaros.com\/wp-content\/uploads\/2025\/09\/1Szexshopbelvaroslogo_blurred_stronger.jpg","contentUrl":"https:\/\/www.szexshopbelvaros.com\/wp-content\/uploads\/2025\/09\/1Szexshopbelvaroslogo_blurred_stronger.jpg","width":1024,"height":1024,"caption":"Szexshop Belv\u00e1ros"},"image":{"@id":"https:\/\/www.szexshopbelvaros.com\/#\/schema\/logo\/image\/"},"sameAs":["https:\/\/www.facebook.com\/belvarossecrets\/","https:\/\/x.com\/belvarossecrets","https:\/\/www.instagram.com\/belvarossecrets\/","https:\/\/www.tiktok.com\/@belvarossecrets"]}]}},"_links":{"self":[{"href":"https:\/\/www.szexshopbelvaros.com\/en\/wp-json\/wp\/v2\/product\/212","targetHints":{"allow":["GET"]}}],"collection":[{"href":"https:\/\/www.szexshopbelvaros.com\/en\/wp-json\/wp\/v2\/product"}],"about":[{"href":"https:\/\/www.szexshopbelvaros.com\/en\/wp-json\/wp\/v2\/types\/product"}],"replies":[{"embeddable":true,"href":"https:\/\/www.szexshopbelvaros.com\/en\/wp-json\/wp\/v2\/comments?post=212"}],"wp:featuredmedia":[{"embeddable":true,"href":"https:\/\/www.szexshopbelvaros.com\/en\/wp-json\/wp\/v2\/media\/2784"}],"wp:attachment":[{"href":"https:\/\/www.szexshopbelvaros.com\/en\/wp-json\/wp\/v2\/media?parent=212"}],"wp:term":[{"taxonomy":"product_brand","embeddable":true,"href":"https:\/\/www.szexshopbelvaros.com\/en\/wp-json\/wp\/v2\/product_brand?post=212"},{"taxonomy":"product_cat","embeddable":true,"href":"https:\/\/www.szexshopbelvaros.com\/en\/wp-json\/wp\/v2\/product_cat?post=212"},{"taxonomy":"product_tag","embeddable":true,"href":"https:\/\/www.szexshopbelvaros.com\/en\/wp-json\/wp\/v2\/product_tag?post=212"}],"curies":[{"name":"wp","href":"https:\/\/api.w.org\/{rel}","templated":true}]}}