{"id":218,"date":"2025-01-31T14:36:13","date_gmt":"2025-01-31T13:36:13","guid":{"rendered":"https:\/\/www.szexshopbelvaros.com\/termek\/warming-personal-lubricant-gel-50ml\/"},"modified":"2026-02-14T15:53:54","modified_gmt":"2026-02-14T14:53:54","slug":"warming-personal-lubricant-gel-50ml","status":"publish","type":"product","link":"https:\/\/www.szexshopbelvaros.com\/en\/product\/warming-personal-lubricant-gel-50ml\/","title":{"rendered":"Joydrops Warming Personal Lubricant Gel \u2013 50ml"},"content":{"rendered":"<p>JoyDrops\u00ae Warming Lubricant Gel \u2013 Helps increase blood flow and thus stimulation by creating a warming effect through friction. Provides softer and gentler lubrication during sexual intercourse and masturbation. Usage: Apply the required amount of gel to a condom or to the genital area.<\/p>\n<p>&nbsp;<\/p>","protected":false},"excerpt":{"rendered":"<p>JoyDrops\u00ae Warming Lubricant Gel \u2013 Helps increase blood flow and thus stimulation by creating a warming effect through friction. Provides softer and gentler lubrication during sexual intercourse and masturbation. Usage: Apply the required amount of gel to a condom or to the genital area. &nbsp;<\/p>","protected":false},"featured_media":219,"comment_status":"closed","ping_status":"closed","template":"","meta":[],"product_brand":[101],"product_cat":[156,80],"product_tag":[2052,2053,1528,2050,888,2047,2051,2049,2060,1201,673,899,220,2048,2059,340,900,346,1529],"class_list":{"0":"post-218","1":"product","2":"type-product","3":"status-publish","4":"has-post-thumbnail","6":"product_brand-joydrops","7":"product_cat-drogeria-wellness","8":"product_cat-sikositok","9":"product_tag-adult-care","10":"product_tag-couples-wellness","11":"product_tag-drogeria","12":"product_tag-felnotteknek","13":"product_tag-intim-sikosito","14":"product_tag-intim-termek","15":"product_tag-intimate-products","16":"product_tag-paros-egeszseg","17":"product_tag-personal-lubricant","18":"product_tag-sexual-wellness","19":"product_tag-sikosito","20":"product_tag-silicone-lube","21":"product_tag-szexshop-belvaros","22":"product_tag-szexualis-egeszseg","23":"product_tag-szilikonos-sikosito","24":"product_tag-vizbazisu-sikosito","25":"product_tag-warming-lube","26":"product_tag-water-based-lube","27":"product_tag-wellness","29":"first","30":"instock","31":"taxable","32":"shipping-taxable","33":"purchasable","34":"product-type-simple"},"yoast_head":"<!-- This site is optimized with the Yoast SEO plugin v27.4 - https:\/\/yoast.com\/product\/yoast-seo-wordpress\/ -->\n<title>Joydrops Warming Personal Lubricant Gel - 50ml - Szexshop Belvaros<\/title>\n<meta name=\"robots\" content=\"index, follow, max-snippet:-1, max-image-preview:large, max-video-preview:-1\" \/>\n<link rel=\"canonical\" href=\"https:\/\/www.szexshopbelvaros.com\/en\/product\/warming-personal-lubricant-gel-50ml\/\" \/>\n<meta property=\"og:locale\" content=\"en_US\" \/>\n<meta property=\"og:type\" content=\"article\" \/>\n<meta property=\"og:title\" content=\"Joydrops Warming Personal Lubricant Gel - 50ml - Szexshop Belvaros\" \/>\n<meta property=\"og:description\" content=\"JoyDrops\u00ae Meleg\u00edt\u0151 s\u00edkos\u00edt\u00f3 g\u00e9l &#8211; Hozz\u00e1j\u00e1rul a v\u00e9r\u00e1raml\u00e1s felgyors\u00edt\u00e1s\u00e1hoz \u00e9s ez\u00e1ltal a stimul\u00e1ci\u00f3hoz az\u00e1ltal, hogy s\u00farl\u00f3d\u00e1ssal meleg\u00edt\u0151 hat\u00e1st fejt ki. L\u00e1gyabb \u00e9s gyeng\u00e9debb s\u00edkos\u00edt\u00e1st biztos\u00edt a szexu\u00e1lis egy\u00fcttl\u00e9t \u00e9s a maszturb\u00e1ci\u00f3 sor\u00e1n. Haszn\u00e1lat: A sz\u00fcks\u00e9ges mennyis\u00e9g\u0171 g\u00e9lt egy \u00f3vszerre vagy a nemi szervek ter\u00fclet\u00e9re kell felvinni. &nbsp;\" \/>\n<meta property=\"og:url\" content=\"https:\/\/www.szexshopbelvaros.com\/en\/product\/warming-personal-lubricant-gel-50ml\/\" \/>\n<meta property=\"og:site_name\" content=\"Szexshop Belvaros\" \/>\n<meta property=\"article:publisher\" content=\"https:\/\/www.facebook.com\/belvarossecrets\/\" \/>\n<meta property=\"article:modified_time\" content=\"2026-02-14T14:53:54+00:00\" \/>\n<meta property=\"og:image\" content=\"https:\/\/www.szexshopbelvaros.com\/wp-content\/uploads\/2025\/01\/ab504522-7cc6-11ee-a558-162ee1a20b34_41350.jpg\" \/>\n\t<meta property=\"og:image:width\" content=\"1200\" \/>\n\t<meta property=\"og:image:height\" content=\"675\" \/>\n\t<meta property=\"og:image:type\" content=\"image\/jpeg\" \/>\n<meta name=\"twitter:card\" content=\"summary_large_image\" \/>\n<meta name=\"twitter:site\" content=\"@belvarossecrets\" \/>\n<script type=\"application\/ld+json\" class=\"yoast-schema-graph\">{\"@context\":\"https:\\\/\\\/schema.org\",\"@graph\":[{\"@type\":\"WebPage\",\"@id\":\"https:\\\/\\\/www.szexshopbelvaros.com\\\/termek\\\/warming-personal-lubricant-gel-50ml\\\/\",\"url\":\"https:\\\/\\\/www.szexshopbelvaros.com\\\/termek\\\/warming-personal-lubricant-gel-50ml\\\/\",\"name\":\"Joydrops Warming Personal Lubricant Gel - 50ml - Szexshop Belvaros\",\"isPartOf\":{\"@id\":\"https:\\\/\\\/www.szexshopbelvaros.com\\\/#website\"},\"primaryImageOfPage\":{\"@id\":\"https:\\\/\\\/www.szexshopbelvaros.com\\\/termek\\\/warming-personal-lubricant-gel-50ml\\\/#primaryimage\"},\"image\":{\"@id\":\"https:\\\/\\\/www.szexshopbelvaros.com\\\/termek\\\/warming-personal-lubricant-gel-50ml\\\/#primaryimage\"},\"thumbnailUrl\":\"https:\\\/\\\/www.szexshopbelvaros.com\\\/wp-content\\\/uploads\\\/2025\\\/01\\\/ab504522-7cc6-11ee-a558-162ee1a20b34_41350.jpg\",\"datePublished\":\"2025-01-31T13:36:13+00:00\",\"dateModified\":\"2026-02-14T14:53:54+00:00\",\"breadcrumb\":{\"@id\":\"https:\\\/\\\/www.szexshopbelvaros.com\\\/termek\\\/warming-personal-lubricant-gel-50ml\\\/#breadcrumb\"},\"inLanguage\":\"en-US\",\"potentialAction\":[{\"@type\":\"ReadAction\",\"target\":[\"https:\\\/\\\/www.szexshopbelvaros.com\\\/termek\\\/warming-personal-lubricant-gel-50ml\\\/\"]}]},{\"@type\":\"ImageObject\",\"inLanguage\":\"en-US\",\"@id\":\"https:\\\/\\\/www.szexshopbelvaros.com\\\/termek\\\/warming-personal-lubricant-gel-50ml\\\/#primaryimage\",\"url\":\"https:\\\/\\\/www.szexshopbelvaros.com\\\/wp-content\\\/uploads\\\/2025\\\/01\\\/ab504522-7cc6-11ee-a558-162ee1a20b34_41350.jpg\",\"contentUrl\":\"https:\\\/\\\/www.szexshopbelvaros.com\\\/wp-content\\\/uploads\\\/2025\\\/01\\\/ab504522-7cc6-11ee-a558-162ee1a20b34_41350.jpg\",\"width\":1200,\"height\":675},{\"@type\":\"BreadcrumbList\",\"@id\":\"https:\\\/\\\/www.szexshopbelvaros.com\\\/termek\\\/warming-personal-lubricant-gel-50ml\\\/#breadcrumb\",\"itemListElement\":[{\"@type\":\"ListItem\",\"position\":1,\"name\":\"Home\",\"item\":\"https:\\\/\\\/www.szexshopbelvaros.com\\\/\"},{\"@type\":\"ListItem\",\"position\":2,\"name\":\"\u00c1ruh\u00e1z\",\"item\":\"https:\\\/\\\/www.szexshopbelvaros.com\\\/uzlet\\\/\"},{\"@type\":\"ListItem\",\"position\":3,\"name\":\"Joydrops Warming Personal Lubricant Gel &#8211; 50ml\"}]},{\"@type\":\"WebSite\",\"@id\":\"https:\\\/\\\/www.szexshopbelvaros.com\\\/#website\",\"url\":\"https:\\\/\\\/www.szexshopbelvaros.com\\\/\",\"name\":\"Szexshop Belv\u00e1ros\",\"description\":\"\ud83d\udd25 A szex olyan, mint a p\u00e9nz; csak a t\u00fal sok el\u00e9g!\u2122 Titkok a belv\u00e1rosb\u00f3l \ud83d\udc8b | Secrets from Budapest \ud83d\udc8e Feln\u0151tt j\u00e1t\u00e9kok \u2022 Erotika \u2022 Szexshop Belvaros\",\"publisher\":{\"@id\":\"https:\\\/\\\/www.szexshopbelvaros.com\\\/#organization\"},\"potentialAction\":[{\"@type\":\"SearchAction\",\"target\":{\"@type\":\"EntryPoint\",\"urlTemplate\":\"https:\\\/\\\/www.szexshopbelvaros.com\\\/?s={search_term_string}\"},\"query-input\":{\"@type\":\"PropertyValueSpecification\",\"valueRequired\":true,\"valueName\":\"search_term_string\"}}],\"inLanguage\":\"en-US\"},{\"@type\":\"Organization\",\"@id\":\"https:\\\/\\\/www.szexshopbelvaros.com\\\/#organization\",\"name\":\"Szexshop Belv\u00e1ros\",\"alternateName\":\"szexshopbelvaros.com\",\"url\":\"https:\\\/\\\/www.szexshopbelvaros.com\\\/\",\"logo\":{\"@type\":\"ImageObject\",\"inLanguage\":\"en-US\",\"@id\":\"https:\\\/\\\/www.szexshopbelvaros.com\\\/#\\\/schema\\\/logo\\\/image\\\/\",\"url\":\"https:\\\/\\\/www.szexshopbelvaros.com\\\/wp-content\\\/uploads\\\/2025\\\/09\\\/1Szexshopbelvaroslogo_blurred_stronger.jpg\",\"contentUrl\":\"https:\\\/\\\/www.szexshopbelvaros.com\\\/wp-content\\\/uploads\\\/2025\\\/09\\\/1Szexshopbelvaroslogo_blurred_stronger.jpg\",\"width\":1024,\"height\":1024,\"caption\":\"Szexshop Belv\u00e1ros\"},\"image\":{\"@id\":\"https:\\\/\\\/www.szexshopbelvaros.com\\\/#\\\/schema\\\/logo\\\/image\\\/\"},\"sameAs\":[\"https:\\\/\\\/www.facebook.com\\\/belvarossecrets\\\/\",\"https:\\\/\\\/x.com\\\/belvarossecrets\",\"https:\\\/\\\/www.instagram.com\\\/belvarossecrets\\\/\",\"https:\\\/\\\/www.tiktok.com\\\/@belvarossecrets\"]}]}<\/script>\n<!-- \/ Yoast SEO plugin. -->","yoast_head_json":{"title":"Joydrops Warming Personal Lubricant Gel - 50ml - Sexshop Belvaros","robots":{"index":"index","follow":"follow","max-snippet":"max-snippet:-1","max-image-preview":"max-image-preview:large","max-video-preview":"max-video-preview:-1"},"canonical":"https:\/\/www.szexshopbelvaros.com\/en\/product\/warming-personal-lubricant-gel-50ml\/","og_locale":"en_US","og_type":"article","og_title":"Joydrops Warming Personal Lubricant Gel - 50ml - Szexshop Belvaros","og_description":"JoyDrops\u00ae Meleg\u00edt\u0151 s\u00edkos\u00edt\u00f3 g\u00e9l &#8211; Hozz\u00e1j\u00e1rul a v\u00e9r\u00e1raml\u00e1s felgyors\u00edt\u00e1s\u00e1hoz \u00e9s ez\u00e1ltal a stimul\u00e1ci\u00f3hoz az\u00e1ltal, hogy s\u00farl\u00f3d\u00e1ssal meleg\u00edt\u0151 hat\u00e1st fejt ki. L\u00e1gyabb \u00e9s gyeng\u00e9debb s\u00edkos\u00edt\u00e1st biztos\u00edt a szexu\u00e1lis egy\u00fcttl\u00e9t \u00e9s a maszturb\u00e1ci\u00f3 sor\u00e1n. Haszn\u00e1lat: A sz\u00fcks\u00e9ges mennyis\u00e9g\u0171 g\u00e9lt egy \u00f3vszerre vagy a nemi szervek ter\u00fclet\u00e9re kell felvinni. &nbsp;","og_url":"https:\/\/www.szexshopbelvaros.com\/en\/product\/warming-personal-lubricant-gel-50ml\/","og_site_name":"Szexshop Belvaros","article_publisher":"https:\/\/www.facebook.com\/belvarossecrets\/","article_modified_time":"2026-02-14T14:53:54+00:00","og_image":[{"width":1200,"height":675,"url":"https:\/\/www.szexshopbelvaros.com\/wp-content\/uploads\/2025\/01\/ab504522-7cc6-11ee-a558-162ee1a20b34_41350.jpg","type":"image\/jpeg"}],"twitter_card":"summary_large_image","twitter_site":"@belvarossecrets","schema":{"@context":"https:\/\/schema.org","@graph":[{"@type":"WebPage","@id":"https:\/\/www.szexshopbelvaros.com\/termek\/warming-personal-lubricant-gel-50ml\/","url":"https:\/\/www.szexshopbelvaros.com\/termek\/warming-personal-lubricant-gel-50ml\/","name":"Joydrops Warming Personal Lubricant Gel - 50ml - Sexshop Belvaros","isPartOf":{"@id":"https:\/\/www.szexshopbelvaros.com\/#website"},"primaryImageOfPage":{"@id":"https:\/\/www.szexshopbelvaros.com\/termek\/warming-personal-lubricant-gel-50ml\/#primaryimage"},"image":{"@id":"https:\/\/www.szexshopbelvaros.com\/termek\/warming-personal-lubricant-gel-50ml\/#primaryimage"},"thumbnailUrl":"https:\/\/www.szexshopbelvaros.com\/wp-content\/uploads\/2025\/01\/ab504522-7cc6-11ee-a558-162ee1a20b34_41350.jpg","datePublished":"2025-01-31T13:36:13+00:00","dateModified":"2026-02-14T14:53:54+00:00","breadcrumb":{"@id":"https:\/\/www.szexshopbelvaros.com\/termek\/warming-personal-lubricant-gel-50ml\/#breadcrumb"},"inLanguage":"en-US","potentialAction":[{"@type":"ReadAction","target":["https:\/\/www.szexshopbelvaros.com\/termek\/warming-personal-lubricant-gel-50ml\/"]}]},{"@type":"ImageObject","inLanguage":"en-US","@id":"https:\/\/www.szexshopbelvaros.com\/termek\/warming-personal-lubricant-gel-50ml\/#primaryimage","url":"https:\/\/www.szexshopbelvaros.com\/wp-content\/uploads\/2025\/01\/ab504522-7cc6-11ee-a558-162ee1a20b34_41350.jpg","contentUrl":"https:\/\/www.szexshopbelvaros.com\/wp-content\/uploads\/2025\/01\/ab504522-7cc6-11ee-a558-162ee1a20b34_41350.jpg","width":1200,"height":675},{"@type":"BreadcrumbList","@id":"https:\/\/www.szexshopbelvaros.com\/termek\/warming-personal-lubricant-gel-50ml\/#breadcrumb","itemListElement":[{"@type":"ListItem","position":1,"name":"Home","item":"https:\/\/www.szexshopbelvaros.com\/"},{"@type":"ListItem","position":2,"name":"\u00c1ruh\u00e1z","item":"https:\/\/www.szexshopbelvaros.com\/uzlet\/"},{"@type":"ListItem","position":3,"name":"Joydrops Warming Personal Lubricant Gel &#8211; 50ml"}]},{"@type":"WebSite","@id":"https:\/\/www.szexshopbelvaros.com\/#website","url":"https:\/\/www.szexshopbelvaros.com\/","name":"at our Szexshop Belv\u00e1ros","description":"\ud83d\udd25 Sex is like money; only too much is enough!\u2122 Secrets from the city center \ud83d\udc8b | Secrets from Budapest \ud83d\udc8e Adult games \u2022 Erotica \u2022 Sex shop Belvaros","publisher":{"@id":"https:\/\/www.szexshopbelvaros.com\/#organization"},"potentialAction":[{"@type":"SearchAction","target":{"@type":"EntryPoint","urlTemplate":"https:\/\/www.szexshopbelvaros.com\/?s={search_term_string}"},"query-input":{"@type":"PropertyValueSpecification","valueRequired":true,"valueName":"search_term_string"}}],"inLanguage":"en-US"},{"@type":"Organization","@id":"https:\/\/www.szexshopbelvaros.com\/#organization","name":"at our Szexshop Belv\u00e1ros","alternateName":"szexshopbelvaros.com","url":"https:\/\/www.szexshopbelvaros.com\/","logo":{"@type":"ImageObject","inLanguage":"en-US","@id":"https:\/\/www.szexshopbelvaros.com\/#\/schema\/logo\/image\/","url":"https:\/\/www.szexshopbelvaros.com\/wp-content\/uploads\/2025\/09\/1Szexshopbelvaroslogo_blurred_stronger.jpg","contentUrl":"https:\/\/www.szexshopbelvaros.com\/wp-content\/uploads\/2025\/09\/1Szexshopbelvaroslogo_blurred_stronger.jpg","width":1024,"height":1024,"caption":"Szexshop Belv\u00e1ros"},"image":{"@id":"https:\/\/www.szexshopbelvaros.com\/#\/schema\/logo\/image\/"},"sameAs":["https:\/\/www.facebook.com\/belvarossecrets\/","https:\/\/x.com\/belvarossecrets","https:\/\/www.instagram.com\/belvarossecrets\/","https:\/\/www.tiktok.com\/@belvarossecrets"]}]}},"_links":{"self":[{"href":"https:\/\/www.szexshopbelvaros.com\/en\/wp-json\/wp\/v2\/product\/218","targetHints":{"allow":["GET"]}}],"collection":[{"href":"https:\/\/www.szexshopbelvaros.com\/en\/wp-json\/wp\/v2\/product"}],"about":[{"href":"https:\/\/www.szexshopbelvaros.com\/en\/wp-json\/wp\/v2\/types\/product"}],"replies":[{"embeddable":true,"href":"https:\/\/www.szexshopbelvaros.com\/en\/wp-json\/wp\/v2\/comments?post=218"}],"wp:featuredmedia":[{"embeddable":true,"href":"https:\/\/www.szexshopbelvaros.com\/en\/wp-json\/wp\/v2\/media\/219"}],"wp:attachment":[{"href":"https:\/\/www.szexshopbelvaros.com\/en\/wp-json\/wp\/v2\/media?parent=218"}],"wp:term":[{"taxonomy":"product_brand","embeddable":true,"href":"https:\/\/www.szexshopbelvaros.com\/en\/wp-json\/wp\/v2\/product_brand?post=218"},{"taxonomy":"product_cat","embeddable":true,"href":"https:\/\/www.szexshopbelvaros.com\/en\/wp-json\/wp\/v2\/product_cat?post=218"},{"taxonomy":"product_tag","embeddable":true,"href":"https:\/\/www.szexshopbelvaros.com\/en\/wp-json\/wp\/v2\/product_tag?post=218"}],"curies":[{"name":"wp","href":"https:\/\/api.w.org\/{rel}","templated":true}]}}