{"id":220,"date":"2025-01-31T14:36:13","date_gmt":"2025-01-31T13:36:13","guid":{"rendered":"https:\/\/www.szexshopbelvaros.com\/termek\/pjursuperhero-30-ml-bottle\/"},"modified":"2026-02-14T15:54:16","modified_gmt":"2026-02-14T14:54:16","slug":"pjursuperhero-30-ml-bottle","status":"publish","type":"product","link":"https:\/\/www.szexshopbelvaros.com\/en\/product\/pjursuperhero-30-ml-bottle\/","title":{"rendered":"pjur\u00aesuperhero \u2013 30 ml bottle"},"content":{"rendered":"<p>A premium water-based lubricant with a higher dose of ginkgo. Ginkgo is well known for its extraordinary effectiveness, stimulating and energizing effects. Ginkgo extracts are easily absorbed into the skin and enter the bloodstream, thus exerting their extra strength and stimulating effect. Dermatologically tested.<\/p>\n<p>Special characteristic stimulating<br \/>\nProduct group gel<\/p>\n<p>&nbsp;<\/p>","protected":false},"excerpt":{"rendered":"<p>A premium water-based lubricant with a higher dose of ginkgo. Ginkgo is well known for its extraordinary effectiveness, stimulating and energizing effects. Ginkgo extracts are easily absorbed into the skin and enter the bloodstream, thus exerting their extra strength and stimulating effect. Dermatologically tested. Special feature stimulating Product group gel &nbsp;<\/p>","protected":false},"featured_media":221,"comment_status":"closed","ping_status":"closed","template":"","meta":[],"product_brand":[],"product_cat":[156,80],"product_tag":[2052,2053,1528,2050,888,2047,2051,2049,2060,1201,673,899,220,2048,2059,340,346,1529],"class_list":{"0":"post-220","1":"product","2":"type-product","3":"status-publish","4":"has-post-thumbnail","6":"product_cat-drogeria-wellness","7":"product_cat-sikositok","8":"product_tag-adult-care","9":"product_tag-couples-wellness","10":"product_tag-drogeria","11":"product_tag-felnotteknek","12":"product_tag-intim-sikosito","13":"product_tag-intim-termek","14":"product_tag-intimate-products","15":"product_tag-paros-egeszseg","16":"product_tag-personal-lubricant","17":"product_tag-sexual-wellness","18":"product_tag-sikosito","19":"product_tag-silicone-lube","20":"product_tag-szexshop-belvaros","21":"product_tag-szexualis-egeszseg","22":"product_tag-szilikonos-sikosito","23":"product_tag-vizbazisu-sikosito","24":"product_tag-water-based-lube","25":"product_tag-wellness","27":"first","28":"instock","29":"taxable","30":"shipping-taxable","31":"purchasable","32":"product-type-simple"},"yoast_head":"<!-- This site is optimized with the Yoast SEO plugin v27.4 - https:\/\/yoast.com\/product\/yoast-seo-wordpress\/ -->\n<title>pjur\u00aesuperhero - 30 ml bottle - Szexshop Belvaros<\/title>\n<meta name=\"robots\" content=\"index, follow, max-snippet:-1, max-image-preview:large, max-video-preview:-1\" \/>\n<link rel=\"canonical\" href=\"https:\/\/www.szexshopbelvaros.com\/en\/product\/pjursuperhero-30-ml-bottle\/\" \/>\n<meta property=\"og:locale\" content=\"en_US\" \/>\n<meta property=\"og:type\" content=\"article\" \/>\n<meta property=\"og:title\" content=\"pjur\u00aesuperhero - 30 ml bottle - Szexshop Belvaros\" \/>\n<meta property=\"og:description\" content=\"Egy pr\u00e9mium v\u00edzb\u00e1zis\u00fa s\u00edkos\u00edt\u00f3 magasabb ginkgo d\u00f3zissal. A Ginkgo j\u00f3l ismert a rendk\u00edv\u00fcli hat\u00e9konys\u00e1g\u00e1r\u00f3l, serkent\u0151 \u00e9s energiz\u00e1l\u00f3 hat\u00e1s\u00e1r\u00f3l. A ginkgo kivonatok k\u00f6nnyen felsz\u00edv\u00f3dnak a b\u0151rben \u00e9s beker\u00fclnek a v\u00e9r\u00e1ramba, \u00edgy fejtve ki az extra erej\u00fcket \u00e9s serkent\u0151 hat\u00e1sukat. B\u0151rgy\u00f3gy\u00e1szatilag tesztelt. Speci\u00e1lis jellemz\u0151 stimul\u00e1l\u00f3 Term\u00e9kcsoport g\u00e9l &nbsp;\" \/>\n<meta property=\"og:url\" content=\"https:\/\/www.szexshopbelvaros.com\/en\/product\/pjursuperhero-30-ml-bottle\/\" \/>\n<meta property=\"og:site_name\" content=\"Szexshop Belvaros\" \/>\n<meta property=\"article:publisher\" content=\"https:\/\/www.facebook.com\/belvarossecrets\/\" \/>\n<meta property=\"article:modified_time\" content=\"2026-02-14T14:54:16+00:00\" \/>\n<meta property=\"og:image\" content=\"https:\/\/www.szexshopbelvaros.com\/wp-content\/uploads\/2025\/01\/18ff53a4-7cc9-11ee-9af4-0a829d7da5bd_48068_1000x1000.jpg\" \/>\n\t<meta property=\"og:image:width\" content=\"1200\" \/>\n\t<meta property=\"og:image:height\" content=\"675\" \/>\n\t<meta property=\"og:image:type\" content=\"image\/jpeg\" \/>\n<meta name=\"twitter:card\" content=\"summary_large_image\" \/>\n<meta name=\"twitter:site\" content=\"@belvarossecrets\" \/>\n<script type=\"application\/ld+json\" class=\"yoast-schema-graph\">{\"@context\":\"https:\\\/\\\/schema.org\",\"@graph\":[{\"@type\":\"WebPage\",\"@id\":\"https:\\\/\\\/www.szexshopbelvaros.com\\\/termek\\\/pjursuperhero-30-ml-bottle\\\/\",\"url\":\"https:\\\/\\\/www.szexshopbelvaros.com\\\/termek\\\/pjursuperhero-30-ml-bottle\\\/\",\"name\":\"pjur\u00aesuperhero - 30 ml bottle - Szexshop Belvaros\",\"isPartOf\":{\"@id\":\"https:\\\/\\\/www.szexshopbelvaros.com\\\/#website\"},\"primaryImageOfPage\":{\"@id\":\"https:\\\/\\\/www.szexshopbelvaros.com\\\/termek\\\/pjursuperhero-30-ml-bottle\\\/#primaryimage\"},\"image\":{\"@id\":\"https:\\\/\\\/www.szexshopbelvaros.com\\\/termek\\\/pjursuperhero-30-ml-bottle\\\/#primaryimage\"},\"thumbnailUrl\":\"https:\\\/\\\/www.szexshopbelvaros.com\\\/wp-content\\\/uploads\\\/2025\\\/01\\\/18ff53a4-7cc9-11ee-9af4-0a829d7da5bd_48068_1000x1000.jpg\",\"datePublished\":\"2025-01-31T13:36:13+00:00\",\"dateModified\":\"2026-02-14T14:54:16+00:00\",\"breadcrumb\":{\"@id\":\"https:\\\/\\\/www.szexshopbelvaros.com\\\/termek\\\/pjursuperhero-30-ml-bottle\\\/#breadcrumb\"},\"inLanguage\":\"en-US\",\"potentialAction\":[{\"@type\":\"ReadAction\",\"target\":[\"https:\\\/\\\/www.szexshopbelvaros.com\\\/termek\\\/pjursuperhero-30-ml-bottle\\\/\"]}]},{\"@type\":\"ImageObject\",\"inLanguage\":\"en-US\",\"@id\":\"https:\\\/\\\/www.szexshopbelvaros.com\\\/termek\\\/pjursuperhero-30-ml-bottle\\\/#primaryimage\",\"url\":\"https:\\\/\\\/www.szexshopbelvaros.com\\\/wp-content\\\/uploads\\\/2025\\\/01\\\/18ff53a4-7cc9-11ee-9af4-0a829d7da5bd_48068_1000x1000.jpg\",\"contentUrl\":\"https:\\\/\\\/www.szexshopbelvaros.com\\\/wp-content\\\/uploads\\\/2025\\\/01\\\/18ff53a4-7cc9-11ee-9af4-0a829d7da5bd_48068_1000x1000.jpg\",\"width\":1200,\"height\":675},{\"@type\":\"BreadcrumbList\",\"@id\":\"https:\\\/\\\/www.szexshopbelvaros.com\\\/termek\\\/pjursuperhero-30-ml-bottle\\\/#breadcrumb\",\"itemListElement\":[{\"@type\":\"ListItem\",\"position\":1,\"name\":\"Home\",\"item\":\"https:\\\/\\\/www.szexshopbelvaros.com\\\/\"},{\"@type\":\"ListItem\",\"position\":2,\"name\":\"\u00c1ruh\u00e1z\",\"item\":\"https:\\\/\\\/www.szexshopbelvaros.com\\\/uzlet\\\/\"},{\"@type\":\"ListItem\",\"position\":3,\"name\":\"pjur\u00aesuperhero &#8211; 30 ml bottle\"}]},{\"@type\":\"WebSite\",\"@id\":\"https:\\\/\\\/www.szexshopbelvaros.com\\\/#website\",\"url\":\"https:\\\/\\\/www.szexshopbelvaros.com\\\/\",\"name\":\"Szexshop Belv\u00e1ros\",\"description\":\"\ud83d\udd25 A szex olyan, mint a p\u00e9nz; csak a t\u00fal sok el\u00e9g!\u2122 Titkok a belv\u00e1rosb\u00f3l \ud83d\udc8b | Secrets from Budapest \ud83d\udc8e Feln\u0151tt j\u00e1t\u00e9kok \u2022 Erotika \u2022 Szexshop Belvaros\",\"publisher\":{\"@id\":\"https:\\\/\\\/www.szexshopbelvaros.com\\\/#organization\"},\"potentialAction\":[{\"@type\":\"SearchAction\",\"target\":{\"@type\":\"EntryPoint\",\"urlTemplate\":\"https:\\\/\\\/www.szexshopbelvaros.com\\\/?s={search_term_string}\"},\"query-input\":{\"@type\":\"PropertyValueSpecification\",\"valueRequired\":true,\"valueName\":\"search_term_string\"}}],\"inLanguage\":\"en-US\"},{\"@type\":\"Organization\",\"@id\":\"https:\\\/\\\/www.szexshopbelvaros.com\\\/#organization\",\"name\":\"Szexshop Belv\u00e1ros\",\"alternateName\":\"szexshopbelvaros.com\",\"url\":\"https:\\\/\\\/www.szexshopbelvaros.com\\\/\",\"logo\":{\"@type\":\"ImageObject\",\"inLanguage\":\"en-US\",\"@id\":\"https:\\\/\\\/www.szexshopbelvaros.com\\\/#\\\/schema\\\/logo\\\/image\\\/\",\"url\":\"https:\\\/\\\/www.szexshopbelvaros.com\\\/wp-content\\\/uploads\\\/2025\\\/09\\\/1Szexshopbelvaroslogo_blurred_stronger.jpg\",\"contentUrl\":\"https:\\\/\\\/www.szexshopbelvaros.com\\\/wp-content\\\/uploads\\\/2025\\\/09\\\/1Szexshopbelvaroslogo_blurred_stronger.jpg\",\"width\":1024,\"height\":1024,\"caption\":\"Szexshop Belv\u00e1ros\"},\"image\":{\"@id\":\"https:\\\/\\\/www.szexshopbelvaros.com\\\/#\\\/schema\\\/logo\\\/image\\\/\"},\"sameAs\":[\"https:\\\/\\\/www.facebook.com\\\/belvarossecrets\\\/\",\"https:\\\/\\\/x.com\\\/belvarossecrets\",\"https:\\\/\\\/www.instagram.com\\\/belvarossecrets\\\/\",\"https:\\\/\\\/www.tiktok.com\\\/@belvarossecrets\"]}]}<\/script>\n<!-- \/ Yoast SEO plugin. -->","yoast_head_json":{"title":"pjur\u00aesuperhero - 30 ml bottle - Sex shop Belvaros","robots":{"index":"index","follow":"follow","max-snippet":"max-snippet:-1","max-image-preview":"max-image-preview:large","max-video-preview":"max-video-preview:-1"},"canonical":"https:\/\/www.szexshopbelvaros.com\/en\/product\/pjursuperhero-30-ml-bottle\/","og_locale":"en_US","og_type":"article","og_title":"pjur\u00aesuperhero - 30 ml bottle - Szexshop Belvaros","og_description":"Egy pr\u00e9mium v\u00edzb\u00e1zis\u00fa s\u00edkos\u00edt\u00f3 magasabb ginkgo d\u00f3zissal. A Ginkgo j\u00f3l ismert a rendk\u00edv\u00fcli hat\u00e9konys\u00e1g\u00e1r\u00f3l, serkent\u0151 \u00e9s energiz\u00e1l\u00f3 hat\u00e1s\u00e1r\u00f3l. A ginkgo kivonatok k\u00f6nnyen felsz\u00edv\u00f3dnak a b\u0151rben \u00e9s beker\u00fclnek a v\u00e9r\u00e1ramba, \u00edgy fejtve ki az extra erej\u00fcket \u00e9s serkent\u0151 hat\u00e1sukat. B\u0151rgy\u00f3gy\u00e1szatilag tesztelt. Speci\u00e1lis jellemz\u0151 stimul\u00e1l\u00f3 Term\u00e9kcsoport g\u00e9l &nbsp;","og_url":"https:\/\/www.szexshopbelvaros.com\/en\/product\/pjursuperhero-30-ml-bottle\/","og_site_name":"Szexshop Belvaros","article_publisher":"https:\/\/www.facebook.com\/belvarossecrets\/","article_modified_time":"2026-02-14T14:54:16+00:00","og_image":[{"width":1200,"height":675,"url":"https:\/\/www.szexshopbelvaros.com\/wp-content\/uploads\/2025\/01\/18ff53a4-7cc9-11ee-9af4-0a829d7da5bd_48068_1000x1000.jpg","type":"image\/jpeg"}],"twitter_card":"summary_large_image","twitter_site":"@belvarossecrets","schema":{"@context":"https:\/\/schema.org","@graph":[{"@type":"WebPage","@id":"https:\/\/www.szexshopbelvaros.com\/termek\/pjursuperhero-30-ml-bottle\/","url":"https:\/\/www.szexshopbelvaros.com\/termek\/pjursuperhero-30-ml-bottle\/","name":"pjur\u00aesuperhero - 30 ml bottle - Sex shop Belvaros","isPartOf":{"@id":"https:\/\/www.szexshopbelvaros.com\/#website"},"primaryImageOfPage":{"@id":"https:\/\/www.szexshopbelvaros.com\/termek\/pjursuperhero-30-ml-bottle\/#primaryimage"},"image":{"@id":"https:\/\/www.szexshopbelvaros.com\/termek\/pjursuperhero-30-ml-bottle\/#primaryimage"},"thumbnailUrl":"https:\/\/www.szexshopbelvaros.com\/wp-content\/uploads\/2025\/01\/18ff53a4-7cc9-11ee-9af4-0a829d7da5bd_48068_1000x1000.jpg","datePublished":"2025-01-31T13:36:13+00:00","dateModified":"2026-02-14T14:54:16+00:00","breadcrumb":{"@id":"https:\/\/www.szexshopbelvaros.com\/termek\/pjursuperhero-30-ml-bottle\/#breadcrumb"},"inLanguage":"en-US","potentialAction":[{"@type":"ReadAction","target":["https:\/\/www.szexshopbelvaros.com\/termek\/pjursuperhero-30-ml-bottle\/"]}]},{"@type":"ImageObject","inLanguage":"en-US","@id":"https:\/\/www.szexshopbelvaros.com\/termek\/pjursuperhero-30-ml-bottle\/#primaryimage","url":"https:\/\/www.szexshopbelvaros.com\/wp-content\/uploads\/2025\/01\/18ff53a4-7cc9-11ee-9af4-0a829d7da5bd_48068_1000x1000.jpg","contentUrl":"https:\/\/www.szexshopbelvaros.com\/wp-content\/uploads\/2025\/01\/18ff53a4-7cc9-11ee-9af4-0a829d7da5bd_48068_1000x1000.jpg","width":1200,"height":675},{"@type":"BreadcrumbList","@id":"https:\/\/www.szexshopbelvaros.com\/termek\/pjursuperhero-30-ml-bottle\/#breadcrumb","itemListElement":[{"@type":"ListItem","position":1,"name":"Home","item":"https:\/\/www.szexshopbelvaros.com\/"},{"@type":"ListItem","position":2,"name":"\u00c1ruh\u00e1z","item":"https:\/\/www.szexshopbelvaros.com\/uzlet\/"},{"@type":"ListItem","position":3,"name":"pjur\u00aesuperhero &#8211; 30 ml bottle"}]},{"@type":"WebSite","@id":"https:\/\/www.szexshopbelvaros.com\/#website","url":"https:\/\/www.szexshopbelvaros.com\/","name":"at our Szexshop Belv\u00e1ros","description":"\ud83d\udd25 Sex is like money; only too much is enough!\u2122 Secrets from the city center \ud83d\udc8b | Secrets from Budapest \ud83d\udc8e Adult games \u2022 Erotica \u2022 Sex shop Belvaros","publisher":{"@id":"https:\/\/www.szexshopbelvaros.com\/#organization"},"potentialAction":[{"@type":"SearchAction","target":{"@type":"EntryPoint","urlTemplate":"https:\/\/www.szexshopbelvaros.com\/?s={search_term_string}"},"query-input":{"@type":"PropertyValueSpecification","valueRequired":true,"valueName":"search_term_string"}}],"inLanguage":"en-US"},{"@type":"Organization","@id":"https:\/\/www.szexshopbelvaros.com\/#organization","name":"at our Szexshop Belv\u00e1ros","alternateName":"szexshopbelvaros.com","url":"https:\/\/www.szexshopbelvaros.com\/","logo":{"@type":"ImageObject","inLanguage":"en-US","@id":"https:\/\/www.szexshopbelvaros.com\/#\/schema\/logo\/image\/","url":"https:\/\/www.szexshopbelvaros.com\/wp-content\/uploads\/2025\/09\/1Szexshopbelvaroslogo_blurred_stronger.jpg","contentUrl":"https:\/\/www.szexshopbelvaros.com\/wp-content\/uploads\/2025\/09\/1Szexshopbelvaroslogo_blurred_stronger.jpg","width":1024,"height":1024,"caption":"Szexshop Belv\u00e1ros"},"image":{"@id":"https:\/\/www.szexshopbelvaros.com\/#\/schema\/logo\/image\/"},"sameAs":["https:\/\/www.facebook.com\/belvarossecrets\/","https:\/\/x.com\/belvarossecrets","https:\/\/www.instagram.com\/belvarossecrets\/","https:\/\/www.tiktok.com\/@belvarossecrets"]}]}},"_links":{"self":[{"href":"https:\/\/www.szexshopbelvaros.com\/en\/wp-json\/wp\/v2\/product\/220","targetHints":{"allow":["GET"]}}],"collection":[{"href":"https:\/\/www.szexshopbelvaros.com\/en\/wp-json\/wp\/v2\/product"}],"about":[{"href":"https:\/\/www.szexshopbelvaros.com\/en\/wp-json\/wp\/v2\/types\/product"}],"replies":[{"embeddable":true,"href":"https:\/\/www.szexshopbelvaros.com\/en\/wp-json\/wp\/v2\/comments?post=220"}],"wp:featuredmedia":[{"embeddable":true,"href":"https:\/\/www.szexshopbelvaros.com\/en\/wp-json\/wp\/v2\/media\/221"}],"wp:attachment":[{"href":"https:\/\/www.szexshopbelvaros.com\/en\/wp-json\/wp\/v2\/media?parent=220"}],"wp:term":[{"taxonomy":"product_brand","embeddable":true,"href":"https:\/\/www.szexshopbelvaros.com\/en\/wp-json\/wp\/v2\/product_brand?post=220"},{"taxonomy":"product_cat","embeddable":true,"href":"https:\/\/www.szexshopbelvaros.com\/en\/wp-json\/wp\/v2\/product_cat?post=220"},{"taxonomy":"product_tag","embeddable":true,"href":"https:\/\/www.szexshopbelvaros.com\/en\/wp-json\/wp\/v2\/product_tag?post=220"}],"curies":[{"name":"wp","href":"https:\/\/api.w.org\/{rel}","templated":true}]}}