{"id":222,"date":"2025-01-31T14:36:13","date_gmt":"2025-01-31T13:36:13","guid":{"rendered":"https:\/\/www.szexshopbelvaros.com\/termek\/sinful-collar-black\/"},"modified":"2026-04-21T16:20:02","modified_gmt":"2026-04-21T14:20:02","slug":"sinful-collar-black","status":"publish","type":"product","link":"https:\/\/www.szexshopbelvaros.com\/en\/product\/sinful-collar-black\/","title":{"rendered":"\ud83d\udc15\u200d\ud83e\uddba Sinful Collar \u2013 The collar that&#039;s not just for dogs"},"content":{"rendered":"<p data-start=\"438\" data-end=\"1080\">This 52 cm adjustable black fetish collar with leash is not made for walking - unless you are leading a man or woman on a chain of desire into the dark recesses of the bedroom. Thanks to its unisex design, this BDSM accessory is ideal for all submissive players, whether they are dominant women, submissive men or role-switching lovers. The combination of vinyl and metal is not only spectacular, but also provides firm control, while the leash whispers with every movement: <em data-start=\"914\" data-end=\"940\">tonight you are mine.<\/em>Perfect for BDSM roleplay, fetish experiences, or just a little naughty control when sex isn&#039;t a game \u2014 it&#039;s a command.<\/p>\n<p data-start=\"1082\" data-end=\"1244\">It is available at Szexshopbelvaros - where the collar is not just a decoration, but an intention, and where men, women, and every playmate have their own leash.<\/p>\n<p>&nbsp;<\/p>","protected":false},"excerpt":{"rendered":"<p>Ez az 52 centis, \u00e1ll\u00edthat\u00f3 m\u00e9ret\u0171 fekete fetish nyak\u00f6rv p\u00f3r\u00e1zzal nem a s\u00e9t\u00e1ltat\u00e1shoz k\u00e9sz\u00fclt \u2013 hacsak nem f\u00e9rfit vagy n\u0151t vezetsz a v\u00e1gy l\u00e1nc\u00e1n a h\u00e1l\u00f3szoba s\u00f6t\u00e9t bugyraiba. Uniszex kialak\u00edt\u00e1s\u00e1nak k\u00f6sz\u00f6nhet\u0151en ez a BDSM kieg\u00e9sz\u00edt\u0151 minden al\u00e1vetett lelk\u0171 j\u00e1t\u00e9kosnak ide\u00e1lis, legyen sz\u00f3 domin\u00e1ns n\u0151r\u0151l, engedelmes f\u00e9rfir\u00f3l, vagy szerepcsere im\u00e1d\u00f3kr\u00f3l. A vinyl \u00e9s f\u00e9m p\u00e1rosa nem [&#8230;]\n","protected":false},"featured_media":2790,"comment_status":"closed","ping_status":"closed","template":"","meta":[],"product_brand":[177],"product_cat":[52,2006],"product_tag":[309,321,1410,372,316,308,389,2008,733,317,715,1625,2013],"class_list":{"0":"post-222","1":"product","2":"type-product","3":"status-publish","4":"has-post-thumbnail","6":"product_brand-ns-novelties","7":"product_cat-bdsm","8":"product_cat-dominancia-alavetettseg","9":"product_tag-alavetettseg","10":"product_tag-bdsm","11":"product_tag-bdsm-toy","12":"product_tag-bondage","13":"product_tag-dominance","14":"product_tag-dominancia","15":"product_tag-felnott-jatek","16":"product_tag-kink","17":"product_tag-power-exchange","18":"product_tag-submission","19":"product_tag-szadomazo-kellek","20":"product_tag-szerepjatek","21":"product_tag-uralom","23":"first","24":"instock","25":"taxable","26":"shipping-taxable","27":"purchasable","28":"product-type-simple"},"yoast_head":"<!-- This site is optimized with the Yoast SEO plugin v27.4 - https:\/\/yoast.com\/product\/yoast-seo-wordpress\/ -->\n<title>\ud83d\udc15\u200d\ud83e\uddba Sinful Collar \u2013 A nyak\u00f6rv, ami nem csak kuty\u00e1knak val\u00f3 - Szexshop Belvaros<\/title>\n<meta name=\"robots\" content=\"index, follow, max-snippet:-1, max-image-preview:large, max-video-preview:-1\" \/>\n<link rel=\"canonical\" href=\"https:\/\/www.szexshopbelvaros.com\/en\/product\/sinful-collar-black\/\" \/>\n<meta property=\"og:locale\" content=\"en_US\" \/>\n<meta property=\"og:type\" content=\"article\" \/>\n<meta property=\"og:title\" content=\"\ud83d\udc15\u200d\ud83e\uddba Sinful Collar \u2013 A nyak\u00f6rv, ami nem csak kuty\u00e1knak val\u00f3 - Szexshop Belvaros\" \/>\n<meta property=\"og:description\" content=\"Ez az 52 centis, \u00e1ll\u00edthat\u00f3 m\u00e9ret\u0171 fekete fetish nyak\u00f6rv p\u00f3r\u00e1zzal nem a s\u00e9t\u00e1ltat\u00e1shoz k\u00e9sz\u00fclt \u2013 hacsak nem f\u00e9rfit vagy n\u0151t vezetsz a v\u00e1gy l\u00e1nc\u00e1n a h\u00e1l\u00f3szoba s\u00f6t\u00e9t bugyraiba. Uniszex kialak\u00edt\u00e1s\u00e1nak k\u00f6sz\u00f6nhet\u0151en ez a BDSM kieg\u00e9sz\u00edt\u0151 minden al\u00e1vetett lelk\u0171 j\u00e1t\u00e9kosnak ide\u00e1lis, legyen sz\u00f3 domin\u00e1ns n\u0151r\u0151l, engedelmes f\u00e9rfir\u00f3l, vagy szerepcsere im\u00e1d\u00f3kr\u00f3l. A vinyl \u00e9s f\u00e9m p\u00e1rosa nem [...]\" \/>\n<meta property=\"og:url\" content=\"https:\/\/www.szexshopbelvaros.com\/en\/product\/sinful-collar-black\/\" \/>\n<meta property=\"og:site_name\" content=\"Szexshop Belvaros\" \/>\n<meta property=\"article:publisher\" content=\"https:\/\/www.facebook.com\/belvarossecrets\/\" \/>\n<meta property=\"article:modified_time\" content=\"2026-04-21T14:20:02+00:00\" \/>\n<meta property=\"og:image\" content=\"https:\/\/www.szexshopbelvaros.com\/wp-content\/uploads\/2025\/01\/69b683185fa116cd62e5c03f-scaled.png\" \/>\n\t<meta property=\"og:image:width\" content=\"2560\" \/>\n\t<meta property=\"og:image:height\" content=\"1440\" \/>\n\t<meta property=\"og:image:type\" content=\"image\/png\" \/>\n<meta name=\"twitter:card\" content=\"summary_large_image\" \/>\n<meta name=\"twitter:site\" content=\"@belvarossecrets\" \/>\n<meta name=\"twitter:label1\" content=\"Est. reading time\" \/>\n\t<meta name=\"twitter:data1\" content=\"1 minute\" \/>\n<script type=\"application\/ld+json\" class=\"yoast-schema-graph\">{\"@context\":\"https:\\\/\\\/schema.org\",\"@graph\":[{\"@type\":\"WebPage\",\"@id\":\"https:\\\/\\\/www.szexshopbelvaros.com\\\/termek\\\/sinful-collar-black\\\/\",\"url\":\"https:\\\/\\\/www.szexshopbelvaros.com\\\/termek\\\/sinful-collar-black\\\/\",\"name\":\"\ud83d\udc15\u200d\ud83e\uddba Sinful Collar \u2013 A nyak\u00f6rv, ami nem csak kuty\u00e1knak val\u00f3 - Szexshop Belvaros\",\"isPartOf\":{\"@id\":\"https:\\\/\\\/www.szexshopbelvaros.com\\\/#website\"},\"primaryImageOfPage\":{\"@id\":\"https:\\\/\\\/www.szexshopbelvaros.com\\\/termek\\\/sinful-collar-black\\\/#primaryimage\"},\"image\":{\"@id\":\"https:\\\/\\\/www.szexshopbelvaros.com\\\/termek\\\/sinful-collar-black\\\/#primaryimage\"},\"thumbnailUrl\":\"https:\\\/\\\/www.szexshopbelvaros.com\\\/wp-content\\\/uploads\\\/2025\\\/01\\\/69b683185fa116cd62e5c03f-scaled.png\",\"datePublished\":\"2025-01-31T13:36:13+00:00\",\"dateModified\":\"2026-04-21T14:20:02+00:00\",\"breadcrumb\":{\"@id\":\"https:\\\/\\\/www.szexshopbelvaros.com\\\/termek\\\/sinful-collar-black\\\/#breadcrumb\"},\"inLanguage\":\"en-US\",\"potentialAction\":[{\"@type\":\"ReadAction\",\"target\":[\"https:\\\/\\\/www.szexshopbelvaros.com\\\/termek\\\/sinful-collar-black\\\/\"]}]},{\"@type\":\"ImageObject\",\"inLanguage\":\"en-US\",\"@id\":\"https:\\\/\\\/www.szexshopbelvaros.com\\\/termek\\\/sinful-collar-black\\\/#primaryimage\",\"url\":\"https:\\\/\\\/www.szexshopbelvaros.com\\\/wp-content\\\/uploads\\\/2025\\\/01\\\/69b683185fa116cd62e5c03f-scaled.png\",\"contentUrl\":\"https:\\\/\\\/www.szexshopbelvaros.com\\\/wp-content\\\/uploads\\\/2025\\\/01\\\/69b683185fa116cd62e5c03f-scaled.png\",\"width\":2560,\"height\":1440},{\"@type\":\"BreadcrumbList\",\"@id\":\"https:\\\/\\\/www.szexshopbelvaros.com\\\/termek\\\/sinful-collar-black\\\/#breadcrumb\",\"itemListElement\":[{\"@type\":\"ListItem\",\"position\":1,\"name\":\"Home\",\"item\":\"https:\\\/\\\/www.szexshopbelvaros.com\\\/\"},{\"@type\":\"ListItem\",\"position\":2,\"name\":\"\u00c1ruh\u00e1z\",\"item\":\"https:\\\/\\\/www.szexshopbelvaros.com\\\/uzlet\\\/\"},{\"@type\":\"ListItem\",\"position\":3,\"name\":\"\ud83d\udc15\u200d\ud83e\uddba Sinful Collar \u2013 A nyak\u00f6rv, ami nem csak kuty\u00e1knak val\u00f3\"}]},{\"@type\":\"WebSite\",\"@id\":\"https:\\\/\\\/www.szexshopbelvaros.com\\\/#website\",\"url\":\"https:\\\/\\\/www.szexshopbelvaros.com\\\/\",\"name\":\"Szexshop Belv\u00e1ros\",\"description\":\"\ud83d\udd25 A szex olyan, mint a p\u00e9nz; csak a t\u00fal sok el\u00e9g!\u2122 Titkok a belv\u00e1rosb\u00f3l \ud83d\udc8b | Secrets from Budapest \ud83d\udc8e Feln\u0151tt j\u00e1t\u00e9kok \u2022 Erotika \u2022 Szexshop Belvaros\",\"publisher\":{\"@id\":\"https:\\\/\\\/www.szexshopbelvaros.com\\\/#organization\"},\"potentialAction\":[{\"@type\":\"SearchAction\",\"target\":{\"@type\":\"EntryPoint\",\"urlTemplate\":\"https:\\\/\\\/www.szexshopbelvaros.com\\\/?s={search_term_string}\"},\"query-input\":{\"@type\":\"PropertyValueSpecification\",\"valueRequired\":true,\"valueName\":\"search_term_string\"}}],\"inLanguage\":\"en-US\"},{\"@type\":\"Organization\",\"@id\":\"https:\\\/\\\/www.szexshopbelvaros.com\\\/#organization\",\"name\":\"Szexshop Belv\u00e1ros\",\"alternateName\":\"szexshopbelvaros.com\",\"url\":\"https:\\\/\\\/www.szexshopbelvaros.com\\\/\",\"logo\":{\"@type\":\"ImageObject\",\"inLanguage\":\"en-US\",\"@id\":\"https:\\\/\\\/www.szexshopbelvaros.com\\\/#\\\/schema\\\/logo\\\/image\\\/\",\"url\":\"https:\\\/\\\/www.szexshopbelvaros.com\\\/wp-content\\\/uploads\\\/2025\\\/09\\\/1Szexshopbelvaroslogo_blurred_stronger.jpg\",\"contentUrl\":\"https:\\\/\\\/www.szexshopbelvaros.com\\\/wp-content\\\/uploads\\\/2025\\\/09\\\/1Szexshopbelvaroslogo_blurred_stronger.jpg\",\"width\":1024,\"height\":1024,\"caption\":\"Szexshop Belv\u00e1ros\"},\"image\":{\"@id\":\"https:\\\/\\\/www.szexshopbelvaros.com\\\/#\\\/schema\\\/logo\\\/image\\\/\"},\"sameAs\":[\"https:\\\/\\\/www.facebook.com\\\/belvarossecrets\\\/\",\"https:\\\/\\\/x.com\\\/belvarossecrets\",\"https:\\\/\\\/www.instagram.com\\\/belvarossecrets\\\/\",\"https:\\\/\\\/www.tiktok.com\\\/@belvarossecrets\"]}]}<\/script>\n<!-- \/ Yoast SEO plugin. -->","yoast_head_json":{"title":"\ud83d\udc15\u200d\ud83e\uddba Sinful Collar \u2013 The collar that is not just for dogs - Szexshop Belvaros","robots":{"index":"index","follow":"follow","max-snippet":"max-snippet:-1","max-image-preview":"max-image-preview:large","max-video-preview":"max-video-preview:-1"},"canonical":"https:\/\/www.szexshopbelvaros.com\/en\/product\/sinful-collar-black\/","og_locale":"en_US","og_type":"article","og_title":"\ud83d\udc15\u200d\ud83e\uddba Sinful Collar \u2013 A nyak\u00f6rv, ami nem csak kuty\u00e1knak val\u00f3 - Szexshop Belvaros","og_description":"Ez az 52 centis, \u00e1ll\u00edthat\u00f3 m\u00e9ret\u0171 fekete fetish nyak\u00f6rv p\u00f3r\u00e1zzal nem a s\u00e9t\u00e1ltat\u00e1shoz k\u00e9sz\u00fclt \u2013 hacsak nem f\u00e9rfit vagy n\u0151t vezetsz a v\u00e1gy l\u00e1nc\u00e1n a h\u00e1l\u00f3szoba s\u00f6t\u00e9t bugyraiba. Uniszex kialak\u00edt\u00e1s\u00e1nak k\u00f6sz\u00f6nhet\u0151en ez a BDSM kieg\u00e9sz\u00edt\u0151 minden al\u00e1vetett lelk\u0171 j\u00e1t\u00e9kosnak ide\u00e1lis, legyen sz\u00f3 domin\u00e1ns n\u0151r\u0151l, engedelmes f\u00e9rfir\u00f3l, vagy szerepcsere im\u00e1d\u00f3kr\u00f3l. A vinyl \u00e9s f\u00e9m p\u00e1rosa nem [...]","og_url":"https:\/\/www.szexshopbelvaros.com\/en\/product\/sinful-collar-black\/","og_site_name":"Szexshop Belvaros","article_publisher":"https:\/\/www.facebook.com\/belvarossecrets\/","article_modified_time":"2026-04-21T14:20:02+00:00","og_image":[{"width":2560,"height":1440,"url":"https:\/\/www.szexshopbelvaros.com\/wp-content\/uploads\/2025\/01\/69b683185fa116cd62e5c03f-scaled.png","type":"image\/png"}],"twitter_card":"summary_large_image","twitter_site":"@belvarossecrets","twitter_misc":{"Est. reading time":"1 minute"},"schema":{"@context":"https:\/\/schema.org","@graph":[{"@type":"WebPage","@id":"https:\/\/www.szexshopbelvaros.com\/termek\/sinful-collar-black\/","url":"https:\/\/www.szexshopbelvaros.com\/termek\/sinful-collar-black\/","name":"\ud83d\udc15\u200d\ud83e\uddba Sinful Collar \u2013 The collar that is not just for dogs - Szexshop Belvaros","isPartOf":{"@id":"https:\/\/www.szexshopbelvaros.com\/#website"},"primaryImageOfPage":{"@id":"https:\/\/www.szexshopbelvaros.com\/termek\/sinful-collar-black\/#primaryimage"},"image":{"@id":"https:\/\/www.szexshopbelvaros.com\/termek\/sinful-collar-black\/#primaryimage"},"thumbnailUrl":"https:\/\/www.szexshopbelvaros.com\/wp-content\/uploads\/2025\/01\/69b683185fa116cd62e5c03f-scaled.png","datePublished":"2025-01-31T13:36:13+00:00","dateModified":"2026-04-21T14:20:02+00:00","breadcrumb":{"@id":"https:\/\/www.szexshopbelvaros.com\/termek\/sinful-collar-black\/#breadcrumb"},"inLanguage":"en-US","potentialAction":[{"@type":"ReadAction","target":["https:\/\/www.szexshopbelvaros.com\/termek\/sinful-collar-black\/"]}]},{"@type":"ImageObject","inLanguage":"en-US","@id":"https:\/\/www.szexshopbelvaros.com\/termek\/sinful-collar-black\/#primaryimage","url":"https:\/\/www.szexshopbelvaros.com\/wp-content\/uploads\/2025\/01\/69b683185fa116cd62e5c03f-scaled.png","contentUrl":"https:\/\/www.szexshopbelvaros.com\/wp-content\/uploads\/2025\/01\/69b683185fa116cd62e5c03f-scaled.png","width":2560,"height":1440},{"@type":"BreadcrumbList","@id":"https:\/\/www.szexshopbelvaros.com\/termek\/sinful-collar-black\/#breadcrumb","itemListElement":[{"@type":"ListItem","position":1,"name":"Home","item":"https:\/\/www.szexshopbelvaros.com\/"},{"@type":"ListItem","position":2,"name":"\u00c1ruh\u00e1z","item":"https:\/\/www.szexshopbelvaros.com\/uzlet\/"},{"@type":"ListItem","position":3,"name":"\ud83d\udc15\u200d\ud83e\uddba Sinful Collar \u2013 A nyak\u00f6rv, ami nem csak kuty\u00e1knak val\u00f3"}]},{"@type":"WebSite","@id":"https:\/\/www.szexshopbelvaros.com\/#website","url":"https:\/\/www.szexshopbelvaros.com\/","name":"at our Szexshop Belv\u00e1ros","description":"\ud83d\udd25 Sex is like money; only too much is enough!\u2122 Secrets from the city center \ud83d\udc8b | Secrets from Budapest \ud83d\udc8e Adult games \u2022 Erotica \u2022 Sex shop Belvaros","publisher":{"@id":"https:\/\/www.szexshopbelvaros.com\/#organization"},"potentialAction":[{"@type":"SearchAction","target":{"@type":"EntryPoint","urlTemplate":"https:\/\/www.szexshopbelvaros.com\/?s={search_term_string}"},"query-input":{"@type":"PropertyValueSpecification","valueRequired":true,"valueName":"search_term_string"}}],"inLanguage":"en-US"},{"@type":"Organization","@id":"https:\/\/www.szexshopbelvaros.com\/#organization","name":"at our Szexshop Belv\u00e1ros","alternateName":"szexshopbelvaros.com","url":"https:\/\/www.szexshopbelvaros.com\/","logo":{"@type":"ImageObject","inLanguage":"en-US","@id":"https:\/\/www.szexshopbelvaros.com\/#\/schema\/logo\/image\/","url":"https:\/\/www.szexshopbelvaros.com\/wp-content\/uploads\/2025\/09\/1Szexshopbelvaroslogo_blurred_stronger.jpg","contentUrl":"https:\/\/www.szexshopbelvaros.com\/wp-content\/uploads\/2025\/09\/1Szexshopbelvaroslogo_blurred_stronger.jpg","width":1024,"height":1024,"caption":"Szexshop Belv\u00e1ros"},"image":{"@id":"https:\/\/www.szexshopbelvaros.com\/#\/schema\/logo\/image\/"},"sameAs":["https:\/\/www.facebook.com\/belvarossecrets\/","https:\/\/x.com\/belvarossecrets","https:\/\/www.instagram.com\/belvarossecrets\/","https:\/\/www.tiktok.com\/@belvarossecrets"]}]}},"_links":{"self":[{"href":"https:\/\/www.szexshopbelvaros.com\/en\/wp-json\/wp\/v2\/product\/222","targetHints":{"allow":["GET"]}}],"collection":[{"href":"https:\/\/www.szexshopbelvaros.com\/en\/wp-json\/wp\/v2\/product"}],"about":[{"href":"https:\/\/www.szexshopbelvaros.com\/en\/wp-json\/wp\/v2\/types\/product"}],"replies":[{"embeddable":true,"href":"https:\/\/www.szexshopbelvaros.com\/en\/wp-json\/wp\/v2\/comments?post=222"}],"wp:featuredmedia":[{"embeddable":true,"href":"https:\/\/www.szexshopbelvaros.com\/en\/wp-json\/wp\/v2\/media\/2790"}],"wp:attachment":[{"href":"https:\/\/www.szexshopbelvaros.com\/en\/wp-json\/wp\/v2\/media?parent=222"}],"wp:term":[{"taxonomy":"product_brand","embeddable":true,"href":"https:\/\/www.szexshopbelvaros.com\/en\/wp-json\/wp\/v2\/product_brand?post=222"},{"taxonomy":"product_cat","embeddable":true,"href":"https:\/\/www.szexshopbelvaros.com\/en\/wp-json\/wp\/v2\/product_cat?post=222"},{"taxonomy":"product_tag","embeddable":true,"href":"https:\/\/www.szexshopbelvaros.com\/en\/wp-json\/wp\/v2\/product_tag?post=222"}],"curies":[{"name":"wp","href":"https:\/\/api.w.org\/{rel}","templated":true}]}}