{"id":2235,"date":"2025-12-31T13:20:24","date_gmt":"2025-12-31T12:20:24","guid":{"rendered":"https:\/\/www.szexshopbelvaros.com\/?post_type=product&#038;p=2235"},"modified":"2026-04-10T14:00:22","modified_gmt":"2026-04-10T12:00:22","slug":"%f0%9f%8e%ad-oliver-1-realisztikus-heres-vibrator-taviranyitoval","status":"publish","type":"product","link":"https:\/\/www.szexshopbelvaros.com\/en\/product\/%f0%9f%8e%ad-oliver-1-realisztikus-heres-vibrator-taviranyitoval\/","title":{"rendered":"\ud83c\udfad Oliver 1 \u2013 9.5\u2033 is the guy who always gets it right\u2026 and always vibrates"},"content":{"rendered":"<p>Oliver 1 realistic testicle vibrator with remote control is the guy who <strong data-start=\"653\" data-end=\"684\">never says no to overtime<\/strong> . A 9.5-inch, realistically veined, leather-like vibrator that sticks to you with flexible, suction cups... and stays there until you tell it to. The wired remote lets you adjust the vibration to your liking\u2014from gentle purring to a \u201ewe\u2019re not sleeping tonight\u201d mode. It comes with testicles, a lifelike shape, and a waterproof design, because Oliver is the kind of gentleman who <strong data-start=\"1088\" data-end=\"1123\">knows what he's doing in the bathroom too.<\/strong>. After cleaning, just a water-based lubricant, a deep breath\u2026 and the show can begin.<\/p>\n<p>Oliver 1 realistic testicle vibrator with remote control is designed for those who love lifelike sensations and control. You can control the vibrations by playing with the remote control, and the suction cup ensures that Oliver stays exactly where it fits best.<\/p>\n<p>Made of TPR + ABS material, 19.5 cm long and 4.4 cm in diameter, it works with 3\u00d7AAA batteries, has suction cups, is waterproof, has a remote control, and is exactly as badass as you want it to be. It is recommended to clean it with lukewarm water and a tool cleaner \u2014 then it&#039;s just you and Oliver left in the room...<\/p>\n<p data-start=\"1216\" data-end=\"1264\"><strong data-start=\"1216\" data-end=\"1264\">Available in Budapest<a href=\"https:\/\/wolt.com\/hu\/hun\/budapest\/venue\/szexshop-belvaros\"> szexshop belv\u00e1ros<\/a> Wolt store and here at\u00a0<a class=\"decorated-link\" href=\"http:\/\/www.szexshopbelvaros.com\/en\/\" target=\"_new\" rel=\"noopener\" data-start=\"1229\" data-end=\"1253\">www.szexshopbelvaros.com<\/a> website.<\/strong><\/p>","protected":false},"excerpt":{"rendered":"<p>Oliver 1 realisztikus her\u00e9s vibr\u00e1tor t\u00e1vir\u00e1ny\u00edt\u00f3val az a pasi, aki sosem mond nemet a t\u00fal\u00f3r\u00e1ra \u2014 9,5 h\u00fcvelyknyi, realisztikusan erezett, b\u0151rszer\u0171 tapint\u00e1s\u00fa vibr\u00e1tor, ami rugalmas, tapad\u00f3koronggal odaragad, ahol csak akarod\u2026 \u00e9s ott is marad, am\u00edg te nem sz\u00f3lsz neki. A vezet\u00e9kes t\u00e1vir\u00e1ny\u00edt\u00f3val olyan rezg\u00e9st \u00e1ll\u00edtasz be, amilyet a kedved dikt\u00e1l \u2014 szel\u00edd dorombol\u00e1st\u00f3l eg\u00e9szen a [&#8230;]\n","protected":false},"featured_media":2882,"comment_status":"closed","ping_status":"closed","template":"","meta":[],"product_brand":[626],"product_cat":[137,173],"product_tag":[398,391,2096,389,1192,1318,2099,385,2087,2098,2086,644,637,322,220,1158,2095,392,2097],"class_list":{"0":"post-2235","1":"product","2":"type-product","3":"status-publish","4":"has-post-thumbnail","6":"product_brand-baile","7":"product_cat-mupeniszek","8":"product_cat-rezgo-dildok","9":"product_tag-adult-toy","10":"product_tag-dildo","11":"product_tag-eros-vibrator","12":"product_tag-felnott-jatek","13":"product_tag-intim-jatek","14":"product_tag-intimate-toy","15":"product_tag-motorized-dildo","16":"product_tag-mupenisz","17":"product_tag-pleasure-toy","18":"product_tag-powerful-vibrator","19":"product_tag-realista-dildo","20":"product_tag-realistic-dildo","21":"product_tag-rezgo-dildo","22":"product_tag-szexjatek","23":"product_tag-szexshop-belvaros","24":"product_tag-vibracios-dildo","25":"product_tag-vibralos-dildo","26":"product_tag-vibrating-dildo","27":"product_tag-vibration-dildo","29":"first","30":"instock","31":"taxable","32":"shipping-taxable","33":"purchasable","34":"product-type-simple"},"yoast_head":"<!-- This site is optimized with the Yoast SEO plugin v27.4 - https:\/\/yoast.com\/product\/yoast-seo-wordpress\/ -->\n<title>\ud83c\udfad Oliver 1 realisztikus her\u00e9s vibr\u00e1tor t\u00e1vir\u00e1ny\u00edt\u00f3val \u2013 9,5\u2033 tapad\u00f3koronggal | Szexshop Belvaros<\/title>\n<meta name=\"description\" content=\"Oliver 1 realisztikus her\u00e9s vibr\u00e1tor t\u00e1vir\u00e1ny\u00edt\u00f3val \u2014 nem csak rezeg, \u0151 dolgozik. Realisztikus, her\u00e9s, tapad\u00f3korongos vibr\u00e1tor t\u00e1vir\u00e1ny\u00edt\u00f3s \u00e9lm\u00e9nnyel. Rendeld meg a www.szexshopbelvaros.com oldalr\u00f3l.\" \/>\n<meta name=\"robots\" content=\"index, follow, max-snippet:-1, max-image-preview:large, max-video-preview:-1\" \/>\n<link rel=\"canonical\" href=\"https:\/\/www.szexshopbelvaros.com\/en\/product\/\ud83c\udfad-oliver-1-realisztikus-heres-vibrator-taviranyitoval\/\" \/>\n<meta property=\"og:locale\" content=\"en_US\" \/>\n<meta property=\"og:type\" content=\"article\" \/>\n<meta property=\"og:title\" content=\"\ud83c\udfad Oliver 1 realisztikus her\u00e9s vibr\u00e1tor t\u00e1vir\u00e1ny\u00edt\u00f3val \u2013 9,5\u2033 tapad\u00f3koronggal | Szexshop Belvaros\" \/>\n<meta property=\"og:description\" content=\"Oliver 1 realisztikus her\u00e9s vibr\u00e1tor t\u00e1vir\u00e1ny\u00edt\u00f3val \u2014 nem csak rezeg, \u0151 dolgozik. Realisztikus, her\u00e9s, tapad\u00f3korongos vibr\u00e1tor t\u00e1vir\u00e1ny\u00edt\u00f3s \u00e9lm\u00e9nnyel. Rendeld meg a www.szexshopbelvaros.com oldalr\u00f3l.\" \/>\n<meta property=\"og:url\" content=\"https:\/\/www.szexshopbelvaros.com\/en\/product\/\ud83c\udfad-oliver-1-realisztikus-heres-vibrator-taviranyitoval\/\" \/>\n<meta property=\"og:site_name\" content=\"Szexshop Belvaros\" \/>\n<meta property=\"article:publisher\" content=\"https:\/\/www.facebook.com\/belvarossecrets\/\" \/>\n<meta property=\"article:modified_time\" content=\"2026-04-10T12:00:22+00:00\" \/>\n<meta property=\"og:image\" content=\"https:\/\/www.szexshopbelvaros.com\/wp-content\/uploads\/2025\/12\/Untitled-design-2.png\" \/>\n\t<meta property=\"og:image:width\" content=\"1000\" \/>\n\t<meta property=\"og:image:height\" content=\"1451\" \/>\n\t<meta property=\"og:image:type\" content=\"image\/png\" \/>\n<meta name=\"twitter:card\" content=\"summary_large_image\" \/>\n<meta name=\"twitter:site\" content=\"@belvarossecrets\" \/>\n<meta name=\"twitter:label1\" content=\"Est. reading time\" \/>\n\t<meta name=\"twitter:data1\" content=\"2 minutes\" \/>\n<script type=\"application\/ld+json\" class=\"yoast-schema-graph\">{\"@context\":\"https:\\\/\\\/schema.org\",\"@graph\":[{\"@type\":\"WebPage\",\"@id\":\"https:\\\/\\\/www.szexshopbelvaros.com\\\/termek\\\/%f0%9f%8e%ad-oliver-1-realisztikus-heres-vibrator-taviranyitoval\\\/\",\"url\":\"https:\\\/\\\/www.szexshopbelvaros.com\\\/termek\\\/%f0%9f%8e%ad-oliver-1-realisztikus-heres-vibrator-taviranyitoval\\\/\",\"name\":\"\ud83c\udfad Oliver 1 realisztikus her\u00e9s vibr\u00e1tor t\u00e1vir\u00e1ny\u00edt\u00f3val \u2013 9,5\u2033 tapad\u00f3koronggal | Szexshop Belvaros\",\"isPartOf\":{\"@id\":\"https:\\\/\\\/www.szexshopbelvaros.com\\\/#website\"},\"primaryImageOfPage\":{\"@id\":\"https:\\\/\\\/www.szexshopbelvaros.com\\\/termek\\\/%f0%9f%8e%ad-oliver-1-realisztikus-heres-vibrator-taviranyitoval\\\/#primaryimage\"},\"image\":{\"@id\":\"https:\\\/\\\/www.szexshopbelvaros.com\\\/termek\\\/%f0%9f%8e%ad-oliver-1-realisztikus-heres-vibrator-taviranyitoval\\\/#primaryimage\"},\"thumbnailUrl\":\"https:\\\/\\\/www.szexshopbelvaros.com\\\/wp-content\\\/uploads\\\/2025\\\/12\\\/Untitled-design-2.png\",\"datePublished\":\"2025-12-31T12:20:24+00:00\",\"dateModified\":\"2026-04-10T12:00:22+00:00\",\"description\":\"Oliver 1 realisztikus her\u00e9s vibr\u00e1tor t\u00e1vir\u00e1ny\u00edt\u00f3val \u2014 nem csak rezeg, \u0151 dolgozik. Realisztikus, her\u00e9s, tapad\u00f3korongos vibr\u00e1tor t\u00e1vir\u00e1ny\u00edt\u00f3s \u00e9lm\u00e9nnyel. Rendeld meg a www.szexshopbelvaros.com oldalr\u00f3l.\",\"breadcrumb\":{\"@id\":\"https:\\\/\\\/www.szexshopbelvaros.com\\\/termek\\\/%f0%9f%8e%ad-oliver-1-realisztikus-heres-vibrator-taviranyitoval\\\/#breadcrumb\"},\"inLanguage\":\"en-US\",\"potentialAction\":[{\"@type\":\"ReadAction\",\"target\":[\"https:\\\/\\\/www.szexshopbelvaros.com\\\/termek\\\/%f0%9f%8e%ad-oliver-1-realisztikus-heres-vibrator-taviranyitoval\\\/\"]}]},{\"@type\":\"ImageObject\",\"inLanguage\":\"en-US\",\"@id\":\"https:\\\/\\\/www.szexshopbelvaros.com\\\/termek\\\/%f0%9f%8e%ad-oliver-1-realisztikus-heres-vibrator-taviranyitoval\\\/#primaryimage\",\"url\":\"https:\\\/\\\/www.szexshopbelvaros.com\\\/wp-content\\\/uploads\\\/2025\\\/12\\\/Untitled-design-2.png\",\"contentUrl\":\"https:\\\/\\\/www.szexshopbelvaros.com\\\/wp-content\\\/uploads\\\/2025\\\/12\\\/Untitled-design-2.png\",\"width\":1000,\"height\":1451,\"caption\":\"Oliver 1 9,5\u2033 realisztikus, her\u00e9s vibr\u00e1tor t\u00e1vir\u00e1ny\u00edt\u00f3val \u2013 term\u00e9kdoboz, Szexshop Belvaros Oliver 1 9.5\u2033 realistic dildo vibrator with remote \u2013 product box, Szexshop Belvaros\"},{\"@type\":\"BreadcrumbList\",\"@id\":\"https:\\\/\\\/www.szexshopbelvaros.com\\\/termek\\\/%f0%9f%8e%ad-oliver-1-realisztikus-heres-vibrator-taviranyitoval\\\/#breadcrumb\",\"itemListElement\":[{\"@type\":\"ListItem\",\"position\":1,\"name\":\"Home\",\"item\":\"https:\\\/\\\/www.szexshopbelvaros.com\\\/\"},{\"@type\":\"ListItem\",\"position\":2,\"name\":\"\u00c1ruh\u00e1z\",\"item\":\"https:\\\/\\\/www.szexshopbelvaros.com\\\/uzlet\\\/\"},{\"@type\":\"ListItem\",\"position\":3,\"name\":\"\ud83c\udfad Oliver 1 \u2013 9,5\u2033 a pasi, aki mindig r\u00e1\u00e9r\u2026 \u00e9s mindig rezeg\"}]},{\"@type\":\"WebSite\",\"@id\":\"https:\\\/\\\/www.szexshopbelvaros.com\\\/#website\",\"url\":\"https:\\\/\\\/www.szexshopbelvaros.com\\\/\",\"name\":\"Szexshop Belv\u00e1ros\",\"description\":\"\ud83d\udd25 A szex olyan, mint a p\u00e9nz; csak a t\u00fal sok el\u00e9g!\u2122 Titkok a belv\u00e1rosb\u00f3l \ud83d\udc8b | Secrets from Budapest \ud83d\udc8e Feln\u0151tt j\u00e1t\u00e9kok \u2022 Erotika \u2022 Szexshop Belvaros\",\"publisher\":{\"@id\":\"https:\\\/\\\/www.szexshopbelvaros.com\\\/#organization\"},\"potentialAction\":[{\"@type\":\"SearchAction\",\"target\":{\"@type\":\"EntryPoint\",\"urlTemplate\":\"https:\\\/\\\/www.szexshopbelvaros.com\\\/?s={search_term_string}\"},\"query-input\":{\"@type\":\"PropertyValueSpecification\",\"valueRequired\":true,\"valueName\":\"search_term_string\"}}],\"inLanguage\":\"en-US\"},{\"@type\":\"Organization\",\"@id\":\"https:\\\/\\\/www.szexshopbelvaros.com\\\/#organization\",\"name\":\"Szexshop Belv\u00e1ros\",\"alternateName\":\"szexshopbelvaros.com\",\"url\":\"https:\\\/\\\/www.szexshopbelvaros.com\\\/\",\"logo\":{\"@type\":\"ImageObject\",\"inLanguage\":\"en-US\",\"@id\":\"https:\\\/\\\/www.szexshopbelvaros.com\\\/#\\\/schema\\\/logo\\\/image\\\/\",\"url\":\"https:\\\/\\\/www.szexshopbelvaros.com\\\/wp-content\\\/uploads\\\/2025\\\/09\\\/1Szexshopbelvaroslogo_blurred_stronger.jpg\",\"contentUrl\":\"https:\\\/\\\/www.szexshopbelvaros.com\\\/wp-content\\\/uploads\\\/2025\\\/09\\\/1Szexshopbelvaroslogo_blurred_stronger.jpg\",\"width\":1024,\"height\":1024,\"caption\":\"Szexshop Belv\u00e1ros\"},\"image\":{\"@id\":\"https:\\\/\\\/www.szexshopbelvaros.com\\\/#\\\/schema\\\/logo\\\/image\\\/\"},\"sameAs\":[\"https:\\\/\\\/www.facebook.com\\\/belvarossecrets\\\/\",\"https:\\\/\\\/x.com\\\/belvarossecrets\",\"https:\\\/\\\/www.instagram.com\\\/belvarossecrets\\\/\",\"https:\\\/\\\/www.tiktok.com\\\/@belvarossecrets\"]}]}<\/script>\n<!-- \/ Yoast SEO plugin. -->","yoast_head_json":{"title":"\ud83c\udfad Oliver 1 realistic testicle vibrator with remote control \u2013 9.5\u2033 with suction cup | Sex shop Belvaros","description":"Oliver 1 realistic testicle vibrator with remote control \u2014 it doesn&#039;t just vibrate, it does the work. Realistic, testicle, suction cup vibrator with remote control experience. Order from www.ssexshopbelvaros.com.","robots":{"index":"index","follow":"follow","max-snippet":"max-snippet:-1","max-image-preview":"max-image-preview:large","max-video-preview":"max-video-preview:-1"},"canonical":"https:\/\/www.szexshopbelvaros.com\/en\/product\/\ud83c\udfad-oliver-1-realisztikus-heres-vibrator-taviranyitoval\/","og_locale":"en_US","og_type":"article","og_title":"\ud83c\udfad Oliver 1 realisztikus her\u00e9s vibr\u00e1tor t\u00e1vir\u00e1ny\u00edt\u00f3val \u2013 9,5\u2033 tapad\u00f3koronggal | Szexshop Belvaros","og_description":"Oliver 1 realisztikus her\u00e9s vibr\u00e1tor t\u00e1vir\u00e1ny\u00edt\u00f3val \u2014 nem csak rezeg, \u0151 dolgozik. Realisztikus, her\u00e9s, tapad\u00f3korongos vibr\u00e1tor t\u00e1vir\u00e1ny\u00edt\u00f3s \u00e9lm\u00e9nnyel. Rendeld meg a www.szexshopbelvaros.com oldalr\u00f3l.","og_url":"https:\/\/www.szexshopbelvaros.com\/en\/product\/\ud83c\udfad-oliver-1-realisztikus-heres-vibrator-taviranyitoval\/","og_site_name":"Szexshop Belvaros","article_publisher":"https:\/\/www.facebook.com\/belvarossecrets\/","article_modified_time":"2026-04-10T12:00:22+00:00","og_image":[{"width":1000,"height":1451,"url":"https:\/\/www.szexshopbelvaros.com\/wp-content\/uploads\/2025\/12\/Untitled-design-2.png","type":"image\/png"}],"twitter_card":"summary_large_image","twitter_site":"@belvarossecrets","twitter_misc":{"Est. reading time":"2 minutes"},"schema":{"@context":"https:\/\/schema.org","@graph":[{"@type":"WebPage","@id":"https:\/\/www.szexshopbelvaros.com\/termek\/%f0%9f%8e%ad-oliver-1-realisztikus-heres-vibrator-taviranyitoval\/","url":"https:\/\/www.szexshopbelvaros.com\/termek\/%f0%9f%8e%ad-oliver-1-realisztikus-heres-vibrator-taviranyitoval\/","name":"\ud83c\udfad Oliver 1 realistic testicle vibrator with remote control \u2013 9.5\u2033 with suction cup | Sex shop Belvaros","isPartOf":{"@id":"https:\/\/www.szexshopbelvaros.com\/#website"},"primaryImageOfPage":{"@id":"https:\/\/www.szexshopbelvaros.com\/termek\/%f0%9f%8e%ad-oliver-1-realisztikus-heres-vibrator-taviranyitoval\/#primaryimage"},"image":{"@id":"https:\/\/www.szexshopbelvaros.com\/termek\/%f0%9f%8e%ad-oliver-1-realisztikus-heres-vibrator-taviranyitoval\/#primaryimage"},"thumbnailUrl":"https:\/\/www.szexshopbelvaros.com\/wp-content\/uploads\/2025\/12\/Untitled-design-2.png","datePublished":"2025-12-31T12:20:24+00:00","dateModified":"2026-04-10T12:00:22+00:00","description":"Oliver 1 realistic testicle vibrator with remote control \u2014 it doesn&#039;t just vibrate, it does the work. Realistic, testicle, suction cup vibrator with remote control experience. Order from www.ssexshopbelvaros.com.","breadcrumb":{"@id":"https:\/\/www.szexshopbelvaros.com\/termek\/%f0%9f%8e%ad-oliver-1-realisztikus-heres-vibrator-taviranyitoval\/#breadcrumb"},"inLanguage":"en-US","potentialAction":[{"@type":"ReadAction","target":["https:\/\/www.szexshopbelvaros.com\/termek\/%f0%9f%8e%ad-oliver-1-realisztikus-heres-vibrator-taviranyitoval\/"]}]},{"@type":"ImageObject","inLanguage":"en-US","@id":"https:\/\/www.szexshopbelvaros.com\/termek\/%f0%9f%8e%ad-oliver-1-realisztikus-heres-vibrator-taviranyitoval\/#primaryimage","url":"https:\/\/www.szexshopbelvaros.com\/wp-content\/uploads\/2025\/12\/Untitled-design-2.png","contentUrl":"https:\/\/www.szexshopbelvaros.com\/wp-content\/uploads\/2025\/12\/Untitled-design-2.png","width":1000,"height":1451,"caption":"Oliver 1 9,5\u2033 realisztikus, her\u00e9s vibr\u00e1tor t\u00e1vir\u00e1ny\u00edt\u00f3val \u2013 term\u00e9kdoboz, Szexshop Belvaros Oliver 1 9.5\u2033 realistic dildo vibrator with remote \u2013 product box, Szexshop Belvaros"},{"@type":"BreadcrumbList","@id":"https:\/\/www.szexshopbelvaros.com\/termek\/%f0%9f%8e%ad-oliver-1-realisztikus-heres-vibrator-taviranyitoval\/#breadcrumb","itemListElement":[{"@type":"ListItem","position":1,"name":"Home","item":"https:\/\/www.szexshopbelvaros.com\/"},{"@type":"ListItem","position":2,"name":"\u00c1ruh\u00e1z","item":"https:\/\/www.szexshopbelvaros.com\/uzlet\/"},{"@type":"ListItem","position":3,"name":"\ud83c\udfad Oliver 1 \u2013 9,5\u2033 a pasi, aki mindig r\u00e1\u00e9r\u2026 \u00e9s mindig rezeg"}]},{"@type":"WebSite","@id":"https:\/\/www.szexshopbelvaros.com\/#website","url":"https:\/\/www.szexshopbelvaros.com\/","name":"at our Szexshop Belv\u00e1ros","description":"\ud83d\udd25 Sex is like money; only too much is enough!\u2122 Secrets from the city center \ud83d\udc8b | Secrets from Budapest \ud83d\udc8e Adult games \u2022 Erotica \u2022 Sex shop Belvaros","publisher":{"@id":"https:\/\/www.szexshopbelvaros.com\/#organization"},"potentialAction":[{"@type":"SearchAction","target":{"@type":"EntryPoint","urlTemplate":"https:\/\/www.szexshopbelvaros.com\/?s={search_term_string}"},"query-input":{"@type":"PropertyValueSpecification","valueRequired":true,"valueName":"search_term_string"}}],"inLanguage":"en-US"},{"@type":"Organization","@id":"https:\/\/www.szexshopbelvaros.com\/#organization","name":"at our Szexshop Belv\u00e1ros","alternateName":"szexshopbelvaros.com","url":"https:\/\/www.szexshopbelvaros.com\/","logo":{"@type":"ImageObject","inLanguage":"en-US","@id":"https:\/\/www.szexshopbelvaros.com\/#\/schema\/logo\/image\/","url":"https:\/\/www.szexshopbelvaros.com\/wp-content\/uploads\/2025\/09\/1Szexshopbelvaroslogo_blurred_stronger.jpg","contentUrl":"https:\/\/www.szexshopbelvaros.com\/wp-content\/uploads\/2025\/09\/1Szexshopbelvaroslogo_blurred_stronger.jpg","width":1024,"height":1024,"caption":"Szexshop Belv\u00e1ros"},"image":{"@id":"https:\/\/www.szexshopbelvaros.com\/#\/schema\/logo\/image\/"},"sameAs":["https:\/\/www.facebook.com\/belvarossecrets\/","https:\/\/x.com\/belvarossecrets","https:\/\/www.instagram.com\/belvarossecrets\/","https:\/\/www.tiktok.com\/@belvarossecrets"]}]}},"_links":{"self":[{"href":"https:\/\/www.szexshopbelvaros.com\/en\/wp-json\/wp\/v2\/product\/2235","targetHints":{"allow":["GET"]}}],"collection":[{"href":"https:\/\/www.szexshopbelvaros.com\/en\/wp-json\/wp\/v2\/product"}],"about":[{"href":"https:\/\/www.szexshopbelvaros.com\/en\/wp-json\/wp\/v2\/types\/product"}],"replies":[{"embeddable":true,"href":"https:\/\/www.szexshopbelvaros.com\/en\/wp-json\/wp\/v2\/comments?post=2235"}],"wp:featuredmedia":[{"embeddable":true,"href":"https:\/\/www.szexshopbelvaros.com\/en\/wp-json\/wp\/v2\/media\/2882"}],"wp:attachment":[{"href":"https:\/\/www.szexshopbelvaros.com\/en\/wp-json\/wp\/v2\/media?parent=2235"}],"wp:term":[{"taxonomy":"product_brand","embeddable":true,"href":"https:\/\/www.szexshopbelvaros.com\/en\/wp-json\/wp\/v2\/product_brand?post=2235"},{"taxonomy":"product_cat","embeddable":true,"href":"https:\/\/www.szexshopbelvaros.com\/en\/wp-json\/wp\/v2\/product_cat?post=2235"},{"taxonomy":"product_tag","embeddable":true,"href":"https:\/\/www.szexshopbelvaros.com\/en\/wp-json\/wp\/v2\/product_tag?post=2235"}],"curies":[{"name":"wp","href":"https:\/\/api.w.org\/{rel}","templated":true}]}}