{"id":224,"date":"2025-01-31T14:36:13","date_gmt":"2025-01-31T13:36:13","guid":{"rendered":"https:\/\/www.szexshopbelvaros.com\/termek\/bondage-fetish-beginners-flogger\/"},"modified":"2026-02-14T07:57:38","modified_gmt":"2026-02-14T06:57:38","slug":"bondage-fetish-beginners-flogger","status":"publish","type":"product","link":"https:\/\/www.szexshopbelvaros.com\/en\/product\/bondage-fetish-beginners-flogger\/","title":{"rendered":"\ud83d\udca2 Loveclaw Light \u2013 Sweet at first\u2026 unforgiving after."},"content":{"rendered":"<p data-start=\"73\" data-end=\"543\">This 18-inch Bondage Fetish Beginner Whip is just like your first BDSM experience: exciting, a little scary, and someone is sure to say, \u201cIt\u2019s okay, just don\u2019t stop.\u201d The black faux leather threads snap against your skin so that even your neighbor will slow down on the stairs, and the handle fits like a good alibi. Perfect for those who are just getting started in the world of domination and submission but are past the \u201ctickle me with a feather\u201d stage.<\/p>\n<p data-start=\"545\" data-end=\"753\" data-is-last-node=\"\" data-is-only-node=\"\">This isn't the \"I accidentally slapped you\" kind - this is the \"you deserve it, baby\" category, only softer. Available at Szexshopbelvaros, where even the novice whipper will be taught how to moan respectfully.<\/p>","protected":false},"excerpt":{"rendered":"<p>Ez a 45 centis Bondage Fetish kezd\u0151 korb\u00e1cs pont olyan, mint az els\u0151 BDSM \u00e9lm\u00e9nyed: izgalmas, kicsit ijeszt\u0151, \u00e9s valaki biztosan azt mondja k\u00f6zben, hogy \u201ej\u00f3l van, csak ne hagyd abba.\u201d A fekete m\u0171b\u0151r sz\u00e1lak \u00fagy csattannak a b\u0151r\u00f6n, hogy m\u00e9g a szomsz\u00e9d is lelass\u00edt a l\u00e9pcs\u0151h\u00e1zban, a foganty\u00fa pedig pont olyan k\u00e9zre \u00e1ll, mint [&#8230;]\n","protected":false},"featured_media":2096,"comment_status":"closed","ping_status":"closed","template":"","meta":[],"product_brand":[82],"product_cat":[52,1999],"product_tag":[321,1410,372,389,718,2001,732,2008,716,717,730,731,715,220,1412],"class_list":{"0":"post-224","1":"product","2":"type-product","3":"status-publish","4":"has-post-thumbnail","6":"product_brand-lovetoy","7":"product_cat-bdsm","8":"product_cat-ostorok-paskolok","9":"product_tag-bdsm","10":"product_tag-bdsm-toy","11":"product_tag-bondage","12":"product_tag-felnott-jatek","13":"product_tag-flogger","14":"product_tag-impact-jatek","15":"product_tag-impact-play","16":"product_tag-kink","17":"product_tag-korbacs","18":"product_tag-ostor","19":"product_tag-paddle","20":"product_tag-paskolo","21":"product_tag-szadomazo-kellek","22":"product_tag-szexshop-belvaros","23":"product_tag-whip","25":"first","26":"instock","27":"taxable","28":"shipping-taxable","29":"purchasable","30":"product-type-simple"},"yoast_head":"<!-- This site is optimized with the Yoast SEO plugin v27.4 - https:\/\/yoast.com\/product\/yoast-seo-wordpress\/ -->\n<title>\ud83d\udca2 K\u00e9jmank\u00f3 Light \u2013 A korb\u00e1cs, ami csak els\u0151re t\u0171nik kedvesnek - Szexshop Belvaros<\/title>\n<meta name=\"robots\" content=\"index, follow, max-snippet:-1, max-image-preview:large, max-video-preview:-1\" \/>\n<link rel=\"canonical\" href=\"https:\/\/www.szexshopbelvaros.com\/en\/product\/bondage-fetish-beginners-flogger\/\" \/>\n<meta property=\"og:locale\" content=\"en_US\" \/>\n<meta property=\"og:type\" content=\"article\" \/>\n<meta property=\"og:title\" content=\"\ud83d\udca2 K\u00e9jmank\u00f3 Light \u2013 A korb\u00e1cs, ami csak els\u0151re t\u0171nik kedvesnek - Szexshop Belvaros\" \/>\n<meta property=\"og:description\" content=\"Ez a 45 centis Bondage Fetish kezd\u0151 korb\u00e1cs pont olyan, mint az els\u0151 BDSM \u00e9lm\u00e9nyed: izgalmas, kicsit ijeszt\u0151, \u00e9s valaki biztosan azt mondja k\u00f6zben, hogy \u201ej\u00f3l van, csak ne hagyd abba.\u201d A fekete m\u0171b\u0151r sz\u00e1lak \u00fagy csattannak a b\u0151r\u00f6n, hogy m\u00e9g a szomsz\u00e9d is lelass\u00edt a l\u00e9pcs\u0151h\u00e1zban, a foganty\u00fa pedig pont olyan k\u00e9zre \u00e1ll, mint [...]\" \/>\n<meta property=\"og:url\" content=\"https:\/\/www.szexshopbelvaros.com\/en\/product\/bondage-fetish-beginners-flogger\/\" \/>\n<meta property=\"og:site_name\" content=\"Szexshop Belvaros\" \/>\n<meta property=\"article:publisher\" content=\"https:\/\/www.facebook.com\/belvarossecrets\/\" \/>\n<meta property=\"article:modified_time\" content=\"2026-02-14T06:57:38+00:00\" \/>\n<meta property=\"og:image\" content=\"https:\/\/www.szexshopbelvaros.com\/wp-content\/uploads\/2025\/01\/wipbox.png\" \/>\n\t<meta property=\"og:image:width\" content=\"1000\" \/>\n\t<meta property=\"og:image:height\" content=\"563\" \/>\n\t<meta property=\"og:image:type\" content=\"image\/png\" \/>\n<meta name=\"twitter:card\" content=\"summary_large_image\" \/>\n<meta name=\"twitter:site\" content=\"@belvarossecrets\" \/>\n<meta name=\"twitter:label1\" content=\"Est. reading time\" \/>\n\t<meta name=\"twitter:data1\" content=\"1 minute\" \/>\n<script type=\"application\/ld+json\" class=\"yoast-schema-graph\">{\"@context\":\"https:\\\/\\\/schema.org\",\"@graph\":[{\"@type\":\"WebPage\",\"@id\":\"https:\\\/\\\/www.szexshopbelvaros.com\\\/termek\\\/bondage-fetish-beginners-flogger\\\/\",\"url\":\"https:\\\/\\\/www.szexshopbelvaros.com\\\/termek\\\/bondage-fetish-beginners-flogger\\\/\",\"name\":\"\ud83d\udca2 K\u00e9jmank\u00f3 Light \u2013 A korb\u00e1cs, ami csak els\u0151re t\u0171nik kedvesnek - Szexshop Belvaros\",\"isPartOf\":{\"@id\":\"https:\\\/\\\/www.szexshopbelvaros.com\\\/#website\"},\"primaryImageOfPage\":{\"@id\":\"https:\\\/\\\/www.szexshopbelvaros.com\\\/termek\\\/bondage-fetish-beginners-flogger\\\/#primaryimage\"},\"image\":{\"@id\":\"https:\\\/\\\/www.szexshopbelvaros.com\\\/termek\\\/bondage-fetish-beginners-flogger\\\/#primaryimage\"},\"thumbnailUrl\":\"https:\\\/\\\/www.szexshopbelvaros.com\\\/wp-content\\\/uploads\\\/2025\\\/01\\\/wipbox.png\",\"datePublished\":\"2025-01-31T13:36:13+00:00\",\"dateModified\":\"2026-02-14T06:57:38+00:00\",\"breadcrumb\":{\"@id\":\"https:\\\/\\\/www.szexshopbelvaros.com\\\/termek\\\/bondage-fetish-beginners-flogger\\\/#breadcrumb\"},\"inLanguage\":\"en-US\",\"potentialAction\":[{\"@type\":\"ReadAction\",\"target\":[\"https:\\\/\\\/www.szexshopbelvaros.com\\\/termek\\\/bondage-fetish-beginners-flogger\\\/\"]}]},{\"@type\":\"ImageObject\",\"inLanguage\":\"en-US\",\"@id\":\"https:\\\/\\\/www.szexshopbelvaros.com\\\/termek\\\/bondage-fetish-beginners-flogger\\\/#primaryimage\",\"url\":\"https:\\\/\\\/www.szexshopbelvaros.com\\\/wp-content\\\/uploads\\\/2025\\\/01\\\/wipbox.png\",\"contentUrl\":\"https:\\\/\\\/www.szexshopbelvaros.com\\\/wp-content\\\/uploads\\\/2025\\\/01\\\/wipbox.png\",\"width\":1000,\"height\":563},{\"@type\":\"BreadcrumbList\",\"@id\":\"https:\\\/\\\/www.szexshopbelvaros.com\\\/termek\\\/bondage-fetish-beginners-flogger\\\/#breadcrumb\",\"itemListElement\":[{\"@type\":\"ListItem\",\"position\":1,\"name\":\"Home\",\"item\":\"https:\\\/\\\/www.szexshopbelvaros.com\\\/\"},{\"@type\":\"ListItem\",\"position\":2,\"name\":\"\u00c1ruh\u00e1z\",\"item\":\"https:\\\/\\\/www.szexshopbelvaros.com\\\/uzlet\\\/\"},{\"@type\":\"ListItem\",\"position\":3,\"name\":\"\ud83d\udca2 K\u00e9jmank\u00f3 Light \u2013 A korb\u00e1cs, ami csak els\u0151re t\u0171nik kedvesnek\"}]},{\"@type\":\"WebSite\",\"@id\":\"https:\\\/\\\/www.szexshopbelvaros.com\\\/#website\",\"url\":\"https:\\\/\\\/www.szexshopbelvaros.com\\\/\",\"name\":\"Szexshop Belv\u00e1ros\",\"description\":\"\ud83d\udd25 A szex olyan, mint a p\u00e9nz; csak a t\u00fal sok el\u00e9g!\u2122 Titkok a belv\u00e1rosb\u00f3l \ud83d\udc8b | Secrets from Budapest \ud83d\udc8e Feln\u0151tt j\u00e1t\u00e9kok \u2022 Erotika \u2022 Szexshop Belvaros\",\"publisher\":{\"@id\":\"https:\\\/\\\/www.szexshopbelvaros.com\\\/#organization\"},\"potentialAction\":[{\"@type\":\"SearchAction\",\"target\":{\"@type\":\"EntryPoint\",\"urlTemplate\":\"https:\\\/\\\/www.szexshopbelvaros.com\\\/?s={search_term_string}\"},\"query-input\":{\"@type\":\"PropertyValueSpecification\",\"valueRequired\":true,\"valueName\":\"search_term_string\"}}],\"inLanguage\":\"en-US\"},{\"@type\":\"Organization\",\"@id\":\"https:\\\/\\\/www.szexshopbelvaros.com\\\/#organization\",\"name\":\"Szexshop Belv\u00e1ros\",\"alternateName\":\"szexshopbelvaros.com\",\"url\":\"https:\\\/\\\/www.szexshopbelvaros.com\\\/\",\"logo\":{\"@type\":\"ImageObject\",\"inLanguage\":\"en-US\",\"@id\":\"https:\\\/\\\/www.szexshopbelvaros.com\\\/#\\\/schema\\\/logo\\\/image\\\/\",\"url\":\"https:\\\/\\\/www.szexshopbelvaros.com\\\/wp-content\\\/uploads\\\/2025\\\/09\\\/1Szexshopbelvaroslogo_blurred_stronger.jpg\",\"contentUrl\":\"https:\\\/\\\/www.szexshopbelvaros.com\\\/wp-content\\\/uploads\\\/2025\\\/09\\\/1Szexshopbelvaroslogo_blurred_stronger.jpg\",\"width\":1024,\"height\":1024,\"caption\":\"Szexshop Belv\u00e1ros\"},\"image\":{\"@id\":\"https:\\\/\\\/www.szexshopbelvaros.com\\\/#\\\/schema\\\/logo\\\/image\\\/\"},\"sameAs\":[\"https:\\\/\\\/www.facebook.com\\\/belvarossecrets\\\/\",\"https:\\\/\\\/x.com\\\/belvarossecrets\",\"https:\\\/\\\/www.instagram.com\\\/belvarossecrets\\\/\",\"https:\\\/\\\/www.tiktok.com\\\/@belvarossecrets\"]}]}<\/script>\n<!-- \/ Yoast SEO plugin. -->","yoast_head_json":{"title":"\ud83d\udca2 K\u00e9jmank\u00f3 Light \u2013 The whip that only seems nice at first - Szexshop Belvaros","robots":{"index":"index","follow":"follow","max-snippet":"max-snippet:-1","max-image-preview":"max-image-preview:large","max-video-preview":"max-video-preview:-1"},"canonical":"https:\/\/www.szexshopbelvaros.com\/en\/product\/bondage-fetish-beginners-flogger\/","og_locale":"en_US","og_type":"article","og_title":"\ud83d\udca2 K\u00e9jmank\u00f3 Light \u2013 A korb\u00e1cs, ami csak els\u0151re t\u0171nik kedvesnek - Szexshop Belvaros","og_description":"Ez a 45 centis Bondage Fetish kezd\u0151 korb\u00e1cs pont olyan, mint az els\u0151 BDSM \u00e9lm\u00e9nyed: izgalmas, kicsit ijeszt\u0151, \u00e9s valaki biztosan azt mondja k\u00f6zben, hogy \u201ej\u00f3l van, csak ne hagyd abba.\u201d A fekete m\u0171b\u0151r sz\u00e1lak \u00fagy csattannak a b\u0151r\u00f6n, hogy m\u00e9g a szomsz\u00e9d is lelass\u00edt a l\u00e9pcs\u0151h\u00e1zban, a foganty\u00fa pedig pont olyan k\u00e9zre \u00e1ll, mint [...]","og_url":"https:\/\/www.szexshopbelvaros.com\/en\/product\/bondage-fetish-beginners-flogger\/","og_site_name":"Szexshop Belvaros","article_publisher":"https:\/\/www.facebook.com\/belvarossecrets\/","article_modified_time":"2026-02-14T06:57:38+00:00","og_image":[{"width":1000,"height":563,"url":"https:\/\/www.szexshopbelvaros.com\/wp-content\/uploads\/2025\/01\/wipbox.png","type":"image\/png"}],"twitter_card":"summary_large_image","twitter_site":"@belvarossecrets","twitter_misc":{"Est. reading time":"1 minute"},"schema":{"@context":"https:\/\/schema.org","@graph":[{"@type":"WebPage","@id":"https:\/\/www.szexshopbelvaros.com\/termek\/bondage-fetish-beginners-flogger\/","url":"https:\/\/www.szexshopbelvaros.com\/termek\/bondage-fetish-beginners-flogger\/","name":"\ud83d\udca2 K\u00e9jmank\u00f3 Light \u2013 The whip that only seems nice at first - Szexshop Belvaros","isPartOf":{"@id":"https:\/\/www.szexshopbelvaros.com\/#website"},"primaryImageOfPage":{"@id":"https:\/\/www.szexshopbelvaros.com\/termek\/bondage-fetish-beginners-flogger\/#primaryimage"},"image":{"@id":"https:\/\/www.szexshopbelvaros.com\/termek\/bondage-fetish-beginners-flogger\/#primaryimage"},"thumbnailUrl":"https:\/\/www.szexshopbelvaros.com\/wp-content\/uploads\/2025\/01\/wipbox.png","datePublished":"2025-01-31T13:36:13+00:00","dateModified":"2026-02-14T06:57:38+00:00","breadcrumb":{"@id":"https:\/\/www.szexshopbelvaros.com\/termek\/bondage-fetish-beginners-flogger\/#breadcrumb"},"inLanguage":"en-US","potentialAction":[{"@type":"ReadAction","target":["https:\/\/www.szexshopbelvaros.com\/termek\/bondage-fetish-beginners-flogger\/"]}]},{"@type":"ImageObject","inLanguage":"en-US","@id":"https:\/\/www.szexshopbelvaros.com\/termek\/bondage-fetish-beginners-flogger\/#primaryimage","url":"https:\/\/www.szexshopbelvaros.com\/wp-content\/uploads\/2025\/01\/wipbox.png","contentUrl":"https:\/\/www.szexshopbelvaros.com\/wp-content\/uploads\/2025\/01\/wipbox.png","width":1000,"height":563},{"@type":"BreadcrumbList","@id":"https:\/\/www.szexshopbelvaros.com\/termek\/bondage-fetish-beginners-flogger\/#breadcrumb","itemListElement":[{"@type":"ListItem","position":1,"name":"Home","item":"https:\/\/www.szexshopbelvaros.com\/"},{"@type":"ListItem","position":2,"name":"\u00c1ruh\u00e1z","item":"https:\/\/www.szexshopbelvaros.com\/uzlet\/"},{"@type":"ListItem","position":3,"name":"\ud83d\udca2 K\u00e9jmank\u00f3 Light \u2013 A korb\u00e1cs, ami csak els\u0151re t\u0171nik kedvesnek"}]},{"@type":"WebSite","@id":"https:\/\/www.szexshopbelvaros.com\/#website","url":"https:\/\/www.szexshopbelvaros.com\/","name":"at our Szexshop Belv\u00e1ros","description":"\ud83d\udd25 Sex is like money; only too much is enough!\u2122 Secrets from the city center \ud83d\udc8b | Secrets from Budapest \ud83d\udc8e Adult games \u2022 Erotica \u2022 Sex shop Belvaros","publisher":{"@id":"https:\/\/www.szexshopbelvaros.com\/#organization"},"potentialAction":[{"@type":"SearchAction","target":{"@type":"EntryPoint","urlTemplate":"https:\/\/www.szexshopbelvaros.com\/?s={search_term_string}"},"query-input":{"@type":"PropertyValueSpecification","valueRequired":true,"valueName":"search_term_string"}}],"inLanguage":"en-US"},{"@type":"Organization","@id":"https:\/\/www.szexshopbelvaros.com\/#organization","name":"at our Szexshop Belv\u00e1ros","alternateName":"szexshopbelvaros.com","url":"https:\/\/www.szexshopbelvaros.com\/","logo":{"@type":"ImageObject","inLanguage":"en-US","@id":"https:\/\/www.szexshopbelvaros.com\/#\/schema\/logo\/image\/","url":"https:\/\/www.szexshopbelvaros.com\/wp-content\/uploads\/2025\/09\/1Szexshopbelvaroslogo_blurred_stronger.jpg","contentUrl":"https:\/\/www.szexshopbelvaros.com\/wp-content\/uploads\/2025\/09\/1Szexshopbelvaroslogo_blurred_stronger.jpg","width":1024,"height":1024,"caption":"Szexshop Belv\u00e1ros"},"image":{"@id":"https:\/\/www.szexshopbelvaros.com\/#\/schema\/logo\/image\/"},"sameAs":["https:\/\/www.facebook.com\/belvarossecrets\/","https:\/\/x.com\/belvarossecrets","https:\/\/www.instagram.com\/belvarossecrets\/","https:\/\/www.tiktok.com\/@belvarossecrets"]}]}},"_links":{"self":[{"href":"https:\/\/www.szexshopbelvaros.com\/en\/wp-json\/wp\/v2\/product\/224","targetHints":{"allow":["GET"]}}],"collection":[{"href":"https:\/\/www.szexshopbelvaros.com\/en\/wp-json\/wp\/v2\/product"}],"about":[{"href":"https:\/\/www.szexshopbelvaros.com\/en\/wp-json\/wp\/v2\/types\/product"}],"replies":[{"embeddable":true,"href":"https:\/\/www.szexshopbelvaros.com\/en\/wp-json\/wp\/v2\/comments?post=224"}],"wp:featuredmedia":[{"embeddable":true,"href":"https:\/\/www.szexshopbelvaros.com\/en\/wp-json\/wp\/v2\/media\/2096"}],"wp:attachment":[{"href":"https:\/\/www.szexshopbelvaros.com\/en\/wp-json\/wp\/v2\/media?parent=224"}],"wp:term":[{"taxonomy":"product_brand","embeddable":true,"href":"https:\/\/www.szexshopbelvaros.com\/en\/wp-json\/wp\/v2\/product_brand?post=224"},{"taxonomy":"product_cat","embeddable":true,"href":"https:\/\/www.szexshopbelvaros.com\/en\/wp-json\/wp\/v2\/product_cat?post=224"},{"taxonomy":"product_tag","embeddable":true,"href":"https:\/\/www.szexshopbelvaros.com\/en\/wp-json\/wp\/v2\/product_tag?post=224"}],"curies":[{"name":"wp","href":"https:\/\/api.w.org\/{rel}","templated":true}]}}