{"id":2242,"date":"2026-01-01T13:01:09","date_gmt":"2026-01-01T12:01:09","guid":{"rendered":"https:\/\/www.szexshopbelvaros.com\/?post_type=product&#038;p=2242"},"modified":"2026-04-10T14:00:22","modified_gmt":"2026-04-10T12:00:22","slug":"barbara-bob-88-rezgo-dildo","status":"publish","type":"product","link":"https:\/\/www.szexshopbelvaros.com\/en\/product\/barbara-bob-88-rezgo-dildo\/","title":{"rendered":"\u26a1Electrifying Barbara Bob 8.8\u2033- turn it on, the men go on vacation"},"content":{"rendered":"<p data-start=\"625\" data-end=\"751\"><strong data-start=\"625\" data-end=\"751\">Electrifying Barbara Bob 8.8\u2033 \u2013 The vibrating dildo that, when you turn it on, automatically gives all your other guys a day off. \u26a1\ud83c\udf46<\/strong><\/p>\n<p data-start=\"753\" data-end=\"1015\">The Barbara Bob Realistic Vibrating Dildo is made for those who like a realistic shape but want the extra thrill. The dildo is 22.5 cm long and 4.5 cm in diameter. It is made of soft, body-like TPR material with a spectacular veined pattern so that every movement can be felt.<\/p>\n<p data-start=\"1017\" data-end=\"1241\">The vibration intensity is fully adjustable. You can decide whether you want a gentle rumble or a powerful turbo that will make the bed give out. The dildo works with 2 x AA batteries (not included), so it's worth preparing in advance.<\/p>\n<p data-start=\"1243\" data-end=\"1386\">Take it in your hand (or elsewhere \ud83d\ude09) and let this vibrating dildo show you why real men complain about it. Indulgence is guaranteed.<\/p>\n<p data-start=\"1451\" data-end=\"1600\">\ud83d\udc49 <strong data-start=\"1454\" data-end=\"1518\">Discover the rest of our <a href=\"https:\/\/www.szexshopbelvaros.com\/en\/product-category\/mupeniszek\/klasszikus-dildok\/\">dildos<\/a> on our page!<\/strong><\/p>\n<p data-start=\"1451\" data-end=\"1600\">Available in the www.szexshopbelvaros.com webshop and in our Budapest <a href=\"https:\/\/wolt.com\/hu\/hun\/budapest\/venue\/szexshop-belvaros\/items\/dildok-vibracios-mupeniszek-dildos-24\">Wolt store<\/a> store. \ud83d\udc8b\u26a1\ud83d\udd25<\/p>","protected":false},"excerpt":{"rendered":"<p>Electrifying Barbara Bob 8,8&#8243; \u2013 Az a rezg\u0151 dild\u00f3, amit ha bekapcsolsz, minden m\u00e1s pasid automatikusan szabadnapot kap. \u26a1\ud83c\udf46 A Barbara Bob Realistic Rezg\u0151 Dild\u00f3 azoknak k\u00e9sz\u00fclt, akik szeretik a val\u00f3s\u00e1gh\u0171 form\u00e1t, de ig\u00e9nylik a plusz \u00e9lm\u00e9nyt. A dild\u00f3 22,5 cm hossz\u00fa \u00e9s 4,5 cm \u00e1tm\u00e9r\u0151j\u0171. Puha, testszer\u0171 TPR anyagb\u00f3l k\u00e9sz\u00fclt, l\u00e1tv\u00e1nyos erezett mint\u00e1val, hogy [&#8230;]\n","protected":false},"featured_media":2243,"comment_status":"closed","ping_status":"closed","template":"","meta":[],"product_brand":[626],"product_cat":[137,173,115],"product_tag":[398,391,2096,389,2207,1192,1318,2210,2211,2208,2099,385,2209,2087,2098,2086,644,637,322,220,2206,2205,1158,2095,392,2097],"class_list":{"0":"post-2242","1":"product","2":"type-product","3":"status-publish","4":"has-post-thumbnail","6":"product_brand-baile","7":"product_cat-mupeniszek","8":"product_cat-rezgo-dildok","9":"product_cat-ujdonsagok","10":"product_tag-adult-toy","11":"product_tag-dildo","12":"product_tag-eros-vibrator","13":"product_tag-felnott-jatek","14":"product_tag-friss-erkezes","15":"product_tag-intim-jatek","16":"product_tag-intimate-toy","17":"product_tag-just-arrived","18":"product_tag-latest-arrival","19":"product_tag-legujabb-termek","20":"product_tag-motorized-dildo","21":"product_tag-mupenisz","22":"product_tag-new-product","23":"product_tag-pleasure-toy","24":"product_tag-powerful-vibrator","25":"product_tag-realista-dildo","26":"product_tag-realistic-dildo","27":"product_tag-rezgo-dildo","28":"product_tag-szexjatek","29":"product_tag-szexshop-belvaros","30":"product_tag-uj-termek","31":"product_tag-ujdonsag","32":"product_tag-vibracios-dildo","33":"product_tag-vibralos-dildo","34":"product_tag-vibrating-dildo","35":"product_tag-vibration-dildo","37":"first","38":"instock","39":"taxable","40":"shipping-taxable","41":"purchasable","42":"product-type-simple"},"yoast_head":"<!-- This site is optimized with the Yoast SEO plugin v27.4 - https:\/\/yoast.com\/product\/yoast-seo-wordpress\/ -->\n<title>Barbara Bob 8,8&quot; realisztikus rezg\u0151 dild\u00f3 \u2013 \u00e1ll\u00edthat\u00f3 er\u0151ss\u00e9ggel<\/title>\n<meta name=\"description\" content=\"A Barbara Bob 8,8\u201d realisztikus rezg\u0151 dild\u00f3 \u00e1ll\u00edthat\u00f3 er\u0151ss\u00e9ggel \u00e9s testszer\u0171 anyaggal k\u00e9nyeztet. El\u00e9rhet\u0151 a szexshop belvaros oldal\u00e1n \u00e9s a Budapest Wolt boltunkban! \u26a1\ud83c\udf46\" \/>\n<meta name=\"robots\" content=\"index, follow, max-snippet:-1, max-image-preview:large, max-video-preview:-1\" \/>\n<link rel=\"canonical\" href=\"https:\/\/www.szexshopbelvaros.com\/en\/product\/barbara-bob-88-rezgo-dildo\/\" \/>\n<meta property=\"og:locale\" content=\"en_US\" \/>\n<meta property=\"og:type\" content=\"article\" \/>\n<meta property=\"og:title\" content=\"Barbara Bob 8,8&quot; realisztikus rezg\u0151 dild\u00f3 \u2013 \u00e1ll\u00edthat\u00f3 er\u0151ss\u00e9ggel\" \/>\n<meta property=\"og:description\" content=\"A Barbara Bob 8,8\u201d realisztikus rezg\u0151 dild\u00f3 \u00e1ll\u00edthat\u00f3 er\u0151ss\u00e9ggel \u00e9s testszer\u0171 anyaggal k\u00e9nyeztet. El\u00e9rhet\u0151 a szexshop belvaros oldal\u00e1n \u00e9s a Budapest Wolt boltunkban! \u26a1\ud83c\udf46\" \/>\n<meta property=\"og:url\" content=\"https:\/\/www.szexshopbelvaros.com\/en\/product\/barbara-bob-88-rezgo-dildo\/\" \/>\n<meta property=\"og:site_name\" content=\"Szexshop Belvaros\" \/>\n<meta property=\"article:publisher\" content=\"https:\/\/www.facebook.com\/belvarossecrets\/\" \/>\n<meta property=\"article:modified_time\" content=\"2026-04-10T12:00:22+00:00\" \/>\n<meta property=\"og:image\" content=\"https:\/\/www.szexshopbelvaros.com\/wp-content\/uploads\/2026\/01\/6956543b7f673ed8bd92b663-scaled.png\" \/>\n\t<meta property=\"og:image:width\" content=\"2560\" \/>\n\t<meta property=\"og:image:height\" content=\"1440\" \/>\n\t<meta property=\"og:image:type\" content=\"image\/png\" \/>\n<meta name=\"twitter:card\" content=\"summary_large_image\" \/>\n<meta name=\"twitter:site\" content=\"@belvarossecrets\" \/>\n<meta name=\"twitter:label1\" content=\"Est. reading time\" \/>\n\t<meta name=\"twitter:data1\" content=\"1 minute\" \/>\n<script type=\"application\/ld+json\" class=\"yoast-schema-graph\">{\"@context\":\"https:\\\/\\\/schema.org\",\"@graph\":[{\"@type\":\"WebPage\",\"@id\":\"https:\\\/\\\/www.szexshopbelvaros.com\\\/termek\\\/barbara-bob-88-rezgo-dildo\\\/\",\"url\":\"https:\\\/\\\/www.szexshopbelvaros.com\\\/termek\\\/barbara-bob-88-rezgo-dildo\\\/\",\"name\":\"Barbara Bob 8,8\\\" realisztikus rezg\u0151 dild\u00f3 \u2013 \u00e1ll\u00edthat\u00f3 er\u0151ss\u00e9ggel\",\"isPartOf\":{\"@id\":\"https:\\\/\\\/www.szexshopbelvaros.com\\\/#website\"},\"primaryImageOfPage\":{\"@id\":\"https:\\\/\\\/www.szexshopbelvaros.com\\\/termek\\\/barbara-bob-88-rezgo-dildo\\\/#primaryimage\"},\"image\":{\"@id\":\"https:\\\/\\\/www.szexshopbelvaros.com\\\/termek\\\/barbara-bob-88-rezgo-dildo\\\/#primaryimage\"},\"thumbnailUrl\":\"https:\\\/\\\/www.szexshopbelvaros.com\\\/wp-content\\\/uploads\\\/2026\\\/01\\\/6956543b7f673ed8bd92b663-scaled.png\",\"datePublished\":\"2026-01-01T12:01:09+00:00\",\"dateModified\":\"2026-04-10T12:00:22+00:00\",\"description\":\"A Barbara Bob 8,8\u201d realisztikus rezg\u0151 dild\u00f3 \u00e1ll\u00edthat\u00f3 er\u0151ss\u00e9ggel \u00e9s testszer\u0171 anyaggal k\u00e9nyeztet. El\u00e9rhet\u0151 a szexshop belvaros oldal\u00e1n \u00e9s a Budapest Wolt boltunkban! \u26a1\ud83c\udf46\",\"breadcrumb\":{\"@id\":\"https:\\\/\\\/www.szexshopbelvaros.com\\\/termek\\\/barbara-bob-88-rezgo-dildo\\\/#breadcrumb\"},\"inLanguage\":\"en-US\",\"potentialAction\":[{\"@type\":\"ReadAction\",\"target\":[\"https:\\\/\\\/www.szexshopbelvaros.com\\\/termek\\\/barbara-bob-88-rezgo-dildo\\\/\"]}]},{\"@type\":\"ImageObject\",\"inLanguage\":\"en-US\",\"@id\":\"https:\\\/\\\/www.szexshopbelvaros.com\\\/termek\\\/barbara-bob-88-rezgo-dildo\\\/#primaryimage\",\"url\":\"https:\\\/\\\/www.szexshopbelvaros.com\\\/wp-content\\\/uploads\\\/2026\\\/01\\\/6956543b7f673ed8bd92b663-scaled.png\",\"contentUrl\":\"https:\\\/\\\/www.szexshopbelvaros.com\\\/wp-content\\\/uploads\\\/2026\\\/01\\\/6956543b7f673ed8bd92b663-scaled.png\",\"width\":2560,\"height\":1440,\"caption\":\"Barbara Bob 8,8\u201d realisztikus rezg\u0151 dild\u00f3 dobozzal, nat\u00far sz\u00ednben Barbara Bob 8.8\u201d realistic vibrating dildo with box, flesh tone\"},{\"@type\":\"BreadcrumbList\",\"@id\":\"https:\\\/\\\/www.szexshopbelvaros.com\\\/termek\\\/barbara-bob-88-rezgo-dildo\\\/#breadcrumb\",\"itemListElement\":[{\"@type\":\"ListItem\",\"position\":1,\"name\":\"Home\",\"item\":\"https:\\\/\\\/www.szexshopbelvaros.com\\\/\"},{\"@type\":\"ListItem\",\"position\":2,\"name\":\"\u00c1ruh\u00e1z\",\"item\":\"https:\\\/\\\/www.szexshopbelvaros.com\\\/uzlet\\\/\"},{\"@type\":\"ListItem\",\"position\":3,\"name\":\"\u26a1Electrifying Barbara Bob 8,8&#8243;- bekapcsolod, a pasik szabira mennek\"}]},{\"@type\":\"WebSite\",\"@id\":\"https:\\\/\\\/www.szexshopbelvaros.com\\\/#website\",\"url\":\"https:\\\/\\\/www.szexshopbelvaros.com\\\/\",\"name\":\"Szexshop Belv\u00e1ros\",\"description\":\"\ud83d\udd25 A szex olyan, mint a p\u00e9nz; csak a t\u00fal sok el\u00e9g!\u2122 Titkok a belv\u00e1rosb\u00f3l \ud83d\udc8b | Secrets from Budapest \ud83d\udc8e Feln\u0151tt j\u00e1t\u00e9kok \u2022 Erotika \u2022 Szexshop Belvaros\",\"publisher\":{\"@id\":\"https:\\\/\\\/www.szexshopbelvaros.com\\\/#organization\"},\"potentialAction\":[{\"@type\":\"SearchAction\",\"target\":{\"@type\":\"EntryPoint\",\"urlTemplate\":\"https:\\\/\\\/www.szexshopbelvaros.com\\\/?s={search_term_string}\"},\"query-input\":{\"@type\":\"PropertyValueSpecification\",\"valueRequired\":true,\"valueName\":\"search_term_string\"}}],\"inLanguage\":\"en-US\"},{\"@type\":\"Organization\",\"@id\":\"https:\\\/\\\/www.szexshopbelvaros.com\\\/#organization\",\"name\":\"Szexshop Belv\u00e1ros\",\"alternateName\":\"szexshopbelvaros.com\",\"url\":\"https:\\\/\\\/www.szexshopbelvaros.com\\\/\",\"logo\":{\"@type\":\"ImageObject\",\"inLanguage\":\"en-US\",\"@id\":\"https:\\\/\\\/www.szexshopbelvaros.com\\\/#\\\/schema\\\/logo\\\/image\\\/\",\"url\":\"https:\\\/\\\/www.szexshopbelvaros.com\\\/wp-content\\\/uploads\\\/2025\\\/09\\\/1Szexshopbelvaroslogo_blurred_stronger.jpg\",\"contentUrl\":\"https:\\\/\\\/www.szexshopbelvaros.com\\\/wp-content\\\/uploads\\\/2025\\\/09\\\/1Szexshopbelvaroslogo_blurred_stronger.jpg\",\"width\":1024,\"height\":1024,\"caption\":\"Szexshop Belv\u00e1ros\"},\"image\":{\"@id\":\"https:\\\/\\\/www.szexshopbelvaros.com\\\/#\\\/schema\\\/logo\\\/image\\\/\"},\"sameAs\":[\"https:\\\/\\\/www.facebook.com\\\/belvarossecrets\\\/\",\"https:\\\/\\\/x.com\\\/belvarossecrets\",\"https:\\\/\\\/www.instagram.com\\\/belvarossecrets\\\/\",\"https:\\\/\\\/www.tiktok.com\\\/@belvarossecrets\"]}]}<\/script>\n<!-- \/ Yoast SEO plugin. -->","yoast_head_json":{"title":"Barbara Bob 8.8&quot; Realistic Vibrating Dildo - Adjustable Strength","description":"The Barbara Bob 8.8\u201d realistic vibrating dildo pampers you with adjustable strength and body-like material. Available on the sex shop&#039;s inner-city website and in our Budapest Wolt store! \u26a1\ud83c\udf46","robots":{"index":"index","follow":"follow","max-snippet":"max-snippet:-1","max-image-preview":"max-image-preview:large","max-video-preview":"max-video-preview:-1"},"canonical":"https:\/\/www.szexshopbelvaros.com\/en\/product\/barbara-bob-88-rezgo-dildo\/","og_locale":"en_US","og_type":"article","og_title":"Barbara Bob 8,8\" realisztikus rezg\u0151 dild\u00f3 \u2013 \u00e1ll\u00edthat\u00f3 er\u0151ss\u00e9ggel","og_description":"A Barbara Bob 8,8\u201d realisztikus rezg\u0151 dild\u00f3 \u00e1ll\u00edthat\u00f3 er\u0151ss\u00e9ggel \u00e9s testszer\u0171 anyaggal k\u00e9nyeztet. El\u00e9rhet\u0151 a szexshop belvaros oldal\u00e1n \u00e9s a Budapest Wolt boltunkban! \u26a1\ud83c\udf46","og_url":"https:\/\/www.szexshopbelvaros.com\/en\/product\/barbara-bob-88-rezgo-dildo\/","og_site_name":"Szexshop Belvaros","article_publisher":"https:\/\/www.facebook.com\/belvarossecrets\/","article_modified_time":"2026-04-10T12:00:22+00:00","og_image":[{"width":2560,"height":1440,"url":"https:\/\/www.szexshopbelvaros.com\/wp-content\/uploads\/2026\/01\/6956543b7f673ed8bd92b663-scaled.png","type":"image\/png"}],"twitter_card":"summary_large_image","twitter_site":"@belvarossecrets","twitter_misc":{"Est. reading time":"1 minute"},"schema":{"@context":"https:\/\/schema.org","@graph":[{"@type":"WebPage","@id":"https:\/\/www.szexshopbelvaros.com\/termek\/barbara-bob-88-rezgo-dildo\/","url":"https:\/\/www.szexshopbelvaros.com\/termek\/barbara-bob-88-rezgo-dildo\/","name":"Barbara Bob 8.8&quot; Realistic Vibrating Dildo - Adjustable Strength","isPartOf":{"@id":"https:\/\/www.szexshopbelvaros.com\/#website"},"primaryImageOfPage":{"@id":"https:\/\/www.szexshopbelvaros.com\/termek\/barbara-bob-88-rezgo-dildo\/#primaryimage"},"image":{"@id":"https:\/\/www.szexshopbelvaros.com\/termek\/barbara-bob-88-rezgo-dildo\/#primaryimage"},"thumbnailUrl":"https:\/\/www.szexshopbelvaros.com\/wp-content\/uploads\/2026\/01\/6956543b7f673ed8bd92b663-scaled.png","datePublished":"2026-01-01T12:01:09+00:00","dateModified":"2026-04-10T12:00:22+00:00","description":"The Barbara Bob 8.8\u201d realistic vibrating dildo pampers you with adjustable strength and body-like material. Available on the sex shop&#039;s inner-city website and in our Budapest Wolt store! \u26a1\ud83c\udf46","breadcrumb":{"@id":"https:\/\/www.szexshopbelvaros.com\/termek\/barbara-bob-88-rezgo-dildo\/#breadcrumb"},"inLanguage":"en-US","potentialAction":[{"@type":"ReadAction","target":["https:\/\/www.szexshopbelvaros.com\/termek\/barbara-bob-88-rezgo-dildo\/"]}]},{"@type":"ImageObject","inLanguage":"en-US","@id":"https:\/\/www.szexshopbelvaros.com\/termek\/barbara-bob-88-rezgo-dildo\/#primaryimage","url":"https:\/\/www.szexshopbelvaros.com\/wp-content\/uploads\/2026\/01\/6956543b7f673ed8bd92b663-scaled.png","contentUrl":"https:\/\/www.szexshopbelvaros.com\/wp-content\/uploads\/2026\/01\/6956543b7f673ed8bd92b663-scaled.png","width":2560,"height":1440,"caption":"Barbara Bob 8,8\u201d realisztikus rezg\u0151 dild\u00f3 dobozzal, nat\u00far sz\u00ednben Barbara Bob 8.8\u201d realistic vibrating dildo with box, flesh tone"},{"@type":"BreadcrumbList","@id":"https:\/\/www.szexshopbelvaros.com\/termek\/barbara-bob-88-rezgo-dildo\/#breadcrumb","itemListElement":[{"@type":"ListItem","position":1,"name":"Home","item":"https:\/\/www.szexshopbelvaros.com\/"},{"@type":"ListItem","position":2,"name":"\u00c1ruh\u00e1z","item":"https:\/\/www.szexshopbelvaros.com\/uzlet\/"},{"@type":"ListItem","position":3,"name":"\u26a1Electrifying Barbara Bob 8,8&#8243;- bekapcsolod, a pasik szabira mennek"}]},{"@type":"WebSite","@id":"https:\/\/www.szexshopbelvaros.com\/#website","url":"https:\/\/www.szexshopbelvaros.com\/","name":"at our Szexshop Belv\u00e1ros","description":"\ud83d\udd25 Sex is like money; only too much is enough!\u2122 Secrets from the city center \ud83d\udc8b | Secrets from Budapest \ud83d\udc8e Adult games \u2022 Erotica \u2022 Sex shop Belvaros","publisher":{"@id":"https:\/\/www.szexshopbelvaros.com\/#organization"},"potentialAction":[{"@type":"SearchAction","target":{"@type":"EntryPoint","urlTemplate":"https:\/\/www.szexshopbelvaros.com\/?s={search_term_string}"},"query-input":{"@type":"PropertyValueSpecification","valueRequired":true,"valueName":"search_term_string"}}],"inLanguage":"en-US"},{"@type":"Organization","@id":"https:\/\/www.szexshopbelvaros.com\/#organization","name":"at our Szexshop Belv\u00e1ros","alternateName":"szexshopbelvaros.com","url":"https:\/\/www.szexshopbelvaros.com\/","logo":{"@type":"ImageObject","inLanguage":"en-US","@id":"https:\/\/www.szexshopbelvaros.com\/#\/schema\/logo\/image\/","url":"https:\/\/www.szexshopbelvaros.com\/wp-content\/uploads\/2025\/09\/1Szexshopbelvaroslogo_blurred_stronger.jpg","contentUrl":"https:\/\/www.szexshopbelvaros.com\/wp-content\/uploads\/2025\/09\/1Szexshopbelvaroslogo_blurred_stronger.jpg","width":1024,"height":1024,"caption":"Szexshop Belv\u00e1ros"},"image":{"@id":"https:\/\/www.szexshopbelvaros.com\/#\/schema\/logo\/image\/"},"sameAs":["https:\/\/www.facebook.com\/belvarossecrets\/","https:\/\/x.com\/belvarossecrets","https:\/\/www.instagram.com\/belvarossecrets\/","https:\/\/www.tiktok.com\/@belvarossecrets"]}]}},"_links":{"self":[{"href":"https:\/\/www.szexshopbelvaros.com\/en\/wp-json\/wp\/v2\/product\/2242","targetHints":{"allow":["GET"]}}],"collection":[{"href":"https:\/\/www.szexshopbelvaros.com\/en\/wp-json\/wp\/v2\/product"}],"about":[{"href":"https:\/\/www.szexshopbelvaros.com\/en\/wp-json\/wp\/v2\/types\/product"}],"replies":[{"embeddable":true,"href":"https:\/\/www.szexshopbelvaros.com\/en\/wp-json\/wp\/v2\/comments?post=2242"}],"wp:featuredmedia":[{"embeddable":true,"href":"https:\/\/www.szexshopbelvaros.com\/en\/wp-json\/wp\/v2\/media\/2243"}],"wp:attachment":[{"href":"https:\/\/www.szexshopbelvaros.com\/en\/wp-json\/wp\/v2\/media?parent=2242"}],"wp:term":[{"taxonomy":"product_brand","embeddable":true,"href":"https:\/\/www.szexshopbelvaros.com\/en\/wp-json\/wp\/v2\/product_brand?post=2242"},{"taxonomy":"product_cat","embeddable":true,"href":"https:\/\/www.szexshopbelvaros.com\/en\/wp-json\/wp\/v2\/product_cat?post=2242"},{"taxonomy":"product_tag","embeddable":true,"href":"https:\/\/www.szexshopbelvaros.com\/en\/wp-json\/wp\/v2\/product_tag?post=2242"}],"curies":[{"name":"wp","href":"https:\/\/api.w.org\/{rel}","templated":true}]}}