{"id":2262,"date":"2026-01-17T12:40:05","date_gmt":"2026-01-17T11:40:05","guid":{"rendered":"https:\/\/www.szexshopbelvaros.com\/?post_type=product&#038;p=2262"},"modified":"2026-04-10T15:46:32","modified_gmt":"2026-04-10T13:46:32","slug":"%f0%9f%92%a3-renegade-vibralos-anallanc-a-segged-forradalmara","status":"publish","type":"product","link":"https:\/\/www.szexshopbelvaros.com\/en\/product\/%f0%9f%92%a3-renegade-vibralos-anallanc-a-segged-forradalmara\/","title":{"rendered":"\ud83d\udca3 Renegade Vibrating Anal Chain \u2013 Revolutionize Your Ass"},"content":{"rendered":"<p>Renegade Vibrating Anal Beads are not just any little toy. Renegade Vibrating Anal Beads are the kind of thing that, if they could speak, would say, \u201egrab the lube and hold on tight, because the party is about to begin!\u201d \ud83d\ude08<\/p>\n<p>With four progressively increasing balls (1.5 \u2013 2 \u2013 2.5 \u2013 3 cm), 10 vibration levels, and a length of 14.3 cm, this rebel silicone warlord knows exactly how to take over the back lines. The premium silicone + ABS material is so silky smooth that your body will beg for replay.<\/p>\n<p>And best of all, it&#039;s waterproof! Yes, whether it&#039;s the shower, the bath, or that &quot;accidentally wet&quot; Saturday night - this little renegade can be used anywhere. And the secure grip ring ensures it doesn&#039;t disappear like your Christmas diet in January.<\/p>\n<p>Unisex? Of course! Because pleasure knows no gender \u2013 only vibrational levels.<\/p>\n<p>\ud83d\udc49 Check out the rest of our <a href=\"https:\/\/www.szexshopbelvaros.com\/en\/product-category\/anal\/analdugok-prosztatamaszirozok\/\"><strong data-start=\"253\" data-end=\"277\">our anal games<\/strong><\/a>\u00a0, if you want to go even deeper into the world of pleasures. \ud83d\ude08<\/p>\n<p>\ud83d\udd25 Only in the <a href=\"https:\/\/wolt.com\/hu\/hun\/budapest\/venue\/szexshop-belvaros\/renegade-vibrating-anal-beads-itemid-4fa255d3bf5a32d380de394f\">at our Budapest Szexshop Belv\u00e1ros Wolt<\/a> store and offered on the website www.szexshopbelvaros.com \u2013 where the rebellion begins with the ass. \ud83c\udf51<\/p>","protected":false},"excerpt":{"rendered":"<p>Renegade Vibr\u00e1l\u00f4s An\u00e1ll\u00e1nc nem egy szolid kis j\u00e1t\u00e9kszer. A Renegade Vibrating Anal Beads az a cucc, ami ha megsz\u00f3lalna, azt mondan\u00e1: \u201efogd a s\u00edkos\u00edt\u00f3t, \u00e9s kapaszkodj, mert most kezd\u0151dik a buli!\u201d \ud83d\ude08 N\u00e9gy fokozatosan n\u00f6vekv\u0151 goly\u00f3val (1,5 \u2013 2 \u2013 2,5 \u2013 3 cm), 10 vibr\u00e1ci\u00f3s fokozattal, \u00e9s 14,3 cm hosszal ez a l\u00e1zad\u00f3 szilikon [&#8230;]\n","protected":false},"featured_media":2257,"comment_status":"closed","ping_status":"closed","template":"","meta":[],"product_brand":[67],"product_cat":[135,86],"product_tag":[1371,697,1786,684,418,676,694,1392,1393,424,2394,1782,1788,1784,1381,1318,1181,1785,1791,698,695,1790,1904,687,1165,1780,1787,1783,1781,1169,1779,1382],"class_list":{"0":"post-2262","1":"product","2":"type-product","3":"status-publish","4":"has-post-thumbnail","6":"product_brand-chisa-novelties","7":"product_cat-anal","8":"product_cat-analdugok-prosztata-masszirozok","9":"product_tag-adjustable-intensity","10":"product_tag-advanced-anal-play","11":"product_tag-anal-bead-toy","12":"product_tag-anal-dugo","13":"product_tag-anal-jatek","14":"product_tag-anal-play","15":"product_tag-anal-plug","16":"product_tag-anal-stimulacio","17":"product_tag-anal-stimulation","18":"product_tag-anal-toy","19":"product_tag-analis-golyok","20":"product_tag-flexibilis-kialakitas","21":"product_tag-flexible-design","22":"product_tag-haladoknak","23":"product_tag-hatso-jatek","24":"product_tag-intimate-toy","25":"product_tag-multiple-vibration-modes","26":"product_tag-p-pont-stimulalas","27":"product_tag-p-spot-stimulation","28":"product_tag-p-spot-toy","29":"product_tag-prostate-massager","30":"product_tag-prostate-stimulation","31":"product_tag-prosztata-masszirozo","32":"product_tag-prosztata-stimulalas","33":"product_tag-puha-szilikon","34":"product_tag-rezgo-anal-jatek","35":"product_tag-soft-silicone-toy","36":"product_tag-stabil-fogantyu","37":"product_tag-tobb-fokozat","38":"product_tag-tobb-rezgesmod","39":"product_tag-vibralos-analanc","40":"product_tag-vibrating-anal-beads","42":"first","43":"instock","44":"taxable","45":"shipping-taxable","46":"purchasable","47":"product-type-simple"},"yoast_head":"<!-- This site is optimized with the Yoast SEO plugin v27.5 - https:\/\/yoast.com\/product\/yoast-seo-wordpress\/ -->\n<title>\ud83d\udca3 Renegade Vibr\u00e1l\u00f3s An\u00e1ll\u00e1nc \u2013 A Segged Forradalm\u00e1ra - Szexshop Belvaros<\/title>\n<meta name=\"description\" content=\"Vibr\u00e1l\u00f3s an\u00e1ll\u00e1nc n\u00e9gy fokozatos goly\u00f3val, 10 rezg\u00e9sm\u00f3ddal \u00e9s puha szilikon bor\u00edt\u00e1ssal. Intenz\u00edv \u00e9lm\u00e9ny, stabil fog\u00f3r\u0171vel \u2013 Szexshop Belvaros.\" \/>\n<meta name=\"robots\" content=\"index, follow, max-snippet:-1, max-image-preview:large, max-video-preview:-1\" \/>\n<link rel=\"canonical\" href=\"https:\/\/www.szexshopbelvaros.com\/en\/product\/\ud83d\udca3-renegade-vibralos-anallanc-a-segged-forradalmara\/\" \/>\n<meta property=\"og:locale\" content=\"en_US\" \/>\n<meta property=\"og:type\" content=\"article\" \/>\n<meta property=\"og:title\" content=\"\ud83d\udca3 Renegade Vibr\u00e1l\u00f3s An\u00e1ll\u00e1nc \u2013 A Segged Forradalm\u00e1ra - Szexshop Belvaros\" \/>\n<meta property=\"og:description\" content=\"Vibr\u00e1l\u00f3s an\u00e1ll\u00e1nc n\u00e9gy fokozatos goly\u00f3val, 10 rezg\u00e9sm\u00f3ddal \u00e9s puha szilikon bor\u00edt\u00e1ssal. Intenz\u00edv \u00e9lm\u00e9ny, stabil fog\u00f3r\u0171vel \u2013 Szexshop Belvaros.\" \/>\n<meta property=\"og:url\" content=\"https:\/\/www.szexshopbelvaros.com\/en\/product\/\ud83d\udca3-renegade-vibralos-anallanc-a-segged-forradalmara\/\" \/>\n<meta property=\"og:site_name\" content=\"Szexshop Belvaros\" \/>\n<meta property=\"article:publisher\" content=\"https:\/\/www.facebook.com\/belvarossecrets\/\" \/>\n<meta property=\"article:modified_time\" content=\"2026-04-10T13:46:32+00:00\" \/>\n<meta property=\"og:image\" content=\"https:\/\/www.szexshopbelvaros.com\/wp-content\/uploads\/2026\/01\/696b6a4ef7b8fd1dd452a708-scaled.png\" \/>\n\t<meta property=\"og:image:width\" content=\"2560\" \/>\n\t<meta property=\"og:image:height\" content=\"1440\" \/>\n\t<meta property=\"og:image:type\" content=\"image\/png\" \/>\n<meta name=\"twitter:card\" content=\"summary_large_image\" \/>\n<meta name=\"twitter:site\" content=\"@belvarossecrets\" \/>\n<meta name=\"twitter:label1\" content=\"Est. reading time\" \/>\n\t<meta name=\"twitter:data1\" content=\"2 minutes\" \/>\n<script type=\"application\/ld+json\" class=\"yoast-schema-graph\">{\"@context\":\"https:\\\/\\\/schema.org\",\"@graph\":[{\"@type\":\"WebPage\",\"@id\":\"https:\\\/\\\/www.szexshopbelvaros.com\\\/termek\\\/%f0%9f%92%a3-renegade-vibralos-anallanc-a-segged-forradalmara\\\/\",\"url\":\"https:\\\/\\\/www.szexshopbelvaros.com\\\/termek\\\/%f0%9f%92%a3-renegade-vibralos-anallanc-a-segged-forradalmara\\\/\",\"name\":\"\ud83d\udca3 Renegade Vibr\u00e1l\u00f3s An\u00e1ll\u00e1nc \u2013 A Segged Forradalm\u00e1ra - Szexshop Belvaros\",\"isPartOf\":{\"@id\":\"https:\\\/\\\/www.szexshopbelvaros.com\\\/#website\"},\"primaryImageOfPage\":{\"@id\":\"https:\\\/\\\/www.szexshopbelvaros.com\\\/termek\\\/%f0%9f%92%a3-renegade-vibralos-anallanc-a-segged-forradalmara\\\/#primaryimage\"},\"image\":{\"@id\":\"https:\\\/\\\/www.szexshopbelvaros.com\\\/termek\\\/%f0%9f%92%a3-renegade-vibralos-anallanc-a-segged-forradalmara\\\/#primaryimage\"},\"thumbnailUrl\":\"https:\\\/\\\/www.szexshopbelvaros.com\\\/wp-content\\\/uploads\\\/2026\\\/01\\\/696b6a4ef7b8fd1dd452a708-scaled.png\",\"datePublished\":\"2026-01-17T11:40:05+00:00\",\"dateModified\":\"2026-04-10T13:46:32+00:00\",\"description\":\"Vibr\u00e1l\u00f3s an\u00e1ll\u00e1nc n\u00e9gy fokozatos goly\u00f3val, 10 rezg\u00e9sm\u00f3ddal \u00e9s puha szilikon bor\u00edt\u00e1ssal. Intenz\u00edv \u00e9lm\u00e9ny, stabil fog\u00f3r\u0171vel \u2013 Szexshop Belvaros.\",\"breadcrumb\":{\"@id\":\"https:\\\/\\\/www.szexshopbelvaros.com\\\/termek\\\/%f0%9f%92%a3-renegade-vibralos-anallanc-a-segged-forradalmara\\\/#breadcrumb\"},\"inLanguage\":\"en-US\",\"potentialAction\":[{\"@type\":\"ReadAction\",\"target\":[\"https:\\\/\\\/www.szexshopbelvaros.com\\\/termek\\\/%f0%9f%92%a3-renegade-vibralos-anallanc-a-segged-forradalmara\\\/\"]}]},{\"@type\":\"ImageObject\",\"inLanguage\":\"en-US\",\"@id\":\"https:\\\/\\\/www.szexshopbelvaros.com\\\/termek\\\/%f0%9f%92%a3-renegade-vibralos-anallanc-a-segged-forradalmara\\\/#primaryimage\",\"url\":\"https:\\\/\\\/www.szexshopbelvaros.com\\\/wp-content\\\/uploads\\\/2026\\\/01\\\/696b6a4ef7b8fd1dd452a708-scaled.png\",\"contentUrl\":\"https:\\\/\\\/www.szexshopbelvaros.com\\\/wp-content\\\/uploads\\\/2026\\\/01\\\/696b6a4ef7b8fd1dd452a708-scaled.png\",\"width\":2560,\"height\":1440,\"caption\":\"Renegade vibralos anallanc dobozzal fekete szilikon Renegade vibrating anal beads black silicone with box\"},{\"@type\":\"BreadcrumbList\",\"@id\":\"https:\\\/\\\/www.szexshopbelvaros.com\\\/termek\\\/%f0%9f%92%a3-renegade-vibralos-anallanc-a-segged-forradalmara\\\/#breadcrumb\",\"itemListElement\":[{\"@type\":\"ListItem\",\"position\":1,\"name\":\"Home\",\"item\":\"https:\\\/\\\/www.szexshopbelvaros.com\\\/\"},{\"@type\":\"ListItem\",\"position\":2,\"name\":\"\u00c1ruh\u00e1z\",\"item\":\"https:\\\/\\\/www.szexshopbelvaros.com\\\/uzlet\\\/\"},{\"@type\":\"ListItem\",\"position\":3,\"name\":\"\ud83d\udca3 Renegade Vibr\u00e1l\u00f3s An\u00e1ll\u00e1nc \u2013 A Segged Forradalm\u00e1ra\"}]},{\"@type\":\"WebSite\",\"@id\":\"https:\\\/\\\/www.szexshopbelvaros.com\\\/#website\",\"url\":\"https:\\\/\\\/www.szexshopbelvaros.com\\\/\",\"name\":\"Szexshop Belv\u00e1ros\",\"description\":\"\ud83d\udd25 A szex olyan, mint a p\u00e9nz; csak a t\u00fal sok el\u00e9g!\u2122 Titkok a belv\u00e1rosb\u00f3l \ud83d\udc8b | Secrets from Budapest \ud83d\udc8e Feln\u0151tt j\u00e1t\u00e9kok \u2022 Erotika \u2022 Szexshop Belvaros\",\"publisher\":{\"@id\":\"https:\\\/\\\/www.szexshopbelvaros.com\\\/#organization\"},\"potentialAction\":[{\"@type\":\"SearchAction\",\"target\":{\"@type\":\"EntryPoint\",\"urlTemplate\":\"https:\\\/\\\/www.szexshopbelvaros.com\\\/?s={search_term_string}\"},\"query-input\":{\"@type\":\"PropertyValueSpecification\",\"valueRequired\":true,\"valueName\":\"search_term_string\"}}],\"inLanguage\":\"en-US\"},{\"@type\":\"Organization\",\"@id\":\"https:\\\/\\\/www.szexshopbelvaros.com\\\/#organization\",\"name\":\"Szexshop Belv\u00e1ros\",\"alternateName\":\"szexshopbelvaros.com\",\"url\":\"https:\\\/\\\/www.szexshopbelvaros.com\\\/\",\"logo\":{\"@type\":\"ImageObject\",\"inLanguage\":\"en-US\",\"@id\":\"https:\\\/\\\/www.szexshopbelvaros.com\\\/#\\\/schema\\\/logo\\\/image\\\/\",\"url\":\"https:\\\/\\\/www.szexshopbelvaros.com\\\/wp-content\\\/uploads\\\/2025\\\/09\\\/1Szexshopbelvaroslogo_blurred_stronger.jpg\",\"contentUrl\":\"https:\\\/\\\/www.szexshopbelvaros.com\\\/wp-content\\\/uploads\\\/2025\\\/09\\\/1Szexshopbelvaroslogo_blurred_stronger.jpg\",\"width\":1024,\"height\":1024,\"caption\":\"Szexshop Belv\u00e1ros\"},\"image\":{\"@id\":\"https:\\\/\\\/www.szexshopbelvaros.com\\\/#\\\/schema\\\/logo\\\/image\\\/\"},\"sameAs\":[\"https:\\\/\\\/www.facebook.com\\\/belvarossecrets\\\/\",\"https:\\\/\\\/x.com\\\/belvarossecrets\",\"https:\\\/\\\/www.instagram.com\\\/belvarossecrets\\\/\",\"https:\\\/\\\/www.tiktok.com\\\/@belvarossecrets\"]}]}<\/script>\n<!-- \/ Yoast SEO plugin. -->","yoast_head_json":{"title":"\ud83d\udca3 Renegade Vibrating Anal Chain \u2013 To Revolutionize Your Ass - Szexshop Belvaros","description":"Vibrating anal chain with four-stage balls, 10 vibration modes and soft silicone cover. Intense experience, with a stable grip \u2013 Szexshop Belvaros.","robots":{"index":"index","follow":"follow","max-snippet":"max-snippet:-1","max-image-preview":"max-image-preview:large","max-video-preview":"max-video-preview:-1"},"canonical":"https:\/\/www.szexshopbelvaros.com\/en\/product\/\ud83d\udca3-renegade-vibralos-anallanc-a-segged-forradalmara\/","og_locale":"en_US","og_type":"article","og_title":"\ud83d\udca3 Renegade Vibr\u00e1l\u00f3s An\u00e1ll\u00e1nc \u2013 A Segged Forradalm\u00e1ra - Szexshop Belvaros","og_description":"Vibr\u00e1l\u00f3s an\u00e1ll\u00e1nc n\u00e9gy fokozatos goly\u00f3val, 10 rezg\u00e9sm\u00f3ddal \u00e9s puha szilikon bor\u00edt\u00e1ssal. Intenz\u00edv \u00e9lm\u00e9ny, stabil fog\u00f3r\u0171vel \u2013 Szexshop Belvaros.","og_url":"https:\/\/www.szexshopbelvaros.com\/en\/product\/\ud83d\udca3-renegade-vibralos-anallanc-a-segged-forradalmara\/","og_site_name":"Szexshop Belvaros","article_publisher":"https:\/\/www.facebook.com\/belvarossecrets\/","article_modified_time":"2026-04-10T13:46:32+00:00","og_image":[{"width":2560,"height":1440,"url":"https:\/\/www.szexshopbelvaros.com\/wp-content\/uploads\/2026\/01\/696b6a4ef7b8fd1dd452a708-scaled.png","type":"image\/png"}],"twitter_card":"summary_large_image","twitter_site":"@belvarossecrets","twitter_misc":{"Est. reading time":"2 minutes"},"schema":{"@context":"https:\/\/schema.org","@graph":[{"@type":"WebPage","@id":"https:\/\/www.szexshopbelvaros.com\/termek\/%f0%9f%92%a3-renegade-vibralos-anallanc-a-segged-forradalmara\/","url":"https:\/\/www.szexshopbelvaros.com\/termek\/%f0%9f%92%a3-renegade-vibralos-anallanc-a-segged-forradalmara\/","name":"\ud83d\udca3 Renegade Vibrating Anal Chain \u2013 To Revolutionize Your Ass - Szexshop Belvaros","isPartOf":{"@id":"https:\/\/www.szexshopbelvaros.com\/#website"},"primaryImageOfPage":{"@id":"https:\/\/www.szexshopbelvaros.com\/termek\/%f0%9f%92%a3-renegade-vibralos-anallanc-a-segged-forradalmara\/#primaryimage"},"image":{"@id":"https:\/\/www.szexshopbelvaros.com\/termek\/%f0%9f%92%a3-renegade-vibralos-anallanc-a-segged-forradalmara\/#primaryimage"},"thumbnailUrl":"https:\/\/www.szexshopbelvaros.com\/wp-content\/uploads\/2026\/01\/696b6a4ef7b8fd1dd452a708-scaled.png","datePublished":"2026-01-17T11:40:05+00:00","dateModified":"2026-04-10T13:46:32+00:00","description":"Vibrating anal chain with four-stage balls, 10 vibration modes and soft silicone cover. Intense experience, with a stable grip \u2013 Szexshop Belvaros.","breadcrumb":{"@id":"https:\/\/www.szexshopbelvaros.com\/termek\/%f0%9f%92%a3-renegade-vibralos-anallanc-a-segged-forradalmara\/#breadcrumb"},"inLanguage":"en-US","potentialAction":[{"@type":"ReadAction","target":["https:\/\/www.szexshopbelvaros.com\/termek\/%f0%9f%92%a3-renegade-vibralos-anallanc-a-segged-forradalmara\/"]}]},{"@type":"ImageObject","inLanguage":"en-US","@id":"https:\/\/www.szexshopbelvaros.com\/termek\/%f0%9f%92%a3-renegade-vibralos-anallanc-a-segged-forradalmara\/#primaryimage","url":"https:\/\/www.szexshopbelvaros.com\/wp-content\/uploads\/2026\/01\/696b6a4ef7b8fd1dd452a708-scaled.png","contentUrl":"https:\/\/www.szexshopbelvaros.com\/wp-content\/uploads\/2026\/01\/696b6a4ef7b8fd1dd452a708-scaled.png","width":2560,"height":1440,"caption":"Renegade vibralos anallanc dobozzal fekete szilikon Renegade vibrating anal beads black silicone with box"},{"@type":"BreadcrumbList","@id":"https:\/\/www.szexshopbelvaros.com\/termek\/%f0%9f%92%a3-renegade-vibralos-anallanc-a-segged-forradalmara\/#breadcrumb","itemListElement":[{"@type":"ListItem","position":1,"name":"Home","item":"https:\/\/www.szexshopbelvaros.com\/"},{"@type":"ListItem","position":2,"name":"\u00c1ruh\u00e1z","item":"https:\/\/www.szexshopbelvaros.com\/uzlet\/"},{"@type":"ListItem","position":3,"name":"\ud83d\udca3 Renegade Vibr\u00e1l\u00f3s An\u00e1ll\u00e1nc \u2013 A Segged Forradalm\u00e1ra"}]},{"@type":"WebSite","@id":"https:\/\/www.szexshopbelvaros.com\/#website","url":"https:\/\/www.szexshopbelvaros.com\/","name":"at our Szexshop Belv\u00e1ros","description":"\ud83d\udd25 Sex is like money; only too much is enough!\u2122 Secrets from the city center \ud83d\udc8b | Secrets from Budapest \ud83d\udc8e Adult games \u2022 Erotica \u2022 Sex shop Belvaros","publisher":{"@id":"https:\/\/www.szexshopbelvaros.com\/#organization"},"potentialAction":[{"@type":"SearchAction","target":{"@type":"EntryPoint","urlTemplate":"https:\/\/www.szexshopbelvaros.com\/?s={search_term_string}"},"query-input":{"@type":"PropertyValueSpecification","valueRequired":true,"valueName":"search_term_string"}}],"inLanguage":"en-US"},{"@type":"Organization","@id":"https:\/\/www.szexshopbelvaros.com\/#organization","name":"at our Szexshop Belv\u00e1ros","alternateName":"szexshopbelvaros.com","url":"https:\/\/www.szexshopbelvaros.com\/","logo":{"@type":"ImageObject","inLanguage":"en-US","@id":"https:\/\/www.szexshopbelvaros.com\/#\/schema\/logo\/image\/","url":"https:\/\/www.szexshopbelvaros.com\/wp-content\/uploads\/2025\/09\/1Szexshopbelvaroslogo_blurred_stronger.jpg","contentUrl":"https:\/\/www.szexshopbelvaros.com\/wp-content\/uploads\/2025\/09\/1Szexshopbelvaroslogo_blurred_stronger.jpg","width":1024,"height":1024,"caption":"Szexshop Belv\u00e1ros"},"image":{"@id":"https:\/\/www.szexshopbelvaros.com\/#\/schema\/logo\/image\/"},"sameAs":["https:\/\/www.facebook.com\/belvarossecrets\/","https:\/\/x.com\/belvarossecrets","https:\/\/www.instagram.com\/belvarossecrets\/","https:\/\/www.tiktok.com\/@belvarossecrets"]}]}},"_links":{"self":[{"href":"https:\/\/www.szexshopbelvaros.com\/en\/wp-json\/wp\/v2\/product\/2262","targetHints":{"allow":["GET"]}}],"collection":[{"href":"https:\/\/www.szexshopbelvaros.com\/en\/wp-json\/wp\/v2\/product"}],"about":[{"href":"https:\/\/www.szexshopbelvaros.com\/en\/wp-json\/wp\/v2\/types\/product"}],"replies":[{"embeddable":true,"href":"https:\/\/www.szexshopbelvaros.com\/en\/wp-json\/wp\/v2\/comments?post=2262"}],"wp:featuredmedia":[{"embeddable":true,"href":"https:\/\/www.szexshopbelvaros.com\/en\/wp-json\/wp\/v2\/media\/2257"}],"wp:attachment":[{"href":"https:\/\/www.szexshopbelvaros.com\/en\/wp-json\/wp\/v2\/media?parent=2262"}],"wp:term":[{"taxonomy":"product_brand","embeddable":true,"href":"https:\/\/www.szexshopbelvaros.com\/en\/wp-json\/wp\/v2\/product_brand?post=2262"},{"taxonomy":"product_cat","embeddable":true,"href":"https:\/\/www.szexshopbelvaros.com\/en\/wp-json\/wp\/v2\/product_cat?post=2262"},{"taxonomy":"product_tag","embeddable":true,"href":"https:\/\/www.szexshopbelvaros.com\/en\/wp-json\/wp\/v2\/product_tag?post=2262"}],"curies":[{"name":"wp","href":"https:\/\/api.w.org\/{rel}","templated":true}]}}