{"id":2281,"date":"2026-01-22T11:41:48","date_gmt":"2026-01-22T10:41:48","guid":{"rendered":"https:\/\/www.szexshopbelvaros.com\/?post_type=product&#038;p=2281"},"modified":"2026-04-10T14:00:20","modified_gmt":"2026-04-10T12:00:20","slug":"%f0%9f%94%92-locked-lust-bdsm-noi-erenyov","status":"publish","type":"product","link":"https:\/\/www.szexshopbelvaros.com\/en\/product\/%f0%9f%94%92-locked-lust-bdsm-noi-erenyov\/","title":{"rendered":"\ud83d\udd12Locked Lust \u2013 The Chastity Belt That Knows No Mercy"},"content":{"rendered":"<p>This Locked Lust is more than just a leather strap \u2013 it&#039;s the disciplined side of desire.<\/p>\n<p>The leather chastity belt is a game of control and submission. Soft yet commanding, it hugs the hips and seals off any little secrets hidden beneath.<\/p>\n<p>The metal ring on the front is not just a decoration, but a key to power. That&#039;s why every buckle and every strap carries a subtle promise of dominance. So with every click, a little more power slips into the other&#039;s hands.<\/p>\n<p>This belt is for those who like their desire to run wild within the rules \u2013 because sometimes the greatest pleasure begins exactly where freedom ends.<\/p>\n<p>Discover more <a href=\"https:\/\/www.szexshopbelvaros.com\/en\/product-category\/bdsm\/sado-mazo-kellekek\/\">BDSM<\/a> supplies!<\/p>\n<p>\ud83d\udc49 Get it within an hour at our <a href=\"https:\/\/wolt.com\/hu\/hun\/budapest\/venue\/szexshop-belvaros\/locked-lust-itemid-50888dad3e5ef0ed08358e1e\">at our Budapest Szexshop Belv\u00e1ros Wolt<\/a> store, or order from www.szexshopbelvaros.com to the entire territory of Hungary and the EU - where the key is always in someone else's pocket.<\/p>\n<p>&nbsp;<\/p>\n<p>&nbsp;<\/p>\n<p>&nbsp;<\/p>","protected":false},"excerpt":{"rendered":"<p>Ez a Locked Lust nem csup\u00e1n egy b\u0151rp\u00e1nt \u2013 ez a v\u00e1gy fegyelmezett oldala. A b\u0151rhatas\u00fa n\u0151i er\u00e9ny\u00f6v a kontroll \u00e9s az engedelmess\u00e9g j\u00e1t\u00e9ka. Puha, m\u00e9gis parancsol\u00f3, ahogy k\u00f6rbe\u00f6leli a cs\u00edp\u0151t \u00e9s lez\u00e1r minden kis titkot, ami alatta rejt\u0151zik. A f\u00e9m gy\u0171r\u0171 el\u00f6l nemcsak d\u00edsz, hanem a hatalom kulcsa. Ez\u00e9rt minden csat \u00e9s minden p\u00e1nt [&#8230;]\n","protected":false},"featured_media":2282,"comment_status":"closed","ping_status":"closed","template":"","meta":[],"product_brand":[],"product_cat":[52,2006,113,141,115],"product_tag":[309,321,1410,936,372,1481,316,308,951,503,937,389,2207,2023,2029,2210,2008,1486,2211,2208,933,2209,597,2028,733,944,945,317,715,1625,932,220,2206,2205,2013,2030],"class_list":{"0":"post-2281","1":"product","2":"type-product","3":"status-publish","4":"has-post-thumbnail","6":"product_cat-bdsm","7":"product_cat-dominancia-alavetettseg","8":"product_cat-erotikus-ruhazat","9":"product_cat-noi-ruhak","10":"product_cat-ujdonsagok","11":"product_tag-alavetettseg","12":"product_tag-bdsm","13":"product_tag-bdsm-toy","14":"product_tag-body-stocking","15":"product_tag-bondage","16":"product_tag-csipkes-fehernemu","17":"product_tag-dominance","18":"product_tag-dominancia","19":"product_tag-erotic-clothing","20":"product_tag-erotikus-ruha","21":"product_tag-fehernemu","22":"product_tag-felnott-jatek","23":"product_tag-friss-erkezes","24":"product_tag-haloszoba-divat","25":"product_tag-harisnya","26":"product_tag-just-arrived","27":"product_tag-kink","28":"product_tag-lace-lingerie","29":"product_tag-latest-arrival","30":"product_tag-legujabb-termek","31":"product_tag-lingerie","32":"product_tag-new-product","33":"product_tag-noi-fehernemu","34":"product_tag-noi-szexi-ruha","35":"product_tag-power-exchange","36":"product_tag-sexy-dress","37":"product_tag-sexy-outfit","38":"product_tag-submission","39":"product_tag-szadomazo-kellek","40":"product_tag-szerepjatek","41":"product_tag-szexi-ruha","42":"product_tag-szexshop-belvaros","43":"product_tag-uj-termek","44":"product_tag-ujdonsag","45":"product_tag-uralom","46":"product_tag-womens-lingerie","48":"first","49":"instock","50":"taxable","51":"shipping-taxable","52":"purchasable","53":"product-type-simple"},"yoast_head":"<!-- This site is optimized with the Yoast SEO plugin v27.4 - https:\/\/yoast.com\/product\/yoast-seo-wordpress\/ -->\n<title>BDSM n\u0151i er\u00e9ny\u00f6v \u2013 Locked Lust | Szexshop Belvaros<\/title>\n<meta name=\"description\" content=\"BDSM n\u0151i er\u00e9ny\u00f6v f\u00e9m gy\u0171r\u0171vel \u00e9s \u00e1ll\u00edthat\u00f3 p\u00e1ntokkal azoknak, akik szeretik az ir\u00e1ny\u00edt\u00e1st \u00e9s az engedelmess\u00e9get. Erotikus f\u00e9tis viselet domin\u00e1ns j\u00e1t\u00e9kokhoz a Szexshop Belvaros k\u00edn\u00e1lat\u00e1ban.\" \/>\n<meta name=\"robots\" content=\"index, follow, max-snippet:-1, max-image-preview:large, max-video-preview:-1\" \/>\n<link rel=\"canonical\" href=\"https:\/\/www.szexshopbelvaros.com\/en\/product\/\ud83d\udd12-locked-lust-bdsm-noi-erenyov\/\" \/>\n<meta property=\"og:locale\" content=\"en_US\" \/>\n<meta property=\"og:type\" content=\"article\" \/>\n<meta property=\"og:title\" content=\"BDSM n\u0151i er\u00e9ny\u00f6v \u2013 Locked Lust | Szexshop Belvaros\" \/>\n<meta property=\"og:description\" content=\"BDSM n\u0151i er\u00e9ny\u00f6v f\u00e9m gy\u0171r\u0171vel \u00e9s \u00e1ll\u00edthat\u00f3 p\u00e1ntokkal azoknak, akik szeretik az ir\u00e1ny\u00edt\u00e1st \u00e9s az engedelmess\u00e9get. Erotikus f\u00e9tis viselet domin\u00e1ns j\u00e1t\u00e9kokhoz a Szexshop Belvaros k\u00edn\u00e1lat\u00e1ban.\" \/>\n<meta property=\"og:url\" content=\"https:\/\/www.szexshopbelvaros.com\/en\/product\/\ud83d\udd12-locked-lust-bdsm-noi-erenyov\/\" \/>\n<meta property=\"og:site_name\" content=\"Szexshop Belvaros\" \/>\n<meta property=\"article:publisher\" content=\"https:\/\/www.facebook.com\/belvarossecrets\/\" \/>\n<meta property=\"article:modified_time\" content=\"2026-04-10T12:00:20+00:00\" \/>\n<meta property=\"og:image\" content=\"https:\/\/www.szexshopbelvaros.com\/wp-content\/uploads\/2026\/01\/6971f97dbd7f2f7afe7d53f5.png\" \/>\n\t<meta property=\"og:image:width\" content=\"1000\" \/>\n\t<meta property=\"og:image:height\" content=\"563\" \/>\n\t<meta property=\"og:image:type\" content=\"image\/png\" \/>\n<meta name=\"twitter:card\" content=\"summary_large_image\" \/>\n<meta name=\"twitter:site\" content=\"@belvarossecrets\" \/>\n<meta name=\"twitter:label1\" content=\"Est. reading time\" \/>\n\t<meta name=\"twitter:data1\" content=\"1 minute\" \/>\n<script type=\"application\/ld+json\" class=\"yoast-schema-graph\">{\"@context\":\"https:\\\/\\\/schema.org\",\"@graph\":[{\"@type\":\"WebPage\",\"@id\":\"https:\\\/\\\/www.szexshopbelvaros.com\\\/termek\\\/%f0%9f%94%92-locked-lust-bdsm-noi-erenyov\\\/\",\"url\":\"https:\\\/\\\/www.szexshopbelvaros.com\\\/termek\\\/%f0%9f%94%92-locked-lust-bdsm-noi-erenyov\\\/\",\"name\":\"BDSM n\u0151i er\u00e9ny\u00f6v \u2013 Locked Lust | Szexshop Belvaros\",\"isPartOf\":{\"@id\":\"https:\\\/\\\/www.szexshopbelvaros.com\\\/#website\"},\"primaryImageOfPage\":{\"@id\":\"https:\\\/\\\/www.szexshopbelvaros.com\\\/termek\\\/%f0%9f%94%92-locked-lust-bdsm-noi-erenyov\\\/#primaryimage\"},\"image\":{\"@id\":\"https:\\\/\\\/www.szexshopbelvaros.com\\\/termek\\\/%f0%9f%94%92-locked-lust-bdsm-noi-erenyov\\\/#primaryimage\"},\"thumbnailUrl\":\"https:\\\/\\\/www.szexshopbelvaros.com\\\/wp-content\\\/uploads\\\/2026\\\/01\\\/6971f97dbd7f2f7afe7d53f5.png\",\"datePublished\":\"2026-01-22T10:41:48+00:00\",\"dateModified\":\"2026-04-10T12:00:20+00:00\",\"description\":\"BDSM n\u0151i er\u00e9ny\u00f6v f\u00e9m gy\u0171r\u0171vel \u00e9s \u00e1ll\u00edthat\u00f3 p\u00e1ntokkal azoknak, akik szeretik az ir\u00e1ny\u00edt\u00e1st \u00e9s az engedelmess\u00e9get. Erotikus f\u00e9tis viselet domin\u00e1ns j\u00e1t\u00e9kokhoz a Szexshop Belvaros k\u00edn\u00e1lat\u00e1ban.\",\"breadcrumb\":{\"@id\":\"https:\\\/\\\/www.szexshopbelvaros.com\\\/termek\\\/%f0%9f%94%92-locked-lust-bdsm-noi-erenyov\\\/#breadcrumb\"},\"inLanguage\":\"en-US\",\"potentialAction\":[{\"@type\":\"ReadAction\",\"target\":[\"https:\\\/\\\/www.szexshopbelvaros.com\\\/termek\\\/%f0%9f%94%92-locked-lust-bdsm-noi-erenyov\\\/\"]}]},{\"@type\":\"ImageObject\",\"inLanguage\":\"en-US\",\"@id\":\"https:\\\/\\\/www.szexshopbelvaros.com\\\/termek\\\/%f0%9f%94%92-locked-lust-bdsm-noi-erenyov\\\/#primaryimage\",\"url\":\"https:\\\/\\\/www.szexshopbelvaros.com\\\/wp-content\\\/uploads\\\/2026\\\/01\\\/6971f97dbd7f2f7afe7d53f5.png\",\"contentUrl\":\"https:\\\/\\\/www.szexshopbelvaros.com\\\/wp-content\\\/uploads\\\/2026\\\/01\\\/6971f97dbd7f2f7afe7d53f5.png\",\"width\":1000,\"height\":563,\"caption\":\"BDSM n\u0151i er\u00e9ny\u00f6v el\u00f6l f\u00e9m gy\u0171r\u0171vel \u00e9s p\u00e1ntokkal BDSM female chastity belt front view with metal ring\"},{\"@type\":\"BreadcrumbList\",\"@id\":\"https:\\\/\\\/www.szexshopbelvaros.com\\\/termek\\\/%f0%9f%94%92-locked-lust-bdsm-noi-erenyov\\\/#breadcrumb\",\"itemListElement\":[{\"@type\":\"ListItem\",\"position\":1,\"name\":\"Home\",\"item\":\"https:\\\/\\\/www.szexshopbelvaros.com\\\/\"},{\"@type\":\"ListItem\",\"position\":2,\"name\":\"\u00c1ruh\u00e1z\",\"item\":\"https:\\\/\\\/www.szexshopbelvaros.com\\\/uzlet\\\/\"},{\"@type\":\"ListItem\",\"position\":3,\"name\":\"\ud83d\udd12Locked Lust \u2013 Az Er\u00e9ny\u00f6v, Ami Nem Ismer Kegyelmet\"}]},{\"@type\":\"WebSite\",\"@id\":\"https:\\\/\\\/www.szexshopbelvaros.com\\\/#website\",\"url\":\"https:\\\/\\\/www.szexshopbelvaros.com\\\/\",\"name\":\"Szexshop Belv\u00e1ros\",\"description\":\"\ud83d\udd25 A szex olyan, mint a p\u00e9nz; csak a t\u00fal sok el\u00e9g!\u2122 Titkok a belv\u00e1rosb\u00f3l \ud83d\udc8b | Secrets from Budapest \ud83d\udc8e Feln\u0151tt j\u00e1t\u00e9kok \u2022 Erotika \u2022 Szexshop Belvaros\",\"publisher\":{\"@id\":\"https:\\\/\\\/www.szexshopbelvaros.com\\\/#organization\"},\"potentialAction\":[{\"@type\":\"SearchAction\",\"target\":{\"@type\":\"EntryPoint\",\"urlTemplate\":\"https:\\\/\\\/www.szexshopbelvaros.com\\\/?s={search_term_string}\"},\"query-input\":{\"@type\":\"PropertyValueSpecification\",\"valueRequired\":true,\"valueName\":\"search_term_string\"}}],\"inLanguage\":\"en-US\"},{\"@type\":\"Organization\",\"@id\":\"https:\\\/\\\/www.szexshopbelvaros.com\\\/#organization\",\"name\":\"Szexshop Belv\u00e1ros\",\"alternateName\":\"szexshopbelvaros.com\",\"url\":\"https:\\\/\\\/www.szexshopbelvaros.com\\\/\",\"logo\":{\"@type\":\"ImageObject\",\"inLanguage\":\"en-US\",\"@id\":\"https:\\\/\\\/www.szexshopbelvaros.com\\\/#\\\/schema\\\/logo\\\/image\\\/\",\"url\":\"https:\\\/\\\/www.szexshopbelvaros.com\\\/wp-content\\\/uploads\\\/2025\\\/09\\\/1Szexshopbelvaroslogo_blurred_stronger.jpg\",\"contentUrl\":\"https:\\\/\\\/www.szexshopbelvaros.com\\\/wp-content\\\/uploads\\\/2025\\\/09\\\/1Szexshopbelvaroslogo_blurred_stronger.jpg\",\"width\":1024,\"height\":1024,\"caption\":\"Szexshop Belv\u00e1ros\"},\"image\":{\"@id\":\"https:\\\/\\\/www.szexshopbelvaros.com\\\/#\\\/schema\\\/logo\\\/image\\\/\"},\"sameAs\":[\"https:\\\/\\\/www.facebook.com\\\/belvarossecrets\\\/\",\"https:\\\/\\\/x.com\\\/belvarossecrets\",\"https:\\\/\\\/www.instagram.com\\\/belvarossecrets\\\/\",\"https:\\\/\\\/www.tiktok.com\\\/@belvarossecrets\"]}]}<\/script>\n<!-- \/ Yoast SEO plugin. -->","yoast_head_json":{"title":"BDSM female chastity belt \u2013 Locked Lust | Sex shop Belvaros","description":"BDSM female chastity belt with metal ring and adjustable straps for those who love control and obedience. Erotic fetish wear for dominant games in the offer of Szexshop Belvaros.","robots":{"index":"index","follow":"follow","max-snippet":"max-snippet:-1","max-image-preview":"max-image-preview:large","max-video-preview":"max-video-preview:-1"},"canonical":"https:\/\/www.szexshopbelvaros.com\/en\/product\/\ud83d\udd12-locked-lust-bdsm-noi-erenyov\/","og_locale":"en_US","og_type":"article","og_title":"BDSM n\u0151i er\u00e9ny\u00f6v \u2013 Locked Lust | Szexshop Belvaros","og_description":"BDSM n\u0151i er\u00e9ny\u00f6v f\u00e9m gy\u0171r\u0171vel \u00e9s \u00e1ll\u00edthat\u00f3 p\u00e1ntokkal azoknak, akik szeretik az ir\u00e1ny\u00edt\u00e1st \u00e9s az engedelmess\u00e9get. Erotikus f\u00e9tis viselet domin\u00e1ns j\u00e1t\u00e9kokhoz a Szexshop Belvaros k\u00edn\u00e1lat\u00e1ban.","og_url":"https:\/\/www.szexshopbelvaros.com\/en\/product\/\ud83d\udd12-locked-lust-bdsm-noi-erenyov\/","og_site_name":"Szexshop Belvaros","article_publisher":"https:\/\/www.facebook.com\/belvarossecrets\/","article_modified_time":"2026-04-10T12:00:20+00:00","og_image":[{"width":1000,"height":563,"url":"https:\/\/www.szexshopbelvaros.com\/wp-content\/uploads\/2026\/01\/6971f97dbd7f2f7afe7d53f5.png","type":"image\/png"}],"twitter_card":"summary_large_image","twitter_site":"@belvarossecrets","twitter_misc":{"Est. reading time":"1 minute"},"schema":{"@context":"https:\/\/schema.org","@graph":[{"@type":"WebPage","@id":"https:\/\/www.szexshopbelvaros.com\/termek\/%f0%9f%94%92-locked-lust-bdsm-noi-erenyov\/","url":"https:\/\/www.szexshopbelvaros.com\/termek\/%f0%9f%94%92-locked-lust-bdsm-noi-erenyov\/","name":"BDSM female chastity belt \u2013 Locked Lust | Sex shop Belvaros","isPartOf":{"@id":"https:\/\/www.szexshopbelvaros.com\/#website"},"primaryImageOfPage":{"@id":"https:\/\/www.szexshopbelvaros.com\/termek\/%f0%9f%94%92-locked-lust-bdsm-noi-erenyov\/#primaryimage"},"image":{"@id":"https:\/\/www.szexshopbelvaros.com\/termek\/%f0%9f%94%92-locked-lust-bdsm-noi-erenyov\/#primaryimage"},"thumbnailUrl":"https:\/\/www.szexshopbelvaros.com\/wp-content\/uploads\/2026\/01\/6971f97dbd7f2f7afe7d53f5.png","datePublished":"2026-01-22T10:41:48+00:00","dateModified":"2026-04-10T12:00:20+00:00","description":"BDSM female chastity belt with metal ring and adjustable straps for those who love control and obedience. Erotic fetish wear for dominant games in the offer of Szexshop Belvaros.","breadcrumb":{"@id":"https:\/\/www.szexshopbelvaros.com\/termek\/%f0%9f%94%92-locked-lust-bdsm-noi-erenyov\/#breadcrumb"},"inLanguage":"en-US","potentialAction":[{"@type":"ReadAction","target":["https:\/\/www.szexshopbelvaros.com\/termek\/%f0%9f%94%92-locked-lust-bdsm-noi-erenyov\/"]}]},{"@type":"ImageObject","inLanguage":"en-US","@id":"https:\/\/www.szexshopbelvaros.com\/termek\/%f0%9f%94%92-locked-lust-bdsm-noi-erenyov\/#primaryimage","url":"https:\/\/www.szexshopbelvaros.com\/wp-content\/uploads\/2026\/01\/6971f97dbd7f2f7afe7d53f5.png","contentUrl":"https:\/\/www.szexshopbelvaros.com\/wp-content\/uploads\/2026\/01\/6971f97dbd7f2f7afe7d53f5.png","width":1000,"height":563,"caption":"BDSM n\u0151i er\u00e9ny\u00f6v el\u00f6l f\u00e9m gy\u0171r\u0171vel \u00e9s p\u00e1ntokkal BDSM female chastity belt front view with metal ring"},{"@type":"BreadcrumbList","@id":"https:\/\/www.szexshopbelvaros.com\/termek\/%f0%9f%94%92-locked-lust-bdsm-noi-erenyov\/#breadcrumb","itemListElement":[{"@type":"ListItem","position":1,"name":"Home","item":"https:\/\/www.szexshopbelvaros.com\/"},{"@type":"ListItem","position":2,"name":"\u00c1ruh\u00e1z","item":"https:\/\/www.szexshopbelvaros.com\/uzlet\/"},{"@type":"ListItem","position":3,"name":"\ud83d\udd12Locked Lust \u2013 Az Er\u00e9ny\u00f6v, Ami Nem Ismer Kegyelmet"}]},{"@type":"WebSite","@id":"https:\/\/www.szexshopbelvaros.com\/#website","url":"https:\/\/www.szexshopbelvaros.com\/","name":"at our Szexshop Belv\u00e1ros","description":"\ud83d\udd25 Sex is like money; only too much is enough!\u2122 Secrets from the city center \ud83d\udc8b | Secrets from Budapest \ud83d\udc8e Adult games \u2022 Erotica \u2022 Sex shop Belvaros","publisher":{"@id":"https:\/\/www.szexshopbelvaros.com\/#organization"},"potentialAction":[{"@type":"SearchAction","target":{"@type":"EntryPoint","urlTemplate":"https:\/\/www.szexshopbelvaros.com\/?s={search_term_string}"},"query-input":{"@type":"PropertyValueSpecification","valueRequired":true,"valueName":"search_term_string"}}],"inLanguage":"en-US"},{"@type":"Organization","@id":"https:\/\/www.szexshopbelvaros.com\/#organization","name":"at our Szexshop Belv\u00e1ros","alternateName":"szexshopbelvaros.com","url":"https:\/\/www.szexshopbelvaros.com\/","logo":{"@type":"ImageObject","inLanguage":"en-US","@id":"https:\/\/www.szexshopbelvaros.com\/#\/schema\/logo\/image\/","url":"https:\/\/www.szexshopbelvaros.com\/wp-content\/uploads\/2025\/09\/1Szexshopbelvaroslogo_blurred_stronger.jpg","contentUrl":"https:\/\/www.szexshopbelvaros.com\/wp-content\/uploads\/2025\/09\/1Szexshopbelvaroslogo_blurred_stronger.jpg","width":1024,"height":1024,"caption":"Szexshop Belv\u00e1ros"},"image":{"@id":"https:\/\/www.szexshopbelvaros.com\/#\/schema\/logo\/image\/"},"sameAs":["https:\/\/www.facebook.com\/belvarossecrets\/","https:\/\/x.com\/belvarossecrets","https:\/\/www.instagram.com\/belvarossecrets\/","https:\/\/www.tiktok.com\/@belvarossecrets"]}]}},"_links":{"self":[{"href":"https:\/\/www.szexshopbelvaros.com\/en\/wp-json\/wp\/v2\/product\/2281","targetHints":{"allow":["GET"]}}],"collection":[{"href":"https:\/\/www.szexshopbelvaros.com\/en\/wp-json\/wp\/v2\/product"}],"about":[{"href":"https:\/\/www.szexshopbelvaros.com\/en\/wp-json\/wp\/v2\/types\/product"}],"replies":[{"embeddable":true,"href":"https:\/\/www.szexshopbelvaros.com\/en\/wp-json\/wp\/v2\/comments?post=2281"}],"wp:featuredmedia":[{"embeddable":true,"href":"https:\/\/www.szexshopbelvaros.com\/en\/wp-json\/wp\/v2\/media\/2282"}],"wp:attachment":[{"href":"https:\/\/www.szexshopbelvaros.com\/en\/wp-json\/wp\/v2\/media?parent=2281"}],"wp:term":[{"taxonomy":"product_brand","embeddable":true,"href":"https:\/\/www.szexshopbelvaros.com\/en\/wp-json\/wp\/v2\/product_brand?post=2281"},{"taxonomy":"product_cat","embeddable":true,"href":"https:\/\/www.szexshopbelvaros.com\/en\/wp-json\/wp\/v2\/product_cat?post=2281"},{"taxonomy":"product_tag","embeddable":true,"href":"https:\/\/www.szexshopbelvaros.com\/en\/wp-json\/wp\/v2\/product_tag?post=2281"}],"curies":[{"name":"wp","href":"https:\/\/api.w.org\/{rel}","templated":true}]}}