{"id":2337,"date":"2026-01-26T16:15:03","date_gmt":"2026-01-26T15:15:03","guid":{"rendered":"https:\/\/www.szexshopbelvaros.com\/?post_type=product&#038;p=2337"},"modified":"2026-04-17T12:40:39","modified_gmt":"2026-04-17T10:40:39","slug":"%f0%9f%92%96-pretty-in-pouch-mert-ha-mar-log-legalabb-csillogjon-is","status":"publish","type":"product","link":"https:\/\/www.szexshopbelvaros.com\/en\/product\/%f0%9f%92%96-pretty-in-pouch-mert-ha-mar-log-legalabb-csillogjon-is\/","title":{"rendered":"\ud83d\udc96 Pretty in Pouch S\/M \u2013 Because if it&#039;s going to hang, at least it should sparkle."},"content":{"rendered":"<p>This isn&#039;t just any plain thong - it&#039;s a lacy coming out for sissy, shemale and male thong lovers. The Pretty in Pouch is a low-waisted, adjustable, pink floral, sheer G-string that tightens exactly where you need it. The elastic band rests just below your belly button like a dirty thought, and the lacy mesh material shows just enough to make sure they can&#039;t take their eyes (or hands) off you.<\/p>\n<p>The foam on your dick? That incredibly cute yet perversely provocative ball-holding bag that, along with a glittering bauble, hangs like a Christmas tree ornament from the tree of sin. It&#039;s a polyester and spandex blend to make it soft, breathable, and make every move you make a little more erotic.<\/p>\n<p>Recommended for intimate gatherings, sexy role play, or if you just want to show who&#039;s the queen instead of pajamas.<\/p>\n<p>\u203c\ufe0fRECOMMENDED WEIGHT: 40\u201365 KG<br \/>\nSmall, narrow, and just like that.<\/p>\n<p>It's worth checking out the rest of our<a href=\"https:\/\/www.szexshopbelvaros.com\/en\/product-category\/erotikus-ruhazat\/ferfi-ruhak\/\"> our similar product<\/a>t too, and immerse yourself in the full range!<\/p>\n<p>\ud83d\udc49 Get it within an hour at our <a href=\"https:\/\/wolt.com\/hu\/hun\/budapest\/venue\/szexshop-belvaros\/pretty-in-pouch-itemid-23a28bc0a0d129bd32becac3\">at our Budapest Szexshop Belv\u00e1ros Wolt<\/a> store or order from www.szexshopbelvaros.com. We deliver throughout Hungary and the EU.<\/p>","protected":false},"excerpt":{"rendered":"<p>Ez nem sima als\u00f3 \u2013 ez egy csipk\u00e9s coming out a sissy, shemale \u00e9s f\u00e9rfi tanga szerelmeseinek. A Pretty in Pouch alacsony derek\u00fa, \u00e1ll\u00edthat\u00f3s, r\u00f3zsasz\u00edn vir\u00e1gmint\u00e1s, \u00e1ttetsz\u0151 G-string, ami pontosan ott szor\u00edt, ahol kell. A rugalmas p\u00e1nt a k\u00f6ld\u00f6k alatt pihen, mint egy piszkos gondolat, a csipkeh\u00e1l\u00f3s anyag pedig pont annyit mutat, hogy garant\u00e1ltan ne [&#8230;]\n","protected":false},"featured_media":2338,"comment_status":"closed","ping_status":"closed","template":"","meta":[],"product_brand":[],"product_cat":[113,142,2623],"product_tag":[2626,2629,2213,951,503,937,1577,1483,2027,1489,2023,2628,2216,2630,2631,933,1465,1487,1508,2625,2627,945,2215,2212,932,220,2214,2217,2624],"class_list":{"0":"post-2337","1":"product","2":"type-product","3":"status-publish","4":"has-post-thumbnail","6":"product_cat-erotikus-ruhazat","7":"product_cat-ferfi-ruhak","8":"product_cat-uj-hullam","9":"product_tag-akcio","10":"product_tag-clearance","11":"product_tag-crossdresser","12":"product_tag-erotic-clothing","13":"product_tag-erotikus-ruha","14":"product_tag-fehernemu","15":"product_tag-ferfi-body","16":"product_tag-ferfi-fehernemu","17":"product_tag-ferfi-szexi-ruha","18":"product_tag-ferfi-tanga","19":"product_tag-haloszoba-divat","20":"product_tag-kiarusitas","21":"product_tag-lgbt","22":"product_tag-limitalt-keszlet","23":"product_tag-limited-stock","24":"product_tag-lingerie","25":"product_tag-mens-harness","26":"product_tag-mens-lingerie","27":"product_tag-mens-thong","28":"product_tag-new-wave","29":"product_tag-sale","30":"product_tag-sexy-outfit","31":"product_tag-sissy-fehernemu","32":"product_tag-sissy-lingerie","33":"product_tag-szexi-ruha","34":"product_tag-szexshop-belvaros","35":"product_tag-trans","36":"product_tag-transzvesztita","37":"product_tag-uj-hullam","39":"first","40":"instock","41":"sale","42":"taxable","43":"shipping-taxable","44":"purchasable","45":"product-type-simple"},"yoast_head":"<!-- This site is optimized with the Yoast SEO plugin v27.4 - https:\/\/yoast.com\/product\/yoast-seo-wordpress\/ -->\n<title>Pretty in Pouch \u2013 csipk\u00e9s f\u00e9rfi tanga | szexshop belvaros<\/title>\n<meta name=\"description\" content=\"R\u00f3zsasz\u00edn csipk\u00e9s f\u00e9rfi tanga csillog\u00f3 goly\u00f3tart\u00f3val, \u00e1ll\u00edthat\u00f3 p\u00e1nttal \u00e9s \u00e1ttetsz\u0151 anyaggal. Mer\u00e9sz, szexi \u00e9s provokat\u00edv viselet sissyknek, crossdresser \u00e9s fetish rajong\u00f3knak a szexshop belvaros k\u00edn\u00e1lat\u00e1ban.\" \/>\n<meta name=\"robots\" content=\"index, follow, max-snippet:-1, max-image-preview:large, max-video-preview:-1\" \/>\n<link rel=\"canonical\" href=\"https:\/\/www.szexshopbelvaros.com\/en\/product\/\ud83d\udc96-pretty-in-pouch-mert-ha-mar-log-legalabb-csillogjon-is\/\" \/>\n<meta property=\"og:locale\" content=\"en_US\" \/>\n<meta property=\"og:type\" content=\"article\" \/>\n<meta property=\"og:title\" content=\"Pretty in Pouch \u2013 csipk\u00e9s f\u00e9rfi tanga | szexshop belvaros\" \/>\n<meta property=\"og:description\" content=\"R\u00f3zsasz\u00edn csipk\u00e9s f\u00e9rfi tanga csillog\u00f3 goly\u00f3tart\u00f3val, \u00e1ll\u00edthat\u00f3 p\u00e1nttal \u00e9s \u00e1ttetsz\u0151 anyaggal. Mer\u00e9sz, szexi \u00e9s provokat\u00edv viselet sissyknek, crossdresser \u00e9s fetish rajong\u00f3knak a szexshop belvaros k\u00edn\u00e1lat\u00e1ban.\" \/>\n<meta property=\"og:url\" content=\"https:\/\/www.szexshopbelvaros.com\/en\/product\/\ud83d\udc96-pretty-in-pouch-mert-ha-mar-log-legalabb-csillogjon-is\/\" \/>\n<meta property=\"og:site_name\" content=\"Szexshop Belvaros\" \/>\n<meta property=\"article:publisher\" content=\"https:\/\/www.facebook.com\/belvarossecrets\/\" \/>\n<meta property=\"article:modified_time\" content=\"2026-04-17T10:40:39+00:00\" \/>\n<meta property=\"og:image\" content=\"https:\/\/www.szexshopbelvaros.com\/wp-content\/uploads\/2026\/01\/69776ca1d1a425d4821b842a-scaled.png\" \/>\n\t<meta property=\"og:image:width\" content=\"2560\" \/>\n\t<meta property=\"og:image:height\" content=\"1440\" \/>\n\t<meta property=\"og:image:type\" content=\"image\/png\" \/>\n<meta name=\"twitter:card\" content=\"summary_large_image\" \/>\n<meta name=\"twitter:site\" content=\"@belvarossecrets\" \/>\n<meta name=\"twitter:label1\" content=\"Est. reading time\" \/>\n\t<meta name=\"twitter:data1\" content=\"2 minutes\" \/>\n<script type=\"application\/ld+json\" class=\"yoast-schema-graph\">{\"@context\":\"https:\\\/\\\/schema.org\",\"@graph\":[{\"@type\":\"WebPage\",\"@id\":\"https:\\\/\\\/www.szexshopbelvaros.com\\\/termek\\\/%f0%9f%92%96-pretty-in-pouch-mert-ha-mar-log-legalabb-csillogjon-is\\\/\",\"url\":\"https:\\\/\\\/www.szexshopbelvaros.com\\\/termek\\\/%f0%9f%92%96-pretty-in-pouch-mert-ha-mar-log-legalabb-csillogjon-is\\\/\",\"name\":\"Pretty in Pouch \u2013 csipk\u00e9s f\u00e9rfi tanga | szexshop belvaros\",\"isPartOf\":{\"@id\":\"https:\\\/\\\/www.szexshopbelvaros.com\\\/#website\"},\"primaryImageOfPage\":{\"@id\":\"https:\\\/\\\/www.szexshopbelvaros.com\\\/termek\\\/%f0%9f%92%96-pretty-in-pouch-mert-ha-mar-log-legalabb-csillogjon-is\\\/#primaryimage\"},\"image\":{\"@id\":\"https:\\\/\\\/www.szexshopbelvaros.com\\\/termek\\\/%f0%9f%92%96-pretty-in-pouch-mert-ha-mar-log-legalabb-csillogjon-is\\\/#primaryimage\"},\"thumbnailUrl\":\"https:\\\/\\\/www.szexshopbelvaros.com\\\/wp-content\\\/uploads\\\/2026\\\/01\\\/69776ca1d1a425d4821b842a-scaled.png\",\"datePublished\":\"2026-01-26T15:15:03+00:00\",\"dateModified\":\"2026-04-17T10:40:39+00:00\",\"description\":\"R\u00f3zsasz\u00edn csipk\u00e9s f\u00e9rfi tanga csillog\u00f3 goly\u00f3tart\u00f3val, \u00e1ll\u00edthat\u00f3 p\u00e1nttal \u00e9s \u00e1ttetsz\u0151 anyaggal. Mer\u00e9sz, szexi \u00e9s provokat\u00edv viselet sissyknek, crossdresser \u00e9s fetish rajong\u00f3knak a szexshop belvaros k\u00edn\u00e1lat\u00e1ban.\",\"breadcrumb\":{\"@id\":\"https:\\\/\\\/www.szexshopbelvaros.com\\\/termek\\\/%f0%9f%92%96-pretty-in-pouch-mert-ha-mar-log-legalabb-csillogjon-is\\\/#breadcrumb\"},\"inLanguage\":\"en-US\",\"potentialAction\":[{\"@type\":\"ReadAction\",\"target\":[\"https:\\\/\\\/www.szexshopbelvaros.com\\\/termek\\\/%f0%9f%92%96-pretty-in-pouch-mert-ha-mar-log-legalabb-csillogjon-is\\\/\"]}]},{\"@type\":\"ImageObject\",\"inLanguage\":\"en-US\",\"@id\":\"https:\\\/\\\/www.szexshopbelvaros.com\\\/termek\\\/%f0%9f%92%96-pretty-in-pouch-mert-ha-mar-log-legalabb-csillogjon-is\\\/#primaryimage\",\"url\":\"https:\\\/\\\/www.szexshopbelvaros.com\\\/wp-content\\\/uploads\\\/2026\\\/01\\\/69776ca1d1a425d4821b842a-scaled.png\",\"contentUrl\":\"https:\\\/\\\/www.szexshopbelvaros.com\\\/wp-content\\\/uploads\\\/2026\\\/01\\\/69776ca1d1a425d4821b842a-scaled.png\",\"width\":2560,\"height\":1440,\"caption\":\"R\u00f3zsasz\u00edn csipk\u00e9s f\u00e9rfi tanga csillog\u00f3 goly\u00f3tart\u00f3 zs\u00e1kkal el\u00f6l Pink lace mens thong with shiny ball pouch front view\"},{\"@type\":\"BreadcrumbList\",\"@id\":\"https:\\\/\\\/www.szexshopbelvaros.com\\\/termek\\\/%f0%9f%92%96-pretty-in-pouch-mert-ha-mar-log-legalabb-csillogjon-is\\\/#breadcrumb\",\"itemListElement\":[{\"@type\":\"ListItem\",\"position\":1,\"name\":\"Home\",\"item\":\"https:\\\/\\\/www.szexshopbelvaros.com\\\/\"},{\"@type\":\"ListItem\",\"position\":2,\"name\":\"\u00c1ruh\u00e1z\",\"item\":\"https:\\\/\\\/www.szexshopbelvaros.com\\\/uzlet\\\/\"},{\"@type\":\"ListItem\",\"position\":3,\"name\":\"\ud83d\udc96 Pretty in Pouch S\\\/M \u2013 Mert ha m\u00e1r l\u00f3g, legal\u00e1bb csillogjon is.\"}]},{\"@type\":\"WebSite\",\"@id\":\"https:\\\/\\\/www.szexshopbelvaros.com\\\/#website\",\"url\":\"https:\\\/\\\/www.szexshopbelvaros.com\\\/\",\"name\":\"Szexshop Belv\u00e1ros\",\"description\":\"\ud83d\udd25 A szex olyan, mint a p\u00e9nz; csak a t\u00fal sok el\u00e9g!\u2122 Titkok a belv\u00e1rosb\u00f3l \ud83d\udc8b | Secrets from Budapest \ud83d\udc8e Feln\u0151tt j\u00e1t\u00e9kok \u2022 Erotika \u2022 Szexshop Belvaros\",\"publisher\":{\"@id\":\"https:\\\/\\\/www.szexshopbelvaros.com\\\/#organization\"},\"potentialAction\":[{\"@type\":\"SearchAction\",\"target\":{\"@type\":\"EntryPoint\",\"urlTemplate\":\"https:\\\/\\\/www.szexshopbelvaros.com\\\/?s={search_term_string}\"},\"query-input\":{\"@type\":\"PropertyValueSpecification\",\"valueRequired\":true,\"valueName\":\"search_term_string\"}}],\"inLanguage\":\"en-US\"},{\"@type\":\"Organization\",\"@id\":\"https:\\\/\\\/www.szexshopbelvaros.com\\\/#organization\",\"name\":\"Szexshop Belv\u00e1ros\",\"alternateName\":\"szexshopbelvaros.com\",\"url\":\"https:\\\/\\\/www.szexshopbelvaros.com\\\/\",\"logo\":{\"@type\":\"ImageObject\",\"inLanguage\":\"en-US\",\"@id\":\"https:\\\/\\\/www.szexshopbelvaros.com\\\/#\\\/schema\\\/logo\\\/image\\\/\",\"url\":\"https:\\\/\\\/www.szexshopbelvaros.com\\\/wp-content\\\/uploads\\\/2025\\\/09\\\/1Szexshopbelvaroslogo_blurred_stronger.jpg\",\"contentUrl\":\"https:\\\/\\\/www.szexshopbelvaros.com\\\/wp-content\\\/uploads\\\/2025\\\/09\\\/1Szexshopbelvaroslogo_blurred_stronger.jpg\",\"width\":1024,\"height\":1024,\"caption\":\"Szexshop Belv\u00e1ros\"},\"image\":{\"@id\":\"https:\\\/\\\/www.szexshopbelvaros.com\\\/#\\\/schema\\\/logo\\\/image\\\/\"},\"sameAs\":[\"https:\\\/\\\/www.facebook.com\\\/belvarossecrets\\\/\",\"https:\\\/\\\/x.com\\\/belvarossecrets\",\"https:\\\/\\\/www.instagram.com\\\/belvarossecrets\\\/\",\"https:\\\/\\\/www.tiktok.com\\\/@belvarossecrets\"]}]}<\/script>\n<!-- \/ Yoast SEO plugin. -->","yoast_head_json":{"title":"Pretty in Pouch \u2013 lacy men&#039;s thong | sex shop in Belvaros","description":"Pink lace men&#039;s thong with glittery ball holders, adjustable straps and transparent material. Bold, sexy and provocative wear for sissies, crossdressers and fetish fans in the sex shop Belvaros range.","robots":{"index":"index","follow":"follow","max-snippet":"max-snippet:-1","max-image-preview":"max-image-preview:large","max-video-preview":"max-video-preview:-1"},"canonical":"https:\/\/www.szexshopbelvaros.com\/en\/product\/\ud83d\udc96-pretty-in-pouch-mert-ha-mar-log-legalabb-csillogjon-is\/","og_locale":"en_US","og_type":"article","og_title":"Pretty in Pouch \u2013 csipk\u00e9s f\u00e9rfi tanga | szexshop belvaros","og_description":"R\u00f3zsasz\u00edn csipk\u00e9s f\u00e9rfi tanga csillog\u00f3 goly\u00f3tart\u00f3val, \u00e1ll\u00edthat\u00f3 p\u00e1nttal \u00e9s \u00e1ttetsz\u0151 anyaggal. Mer\u00e9sz, szexi \u00e9s provokat\u00edv viselet sissyknek, crossdresser \u00e9s fetish rajong\u00f3knak a szexshop belvaros k\u00edn\u00e1lat\u00e1ban.","og_url":"https:\/\/www.szexshopbelvaros.com\/en\/product\/\ud83d\udc96-pretty-in-pouch-mert-ha-mar-log-legalabb-csillogjon-is\/","og_site_name":"Szexshop Belvaros","article_publisher":"https:\/\/www.facebook.com\/belvarossecrets\/","article_modified_time":"2026-04-17T10:40:39+00:00","og_image":[{"width":2560,"height":1440,"url":"https:\/\/www.szexshopbelvaros.com\/wp-content\/uploads\/2026\/01\/69776ca1d1a425d4821b842a-scaled.png","type":"image\/png"}],"twitter_card":"summary_large_image","twitter_site":"@belvarossecrets","twitter_misc":{"Est. reading time":"2 minutes"},"schema":{"@context":"https:\/\/schema.org","@graph":[{"@type":"WebPage","@id":"https:\/\/www.szexshopbelvaros.com\/termek\/%f0%9f%92%96-pretty-in-pouch-mert-ha-mar-log-legalabb-csillogjon-is\/","url":"https:\/\/www.szexshopbelvaros.com\/termek\/%f0%9f%92%96-pretty-in-pouch-mert-ha-mar-log-legalabb-csillogjon-is\/","name":"Pretty in Pouch \u2013 lacy men&#039;s thong | sex shop in Belvaros","isPartOf":{"@id":"https:\/\/www.szexshopbelvaros.com\/#website"},"primaryImageOfPage":{"@id":"https:\/\/www.szexshopbelvaros.com\/termek\/%f0%9f%92%96-pretty-in-pouch-mert-ha-mar-log-legalabb-csillogjon-is\/#primaryimage"},"image":{"@id":"https:\/\/www.szexshopbelvaros.com\/termek\/%f0%9f%92%96-pretty-in-pouch-mert-ha-mar-log-legalabb-csillogjon-is\/#primaryimage"},"thumbnailUrl":"https:\/\/www.szexshopbelvaros.com\/wp-content\/uploads\/2026\/01\/69776ca1d1a425d4821b842a-scaled.png","datePublished":"2026-01-26T15:15:03+00:00","dateModified":"2026-04-17T10:40:39+00:00","description":"Pink lace men&#039;s thong with glittery ball holders, adjustable straps and transparent material. Bold, sexy and provocative wear for sissies, crossdressers and fetish fans in the sex shop Belvaros range.","breadcrumb":{"@id":"https:\/\/www.szexshopbelvaros.com\/termek\/%f0%9f%92%96-pretty-in-pouch-mert-ha-mar-log-legalabb-csillogjon-is\/#breadcrumb"},"inLanguage":"en-US","potentialAction":[{"@type":"ReadAction","target":["https:\/\/www.szexshopbelvaros.com\/termek\/%f0%9f%92%96-pretty-in-pouch-mert-ha-mar-log-legalabb-csillogjon-is\/"]}]},{"@type":"ImageObject","inLanguage":"en-US","@id":"https:\/\/www.szexshopbelvaros.com\/termek\/%f0%9f%92%96-pretty-in-pouch-mert-ha-mar-log-legalabb-csillogjon-is\/#primaryimage","url":"https:\/\/www.szexshopbelvaros.com\/wp-content\/uploads\/2026\/01\/69776ca1d1a425d4821b842a-scaled.png","contentUrl":"https:\/\/www.szexshopbelvaros.com\/wp-content\/uploads\/2026\/01\/69776ca1d1a425d4821b842a-scaled.png","width":2560,"height":1440,"caption":"R\u00f3zsasz\u00edn csipk\u00e9s f\u00e9rfi tanga csillog\u00f3 goly\u00f3tart\u00f3 zs\u00e1kkal el\u00f6l Pink lace mens thong with shiny ball pouch front view"},{"@type":"BreadcrumbList","@id":"https:\/\/www.szexshopbelvaros.com\/termek\/%f0%9f%92%96-pretty-in-pouch-mert-ha-mar-log-legalabb-csillogjon-is\/#breadcrumb","itemListElement":[{"@type":"ListItem","position":1,"name":"Home","item":"https:\/\/www.szexshopbelvaros.com\/"},{"@type":"ListItem","position":2,"name":"\u00c1ruh\u00e1z","item":"https:\/\/www.szexshopbelvaros.com\/uzlet\/"},{"@type":"ListItem","position":3,"name":"\ud83d\udc96 Pretty in Pouch S\/M \u2013 Mert ha m\u00e1r l\u00f3g, legal\u00e1bb csillogjon is."}]},{"@type":"WebSite","@id":"https:\/\/www.szexshopbelvaros.com\/#website","url":"https:\/\/www.szexshopbelvaros.com\/","name":"at our Szexshop Belv\u00e1ros","description":"\ud83d\udd25 Sex is like money; only too much is enough!\u2122 Secrets from the city center \ud83d\udc8b | Secrets from Budapest \ud83d\udc8e Adult games \u2022 Erotica \u2022 Sex shop Belvaros","publisher":{"@id":"https:\/\/www.szexshopbelvaros.com\/#organization"},"potentialAction":[{"@type":"SearchAction","target":{"@type":"EntryPoint","urlTemplate":"https:\/\/www.szexshopbelvaros.com\/?s={search_term_string}"},"query-input":{"@type":"PropertyValueSpecification","valueRequired":true,"valueName":"search_term_string"}}],"inLanguage":"en-US"},{"@type":"Organization","@id":"https:\/\/www.szexshopbelvaros.com\/#organization","name":"at our Szexshop Belv\u00e1ros","alternateName":"szexshopbelvaros.com","url":"https:\/\/www.szexshopbelvaros.com\/","logo":{"@type":"ImageObject","inLanguage":"en-US","@id":"https:\/\/www.szexshopbelvaros.com\/#\/schema\/logo\/image\/","url":"https:\/\/www.szexshopbelvaros.com\/wp-content\/uploads\/2025\/09\/1Szexshopbelvaroslogo_blurred_stronger.jpg","contentUrl":"https:\/\/www.szexshopbelvaros.com\/wp-content\/uploads\/2025\/09\/1Szexshopbelvaroslogo_blurred_stronger.jpg","width":1024,"height":1024,"caption":"Szexshop Belv\u00e1ros"},"image":{"@id":"https:\/\/www.szexshopbelvaros.com\/#\/schema\/logo\/image\/"},"sameAs":["https:\/\/www.facebook.com\/belvarossecrets\/","https:\/\/x.com\/belvarossecrets","https:\/\/www.instagram.com\/belvarossecrets\/","https:\/\/www.tiktok.com\/@belvarossecrets"]}]}},"_links":{"self":[{"href":"https:\/\/www.szexshopbelvaros.com\/en\/wp-json\/wp\/v2\/product\/2337","targetHints":{"allow":["GET"]}}],"collection":[{"href":"https:\/\/www.szexshopbelvaros.com\/en\/wp-json\/wp\/v2\/product"}],"about":[{"href":"https:\/\/www.szexshopbelvaros.com\/en\/wp-json\/wp\/v2\/types\/product"}],"replies":[{"embeddable":true,"href":"https:\/\/www.szexshopbelvaros.com\/en\/wp-json\/wp\/v2\/comments?post=2337"}],"wp:featuredmedia":[{"embeddable":true,"href":"https:\/\/www.szexshopbelvaros.com\/en\/wp-json\/wp\/v2\/media\/2338"}],"wp:attachment":[{"href":"https:\/\/www.szexshopbelvaros.com\/en\/wp-json\/wp\/v2\/media?parent=2337"}],"wp:term":[{"taxonomy":"product_brand","embeddable":true,"href":"https:\/\/www.szexshopbelvaros.com\/en\/wp-json\/wp\/v2\/product_brand?post=2337"},{"taxonomy":"product_cat","embeddable":true,"href":"https:\/\/www.szexshopbelvaros.com\/en\/wp-json\/wp\/v2\/product_cat?post=2337"},{"taxonomy":"product_tag","embeddable":true,"href":"https:\/\/www.szexshopbelvaros.com\/en\/wp-json\/wp\/v2\/product_tag?post=2337"}],"curies":[{"name":"wp","href":"https:\/\/api.w.org\/{rel}","templated":true}]}}