{"id":2341,"date":"2026-01-26T17:40:37","date_gmt":"2026-01-26T16:40:37","guid":{"rendered":"https:\/\/www.szexshopbelvaros.com\/?post_type=product&#038;p=2341"},"modified":"2026-04-10T14:00:19","modified_gmt":"2026-04-10T12:00:19","slug":"%f0%9f%90%98-ferfi-elefant-tanga-trunk-trouble-thong","status":"publish","type":"product","link":"https:\/\/www.szexshopbelvaros.com\/en\/product\/%f0%9f%90%98-ferfi-elefant-tanga-trunk-trouble-thong\/","title":{"rendered":"\ud83d\udc18 Trunk Trouble Thong \u2013 The trunk speaks for you"},"content":{"rendered":"<p>If you want to give (or receive) something truly\u2026 ahem\u2026 \u201cmemorable\u201d for Valentine\u2019s Day this year, then here is the Sexy Elephant G-string \u2013 the underwear that trumpets *\u201eit\u2019s a circus tonight, not an opera.\u201d*<\/p>\n<p>This red cotton-blend thong is not only comfortable, but also cheekily funny: two googly eyes, two huge \u201cears,\u201d and a snout that you can put exactly what you\u2019re thinking of in it. Yes, that.<br \/>\nThe end result? Your partner laughs for half a minute, then thinks for half a minute, then half a minute later he&#039;s on to you - or not.<\/p>\n<p>The elastic waistband expands from 30 to 40 inches, so you don&#039;t have to worry if your bum is a bit bigger than usual. And the thin material is perfect for guys who want to be funny, sexy, and a little sick at the same time. (That&#039;s a compliment from us.)<\/p>\n<p>Perfect choice:<br \/>\n\u2764\ufe0f for role-playing games<br \/>\n\u2764\ufe0f funny gift<br \/>\n\u2764\ufe0f Valentine&#039;s Day surprise<br \/>\n\u2764\ufe0f or if you simply want to see what an elephant looks like when it attacks.<\/p>\n<p>Pick it up and you&#039;ll understand why they call you the star of the bedroom.<\/p>\n<p>&nbsp;<\/p>\n<p>\ud83d\udc49 Discover the rest of our <a href=\"https:\/\/www.szexshopbelvaros.com\/en\/product-category\/erotikus-ruhazat\/ferfi-ruhak\/\">men&#039;s underwear<\/a> in the city&#039;s sex shop&#039;s offer!<\/p>\n<p>&nbsp;<\/p>\n<p>\ud83d\udc49 Order now <a class=\"decorated-link cursor-pointer\" target=\"_new\" rel=\"noopener\" data-start=\"311\" data-end=\"335\">www.szexshopbelvaros.com<\/a> from the page, We deliver discreetly throughout Hungary and the EU.<\/p>\n<p>&nbsp;<\/p>","protected":false},"excerpt":{"rendered":"<p>Ha id\u00e9n Valentin-napra valami igaz\u00e1n\u2026 khm\u2026 \u201ceml\u00e9kezeteset\u201d akarsz adni (vagy kapni), akkor itt a Sexy Elephant G-string \u2013 az a feh\u00e9rnem\u0171, ami m\u00e1r bel\u00e9p\u00e9skor trombit\u00e1lja, hogy *\u201ema este cirkusz lesz, nem opera.\u201d* Ez a piros pamutkever\u00e9k tanga nem csak k\u00e9nyelmes, hanem pof\u00e1tlanul vicces is: k\u00e9t gugliz\u00f3 szem, k\u00e9t hatalmas \u201cf\u00fcl\u201d, \u00e9s egy orm\u00e1ny, amibe pontosan [&#8230;]\n","protected":false},"featured_media":2342,"comment_status":"closed","ping_status":"closed","template":"","meta":[],"product_brand":[],"product_cat":[113,142],"product_tag":[951,503,937,1577,1483,2027,1489,2023,933,1465,1487,1508,945,932,220],"class_list":{"0":"post-2341","1":"product","2":"type-product","3":"status-publish","4":"has-post-thumbnail","6":"product_cat-erotikus-ruhazat","7":"product_cat-ferfi-ruhak","8":"product_tag-erotic-clothing","9":"product_tag-erotikus-ruha","10":"product_tag-fehernemu","11":"product_tag-ferfi-body","12":"product_tag-ferfi-fehernemu","13":"product_tag-ferfi-szexi-ruha","14":"product_tag-ferfi-tanga","15":"product_tag-haloszoba-divat","16":"product_tag-lingerie","17":"product_tag-mens-harness","18":"product_tag-mens-lingerie","19":"product_tag-mens-thong","20":"product_tag-sexy-outfit","21":"product_tag-szexi-ruha","22":"product_tag-szexshop-belvaros","24":"first","25":"instock","26":"taxable","27":"shipping-taxable","28":"purchasable","29":"product-type-simple"},"yoast_head":"<!-- This site is optimized with the Yoast SEO plugin v27.5 - https:\/\/yoast.com\/product\/yoast-seo-wordpress\/ -->\n<title>F\u00e9rfi elef\u00e1nt tanga \u2013 \ud83d\udc18 Trunk Trouble Thong | szexshop belvaros<\/title>\n<meta name=\"description\" content=\"Vicces piros f\u00e9rfi elef\u00e1nt tanga hossz\u00fa orm\u00e1nnyal Valentin-napra. Rugalmas, k\u00e9nyelmes \u00e9s provokat\u00edv darab a szexshop belvaros k\u00edn\u00e1lat\u00e1b\u00f3l.\" \/>\n<meta name=\"robots\" content=\"index, follow, max-snippet:-1, max-image-preview:large, max-video-preview:-1\" \/>\n<link rel=\"canonical\" href=\"https:\/\/www.szexshopbelvaros.com\/en\/product\/\ud83d\udc18-ferfi-elefant-tanga-trunk-trouble-thong\/\" \/>\n<meta property=\"og:locale\" content=\"en_US\" \/>\n<meta property=\"og:type\" content=\"article\" \/>\n<meta property=\"og:title\" content=\"F\u00e9rfi elef\u00e1nt tanga \u2013 \ud83d\udc18 Trunk Trouble Thong | szexshop belvaros\" \/>\n<meta property=\"og:description\" content=\"Vicces piros f\u00e9rfi elef\u00e1nt tanga hossz\u00fa orm\u00e1nnyal Valentin-napra. Rugalmas, k\u00e9nyelmes \u00e9s provokat\u00edv darab a szexshop belvaros k\u00edn\u00e1lat\u00e1b\u00f3l.\" \/>\n<meta property=\"og:url\" content=\"https:\/\/www.szexshopbelvaros.com\/en\/product\/\ud83d\udc18-ferfi-elefant-tanga-trunk-trouble-thong\/\" \/>\n<meta property=\"og:site_name\" content=\"Szexshop Belvaros\" \/>\n<meta property=\"article:publisher\" content=\"https:\/\/www.facebook.com\/belvarossecrets\/\" \/>\n<meta property=\"article:modified_time\" content=\"2026-04-10T12:00:19+00:00\" \/>\n<meta name=\"twitter:card\" content=\"summary_large_image\" \/>\n<meta name=\"twitter:site\" content=\"@belvarossecrets\" \/>\n<meta name=\"twitter:label1\" content=\"Est. reading time\" \/>\n\t<meta name=\"twitter:data1\" content=\"2 minutes\" \/>\n<script type=\"application\/ld+json\" class=\"yoast-schema-graph\">{\"@context\":\"https:\\\/\\\/schema.org\",\"@graph\":[{\"@type\":\"WebPage\",\"@id\":\"https:\\\/\\\/www.szexshopbelvaros.com\\\/termek\\\/%f0%9f%90%98-ferfi-elefant-tanga-trunk-trouble-thong\\\/\",\"url\":\"https:\\\/\\\/www.szexshopbelvaros.com\\\/termek\\\/%f0%9f%90%98-ferfi-elefant-tanga-trunk-trouble-thong\\\/\",\"name\":\"F\u00e9rfi elef\u00e1nt tanga \u2013 \ud83d\udc18 Trunk Trouble Thong | szexshop belvaros\",\"isPartOf\":{\"@id\":\"https:\\\/\\\/www.szexshopbelvaros.com\\\/#website\"},\"primaryImageOfPage\":{\"@id\":\"https:\\\/\\\/www.szexshopbelvaros.com\\\/termek\\\/%f0%9f%90%98-ferfi-elefant-tanga-trunk-trouble-thong\\\/#primaryimage\"},\"image\":{\"@id\":\"https:\\\/\\\/www.szexshopbelvaros.com\\\/termek\\\/%f0%9f%90%98-ferfi-elefant-tanga-trunk-trouble-thong\\\/#primaryimage\"},\"thumbnailUrl\":\"https:\\\/\\\/www.szexshopbelvaros.com\\\/wp-content\\\/uploads\\\/2026\\\/01\\\/1.avif\",\"datePublished\":\"2026-01-26T16:40:37+00:00\",\"dateModified\":\"2026-04-10T12:00:19+00:00\",\"description\":\"Vicces piros f\u00e9rfi elef\u00e1nt tanga hossz\u00fa orm\u00e1nnyal Valentin-napra. Rugalmas, k\u00e9nyelmes \u00e9s provokat\u00edv darab a szexshop belvaros k\u00edn\u00e1lat\u00e1b\u00f3l.\",\"breadcrumb\":{\"@id\":\"https:\\\/\\\/www.szexshopbelvaros.com\\\/termek\\\/%f0%9f%90%98-ferfi-elefant-tanga-trunk-trouble-thong\\\/#breadcrumb\"},\"inLanguage\":\"en-US\",\"potentialAction\":[{\"@type\":\"ReadAction\",\"target\":[\"https:\\\/\\\/www.szexshopbelvaros.com\\\/termek\\\/%f0%9f%90%98-ferfi-elefant-tanga-trunk-trouble-thong\\\/\"]}]},{\"@type\":\"ImageObject\",\"inLanguage\":\"en-US\",\"@id\":\"https:\\\/\\\/www.szexshopbelvaros.com\\\/termek\\\/%f0%9f%90%98-ferfi-elefant-tanga-trunk-trouble-thong\\\/#primaryimage\",\"url\":\"https:\\\/\\\/www.szexshopbelvaros.com\\\/wp-content\\\/uploads\\\/2026\\\/01\\\/1.avif\",\"contentUrl\":\"https:\\\/\\\/www.szexshopbelvaros.com\\\/wp-content\\\/uploads\\\/2026\\\/01\\\/1.avif\",\"width\":1000,\"height\":1000,\"caption\":\"K\u00f6zelk\u00e9p a piros elef\u00e1nt tanga el\u00fcls\u0151 r\u00e9sz\u00e9r\u0151l, j\u00f3l l\u00e1that\u00f3 f\u00fclekkel \u00e9s mozg\u00f3 szemekkel. Close-up of the red elephant thong\u2019s front section, showing the ears and googly eyes in detail.\"},{\"@type\":\"BreadcrumbList\",\"@id\":\"https:\\\/\\\/www.szexshopbelvaros.com\\\/termek\\\/%f0%9f%90%98-ferfi-elefant-tanga-trunk-trouble-thong\\\/#breadcrumb\",\"itemListElement\":[{\"@type\":\"ListItem\",\"position\":1,\"name\":\"Home\",\"item\":\"https:\\\/\\\/www.szexshopbelvaros.com\\\/\"},{\"@type\":\"ListItem\",\"position\":2,\"name\":\"\u00c1ruh\u00e1z\",\"item\":\"https:\\\/\\\/www.szexshopbelvaros.com\\\/uzlet\\\/\"},{\"@type\":\"ListItem\",\"position\":3,\"name\":\"\ud83d\udc18 Trunk Trouble Thong \u2013 Az orm\u00e1ny besz\u00e9l helyetted\"}]},{\"@type\":\"WebSite\",\"@id\":\"https:\\\/\\\/www.szexshopbelvaros.com\\\/#website\",\"url\":\"https:\\\/\\\/www.szexshopbelvaros.com\\\/\",\"name\":\"Szexshop Belv\u00e1ros\",\"description\":\"\ud83d\udd25 A szex olyan, mint a p\u00e9nz; csak a t\u00fal sok el\u00e9g!\u2122 Titkok a belv\u00e1rosb\u00f3l \ud83d\udc8b | Secrets from Budapest \ud83d\udc8e Feln\u0151tt j\u00e1t\u00e9kok \u2022 Erotika \u2022 Szexshop Belvaros\",\"publisher\":{\"@id\":\"https:\\\/\\\/www.szexshopbelvaros.com\\\/#organization\"},\"potentialAction\":[{\"@type\":\"SearchAction\",\"target\":{\"@type\":\"EntryPoint\",\"urlTemplate\":\"https:\\\/\\\/www.szexshopbelvaros.com\\\/?s={search_term_string}\"},\"query-input\":{\"@type\":\"PropertyValueSpecification\",\"valueRequired\":true,\"valueName\":\"search_term_string\"}}],\"inLanguage\":\"en-US\"},{\"@type\":\"Organization\",\"@id\":\"https:\\\/\\\/www.szexshopbelvaros.com\\\/#organization\",\"name\":\"Szexshop Belv\u00e1ros\",\"alternateName\":\"szexshopbelvaros.com\",\"url\":\"https:\\\/\\\/www.szexshopbelvaros.com\\\/\",\"logo\":{\"@type\":\"ImageObject\",\"inLanguage\":\"en-US\",\"@id\":\"https:\\\/\\\/www.szexshopbelvaros.com\\\/#\\\/schema\\\/logo\\\/image\\\/\",\"url\":\"https:\\\/\\\/www.szexshopbelvaros.com\\\/wp-content\\\/uploads\\\/2025\\\/09\\\/1Szexshopbelvaroslogo_blurred_stronger.jpg\",\"contentUrl\":\"https:\\\/\\\/www.szexshopbelvaros.com\\\/wp-content\\\/uploads\\\/2025\\\/09\\\/1Szexshopbelvaroslogo_blurred_stronger.jpg\",\"width\":1024,\"height\":1024,\"caption\":\"Szexshop Belv\u00e1ros\"},\"image\":{\"@id\":\"https:\\\/\\\/www.szexshopbelvaros.com\\\/#\\\/schema\\\/logo\\\/image\\\/\"},\"sameAs\":[\"https:\\\/\\\/www.facebook.com\\\/belvarossecrets\\\/\",\"https:\\\/\\\/x.com\\\/belvarossecrets\",\"https:\\\/\\\/www.instagram.com\\\/belvarossecrets\\\/\",\"https:\\\/\\\/www.tiktok.com\\\/@belvarossecrets\"]}]}<\/script>\n<!-- \/ Yoast SEO plugin. -->","yoast_head_json":{"title":"Men&#039;s elephant thong \u2013 \ud83d\udc18 Trunk Trouble Thong | sex shop in Belvaros","description":"Funny red men&#039;s elephant thong with a long trunk for Valentine&#039;s Day. Flexible, comfortable and provocative piece from the sex shop Belvaros range.","robots":{"index":"index","follow":"follow","max-snippet":"max-snippet:-1","max-image-preview":"max-image-preview:large","max-video-preview":"max-video-preview:-1"},"canonical":"https:\/\/www.szexshopbelvaros.com\/en\/product\/\ud83d\udc18-ferfi-elefant-tanga-trunk-trouble-thong\/","og_locale":"en_US","og_type":"article","og_title":"F\u00e9rfi elef\u00e1nt tanga \u2013 \ud83d\udc18 Trunk Trouble Thong | szexshop belvaros","og_description":"Vicces piros f\u00e9rfi elef\u00e1nt tanga hossz\u00fa orm\u00e1nnyal Valentin-napra. Rugalmas, k\u00e9nyelmes \u00e9s provokat\u00edv darab a szexshop belvaros k\u00edn\u00e1lat\u00e1b\u00f3l.","og_url":"https:\/\/www.szexshopbelvaros.com\/en\/product\/\ud83d\udc18-ferfi-elefant-tanga-trunk-trouble-thong\/","og_site_name":"Szexshop Belvaros","article_publisher":"https:\/\/www.facebook.com\/belvarossecrets\/","article_modified_time":"2026-04-10T12:00:19+00:00","twitter_card":"summary_large_image","twitter_site":"@belvarossecrets","twitter_misc":{"Est. reading time":"2 minutes"},"schema":{"@context":"https:\/\/schema.org","@graph":[{"@type":"WebPage","@id":"https:\/\/www.szexshopbelvaros.com\/termek\/%f0%9f%90%98-ferfi-elefant-tanga-trunk-trouble-thong\/","url":"https:\/\/www.szexshopbelvaros.com\/termek\/%f0%9f%90%98-ferfi-elefant-tanga-trunk-trouble-thong\/","name":"Men&#039;s elephant thong \u2013 \ud83d\udc18 Trunk Trouble Thong | sex shop in Belvaros","isPartOf":{"@id":"https:\/\/www.szexshopbelvaros.com\/#website"},"primaryImageOfPage":{"@id":"https:\/\/www.szexshopbelvaros.com\/termek\/%f0%9f%90%98-ferfi-elefant-tanga-trunk-trouble-thong\/#primaryimage"},"image":{"@id":"https:\/\/www.szexshopbelvaros.com\/termek\/%f0%9f%90%98-ferfi-elefant-tanga-trunk-trouble-thong\/#primaryimage"},"thumbnailUrl":"https:\/\/www.szexshopbelvaros.com\/wp-content\/uploads\/2026\/01\/1.avif","datePublished":"2026-01-26T16:40:37+00:00","dateModified":"2026-04-10T12:00:19+00:00","description":"Funny red men&#039;s elephant thong with a long trunk for Valentine&#039;s Day. Flexible, comfortable and provocative piece from the sex shop Belvaros range.","breadcrumb":{"@id":"https:\/\/www.szexshopbelvaros.com\/termek\/%f0%9f%90%98-ferfi-elefant-tanga-trunk-trouble-thong\/#breadcrumb"},"inLanguage":"en-US","potentialAction":[{"@type":"ReadAction","target":["https:\/\/www.szexshopbelvaros.com\/termek\/%f0%9f%90%98-ferfi-elefant-tanga-trunk-trouble-thong\/"]}]},{"@type":"ImageObject","inLanguage":"en-US","@id":"https:\/\/www.szexshopbelvaros.com\/termek\/%f0%9f%90%98-ferfi-elefant-tanga-trunk-trouble-thong\/#primaryimage","url":"https:\/\/www.szexshopbelvaros.com\/wp-content\/uploads\/2026\/01\/1.avif","contentUrl":"https:\/\/www.szexshopbelvaros.com\/wp-content\/uploads\/2026\/01\/1.avif","width":1000,"height":1000,"caption":"K\u00f6zelk\u00e9p a piros elef\u00e1nt tanga el\u00fcls\u0151 r\u00e9sz\u00e9r\u0151l, j\u00f3l l\u00e1that\u00f3 f\u00fclekkel \u00e9s mozg\u00f3 szemekkel. Close-up of the red elephant thong\u2019s front section, showing the ears and googly eyes in detail."},{"@type":"BreadcrumbList","@id":"https:\/\/www.szexshopbelvaros.com\/termek\/%f0%9f%90%98-ferfi-elefant-tanga-trunk-trouble-thong\/#breadcrumb","itemListElement":[{"@type":"ListItem","position":1,"name":"Home","item":"https:\/\/www.szexshopbelvaros.com\/"},{"@type":"ListItem","position":2,"name":"\u00c1ruh\u00e1z","item":"https:\/\/www.szexshopbelvaros.com\/uzlet\/"},{"@type":"ListItem","position":3,"name":"\ud83d\udc18 Trunk Trouble Thong \u2013 Az orm\u00e1ny besz\u00e9l helyetted"}]},{"@type":"WebSite","@id":"https:\/\/www.szexshopbelvaros.com\/#website","url":"https:\/\/www.szexshopbelvaros.com\/","name":"at our Szexshop Belv\u00e1ros","description":"\ud83d\udd25 Sex is like money; only too much is enough!\u2122 Secrets from the city center \ud83d\udc8b | Secrets from Budapest \ud83d\udc8e Adult games \u2022 Erotica \u2022 Sex shop Belvaros","publisher":{"@id":"https:\/\/www.szexshopbelvaros.com\/#organization"},"potentialAction":[{"@type":"SearchAction","target":{"@type":"EntryPoint","urlTemplate":"https:\/\/www.szexshopbelvaros.com\/?s={search_term_string}"},"query-input":{"@type":"PropertyValueSpecification","valueRequired":true,"valueName":"search_term_string"}}],"inLanguage":"en-US"},{"@type":"Organization","@id":"https:\/\/www.szexshopbelvaros.com\/#organization","name":"at our Szexshop Belv\u00e1ros","alternateName":"szexshopbelvaros.com","url":"https:\/\/www.szexshopbelvaros.com\/","logo":{"@type":"ImageObject","inLanguage":"en-US","@id":"https:\/\/www.szexshopbelvaros.com\/#\/schema\/logo\/image\/","url":"https:\/\/www.szexshopbelvaros.com\/wp-content\/uploads\/2025\/09\/1Szexshopbelvaroslogo_blurred_stronger.jpg","contentUrl":"https:\/\/www.szexshopbelvaros.com\/wp-content\/uploads\/2025\/09\/1Szexshopbelvaroslogo_blurred_stronger.jpg","width":1024,"height":1024,"caption":"Szexshop Belv\u00e1ros"},"image":{"@id":"https:\/\/www.szexshopbelvaros.com\/#\/schema\/logo\/image\/"},"sameAs":["https:\/\/www.facebook.com\/belvarossecrets\/","https:\/\/x.com\/belvarossecrets","https:\/\/www.instagram.com\/belvarossecrets\/","https:\/\/www.tiktok.com\/@belvarossecrets"]}]}},"_links":{"self":[{"href":"https:\/\/www.szexshopbelvaros.com\/en\/wp-json\/wp\/v2\/product\/2341","targetHints":{"allow":["GET"]}}],"collection":[{"href":"https:\/\/www.szexshopbelvaros.com\/en\/wp-json\/wp\/v2\/product"}],"about":[{"href":"https:\/\/www.szexshopbelvaros.com\/en\/wp-json\/wp\/v2\/types\/product"}],"replies":[{"embeddable":true,"href":"https:\/\/www.szexshopbelvaros.com\/en\/wp-json\/wp\/v2\/comments?post=2341"}],"wp:featuredmedia":[{"embeddable":true,"href":"https:\/\/www.szexshopbelvaros.com\/en\/wp-json\/wp\/v2\/media\/2342"}],"wp:attachment":[{"href":"https:\/\/www.szexshopbelvaros.com\/en\/wp-json\/wp\/v2\/media?parent=2341"}],"wp:term":[{"taxonomy":"product_brand","embeddable":true,"href":"https:\/\/www.szexshopbelvaros.com\/en\/wp-json\/wp\/v2\/product_brand?post=2341"},{"taxonomy":"product_cat","embeddable":true,"href":"https:\/\/www.szexshopbelvaros.com\/en\/wp-json\/wp\/v2\/product_cat?post=2341"},{"taxonomy":"product_tag","embeddable":true,"href":"https:\/\/www.szexshopbelvaros.com\/en\/wp-json\/wp\/v2\/product_tag?post=2341"}],"curies":[{"name":"wp","href":"https:\/\/api.w.org\/{rel}","templated":true}]}}