{"id":2390,"date":"2026-02-03T17:59:31","date_gmt":"2026-02-03T16:59:31","guid":{"rendered":"https:\/\/www.szexshopbelvaros.com\/?post_type=product&#038;p=2390"},"modified":"2026-04-28T15:30:21","modified_gmt":"2026-04-28T13:30:21","slug":"%f0%9f%8c%b8-pink-knotty-promise-rozsaszin-bdsm-kotel","status":"publish","type":"product","link":"https:\/\/www.szexshopbelvaros.com\/en\/product\/%f0%9f%8c%b8-pink-knotty-promise-rozsaszin-bdsm-kotel\/","title":{"rendered":"\ud83c\udf38 Pink Knotty Promise \u2013 Pink rope with black intentions. 5 m"},"content":{"rendered":"<p>The pink BDSM rope that will leave you with no chance of escape on Valentine&#039;s Day. Don&#039;t let the color fool you. The Pink Knotty Promise is no icing on the cake \u2014 it&#039;s 5 meters of solid &quot;stay right there now.&quot;.<\/p>\n<p>Made of soft cotton so it won&#039;t cut, burn, or leave marks...just a memory. This is the rope that will make your partner smile at first, then realize that freedom of movement is not a basic right.<\/p>\n<p>Perfect for tying limbs, creating tight knots, playful power transfers, or that night when someone finally stops asking and obeys. Friendly for beginners, reliable for advanced users \u2014 and for anyone who enjoys when control is wrapped in pink.<\/p>\n<p>Pink. 5 meters of tying options. And that moment when you realize: this is not a decoration, this is a decision.<\/p>\n<p><span style=\"box-sizing: border-box; margin: 0px; padding: 0px;\">Discover the rest of our\u00a0<a href=\"https:\/\/www.szexshopbelvaros.com\/en\/product-category\/bdsm\/sado-mazo-kellekek\/\" target=\"_blank\" rel=\"noopener\">BDSM-<\/a>accessories in the Szexshop Belv\u00e1ros range \u2013 where the pink rope is just the beginning.<\/span><\/p>\n<p>\ud83c\udf38 Get it now <strong data-start=\"998\" data-end=\"1063\">within an hour the Budapest Sex Shop Downtown\u00a0<a href=\"https:\/\/wolt.com\/hu\/hun\/budapest\/venue\/szexshop-belvaros\/pink-knotty-promise-itemid-a51b429a375b4010cd986a59\">Wolt store<\/a>store<\/strong>, or order here at\u00a0<strong data-start=\"1084\" data-end=\"1112\"><a class=\"decorated-link cursor-pointer\" target=\"_new\" rel=\"noopener\" data-start=\"1086\" data-end=\"1110\">www.szexshopbelvaros.com<\/a><\/strong>\u00a0. We deliver to the entire territory of Hungary and the EU.<\/p>","protected":false},"excerpt":{"rendered":"<p>A r\u00f3zsasz\u00edn BDSM-k\u00f6t\u00e9l, amit\u0151l Valentin-napon se lesz es\u00e9lye a menekv\u00e9snek. Ne hagyd, hogy a sz\u00edne becsapjon. A Pink Knotty Promise nem cukorm\u00e1z \u2014 ez 5 m\u00e9ter t\u00f6m\u00e9ny \u201emost akkor maradj sz\u00e9pen ott\u201d. Puha pamutb\u00f3l k\u00e9sz\u00fclt, hogy ne v\u00e1gjon, ne \u00e9gessen, ne hagyjon nyomot\u2026csak eml\u00e9ket. Ez az a k\u00f6t\u00e9l, amivel el\u0151sz\u00f6r m\u00e9g mosolyog a partnered, azt\u00e1n [&#8230;]\n","protected":false},"featured_media":2810,"comment_status":"closed","ping_status":"closed","template":"","meta":[],"product_brand":[],"product_cat":[52,2005],"product_tag":[321,1410,1416,372,1561,389,1415,2008,2021,1407,2022,2020,715],"class_list":{"0":"post-2390","1":"product","2":"type-product","3":"status-publish","4":"has-post-thumbnail","6":"product_cat-bdsm","7":"product_cat-kotozes-rogzites","8":"product_tag-bdsm","9":"product_tag-bdsm-toy","10":"product_tag-bilincs","11":"product_tag-bondage","12":"product_tag-bondage-rope","13":"product_tag-felnott-jatek","14":"product_tag-handcuffs","15":"product_tag-kink","16":"product_tag-kotelfetis","17":"product_tag-kotozes","18":"product_tag-restraints","19":"product_tag-rogzites","20":"product_tag-szadomazo-kellek","22":"first","23":"instock","24":"taxable","25":"shipping-taxable","26":"purchasable","27":"product-type-simple"},"yoast_head":"<!-- This site is optimized with the Yoast SEO plugin v27.5 - https:\/\/yoast.com\/product\/yoast-seo-wordpress\/ -->\n<title>\ud83c\udf38 Pink Knotty Promise \u2013 r\u00f3zsasz\u00edn BDSM k\u00f6t\u00e9l Valentinra | Szexshop Belvaros<\/title>\n<meta name=\"description\" content=\"Rozsaszin BDSM kotel Valentin-napra: a Pink Knotty Promise puha pamutbol, jatekos kotesehez es hatalomjatekokhoz. Szexshop Belvaros.\" \/>\n<meta name=\"robots\" content=\"index, follow, max-snippet:-1, max-image-preview:large, max-video-preview:-1\" \/>\n<link rel=\"canonical\" href=\"https:\/\/www.szexshopbelvaros.com\/en\/product\/\ud83c\udf38-pink-knotty-promise-rozsaszin-bdsm-kotel\/\" \/>\n<meta property=\"og:locale\" content=\"en_US\" \/>\n<meta property=\"og:type\" content=\"article\" \/>\n<meta property=\"og:title\" content=\"\ud83c\udf38 Pink Knotty Promise \u2013 r\u00f3zsasz\u00edn BDSM k\u00f6t\u00e9l Valentinra | Szexshop Belvaros\" \/>\n<meta property=\"og:description\" content=\"Rozsaszin BDSM kotel Valentin-napra: a Pink Knotty Promise puha pamutbol, jatekos kotesehez es hatalomjatekokhoz. Szexshop Belvaros.\" \/>\n<meta property=\"og:url\" content=\"https:\/\/www.szexshopbelvaros.com\/en\/product\/\ud83c\udf38-pink-knotty-promise-rozsaszin-bdsm-kotel\/\" \/>\n<meta property=\"og:site_name\" content=\"Szexshop Belvaros\" \/>\n<meta property=\"article:publisher\" content=\"https:\/\/www.facebook.com\/belvarossecrets\/\" \/>\n<meta property=\"article:modified_time\" content=\"2026-04-28T13:30:21+00:00\" \/>\n<meta property=\"og:image\" content=\"https:\/\/www.szexshopbelvaros.com\/wp-content\/uploads\/2026\/02\/Untitled-design-1.png\" \/>\n\t<meta property=\"og:image:width\" content=\"2048\" \/>\n\t<meta property=\"og:image:height\" content=\"1152\" \/>\n\t<meta property=\"og:image:type\" content=\"image\/png\" \/>\n<meta name=\"twitter:card\" content=\"summary_large_image\" \/>\n<meta name=\"twitter:site\" content=\"@belvarossecrets\" \/>\n<meta name=\"twitter:label1\" content=\"Est. reading time\" \/>\n\t<meta name=\"twitter:data1\" content=\"2 minutes\" \/>\n<script type=\"application\/ld+json\" class=\"yoast-schema-graph\">{\"@context\":\"https:\\\/\\\/schema.org\",\"@graph\":[{\"@type\":\"WebPage\",\"@id\":\"https:\\\/\\\/www.szexshopbelvaros.com\\\/termek\\\/%f0%9f%8c%b8-pink-knotty-promise-rozsaszin-bdsm-kotel\\\/\",\"url\":\"https:\\\/\\\/www.szexshopbelvaros.com\\\/termek\\\/%f0%9f%8c%b8-pink-knotty-promise-rozsaszin-bdsm-kotel\\\/\",\"name\":\"\ud83c\udf38 Pink Knotty Promise \u2013 r\u00f3zsasz\u00edn BDSM k\u00f6t\u00e9l Valentinra | Szexshop Belvaros\",\"isPartOf\":{\"@id\":\"https:\\\/\\\/www.szexshopbelvaros.com\\\/#website\"},\"primaryImageOfPage\":{\"@id\":\"https:\\\/\\\/www.szexshopbelvaros.com\\\/termek\\\/%f0%9f%8c%b8-pink-knotty-promise-rozsaszin-bdsm-kotel\\\/#primaryimage\"},\"image\":{\"@id\":\"https:\\\/\\\/www.szexshopbelvaros.com\\\/termek\\\/%f0%9f%8c%b8-pink-knotty-promise-rozsaszin-bdsm-kotel\\\/#primaryimage\"},\"thumbnailUrl\":\"https:\\\/\\\/www.szexshopbelvaros.com\\\/wp-content\\\/uploads\\\/2026\\\/02\\\/Untitled-design-1.png\",\"datePublished\":\"2026-02-03T16:59:31+00:00\",\"dateModified\":\"2026-04-28T13:30:21+00:00\",\"description\":\"Rozsaszin BDSM kotel Valentin-napra: a Pink Knotty Promise puha pamutbol, jatekos kotesehez es hatalomjatekokhoz. Szexshop Belvaros.\",\"breadcrumb\":{\"@id\":\"https:\\\/\\\/www.szexshopbelvaros.com\\\/termek\\\/%f0%9f%8c%b8-pink-knotty-promise-rozsaszin-bdsm-kotel\\\/#breadcrumb\"},\"inLanguage\":\"en-US\",\"potentialAction\":[{\"@type\":\"ReadAction\",\"target\":[\"https:\\\/\\\/www.szexshopbelvaros.com\\\/termek\\\/%f0%9f%8c%b8-pink-knotty-promise-rozsaszin-bdsm-kotel\\\/\"]}]},{\"@type\":\"ImageObject\",\"inLanguage\":\"en-US\",\"@id\":\"https:\\\/\\\/www.szexshopbelvaros.com\\\/termek\\\/%f0%9f%8c%b8-pink-knotty-promise-rozsaszin-bdsm-kotel\\\/#primaryimage\",\"url\":\"https:\\\/\\\/www.szexshopbelvaros.com\\\/wp-content\\\/uploads\\\/2026\\\/02\\\/Untitled-design-1.png\",\"contentUrl\":\"https:\\\/\\\/www.szexshopbelvaros.com\\\/wp-content\\\/uploads\\\/2026\\\/02\\\/Untitled-design-1.png\",\"width\":2048,\"height\":1152},{\"@type\":\"BreadcrumbList\",\"@id\":\"https:\\\/\\\/www.szexshopbelvaros.com\\\/termek\\\/%f0%9f%8c%b8-pink-knotty-promise-rozsaszin-bdsm-kotel\\\/#breadcrumb\",\"itemListElement\":[{\"@type\":\"ListItem\",\"position\":1,\"name\":\"Home\",\"item\":\"https:\\\/\\\/www.szexshopbelvaros.com\\\/\"},{\"@type\":\"ListItem\",\"position\":2,\"name\":\"\u00c1ruh\u00e1z\",\"item\":\"https:\\\/\\\/www.szexshopbelvaros.com\\\/uzlet\\\/\"},{\"@type\":\"ListItem\",\"position\":3,\"name\":\"\ud83c\udf38 Pink Knotty Promise &#8211; R\u00f3zsasz\u00edn k\u00f6t\u00e9l, fekete sz\u00e1nd\u00e9kokkal. 5 m\"}]},{\"@type\":\"WebSite\",\"@id\":\"https:\\\/\\\/www.szexshopbelvaros.com\\\/#website\",\"url\":\"https:\\\/\\\/www.szexshopbelvaros.com\\\/\",\"name\":\"Szexshop Belv\u00e1ros\",\"description\":\"\ud83d\udd25 A szex olyan, mint a p\u00e9nz; csak a t\u00fal sok el\u00e9g!\u2122 Titkok a belv\u00e1rosb\u00f3l \ud83d\udc8b | Secrets from Budapest \ud83d\udc8e Feln\u0151tt j\u00e1t\u00e9kok \u2022 Erotika \u2022 Szexshop Belvaros\",\"publisher\":{\"@id\":\"https:\\\/\\\/www.szexshopbelvaros.com\\\/#organization\"},\"potentialAction\":[{\"@type\":\"SearchAction\",\"target\":{\"@type\":\"EntryPoint\",\"urlTemplate\":\"https:\\\/\\\/www.szexshopbelvaros.com\\\/?s={search_term_string}\"},\"query-input\":{\"@type\":\"PropertyValueSpecification\",\"valueRequired\":true,\"valueName\":\"search_term_string\"}}],\"inLanguage\":\"en-US\"},{\"@type\":\"Organization\",\"@id\":\"https:\\\/\\\/www.szexshopbelvaros.com\\\/#organization\",\"name\":\"Szexshop Belv\u00e1ros\",\"alternateName\":\"szexshopbelvaros.com\",\"url\":\"https:\\\/\\\/www.szexshopbelvaros.com\\\/\",\"logo\":{\"@type\":\"ImageObject\",\"inLanguage\":\"en-US\",\"@id\":\"https:\\\/\\\/www.szexshopbelvaros.com\\\/#\\\/schema\\\/logo\\\/image\\\/\",\"url\":\"https:\\\/\\\/www.szexshopbelvaros.com\\\/wp-content\\\/uploads\\\/2025\\\/09\\\/1Szexshopbelvaroslogo_blurred_stronger.jpg\",\"contentUrl\":\"https:\\\/\\\/www.szexshopbelvaros.com\\\/wp-content\\\/uploads\\\/2025\\\/09\\\/1Szexshopbelvaroslogo_blurred_stronger.jpg\",\"width\":1024,\"height\":1024,\"caption\":\"Szexshop Belv\u00e1ros\"},\"image\":{\"@id\":\"https:\\\/\\\/www.szexshopbelvaros.com\\\/#\\\/schema\\\/logo\\\/image\\\/\"},\"sameAs\":[\"https:\\\/\\\/www.facebook.com\\\/belvarossecrets\\\/\",\"https:\\\/\\\/x.com\\\/belvarossecrets\",\"https:\\\/\\\/www.instagram.com\\\/belvarossecrets\\\/\",\"https:\\\/\\\/www.tiktok.com\\\/@belvarossecrets\"]}]}<\/script>\n<!-- \/ Yoast SEO plugin. -->","yoast_head_json":{"title":"\ud83c\udf38 Pink Knotty Promise \u2013 pink BDSM rope for Valentine&#039;s Day | Sex shop Belvaros","description":"Pink BDSM rope for Valentine&#039;s Day: the Pink Knotty Promise made of soft cotton, for playful bondage and power plays. Sex shop Belvaros.","robots":{"index":"index","follow":"follow","max-snippet":"max-snippet:-1","max-image-preview":"max-image-preview:large","max-video-preview":"max-video-preview:-1"},"canonical":"https:\/\/www.szexshopbelvaros.com\/en\/product\/\ud83c\udf38-pink-knotty-promise-rozsaszin-bdsm-kotel\/","og_locale":"en_US","og_type":"article","og_title":"\ud83c\udf38 Pink Knotty Promise \u2013 r\u00f3zsasz\u00edn BDSM k\u00f6t\u00e9l Valentinra | Szexshop Belvaros","og_description":"Rozsaszin BDSM kotel Valentin-napra: a Pink Knotty Promise puha pamutbol, jatekos kotesehez es hatalomjatekokhoz. Szexshop Belvaros.","og_url":"https:\/\/www.szexshopbelvaros.com\/en\/product\/\ud83c\udf38-pink-knotty-promise-rozsaszin-bdsm-kotel\/","og_site_name":"Szexshop Belvaros","article_publisher":"https:\/\/www.facebook.com\/belvarossecrets\/","article_modified_time":"2026-04-28T13:30:21+00:00","og_image":[{"width":2048,"height":1152,"url":"https:\/\/www.szexshopbelvaros.com\/wp-content\/uploads\/2026\/02\/Untitled-design-1.png","type":"image\/png"}],"twitter_card":"summary_large_image","twitter_site":"@belvarossecrets","twitter_misc":{"Est. reading time":"2 minutes"},"schema":{"@context":"https:\/\/schema.org","@graph":[{"@type":"WebPage","@id":"https:\/\/www.szexshopbelvaros.com\/termek\/%f0%9f%8c%b8-pink-knotty-promise-rozsaszin-bdsm-kotel\/","url":"https:\/\/www.szexshopbelvaros.com\/termek\/%f0%9f%8c%b8-pink-knotty-promise-rozsaszin-bdsm-kotel\/","name":"\ud83c\udf38 Pink Knotty Promise \u2013 pink BDSM rope for Valentine&#039;s Day | Sex shop Belvaros","isPartOf":{"@id":"https:\/\/www.szexshopbelvaros.com\/#website"},"primaryImageOfPage":{"@id":"https:\/\/www.szexshopbelvaros.com\/termek\/%f0%9f%8c%b8-pink-knotty-promise-rozsaszin-bdsm-kotel\/#primaryimage"},"image":{"@id":"https:\/\/www.szexshopbelvaros.com\/termek\/%f0%9f%8c%b8-pink-knotty-promise-rozsaszin-bdsm-kotel\/#primaryimage"},"thumbnailUrl":"https:\/\/www.szexshopbelvaros.com\/wp-content\/uploads\/2026\/02\/Untitled-design-1.png","datePublished":"2026-02-03T16:59:31+00:00","dateModified":"2026-04-28T13:30:21+00:00","description":"Pink BDSM rope for Valentine&#039;s Day: the Pink Knotty Promise made of soft cotton, for playful bondage and power plays. Sex shop Belvaros.","breadcrumb":{"@id":"https:\/\/www.szexshopbelvaros.com\/termek\/%f0%9f%8c%b8-pink-knotty-promise-rozsaszin-bdsm-kotel\/#breadcrumb"},"inLanguage":"en-US","potentialAction":[{"@type":"ReadAction","target":["https:\/\/www.szexshopbelvaros.com\/termek\/%f0%9f%8c%b8-pink-knotty-promise-rozsaszin-bdsm-kotel\/"]}]},{"@type":"ImageObject","inLanguage":"en-US","@id":"https:\/\/www.szexshopbelvaros.com\/termek\/%f0%9f%8c%b8-pink-knotty-promise-rozsaszin-bdsm-kotel\/#primaryimage","url":"https:\/\/www.szexshopbelvaros.com\/wp-content\/uploads\/2026\/02\/Untitled-design-1.png","contentUrl":"https:\/\/www.szexshopbelvaros.com\/wp-content\/uploads\/2026\/02\/Untitled-design-1.png","width":2048,"height":1152},{"@type":"BreadcrumbList","@id":"https:\/\/www.szexshopbelvaros.com\/termek\/%f0%9f%8c%b8-pink-knotty-promise-rozsaszin-bdsm-kotel\/#breadcrumb","itemListElement":[{"@type":"ListItem","position":1,"name":"Home","item":"https:\/\/www.szexshopbelvaros.com\/"},{"@type":"ListItem","position":2,"name":"\u00c1ruh\u00e1z","item":"https:\/\/www.szexshopbelvaros.com\/uzlet\/"},{"@type":"ListItem","position":3,"name":"\ud83c\udf38 Pink Knotty Promise &#8211; R\u00f3zsasz\u00edn k\u00f6t\u00e9l, fekete sz\u00e1nd\u00e9kokkal. 5 m"}]},{"@type":"WebSite","@id":"https:\/\/www.szexshopbelvaros.com\/#website","url":"https:\/\/www.szexshopbelvaros.com\/","name":"at our Szexshop Belv\u00e1ros","description":"\ud83d\udd25 Sex is like money; only too much is enough!\u2122 Secrets from the city center \ud83d\udc8b | Secrets from Budapest \ud83d\udc8e Adult games \u2022 Erotica \u2022 Sex shop Belvaros","publisher":{"@id":"https:\/\/www.szexshopbelvaros.com\/#organization"},"potentialAction":[{"@type":"SearchAction","target":{"@type":"EntryPoint","urlTemplate":"https:\/\/www.szexshopbelvaros.com\/?s={search_term_string}"},"query-input":{"@type":"PropertyValueSpecification","valueRequired":true,"valueName":"search_term_string"}}],"inLanguage":"en-US"},{"@type":"Organization","@id":"https:\/\/www.szexshopbelvaros.com\/#organization","name":"at our Szexshop Belv\u00e1ros","alternateName":"szexshopbelvaros.com","url":"https:\/\/www.szexshopbelvaros.com\/","logo":{"@type":"ImageObject","inLanguage":"en-US","@id":"https:\/\/www.szexshopbelvaros.com\/#\/schema\/logo\/image\/","url":"https:\/\/www.szexshopbelvaros.com\/wp-content\/uploads\/2025\/09\/1Szexshopbelvaroslogo_blurred_stronger.jpg","contentUrl":"https:\/\/www.szexshopbelvaros.com\/wp-content\/uploads\/2025\/09\/1Szexshopbelvaroslogo_blurred_stronger.jpg","width":1024,"height":1024,"caption":"Szexshop Belv\u00e1ros"},"image":{"@id":"https:\/\/www.szexshopbelvaros.com\/#\/schema\/logo\/image\/"},"sameAs":["https:\/\/www.facebook.com\/belvarossecrets\/","https:\/\/x.com\/belvarossecrets","https:\/\/www.instagram.com\/belvarossecrets\/","https:\/\/www.tiktok.com\/@belvarossecrets"]}]}},"_links":{"self":[{"href":"https:\/\/www.szexshopbelvaros.com\/en\/wp-json\/wp\/v2\/product\/2390","targetHints":{"allow":["GET"]}}],"collection":[{"href":"https:\/\/www.szexshopbelvaros.com\/en\/wp-json\/wp\/v2\/product"}],"about":[{"href":"https:\/\/www.szexshopbelvaros.com\/en\/wp-json\/wp\/v2\/types\/product"}],"replies":[{"embeddable":true,"href":"https:\/\/www.szexshopbelvaros.com\/en\/wp-json\/wp\/v2\/comments?post=2390"}],"wp:featuredmedia":[{"embeddable":true,"href":"https:\/\/www.szexshopbelvaros.com\/en\/wp-json\/wp\/v2\/media\/2810"}],"wp:attachment":[{"href":"https:\/\/www.szexshopbelvaros.com\/en\/wp-json\/wp\/v2\/media?parent=2390"}],"wp:term":[{"taxonomy":"product_brand","embeddable":true,"href":"https:\/\/www.szexshopbelvaros.com\/en\/wp-json\/wp\/v2\/product_brand?post=2390"},{"taxonomy":"product_cat","embeddable":true,"href":"https:\/\/www.szexshopbelvaros.com\/en\/wp-json\/wp\/v2\/product_cat?post=2390"},{"taxonomy":"product_tag","embeddable":true,"href":"https:\/\/www.szexshopbelvaros.com\/en\/wp-json\/wp\/v2\/product_tag?post=2390"}],"curies":[{"name":"wp","href":"https:\/\/api.w.org\/{rel}","templated":true}]}}