{"id":2393,"date":"2026-02-04T12:52:49","date_gmt":"2026-02-04T11:52:49","guid":{"rendered":"https:\/\/www.szexshopbelvaros.com\/?post_type=product&#038;p=2393"},"modified":"2026-04-23T13:21:37","modified_gmt":"2026-04-23T11:21:37","slug":"%f0%9f%95%b7%ef%b8%8f-bunbe-hivo-halo-ferfi-pokhalo-testhalo","status":"publish","type":"product","link":"https:\/\/www.szexshopbelvaros.com\/en\/product\/%f0%9f%95%b7%ef%b8%8f-bunbe-hivo-halo-ferfi-pokhalo-testhalo\/","title":{"rendered":"\ud83d\udd77\ufe0f The Web of Inviting Sin \u2013 when the temptation is not sweet\u2026 but dangerous."},"content":{"rendered":"<p data-start=\"497\" data-end=\"594\">This men&#039;s body net is not a romantic gift.<br data-start=\"540\" data-end=\"543\" \/>This is a spider web that is good to fall into.<\/p>\n<p data-start=\"596\" data-end=\"859\">The black spider web pattern is made of a flexible, mesh material that follows the contours of your body and fits you snugly \u2014 and it&#039;s not by chance that it&#039;s one-size-fits-all. It fits comfortably <strong data-start=\"758\" data-end=\"781\">Height 150\u2013180 cm<\/strong> and <strong data-start=\"785\" data-end=\"806\">40\u201375 kg body weight<\/strong> between, so you don&#039;t have to guess whether it will be good: it will be good.<\/p>\n<p data-start=\"861\" data-end=\"1074\">The polyester and spandex blend ensures that the fabric stretches where it needs to and gives where movement requires it. Perfect for date night when the dress is not a hindrance, but a <strong data-start=\"1058\" data-end=\"1073\">ignition key<\/strong>.<\/p>\n<p data-start=\"1076\" data-end=\"1205\">This is not the black you put with flowers.<br data-start=\"1122\" data-end=\"1125\" \/>This is the black one that <strong data-start=\"1149\" data-end=\"1170\">they slowly take off<\/strong>, after having already fulfilled its role.<\/p>\n<p data-start=\"1368\" data-end=\"1459\">This is not underwear.<br data-start=\"1385\" data-end=\"1388\" \/>This is a date.<strong data-start=\"1395\" data-end=\"1421\">-evening invitation<\/strong>, which rarely goes unanswered. \ud83d\ude08\ud83d\udc98<\/p>\n<p data-start=\"377\" data-end=\"744\">\ud83d\udc49 <strong data-start=\"380\" data-end=\"439\">It's worth checking out the rest of our<a href=\"https:\/\/www.szexshopbelvaros.com\/en\/product-category\/erotikus-ruhazat\/ferfi-ruhak\/\"> men&#039;s erotic clothing<\/a> too<\/strong>, if this spiderweb body net has sparked your imagination.<\/p>\n<p data-start=\"377\" data-end=\"744\"><br data-start=\"491\" data-end=\"494\" \/>\ud83d\udc49 <strong data-start=\"497\" data-end=\"593\">The red version is available within an hour in our Budapest. <a href=\"https:\/\/wolt.com\/hu\/hun\/budapest\/venue\/szexshop-belvaros\/itemid-9e16cf878ff9a4c140bd8cd2\">Sex shop Belv\u00e1rosX Wolt<\/a> while<\/strong>, while the black version is here <strong data-start=\"637\" data-end=\"665\" data-is-only-node=\"\"><a class=\"decorated-link\" href=\"http:\/\/www.szexshopbelvaros.com\/en\/\" target=\"_new\" rel=\"noopener\" data-start=\"639\" data-end=\"663\">www.szexshopbelvaros.com<\/a><\/strong> which can be ordered on the website \u2014 discreetly shipped, throughout Hungary and the EU.<\/p>\n<p data-start=\"746\" data-end=\"908\" data-is-last-node=\"\" data-is-only-node=\"\">","protected":false},"excerpt":{"rendered":"<p>Ez a f\u00e9rfi testh\u00e1l\u00f3 nem romantikus aj\u00e1nd\u00e9k.Ez egy p\u00f3kh\u00e1l\u00f3, amibe j\u00f3 beleesni. A fekete p\u00f3kh\u00e1l\u00f3minta rugalmas, h\u00e1l\u00f3s anyagb\u00f3l k\u00e9sz\u00fclt, amely a test vonalait k\u00f6vetve simul r\u00e1d \u2014 nem v\u00e9letlen\u00fcl egym\u00e9retes kialak\u00edt\u00e1sban. K\u00e9nyelmesen passzol 150\u2013180 cm magass\u00e1g \u00e9s 40\u201375 kg tests\u00faly k\u00f6z\u00f6tt, \u00edgy nem kell tal\u00e1lgatni, j\u00f3 lesz-e: j\u00f3 lesz. A poli\u00e9szter \u00e9s spandex kever\u00e9k biztos\u00edtja, [&#8230;]\n","protected":false},"featured_media":3128,"comment_status":"closed","ping_status":"closed","template":"","meta":[],"product_brand":[],"product_cat":[113,142],"product_tag":[2213,951,503,937,1577,1483,2027,1489,2023,2216,933,1465,1487,1508,945,2215,2212,932,220,2214,2217],"class_list":{"0":"post-2393","1":"product","2":"type-product","3":"status-publish","4":"has-post-thumbnail","6":"product_cat-erotikus-ruhazat","7":"product_cat-ferfi-ruhak","8":"product_tag-crossdresser","9":"product_tag-erotic-clothing","10":"product_tag-erotikus-ruha","11":"product_tag-fehernemu","12":"product_tag-ferfi-body","13":"product_tag-ferfi-fehernemu","14":"product_tag-ferfi-szexi-ruha","15":"product_tag-ferfi-tanga","16":"product_tag-haloszoba-divat","17":"product_tag-lgbt","18":"product_tag-lingerie","19":"product_tag-mens-harness","20":"product_tag-mens-lingerie","21":"product_tag-mens-thong","22":"product_tag-sexy-outfit","23":"product_tag-sissy-fehernemu","24":"product_tag-sissy-lingerie","25":"product_tag-szexi-ruha","26":"product_tag-szexshop-belvaros","27":"product_tag-trans","28":"product_tag-transzvesztita","30":"first","31":"instock","32":"taxable","33":"shipping-taxable","34":"purchasable","35":"product-type-simple"},"yoast_head":"<!-- This site is optimized with the Yoast SEO plugin v27.5 - https:\/\/yoast.com\/product\/yoast-seo-wordpress\/ -->\n<title>B\u0171nbe H\u00edv\u00f3 H\u00e1l\u00f3 \u2013 F\u00e9rfi P\u00f3kh\u00e1l\u00f3 Testh\u00e1l\u00f3 | Szexshop Belvaros<\/title>\n<meta name=\"description\" content=\"R\u00f3zsasz\u00edn f\u00e9rfi p\u00f3kh\u00e1l\u00f3 testh\u00e1l\u00f3 rugalmas, egym\u00e9ret\u0171 kialak\u00edt\u00e1ssal. 150\u2013180 cm \u00e9s 40\u201375 kg k\u00f6z\u00f6tt ide\u00e1lis. Diszkr\u00e9t rendel\u00e9s.\" \/>\n<meta name=\"robots\" content=\"index, follow, max-snippet:-1, max-image-preview:large, max-video-preview:-1\" \/>\n<link rel=\"canonical\" href=\"https:\/\/www.szexshopbelvaros.com\/en\/product\/\ud83d\udd77\ufe0f-bunbe-hivo-halo-ferfi-pokhalo-testhalo\/\" \/>\n<meta property=\"og:locale\" content=\"en_US\" \/>\n<meta property=\"og:type\" content=\"article\" \/>\n<meta property=\"og:title\" content=\"B\u0171nbe H\u00edv\u00f3 H\u00e1l\u00f3 \u2013 F\u00e9rfi P\u00f3kh\u00e1l\u00f3 Testh\u00e1l\u00f3 | Szexshop Belvaros\" \/>\n<meta property=\"og:description\" content=\"R\u00f3zsasz\u00edn f\u00e9rfi p\u00f3kh\u00e1l\u00f3 testh\u00e1l\u00f3 rugalmas, egym\u00e9ret\u0171 kialak\u00edt\u00e1ssal. 150\u2013180 cm \u00e9s 40\u201375 kg k\u00f6z\u00f6tt ide\u00e1lis. Diszkr\u00e9t rendel\u00e9s.\" \/>\n<meta property=\"og:url\" content=\"https:\/\/www.szexshopbelvaros.com\/en\/product\/\ud83d\udd77\ufe0f-bunbe-hivo-halo-ferfi-pokhalo-testhalo\/\" \/>\n<meta property=\"og:site_name\" content=\"Szexshop Belvaros\" \/>\n<meta property=\"article:publisher\" content=\"https:\/\/www.facebook.com\/belvarossecrets\/\" \/>\n<meta property=\"article:modified_time\" content=\"2026-04-23T11:21:37+00:00\" \/>\n<meta property=\"og:image\" content=\"https:\/\/www.szexshopbelvaros.com\/wp-content\/uploads\/2026\/02\/69e9f8fdede5618d34ff9a8b-scaled.png\" \/>\n\t<meta property=\"og:image:width\" content=\"2560\" \/>\n\t<meta property=\"og:image:height\" content=\"1440\" \/>\n\t<meta property=\"og:image:type\" content=\"image\/png\" \/>\n<meta name=\"twitter:card\" content=\"summary_large_image\" \/>\n<meta name=\"twitter:site\" content=\"@belvarossecrets\" \/>\n<meta name=\"twitter:label1\" content=\"Est. reading time\" \/>\n\t<meta name=\"twitter:data1\" content=\"2 minutes\" \/>\n<script type=\"application\/ld+json\" class=\"yoast-schema-graph\">{\"@context\":\"https:\\\/\\\/schema.org\",\"@graph\":[{\"@type\":\"WebPage\",\"@id\":\"https:\\\/\\\/www.szexshopbelvaros.com\\\/termek\\\/%f0%9f%95%b7%ef%b8%8f-bunbe-hivo-halo-ferfi-pokhalo-testhalo\\\/\",\"url\":\"https:\\\/\\\/www.szexshopbelvaros.com\\\/termek\\\/%f0%9f%95%b7%ef%b8%8f-bunbe-hivo-halo-ferfi-pokhalo-testhalo\\\/\",\"name\":\"B\u0171nbe H\u00edv\u00f3 H\u00e1l\u00f3 \u2013 F\u00e9rfi P\u00f3kh\u00e1l\u00f3 Testh\u00e1l\u00f3 | Szexshop Belvaros\",\"isPartOf\":{\"@id\":\"https:\\\/\\\/www.szexshopbelvaros.com\\\/#website\"},\"primaryImageOfPage\":{\"@id\":\"https:\\\/\\\/www.szexshopbelvaros.com\\\/termek\\\/%f0%9f%95%b7%ef%b8%8f-bunbe-hivo-halo-ferfi-pokhalo-testhalo\\\/#primaryimage\"},\"image\":{\"@id\":\"https:\\\/\\\/www.szexshopbelvaros.com\\\/termek\\\/%f0%9f%95%b7%ef%b8%8f-bunbe-hivo-halo-ferfi-pokhalo-testhalo\\\/#primaryimage\"},\"thumbnailUrl\":\"https:\\\/\\\/www.szexshopbelvaros.com\\\/wp-content\\\/uploads\\\/2026\\\/02\\\/69e9f8fdede5618d34ff9a8b-scaled.png\",\"datePublished\":\"2026-02-04T11:52:49+00:00\",\"dateModified\":\"2026-04-23T11:21:37+00:00\",\"description\":\"R\u00f3zsasz\u00edn f\u00e9rfi p\u00f3kh\u00e1l\u00f3 testh\u00e1l\u00f3 rugalmas, egym\u00e9ret\u0171 kialak\u00edt\u00e1ssal. 150\u2013180 cm \u00e9s 40\u201375 kg k\u00f6z\u00f6tt ide\u00e1lis. Diszkr\u00e9t rendel\u00e9s.\",\"breadcrumb\":{\"@id\":\"https:\\\/\\\/www.szexshopbelvaros.com\\\/termek\\\/%f0%9f%95%b7%ef%b8%8f-bunbe-hivo-halo-ferfi-pokhalo-testhalo\\\/#breadcrumb\"},\"inLanguage\":\"en-US\",\"potentialAction\":[{\"@type\":\"ReadAction\",\"target\":[\"https:\\\/\\\/www.szexshopbelvaros.com\\\/termek\\\/%f0%9f%95%b7%ef%b8%8f-bunbe-hivo-halo-ferfi-pokhalo-testhalo\\\/\"]}]},{\"@type\":\"ImageObject\",\"inLanguage\":\"en-US\",\"@id\":\"https:\\\/\\\/www.szexshopbelvaros.com\\\/termek\\\/%f0%9f%95%b7%ef%b8%8f-bunbe-hivo-halo-ferfi-pokhalo-testhalo\\\/#primaryimage\",\"url\":\"https:\\\/\\\/www.szexshopbelvaros.com\\\/wp-content\\\/uploads\\\/2026\\\/02\\\/69e9f8fdede5618d34ff9a8b-scaled.png\",\"contentUrl\":\"https:\\\/\\\/www.szexshopbelvaros.com\\\/wp-content\\\/uploads\\\/2026\\\/02\\\/69e9f8fdede5618d34ff9a8b-scaled.png\",\"width\":2560,\"height\":1440,\"caption\":\"HU: Fekete, p\u00e1ntos f\u00e9rfi body el\u00f6ln\u00e9zetb\u0151l, h\u00e1l\u00f3szer\u0171 kiv\u00e1g\u00e1sokkal \u00e9s testre simul\u00f3, provokat\u00edv kialak\u00edt\u00e1ssal EN: Black strappy men\u2019s bodysuit from the front, with web-like cutouts and a body-hugging, provocative design\"},{\"@type\":\"BreadcrumbList\",\"@id\":\"https:\\\/\\\/www.szexshopbelvaros.com\\\/termek\\\/%f0%9f%95%b7%ef%b8%8f-bunbe-hivo-halo-ferfi-pokhalo-testhalo\\\/#breadcrumb\",\"itemListElement\":[{\"@type\":\"ListItem\",\"position\":1,\"name\":\"Home\",\"item\":\"https:\\\/\\\/www.szexshopbelvaros.com\\\/\"},{\"@type\":\"ListItem\",\"position\":2,\"name\":\"\u00c1ruh\u00e1z\",\"item\":\"https:\\\/\\\/www.szexshopbelvaros.com\\\/uzlet\\\/\"},{\"@type\":\"ListItem\",\"position\":3,\"name\":\"\ud83d\udd77\ufe0f B\u0171nbe H\u00edv\u00f3 H\u00e1l\u00f3 \u2013 amikor a cs\u00e1b\u00edt\u00e1s nem sz\u00edvecsk\u00e9s\u2026 hanem vesz\u00e9lyes.\"}]},{\"@type\":\"WebSite\",\"@id\":\"https:\\\/\\\/www.szexshopbelvaros.com\\\/#website\",\"url\":\"https:\\\/\\\/www.szexshopbelvaros.com\\\/\",\"name\":\"Szexshop Belv\u00e1ros\",\"description\":\"\ud83d\udd25 A szex olyan, mint a p\u00e9nz; csak a t\u00fal sok el\u00e9g!\u2122 Titkok a belv\u00e1rosb\u00f3l \ud83d\udc8b | Secrets from Budapest \ud83d\udc8e Feln\u0151tt j\u00e1t\u00e9kok \u2022 Erotika \u2022 Szexshop Belvaros\",\"publisher\":{\"@id\":\"https:\\\/\\\/www.szexshopbelvaros.com\\\/#organization\"},\"potentialAction\":[{\"@type\":\"SearchAction\",\"target\":{\"@type\":\"EntryPoint\",\"urlTemplate\":\"https:\\\/\\\/www.szexshopbelvaros.com\\\/?s={search_term_string}\"},\"query-input\":{\"@type\":\"PropertyValueSpecification\",\"valueRequired\":true,\"valueName\":\"search_term_string\"}}],\"inLanguage\":\"en-US\"},{\"@type\":\"Organization\",\"@id\":\"https:\\\/\\\/www.szexshopbelvaros.com\\\/#organization\",\"name\":\"Szexshop Belv\u00e1ros\",\"alternateName\":\"szexshopbelvaros.com\",\"url\":\"https:\\\/\\\/www.szexshopbelvaros.com\\\/\",\"logo\":{\"@type\":\"ImageObject\",\"inLanguage\":\"en-US\",\"@id\":\"https:\\\/\\\/www.szexshopbelvaros.com\\\/#\\\/schema\\\/logo\\\/image\\\/\",\"url\":\"https:\\\/\\\/www.szexshopbelvaros.com\\\/wp-content\\\/uploads\\\/2025\\\/09\\\/1Szexshopbelvaroslogo_blurred_stronger.jpg\",\"contentUrl\":\"https:\\\/\\\/www.szexshopbelvaros.com\\\/wp-content\\\/uploads\\\/2025\\\/09\\\/1Szexshopbelvaroslogo_blurred_stronger.jpg\",\"width\":1024,\"height\":1024,\"caption\":\"Szexshop Belv\u00e1ros\"},\"image\":{\"@id\":\"https:\\\/\\\/www.szexshopbelvaros.com\\\/#\\\/schema\\\/logo\\\/image\\\/\"},\"sameAs\":[\"https:\\\/\\\/www.facebook.com\\\/belvarossecrets\\\/\",\"https:\\\/\\\/x.com\\\/belvarossecrets\",\"https:\\\/\\\/www.instagram.com\\\/belvarossecrets\\\/\",\"https:\\\/\\\/www.tiktok.com\\\/@belvarossecrets\"]}]}<\/script>\n<!-- \/ Yoast SEO plugin. -->","yoast_head_json":{"title":"Inviting Web \u2013 Men&#039;s Spider Web Body Net | Sex Shop Belvaros","description":"Pink men&#039;s spider web body net with a flexible, one-size-fits-all design. Ideal for people between 150\u2013180 cm and 40\u201375 kg. Discreet ordering.","robots":{"index":"index","follow":"follow","max-snippet":"max-snippet:-1","max-image-preview":"max-image-preview:large","max-video-preview":"max-video-preview:-1"},"canonical":"https:\/\/www.szexshopbelvaros.com\/en\/product\/\ud83d\udd77\ufe0f-bunbe-hivo-halo-ferfi-pokhalo-testhalo\/","og_locale":"en_US","og_type":"article","og_title":"B\u0171nbe H\u00edv\u00f3 H\u00e1l\u00f3 \u2013 F\u00e9rfi P\u00f3kh\u00e1l\u00f3 Testh\u00e1l\u00f3 | Szexshop Belvaros","og_description":"R\u00f3zsasz\u00edn f\u00e9rfi p\u00f3kh\u00e1l\u00f3 testh\u00e1l\u00f3 rugalmas, egym\u00e9ret\u0171 kialak\u00edt\u00e1ssal. 150\u2013180 cm \u00e9s 40\u201375 kg k\u00f6z\u00f6tt ide\u00e1lis. Diszkr\u00e9t rendel\u00e9s.","og_url":"https:\/\/www.szexshopbelvaros.com\/en\/product\/\ud83d\udd77\ufe0f-bunbe-hivo-halo-ferfi-pokhalo-testhalo\/","og_site_name":"Szexshop Belvaros","article_publisher":"https:\/\/www.facebook.com\/belvarossecrets\/","article_modified_time":"2026-04-23T11:21:37+00:00","og_image":[{"width":2560,"height":1440,"url":"https:\/\/www.szexshopbelvaros.com\/wp-content\/uploads\/2026\/02\/69e9f8fdede5618d34ff9a8b-scaled.png","type":"image\/png"}],"twitter_card":"summary_large_image","twitter_site":"@belvarossecrets","twitter_misc":{"Est. reading time":"2 minutes"},"schema":{"@context":"https:\/\/schema.org","@graph":[{"@type":"WebPage","@id":"https:\/\/www.szexshopbelvaros.com\/termek\/%f0%9f%95%b7%ef%b8%8f-bunbe-hivo-halo-ferfi-pokhalo-testhalo\/","url":"https:\/\/www.szexshopbelvaros.com\/termek\/%f0%9f%95%b7%ef%b8%8f-bunbe-hivo-halo-ferfi-pokhalo-testhalo\/","name":"Inviting Web \u2013 Men&#039;s Spider Web Body Net | Sex Shop Belvaros","isPartOf":{"@id":"https:\/\/www.szexshopbelvaros.com\/#website"},"primaryImageOfPage":{"@id":"https:\/\/www.szexshopbelvaros.com\/termek\/%f0%9f%95%b7%ef%b8%8f-bunbe-hivo-halo-ferfi-pokhalo-testhalo\/#primaryimage"},"image":{"@id":"https:\/\/www.szexshopbelvaros.com\/termek\/%f0%9f%95%b7%ef%b8%8f-bunbe-hivo-halo-ferfi-pokhalo-testhalo\/#primaryimage"},"thumbnailUrl":"https:\/\/www.szexshopbelvaros.com\/wp-content\/uploads\/2026\/02\/69e9f8fdede5618d34ff9a8b-scaled.png","datePublished":"2026-02-04T11:52:49+00:00","dateModified":"2026-04-23T11:21:37+00:00","description":"Pink men&#039;s spider web body net with a flexible, one-size-fits-all design. Ideal for people between 150\u2013180 cm and 40\u201375 kg. Discreet ordering.","breadcrumb":{"@id":"https:\/\/www.szexshopbelvaros.com\/termek\/%f0%9f%95%b7%ef%b8%8f-bunbe-hivo-halo-ferfi-pokhalo-testhalo\/#breadcrumb"},"inLanguage":"en-US","potentialAction":[{"@type":"ReadAction","target":["https:\/\/www.szexshopbelvaros.com\/termek\/%f0%9f%95%b7%ef%b8%8f-bunbe-hivo-halo-ferfi-pokhalo-testhalo\/"]}]},{"@type":"ImageObject","inLanguage":"en-US","@id":"https:\/\/www.szexshopbelvaros.com\/termek\/%f0%9f%95%b7%ef%b8%8f-bunbe-hivo-halo-ferfi-pokhalo-testhalo\/#primaryimage","url":"https:\/\/www.szexshopbelvaros.com\/wp-content\/uploads\/2026\/02\/69e9f8fdede5618d34ff9a8b-scaled.png","contentUrl":"https:\/\/www.szexshopbelvaros.com\/wp-content\/uploads\/2026\/02\/69e9f8fdede5618d34ff9a8b-scaled.png","width":2560,"height":1440,"caption":"HU: Fekete, p\u00e1ntos f\u00e9rfi body el\u00f6ln\u00e9zetb\u0151l, h\u00e1l\u00f3szer\u0171 kiv\u00e1g\u00e1sokkal \u00e9s testre simul\u00f3, provokat\u00edv kialak\u00edt\u00e1ssal EN: Black strappy men\u2019s bodysuit from the front, with web-like cutouts and a body-hugging, provocative design"},{"@type":"BreadcrumbList","@id":"https:\/\/www.szexshopbelvaros.com\/termek\/%f0%9f%95%b7%ef%b8%8f-bunbe-hivo-halo-ferfi-pokhalo-testhalo\/#breadcrumb","itemListElement":[{"@type":"ListItem","position":1,"name":"Home","item":"https:\/\/www.szexshopbelvaros.com\/"},{"@type":"ListItem","position":2,"name":"\u00c1ruh\u00e1z","item":"https:\/\/www.szexshopbelvaros.com\/uzlet\/"},{"@type":"ListItem","position":3,"name":"\ud83d\udd77\ufe0f B\u0171nbe H\u00edv\u00f3 H\u00e1l\u00f3 \u2013 amikor a cs\u00e1b\u00edt\u00e1s nem sz\u00edvecsk\u00e9s\u2026 hanem vesz\u00e9lyes."}]},{"@type":"WebSite","@id":"https:\/\/www.szexshopbelvaros.com\/#website","url":"https:\/\/www.szexshopbelvaros.com\/","name":"at our Szexshop Belv\u00e1ros","description":"\ud83d\udd25 Sex is like money; only too much is enough!\u2122 Secrets from the city center \ud83d\udc8b | Secrets from Budapest \ud83d\udc8e Adult games \u2022 Erotica \u2022 Sex shop Belvaros","publisher":{"@id":"https:\/\/www.szexshopbelvaros.com\/#organization"},"potentialAction":[{"@type":"SearchAction","target":{"@type":"EntryPoint","urlTemplate":"https:\/\/www.szexshopbelvaros.com\/?s={search_term_string}"},"query-input":{"@type":"PropertyValueSpecification","valueRequired":true,"valueName":"search_term_string"}}],"inLanguage":"en-US"},{"@type":"Organization","@id":"https:\/\/www.szexshopbelvaros.com\/#organization","name":"at our Szexshop Belv\u00e1ros","alternateName":"szexshopbelvaros.com","url":"https:\/\/www.szexshopbelvaros.com\/","logo":{"@type":"ImageObject","inLanguage":"en-US","@id":"https:\/\/www.szexshopbelvaros.com\/#\/schema\/logo\/image\/","url":"https:\/\/www.szexshopbelvaros.com\/wp-content\/uploads\/2025\/09\/1Szexshopbelvaroslogo_blurred_stronger.jpg","contentUrl":"https:\/\/www.szexshopbelvaros.com\/wp-content\/uploads\/2025\/09\/1Szexshopbelvaroslogo_blurred_stronger.jpg","width":1024,"height":1024,"caption":"Szexshop Belv\u00e1ros"},"image":{"@id":"https:\/\/www.szexshopbelvaros.com\/#\/schema\/logo\/image\/"},"sameAs":["https:\/\/www.facebook.com\/belvarossecrets\/","https:\/\/x.com\/belvarossecrets","https:\/\/www.instagram.com\/belvarossecrets\/","https:\/\/www.tiktok.com\/@belvarossecrets"]}]}},"_links":{"self":[{"href":"https:\/\/www.szexshopbelvaros.com\/en\/wp-json\/wp\/v2\/product\/2393","targetHints":{"allow":["GET"]}}],"collection":[{"href":"https:\/\/www.szexshopbelvaros.com\/en\/wp-json\/wp\/v2\/product"}],"about":[{"href":"https:\/\/www.szexshopbelvaros.com\/en\/wp-json\/wp\/v2\/types\/product"}],"replies":[{"embeddable":true,"href":"https:\/\/www.szexshopbelvaros.com\/en\/wp-json\/wp\/v2\/comments?post=2393"}],"wp:featuredmedia":[{"embeddable":true,"href":"https:\/\/www.szexshopbelvaros.com\/en\/wp-json\/wp\/v2\/media\/3128"}],"wp:attachment":[{"href":"https:\/\/www.szexshopbelvaros.com\/en\/wp-json\/wp\/v2\/media?parent=2393"}],"wp:term":[{"taxonomy":"product_brand","embeddable":true,"href":"https:\/\/www.szexshopbelvaros.com\/en\/wp-json\/wp\/v2\/product_brand?post=2393"},{"taxonomy":"product_cat","embeddable":true,"href":"https:\/\/www.szexshopbelvaros.com\/en\/wp-json\/wp\/v2\/product_cat?post=2393"},{"taxonomy":"product_tag","embeddable":true,"href":"https:\/\/www.szexshopbelvaros.com\/en\/wp-json\/wp\/v2\/product_tag?post=2393"}],"curies":[{"name":"wp","href":"https:\/\/api.w.org\/{rel}","templated":true}]}}