{"id":2399,"date":"2026-02-04T14:20:54","date_gmt":"2026-02-04T13:20:54","guid":{"rendered":"https:\/\/www.szexshopbelvaros.com\/?post_type=product&#038;p=2399"},"modified":"2026-04-10T14:00:17","modified_gmt":"2026-04-10T12:00:17","slug":"%f0%9f%a6%8b-pillango-csok-ontapados-mellbimbo-tapasz","status":"publish","type":"product","link":"https:\/\/www.szexshopbelvaros.com\/en\/product\/%f0%9f%a6%8b-pillango-csok-ontapados-mellbimbo-tapasz\/","title":{"rendered":"\ud83e\udd8b Butterfly Kiss \u2013 Self-Adhesive Nipple Sticker"},"content":{"rendered":"<p data-start=\"286\" data-end=\"489\">A self-adhesive nipple sticker is sometimes the best gift for Valentine's Day, which you may not immediately notice.<br data-start=\"480\" data-end=\"483\" \/>Our <em data-start=\"487\" data-end=\"502\">Butterfly Kiss<\/em> is a delicate, feminine solution for those outfits where a bra would just be a nuisance.<\/p>\n<p data-start=\"491\" data-end=\"747\">The butterfly-shaped, self-adhesive nipple sticker sits discreetly on the skin while giving you confident freedom. Ideal for low-cut dresses, backless tops, under sheer fabrics \u2014 or just when you want to feel good in your own skin.<\/p>\n<p data-start=\"749\" data-end=\"898\">A particularly good choice for Valentine&#039;s Day:<br data-start=\"787\" data-end=\"790\" \/>not intrusive, not too much \u2014 yet it has that little playful secret that makes an evening more memorable.<\/p>\n<p data-start=\"900\" data-end=\"1106\"><strong data-start=\"900\" data-end=\"934\">Disposable design<\/strong>, hygienic and easy to wear, almost invisible when in contact with the skin. Thanks to the hypoallergenic adhesive, it stays comfortably in place while you move freely.<\/p>\n<p data-start=\"1108\" data-end=\"1168\">This is not underwear.<br data-start=\"1125\" data-end=\"1128\" \/>This is <strong data-start=\"1135\" data-end=\"1162\">little kisses under your clothes<\/strong>. \ud83e\udd8b\u2764\ufe0f<\/p>\n<p data-start=\"252\" data-end=\"388\">\ud83d\udc49 You should check out the rest of our <a href=\"https:\/\/www.szexshopbelvaros.com\/en\/product-category\/erotikus-ruhazat\/noi-ruhak\/\">of our women's underwear<\/a>\u2013 and our accessories too!<\/p>\n<p data-start=\"390\" data-end=\"633\">\ud83d\udc49 If you are in Budapest, find our Szexshop Belv\u00e1rosX Wolt store and order\/receive within the hour, <a href=\"https:\/\/wolt.com\/hu\/hun\/budapest\/venue\/szexshop-belvaros-x\/csokolj-meg-mellbimbomatrica-pucker-up-pasties-itemid-42636710b6d2cb999e2503d6\">our lip-shaped nipple stickers<\/a> . Order the butterfly kisses here at <strong data-start=\"527\" data-end=\"555\"><a class=\"decorated-link\" href=\"http:\/\/www.szexshopbelvaros.com\/en\/\" target=\"_new\" rel=\"noopener\" data-start=\"529\" data-end=\"553\">www.szexshopbelvaros.com<\/a><\/strong> , discreetly shipped throughout Hungary and the EU.<\/p>","protected":false},"excerpt":{"rendered":"<p>Az \u00f6ntapad\u00f3s mellbimb\u00f3 tapasz Valentin-napon n\u00e9ha a legjobb aj\u00e1nd\u00e9k, amit nem lehet azonnal \u00e9szrevenni.A Pillang\u00f3 Cs\u00f3k finom, n\u0151ies megold\u00e1s azokhoz a ruh\u00e1khoz, ahol a melltart\u00f3 m\u00e1r csak zavarna. A pillang\u00f3 form\u00e1j\u00fa, \u00f6ntapad\u00f3s mellbimb\u00f3 tapasz diszkr\u00e9ten simul a b\u0151rre, mik\u00f6zben magabiztos szabads\u00e1got ad. Ide\u00e1lis kiv\u00e1gott ruh\u00e1khoz, h\u00e1t n\u00e9lk\u00fcli fels\u0151kh\u00f6z, \u00e1ttetsz\u0151 anyagok al\u00e1 \u2014 vagy egyszer\u0171en akkor, [&#8230;]\n","protected":false},"featured_media":2400,"comment_status":"closed","ping_status":"closed","template":"","meta":[],"product_brand":[],"product_cat":[106],"product_tag":[332,951,2041,2038,503,937,2023,2040,933,2039,989,945,932,220,331],"class_list":{"0":"post-2399","1":"product","2":"type-product","3":"status-publish","4":"has-post-thumbnail","6":"product_cat-testekszerek","7":"product_tag-body-jewelry","8":"product_tag-erotic-clothing","9":"product_tag-erotic-jewelry","10":"product_tag-erotikus-ekszer","11":"product_tag-erotikus-ruha","12":"product_tag-fehernemu","13":"product_tag-haloszoba-divat","14":"product_tag-intim-ekszer","15":"product_tag-lingerie","16":"product_tag-mellbimbo-ekszer","17":"product_tag-nipple-jewelry","18":"product_tag-sexy-outfit","19":"product_tag-szexi-ruha","20":"product_tag-szexshop-belvaros","21":"product_tag-testekszer","23":"first","24":"instock","25":"taxable","26":"shipping-taxable","27":"purchasable","28":"product-type-simple"},"yoast_head":"<!-- This site is optimized with the Yoast SEO plugin v27.4 - https:\/\/yoast.com\/product\/yoast-seo-wordpress\/ -->\n<title>\ud83e\udd8b \u00d6ntapad\u00f3s mellbimb\u00f3 tapasz \u2013 Pillang\u00f3 Cs\u00f3k | Szexshop Belvaros<\/title>\n<meta name=\"description\" content=\"Pillang\u00f3 form\u00e1j\u00fa \u00f6ntapad\u00f3s mellbimb\u00f3 tapasz kiv\u00e1gott ruh\u00e1khoz. Egyszer haszn\u00e1latos, hipoallerg\u00e9n, diszkr\u00e9t viselet Valentin-napra is.\" \/>\n<meta name=\"robots\" content=\"index, follow, max-snippet:-1, max-image-preview:large, max-video-preview:-1\" \/>\n<link rel=\"canonical\" href=\"https:\/\/www.szexshopbelvaros.com\/en\/product\/\ud83e\udd8b-pillango-csok-ontapados-mellbimbo-tapasz\/\" \/>\n<meta property=\"og:locale\" content=\"en_US\" \/>\n<meta property=\"og:type\" content=\"article\" \/>\n<meta property=\"og:title\" content=\"\ud83e\udd8b \u00d6ntapad\u00f3s mellbimb\u00f3 tapasz \u2013 Pillang\u00f3 Cs\u00f3k | Szexshop Belvaros\" \/>\n<meta property=\"og:description\" content=\"Pillang\u00f3 form\u00e1j\u00fa \u00f6ntapad\u00f3s mellbimb\u00f3 tapasz kiv\u00e1gott ruh\u00e1khoz. Egyszer haszn\u00e1latos, hipoallerg\u00e9n, diszkr\u00e9t viselet Valentin-napra is.\" \/>\n<meta property=\"og:url\" content=\"https:\/\/www.szexshopbelvaros.com\/en\/product\/\ud83e\udd8b-pillango-csok-ontapados-mellbimbo-tapasz\/\" \/>\n<meta property=\"og:site_name\" content=\"Szexshop Belvaros\" \/>\n<meta property=\"article:publisher\" content=\"https:\/\/www.facebook.com\/belvarossecrets\/\" \/>\n<meta property=\"article:modified_time\" content=\"2026-04-10T12:00:17+00:00\" \/>\n<meta name=\"twitter:card\" content=\"summary_large_image\" \/>\n<meta name=\"twitter:site\" content=\"@belvarossecrets\" \/>\n<meta name=\"twitter:label1\" content=\"Est. reading time\" \/>\n\t<meta name=\"twitter:data1\" content=\"2 minutes\" \/>\n<script type=\"application\/ld+json\" class=\"yoast-schema-graph\">{\"@context\":\"https:\\\/\\\/schema.org\",\"@graph\":[{\"@type\":\"WebPage\",\"@id\":\"https:\\\/\\\/www.szexshopbelvaros.com\\\/termek\\\/%f0%9f%a6%8b-pillango-csok-ontapados-mellbimbo-tapasz\\\/\",\"url\":\"https:\\\/\\\/www.szexshopbelvaros.com\\\/termek\\\/%f0%9f%a6%8b-pillango-csok-ontapados-mellbimbo-tapasz\\\/\",\"name\":\"\ud83e\udd8b \u00d6ntapad\u00f3s mellbimb\u00f3 tapasz \u2013 Pillang\u00f3 Cs\u00f3k | Szexshop Belvaros\",\"isPartOf\":{\"@id\":\"https:\\\/\\\/www.szexshopbelvaros.com\\\/#website\"},\"primaryImageOfPage\":{\"@id\":\"https:\\\/\\\/www.szexshopbelvaros.com\\\/termek\\\/%f0%9f%a6%8b-pillango-csok-ontapados-mellbimbo-tapasz\\\/#primaryimage\"},\"image\":{\"@id\":\"https:\\\/\\\/www.szexshopbelvaros.com\\\/termek\\\/%f0%9f%a6%8b-pillango-csok-ontapados-mellbimbo-tapasz\\\/#primaryimage\"},\"thumbnailUrl\":\"https:\\\/\\\/www.szexshopbelvaros.com\\\/wp-content\\\/uploads\\\/2026\\\/02\\\/but1.avif\",\"datePublished\":\"2026-02-04T13:20:54+00:00\",\"dateModified\":\"2026-04-10T12:00:17+00:00\",\"description\":\"Pillang\u00f3 form\u00e1j\u00fa \u00f6ntapad\u00f3s mellbimb\u00f3 tapasz kiv\u00e1gott ruh\u00e1khoz. Egyszer haszn\u00e1latos, hipoallerg\u00e9n, diszkr\u00e9t viselet Valentin-napra is.\",\"breadcrumb\":{\"@id\":\"https:\\\/\\\/www.szexshopbelvaros.com\\\/termek\\\/%f0%9f%a6%8b-pillango-csok-ontapados-mellbimbo-tapasz\\\/#breadcrumb\"},\"inLanguage\":\"en-US\",\"potentialAction\":[{\"@type\":\"ReadAction\",\"target\":[\"https:\\\/\\\/www.szexshopbelvaros.com\\\/termek\\\/%f0%9f%a6%8b-pillango-csok-ontapados-mellbimbo-tapasz\\\/\"]}]},{\"@type\":\"ImageObject\",\"inLanguage\":\"en-US\",\"@id\":\"https:\\\/\\\/www.szexshopbelvaros.com\\\/termek\\\/%f0%9f%a6%8b-pillango-csok-ontapados-mellbimbo-tapasz\\\/#primaryimage\",\"url\":\"https:\\\/\\\/www.szexshopbelvaros.com\\\/wp-content\\\/uploads\\\/2026\\\/02\\\/but1.avif\",\"contentUrl\":\"https:\\\/\\\/www.szexshopbelvaros.com\\\/wp-content\\\/uploads\\\/2026\\\/02\\\/but1.avif\",\"width\":1000,\"height\":1000,\"caption\":\"pillang\u00f3 form\u00e1j\u00fa \u00f6ntapad\u00f3s mellbimb\u00f3 tapasz butterfly shaped adhesive nipple covers\"},{\"@type\":\"BreadcrumbList\",\"@id\":\"https:\\\/\\\/www.szexshopbelvaros.com\\\/termek\\\/%f0%9f%a6%8b-pillango-csok-ontapados-mellbimbo-tapasz\\\/#breadcrumb\",\"itemListElement\":[{\"@type\":\"ListItem\",\"position\":1,\"name\":\"Home\",\"item\":\"https:\\\/\\\/www.szexshopbelvaros.com\\\/\"},{\"@type\":\"ListItem\",\"position\":2,\"name\":\"\u00c1ruh\u00e1z\",\"item\":\"https:\\\/\\\/www.szexshopbelvaros.com\\\/uzlet\\\/\"},{\"@type\":\"ListItem\",\"position\":3,\"name\":\"\ud83e\udd8b Pillang\u00f3 Cs\u00f3k \u2013 \u00d6ntapad\u00f3s Mellbimb\u00f3 Tapasz\"}]},{\"@type\":\"WebSite\",\"@id\":\"https:\\\/\\\/www.szexshopbelvaros.com\\\/#website\",\"url\":\"https:\\\/\\\/www.szexshopbelvaros.com\\\/\",\"name\":\"Szexshop Belv\u00e1ros\",\"description\":\"\ud83d\udd25 A szex olyan, mint a p\u00e9nz; csak a t\u00fal sok el\u00e9g!\u2122 Titkok a belv\u00e1rosb\u00f3l \ud83d\udc8b | Secrets from Budapest \ud83d\udc8e Feln\u0151tt j\u00e1t\u00e9kok \u2022 Erotika \u2022 Szexshop Belvaros\",\"publisher\":{\"@id\":\"https:\\\/\\\/www.szexshopbelvaros.com\\\/#organization\"},\"potentialAction\":[{\"@type\":\"SearchAction\",\"target\":{\"@type\":\"EntryPoint\",\"urlTemplate\":\"https:\\\/\\\/www.szexshopbelvaros.com\\\/?s={search_term_string}\"},\"query-input\":{\"@type\":\"PropertyValueSpecification\",\"valueRequired\":true,\"valueName\":\"search_term_string\"}}],\"inLanguage\":\"en-US\"},{\"@type\":\"Organization\",\"@id\":\"https:\\\/\\\/www.szexshopbelvaros.com\\\/#organization\",\"name\":\"Szexshop Belv\u00e1ros\",\"alternateName\":\"szexshopbelvaros.com\",\"url\":\"https:\\\/\\\/www.szexshopbelvaros.com\\\/\",\"logo\":{\"@type\":\"ImageObject\",\"inLanguage\":\"en-US\",\"@id\":\"https:\\\/\\\/www.szexshopbelvaros.com\\\/#\\\/schema\\\/logo\\\/image\\\/\",\"url\":\"https:\\\/\\\/www.szexshopbelvaros.com\\\/wp-content\\\/uploads\\\/2025\\\/09\\\/1Szexshopbelvaroslogo_blurred_stronger.jpg\",\"contentUrl\":\"https:\\\/\\\/www.szexshopbelvaros.com\\\/wp-content\\\/uploads\\\/2025\\\/09\\\/1Szexshopbelvaroslogo_blurred_stronger.jpg\",\"width\":1024,\"height\":1024,\"caption\":\"Szexshop Belv\u00e1ros\"},\"image\":{\"@id\":\"https:\\\/\\\/www.szexshopbelvaros.com\\\/#\\\/schema\\\/logo\\\/image\\\/\"},\"sameAs\":[\"https:\\\/\\\/www.facebook.com\\\/belvarossecrets\\\/\",\"https:\\\/\\\/x.com\\\/belvarossecrets\",\"https:\\\/\\\/www.instagram.com\\\/belvarossecrets\\\/\",\"https:\\\/\\\/www.tiktok.com\\\/@belvarossecrets\"]}]}<\/script>\n<!-- \/ Yoast SEO plugin. -->","yoast_head_json":{"title":"\ud83e\udd8b Self-adhesive nipple patch \u2013 Butterfly Kiss | Sex shop Belvaros","description":"Butterfly-shaped self-adhesive nipple patch for low-cut clothes. Disposable, hypoallergenic, discreet wear even for Valentine&#039;s Day.","robots":{"index":"index","follow":"follow","max-snippet":"max-snippet:-1","max-image-preview":"max-image-preview:large","max-video-preview":"max-video-preview:-1"},"canonical":"https:\/\/www.szexshopbelvaros.com\/en\/product\/\ud83e\udd8b-pillango-csok-ontapados-mellbimbo-tapasz\/","og_locale":"en_US","og_type":"article","og_title":"\ud83e\udd8b \u00d6ntapad\u00f3s mellbimb\u00f3 tapasz \u2013 Pillang\u00f3 Cs\u00f3k | Szexshop Belvaros","og_description":"Pillang\u00f3 form\u00e1j\u00fa \u00f6ntapad\u00f3s mellbimb\u00f3 tapasz kiv\u00e1gott ruh\u00e1khoz. Egyszer haszn\u00e1latos, hipoallerg\u00e9n, diszkr\u00e9t viselet Valentin-napra is.","og_url":"https:\/\/www.szexshopbelvaros.com\/en\/product\/\ud83e\udd8b-pillango-csok-ontapados-mellbimbo-tapasz\/","og_site_name":"Szexshop Belvaros","article_publisher":"https:\/\/www.facebook.com\/belvarossecrets\/","article_modified_time":"2026-04-10T12:00:17+00:00","twitter_card":"summary_large_image","twitter_site":"@belvarossecrets","twitter_misc":{"Est. reading time":"2 minutes"},"schema":{"@context":"https:\/\/schema.org","@graph":[{"@type":"WebPage","@id":"https:\/\/www.szexshopbelvaros.com\/termek\/%f0%9f%a6%8b-pillango-csok-ontapados-mellbimbo-tapasz\/","url":"https:\/\/www.szexshopbelvaros.com\/termek\/%f0%9f%a6%8b-pillango-csok-ontapados-mellbimbo-tapasz\/","name":"\ud83e\udd8b Self-adhesive nipple patch \u2013 Butterfly Kiss | Sex shop Belvaros","isPartOf":{"@id":"https:\/\/www.szexshopbelvaros.com\/#website"},"primaryImageOfPage":{"@id":"https:\/\/www.szexshopbelvaros.com\/termek\/%f0%9f%a6%8b-pillango-csok-ontapados-mellbimbo-tapasz\/#primaryimage"},"image":{"@id":"https:\/\/www.szexshopbelvaros.com\/termek\/%f0%9f%a6%8b-pillango-csok-ontapados-mellbimbo-tapasz\/#primaryimage"},"thumbnailUrl":"https:\/\/www.szexshopbelvaros.com\/wp-content\/uploads\/2026\/02\/but1.avif","datePublished":"2026-02-04T13:20:54+00:00","dateModified":"2026-04-10T12:00:17+00:00","description":"Butterfly-shaped self-adhesive nipple patch for low-cut clothes. Disposable, hypoallergenic, discreet wear even for Valentine&#039;s Day.","breadcrumb":{"@id":"https:\/\/www.szexshopbelvaros.com\/termek\/%f0%9f%a6%8b-pillango-csok-ontapados-mellbimbo-tapasz\/#breadcrumb"},"inLanguage":"en-US","potentialAction":[{"@type":"ReadAction","target":["https:\/\/www.szexshopbelvaros.com\/termek\/%f0%9f%a6%8b-pillango-csok-ontapados-mellbimbo-tapasz\/"]}]},{"@type":"ImageObject","inLanguage":"en-US","@id":"https:\/\/www.szexshopbelvaros.com\/termek\/%f0%9f%a6%8b-pillango-csok-ontapados-mellbimbo-tapasz\/#primaryimage","url":"https:\/\/www.szexshopbelvaros.com\/wp-content\/uploads\/2026\/02\/but1.avif","contentUrl":"https:\/\/www.szexshopbelvaros.com\/wp-content\/uploads\/2026\/02\/but1.avif","width":1000,"height":1000,"caption":"pillang\u00f3 form\u00e1j\u00fa \u00f6ntapad\u00f3s mellbimb\u00f3 tapasz butterfly shaped adhesive nipple covers"},{"@type":"BreadcrumbList","@id":"https:\/\/www.szexshopbelvaros.com\/termek\/%f0%9f%a6%8b-pillango-csok-ontapados-mellbimbo-tapasz\/#breadcrumb","itemListElement":[{"@type":"ListItem","position":1,"name":"Home","item":"https:\/\/www.szexshopbelvaros.com\/"},{"@type":"ListItem","position":2,"name":"\u00c1ruh\u00e1z","item":"https:\/\/www.szexshopbelvaros.com\/uzlet\/"},{"@type":"ListItem","position":3,"name":"\ud83e\udd8b Pillang\u00f3 Cs\u00f3k \u2013 \u00d6ntapad\u00f3s Mellbimb\u00f3 Tapasz"}]},{"@type":"WebSite","@id":"https:\/\/www.szexshopbelvaros.com\/#website","url":"https:\/\/www.szexshopbelvaros.com\/","name":"at our Szexshop Belv\u00e1ros","description":"\ud83d\udd25 Sex is like money; only too much is enough!\u2122 Secrets from the city center \ud83d\udc8b | Secrets from Budapest \ud83d\udc8e Adult games \u2022 Erotica \u2022 Sex shop Belvaros","publisher":{"@id":"https:\/\/www.szexshopbelvaros.com\/#organization"},"potentialAction":[{"@type":"SearchAction","target":{"@type":"EntryPoint","urlTemplate":"https:\/\/www.szexshopbelvaros.com\/?s={search_term_string}"},"query-input":{"@type":"PropertyValueSpecification","valueRequired":true,"valueName":"search_term_string"}}],"inLanguage":"en-US"},{"@type":"Organization","@id":"https:\/\/www.szexshopbelvaros.com\/#organization","name":"at our Szexshop Belv\u00e1ros","alternateName":"szexshopbelvaros.com","url":"https:\/\/www.szexshopbelvaros.com\/","logo":{"@type":"ImageObject","inLanguage":"en-US","@id":"https:\/\/www.szexshopbelvaros.com\/#\/schema\/logo\/image\/","url":"https:\/\/www.szexshopbelvaros.com\/wp-content\/uploads\/2025\/09\/1Szexshopbelvaroslogo_blurred_stronger.jpg","contentUrl":"https:\/\/www.szexshopbelvaros.com\/wp-content\/uploads\/2025\/09\/1Szexshopbelvaroslogo_blurred_stronger.jpg","width":1024,"height":1024,"caption":"Szexshop Belv\u00e1ros"},"image":{"@id":"https:\/\/www.szexshopbelvaros.com\/#\/schema\/logo\/image\/"},"sameAs":["https:\/\/www.facebook.com\/belvarossecrets\/","https:\/\/x.com\/belvarossecrets","https:\/\/www.instagram.com\/belvarossecrets\/","https:\/\/www.tiktok.com\/@belvarossecrets"]}]}},"_links":{"self":[{"href":"https:\/\/www.szexshopbelvaros.com\/en\/wp-json\/wp\/v2\/product\/2399","targetHints":{"allow":["GET"]}}],"collection":[{"href":"https:\/\/www.szexshopbelvaros.com\/en\/wp-json\/wp\/v2\/product"}],"about":[{"href":"https:\/\/www.szexshopbelvaros.com\/en\/wp-json\/wp\/v2\/types\/product"}],"replies":[{"embeddable":true,"href":"https:\/\/www.szexshopbelvaros.com\/en\/wp-json\/wp\/v2\/comments?post=2399"}],"wp:featuredmedia":[{"embeddable":true,"href":"https:\/\/www.szexshopbelvaros.com\/en\/wp-json\/wp\/v2\/media\/2400"}],"wp:attachment":[{"href":"https:\/\/www.szexshopbelvaros.com\/en\/wp-json\/wp\/v2\/media?parent=2399"}],"wp:term":[{"taxonomy":"product_brand","embeddable":true,"href":"https:\/\/www.szexshopbelvaros.com\/en\/wp-json\/wp\/v2\/product_brand?post=2399"},{"taxonomy":"product_cat","embeddable":true,"href":"https:\/\/www.szexshopbelvaros.com\/en\/wp-json\/wp\/v2\/product_cat?post=2399"},{"taxonomy":"product_tag","embeddable":true,"href":"https:\/\/www.szexshopbelvaros.com\/en\/wp-json\/wp\/v2\/product_tag?post=2399"}],"curies":[{"name":"wp","href":"https:\/\/api.w.org\/{rel}","templated":true}]}}