{"id":240,"date":"2025-01-31T14:36:13","date_gmt":"2025-01-31T13:36:13","guid":{"rendered":"https:\/\/www.szexshopbelvaros.com\/termek\/love-triangle-white\/"},"modified":"2026-04-21T13:38:52","modified_gmt":"2026-04-21T11:38:52","slug":"love-triangle-app-vezerelt-leghullamos-csikloizgato","status":"publish","type":"product","link":"https:\/\/www.szexshopbelvaros.com\/en\/product\/love-triangle-app-vezerelt-leghullamos-csikloizgato\/","title":{"rendered":"\ud83d\udc98 Love Triangle \u2013 Triangle into pleasure"},"content":{"rendered":"<p data-start=\"341\" data-end=\"631\">The Love Triangle is an ergonomic, app-controlled air-wave clitoral stimulator and vibrator in one. So you don&#039;t have to choose between two types of pleasure. This little white thing fits neatly where it needs to. Then it does its thing, as if it&#039;s plotting a personal revenge against your peaceful evening.<\/p>\n<p data-start=\"633\" data-end=\"959\">The Satisfyer Connect app is where the show really starts. You get 10 airwave and 11 vibration functions. That&#039;s not bad in itself. You can also put together your own combinations in the app. That way, you get exactly what you&#039;re looking for. It&#039;s not a boring, cheesy gadget. It&#039;s more of a customizable pleasure factory.<\/p>\n<p data-start=\"961\" data-end=\"1274\">Love Triangle can also be controlled from your smartphone. If you feel like it, your partner can take control. Even remotely. Yes, it&#039;s as bad as it sounds. It also has a secure video chat connection. So distance is a technical detail here, not a mood-killing factor.<\/p>\n<p data-start=\"1276\" data-end=\"1551\">The device is made of skin-friendly silicone and ABS. It is completely waterproof. It is also surprisingly quiet. It does not hum like a nervous kitchen machine. It is 8.7 cm long and 6.7 cm in diameter. It is rechargeable and its color is white. Although what it does is anything but innocent.<\/p>\n<p data-start=\"1553\" data-end=\"1713\">It is recommended to clean it with warm soapy water and a device cleaner before and after use. For the best experience, a water-based lubricant is recommended.<\/p>\n<p data-start=\"1715\" data-end=\"1922\">Love Triangle is exactly the kind of waterproof, app-controlled little bastard that you buy out of curiosity at first, and then after a few days you&#039;re talking about it like you&#039;re a life coach.<\/p>\n<p data-start=\"1924\" data-end=\"2065\">Check out the rest of our <a href=\"https:\/\/www.szexshopbelvaros.com\/en\/product-category\/vibratorok\/okos-vibratorok\/\">app-controlled<\/a> vibrators too, if you wanted to make room for more smart little devils in the bedroom.<\/p>\n<p data-start=\"2067\" data-end=\"2274\">\ud83d\udc49 Get it in just one hour at Budapest Sex Shop Belv\u00e1ros <a href=\"https:\/\/wolt.com\/hu\/hun\/budapest\/venue\/szexshop-belvaros\/love-triangle-white-itemid-366d127e19df49407aaea074\">Wolt store<\/a>or order here at <a class=\"decorated-link cursor-pointer\" target=\"_new\" rel=\"noopener\" data-start=\"2171\" data-end=\"2195\">www.szexshopbelvaros.com<\/a> with discreet delivery throughout Hungary and the EU.<\/p>\n<p data-start=\"2229\" data-end=\"2341\" data-is-last-node=\"\" data-is-only-node=\"\">","protected":false},"excerpt":{"rendered":"<p>A Love Triangle egy ergonomikus, app-vez\u00e9relt l\u00e9ghull\u00e1mos csikl\u00f3izgat\u00f3 \u00e9s vibr\u00e1tor egyben. Vagyis nem kell v\u00e1lasztanod a k\u00e9tf\u00e9le k\u00e9nyeztet\u00e9s k\u00f6z\u00f6tt. Ez a kis feh\u00e9r szem\u00e9t sz\u00e9pen odasimul, ahova kell. Azt\u00e1n teszi a dolg\u00e1t \u00fagy, mintha szem\u00e9lyes bossz\u00fat forralna a nyugodt est\u00e9d ellen. A Satisfyer Connect alkalmaz\u00e1ssal indul be igaz\u00e1n a m\u0171sor. Kapsz 10 l\u00e9ghull\u00e1mos \u00e9s 11 [&#8230;]\n","protected":false},"featured_media":3100,"comment_status":"closed","ping_status":"closed","template":"","meta":[],"product_brand":[51],"product_cat":[172,108,2623],"product_tag":[2145,2711,2626,2710,1337,2706,2629,2165,2144,559,2163,2161,2164,2143,2160,2628,2142,2707,2630,2631,2625,707,2162,552,1226,1236,2627,2704,2705,1238,220,2708,2709,2624,1384,2141],"class_list":{"0":"post-240","1":"product","2":"type-product","3":"status-publish","4":"has-post-thumbnail","6":"product_brand-satisfyer","7":"product_cat-paroknak-vibrator","8":"product_cat-paroknak-uniszex","9":"product_cat-uj-hullam","10":"product_tag-adult-toy-for-couples","11":"product_tag-air-pulse-clitoral-stimulator","12":"product_tag-akcio","13":"product_tag-app-controlled-clitoral-stimulator","14":"product_tag-app-controlled-vibrator","15":"product_tag-app-vezerelt-csikloizgato","16":"product_tag-clearance","17":"product_tag-clitoral-and-g-spot","18":"product_tag-couples-pleasure","19":"product_tag-couples-toy","20":"product_tag-couples-vibrator","21":"product_tag-csiklo-es-g-pont-izgatasa","22":"product_tag-dual-stimulation","23":"product_tag-intim-jatek-paroknak","24":"product_tag-kettes-vibrator","25":"product_tag-kiarusitas","26":"product_tag-kozos-elmeny","27":"product_tag-leghullamos-csikloizgato","28":"product_tag-limitalt-keszlet","29":"product_tag-limited-stock","30":"product_tag-new-wave","31":"product_tag-paroknak","32":"product_tag-paros-elvezet","33":"product_tag-paros-jatek","34":"product_tag-paros-vibrator","35":"product_tag-partner-vibrator","36":"product_tag-sale","37":"product_tag-satisfyer","38":"product_tag-satisfyer-connect","39":"product_tag-shared-pleasure","40":"product_tag-szexshop-belvaros","41":"product_tag-taviranyithato-vibrator","42":"product_tag-tavkapcsolatos-vibrator","43":"product_tag-uj-hullam","44":"product_tag-unisex-sex-toy","45":"product_tag-uniszex-szexjatek","47":"first","48":"instock","49":"sale","50":"taxable","51":"shipping-taxable","52":"purchasable","53":"product-type-simple"},"yoast_head":"<!-- This site is optimized with the Yoast SEO plugin v27.4 - https:\/\/yoast.com\/product\/yoast-seo-wordpress\/ -->\n<title>\ud83d\udc98 Love Triangle app-vez\u00e9relt l\u00e9ghull\u00e1mos csikl\u00f3izgat\u00f3 | Szexshop Belv\u00e1ros<\/title>\n<meta name=\"description\" content=\"\ud83d\udc98 Love Triangle app-vez\u00e9relt l\u00e9ghull\u00e1mos csikl\u00f3izgat\u00f3 10 l\u00e9ghull\u00e1mos \u00e9s 11 rezg\u0151 funkci\u00f3val, appos ir\u00e1ny\u00edt\u00e1ssal \u00e9s v\u00edz\u00e1ll\u00f3 kivitelben a Szexshop Belv\u00e1ros k\u00edn\u00e1lat\u00e1ban.\" \/>\n<meta name=\"robots\" content=\"index, follow, max-snippet:-1, max-image-preview:large, max-video-preview:-1\" \/>\n<link rel=\"canonical\" href=\"https:\/\/www.szexshopbelvaros.com\/en\/product\/love-triangle-app-vezerelt-leghullamos-csikloizgato\/\" \/>\n<meta property=\"og:locale\" content=\"en_US\" \/>\n<meta property=\"og:type\" content=\"article\" \/>\n<meta property=\"og:title\" content=\"\ud83d\udc98 Love Triangle app-vez\u00e9relt l\u00e9ghull\u00e1mos csikl\u00f3izgat\u00f3 | Szexshop Belv\u00e1ros\" \/>\n<meta property=\"og:description\" content=\"\ud83d\udc98 Love Triangle app-vez\u00e9relt l\u00e9ghull\u00e1mos csikl\u00f3izgat\u00f3 10 l\u00e9ghull\u00e1mos \u00e9s 11 rezg\u0151 funkci\u00f3val, appos ir\u00e1ny\u00edt\u00e1ssal \u00e9s v\u00edz\u00e1ll\u00f3 kivitelben a Szexshop Belv\u00e1ros k\u00edn\u00e1lat\u00e1ban.\" \/>\n<meta property=\"og:url\" content=\"https:\/\/www.szexshopbelvaros.com\/en\/product\/love-triangle-app-vezerelt-leghullamos-csikloizgato\/\" \/>\n<meta property=\"og:site_name\" content=\"Szexshop Belvaros\" \/>\n<meta property=\"article:publisher\" content=\"https:\/\/www.facebook.com\/belvarossecrets\/\" \/>\n<meta property=\"article:modified_time\" content=\"2026-04-21T11:38:52+00:00\" \/>\n<meta property=\"og:image\" content=\"https:\/\/www.szexshopbelvaros.com\/wp-content\/uploads\/2025\/01\/Untitled-design-2-14.png\" \/>\n\t<meta property=\"og:image:width\" content=\"2048\" \/>\n\t<meta property=\"og:image:height\" content=\"1152\" \/>\n\t<meta property=\"og:image:type\" content=\"image\/png\" \/>\n<meta name=\"twitter:card\" content=\"summary_large_image\" \/>\n<meta name=\"twitter:site\" content=\"@belvarossecrets\" \/>\n<meta name=\"twitter:label1\" content=\"Est. reading time\" \/>\n\t<meta name=\"twitter:data1\" content=\"2 minutes\" \/>\n<script type=\"application\/ld+json\" class=\"yoast-schema-graph\">{\"@context\":\"https:\\\/\\\/schema.org\",\"@graph\":[{\"@type\":\"WebPage\",\"@id\":\"https:\\\/\\\/www.szexshopbelvaros.com\\\/termek\\\/love-triangle-app-vezerelt-leghullamos-csikloizgato\\\/\",\"url\":\"https:\\\/\\\/www.szexshopbelvaros.com\\\/termek\\\/love-triangle-app-vezerelt-leghullamos-csikloizgato\\\/\",\"name\":\"\ud83d\udc98 Love Triangle app-vez\u00e9relt l\u00e9ghull\u00e1mos csikl\u00f3izgat\u00f3 | Szexshop Belv\u00e1ros\",\"isPartOf\":{\"@id\":\"https:\\\/\\\/www.szexshopbelvaros.com\\\/#website\"},\"primaryImageOfPage\":{\"@id\":\"https:\\\/\\\/www.szexshopbelvaros.com\\\/termek\\\/love-triangle-app-vezerelt-leghullamos-csikloizgato\\\/#primaryimage\"},\"image\":{\"@id\":\"https:\\\/\\\/www.szexshopbelvaros.com\\\/termek\\\/love-triangle-app-vezerelt-leghullamos-csikloizgato\\\/#primaryimage\"},\"thumbnailUrl\":\"https:\\\/\\\/www.szexshopbelvaros.com\\\/wp-content\\\/uploads\\\/2025\\\/01\\\/Untitled-design-2-14.png\",\"datePublished\":\"2025-01-31T13:36:13+00:00\",\"dateModified\":\"2026-04-21T11:38:52+00:00\",\"description\":\"\ud83d\udc98 Love Triangle app-vez\u00e9relt l\u00e9ghull\u00e1mos csikl\u00f3izgat\u00f3 10 l\u00e9ghull\u00e1mos \u00e9s 11 rezg\u0151 funkci\u00f3val, appos ir\u00e1ny\u00edt\u00e1ssal \u00e9s v\u00edz\u00e1ll\u00f3 kivitelben a Szexshop Belv\u00e1ros k\u00edn\u00e1lat\u00e1ban.\",\"breadcrumb\":{\"@id\":\"https:\\\/\\\/www.szexshopbelvaros.com\\\/termek\\\/love-triangle-app-vezerelt-leghullamos-csikloizgato\\\/#breadcrumb\"},\"inLanguage\":\"en-US\",\"potentialAction\":[{\"@type\":\"ReadAction\",\"target\":[\"https:\\\/\\\/www.szexshopbelvaros.com\\\/termek\\\/love-triangle-app-vezerelt-leghullamos-csikloizgato\\\/\"]}]},{\"@type\":\"ImageObject\",\"inLanguage\":\"en-US\",\"@id\":\"https:\\\/\\\/www.szexshopbelvaros.com\\\/termek\\\/love-triangle-app-vezerelt-leghullamos-csikloizgato\\\/#primaryimage\",\"url\":\"https:\\\/\\\/www.szexshopbelvaros.com\\\/wp-content\\\/uploads\\\/2025\\\/01\\\/Untitled-design-2-14.png\",\"contentUrl\":\"https:\\\/\\\/www.szexshopbelvaros.com\\\/wp-content\\\/uploads\\\/2025\\\/01\\\/Untitled-design-2-14.png\",\"width\":2048,\"height\":1152,\"caption\":\"HU: Satisfyer Love Triangle app-vez\u00e9relt l\u00e9ghull\u00e1mos csikl\u00f3izgat\u00f3 feh\u00e9r sz\u00ednben, a term\u00e9k doboz\u00e1val egy\u00fctt EN: Satisfyer Love Triangle app-controlled air pulse clitoral stimulator in white, shown with product box\"},{\"@type\":\"BreadcrumbList\",\"@id\":\"https:\\\/\\\/www.szexshopbelvaros.com\\\/termek\\\/love-triangle-app-vezerelt-leghullamos-csikloizgato\\\/#breadcrumb\",\"itemListElement\":[{\"@type\":\"ListItem\",\"position\":1,\"name\":\"Home\",\"item\":\"https:\\\/\\\/www.szexshopbelvaros.com\\\/\"},{\"@type\":\"ListItem\",\"position\":2,\"name\":\"\u00c1ruh\u00e1z\",\"item\":\"https:\\\/\\\/www.szexshopbelvaros.com\\\/uzlet\\\/\"},{\"@type\":\"ListItem\",\"position\":3,\"name\":\"\ud83d\udc98 Love Triangle &#8211; H\u00e1romsz\u00f6gelj bele az \u00e9lvezetbe\"}]},{\"@type\":\"WebSite\",\"@id\":\"https:\\\/\\\/www.szexshopbelvaros.com\\\/#website\",\"url\":\"https:\\\/\\\/www.szexshopbelvaros.com\\\/\",\"name\":\"Szexshop Belv\u00e1ros\",\"description\":\"\ud83d\udd25 A szex olyan, mint a p\u00e9nz; csak a t\u00fal sok el\u00e9g!\u2122 Titkok a belv\u00e1rosb\u00f3l \ud83d\udc8b | Secrets from Budapest \ud83d\udc8e Feln\u0151tt j\u00e1t\u00e9kok \u2022 Erotika \u2022 Szexshop Belvaros\",\"publisher\":{\"@id\":\"https:\\\/\\\/www.szexshopbelvaros.com\\\/#organization\"},\"potentialAction\":[{\"@type\":\"SearchAction\",\"target\":{\"@type\":\"EntryPoint\",\"urlTemplate\":\"https:\\\/\\\/www.szexshopbelvaros.com\\\/?s={search_term_string}\"},\"query-input\":{\"@type\":\"PropertyValueSpecification\",\"valueRequired\":true,\"valueName\":\"search_term_string\"}}],\"inLanguage\":\"en-US\"},{\"@type\":\"Organization\",\"@id\":\"https:\\\/\\\/www.szexshopbelvaros.com\\\/#organization\",\"name\":\"Szexshop Belv\u00e1ros\",\"alternateName\":\"szexshopbelvaros.com\",\"url\":\"https:\\\/\\\/www.szexshopbelvaros.com\\\/\",\"logo\":{\"@type\":\"ImageObject\",\"inLanguage\":\"en-US\",\"@id\":\"https:\\\/\\\/www.szexshopbelvaros.com\\\/#\\\/schema\\\/logo\\\/image\\\/\",\"url\":\"https:\\\/\\\/www.szexshopbelvaros.com\\\/wp-content\\\/uploads\\\/2025\\\/09\\\/1Szexshopbelvaroslogo_blurred_stronger.jpg\",\"contentUrl\":\"https:\\\/\\\/www.szexshopbelvaros.com\\\/wp-content\\\/uploads\\\/2025\\\/09\\\/1Szexshopbelvaroslogo_blurred_stronger.jpg\",\"width\":1024,\"height\":1024,\"caption\":\"Szexshop Belv\u00e1ros\"},\"image\":{\"@id\":\"https:\\\/\\\/www.szexshopbelvaros.com\\\/#\\\/schema\\\/logo\\\/image\\\/\"},\"sameAs\":[\"https:\\\/\\\/www.facebook.com\\\/belvarossecrets\\\/\",\"https:\\\/\\\/x.com\\\/belvarossecrets\",\"https:\\\/\\\/www.instagram.com\\\/belvarossecrets\\\/\",\"https:\\\/\\\/www.tiktok.com\\\/@belvarossecrets\"]}]}<\/script>\n<!-- \/ Yoast SEO plugin. -->","yoast_head_json":{"title":"\ud83d\udc98 Love Triangle app-controlled air wave clitoral stimulator | Sex shop Belv\u00e1ros","description":"\ud83d\udc98 Love Triangle app-controlled air wave clitoral stimulator with 10 air wave and 11 vibrating functions, app control and waterproof design available at Szexshop Belv\u00e1ros.","robots":{"index":"index","follow":"follow","max-snippet":"max-snippet:-1","max-image-preview":"max-image-preview:large","max-video-preview":"max-video-preview:-1"},"canonical":"https:\/\/www.szexshopbelvaros.com\/en\/product\/love-triangle-app-vezerelt-leghullamos-csikloizgato\/","og_locale":"en_US","og_type":"article","og_title":"\ud83d\udc98 Love Triangle app-vez\u00e9relt l\u00e9ghull\u00e1mos csikl\u00f3izgat\u00f3 | Szexshop Belv\u00e1ros","og_description":"\ud83d\udc98 Love Triangle app-vez\u00e9relt l\u00e9ghull\u00e1mos csikl\u00f3izgat\u00f3 10 l\u00e9ghull\u00e1mos \u00e9s 11 rezg\u0151 funkci\u00f3val, appos ir\u00e1ny\u00edt\u00e1ssal \u00e9s v\u00edz\u00e1ll\u00f3 kivitelben a Szexshop Belv\u00e1ros k\u00edn\u00e1lat\u00e1ban.","og_url":"https:\/\/www.szexshopbelvaros.com\/en\/product\/love-triangle-app-vezerelt-leghullamos-csikloizgato\/","og_site_name":"Szexshop Belvaros","article_publisher":"https:\/\/www.facebook.com\/belvarossecrets\/","article_modified_time":"2026-04-21T11:38:52+00:00","og_image":[{"width":2048,"height":1152,"url":"https:\/\/www.szexshopbelvaros.com\/wp-content\/uploads\/2025\/01\/Untitled-design-2-14.png","type":"image\/png"}],"twitter_card":"summary_large_image","twitter_site":"@belvarossecrets","twitter_misc":{"Est. reading time":"2 minutes"},"schema":{"@context":"https:\/\/schema.org","@graph":[{"@type":"WebPage","@id":"https:\/\/www.szexshopbelvaros.com\/termek\/love-triangle-app-vezerelt-leghullamos-csikloizgato\/","url":"https:\/\/www.szexshopbelvaros.com\/termek\/love-triangle-app-vezerelt-leghullamos-csikloizgato\/","name":"\ud83d\udc98 Love Triangle app-controlled air wave clitoral stimulator | Sex shop Belv\u00e1ros","isPartOf":{"@id":"https:\/\/www.szexshopbelvaros.com\/#website"},"primaryImageOfPage":{"@id":"https:\/\/www.szexshopbelvaros.com\/termek\/love-triangle-app-vezerelt-leghullamos-csikloizgato\/#primaryimage"},"image":{"@id":"https:\/\/www.szexshopbelvaros.com\/termek\/love-triangle-app-vezerelt-leghullamos-csikloizgato\/#primaryimage"},"thumbnailUrl":"https:\/\/www.szexshopbelvaros.com\/wp-content\/uploads\/2025\/01\/Untitled-design-2-14.png","datePublished":"2025-01-31T13:36:13+00:00","dateModified":"2026-04-21T11:38:52+00:00","description":"\ud83d\udc98 Love Triangle app-controlled air wave clitoral stimulator with 10 air wave and 11 vibrating functions, app control and waterproof design available at Szexshop Belv\u00e1ros.","breadcrumb":{"@id":"https:\/\/www.szexshopbelvaros.com\/termek\/love-triangle-app-vezerelt-leghullamos-csikloizgato\/#breadcrumb"},"inLanguage":"en-US","potentialAction":[{"@type":"ReadAction","target":["https:\/\/www.szexshopbelvaros.com\/termek\/love-triangle-app-vezerelt-leghullamos-csikloizgato\/"]}]},{"@type":"ImageObject","inLanguage":"en-US","@id":"https:\/\/www.szexshopbelvaros.com\/termek\/love-triangle-app-vezerelt-leghullamos-csikloizgato\/#primaryimage","url":"https:\/\/www.szexshopbelvaros.com\/wp-content\/uploads\/2025\/01\/Untitled-design-2-14.png","contentUrl":"https:\/\/www.szexshopbelvaros.com\/wp-content\/uploads\/2025\/01\/Untitled-design-2-14.png","width":2048,"height":1152,"caption":"HU: Satisfyer Love Triangle app-vez\u00e9relt l\u00e9ghull\u00e1mos csikl\u00f3izgat\u00f3 feh\u00e9r sz\u00ednben, a term\u00e9k doboz\u00e1val egy\u00fctt EN: Satisfyer Love Triangle app-controlled air pulse clitoral stimulator in white, shown with product box"},{"@type":"BreadcrumbList","@id":"https:\/\/www.szexshopbelvaros.com\/termek\/love-triangle-app-vezerelt-leghullamos-csikloizgato\/#breadcrumb","itemListElement":[{"@type":"ListItem","position":1,"name":"Home","item":"https:\/\/www.szexshopbelvaros.com\/"},{"@type":"ListItem","position":2,"name":"\u00c1ruh\u00e1z","item":"https:\/\/www.szexshopbelvaros.com\/uzlet\/"},{"@type":"ListItem","position":3,"name":"\ud83d\udc98 Love Triangle &#8211; H\u00e1romsz\u00f6gelj bele az \u00e9lvezetbe"}]},{"@type":"WebSite","@id":"https:\/\/www.szexshopbelvaros.com\/#website","url":"https:\/\/www.szexshopbelvaros.com\/","name":"at our Szexshop Belv\u00e1ros","description":"\ud83d\udd25 Sex is like money; only too much is enough!\u2122 Secrets from the city center \ud83d\udc8b | Secrets from Budapest \ud83d\udc8e Adult games \u2022 Erotica \u2022 Sex shop Belvaros","publisher":{"@id":"https:\/\/www.szexshopbelvaros.com\/#organization"},"potentialAction":[{"@type":"SearchAction","target":{"@type":"EntryPoint","urlTemplate":"https:\/\/www.szexshopbelvaros.com\/?s={search_term_string}"},"query-input":{"@type":"PropertyValueSpecification","valueRequired":true,"valueName":"search_term_string"}}],"inLanguage":"en-US"},{"@type":"Organization","@id":"https:\/\/www.szexshopbelvaros.com\/#organization","name":"at our Szexshop Belv\u00e1ros","alternateName":"szexshopbelvaros.com","url":"https:\/\/www.szexshopbelvaros.com\/","logo":{"@type":"ImageObject","inLanguage":"en-US","@id":"https:\/\/www.szexshopbelvaros.com\/#\/schema\/logo\/image\/","url":"https:\/\/www.szexshopbelvaros.com\/wp-content\/uploads\/2025\/09\/1Szexshopbelvaroslogo_blurred_stronger.jpg","contentUrl":"https:\/\/www.szexshopbelvaros.com\/wp-content\/uploads\/2025\/09\/1Szexshopbelvaroslogo_blurred_stronger.jpg","width":1024,"height":1024,"caption":"Szexshop Belv\u00e1ros"},"image":{"@id":"https:\/\/www.szexshopbelvaros.com\/#\/schema\/logo\/image\/"},"sameAs":["https:\/\/www.facebook.com\/belvarossecrets\/","https:\/\/x.com\/belvarossecrets","https:\/\/www.instagram.com\/belvarossecrets\/","https:\/\/www.tiktok.com\/@belvarossecrets"]}]}},"_links":{"self":[{"href":"https:\/\/www.szexshopbelvaros.com\/en\/wp-json\/wp\/v2\/product\/240","targetHints":{"allow":["GET"]}}],"collection":[{"href":"https:\/\/www.szexshopbelvaros.com\/en\/wp-json\/wp\/v2\/product"}],"about":[{"href":"https:\/\/www.szexshopbelvaros.com\/en\/wp-json\/wp\/v2\/types\/product"}],"replies":[{"embeddable":true,"href":"https:\/\/www.szexshopbelvaros.com\/en\/wp-json\/wp\/v2\/comments?post=240"}],"wp:featuredmedia":[{"embeddable":true,"href":"https:\/\/www.szexshopbelvaros.com\/en\/wp-json\/wp\/v2\/media\/3100"}],"wp:attachment":[{"href":"https:\/\/www.szexshopbelvaros.com\/en\/wp-json\/wp\/v2\/media?parent=240"}],"wp:term":[{"taxonomy":"product_brand","embeddable":true,"href":"https:\/\/www.szexshopbelvaros.com\/en\/wp-json\/wp\/v2\/product_brand?post=240"},{"taxonomy":"product_cat","embeddable":true,"href":"https:\/\/www.szexshopbelvaros.com\/en\/wp-json\/wp\/v2\/product_cat?post=240"},{"taxonomy":"product_tag","embeddable":true,"href":"https:\/\/www.szexshopbelvaros.com\/en\/wp-json\/wp\/v2\/product_tag?post=240"}],"curies":[{"name":"wp","href":"https:\/\/api.w.org\/{rel}","templated":true}]}}