{"id":2408,"date":"2026-02-06T15:13:11","date_gmt":"2026-02-06T14:13:11","guid":{"rendered":"https:\/\/www.szexshopbelvaros.com\/?post_type=product&#038;p=2408"},"modified":"2026-04-10T14:00:16","modified_gmt":"2026-04-10T12:00:16","slug":"%f0%9f%92%98-sziv-alaku-bimbotapasz","status":"publish","type":"product","link":"https:\/\/www.szexshopbelvaros.com\/en\/product\/%f0%9f%92%98-sziv-alaku-bimbotapasz\/","title":{"rendered":"\ud83d\udc98 Bare My Heart \u2013 Sometimes a bra is unnecessary. Confidence never is."},"content":{"rendered":"<p data-start=\"425\" data-end=\"668\">Our <strong data-start=\"427\" data-end=\"467\">Bare My Heart heart-shaped nipple stickers are<\/strong> Ideal for strapless dresses, low-cut styles and under sheer fabrics. Especially useful when you need invisible support but don&#039;t want to sacrifice comfort.<\/p>\n<p data-start=\"670\" data-end=\"830\"><strong data-start=\"670\" data-end=\"700\">Easy and discreet to wear<\/strong>, which remains unnoticeable under clothes. At the same time, it provides precise coverage, giving you a confident look all day and all night.<\/p>\n<p data-start=\"832\" data-end=\"1081\"><strong data-start=\"832\" data-end=\"896\">With hypoallergenic adhesive and breathable non-woven material<\/strong> This ensures a secure fit. It does not irritate the skin and is easy to remove at the end of the evening. Its disposable design makes it a hygienic and practical choice.<\/p>\n<p data-start=\"1083\" data-end=\"1186\">The product is sold <strong data-start=\"1092\" data-end=\"1129\">in light blue, red and purple<\/strong> The desired color can be selected during purchase.<\/p>\n<p data-start=\"1188\" data-end=\"1288\">\ud83d\udc49 <strong data-start=\"1191\" data-end=\"1201\">Size:<\/strong> 5.7 cm wide, 4.8 cm long<br data-start=\"1230\" data-end=\"1233\" \/>\ud83d\udc49 <strong data-start=\"1236\" data-end=\"1288\">The package contains 1 pair of heart-shaped nipple stickers.<\/strong><\/p>\n<p data-start=\"2326\" data-end=\"2734\">\ud83d\udc49 You should check out the rest of our <a href=\"https:\/\/www.szexshopbelvaros.com\/en\/product-category\/erotikus-ruhazat\/testekszerek\/\"><strong>body jewelry<\/strong><\/a> if you want to put together a complete Valentine's Day or casual set.<br data-start=\"2473\" data-end=\"2476\" \/>\ud83d\udc49 The\u00a0<a class=\"decorated-link cursor-pointer\" target=\"_new\" rel=\"noopener\" data-start=\"582\" data-end=\"606\">www.szexshopbelvaros.com<\/a> website. We ship throughout Hungary and the EU \u2014 just one shot is enough to make the bra fade into the background forever.<\/p>","protected":false},"excerpt":{"rendered":"<p>A Bare My Heart sz\u00edv alak\u00fa bimb\u00f3tapasz ide\u00e1lis megold\u00e1s p\u00e1nt n\u00e9lk\u00fcli ruh\u00e1khoz, m\u00e9lyen dekolt\u00e1lt fazonokhoz \u00e9s \u00e1ttetsz\u0151 anyagok al\u00e1. K\u00fcl\u00f6n\u00f6sen j\u00f3l j\u00f6n akkor, amikor l\u00e1thatatlan tart\u00e1sra van sz\u00fcks\u00e9g, de a k\u00e9nyelemr\u0151l sem szeretn\u00e9l lemondani. K\u00f6nny\u0171 \u00e9s diszkr\u00e9t viselet, amely a ruh\u00e1k alatt \u00e9szrev\u00e9tlen marad. Ugyanakkor pontos fed\u00e9st biztos\u00edt, \u00edgy magabiztos megjelen\u00e9st ad eg\u00e9sz nap \u00e9s [&#8230;]\n","protected":false},"featured_media":2862,"comment_status":"closed","ping_status":"closed","template":"","meta":[],"product_brand":[],"product_cat":[106],"product_tag":[1527,332,1523,951,2041,2038,503,931,1524,937,2023,2040,933,2039,989,1526,945,932,1525,220,331,1647],"class_list":{"0":"post-2408","1":"product","2":"type-product","3":"status-publish","4":"has-post-thumbnail","6":"product_cat-testekszerek","7":"product_tag-adult-clothing","8":"product_tag-body-jewelry","9":"product_tag-csabito-ruhazat","10":"product_tag-erotic-clothing","11":"product_tag-erotic-jewelry","12":"product_tag-erotikus-ekszer","13":"product_tag-erotikus-ruha","14":"product_tag-erotikus-ruhazat","15":"product_tag-erotikus-viselet","16":"product_tag-fehernemu","17":"product_tag-haloszoba-divat","18":"product_tag-intim-ekszer","19":"product_tag-lingerie","20":"product_tag-mellbimbo-ekszer","21":"product_tag-nipple-jewelry","22":"product_tag-sensual-wear","23":"product_tag-sexy-outfit","24":"product_tag-szexi-ruha","25":"product_tag-szexi-ruhazat","26":"product_tag-szexshop-belvaros","27":"product_tag-testekszer","28":"product_tag-testekszerek","30":"first","31":"instock","32":"taxable","33":"shipping-taxable","34":"purchasable","35":"product-type-variable"},"yoast_head":"<!-- This site is optimized with the Yoast SEO plugin v27.5 - https:\/\/yoast.com\/product\/yoast-seo-wordpress\/ -->\n<title>\ud83d\udc98 Sz\u00edv alak\u00fa bimb\u00f3tapasz \u2013 Bare My Heart | Szexshop Belvaros<\/title>\n<meta name=\"description\" content=\"Sziv alaku bimbotapasz mely dekoltazshoz es p\u00e1nt nelkuli ruhakhoz. Diszkret viselethez. El\u00e9rhet\u0151 piros, lila \u00e9s vil\u00e1gosk\u00e9k sz\u00ednben a Szexshop Belvarosban.\" \/>\n<meta name=\"robots\" content=\"index, follow, max-snippet:-1, max-image-preview:large, max-video-preview:-1\" \/>\n<link rel=\"canonical\" href=\"https:\/\/www.szexshopbelvaros.com\/en\/product\/\ud83d\udc98-sziv-alaku-bimbotapasz\/\" \/>\n<meta property=\"og:locale\" content=\"en_US\" \/>\n<meta property=\"og:type\" content=\"article\" \/>\n<meta property=\"og:title\" content=\"\ud83d\udc98 Sz\u00edv alak\u00fa bimb\u00f3tapasz \u2013 Bare My Heart | Szexshop Belvaros\" \/>\n<meta property=\"og:description\" content=\"Sziv alaku bimbotapasz mely dekoltazshoz es p\u00e1nt nelkuli ruhakhoz. Diszkret viselethez. El\u00e9rhet\u0151 piros, lila \u00e9s vil\u00e1gosk\u00e9k sz\u00ednben a Szexshop Belvarosban.\" \/>\n<meta property=\"og:url\" content=\"https:\/\/www.szexshopbelvaros.com\/en\/product\/\ud83d\udc98-sziv-alaku-bimbotapasz\/\" \/>\n<meta property=\"og:site_name\" content=\"Szexshop Belvaros\" \/>\n<meta property=\"article:publisher\" content=\"https:\/\/www.facebook.com\/belvarossecrets\/\" \/>\n<meta property=\"article:modified_time\" content=\"2026-04-10T12:00:16+00:00\" \/>\n<meta property=\"og:image\" content=\"https:\/\/www.szexshopbelvaros.com\/wp-content\/uploads\/2026\/02\/Untitled-design-1-copy.png\" \/>\n\t<meta property=\"og:image:width\" content=\"2048\" \/>\n\t<meta property=\"og:image:height\" content=\"1365\" \/>\n\t<meta property=\"og:image:type\" content=\"image\/png\" \/>\n<meta name=\"twitter:card\" content=\"summary_large_image\" \/>\n<meta name=\"twitter:site\" content=\"@belvarossecrets\" \/>\n<meta name=\"twitter:label1\" content=\"Est. reading time\" \/>\n\t<meta name=\"twitter:data1\" content=\"2 minutes\" \/>\n<script type=\"application\/ld+json\" class=\"yoast-schema-graph\">{\"@context\":\"https:\\\/\\\/schema.org\",\"@graph\":[{\"@type\":\"WebPage\",\"@id\":\"https:\\\/\\\/www.szexshopbelvaros.com\\\/termek\\\/%f0%9f%92%98-sziv-alaku-bimbotapasz\\\/\",\"url\":\"https:\\\/\\\/www.szexshopbelvaros.com\\\/termek\\\/%f0%9f%92%98-sziv-alaku-bimbotapasz\\\/\",\"name\":\"\ud83d\udc98 Sz\u00edv alak\u00fa bimb\u00f3tapasz \u2013 Bare My Heart | Szexshop Belvaros\",\"isPartOf\":{\"@id\":\"https:\\\/\\\/www.szexshopbelvaros.com\\\/#website\"},\"primaryImageOfPage\":{\"@id\":\"https:\\\/\\\/www.szexshopbelvaros.com\\\/termek\\\/%f0%9f%92%98-sziv-alaku-bimbotapasz\\\/#primaryimage\"},\"image\":{\"@id\":\"https:\\\/\\\/www.szexshopbelvaros.com\\\/termek\\\/%f0%9f%92%98-sziv-alaku-bimbotapasz\\\/#primaryimage\"},\"thumbnailUrl\":\"https:\\\/\\\/www.szexshopbelvaros.com\\\/wp-content\\\/uploads\\\/2026\\\/02\\\/Untitled-design-1-copy.png\",\"datePublished\":\"2026-02-06T14:13:11+00:00\",\"dateModified\":\"2026-04-10T12:00:16+00:00\",\"description\":\"Sziv alaku bimbotapasz mely dekoltazshoz es p\u00e1nt nelkuli ruhakhoz. Diszkret viselethez. El\u00e9rhet\u0151 piros, lila \u00e9s vil\u00e1gosk\u00e9k sz\u00ednben a Szexshop Belvarosban.\",\"breadcrumb\":{\"@id\":\"https:\\\/\\\/www.szexshopbelvaros.com\\\/termek\\\/%f0%9f%92%98-sziv-alaku-bimbotapasz\\\/#breadcrumb\"},\"inLanguage\":\"en-US\",\"potentialAction\":[{\"@type\":\"ReadAction\",\"target\":[\"https:\\\/\\\/www.szexshopbelvaros.com\\\/termek\\\/%f0%9f%92%98-sziv-alaku-bimbotapasz\\\/\"]}]},{\"@type\":\"ImageObject\",\"inLanguage\":\"en-US\",\"@id\":\"https:\\\/\\\/www.szexshopbelvaros.com\\\/termek\\\/%f0%9f%92%98-sziv-alaku-bimbotapasz\\\/#primaryimage\",\"url\":\"https:\\\/\\\/www.szexshopbelvaros.com\\\/wp-content\\\/uploads\\\/2026\\\/02\\\/Untitled-design-1-copy.png\",\"contentUrl\":\"https:\\\/\\\/www.szexshopbelvaros.com\\\/wp-content\\\/uploads\\\/2026\\\/02\\\/Untitled-design-1-copy.png\",\"width\":2048,\"height\":1365,\"caption\":\"Sz\u00ednes sz\u00edv alak\u00fa bimb\u00f3tapaszok \u2013 vil\u00e1gosk\u00e9k, piros \u00e9s lila v\u00e1ltozatban, feh\u00e9r h\u00e1tt\u00e9ren | Colorful heart-shaped nipple covers \u2013 blue, red and purple versions on white background\"},{\"@type\":\"BreadcrumbList\",\"@id\":\"https:\\\/\\\/www.szexshopbelvaros.com\\\/termek\\\/%f0%9f%92%98-sziv-alaku-bimbotapasz\\\/#breadcrumb\",\"itemListElement\":[{\"@type\":\"ListItem\",\"position\":1,\"name\":\"Home\",\"item\":\"https:\\\/\\\/www.szexshopbelvaros.com\\\/\"},{\"@type\":\"ListItem\",\"position\":2,\"name\":\"\u00c1ruh\u00e1z\",\"item\":\"https:\\\/\\\/www.szexshopbelvaros.com\\\/uzlet\\\/\"},{\"@type\":\"ListItem\",\"position\":3,\"name\":\"\ud83d\udc98 Bare My Heart &#8211; N\u00e9ha a melltart\u00f3 felesleges. Az \u00f6nbizalom soha.\"}]},{\"@type\":\"WebSite\",\"@id\":\"https:\\\/\\\/www.szexshopbelvaros.com\\\/#website\",\"url\":\"https:\\\/\\\/www.szexshopbelvaros.com\\\/\",\"name\":\"Szexshop Belv\u00e1ros\",\"description\":\"\ud83d\udd25 A szex olyan, mint a p\u00e9nz; csak a t\u00fal sok el\u00e9g!\u2122 Titkok a belv\u00e1rosb\u00f3l \ud83d\udc8b | Secrets from Budapest \ud83d\udc8e Feln\u0151tt j\u00e1t\u00e9kok \u2022 Erotika \u2022 Szexshop Belvaros\",\"publisher\":{\"@id\":\"https:\\\/\\\/www.szexshopbelvaros.com\\\/#organization\"},\"potentialAction\":[{\"@type\":\"SearchAction\",\"target\":{\"@type\":\"EntryPoint\",\"urlTemplate\":\"https:\\\/\\\/www.szexshopbelvaros.com\\\/?s={search_term_string}\"},\"query-input\":{\"@type\":\"PropertyValueSpecification\",\"valueRequired\":true,\"valueName\":\"search_term_string\"}}],\"inLanguage\":\"en-US\"},{\"@type\":\"Organization\",\"@id\":\"https:\\\/\\\/www.szexshopbelvaros.com\\\/#organization\",\"name\":\"Szexshop Belv\u00e1ros\",\"alternateName\":\"szexshopbelvaros.com\",\"url\":\"https:\\\/\\\/www.szexshopbelvaros.com\\\/\",\"logo\":{\"@type\":\"ImageObject\",\"inLanguage\":\"en-US\",\"@id\":\"https:\\\/\\\/www.szexshopbelvaros.com\\\/#\\\/schema\\\/logo\\\/image\\\/\",\"url\":\"https:\\\/\\\/www.szexshopbelvaros.com\\\/wp-content\\\/uploads\\\/2025\\\/09\\\/1Szexshopbelvaroslogo_blurred_stronger.jpg\",\"contentUrl\":\"https:\\\/\\\/www.szexshopbelvaros.com\\\/wp-content\\\/uploads\\\/2025\\\/09\\\/1Szexshopbelvaroslogo_blurred_stronger.jpg\",\"width\":1024,\"height\":1024,\"caption\":\"Szexshop Belv\u00e1ros\"},\"image\":{\"@id\":\"https:\\\/\\\/www.szexshopbelvaros.com\\\/#\\\/schema\\\/logo\\\/image\\\/\"},\"sameAs\":[\"https:\\\/\\\/www.facebook.com\\\/belvarossecrets\\\/\",\"https:\\\/\\\/x.com\\\/belvarossecrets\",\"https:\\\/\\\/www.instagram.com\\\/belvarossecrets\\\/\",\"https:\\\/\\\/www.tiktok.com\\\/@belvarossecrets\"]}]}<\/script>\n<!-- \/ Yoast SEO plugin. -->","yoast_head_json":{"title":"\ud83d\udc98 Heart-shaped nipple patch \u2013 Bare My Heart | Sex shop Belvaros","description":"Heart-shaped nipple patch for cleavage and strapless dresses. For discreet wear. Available in red, purple and light blue at Szexshop Belvaros.","robots":{"index":"index","follow":"follow","max-snippet":"max-snippet:-1","max-image-preview":"max-image-preview:large","max-video-preview":"max-video-preview:-1"},"canonical":"https:\/\/www.szexshopbelvaros.com\/en\/product\/\ud83d\udc98-sziv-alaku-bimbotapasz\/","og_locale":"en_US","og_type":"article","og_title":"\ud83d\udc98 Sz\u00edv alak\u00fa bimb\u00f3tapasz \u2013 Bare My Heart | Szexshop Belvaros","og_description":"Sziv alaku bimbotapasz mely dekoltazshoz es p\u00e1nt nelkuli ruhakhoz. Diszkret viselethez. El\u00e9rhet\u0151 piros, lila \u00e9s vil\u00e1gosk\u00e9k sz\u00ednben a Szexshop Belvarosban.","og_url":"https:\/\/www.szexshopbelvaros.com\/en\/product\/\ud83d\udc98-sziv-alaku-bimbotapasz\/","og_site_name":"Szexshop Belvaros","article_publisher":"https:\/\/www.facebook.com\/belvarossecrets\/","article_modified_time":"2026-04-10T12:00:16+00:00","og_image":[{"width":2048,"height":1365,"url":"https:\/\/www.szexshopbelvaros.com\/wp-content\/uploads\/2026\/02\/Untitled-design-1-copy.png","type":"image\/png"}],"twitter_card":"summary_large_image","twitter_site":"@belvarossecrets","twitter_misc":{"Est. reading time":"2 minutes"},"schema":{"@context":"https:\/\/schema.org","@graph":[{"@type":"WebPage","@id":"https:\/\/www.szexshopbelvaros.com\/termek\/%f0%9f%92%98-sziv-alaku-bimbotapasz\/","url":"https:\/\/www.szexshopbelvaros.com\/termek\/%f0%9f%92%98-sziv-alaku-bimbotapasz\/","name":"\ud83d\udc98 Heart-shaped nipple patch \u2013 Bare My Heart | Sex shop Belvaros","isPartOf":{"@id":"https:\/\/www.szexshopbelvaros.com\/#website"},"primaryImageOfPage":{"@id":"https:\/\/www.szexshopbelvaros.com\/termek\/%f0%9f%92%98-sziv-alaku-bimbotapasz\/#primaryimage"},"image":{"@id":"https:\/\/www.szexshopbelvaros.com\/termek\/%f0%9f%92%98-sziv-alaku-bimbotapasz\/#primaryimage"},"thumbnailUrl":"https:\/\/www.szexshopbelvaros.com\/wp-content\/uploads\/2026\/02\/Untitled-design-1-copy.png","datePublished":"2026-02-06T14:13:11+00:00","dateModified":"2026-04-10T12:00:16+00:00","description":"Heart-shaped nipple patch for cleavage and strapless dresses. For discreet wear. Available in red, purple and light blue at Szexshop Belvaros.","breadcrumb":{"@id":"https:\/\/www.szexshopbelvaros.com\/termek\/%f0%9f%92%98-sziv-alaku-bimbotapasz\/#breadcrumb"},"inLanguage":"en-US","potentialAction":[{"@type":"ReadAction","target":["https:\/\/www.szexshopbelvaros.com\/termek\/%f0%9f%92%98-sziv-alaku-bimbotapasz\/"]}]},{"@type":"ImageObject","inLanguage":"en-US","@id":"https:\/\/www.szexshopbelvaros.com\/termek\/%f0%9f%92%98-sziv-alaku-bimbotapasz\/#primaryimage","url":"https:\/\/www.szexshopbelvaros.com\/wp-content\/uploads\/2026\/02\/Untitled-design-1-copy.png","contentUrl":"https:\/\/www.szexshopbelvaros.com\/wp-content\/uploads\/2026\/02\/Untitled-design-1-copy.png","width":2048,"height":1365,"caption":"Sz\u00ednes sz\u00edv alak\u00fa bimb\u00f3tapaszok \u2013 vil\u00e1gosk\u00e9k, piros \u00e9s lila v\u00e1ltozatban, feh\u00e9r h\u00e1tt\u00e9ren | Colorful heart-shaped nipple covers \u2013 blue, red and purple versions on white background"},{"@type":"BreadcrumbList","@id":"https:\/\/www.szexshopbelvaros.com\/termek\/%f0%9f%92%98-sziv-alaku-bimbotapasz\/#breadcrumb","itemListElement":[{"@type":"ListItem","position":1,"name":"Home","item":"https:\/\/www.szexshopbelvaros.com\/"},{"@type":"ListItem","position":2,"name":"\u00c1ruh\u00e1z","item":"https:\/\/www.szexshopbelvaros.com\/uzlet\/"},{"@type":"ListItem","position":3,"name":"\ud83d\udc98 Bare My Heart &#8211; N\u00e9ha a melltart\u00f3 felesleges. Az \u00f6nbizalom soha."}]},{"@type":"WebSite","@id":"https:\/\/www.szexshopbelvaros.com\/#website","url":"https:\/\/www.szexshopbelvaros.com\/","name":"at our Szexshop Belv\u00e1ros","description":"\ud83d\udd25 Sex is like money; only too much is enough!\u2122 Secrets from the city center \ud83d\udc8b | Secrets from Budapest \ud83d\udc8e Adult games \u2022 Erotica \u2022 Sex shop Belvaros","publisher":{"@id":"https:\/\/www.szexshopbelvaros.com\/#organization"},"potentialAction":[{"@type":"SearchAction","target":{"@type":"EntryPoint","urlTemplate":"https:\/\/www.szexshopbelvaros.com\/?s={search_term_string}"},"query-input":{"@type":"PropertyValueSpecification","valueRequired":true,"valueName":"search_term_string"}}],"inLanguage":"en-US"},{"@type":"Organization","@id":"https:\/\/www.szexshopbelvaros.com\/#organization","name":"at our Szexshop Belv\u00e1ros","alternateName":"szexshopbelvaros.com","url":"https:\/\/www.szexshopbelvaros.com\/","logo":{"@type":"ImageObject","inLanguage":"en-US","@id":"https:\/\/www.szexshopbelvaros.com\/#\/schema\/logo\/image\/","url":"https:\/\/www.szexshopbelvaros.com\/wp-content\/uploads\/2025\/09\/1Szexshopbelvaroslogo_blurred_stronger.jpg","contentUrl":"https:\/\/www.szexshopbelvaros.com\/wp-content\/uploads\/2025\/09\/1Szexshopbelvaroslogo_blurred_stronger.jpg","width":1024,"height":1024,"caption":"Szexshop Belv\u00e1ros"},"image":{"@id":"https:\/\/www.szexshopbelvaros.com\/#\/schema\/logo\/image\/"},"sameAs":["https:\/\/www.facebook.com\/belvarossecrets\/","https:\/\/x.com\/belvarossecrets","https:\/\/www.instagram.com\/belvarossecrets\/","https:\/\/www.tiktok.com\/@belvarossecrets"]}]}},"_links":{"self":[{"href":"https:\/\/www.szexshopbelvaros.com\/en\/wp-json\/wp\/v2\/product\/2408","targetHints":{"allow":["GET"]}}],"collection":[{"href":"https:\/\/www.szexshopbelvaros.com\/en\/wp-json\/wp\/v2\/product"}],"about":[{"href":"https:\/\/www.szexshopbelvaros.com\/en\/wp-json\/wp\/v2\/types\/product"}],"replies":[{"embeddable":true,"href":"https:\/\/www.szexshopbelvaros.com\/en\/wp-json\/wp\/v2\/comments?post=2408"}],"wp:featuredmedia":[{"embeddable":true,"href":"https:\/\/www.szexshopbelvaros.com\/en\/wp-json\/wp\/v2\/media\/2862"}],"wp:attachment":[{"href":"https:\/\/www.szexshopbelvaros.com\/en\/wp-json\/wp\/v2\/media?parent=2408"}],"wp:term":[{"taxonomy":"product_brand","embeddable":true,"href":"https:\/\/www.szexshopbelvaros.com\/en\/wp-json\/wp\/v2\/product_brand?post=2408"},{"taxonomy":"product_cat","embeddable":true,"href":"https:\/\/www.szexshopbelvaros.com\/en\/wp-json\/wp\/v2\/product_cat?post=2408"},{"taxonomy":"product_tag","embeddable":true,"href":"https:\/\/www.szexshopbelvaros.com\/en\/wp-json\/wp\/v2\/product_tag?post=2408"}],"curies":[{"name":"wp","href":"https:\/\/api.w.org\/{rel}","templated":true}]}}